{"id":12656,"date":"2018-12-06T16:02:51","date_gmt":"2018-12-06T15:02:51","guid":{"rendered":"https:\/\/labrobot.com\/product\/dilucup-elegance-nacl-3-koppar-rad\/"},"modified":"2024-11-04T13:59:59","modified_gmt":"2024-11-04T12:59:59","slug":"dilucup-elegance-nacl-3-koppar-rad","status":"publish","type":"product","link":"https:\/\/labrobot.com\/sv\/product\/dilucup-elegance-nacl-3-koppar-rad\/","title":{"rendered":"Dilucup Elegance NACL (3 koppar\/rad)"},"content":{"rendered":"<h3>Saltsp\u00e4dningsv\u00e4tska eller salin sp\u00e4dningsv\u00e4tska<\/h3>\n<p>Anv\u00e4nds f\u00f6r att uppr\u00e4tth\u00e5lla osmotisk balans och f\u00f6rhindra mikrobiell d\u00f6d under beredning av sp\u00e4dningar.<\/p>\n","protected":false},"excerpt":{"rendered":"<h3>Dilucup Elegance NACL<\/h3>\n<p>Blister med 7&#215;3 f\u00e4rdiga koppar med 9 mL sterilt NACL-sp\u00e4dningsmedel<\/p>\n<p><strong>Sammans\u00e4ttning:<\/strong> NaCl 8,5 g\/L, Buffertar<br \/>\n<strong>pH:<\/strong> 7,0 \u00b1 0,2<br \/>\n<strong>Volym:<\/strong> 9 mL \u00b1 2 %<br \/>\n<strong>Sterilisering:<\/strong> E-Beam<br \/>\n<strong>Anv\u00e4ndningstid:<\/strong> 30 m\u00e5nader efter produktion<br \/>\n<strong>F\u00f6rvaring:<\/strong><br \/>\nO\u00f6ppnade p\u00e5sar: +2 till +25\u00b0C upp till 30 m\u00e5nader<br \/>\n\u00d6ppnade p\u00e5sar: +2 till +8\u00b0C upp till 3 m\u00e5nader<br \/>\n<strong>F\u00f6rpackning:<\/strong> : Blister med 7 f\u00e4rdigskurna rader med 3 koppar. Varje l\u00e5da inneh\u00e5ller 672 koppar f\u00f6rdelade i 2 p\u00e5sar med 336 koppar.<br \/>\n<strong>Vikt och volym:<\/strong> 8,5 kg\/l\u00e5da- 0,032 m3\/l\u00e5da<\/p>\n","protected":false},"featured_media":5114,"template":"","meta":{"_acf_changed":false,"generate_page_header":""},"product_brand":[],"product_cat":[37],"product_tag":[],"class_list":{"0":"post-12656","1":"product","2":"type-product","3":"status-publish","4":"has-post-thumbnail","6":"product_cat-dilucup-elegance","7":"sales-flash-overlay","8":"woocommerce-text-align-center","9":"woocommerce-image-align-center","10":"do-quantity-buttons","12":"first","13":"instock","14":"shipping-taxable","15":"product-type-simple"},"acf":[],"yoast_head":"<!-- This site is optimized with the Yoast SEO Premium plugin v27.3 (Yoast SEO v27.3) - https:\/\/yoast.com\/product\/yoast-seo-premium-wordpress\/ -->\n<title>NACL-sp\u00e4dningsmedel | F\u00e4rdiga sp\u00e4dningskoppar<\/title>\n<meta name=\"description\" content=\"Anv\u00e4nds f\u00f6r att uppr\u00e4tth\u00e5lla osmotisk balans och f\u00f6rhindra mikrobiell d\u00f6d under beredning av sp\u00e4dningar. Steril saltsp\u00e4dningsv\u00e4tska i sp\u00e4dningskoppformat.\" \/>\n<meta name=\"robots\" content=\"index, follow, max-snippet:-1, max-image-preview:large, max-video-preview:-1\" \/>\n<link rel=\"canonical\" href=\"https:\/\/labrobot.com\/sv\/product\/dilucup-elegance-nacl-3-koppar-rad\/\" \/>\n<meta property=\"og:locale\" content=\"sv_SE\" \/>\n<meta property=\"og:type\" content=\"article\" \/>\n<meta property=\"og:title\" content=\"Dilucup Elegance NACL (3 koppar\/rad)\" \/>\n<meta property=\"og:description\" content=\"Anv\u00e4nds f\u00f6r att uppr\u00e4tth\u00e5lla osmotisk balans och f\u00f6rhindra mikrobiell d\u00f6d under beredning av sp\u00e4dningar. Steril saltsp\u00e4dningsv\u00e4tska i sp\u00e4dningskoppformat.\" \/>\n<meta property=\"og:url\" content=\"https:\/\/labrobot.com\/sv\/product\/dilucup-elegance-nacl-3-koppar-rad\/\" \/>\n<meta property=\"og:site_name\" content=\"LabRobot\" \/>\n<meta property=\"article:publisher\" content=\"https:\/\/www.facebook.com\/labrobotproductsab\" \/>\n<meta property=\"article:modified_time\" content=\"2024-11-04T12:59:59+00:00\" \/>\n<meta property=\"og:image\" content=\"https:\/\/labrobot.com\/wp-content\/uploads\/2018\/10\/Dilucup-Elegance-NACL.jpg\" \/>\n\t<meta property=\"og:image:width\" content=\"500\" \/>\n\t<meta property=\"og:image:height\" content=\"499\" \/>\n\t<meta property=\"og:image:type\" content=\"image\/jpeg\" \/>\n<meta name=\"twitter:card\" content=\"summary_large_image\" \/>\n<meta name=\"twitter:label1\" content=\"Ber\u00e4knad l\u00e4stid\" \/>\n\t<meta name=\"twitter:data1\" content=\"1 minut\" \/>\n<script type=\"application\/ld+json\" class=\"yoast-schema-graph\">{\"@context\":\"https:\\\/\\\/schema.org\",\"@graph\":[{\"@type\":\"WebPage\",\"@id\":\"https:\\\/\\\/labrobot.com\\\/sv\\\/product\\\/dilucup-elegance-nacl-3-koppar-rad\\\/\",\"url\":\"https:\\\/\\\/labrobot.com\\\/sv\\\/product\\\/dilucup-elegance-nacl-3-koppar-rad\\\/\",\"name\":\"NACL-sp\u00e4dningsmedel | F\u00e4rdiga sp\u00e4dningskoppar\",\"isPartOf\":{\"@id\":\"https:\\\/\\\/labrobot.com\\\/#website\"},\"primaryImageOfPage\":{\"@id\":\"https:\\\/\\\/labrobot.com\\\/sv\\\/product\\\/dilucup-elegance-nacl-3-koppar-rad\\\/#primaryimage\"},\"image\":{\"@id\":\"https:\\\/\\\/labrobot.com\\\/sv\\\/product\\\/dilucup-elegance-nacl-3-koppar-rad\\\/#primaryimage\"},\"thumbnailUrl\":\"https:\\\/\\\/labrobot.com\\\/wp-content\\\/uploads\\\/2018\\\/10\\\/Dilucup-Elegance-NACL.jpg\",\"datePublished\":\"2018-12-06T15:02:51+00:00\",\"dateModified\":\"2024-11-04T12:59:59+00:00\",\"description\":\"Anv\u00e4nds f\u00f6r att uppr\u00e4tth\u00e5lla osmotisk balans och f\u00f6rhindra mikrobiell d\u00f6d under beredning av sp\u00e4dningar. Steril saltsp\u00e4dningsv\u00e4tska i sp\u00e4dningskoppformat.\",\"breadcrumb\":{\"@id\":\"https:\\\/\\\/labrobot.com\\\/sv\\\/product\\\/dilucup-elegance-nacl-3-koppar-rad\\\/#breadcrumb\"},\"inLanguage\":\"sv-SE\",\"potentialAction\":[{\"@type\":\"ReadAction\",\"target\":[\"https:\\\/\\\/labrobot.com\\\/sv\\\/product\\\/dilucup-elegance-nacl-3-koppar-rad\\\/\"]}]},{\"@type\":\"ImageObject\",\"inLanguage\":\"sv-SE\",\"@id\":\"https:\\\/\\\/labrobot.com\\\/sv\\\/product\\\/dilucup-elegance-nacl-3-koppar-rad\\\/#primaryimage\",\"url\":\"https:\\\/\\\/labrobot.com\\\/wp-content\\\/uploads\\\/2018\\\/10\\\/Dilucup-Elegance-NACL.jpg\",\"contentUrl\":\"https:\\\/\\\/labrobot.com\\\/wp-content\\\/uploads\\\/2018\\\/10\\\/Dilucup-Elegance-NACL.jpg\",\"width\":500,\"height\":499},{\"@type\":\"BreadcrumbList\",\"@id\":\"https:\\\/\\\/labrobot.com\\\/sv\\\/product\\\/dilucup-elegance-nacl-3-koppar-rad\\\/#breadcrumb\",\"itemListElement\":[{\"@type\":\"ListItem\",\"position\":1,\"name\":\"Home\",\"item\":\"https:\\\/\\\/labrobot.com\\\/sv\\\/\"},{\"@type\":\"ListItem\",\"position\":2,\"name\":\"Produkter\",\"item\":\"https:\\\/\\\/labrobot.com\\\/sv\\\/shop\\\/\"},{\"@type\":\"ListItem\",\"position\":3,\"name\":\"Dilucup Elegance NACL (3 koppar\\\/rad)\"}]},{\"@type\":\"WebSite\",\"@id\":\"https:\\\/\\\/labrobot.com\\\/#website\",\"url\":\"https:\\\/\\\/labrobot.com\\\/\",\"name\":\"LabRobot\",\"description\":\"Easy quick ergonomic serial dilution method\",\"publisher\":{\"@id\":\"https:\\\/\\\/labrobot.com\\\/#organization\"},\"potentialAction\":[{\"@type\":\"SearchAction\",\"target\":{\"@type\":\"EntryPoint\",\"urlTemplate\":\"https:\\\/\\\/labrobot.com\\\/?s={search_term_string}\"},\"query-input\":{\"@type\":\"PropertyValueSpecification\",\"valueRequired\":true,\"valueName\":\"search_term_string\"}}],\"inLanguage\":\"sv-SE\"},{\"@type\":\"Organization\",\"@id\":\"https:\\\/\\\/labrobot.com\\\/#organization\",\"name\":\"LabRobot Products AB\",\"url\":\"https:\\\/\\\/labrobot.com\\\/\",\"logo\":{\"@type\":\"ImageObject\",\"inLanguage\":\"sv-SE\",\"@id\":\"https:\\\/\\\/labrobot.com\\\/#\\\/schema\\\/logo\\\/image\\\/\",\"url\":\"https:\\\/\\\/labrobot.com\\\/wp-content\\\/uploads\\\/2018\\\/12\\\/LabRobot_LOGO_signatur.jpg\",\"contentUrl\":\"https:\\\/\\\/labrobot.com\\\/wp-content\\\/uploads\\\/2018\\\/12\\\/LabRobot_LOGO_signatur.jpg\",\"width\":200,\"height\":54,\"caption\":\"LabRobot Products AB\"},\"image\":{\"@id\":\"https:\\\/\\\/labrobot.com\\\/#\\\/schema\\\/logo\\\/image\\\/\"},\"sameAs\":[\"https:\\\/\\\/www.facebook.com\\\/labrobotproductsab\",\"https:\\\/\\\/www.linkedin.com\\\/company\\\/labrobot-products-ab\\\/\",\"https:\\\/\\\/www.youtube.com\\\/channel\\\/UCHGyF_OHfxI1No9ahbU-agQ\"]}]}<\/script>\n<!-- \/ Yoast SEO Premium plugin. -->","yoast_head_json":{"title":"NACL-sp\u00e4dningsmedel | F\u00e4rdiga sp\u00e4dningskoppar","description":"Anv\u00e4nds f\u00f6r att uppr\u00e4tth\u00e5lla osmotisk balans och f\u00f6rhindra mikrobiell d\u00f6d under beredning av sp\u00e4dningar. Steril saltsp\u00e4dningsv\u00e4tska i sp\u00e4dningskoppformat.","robots":{"index":"index","follow":"follow","max-snippet":"max-snippet:-1","max-image-preview":"max-image-preview:large","max-video-preview":"max-video-preview:-1"},"canonical":"https:\/\/labrobot.com\/sv\/product\/dilucup-elegance-nacl-3-koppar-rad\/","og_locale":"sv_SE","og_type":"article","og_title":"Dilucup Elegance NACL (3 koppar\/rad)","og_description":"Anv\u00e4nds f\u00f6r att uppr\u00e4tth\u00e5lla osmotisk balans och f\u00f6rhindra mikrobiell d\u00f6d under beredning av sp\u00e4dningar. Steril saltsp\u00e4dningsv\u00e4tska i sp\u00e4dningskoppformat.","og_url":"https:\/\/labrobot.com\/sv\/product\/dilucup-elegance-nacl-3-koppar-rad\/","og_site_name":"LabRobot","article_publisher":"https:\/\/www.facebook.com\/labrobotproductsab","article_modified_time":"2024-11-04T12:59:59+00:00","og_image":[{"width":500,"height":499,"url":"https:\/\/labrobot.com\/wp-content\/uploads\/2018\/10\/Dilucup-Elegance-NACL.jpg","type":"image\/jpeg"}],"twitter_card":"summary_large_image","twitter_misc":{"Ber\u00e4knad l\u00e4stid":"1 minut"},"schema":{"@context":"https:\/\/schema.org","@graph":[{"@type":"WebPage","@id":"https:\/\/labrobot.com\/sv\/product\/dilucup-elegance-nacl-3-koppar-rad\/","url":"https:\/\/labrobot.com\/sv\/product\/dilucup-elegance-nacl-3-koppar-rad\/","name":"NACL-sp\u00e4dningsmedel | F\u00e4rdiga sp\u00e4dningskoppar","isPartOf":{"@id":"https:\/\/labrobot.com\/#website"},"primaryImageOfPage":{"@id":"https:\/\/labrobot.com\/sv\/product\/dilucup-elegance-nacl-3-koppar-rad\/#primaryimage"},"image":{"@id":"https:\/\/labrobot.com\/sv\/product\/dilucup-elegance-nacl-3-koppar-rad\/#primaryimage"},"thumbnailUrl":"https:\/\/labrobot.com\/wp-content\/uploads\/2018\/10\/Dilucup-Elegance-NACL.jpg","datePublished":"2018-12-06T15:02:51+00:00","dateModified":"2024-11-04T12:59:59+00:00","description":"Anv\u00e4nds f\u00f6r att uppr\u00e4tth\u00e5lla osmotisk balans och f\u00f6rhindra mikrobiell d\u00f6d under beredning av sp\u00e4dningar. Steril saltsp\u00e4dningsv\u00e4tska i sp\u00e4dningskoppformat.","breadcrumb":{"@id":"https:\/\/labrobot.com\/sv\/product\/dilucup-elegance-nacl-3-koppar-rad\/#breadcrumb"},"inLanguage":"sv-SE","potentialAction":[{"@type":"ReadAction","target":["https:\/\/labrobot.com\/sv\/product\/dilucup-elegance-nacl-3-koppar-rad\/"]}]},{"@type":"ImageObject","inLanguage":"sv-SE","@id":"https:\/\/labrobot.com\/sv\/product\/dilucup-elegance-nacl-3-koppar-rad\/#primaryimage","url":"https:\/\/labrobot.com\/wp-content\/uploads\/2018\/10\/Dilucup-Elegance-NACL.jpg","contentUrl":"https:\/\/labrobot.com\/wp-content\/uploads\/2018\/10\/Dilucup-Elegance-NACL.jpg","width":500,"height":499},{"@type":"BreadcrumbList","@id":"https:\/\/labrobot.com\/sv\/product\/dilucup-elegance-nacl-3-koppar-rad\/#breadcrumb","itemListElement":[{"@type":"ListItem","position":1,"name":"Home","item":"https:\/\/labrobot.com\/sv\/"},{"@type":"ListItem","position":2,"name":"Produkter","item":"https:\/\/labrobot.com\/sv\/shop\/"},{"@type":"ListItem","position":3,"name":"Dilucup Elegance NACL (3 koppar\/rad)"}]},{"@type":"WebSite","@id":"https:\/\/labrobot.com\/#website","url":"https:\/\/labrobot.com\/","name":"LabRobot","description":"Easy quick ergonomic serial dilution method","publisher":{"@id":"https:\/\/labrobot.com\/#organization"},"potentialAction":[{"@type":"SearchAction","target":{"@type":"EntryPoint","urlTemplate":"https:\/\/labrobot.com\/?s={search_term_string}"},"query-input":{"@type":"PropertyValueSpecification","valueRequired":true,"valueName":"search_term_string"}}],"inLanguage":"sv-SE"},{"@type":"Organization","@id":"https:\/\/labrobot.com\/#organization","name":"LabRobot Products AB","url":"https:\/\/labrobot.com\/","logo":{"@type":"ImageObject","inLanguage":"sv-SE","@id":"https:\/\/labrobot.com\/#\/schema\/logo\/image\/","url":"https:\/\/labrobot.com\/wp-content\/uploads\/2018\/12\/LabRobot_LOGO_signatur.jpg","contentUrl":"https:\/\/labrobot.com\/wp-content\/uploads\/2018\/12\/LabRobot_LOGO_signatur.jpg","width":200,"height":54,"caption":"LabRobot Products AB"},"image":{"@id":"https:\/\/labrobot.com\/#\/schema\/logo\/image\/"},"sameAs":["https:\/\/www.facebook.com\/labrobotproductsab","https:\/\/www.linkedin.com\/company\/labrobot-products-ab\/","https:\/\/www.youtube.com\/channel\/UCHGyF_OHfxI1No9ahbU-agQ"]}]}},"_links":{"self":[{"href":"https:\/\/labrobot.com\/sv\/wp-json\/wp\/v2\/product\/12656","targetHints":{"allow":["GET"]}}],"collection":[{"href":"https:\/\/labrobot.com\/sv\/wp-json\/wp\/v2\/product"}],"about":[{"href":"https:\/\/labrobot.com\/sv\/wp-json\/wp\/v2\/types\/product"}],"wp:featuredmedia":[{"embeddable":true,"href":"https:\/\/labrobot.com\/sv\/wp-json\/wp\/v2\/media\/5114"}],"wp:attachment":[{"href":"https:\/\/labrobot.com\/sv\/wp-json\/wp\/v2\/media?parent=12656"}],"wp:term":[{"taxonomy":"product_brand","embeddable":true,"href":"https:\/\/labrobot.com\/sv\/wp-json\/wp\/v2\/product_brand?post=12656"},{"taxonomy":"product_cat","embeddable":true,"href":"https:\/\/labrobot.com\/sv\/wp-json\/wp\/v2\/product_cat?post=12656"},{"taxonomy":"product_tag","embeddable":true,"href":"https:\/\/labrobot.com\/sv\/wp-json\/wp\/v2\/product_tag?post=12656"}],"curies":[{"name":"wp","href":"https:\/\/api.w.org\/{rel}","templated":true}]}}