{"id":12655,"date":"2018-12-06T16:06:50","date_gmt":"2018-12-06T15:06:50","guid":{"rendered":"https:\/\/labrobot.com\/product\/dilucup-elegance-nacl-6-koppar-rad\/"},"modified":"2024-11-04T13:54:03","modified_gmt":"2024-11-04T12:54:03","slug":"dilucup-elegance-nacl-6-koppar-rad","status":"publish","type":"product","link":"https:\/\/labrobot.com\/sv\/product\/dilucup-elegance-nacl-6-koppar-rad\/","title":{"rendered":"Dilucup Elegance NACL (6 koppar\/rad)"},"content":{"rendered":"<h3>Salin sp\u00e4dningsv\u00e4tska<\/h3>\n<div class=\"page-content-container__StyledContentContainer-sc-6da06b4f-0 page-content-container__StyledPageContentContainer-sc-6da06b4f-1 iizJXk jwEnkc chat-page-styles__ChatPageContentContainer-sc-d1d4b83c-0 cAUTcK\">\n<div class=\"chat-page-styles__Wrap-sc-d1d4b83c-1 buZRSB\">\n<div class=\"chat-page-styles__ChatPageColumnLayout-sc-d1d4b83c-5 hyydVV\">\n<div class=\"chat-page-styles__PrimaryContentContainer-sc-d1d4b83c-2 bLRbpU\">\n<div class=\"chat-page-styles__InnerContentContainer-sc-d1d4b83c-3 gyDHr\">\n<div class=\"chat-page-styles__InnerContentContainerChild-sc-d1d4b83c-4 cZVmCz\">\n<div class=\"assistant-message__StyledAssistantMessage-sc-84012082-0 cuqVUs\" data-assistant-message-created-at-epoch-ms=\"1726559298132\">\n<div class=\"markdown-styles__Container-sc-cf7b8c18-3 RhoJO\">\n<div class=\"markdown-styles__StyledMarkdown-sc-cf7b8c18-0 fONiMy\">\n<p>Steril och isoton sp\u00e4dningsv\u00e4tska perfekt f\u00f6r att bibeh\u00e5lla cellviabilitet under olika laboratorief\u00f6rfaranden.<\/p>\n<\/div>\n<\/div>\n<\/div>\n<\/div>\n<\/div>\n<\/div>\n<\/div>\n<\/div>\n<\/div>\n<p>&nbsp;<\/p>\n","protected":false},"excerpt":{"rendered":"<h3>Dilucup Elegance NACL<\/h3>\n<p>Blister med 7&#215;6 f\u00e4rdiga koppar med 9 mL sterilt NACL-sp\u00e4dningsmedel<\/p>\n<p><strong>Sammans\u00e4ttning:<\/strong> NaCl 8,5 g\/L, Buffertar<br \/>\n<strong>pH:<\/strong> 7,0 \u00b1 0,2<br \/>\n<strong>Volym:<\/strong> 9 mL \u00b1 2 %<br \/>\n<strong>Sterilisering:<\/strong> E-Beam<br \/>\n<strong>Anv\u00e4ndningstid:<\/strong> &gt;30 m\u00e5nader efter produktionen<br \/>\n<strong>F\u00f6rvaring:<\/strong><br \/>\nO\u00f6ppnade p\u00e5sar: +2 till +25\u00b0C upp till 30 m\u00e5nader<br \/>\n\u00d6ppnade p\u00e5sar: +2 till +8\u00b0C upp till 3 m\u00e5nader<br \/>\n<strong>F\u00f6rpackning:<\/strong> : Blister med 7 f\u00e4rdigskurna rader med 6 koppar. Varje l\u00e5da inneh\u00e5ller 672 koppar f\u00f6rdelade i 2 p\u00e5sar med 336 koppar.<br \/>\n<strong>Vikt och volym:<\/strong> 8,5 kg\/l\u00e5da- 0,032 m3\/l\u00e5da<\/p>\n","protected":false},"featured_media":17448,"template":"","meta":{"_acf_changed":false,"generate_page_header":""},"product_brand":[],"product_cat":[37],"product_tag":[],"class_list":{"0":"post-12655","1":"product","2":"type-product","3":"status-publish","4":"has-post-thumbnail","6":"product_cat-dilucup-elegance","7":"sales-flash-overlay","8":"woocommerce-text-align-center","9":"woocommerce-image-align-center","10":"do-quantity-buttons","12":"first","13":"instock","14":"shipping-taxable","15":"product-type-simple"},"acf":[],"yoast_head":"<!-- This site is optimized with the Yoast SEO Premium plugin v27.3 (Yoast SEO v27.3) - https:\/\/yoast.com\/product\/yoast-seo-premium-wordpress\/ -->\n<title>Salin sp\u00e4dningsv\u00e4tska (NACL) | F\u00e4rdiga sp\u00e4dningskoppar<\/title>\n<meta name=\"description\" content=\"Steril och isoton sp\u00e4dningsv\u00e4tska perfekt f\u00f6r att bibeh\u00e5lla cellviabilitet under olika laboratorief\u00f6rfaranden. I ett praktiskt sp\u00e4dningskoppformat.\" \/>\n<meta name=\"robots\" content=\"index, follow, max-snippet:-1, max-image-preview:large, max-video-preview:-1\" \/>\n<link rel=\"canonical\" href=\"https:\/\/labrobot.com\/sv\/product\/dilucup-elegance-nacl-6-koppar-rad\/\" \/>\n<meta property=\"og:locale\" content=\"sv_SE\" \/>\n<meta property=\"og:type\" content=\"article\" \/>\n<meta property=\"og:title\" content=\"Dilucup Elegance NACL (6 koppar\/rad)\" \/>\n<meta property=\"og:description\" content=\"Steril och isoton sp\u00e4dningsv\u00e4tska perfekt f\u00f6r att bibeh\u00e5lla cellviabilitet under olika laboratorief\u00f6rfaranden. I ett praktiskt sp\u00e4dningskoppformat.\" \/>\n<meta property=\"og:url\" content=\"https:\/\/labrobot.com\/sv\/product\/dilucup-elegance-nacl-6-koppar-rad\/\" \/>\n<meta property=\"og:site_name\" content=\"LabRobot\" \/>\n<meta property=\"article:publisher\" content=\"https:\/\/www.facebook.com\/labrobotproductsab\" \/>\n<meta property=\"article:modified_time\" content=\"2024-11-04T12:54:03+00:00\" \/>\n<meta property=\"og:image\" content=\"https:\/\/labrobot.com\/wp-content\/uploads\/2024\/05\/serial-dilution-cups-scaled.jpg\" \/>\n\t<meta property=\"og:image:width\" content=\"2560\" \/>\n\t<meta property=\"og:image:height\" content=\"1698\" \/>\n\t<meta property=\"og:image:type\" content=\"image\/jpeg\" \/>\n<meta name=\"twitter:card\" content=\"summary_large_image\" \/>\n<meta name=\"twitter:label1\" content=\"Ber\u00e4knad l\u00e4stid\" \/>\n\t<meta name=\"twitter:data1\" content=\"1 minut\" \/>\n<script type=\"application\/ld+json\" class=\"yoast-schema-graph\">{\"@context\":\"https:\\\/\\\/schema.org\",\"@graph\":[{\"@type\":\"WebPage\",\"@id\":\"https:\\\/\\\/labrobot.com\\\/sv\\\/product\\\/dilucup-elegance-nacl-6-koppar-rad\\\/\",\"url\":\"https:\\\/\\\/labrobot.com\\\/sv\\\/product\\\/dilucup-elegance-nacl-6-koppar-rad\\\/\",\"name\":\"Salin sp\u00e4dningsv\u00e4tska (NACL) | F\u00e4rdiga sp\u00e4dningskoppar\",\"isPartOf\":{\"@id\":\"https:\\\/\\\/labrobot.com\\\/#website\"},\"primaryImageOfPage\":{\"@id\":\"https:\\\/\\\/labrobot.com\\\/sv\\\/product\\\/dilucup-elegance-nacl-6-koppar-rad\\\/#primaryimage\"},\"image\":{\"@id\":\"https:\\\/\\\/labrobot.com\\\/sv\\\/product\\\/dilucup-elegance-nacl-6-koppar-rad\\\/#primaryimage\"},\"thumbnailUrl\":\"https:\\\/\\\/labrobot.com\\\/wp-content\\\/uploads\\\/2024\\\/05\\\/serial-dilution-cups-scaled.jpg\",\"datePublished\":\"2018-12-06T15:06:50+00:00\",\"dateModified\":\"2024-11-04T12:54:03+00:00\",\"description\":\"Steril och isoton sp\u00e4dningsv\u00e4tska perfekt f\u00f6r att bibeh\u00e5lla cellviabilitet under olika laboratorief\u00f6rfaranden. I ett praktiskt sp\u00e4dningskoppformat.\",\"breadcrumb\":{\"@id\":\"https:\\\/\\\/labrobot.com\\\/sv\\\/product\\\/dilucup-elegance-nacl-6-koppar-rad\\\/#breadcrumb\"},\"inLanguage\":\"sv-SE\",\"potentialAction\":[{\"@type\":\"ReadAction\",\"target\":[\"https:\\\/\\\/labrobot.com\\\/sv\\\/product\\\/dilucup-elegance-nacl-6-koppar-rad\\\/\"]}]},{\"@type\":\"ImageObject\",\"inLanguage\":\"sv-SE\",\"@id\":\"https:\\\/\\\/labrobot.com\\\/sv\\\/product\\\/dilucup-elegance-nacl-6-koppar-rad\\\/#primaryimage\",\"url\":\"https:\\\/\\\/labrobot.com\\\/wp-content\\\/uploads\\\/2024\\\/05\\\/serial-dilution-cups-scaled.jpg\",\"contentUrl\":\"https:\\\/\\\/labrobot.com\\\/wp-content\\\/uploads\\\/2024\\\/05\\\/serial-dilution-cups-scaled.jpg\",\"width\":2560,\"height\":1698,\"caption\":\"dilution cups with saline solution\"},{\"@type\":\"BreadcrumbList\",\"@id\":\"https:\\\/\\\/labrobot.com\\\/sv\\\/product\\\/dilucup-elegance-nacl-6-koppar-rad\\\/#breadcrumb\",\"itemListElement\":[{\"@type\":\"ListItem\",\"position\":1,\"name\":\"Home\",\"item\":\"https:\\\/\\\/labrobot.com\\\/sv\\\/\"},{\"@type\":\"ListItem\",\"position\":2,\"name\":\"Produkter\",\"item\":\"https:\\\/\\\/labrobot.com\\\/sv\\\/shop\\\/\"},{\"@type\":\"ListItem\",\"position\":3,\"name\":\"Dilucup Elegance NACL (6 koppar\\\/rad)\"}]},{\"@type\":\"WebSite\",\"@id\":\"https:\\\/\\\/labrobot.com\\\/#website\",\"url\":\"https:\\\/\\\/labrobot.com\\\/\",\"name\":\"LabRobot\",\"description\":\"Easy quick ergonomic serial dilution method\",\"publisher\":{\"@id\":\"https:\\\/\\\/labrobot.com\\\/#organization\"},\"potentialAction\":[{\"@type\":\"SearchAction\",\"target\":{\"@type\":\"EntryPoint\",\"urlTemplate\":\"https:\\\/\\\/labrobot.com\\\/?s={search_term_string}\"},\"query-input\":{\"@type\":\"PropertyValueSpecification\",\"valueRequired\":true,\"valueName\":\"search_term_string\"}}],\"inLanguage\":\"sv-SE\"},{\"@type\":\"Organization\",\"@id\":\"https:\\\/\\\/labrobot.com\\\/#organization\",\"name\":\"LabRobot Products AB\",\"url\":\"https:\\\/\\\/labrobot.com\\\/\",\"logo\":{\"@type\":\"ImageObject\",\"inLanguage\":\"sv-SE\",\"@id\":\"https:\\\/\\\/labrobot.com\\\/#\\\/schema\\\/logo\\\/image\\\/\",\"url\":\"https:\\\/\\\/labrobot.com\\\/wp-content\\\/uploads\\\/2018\\\/12\\\/LabRobot_LOGO_signatur.jpg\",\"contentUrl\":\"https:\\\/\\\/labrobot.com\\\/wp-content\\\/uploads\\\/2018\\\/12\\\/LabRobot_LOGO_signatur.jpg\",\"width\":200,\"height\":54,\"caption\":\"LabRobot Products AB\"},\"image\":{\"@id\":\"https:\\\/\\\/labrobot.com\\\/#\\\/schema\\\/logo\\\/image\\\/\"},\"sameAs\":[\"https:\\\/\\\/www.facebook.com\\\/labrobotproductsab\",\"https:\\\/\\\/www.linkedin.com\\\/company\\\/labrobot-products-ab\\\/\",\"https:\\\/\\\/www.youtube.com\\\/channel\\\/UCHGyF_OHfxI1No9ahbU-agQ\"]}]}<\/script>\n<!-- \/ Yoast SEO Premium plugin. -->","yoast_head_json":{"title":"Salin sp\u00e4dningsv\u00e4tska (NACL) | F\u00e4rdiga sp\u00e4dningskoppar","description":"Steril och isoton sp\u00e4dningsv\u00e4tska perfekt f\u00f6r att bibeh\u00e5lla cellviabilitet under olika laboratorief\u00f6rfaranden. I ett praktiskt sp\u00e4dningskoppformat.","robots":{"index":"index","follow":"follow","max-snippet":"max-snippet:-1","max-image-preview":"max-image-preview:large","max-video-preview":"max-video-preview:-1"},"canonical":"https:\/\/labrobot.com\/sv\/product\/dilucup-elegance-nacl-6-koppar-rad\/","og_locale":"sv_SE","og_type":"article","og_title":"Dilucup Elegance NACL (6 koppar\/rad)","og_description":"Steril och isoton sp\u00e4dningsv\u00e4tska perfekt f\u00f6r att bibeh\u00e5lla cellviabilitet under olika laboratorief\u00f6rfaranden. I ett praktiskt sp\u00e4dningskoppformat.","og_url":"https:\/\/labrobot.com\/sv\/product\/dilucup-elegance-nacl-6-koppar-rad\/","og_site_name":"LabRobot","article_publisher":"https:\/\/www.facebook.com\/labrobotproductsab","article_modified_time":"2024-11-04T12:54:03+00:00","og_image":[{"width":2560,"height":1698,"url":"https:\/\/labrobot.com\/wp-content\/uploads\/2024\/05\/serial-dilution-cups-scaled.jpg","type":"image\/jpeg"}],"twitter_card":"summary_large_image","twitter_misc":{"Ber\u00e4knad l\u00e4stid":"1 minut"},"schema":{"@context":"https:\/\/schema.org","@graph":[{"@type":"WebPage","@id":"https:\/\/labrobot.com\/sv\/product\/dilucup-elegance-nacl-6-koppar-rad\/","url":"https:\/\/labrobot.com\/sv\/product\/dilucup-elegance-nacl-6-koppar-rad\/","name":"Salin sp\u00e4dningsv\u00e4tska (NACL) | F\u00e4rdiga sp\u00e4dningskoppar","isPartOf":{"@id":"https:\/\/labrobot.com\/#website"},"primaryImageOfPage":{"@id":"https:\/\/labrobot.com\/sv\/product\/dilucup-elegance-nacl-6-koppar-rad\/#primaryimage"},"image":{"@id":"https:\/\/labrobot.com\/sv\/product\/dilucup-elegance-nacl-6-koppar-rad\/#primaryimage"},"thumbnailUrl":"https:\/\/labrobot.com\/wp-content\/uploads\/2024\/05\/serial-dilution-cups-scaled.jpg","datePublished":"2018-12-06T15:06:50+00:00","dateModified":"2024-11-04T12:54:03+00:00","description":"Steril och isoton sp\u00e4dningsv\u00e4tska perfekt f\u00f6r att bibeh\u00e5lla cellviabilitet under olika laboratorief\u00f6rfaranden. I ett praktiskt sp\u00e4dningskoppformat.","breadcrumb":{"@id":"https:\/\/labrobot.com\/sv\/product\/dilucup-elegance-nacl-6-koppar-rad\/#breadcrumb"},"inLanguage":"sv-SE","potentialAction":[{"@type":"ReadAction","target":["https:\/\/labrobot.com\/sv\/product\/dilucup-elegance-nacl-6-koppar-rad\/"]}]},{"@type":"ImageObject","inLanguage":"sv-SE","@id":"https:\/\/labrobot.com\/sv\/product\/dilucup-elegance-nacl-6-koppar-rad\/#primaryimage","url":"https:\/\/labrobot.com\/wp-content\/uploads\/2024\/05\/serial-dilution-cups-scaled.jpg","contentUrl":"https:\/\/labrobot.com\/wp-content\/uploads\/2024\/05\/serial-dilution-cups-scaled.jpg","width":2560,"height":1698,"caption":"dilution cups with saline solution"},{"@type":"BreadcrumbList","@id":"https:\/\/labrobot.com\/sv\/product\/dilucup-elegance-nacl-6-koppar-rad\/#breadcrumb","itemListElement":[{"@type":"ListItem","position":1,"name":"Home","item":"https:\/\/labrobot.com\/sv\/"},{"@type":"ListItem","position":2,"name":"Produkter","item":"https:\/\/labrobot.com\/sv\/shop\/"},{"@type":"ListItem","position":3,"name":"Dilucup Elegance NACL (6 koppar\/rad)"}]},{"@type":"WebSite","@id":"https:\/\/labrobot.com\/#website","url":"https:\/\/labrobot.com\/","name":"LabRobot","description":"Easy quick ergonomic serial dilution method","publisher":{"@id":"https:\/\/labrobot.com\/#organization"},"potentialAction":[{"@type":"SearchAction","target":{"@type":"EntryPoint","urlTemplate":"https:\/\/labrobot.com\/?s={search_term_string}"},"query-input":{"@type":"PropertyValueSpecification","valueRequired":true,"valueName":"search_term_string"}}],"inLanguage":"sv-SE"},{"@type":"Organization","@id":"https:\/\/labrobot.com\/#organization","name":"LabRobot Products AB","url":"https:\/\/labrobot.com\/","logo":{"@type":"ImageObject","inLanguage":"sv-SE","@id":"https:\/\/labrobot.com\/#\/schema\/logo\/image\/","url":"https:\/\/labrobot.com\/wp-content\/uploads\/2018\/12\/LabRobot_LOGO_signatur.jpg","contentUrl":"https:\/\/labrobot.com\/wp-content\/uploads\/2018\/12\/LabRobot_LOGO_signatur.jpg","width":200,"height":54,"caption":"LabRobot Products AB"},"image":{"@id":"https:\/\/labrobot.com\/#\/schema\/logo\/image\/"},"sameAs":["https:\/\/www.facebook.com\/labrobotproductsab","https:\/\/www.linkedin.com\/company\/labrobot-products-ab\/","https:\/\/www.youtube.com\/channel\/UCHGyF_OHfxI1No9ahbU-agQ"]}]}},"_links":{"self":[{"href":"https:\/\/labrobot.com\/sv\/wp-json\/wp\/v2\/product\/12655","targetHints":{"allow":["GET"]}}],"collection":[{"href":"https:\/\/labrobot.com\/sv\/wp-json\/wp\/v2\/product"}],"about":[{"href":"https:\/\/labrobot.com\/sv\/wp-json\/wp\/v2\/types\/product"}],"wp:featuredmedia":[{"embeddable":true,"href":"https:\/\/labrobot.com\/sv\/wp-json\/wp\/v2\/media\/17448"}],"wp:attachment":[{"href":"https:\/\/labrobot.com\/sv\/wp-json\/wp\/v2\/media?parent=12655"}],"wp:term":[{"taxonomy":"product_brand","embeddable":true,"href":"https:\/\/labrobot.com\/sv\/wp-json\/wp\/v2\/product_brand?post=12655"},{"taxonomy":"product_cat","embeddable":true,"href":"https:\/\/labrobot.com\/sv\/wp-json\/wp\/v2\/product_cat?post=12655"},{"taxonomy":"product_tag","embeddable":true,"href":"https:\/\/labrobot.com\/sv\/wp-json\/wp\/v2\/product_tag?post=12655"}],"curies":[{"name":"wp","href":"https:\/\/api.w.org\/{rel}","templated":true}]}}