{"id":12628,"date":"2018-12-06T16:21:24","date_gmt":"2018-12-06T15:21:24","guid":{"rendered":"https:\/\/labrobot.com\/product\/dilushaker-iii-42-koppar\/"},"modified":"2024-09-18T08:11:28","modified_gmt":"2024-09-18T07:11:28","slug":"dilushaker-iii-42-koppar","status":"publish","type":"product","link":"https:\/\/labrobot.com\/sv\/product\/dilushaker-iii-42-koppar\/","title":{"rendered":"Dilushaker III (42 koppar)"},"content":{"rendered":"<h3>Dilushaker III <em>digital<\/em><\/h3>\n<p>Det finns tv\u00e5 modeller av Dilushaker III: en liten f\u00f6r blisterf\u00f6rpackningar med 21 Dilucups och denna modell som \u00e4r f\u00f6r 42 koppar. Detta \u00e4r den \u00e4ldsta laboratorieskakaren vi har tillg\u00e4nglig. Det \u00e4r ett robust instrument med l\u00e5ng livsl\u00e4ngd. Det finns laboratorier som har haft denna typ av Dilushaker i mer \u00e4n 10 \u00e5r, och den fungerar fortfarande perfekt.<\/p>\n","protected":false},"excerpt":{"rendered":"<p>Dilushaker III med 6 LED-indikatorer. Inkluderad med bricka.<\/p>\n<p>F\u00f6r 21 (7 x 3) Dilucups<\/p>\n","protected":false},"featured_media":12415,"template":"","meta":{"_acf_changed":false,"generate_page_header":""},"product_brand":[],"product_cat":[63],"product_tag":[],"class_list":{"0":"post-12628","1":"product","2":"type-product","3":"status-publish","4":"has-post-thumbnail","6":"product_cat-dilushaker-iii","7":"sales-flash-overlay","8":"woocommerce-text-align-center","9":"woocommerce-image-align-center","10":"do-quantity-buttons","12":"first","13":"instock","14":"shipping-taxable","15":"product-type-simple"},"acf":[],"yoast_head":"<!-- This site is optimized with the Yoast SEO Premium plugin v27.3 (Yoast SEO v27.3) - https:\/\/yoast.com\/product\/yoast-seo-premium-wordpress\/ -->\n<title>Laboratorieshaker f\u00f6r sp\u00e4dningskoppar | Dilushaker III<\/title>\n<meta name=\"description\" content=\"Detta \u00e4r den \u00e4ldsta laboratorieshakern vi har tillg\u00e4nglig f\u00f6r att anv\u00e4ndas med Dilucup. Det \u00e4r ett robust instrument med l\u00e5ng livsl\u00e4ngd.\" \/>\n<meta name=\"robots\" content=\"index, follow, max-snippet:-1, max-image-preview:large, max-video-preview:-1\" \/>\n<link rel=\"canonical\" href=\"https:\/\/labrobot.com\/product\/dilushaker-42-cups\/\" \/>\n<meta property=\"og:locale\" content=\"sv_SE\" \/>\n<meta property=\"og:type\" content=\"article\" \/>\n<meta property=\"og:title\" content=\"Dilushaker III (42 koppar)\" \/>\n<meta property=\"og:description\" content=\"Detta \u00e4r den \u00e4ldsta laboratorieshakern vi har tillg\u00e4nglig f\u00f6r att anv\u00e4ndas med Dilucup. Det \u00e4r ett robust instrument med l\u00e5ng livsl\u00e4ngd.\" \/>\n<meta property=\"og:url\" content=\"https:\/\/labrobot.com\/product\/dilushaker-42-cups\/\" \/>\n<meta property=\"og:site_name\" content=\"LabRobot\" \/>\n<meta property=\"article:publisher\" content=\"https:\/\/www.facebook.com\/labrobotproductsab\" \/>\n<meta property=\"article:modified_time\" content=\"2024-09-18T07:11:28+00:00\" \/>\n<meta property=\"og:image\" content=\"https:\/\/labrobot.com\/wp-content\/uploads\/2021\/11\/DSIII-DENACL6-2-scaled.jpg\" \/>\n\t<meta property=\"og:image:width\" content=\"2560\" \/>\n\t<meta property=\"og:image:height\" content=\"1707\" \/>\n\t<meta property=\"og:image:type\" content=\"image\/jpeg\" \/>\n<meta name=\"twitter:card\" content=\"summary_large_image\" \/>\n<script type=\"application\/ld+json\" class=\"yoast-schema-graph\">{\"@context\":\"https:\\\/\\\/schema.org\",\"@graph\":[{\"@type\":\"WebPage\",\"@id\":\"https:\\\/\\\/labrobot.com\\\/product\\\/dilushaker-42-cups\\\/\",\"url\":\"https:\\\/\\\/labrobot.com\\\/product\\\/dilushaker-42-cups\\\/\",\"name\":\"Laboratorieshaker f\u00f6r sp\u00e4dningskoppar | Dilushaker III\",\"isPartOf\":{\"@id\":\"https:\\\/\\\/labrobot.com\\\/#website\"},\"primaryImageOfPage\":{\"@id\":\"https:\\\/\\\/labrobot.com\\\/product\\\/dilushaker-42-cups\\\/#primaryimage\"},\"image\":{\"@id\":\"https:\\\/\\\/labrobot.com\\\/product\\\/dilushaker-42-cups\\\/#primaryimage\"},\"thumbnailUrl\":\"https:\\\/\\\/labrobot.com\\\/wp-content\\\/uploads\\\/2021\\\/11\\\/DSIII-DENACL6-2-scaled.jpg\",\"datePublished\":\"2018-12-06T15:21:24+00:00\",\"dateModified\":\"2024-09-18T07:11:28+00:00\",\"description\":\"Detta \u00e4r den \u00e4ldsta laboratorieshakern vi har tillg\u00e4nglig f\u00f6r att anv\u00e4ndas med Dilucup. Det \u00e4r ett robust instrument med l\u00e5ng livsl\u00e4ngd.\",\"breadcrumb\":{\"@id\":\"https:\\\/\\\/labrobot.com\\\/product\\\/dilushaker-42-cups\\\/#breadcrumb\"},\"inLanguage\":\"sv-SE\",\"potentialAction\":[{\"@type\":\"ReadAction\",\"target\":[\"https:\\\/\\\/labrobot.com\\\/product\\\/dilushaker-42-cups\\\/\"]}]},{\"@type\":\"ImageObject\",\"inLanguage\":\"sv-SE\",\"@id\":\"https:\\\/\\\/labrobot.com\\\/product\\\/dilushaker-42-cups\\\/#primaryimage\",\"url\":\"https:\\\/\\\/labrobot.com\\\/wp-content\\\/uploads\\\/2021\\\/11\\\/DSIII-DENACL6-2-scaled.jpg\",\"contentUrl\":\"https:\\\/\\\/labrobot.com\\\/wp-content\\\/uploads\\\/2021\\\/11\\\/DSIII-DENACL6-2-scaled.jpg\",\"width\":2560,\"height\":1707,\"caption\":\"dilushaker with a blister of dilucups. for serial dilutions\"},{\"@type\":\"BreadcrumbList\",\"@id\":\"https:\\\/\\\/labrobot.com\\\/product\\\/dilushaker-42-cups\\\/#breadcrumb\",\"itemListElement\":[{\"@type\":\"ListItem\",\"position\":1,\"name\":\"Home\",\"item\":\"https:\\\/\\\/labrobot.com\\\/sv\\\/\"},{\"@type\":\"ListItem\",\"position\":2,\"name\":\"Produkter\",\"item\":\"https:\\\/\\\/labrobot.com\\\/sv\\\/shop\\\/\"},{\"@type\":\"ListItem\",\"position\":3,\"name\":\"Dilushaker III (42 koppar)\"}]},{\"@type\":\"WebSite\",\"@id\":\"https:\\\/\\\/labrobot.com\\\/#website\",\"url\":\"https:\\\/\\\/labrobot.com\\\/\",\"name\":\"LabRobot\",\"description\":\"Easy quick ergonomic serial dilution method\",\"publisher\":{\"@id\":\"https:\\\/\\\/labrobot.com\\\/#organization\"},\"potentialAction\":[{\"@type\":\"SearchAction\",\"target\":{\"@type\":\"EntryPoint\",\"urlTemplate\":\"https:\\\/\\\/labrobot.com\\\/?s={search_term_string}\"},\"query-input\":{\"@type\":\"PropertyValueSpecification\",\"valueRequired\":true,\"valueName\":\"search_term_string\"}}],\"inLanguage\":\"sv-SE\"},{\"@type\":\"Organization\",\"@id\":\"https:\\\/\\\/labrobot.com\\\/#organization\",\"name\":\"LabRobot Products AB\",\"url\":\"https:\\\/\\\/labrobot.com\\\/\",\"logo\":{\"@type\":\"ImageObject\",\"inLanguage\":\"sv-SE\",\"@id\":\"https:\\\/\\\/labrobot.com\\\/#\\\/schema\\\/logo\\\/image\\\/\",\"url\":\"https:\\\/\\\/labrobot.com\\\/wp-content\\\/uploads\\\/2018\\\/12\\\/LabRobot_LOGO_signatur.jpg\",\"contentUrl\":\"https:\\\/\\\/labrobot.com\\\/wp-content\\\/uploads\\\/2018\\\/12\\\/LabRobot_LOGO_signatur.jpg\",\"width\":200,\"height\":54,\"caption\":\"LabRobot Products AB\"},\"image\":{\"@id\":\"https:\\\/\\\/labrobot.com\\\/#\\\/schema\\\/logo\\\/image\\\/\"},\"sameAs\":[\"https:\\\/\\\/www.facebook.com\\\/labrobotproductsab\",\"https:\\\/\\\/www.linkedin.com\\\/company\\\/labrobot-products-ab\\\/\",\"https:\\\/\\\/www.youtube.com\\\/channel\\\/UCHGyF_OHfxI1No9ahbU-agQ\"]}]}<\/script>\n<!-- \/ Yoast SEO Premium plugin. -->","yoast_head_json":{"title":"Laboratorieshaker f\u00f6r sp\u00e4dningskoppar | Dilushaker III","description":"Detta \u00e4r den \u00e4ldsta laboratorieshakern vi har tillg\u00e4nglig f\u00f6r att anv\u00e4ndas med Dilucup. Det \u00e4r ett robust instrument med l\u00e5ng livsl\u00e4ngd.","robots":{"index":"index","follow":"follow","max-snippet":"max-snippet:-1","max-image-preview":"max-image-preview:large","max-video-preview":"max-video-preview:-1"},"canonical":"https:\/\/labrobot.com\/product\/dilushaker-42-cups\/","og_locale":"sv_SE","og_type":"article","og_title":"Dilushaker III (42 koppar)","og_description":"Detta \u00e4r den \u00e4ldsta laboratorieshakern vi har tillg\u00e4nglig f\u00f6r att anv\u00e4ndas med Dilucup. Det \u00e4r ett robust instrument med l\u00e5ng livsl\u00e4ngd.","og_url":"https:\/\/labrobot.com\/product\/dilushaker-42-cups\/","og_site_name":"LabRobot","article_publisher":"https:\/\/www.facebook.com\/labrobotproductsab","article_modified_time":"2024-09-18T07:11:28+00:00","og_image":[{"width":2560,"height":1707,"url":"https:\/\/labrobot.com\/wp-content\/uploads\/2021\/11\/DSIII-DENACL6-2-scaled.jpg","type":"image\/jpeg"}],"twitter_card":"summary_large_image","schema":{"@context":"https:\/\/schema.org","@graph":[{"@type":"WebPage","@id":"https:\/\/labrobot.com\/product\/dilushaker-42-cups\/","url":"https:\/\/labrobot.com\/product\/dilushaker-42-cups\/","name":"Laboratorieshaker f\u00f6r sp\u00e4dningskoppar | Dilushaker III","isPartOf":{"@id":"https:\/\/labrobot.com\/#website"},"primaryImageOfPage":{"@id":"https:\/\/labrobot.com\/product\/dilushaker-42-cups\/#primaryimage"},"image":{"@id":"https:\/\/labrobot.com\/product\/dilushaker-42-cups\/#primaryimage"},"thumbnailUrl":"https:\/\/labrobot.com\/wp-content\/uploads\/2021\/11\/DSIII-DENACL6-2-scaled.jpg","datePublished":"2018-12-06T15:21:24+00:00","dateModified":"2024-09-18T07:11:28+00:00","description":"Detta \u00e4r den \u00e4ldsta laboratorieshakern vi har tillg\u00e4nglig f\u00f6r att anv\u00e4ndas med Dilucup. Det \u00e4r ett robust instrument med l\u00e5ng livsl\u00e4ngd.","breadcrumb":{"@id":"https:\/\/labrobot.com\/product\/dilushaker-42-cups\/#breadcrumb"},"inLanguage":"sv-SE","potentialAction":[{"@type":"ReadAction","target":["https:\/\/labrobot.com\/product\/dilushaker-42-cups\/"]}]},{"@type":"ImageObject","inLanguage":"sv-SE","@id":"https:\/\/labrobot.com\/product\/dilushaker-42-cups\/#primaryimage","url":"https:\/\/labrobot.com\/wp-content\/uploads\/2021\/11\/DSIII-DENACL6-2-scaled.jpg","contentUrl":"https:\/\/labrobot.com\/wp-content\/uploads\/2021\/11\/DSIII-DENACL6-2-scaled.jpg","width":2560,"height":1707,"caption":"dilushaker with a blister of dilucups. for serial dilutions"},{"@type":"BreadcrumbList","@id":"https:\/\/labrobot.com\/product\/dilushaker-42-cups\/#breadcrumb","itemListElement":[{"@type":"ListItem","position":1,"name":"Home","item":"https:\/\/labrobot.com\/sv\/"},{"@type":"ListItem","position":2,"name":"Produkter","item":"https:\/\/labrobot.com\/sv\/shop\/"},{"@type":"ListItem","position":3,"name":"Dilushaker III (42 koppar)"}]},{"@type":"WebSite","@id":"https:\/\/labrobot.com\/#website","url":"https:\/\/labrobot.com\/","name":"LabRobot","description":"Easy quick ergonomic serial dilution method","publisher":{"@id":"https:\/\/labrobot.com\/#organization"},"potentialAction":[{"@type":"SearchAction","target":{"@type":"EntryPoint","urlTemplate":"https:\/\/labrobot.com\/?s={search_term_string}"},"query-input":{"@type":"PropertyValueSpecification","valueRequired":true,"valueName":"search_term_string"}}],"inLanguage":"sv-SE"},{"@type":"Organization","@id":"https:\/\/labrobot.com\/#organization","name":"LabRobot Products AB","url":"https:\/\/labrobot.com\/","logo":{"@type":"ImageObject","inLanguage":"sv-SE","@id":"https:\/\/labrobot.com\/#\/schema\/logo\/image\/","url":"https:\/\/labrobot.com\/wp-content\/uploads\/2018\/12\/LabRobot_LOGO_signatur.jpg","contentUrl":"https:\/\/labrobot.com\/wp-content\/uploads\/2018\/12\/LabRobot_LOGO_signatur.jpg","width":200,"height":54,"caption":"LabRobot Products AB"},"image":{"@id":"https:\/\/labrobot.com\/#\/schema\/logo\/image\/"},"sameAs":["https:\/\/www.facebook.com\/labrobotproductsab","https:\/\/www.linkedin.com\/company\/labrobot-products-ab\/","https:\/\/www.youtube.com\/channel\/UCHGyF_OHfxI1No9ahbU-agQ"]}]}},"_links":{"self":[{"href":"https:\/\/labrobot.com\/sv\/wp-json\/wp\/v2\/product\/12628","targetHints":{"allow":["GET"]}}],"collection":[{"href":"https:\/\/labrobot.com\/sv\/wp-json\/wp\/v2\/product"}],"about":[{"href":"https:\/\/labrobot.com\/sv\/wp-json\/wp\/v2\/types\/product"}],"wp:featuredmedia":[{"embeddable":true,"href":"https:\/\/labrobot.com\/sv\/wp-json\/wp\/v2\/media\/12415"}],"wp:attachment":[{"href":"https:\/\/labrobot.com\/sv\/wp-json\/wp\/v2\/media?parent=12628"}],"wp:term":[{"taxonomy":"product_brand","embeddable":true,"href":"https:\/\/labrobot.com\/sv\/wp-json\/wp\/v2\/product_brand?post=12628"},{"taxonomy":"product_cat","embeddable":true,"href":"https:\/\/labrobot.com\/sv\/wp-json\/wp\/v2\/product_cat?post=12628"},{"taxonomy":"product_tag","embeddable":true,"href":"https:\/\/labrobot.com\/sv\/wp-json\/wp\/v2\/product_tag?post=12628"}],"curies":[{"name":"wp","href":"https:\/\/api.w.org\/{rel}","templated":true}]}}