{"id":9525,"date":"2021-02-05T13:37:06","date_gmt":"2021-02-05T12:37:06","guid":{"rendered":"https:\/\/labrobot.com\/dilugent-shaker-3\/"},"modified":"2025-12-04T15:01:07","modified_gmt":"2025-12-04T14:01:07","slug":"dilugent-shaker","status":"publish","type":"page","link":"https:\/\/labrobot.com\/sv\/dilugent-shaker\/","title":{"rendered":"Dilugent Shaker"},"content":{"rendered":"\n<h1>\n\t\t\tF\u00e4rgstyrda seriesp\u00e4dningar\t<\/h1>\n\t<h2>Det ergonomiska alternativet<br \/>\ntill vortexmixern<\/h2>\n\t<h3>Anv\u00e4ndarv\u00e4nlig<br \/>\noch intuitiv<\/h3>\n\t<h3>Ergonomisk och<br \/>\nbekv\u00e4m att pipettera<\/h3>\n<p>Inga fler skador fr\u00e5n upprepad anv\u00e4ndning av vortexmixern!<\/p>\n\t<h3>Sp\u00e5ra dina sp\u00e4dningar<\/h3>\n<h3  data-animation-delay=\"0.1\" data-animation-duration=\"1\">\n\t\t\tDilugent\u00ae Shaker\t<\/h3>\n\t<p>42 LED-lampor, en under varje Dilucup\u00ae, visar exakt vilken kopp du ska sp\u00e4da eller pl\u00e4tera med hj\u00e4lp av olika f\u00e4rger:<\/p>\n<ul>\n<li>Gr\u00f6n: Dilucup\u00ae som ska sp\u00e4das<\/li>\n<li>Orange: Dilucups redan sp\u00e4dde i det aktuella provet<\/li>\n<li>R\u00f6d: Dilucups sp\u00e4dde i tidigare prover<\/li>\n<\/ul>\n\t\t<meta itemprop=\"url\" content=\"https:\/\/labrobot.com\/wp-content\/uploads\/2025\/03\/Why-trace-dilutions-with-Dilucup-web.mp4\" \/><div style=\"width: 640px;\" class=\"wp-video\"><video muted class=\"wp-video-shortcode\" id=\"video-9525-1\" width=\"640\" height=\"360\" loop autoplay preload=\"metadata\" controls=\"controls\"><source type=\"video\/mp4\" src=\"https:\/\/labrobot.com\/wp-content\/uploads\/2025\/03\/Why-trace-dilutions-with-Dilucup-web.mp4?_=1\" \/><source type=\"video\/mp4\" src=\"https:\/\/labrobot.com\/wp-content\/uploads\/2025\/03\/Why-trace-dilutions-with-Dilucup-web.mp4?_=1\" \/><a href=\"https:\/\/labrobot.com\/wp-content\/uploads\/2025\/03\/Why-trace-dilutions-with-Dilucup-web.mp4\">https:\/\/labrobot.com\/wp-content\/uploads\/2025\/03\/Why-trace-dilutions-with-Dilucup-web.mp4<\/a><\/video><\/div>\t\n<h4>\n\t\t\tDet enda instrumentet som sp\u00e5rar sp\u00e4dningar\t<\/h4>\n\t<p><strong>Varf\u00f6r \u00e4r det anv\u00e4ndbart att sp\u00e5ra sp\u00e4dningar?<\/strong><\/p>\n<p>Att sp\u00e5ra sp\u00e4dningar \u00e4r intressant, till exempel f\u00f6r att unders\u00f6ka om det skett ett fel i utf\u00f6randet som kan f\u00f6rklara en ov\u00e4ntad uppr\u00e4kning av mikroorganismer.<\/p>\n\t<ul>\n<li>Dilugent\u00ae Shaker sparar information om Dilucup\u00ae-batch, operat\u00f6rs-ID, provnamn, skaktid, rotationshastighet, antal sp\u00e4dningar i ett prov samt dag och tid f\u00f6r sp\u00e4dningen.<\/li>\n<li>Enkel export av data till ett USB-minne.<\/li>\n<li>M\u00f6jlig koppling till LIMS.<\/li>\n<\/ul>\n<h5>\n\t\t\tVersioner av Dilugent\u00ae Shaker\t<\/h5>\n\t<table border=\"0\">\n<tbody>\n<tr>\n<td><em>Funktioner<\/em><\/td>\n<td><strong>Dilugent\u00ae Shaker<br \/>\n<em>Light<\/em><\/strong><\/td>\n<td><strong>Dilugent\u00ae Shaker <em>Standard<\/em><\/strong><\/td>\n<td><strong>Dilugent\u00ae Shaker<br \/>\n<em>Pro<\/em><\/strong><\/td>\n<\/tr>\n<tr>\n<td width=\"359\">M\u00f6jlig skakning med fotpedal<\/td>\n<td width=\"66\"><em>\u25cf<\/em><\/td>\n<td width=\"66\"><em>\u25cf<\/em><\/td>\n<td width=\"76\"><em>\u25cf<\/em><\/td>\n<\/tr>\n<tr>\n<td width=\"359\">Valbar arbetsriktning <em>(fr\u00e5n v\u00e4nster eller h\u00f6ger)<\/em><\/td>\n<td width=\"66\"><em>\u25cf<\/em><\/td>\n<td width=\"66\">\u25cf<\/td>\n<td width=\"76\">\u25cf<\/td>\n<\/tr>\n<tr>\n<td width=\"359\">Antal program som kan sparas<\/td>\n<td width=\"66\"><em>2<\/em><\/td>\n<td width=\"66\"><em>10\u00ad<\/em><\/td>\n<td width=\"76\">1<em>0\u00ad<\/em><\/td>\n<\/tr>\n<tr>\n<td width=\"359\">Visuell &#8221;service kr\u00e4vs&#8221; information, servicemeny och felkoder<\/td>\n<td width=\"66\"><em>\u25cf<\/em><\/td>\n<td width=\"66\">\u25cf<\/td>\n<td width=\"76\">\u25cf<\/td>\n<\/tr>\n<tr>\n<td width=\"359\">M\u00f6jlig avl\u00e4sning av 2D-kod <em>(streck eller QR)<\/em><\/td>\n<td width=\"66\"><strong><em>\u00ad<\/em><\/strong><\/td>\n<td width=\"66\">\u25cf<\/td>\n<td width=\"76\">\u25cf<\/td>\n<\/tr>\n<tr>\n<td width=\"359\">Visuell information om aktiv sensor<\/td>\n<td width=\"66\"><strong><em>\u00ad<\/em><\/strong><\/td>\n<td width=\"66\">\u25cf<\/td>\n<td width=\"76\">\u25cf<\/td>\n<\/tr>\n<tr>\n<td width=\"359\">Identifiering av prov, anv\u00e4ndare, Dilucup batch<\/td>\n<td width=\"66\"><strong><em>\u00ad<\/em><\/strong><\/td>\n<td width=\"66\">\u25cf<\/td>\n<td width=\"76\">\u25cf<\/td>\n<\/tr>\n<tr>\n<td width=\"359\">Exportera information till USB-minne<\/td>\n<td width=\"66\"><strong><em>\u00ad<\/em><\/strong><\/td>\n<td width=\"66\">\u25cf<\/td>\n<td width=\"76\">\u25cf<\/td>\n<\/tr>\n<tr>\n<td width=\"359\">Avancerad programmering och eventuellt parallellt arbete<\/td>\n<td width=\"66\"><strong><em>\u00ad<\/em><\/strong><\/td>\n<td width=\"66\"><\/td>\n<td width=\"76\">\u25cf<\/td>\n<\/tr>\n<tr>\n<td width=\"359\">Full sp\u00e5rbarhet av operationer &#8211; exporteras till ansluten enhet<\/td>\n<td width=\"66\"><strong><em>\u00ad<\/em><\/strong><\/td>\n<td width=\"66\"><strong>\u00ad<\/strong><\/td>\n<td width=\"76\">\u25cf<\/td>\n<\/tr>\n<tr>\n<td width=\"359\">Anpassningsbara gr\u00e4nssnittsf\u00e4rger och LED-f\u00e4rger<\/td>\n<td width=\"66\"><strong><em>\u00ad<\/em><\/strong><\/td>\n<td width=\"66\"><strong>\u00ad<\/strong><\/td>\n<td width=\"76\">\u25cf<\/td>\n<\/tr>\n<tr>\n<td width=\"359\">Full anslutning<br \/>\n<em>(LIMS-gr\u00e4nssnitt ing\u00e5r inte)<\/em><\/td>\n<td width=\"66\"><strong><em>\u00ad<\/em><\/strong><\/td>\n<td width=\"66\"><strong>\u00ad<\/strong><\/td>\n<td width=\"76\">\u25cf<\/td>\n<\/tr>\n<tr>\n<td>Artikelnummer<\/td>\n<td>40DGT84<strong>LT<\/strong><\/td>\n<td>40DGT84<strong>SD<\/strong><\/td>\n<td>40DGT84<strong>PO<\/strong><\/td>\n<\/tr>\n<\/tbody>\n<\/table>\n\t<p><strong>Vilken version passar dina behov b\u00e4st?<\/strong><\/p>\n<p>&nbsp;<\/p>\n<section>\n<p><strong><em data-olk-copy-source=\"MessageBody\">Light<\/em><\/strong>-versionen erbjuder helt enkelt guidade sp\u00e4dningar med de 3 standardf\u00e4rgerna. Fotpedalen kan anv\u00e4ndas f\u00f6r att aktivera omr\u00f6rningen.<\/p>\n<ul>\n<li><strong>F\u00f6rdelar<\/strong>: budgetv\u00e4nlig.<\/li>\n<\/ul>\n<p>Med\u00a0<strong>s<\/strong><strong>tandard<\/strong>-versionen kan man sp\u00e5ra sp\u00e4dningar och exportera data. Man kan registrera batchnummer, anv\u00e4ndar-ID och ID f\u00f6r provet som ska sp\u00e4das.<\/p>\n<ul>\n<li><strong>F\u00f6rdelar<\/strong>: sp\u00e5rning av sp\u00e4dningar kan vara intressant till exempel f\u00f6r att unders\u00f6ka om det fanns ett fel i utf\u00f6randet som skulle kunna f\u00f6rklara en ov\u00e4ntad uppr\u00e4kning av mikroorganismer.<\/li>\n<\/ul>\n<p>Med\u00a0<em><strong>Pro<\/strong><\/em>-versionen kan man programmera sp\u00e4dningar som \u00f6nskat, \u00e4ndra LED-f\u00e4rger och ansluta den till LIMS i framtiden<em>\u00a0(LIMS-gr\u00e4nssnittet m\u00e5ste utvecklas separat).<\/em><\/p>\n<ul>\n<li><strong>F\u00f6rdelar<\/strong>: man kan anv\u00e4nda Dilucup<sup>\u00ae<\/sup>\u00a0i den ordning man vill. Till exempel: man kan b\u00f6rja sp\u00e4da p\u00e5 baksidan av blistern eller kanske i mitten. Olika LED-f\u00e4rger \u00e4r tillg\u00e4ngliga om en anv\u00e4ndare \u00e4r f\u00e4rgblind eller om provet som ska sp\u00e4das \u00e4r mycket f\u00e4rgglatt.<\/li>\n<\/ul>\n<\/section>\n<p>&nbsp;<\/p>\n\t\t\t<img decoding=\"async\" loading=\"false\" src=\"https:\/\/labrobot.com\/wp-content\/uploads\/2025\/01\/serial-dilutions-Dilucup-System-scaled.jpg\" alt=\"Serielle verd\u00fcnnungen \nVerd\u00fcnnungsreihen \ndiluizioni-seriali \ndilui\u00e7\u00f5es em s\u00e9rie \nseriefortynninger \nsarjalaimennokset \nrozcie\u0144czenia seryjne \nra\u00f0\u00feynningum \nseri\u00eble verdunningen \nSerijska razrje\u0111enja \n\u03c3\u03b5\u03b9\u03c1\u03b9\u03b1\u03ba\u03ad\u03c2 \u03b1\u03c1\u03b1\u03b9\u03ce\u03c3\u03b5\u03b9\u03c2 \nserielle-verdunnungen \nSerijska red\u010denja \n\u0441\u0435\u0440\u0438\u0458\u0441\u043a\u0430 \u0440\u0430\u0437\u0431\u043b\u0430\u0436\u0435\u045a\u0430 \ns\u00e9riov\u00e1 \u0159ed\u011bn\u00ed \nS\u00e9riov\u00e9 riedenia \n\u0441\u0435\u0440\u0438\u0439\u043d\u0438 \u0440\u0430\u0437\u0440\u0435\u0436\u0434\u0430\u043d\u0438\u044f \nC\u0435\u0440\u0438\u0458\u0441\u043a\u0438 \u0440\u0430\u0437\u0440\u0435\u0434\u0443\u0432\u0430\u045a\u0430 \" \/>\t\t\t\n\t\t\t<img decoding=\"async\" loading=\"false\" src=\"https:\/\/labrobot.com\/wp-content\/uploads\/2025\/02\/colourblind.png\" alt=\"colourblind dilutions series\" \/>\t\t\t\n\t\t\t<img decoding=\"async\" loading=\"false\" src=\"https:\/\/labrobot.com\/wp-content\/uploads\/2025\/02\/easy-and-erognomic-dilutions-1.png\" alt=\"\" \/>\t\t\t\n\t\t\t<img decoding=\"async\" loading=\"false\" src=\"https:\/\/labrobot.com\/wp-content\/uploads\/2022\/02\/dilugent-lab-scaled.jpg\" alt=\"serial dilution method\" \/>\t\t\t\n\t\t\t<img decoding=\"async\" loading=\"false\" src=\"https:\/\/labrobot.com\/wp-content\/uploads\/2025\/02\/colour-guided-serial-diltuions.jpg\" alt=\"\" \/>\t\t\t\n\t<h2>Ladda ner anv\u00e4ndarmanualen h\u00e4r!<\/h2>\nLogga in f\u00f6r att komma \u00e5t knappen nedan:<br \/>\n\n\t\t\t\t<img decoding=\"async\" src=\"https:\/\/labrobot.com\/wp-content\/uploads\/2025\/12\/portada.png\" alt=\"DSM_2512.6\" itemprop=\"image\" height=\"1712\" width=\"1222\" title=\"portada\" onerror=\"this.style.display='none'\" loading=\"lazy\" \/>\n<h6>\n\t\t\tDilushaker III vs Dilugent\u00ae Shaker\t<\/h6>\n\t<table border=\"1\">\n<tbody>\n<tr>\n<td><strong>Specifikationer<\/strong><\/td>\n<td><strong>Dilushaker III<\/strong><\/td>\n<td><strong>Dilugent\u00ae Shaker<\/strong><\/td>\n<\/tr>\n<tr>\n<td>Skakningstid<\/td>\n<td>1 &#8211; 30 s<\/td>\n<td>1 &#8211; 60 s<\/td>\n<\/tr>\n<tr>\n<td>Motorhastighet<\/td>\n<td>400, 500, 600 rpm<\/td>\n<td>410, 460, 510, 560, 610, 660 rpm<\/td>\n<\/tr>\n<tr>\n<td>Antal LED-lampor<\/td>\n<td>3 eller 6<\/td>\n<td>42<\/td>\n<\/tr>\n<tr>\n<td>Styrning med fotpedal<\/td>\n<td>Ja<\/td>\n<td>Ja<\/td>\n<\/tr>\n<tr>\n<td>Optisk sensor f\u00f6r skakning<\/td>\n<td>En fram<\/td>\n<td>Tv\u00e5; en p\u00e5 varje sida<\/td>\n<\/tr>\n<tr>\n<td>Total h\u00f6jd\u00a0<em>(utan sk\u00e4rm)\u00a0<\/em><\/td>\n<td>11 cm<\/td>\n<td>8 cm <em>(mer ergonomisk)<\/em><\/td>\n<\/tr>\n<tr>\n<td>Avl\u00e4gsnande av bricka<\/td>\n<td>Rotera brickan medan du trycker ner den<\/td>\n<td>Magnetisk<\/td>\n<\/tr>\n<tr>\n<td>Samma maskin f\u00f6r 3&#215;7 eller 6&#215;7 Dilucups<\/td>\n<td>Nej<\/td>\n<td>Ja<\/td>\n<\/tr>\n<tr>\n<td>Sp\u00e5rbarhet av utsp\u00e4dningar<\/td>\n<td>Nej<\/td>\n<td>Ja<\/td>\n<\/tr>\n<tr>\n<td>Skaka utan att p\u00e5verka LED-lamporna<\/td>\n<td>Nej<\/td>\n<td>Ja<\/td>\n<\/tr>\n<tr>\n<td>Samtidig utsp\u00e4dningsserie med optisk styrning<\/td>\n<td>Nej<\/td>\n<td>Ja<\/td>\n<\/tr>\n<\/tbody>\n<\/table>\n\t<p>B\u00e5da instrumenten \u00e4r ett bra alternativ till vortexmixern och representerar en stor f\u00f6rb\u00e4ttring av laboratorieergonomin.<\/p>\n<p>Om du har fler fr\u00e5gor kan du kanske hitta svaren i avsnittet <em>Vanliga fr\u00e5gor<\/em>:<\/p>\n\t\t\t<a href=\"https:\/\/labrobot.com\/sv\/faq\/\" target=\"_self\">\n\t\t\t\t\t\tVanliga fr\u00e5gor\n\t\t\t\t\t<\/a>\n\t\t\t\t<img decoding=\"async\" src=\"https:\/\/labrobot.com\/wp-content\/uploads\/2024\/08\/ergonomic-serial-dilutions-dilugent-scaled.jpg\" alt=\"ergonomic serial dilutions dilugent\" itemprop=\"image\" height=\"1440\" width=\"2560\" title=\"ergonomic serial dilutions dilugent\" onerror=\"this.style.display='none'\" loading=\"lazy\" \/>\n<h6>\n\t\t\tByt ut din Dilushaker III mot en Dilugent\u00ae Shaker!\t<\/h6>\n\t<p>S\u00e4rskilda villkor erbjuds av LabRobot och dess distributionsn\u00e4tverk f\u00f6r att ers\u00e4tta en ny Dilushaker III digital med en Dilugent\u00ae Shaker.<\/p>\n<p>Tveka inte att kontakta din lokala distribut\u00f6r f\u00f6r mer information.<\/p>\n\t\t\t<a href=\"https:\/\/labrobot.com\/sv\/kontakt\/\" target=\"_self\">\n\t\t\t\t\t\tKontakta oss\n\t\t\t\t\t<\/a>\n\t<p>Relaterade produkter<\/p>\n\t\t\t\t<a href=\"https:\/\/labrobot.com\/sv\/dilucup-elegance\/\"  target=\"_self\" itemprop=\"url\">\n\t\t\t\t<img decoding=\"async\" src=\"https:\/\/labrobot.com\/wp-content\/uploads\/bb-plugin\/cache\/dilucup-elegance-1024x682-circle-eb1b60806b01591cd1a0e966aa53c3a3-.jpg\" alt=\"dilucup elegance\" itemprop=\"image\" height=\"682\" width=\"1024\" title=\"dilucup elegance\" onerror=\"this.style.display='none'\" loading=\"lazy\" \/>\n\t\t\t\t<\/a>\n<h6><a href=\"https:\/\/labrobot.com\/sv\/dilucup-elegance\/\" target=\"_self\">Dilucup\u00ae Elegance<\/a><\/h6>\t\n\t\t\t\t<a href=\"https:\/\/labrobot.com\/sv\/dilushaker-iii\/\"  target=\"_self\" itemprop=\"url\">\n\t\t\t\t<img decoding=\"async\" src=\"https:\/\/labrobot.com\/wp-content\/uploads\/bb-plugin\/cache\/dilushaker-III-1024x699-circle-95e8311d438fe92fca44e54ebacd23bc-.jpg\" alt=\"dilushaker 6or\" itemprop=\"image\" height=\"699\" width=\"1024\" title=\"dilushaker\" onerror=\"this.style.display='none'\" loading=\"lazy\" \/>\n\t\t\t\t<\/a>\n<h3><a href=\"https:\/\/labrobot.com\/sv\/dilushaker-iii\/\" target=\"_self\">Dilushaker III<\/a><\/h3>\t\n\n","protected":false},"excerpt":{"rendered":"<p>F\u00e4rgstyrda seriesp\u00e4dningar Det ergonomiska alternativet till vortexmixern Anv\u00e4ndarv\u00e4nlig och intuitiv Ergonomisk och bekv\u00e4m att pipettera Inga fler skador fr\u00e5n upprepad anv\u00e4ndning av vortexmixern! Sp\u00e5ra dina sp\u00e4dningar Dilugent\u00ae Shaker 42 LED-lampor, en under varje Dilucup\u00ae, visar exakt vilken kopp du ska sp\u00e4da eller pl\u00e4tera med hj\u00e4lp av olika f\u00e4rger: Gr\u00f6n: Dilucup\u00ae som ska sp\u00e4das Orange: Dilucups &#8230; <a title=\"Dilugent Shaker\" class=\"read-more\" href=\"https:\/\/labrobot.com\/sv\/dilugent-shaker\/\" aria-label=\"L\u00e4s mer om Dilugent Shaker\">Read more<\/a><\/p>\n","protected":false},"author":243,"featured_media":0,"parent":0,"menu_order":0,"comment_status":"closed","ping_status":"closed","template":"","meta":{"_acf_changed":false,"generate_page_header":"","footnotes":""},"class_list":["post-9525","page","type-page","status-publish"],"acf":[],"yoast_head":"<!-- This site is optimized with the Yoast SEO Premium plugin v27.3 (Yoast SEO v27.3) - https:\/\/yoast.com\/product\/yoast-seo-premium-wordpress\/ -->\n<title>Ergonomiskt alternativ till vortexblandare: Dilugent Shaker<\/title>\n<meta name=\"description\" content=\"F\u00f6rb\u00e4ttra dina seriesp\u00e4dningar med detta ergonomiska alternativ till vortexmixern. Anv\u00e4ndarv\u00e4nliga, guidade sp\u00e4dningar, exportera data f\u00f6r analys...\" \/>\n<meta name=\"robots\" content=\"index, follow, max-snippet:-1, max-image-preview:large, max-video-preview:-1\" \/>\n<link rel=\"canonical\" href=\"https:\/\/labrobot.com\/sv\/dilugent-shaker\/\" \/>\n<meta property=\"og:locale\" content=\"sv_SE\" \/>\n<meta property=\"og:type\" content=\"article\" \/>\n<meta property=\"og:title\" content=\"Dilugent Shaker\" \/>\n<meta property=\"og:description\" content=\"F\u00f6rb\u00e4ttra dina seriesp\u00e4dningar med detta ergonomiska alternativ till vortexmixern. Anv\u00e4ndarv\u00e4nliga, guidade sp\u00e4dningar, exportera data f\u00f6r analys...\" \/>\n<meta property=\"og:url\" content=\"https:\/\/labrobot.com\/sv\/dilugent-shaker\/\" \/>\n<meta property=\"og:site_name\" content=\"LabRobot\" \/>\n<meta property=\"article:publisher\" content=\"https:\/\/www.facebook.com\/labrobotproductsab\" \/>\n<meta property=\"article:modified_time\" content=\"2025-12-04T14:01:07+00:00\" \/>\n<meta property=\"og:image\" content=\"https:\/\/labrobot.com\/wp-content\/uploads\/2025\/01\/serial-dilutions-Dilucup-System-scaled.jpg\" \/>\n<meta name=\"twitter:card\" content=\"summary_large_image\" \/>\n<meta name=\"twitter:label1\" content=\"Ber\u00e4knad l\u00e4stid\" \/>\n\t<meta name=\"twitter:data1\" content=\"3 minuter\" \/>\n<script type=\"application\/ld+json\" class=\"yoast-schema-graph\">{\"@context\":\"https:\\\/\\\/schema.org\",\"@graph\":[{\"@type\":\"WebPage\",\"@id\":\"https:\\\/\\\/labrobot.com\\\/sv\\\/dilugent-shaker\\\/\",\"url\":\"https:\\\/\\\/labrobot.com\\\/sv\\\/dilugent-shaker\\\/\",\"name\":\"Ergonomiskt alternativ till vortexblandare: Dilugent Shaker\",\"isPartOf\":{\"@id\":\"https:\\\/\\\/labrobot.com\\\/#website\"},\"primaryImageOfPage\":{\"@id\":\"https:\\\/\\\/labrobot.com\\\/sv\\\/dilugent-shaker\\\/#primaryimage\"},\"image\":{\"@id\":\"https:\\\/\\\/labrobot.com\\\/sv\\\/dilugent-shaker\\\/#primaryimage\"},\"thumbnailUrl\":\"https:\\\/\\\/labrobot.com\\\/wp-content\\\/uploads\\\/2025\\\/01\\\/serial-dilutions-Dilucup-System-scaled.jpg\",\"datePublished\":\"2021-02-05T12:37:06+00:00\",\"dateModified\":\"2025-12-04T14:01:07+00:00\",\"description\":\"F\u00f6rb\u00e4ttra dina seriesp\u00e4dningar med detta ergonomiska alternativ till vortexmixern. Anv\u00e4ndarv\u00e4nliga, guidade sp\u00e4dningar, exportera data f\u00f6r analys...\",\"breadcrumb\":{\"@id\":\"https:\\\/\\\/labrobot.com\\\/sv\\\/dilugent-shaker\\\/#breadcrumb\"},\"inLanguage\":\"sv-SE\",\"potentialAction\":[{\"@type\":\"ReadAction\",\"target\":[\"https:\\\/\\\/labrobot.com\\\/sv\\\/dilugent-shaker\\\/\"]}]},{\"@type\":\"ImageObject\",\"inLanguage\":\"sv-SE\",\"@id\":\"https:\\\/\\\/labrobot.com\\\/sv\\\/dilugent-shaker\\\/#primaryimage\",\"url\":\"https:\\\/\\\/labrobot.com\\\/wp-content\\\/uploads\\\/2025\\\/01\\\/serial-dilutions-Dilucup-System-scaled.jpg\",\"contentUrl\":\"https:\\\/\\\/labrobot.com\\\/wp-content\\\/uploads\\\/2025\\\/01\\\/serial-dilutions-Dilucup-System-scaled.jpg\"},{\"@type\":\"BreadcrumbList\",\"@id\":\"https:\\\/\\\/labrobot.com\\\/sv\\\/dilugent-shaker\\\/#breadcrumb\",\"itemListElement\":[{\"@type\":\"ListItem\",\"position\":1,\"name\":\"Home\",\"item\":\"https:\\\/\\\/labrobot.com\\\/sv\\\/\"},{\"@type\":\"ListItem\",\"position\":2,\"name\":\"Dilugent Shaker\"}]},{\"@type\":\"WebSite\",\"@id\":\"https:\\\/\\\/labrobot.com\\\/#website\",\"url\":\"https:\\\/\\\/labrobot.com\\\/\",\"name\":\"LabRobot\",\"description\":\"Easy quick ergonomic serial dilution method\",\"publisher\":{\"@id\":\"https:\\\/\\\/labrobot.com\\\/#organization\"},\"potentialAction\":[{\"@type\":\"SearchAction\",\"target\":{\"@type\":\"EntryPoint\",\"urlTemplate\":\"https:\\\/\\\/labrobot.com\\\/?s={search_term_string}\"},\"query-input\":{\"@type\":\"PropertyValueSpecification\",\"valueRequired\":true,\"valueName\":\"search_term_string\"}}],\"inLanguage\":\"sv-SE\"},{\"@type\":\"Organization\",\"@id\":\"https:\\\/\\\/labrobot.com\\\/#organization\",\"name\":\"LabRobot Products AB\",\"url\":\"https:\\\/\\\/labrobot.com\\\/\",\"logo\":{\"@type\":\"ImageObject\",\"inLanguage\":\"sv-SE\",\"@id\":\"https:\\\/\\\/labrobot.com\\\/#\\\/schema\\\/logo\\\/image\\\/\",\"url\":\"https:\\\/\\\/labrobot.com\\\/wp-content\\\/uploads\\\/2018\\\/12\\\/LabRobot_LOGO_signatur.jpg\",\"contentUrl\":\"https:\\\/\\\/labrobot.com\\\/wp-content\\\/uploads\\\/2018\\\/12\\\/LabRobot_LOGO_signatur.jpg\",\"width\":200,\"height\":54,\"caption\":\"LabRobot Products AB\"},\"image\":{\"@id\":\"https:\\\/\\\/labrobot.com\\\/#\\\/schema\\\/logo\\\/image\\\/\"},\"sameAs\":[\"https:\\\/\\\/www.facebook.com\\\/labrobotproductsab\",\"https:\\\/\\\/www.linkedin.com\\\/company\\\/labrobot-products-ab\\\/\",\"https:\\\/\\\/www.youtube.com\\\/channel\\\/UCHGyF_OHfxI1No9ahbU-agQ\"]}]}<\/script>\n<!-- \/ Yoast SEO Premium plugin. -->","yoast_head_json":{"title":"Ergonomiskt alternativ till vortexblandare: Dilugent Shaker","description":"F\u00f6rb\u00e4ttra dina seriesp\u00e4dningar med detta ergonomiska alternativ till vortexmixern. Anv\u00e4ndarv\u00e4nliga, guidade sp\u00e4dningar, exportera data f\u00f6r analys...","robots":{"index":"index","follow":"follow","max-snippet":"max-snippet:-1","max-image-preview":"max-image-preview:large","max-video-preview":"max-video-preview:-1"},"canonical":"https:\/\/labrobot.com\/sv\/dilugent-shaker\/","og_locale":"sv_SE","og_type":"article","og_title":"Dilugent Shaker","og_description":"F\u00f6rb\u00e4ttra dina seriesp\u00e4dningar med detta ergonomiska alternativ till vortexmixern. Anv\u00e4ndarv\u00e4nliga, guidade sp\u00e4dningar, exportera data f\u00f6r analys...","og_url":"https:\/\/labrobot.com\/sv\/dilugent-shaker\/","og_site_name":"LabRobot","article_publisher":"https:\/\/www.facebook.com\/labrobotproductsab","article_modified_time":"2025-12-04T14:01:07+00:00","og_image":[{"url":"https:\/\/labrobot.com\/wp-content\/uploads\/2025\/01\/serial-dilutions-Dilucup-System-scaled.jpg","type":"","width":"","height":""}],"twitter_card":"summary_large_image","twitter_misc":{"Ber\u00e4knad l\u00e4stid":"3 minuter"},"schema":{"@context":"https:\/\/schema.org","@graph":[{"@type":"WebPage","@id":"https:\/\/labrobot.com\/sv\/dilugent-shaker\/","url":"https:\/\/labrobot.com\/sv\/dilugent-shaker\/","name":"Ergonomiskt alternativ till vortexblandare: Dilugent Shaker","isPartOf":{"@id":"https:\/\/labrobot.com\/#website"},"primaryImageOfPage":{"@id":"https:\/\/labrobot.com\/sv\/dilugent-shaker\/#primaryimage"},"image":{"@id":"https:\/\/labrobot.com\/sv\/dilugent-shaker\/#primaryimage"},"thumbnailUrl":"https:\/\/labrobot.com\/wp-content\/uploads\/2025\/01\/serial-dilutions-Dilucup-System-scaled.jpg","datePublished":"2021-02-05T12:37:06+00:00","dateModified":"2025-12-04T14:01:07+00:00","description":"F\u00f6rb\u00e4ttra dina seriesp\u00e4dningar med detta ergonomiska alternativ till vortexmixern. Anv\u00e4ndarv\u00e4nliga, guidade sp\u00e4dningar, exportera data f\u00f6r analys...","breadcrumb":{"@id":"https:\/\/labrobot.com\/sv\/dilugent-shaker\/#breadcrumb"},"inLanguage":"sv-SE","potentialAction":[{"@type":"ReadAction","target":["https:\/\/labrobot.com\/sv\/dilugent-shaker\/"]}]},{"@type":"ImageObject","inLanguage":"sv-SE","@id":"https:\/\/labrobot.com\/sv\/dilugent-shaker\/#primaryimage","url":"https:\/\/labrobot.com\/wp-content\/uploads\/2025\/01\/serial-dilutions-Dilucup-System-scaled.jpg","contentUrl":"https:\/\/labrobot.com\/wp-content\/uploads\/2025\/01\/serial-dilutions-Dilucup-System-scaled.jpg"},{"@type":"BreadcrumbList","@id":"https:\/\/labrobot.com\/sv\/dilugent-shaker\/#breadcrumb","itemListElement":[{"@type":"ListItem","position":1,"name":"Home","item":"https:\/\/labrobot.com\/sv\/"},{"@type":"ListItem","position":2,"name":"Dilugent Shaker"}]},{"@type":"WebSite","@id":"https:\/\/labrobot.com\/#website","url":"https:\/\/labrobot.com\/","name":"LabRobot","description":"Easy quick ergonomic serial dilution method","publisher":{"@id":"https:\/\/labrobot.com\/#organization"},"potentialAction":[{"@type":"SearchAction","target":{"@type":"EntryPoint","urlTemplate":"https:\/\/labrobot.com\/?s={search_term_string}"},"query-input":{"@type":"PropertyValueSpecification","valueRequired":true,"valueName":"search_term_string"}}],"inLanguage":"sv-SE"},{"@type":"Organization","@id":"https:\/\/labrobot.com\/#organization","name":"LabRobot Products AB","url":"https:\/\/labrobot.com\/","logo":{"@type":"ImageObject","inLanguage":"sv-SE","@id":"https:\/\/labrobot.com\/#\/schema\/logo\/image\/","url":"https:\/\/labrobot.com\/wp-content\/uploads\/2018\/12\/LabRobot_LOGO_signatur.jpg","contentUrl":"https:\/\/labrobot.com\/wp-content\/uploads\/2018\/12\/LabRobot_LOGO_signatur.jpg","width":200,"height":54,"caption":"LabRobot Products AB"},"image":{"@id":"https:\/\/labrobot.com\/#\/schema\/logo\/image\/"},"sameAs":["https:\/\/www.facebook.com\/labrobotproductsab","https:\/\/www.linkedin.com\/company\/labrobot-products-ab\/","https:\/\/www.youtube.com\/channel\/UCHGyF_OHfxI1No9ahbU-agQ"]}]}},"_links":{"self":[{"href":"https:\/\/labrobot.com\/sv\/wp-json\/wp\/v2\/pages\/9525","targetHints":{"allow":["GET"]}}],"collection":[{"href":"https:\/\/labrobot.com\/sv\/wp-json\/wp\/v2\/pages"}],"about":[{"href":"https:\/\/labrobot.com\/sv\/wp-json\/wp\/v2\/types\/page"}],"author":[{"embeddable":true,"href":"https:\/\/labrobot.com\/sv\/wp-json\/wp\/v2\/users\/243"}],"replies":[{"embeddable":true,"href":"https:\/\/labrobot.com\/sv\/wp-json\/wp\/v2\/comments?post=9525"}],"version-history":[{"count":1,"href":"https:\/\/labrobot.com\/sv\/wp-json\/wp\/v2\/pages\/9525\/revisions"}],"predecessor-version":[{"id":21059,"href":"https:\/\/labrobot.com\/sv\/wp-json\/wp\/v2\/pages\/9525\/revisions\/21059"}],"wp:attachment":[{"href":"https:\/\/labrobot.com\/sv\/wp-json\/wp\/v2\/media?parent=9525"}],"curies":[{"name":"wp","href":"https:\/\/api.w.org\/{rel}","templated":true}]}}