{"id":9510,"date":"2021-02-05T12:11:55","date_gmt":"2021-02-05T11:11:55","guid":{"rendered":"https:\/\/labrobot.com\/dilushaker-iii\/"},"modified":"2026-02-12T14:13:17","modified_gmt":"2026-02-12T13:13:17","slug":"dilushaker-iii","status":"publish","type":"page","link":"https:\/\/labrobot.com\/sv\/dilushaker-iii\/","title":{"rendered":"Dilushaker III"},"content":{"rendered":"\n<h1>\n\t\t\tEn robust laboratorieskakare med l\u00e5ng livsl\u00e4ngd\t<\/h1>\n<h2>\n\t\t\tDilushaker III\t<\/h2>\n\t<p>Dilushaker III <em>digital<\/em> \u00e4r v\u00e5r \u00e4ldsta laboratorieskakare, den \u00e4r mycket robust och l\u00e4tt att anv\u00e4nda. Faktum \u00e4r att m\u00e5nga av v\u00e5ra kunder \u00e4r mycket n\u00f6jda med detta instrument, som i vissa laboratorier fortfarande fungerar perfekt efter 20 \u00e5r.<\/p>\n<p><strong>Hur anv\u00e4nder man den?<\/strong><\/p>\n<p>F\u00f6rinst\u00e4ll rotationshastigheten, skaktiden, arbetsfl\u00f6desriktningen och antalet sp\u00e4dningar f\u00f6r att b\u00f6rja sp\u00e4da med Dilucup\u00ae Elegance. LED-lamporna som \u00e4r placerade p\u00e5 en ramp p\u00e5 baksidan av brickan hj\u00e4lper anv\u00e4ndaren under sp\u00e4dningsprocessen genom att visa vilken kopp (rad) som ska bearbetas. Skakningen startas omedelbart genom aktivering av en optisk sensor som \u00e4r placerad p\u00e5 framsidan av skakaren eller med en fotpedal.<\/p>\n\t\t<meta itemprop=\"url\" content=\"https:\/\/labrobot.com\/wp-content\/uploads\/2025\/04\/Dilusahker-laboratory-shaker.mp4\" \/><div style=\"width: 640px;\" class=\"wp-video\"><video muted class=\"wp-video-shortcode\" id=\"video-9510-1\" width=\"640\" height=\"360\" loop autoplay preload=\"metadata\" controls=\"controls\"><source type=\"video\/mp4\" src=\"https:\/\/labrobot.com\/wp-content\/uploads\/2025\/04\/Dilusahker-laboratory-shaker.mp4?_=1\" \/><source type=\"video\/mp4\" src=\"https:\/\/labrobot.com\/wp-content\/uploads\/2025\/04\/Dilusahker-laboratory-shaker.mp4?_=1\" \/><a href=\"https:\/\/labrobot.com\/wp-content\/uploads\/2025\/04\/Dilusahker-laboratory-shaker.mp4\">https:\/\/labrobot.com\/wp-content\/uploads\/2025\/04\/Dilusahker-laboratory-shaker.mp4<\/a><\/video><\/div>\t\n<h3>\n\t\t\tEn prisv\u00e4rd laboratorieskakare f\u00f6r mindre budgetar\t<\/h3>\n\t<ul>\n<li>Skakningstid: 1 &#8211; 30 sekunder per sp\u00e4dning<\/li>\n<li>Rotationshastighet: 400, 500 eller 600 rpm<\/li>\n<li>Avtagbart bricka f\u00f6r enkel reng\u00f6ring<\/li>\n<li>Ramp med 3 LED-lampor f\u00f6r att guida anv\u00e4ndaren<\/li>\n<li>Justerbar rampriktning s\u00e5 att den passar b\u00e5de h\u00f6ger- och v\u00e4nsterh\u00e4nta<\/li>\n<li>Justerbart antal sp\u00e4dningssteg per prov<\/li>\n<li>M\u00f6jlig styrning med fotpedal<\/li>\n<li>En optisk sensor placerad p\u00e5 framsidan.<\/li>\n<li>F\u00f6r blisterf\u00f6rpackningar med 7&#215;3 Dilucups<\/li>\n<li>Artikelnummer: 40DS21PRXT<\/li>\n<\/ul>\n\t<h6><strong>Ladda ner anv\u00e4ndarmanualen\u00a0h\u00e4r!<\/strong><\/h6>\n<p>Sedan 2026 \u00e4r Dilushaker III med 6 LED lampor inte l\u00e4ngre tillg\u00e4nglig f\u00f6r f\u00f6rs\u00e4ljning.<\/p>\nVi har uppdaterat och f\u00f6rb\u00e4ttrat manualen<br \/>\noch anpassat den f\u00f6r instrument med endast 3 lampor.\nProgrammeringsinformationen \u00e4r identisk eftersom det \u00e4r samma instrument; den enda skillnaden \u00e4r rampens storlek.<br \/>\nDu kan d\u00e4rf\u00f6r fortfarande titta i den senaste anv\u00e4ndarhandboken fr\u00e5n januari 2026, \u00e4ven om du har en Dilushaker III med 6 lampor, och kanske uppt\u00e4cka n\u00e5gra nya funktioner.\n<p>Du m\u00e5ste vara inloggad f\u00f6r att komma \u00e5t knapparna.<\/p>\n<figure itemscope itemtype=\"https:\/\/schema.org\/ImageObject\">\n\t\t\t\t<img decoding=\"async\" src=\"https:\/\/labrobot.com\/wp-content\/uploads\/2026\/02\/user-manual-dilushaker-foto.png\" alt=\"user manual dilushaker foto\" height=\"1264\" width=\"890\" title=\"user manual dilushaker foto\" onerror=\"this.style.display='none'\" loading=\"lazy\" \/>\n\t<\/figure>\n\t<h6><strong>Relaterade produkter.<\/strong><\/h6>\n\t\t<figure itemscope itemtype=\"https:\/\/schema.org\/ImageObject\">\n\t\t\t\t<a href=\"https:\/\/labrobot.com\/dilucup-elegance\/\"  target=\"_self\" itemprop=\"url\">\n\t\t\t\t<img decoding=\"async\" src=\"https:\/\/labrobot.com\/wp-content\/uploads\/bb-plugin\/cache\/dilucup-MRD-blister-scaled-circle-de9e4f3a639e4ea670da4b3a638e747e-.jpg\" alt=\"dilucup MRD blister\" height=\"1707\" width=\"2560\" title=\"dilucup MRD blister\" onerror=\"this.style.display='none'\" loading=\"lazy\" \/>\n\t\t\t\t<\/a>\n\t<\/figure>\n<h5><a href=\"https:\/\/labrobot.com\/dilucup-elegance\/\" target=\"_self\">Dilucup\u00ae Elegance<\/a><\/h5>\t\n\t\t<figure itemscope itemtype=\"https:\/\/schema.org\/ImageObject\">\n\t\t\t\t<a href=\"https:\/\/labrobot.com\/dilugent-shaker\/\"  target=\"_self\" itemprop=\"url\">\n\t\t\t\t<img decoding=\"async\" src=\"https:\/\/labrobot.com\/wp-content\/uploads\/bb-plugin\/cache\/dilutions-with-dilugent-circle-2bd7db2b02192f90a2cb848eceb6526e-.jpg\" alt=\"dilugent shaker\" height=\"2416\" width=\"2444\" title=\"dilutions with dilugent\" onerror=\"this.style.display='none'\" loading=\"lazy\" \/>\n\t\t\t\t<\/a>\n\t<\/figure>\n<h5><a href=\"https:\/\/labrobot.com\/dilugent-shaker\/\" target=\"_self\">Dilugent\u00ae Shaker<\/a><\/h5>\t\n\n","protected":false},"excerpt":{"rendered":"<p>En robust laboratorieskakare med l\u00e5ng livsl\u00e4ngd Dilushaker III Dilushaker III digital \u00e4r v\u00e5r \u00e4ldsta laboratorieskakare, den \u00e4r mycket robust och l\u00e4tt att anv\u00e4nda. Faktum \u00e4r att m\u00e5nga av v\u00e5ra kunder \u00e4r mycket n\u00f6jda med detta instrument, som i vissa laboratorier fortfarande fungerar perfekt efter 20 \u00e5r. Hur anv\u00e4nder man den? F\u00f6rinst\u00e4ll rotationshastigheten, skaktiden, arbetsfl\u00f6desriktningen och &#8230; <a title=\"Dilushaker III\" class=\"read-more\" href=\"https:\/\/labrobot.com\/sv\/dilushaker-iii\/\" aria-label=\"L\u00e4s mer om Dilushaker III\">Read more<\/a><\/p>\n","protected":false},"author":243,"featured_media":0,"parent":0,"menu_order":0,"comment_status":"closed","ping_status":"closed","template":"","meta":{"_acf_changed":false,"generate_page_header":"","footnotes":""},"class_list":["post-9510","page","type-page","status-publish"],"acf":[],"yoast_head":"<!-- This site is optimized with the Yoast SEO Premium plugin v27.3 (Yoast SEO v27.3) - https:\/\/yoast.com\/product\/yoast-seo-premium-wordpress\/ -->\n<title>Laboratorieskakare f\u00f6r seriesp\u00e4dningar: Dilushaker III<\/title>\n<meta name=\"description\" content=\"M\u00e5nga av v\u00e5ra kunder \u00e4r mycket n\u00f6jda med denna skakare, som i vissa laboratorier fortfarande fungerar perfekt efter 20 \u00e5r.\" \/>\n<meta name=\"robots\" content=\"index, follow, max-snippet:-1, max-image-preview:large, max-video-preview:-1\" \/>\n<link rel=\"canonical\" href=\"https:\/\/labrobot.com\/sv\/dilushaker-iii\/\" \/>\n<meta property=\"og:locale\" content=\"sv_SE\" \/>\n<meta property=\"og:type\" content=\"article\" \/>\n<meta property=\"og:title\" content=\"Dilushaker III\" \/>\n<meta property=\"og:description\" content=\"M\u00e5nga av v\u00e5ra kunder \u00e4r mycket n\u00f6jda med denna skakare, som i vissa laboratorier fortfarande fungerar perfekt efter 20 \u00e5r.\" \/>\n<meta property=\"og:url\" content=\"https:\/\/labrobot.com\/sv\/dilushaker-iii\/\" \/>\n<meta property=\"og:site_name\" content=\"LabRobot\" \/>\n<meta property=\"article:publisher\" content=\"https:\/\/www.facebook.com\/labrobotproductsab\" \/>\n<meta property=\"article:modified_time\" content=\"2026-02-12T13:13:17+00:00\" \/>\n<meta property=\"og:image\" content=\"https:\/\/labrobot.com\/wp-content\/uploads\/2026\/02\/user-manual-dilushaker-foto.png\" \/>\n<meta name=\"twitter:card\" content=\"summary_large_image\" \/>\n<meta name=\"twitter:label1\" content=\"Ber\u00e4knad l\u00e4stid\" \/>\n\t<meta name=\"twitter:data1\" content=\"2 minuter\" \/>\n<script type=\"application\/ld+json\" class=\"yoast-schema-graph\">{\"@context\":\"https:\\\/\\\/schema.org\",\"@graph\":[{\"@type\":\"WebPage\",\"@id\":\"https:\\\/\\\/labrobot.com\\\/sv\\\/dilushaker-iii\\\/\",\"url\":\"https:\\\/\\\/labrobot.com\\\/sv\\\/dilushaker-iii\\\/\",\"name\":\"Laboratorieskakare f\u00f6r seriesp\u00e4dningar: Dilushaker III\",\"isPartOf\":{\"@id\":\"https:\\\/\\\/labrobot.com\\\/#website\"},\"primaryImageOfPage\":{\"@id\":\"https:\\\/\\\/labrobot.com\\\/sv\\\/dilushaker-iii\\\/#primaryimage\"},\"image\":{\"@id\":\"https:\\\/\\\/labrobot.com\\\/sv\\\/dilushaker-iii\\\/#primaryimage\"},\"thumbnailUrl\":\"https:\\\/\\\/labrobot.com\\\/wp-content\\\/uploads\\\/2026\\\/02\\\/user-manual-dilushaker-foto.png\",\"datePublished\":\"2021-02-05T11:11:55+00:00\",\"dateModified\":\"2026-02-12T13:13:17+00:00\",\"description\":\"M\u00e5nga av v\u00e5ra kunder \u00e4r mycket n\u00f6jda med denna skakare, som i vissa laboratorier fortfarande fungerar perfekt efter 20 \u00e5r.\",\"breadcrumb\":{\"@id\":\"https:\\\/\\\/labrobot.com\\\/sv\\\/dilushaker-iii\\\/#breadcrumb\"},\"inLanguage\":\"sv-SE\",\"potentialAction\":[{\"@type\":\"ReadAction\",\"target\":[\"https:\\\/\\\/labrobot.com\\\/sv\\\/dilushaker-iii\\\/\"]}]},{\"@type\":\"ImageObject\",\"inLanguage\":\"sv-SE\",\"@id\":\"https:\\\/\\\/labrobot.com\\\/sv\\\/dilushaker-iii\\\/#primaryimage\",\"url\":\"https:\\\/\\\/labrobot.com\\\/wp-content\\\/uploads\\\/2026\\\/02\\\/user-manual-dilushaker-foto.png\",\"contentUrl\":\"https:\\\/\\\/labrobot.com\\\/wp-content\\\/uploads\\\/2026\\\/02\\\/user-manual-dilushaker-foto.png\"},{\"@type\":\"BreadcrumbList\",\"@id\":\"https:\\\/\\\/labrobot.com\\\/sv\\\/dilushaker-iii\\\/#breadcrumb\",\"itemListElement\":[{\"@type\":\"ListItem\",\"position\":1,\"name\":\"Home\",\"item\":\"https:\\\/\\\/labrobot.com\\\/sv\\\/\"},{\"@type\":\"ListItem\",\"position\":2,\"name\":\"Dilushaker III\"}]},{\"@type\":\"WebSite\",\"@id\":\"https:\\\/\\\/labrobot.com\\\/#website\",\"url\":\"https:\\\/\\\/labrobot.com\\\/\",\"name\":\"LabRobot\",\"description\":\"Easy quick ergonomic serial dilution method\",\"publisher\":{\"@id\":\"https:\\\/\\\/labrobot.com\\\/#organization\"},\"potentialAction\":[{\"@type\":\"SearchAction\",\"target\":{\"@type\":\"EntryPoint\",\"urlTemplate\":\"https:\\\/\\\/labrobot.com\\\/?s={search_term_string}\"},\"query-input\":{\"@type\":\"PropertyValueSpecification\",\"valueRequired\":true,\"valueName\":\"search_term_string\"}}],\"inLanguage\":\"sv-SE\"},{\"@type\":\"Organization\",\"@id\":\"https:\\\/\\\/labrobot.com\\\/#organization\",\"name\":\"LabRobot Products AB\",\"url\":\"https:\\\/\\\/labrobot.com\\\/\",\"logo\":{\"@type\":\"ImageObject\",\"inLanguage\":\"sv-SE\",\"@id\":\"https:\\\/\\\/labrobot.com\\\/#\\\/schema\\\/logo\\\/image\\\/\",\"url\":\"https:\\\/\\\/labrobot.com\\\/wp-content\\\/uploads\\\/2018\\\/12\\\/LabRobot_LOGO_signatur.jpg\",\"contentUrl\":\"https:\\\/\\\/labrobot.com\\\/wp-content\\\/uploads\\\/2018\\\/12\\\/LabRobot_LOGO_signatur.jpg\",\"width\":200,\"height\":54,\"caption\":\"LabRobot Products AB\"},\"image\":{\"@id\":\"https:\\\/\\\/labrobot.com\\\/#\\\/schema\\\/logo\\\/image\\\/\"},\"sameAs\":[\"https:\\\/\\\/www.facebook.com\\\/labrobotproductsab\",\"https:\\\/\\\/www.linkedin.com\\\/company\\\/labrobot-products-ab\\\/\",\"https:\\\/\\\/www.youtube.com\\\/channel\\\/UCHGyF_OHfxI1No9ahbU-agQ\"]}]}<\/script>\n<!-- \/ Yoast SEO Premium plugin. -->","yoast_head_json":{"title":"Laboratorieskakare f\u00f6r seriesp\u00e4dningar: Dilushaker III","description":"M\u00e5nga av v\u00e5ra kunder \u00e4r mycket n\u00f6jda med denna skakare, som i vissa laboratorier fortfarande fungerar perfekt efter 20 \u00e5r.","robots":{"index":"index","follow":"follow","max-snippet":"max-snippet:-1","max-image-preview":"max-image-preview:large","max-video-preview":"max-video-preview:-1"},"canonical":"https:\/\/labrobot.com\/sv\/dilushaker-iii\/","og_locale":"sv_SE","og_type":"article","og_title":"Dilushaker III","og_description":"M\u00e5nga av v\u00e5ra kunder \u00e4r mycket n\u00f6jda med denna skakare, som i vissa laboratorier fortfarande fungerar perfekt efter 20 \u00e5r.","og_url":"https:\/\/labrobot.com\/sv\/dilushaker-iii\/","og_site_name":"LabRobot","article_publisher":"https:\/\/www.facebook.com\/labrobotproductsab","article_modified_time":"2026-02-12T13:13:17+00:00","og_image":[{"url":"https:\/\/labrobot.com\/wp-content\/uploads\/2026\/02\/user-manual-dilushaker-foto.png","type":"","width":"","height":""}],"twitter_card":"summary_large_image","twitter_misc":{"Ber\u00e4knad l\u00e4stid":"2 minuter"},"schema":{"@context":"https:\/\/schema.org","@graph":[{"@type":"WebPage","@id":"https:\/\/labrobot.com\/sv\/dilushaker-iii\/","url":"https:\/\/labrobot.com\/sv\/dilushaker-iii\/","name":"Laboratorieskakare f\u00f6r seriesp\u00e4dningar: Dilushaker III","isPartOf":{"@id":"https:\/\/labrobot.com\/#website"},"primaryImageOfPage":{"@id":"https:\/\/labrobot.com\/sv\/dilushaker-iii\/#primaryimage"},"image":{"@id":"https:\/\/labrobot.com\/sv\/dilushaker-iii\/#primaryimage"},"thumbnailUrl":"https:\/\/labrobot.com\/wp-content\/uploads\/2026\/02\/user-manual-dilushaker-foto.png","datePublished":"2021-02-05T11:11:55+00:00","dateModified":"2026-02-12T13:13:17+00:00","description":"M\u00e5nga av v\u00e5ra kunder \u00e4r mycket n\u00f6jda med denna skakare, som i vissa laboratorier fortfarande fungerar perfekt efter 20 \u00e5r.","breadcrumb":{"@id":"https:\/\/labrobot.com\/sv\/dilushaker-iii\/#breadcrumb"},"inLanguage":"sv-SE","potentialAction":[{"@type":"ReadAction","target":["https:\/\/labrobot.com\/sv\/dilushaker-iii\/"]}]},{"@type":"ImageObject","inLanguage":"sv-SE","@id":"https:\/\/labrobot.com\/sv\/dilushaker-iii\/#primaryimage","url":"https:\/\/labrobot.com\/wp-content\/uploads\/2026\/02\/user-manual-dilushaker-foto.png","contentUrl":"https:\/\/labrobot.com\/wp-content\/uploads\/2026\/02\/user-manual-dilushaker-foto.png"},{"@type":"BreadcrumbList","@id":"https:\/\/labrobot.com\/sv\/dilushaker-iii\/#breadcrumb","itemListElement":[{"@type":"ListItem","position":1,"name":"Home","item":"https:\/\/labrobot.com\/sv\/"},{"@type":"ListItem","position":2,"name":"Dilushaker III"}]},{"@type":"WebSite","@id":"https:\/\/labrobot.com\/#website","url":"https:\/\/labrobot.com\/","name":"LabRobot","description":"Easy quick ergonomic serial dilution method","publisher":{"@id":"https:\/\/labrobot.com\/#organization"},"potentialAction":[{"@type":"SearchAction","target":{"@type":"EntryPoint","urlTemplate":"https:\/\/labrobot.com\/?s={search_term_string}"},"query-input":{"@type":"PropertyValueSpecification","valueRequired":true,"valueName":"search_term_string"}}],"inLanguage":"sv-SE"},{"@type":"Organization","@id":"https:\/\/labrobot.com\/#organization","name":"LabRobot Products AB","url":"https:\/\/labrobot.com\/","logo":{"@type":"ImageObject","inLanguage":"sv-SE","@id":"https:\/\/labrobot.com\/#\/schema\/logo\/image\/","url":"https:\/\/labrobot.com\/wp-content\/uploads\/2018\/12\/LabRobot_LOGO_signatur.jpg","contentUrl":"https:\/\/labrobot.com\/wp-content\/uploads\/2018\/12\/LabRobot_LOGO_signatur.jpg","width":200,"height":54,"caption":"LabRobot Products AB"},"image":{"@id":"https:\/\/labrobot.com\/#\/schema\/logo\/image\/"},"sameAs":["https:\/\/www.facebook.com\/labrobotproductsab","https:\/\/www.linkedin.com\/company\/labrobot-products-ab\/","https:\/\/www.youtube.com\/channel\/UCHGyF_OHfxI1No9ahbU-agQ"]}]}},"_links":{"self":[{"href":"https:\/\/labrobot.com\/sv\/wp-json\/wp\/v2\/pages\/9510","targetHints":{"allow":["GET"]}}],"collection":[{"href":"https:\/\/labrobot.com\/sv\/wp-json\/wp\/v2\/pages"}],"about":[{"href":"https:\/\/labrobot.com\/sv\/wp-json\/wp\/v2\/types\/page"}],"author":[{"embeddable":true,"href":"https:\/\/labrobot.com\/sv\/wp-json\/wp\/v2\/users\/243"}],"replies":[{"embeddable":true,"href":"https:\/\/labrobot.com\/sv\/wp-json\/wp\/v2\/comments?post=9510"}],"version-history":[{"count":3,"href":"https:\/\/labrobot.com\/sv\/wp-json\/wp\/v2\/pages\/9510\/revisions"}],"predecessor-version":[{"id":21432,"href":"https:\/\/labrobot.com\/sv\/wp-json\/wp\/v2\/pages\/9510\/revisions\/21432"}],"wp:attachment":[{"href":"https:\/\/labrobot.com\/sv\/wp-json\/wp\/v2\/media?parent=9510"}],"curies":[{"name":"wp","href":"https:\/\/api.w.org\/{rel}","templated":true}]}}