{"id":8952,"date":"2021-01-14T10:22:15","date_gmt":"2021-01-14T09:22:15","guid":{"rendered":"https:\/\/labrobot.com\/?page_id=8952"},"modified":"2024-10-08T09:57:47","modified_gmt":"2024-10-08T08:57:47","slug":"kvalitet","status":"publish","type":"page","link":"https:\/\/labrobot.com\/sv\/kvalitet\/","title":{"rendered":"Kvalitet"},"content":{"rendered":"\n<h1>\n\t\tSp\u00e4dningsmedel av h\u00f6gsta kvalitet\n\t<\/h1>\n\t<p>Med Dilucup\u00ae-Systemet s\u00e4kerst\u00e4ller du att du anv\u00e4nder en metod som uppfyller kraven i ISO 6887-1:2017\/Amd 1:2024-standarderna f\u00f6r provberedning, initiala suspensioner och seriesp\u00e4dningar inom livsmedelsmikrobiologi.<\/p>\n\t<ul>\n<li>Medieberedning<\/li>\n<li>pH 7.0 \u00b1 0.2<\/li>\n<li>Volym 9 mL \u00b1 2 %<\/li>\n<\/ul>\n\t\t\t\t<img loading=\"lazy\" decoding=\"async\" src=\"https:\/\/labrobot.com\/wp-content\/uploads\/2022\/12\/1.-ISO-dilucup.jpg\" alt=\"ISO 6887-1:2017 serial dilutions\" itemprop=\"image\" height=\"1080\" width=\"1920\" title=\"1. ISO dilucup\" onerror=\"this.style.display='none'\"  \/>\n\t\t\t\t<img loading=\"lazy\" decoding=\"async\" src=\"https:\/\/labrobot.com\/wp-content\/uploads\/2014\/12\/Logo-ISO-9001_En-horizontal-300x101.png\" alt=\"Logo-ISO-9001_En-horizontal-300x101\" itemprop=\"image\" height=\"101\" width=\"300\" title=\"Logo-ISO-9001_En-horizontal-300x101\" onerror=\"this.style.display='none'\"  \/>\n<h2>\n\t\tKvalitetsledningssystem ISO 9001:2015\n\t<\/h2>\n\t<p>P\u00e5 LabRobot har vi ett kvalitetsledningssystem som uppfyller kraven i SS-EN ISO 9001:2015-standarden.<\/p>\n<p>P\u00e5 detta s\u00e4tt garanterar vi utveckling, produktion, f\u00f6rs\u00e4ljning och distribution av Dilucup\u00ae-Systemet till v\u00e5ra kunder.<\/p>\n\t<p>Vi \u00e4r engagerade i <strong>kontinuerlig f\u00f6rb\u00e4ttring<\/strong> av v\u00e5ra produkter f\u00f6r att tillfredsst\u00e4lla v\u00e5ra kunders behov och bygga l\u00e5ngsiktiga aff\u00e4rsrelationer.<\/p>\n<p>D\u00e4rf\u00f6r<strong> str\u00e4var vi efter h\u00f6gsta kvalitet under och efter produktionen<\/strong> av v\u00e5ra produkter. Till exempel m\u00e5ste skakapparaterna genomg\u00e5 rigor\u00f6sa prestandatester i v\u00e5rt kvalitetslaboratorium f\u00f6r att godk\u00e4nnas f\u00f6r f\u00f6rs\u00e4ljning.<\/p>\n<p>V\u00e5rt m\u00e5l \u00e4r att tillverka robusta instrument med l\u00e5ng livsl\u00e4ngd. Som ett resultat \u00e4r det vanligt att hitta de f\u00f6rsta modellerna av Dilushakers i v\u00e5ra kunders laboratorier efter mer \u00e4n 10 \u00e5rs anv\u00e4ndning.<\/p>\n\t\t\t\t<img loading=\"lazy\" decoding=\"async\" src=\"https:\/\/labrobot.com\/wp-content\/uploads\/2014\/12\/Dilushaker-assembly-1-1024x576.jpg\" alt=\"Dilushaker-assembly\" itemprop=\"image\" height=\"576\" width=\"1024\" title=\"Dilushaker-assembly\" onerror=\"this.style.display='none'\"  \/>\n\t<p>Vi uts\u00e4tter Dilucup\u00ae Elegance-blistren f\u00f6r m\u00e5nga tester under och efter produktionen f\u00f6r att garantera deras sterilitet, volym och bakteriella produktivitet, bland andra faktorer.<\/p>\n<p>Kvalitetslaboratoriet m\u00e5ste godk\u00e4nna alla v\u00e5ra produkter innan vi s\u00e4ljer dem. Du kan se resultaten i kvalitetscertifikatet som \u00e4r specifikt f\u00f6r varje batch. Nedan ger vi en kort sammanfattning av produktionen av Dilucup\u00ae Elegance.<\/p>\n\t\t\t\t<img decoding=\"async\" src=\"https:\/\/labrobot.com\/wp-content\/plugins\/bb-plugin\/img\/pixel.png\" alt=\"\" itemprop=\"image\" onerror=\"this.style.display='none'\"  \/>\n\t\t\t\t<img loading=\"lazy\" decoding=\"async\" src=\"https:\/\/labrobot.com\/wp-content\/uploads\/2021\/01\/infographic-english-1-683x1024.jpg\" alt=\"infographic english\" itemprop=\"image\" height=\"1024\" width=\"683\" title=\"infographic english\" onerror=\"this.style.display='none'\"  \/>\n\t\t\t\t<img decoding=\"async\" src=\"https:\/\/labrobot.com\/wp-content\/plugins\/bb-plugin\/img\/pixel.png\" alt=\"\" itemprop=\"image\" onerror=\"this.style.display='none'\"  \/>\n\n","protected":false},"excerpt":{"rendered":"<p>Sp\u00e4dningsmedel av h\u00f6gsta kvalitet Med Dilucup\u00ae-Systemet s\u00e4kerst\u00e4ller du att du anv\u00e4nder en metod som uppfyller kraven i ISO 6887-1:2017\/Amd 1:2024-standarderna f\u00f6r provberedning, initiala suspensioner och seriesp\u00e4dningar inom livsmedelsmikrobiologi. Medieberedning pH 7.0 \u00b1 0.2 Volym 9 mL \u00b1 2 % Kvalitetsledningssystem ISO 9001:2015 P\u00e5 LabRobot har vi ett kvalitetsledningssystem som uppfyller kraven i SS-EN ISO 9001:2015-standarden. &#8230; <a title=\"Kvalitet\" class=\"read-more\" href=\"https:\/\/labrobot.com\/sv\/kvalitet\/\" aria-label=\"L\u00e4s mer om Kvalitet\">Read more<\/a><\/p>\n","protected":false},"author":243,"featured_media":0,"parent":0,"menu_order":0,"comment_status":"closed","ping_status":"closed","template":"","meta":{"_acf_changed":false,"generate_page_header":"","footnotes":""},"class_list":["post-8952","page","type-page","status-publish"],"acf":[],"yoast_head":"<!-- This site is optimized with the Yoast SEO Premium plugin v27.3 (Yoast SEO v27.3) - https:\/\/yoast.com\/product\/yoast-seo-premium-wordpress\/ -->\n<title>ISO 6887-1:2017 seriesp\u00e4dningar | F\u00e4rdiga sp\u00e4dningskoppar<\/title>\n<meta name=\"description\" content=\"Dilucup-Systemet uppfyller kraven i ISO-standarden 6887-1:2017. Dilucup Elegance tillsammans med skakapparaterna genomg\u00e5r rigor\u00f6sa kvalitetstester.\" \/>\n<meta name=\"robots\" content=\"index, follow, max-snippet:-1, max-image-preview:large, max-video-preview:-1\" \/>\n<link rel=\"canonical\" href=\"https:\/\/labrobot.com\/sv\/kvalitet\/\" \/>\n<meta property=\"og:locale\" content=\"sv_SE\" \/>\n<meta property=\"og:type\" content=\"article\" \/>\n<meta property=\"og:title\" content=\"Kvalitet\" \/>\n<meta property=\"og:description\" content=\"Dilucup-Systemet uppfyller kraven i ISO-standarden 6887-1:2017. Dilucup Elegance tillsammans med skakapparaterna genomg\u00e5r rigor\u00f6sa kvalitetstester.\" \/>\n<meta property=\"og:url\" content=\"https:\/\/labrobot.com\/sv\/kvalitet\/\" \/>\n<meta property=\"og:site_name\" content=\"LabRobot\" \/>\n<meta property=\"article:publisher\" content=\"https:\/\/www.facebook.com\/labrobotproductsab\" \/>\n<meta property=\"article:modified_time\" content=\"2024-10-08T08:57:47+00:00\" \/>\n<meta property=\"og:image\" content=\"https:\/\/labrobot.com\/wp-content\/uploads\/2022\/12\/1.-ISO-dilucup.jpg\" \/>\n<meta name=\"twitter:card\" content=\"summary_large_image\" \/>\n<meta name=\"twitter:label1\" content=\"Ber\u00e4knad l\u00e4stid\" \/>\n\t<meta name=\"twitter:data1\" content=\"1 minut\" \/>\n<script type=\"application\/ld+json\" class=\"yoast-schema-graph\">{\"@context\":\"https:\\\/\\\/schema.org\",\"@graph\":[{\"@type\":\"WebPage\",\"@id\":\"https:\\\/\\\/labrobot.com\\\/sv\\\/kvalitet\\\/\",\"url\":\"https:\\\/\\\/labrobot.com\\\/sv\\\/kvalitet\\\/\",\"name\":\"ISO 6887-1:2017 seriesp\u00e4dningar | F\u00e4rdiga sp\u00e4dningskoppar\",\"isPartOf\":{\"@id\":\"https:\\\/\\\/labrobot.com\\\/#website\"},\"primaryImageOfPage\":{\"@id\":\"https:\\\/\\\/labrobot.com\\\/sv\\\/kvalitet\\\/#primaryimage\"},\"image\":{\"@id\":\"https:\\\/\\\/labrobot.com\\\/sv\\\/kvalitet\\\/#primaryimage\"},\"thumbnailUrl\":\"https:\\\/\\\/labrobot.com\\\/wp-content\\\/uploads\\\/2022\\\/12\\\/1.-ISO-dilucup.jpg\",\"datePublished\":\"2021-01-14T09:22:15+00:00\",\"dateModified\":\"2024-10-08T08:57:47+00:00\",\"description\":\"Dilucup-Systemet uppfyller kraven i ISO-standarden 6887-1:2017. Dilucup Elegance tillsammans med skakapparaterna genomg\u00e5r rigor\u00f6sa kvalitetstester.\",\"breadcrumb\":{\"@id\":\"https:\\\/\\\/labrobot.com\\\/sv\\\/kvalitet\\\/#breadcrumb\"},\"inLanguage\":\"sv-SE\",\"potentialAction\":[{\"@type\":\"ReadAction\",\"target\":[\"https:\\\/\\\/labrobot.com\\\/sv\\\/kvalitet\\\/\"]}]},{\"@type\":\"ImageObject\",\"inLanguage\":\"sv-SE\",\"@id\":\"https:\\\/\\\/labrobot.com\\\/sv\\\/kvalitet\\\/#primaryimage\",\"url\":\"https:\\\/\\\/labrobot.com\\\/wp-content\\\/uploads\\\/2022\\\/12\\\/1.-ISO-dilucup.jpg\",\"contentUrl\":\"https:\\\/\\\/labrobot.com\\\/wp-content\\\/uploads\\\/2022\\\/12\\\/1.-ISO-dilucup.jpg\"},{\"@type\":\"BreadcrumbList\",\"@id\":\"https:\\\/\\\/labrobot.com\\\/sv\\\/kvalitet\\\/#breadcrumb\",\"itemListElement\":[{\"@type\":\"ListItem\",\"position\":1,\"name\":\"Home\",\"item\":\"https:\\\/\\\/labrobot.com\\\/sv\\\/\"},{\"@type\":\"ListItem\",\"position\":2,\"name\":\"Kvalitet\"}]},{\"@type\":\"WebSite\",\"@id\":\"https:\\\/\\\/labrobot.com\\\/#website\",\"url\":\"https:\\\/\\\/labrobot.com\\\/\",\"name\":\"LabRobot\",\"description\":\"Easy quick ergonomic serial dilution method\",\"publisher\":{\"@id\":\"https:\\\/\\\/labrobot.com\\\/#organization\"},\"potentialAction\":[{\"@type\":\"SearchAction\",\"target\":{\"@type\":\"EntryPoint\",\"urlTemplate\":\"https:\\\/\\\/labrobot.com\\\/?s={search_term_string}\"},\"query-input\":{\"@type\":\"PropertyValueSpecification\",\"valueRequired\":true,\"valueName\":\"search_term_string\"}}],\"inLanguage\":\"sv-SE\"},{\"@type\":\"Organization\",\"@id\":\"https:\\\/\\\/labrobot.com\\\/#organization\",\"name\":\"LabRobot Products AB\",\"url\":\"https:\\\/\\\/labrobot.com\\\/\",\"logo\":{\"@type\":\"ImageObject\",\"inLanguage\":\"sv-SE\",\"@id\":\"https:\\\/\\\/labrobot.com\\\/#\\\/schema\\\/logo\\\/image\\\/\",\"url\":\"https:\\\/\\\/labrobot.com\\\/wp-content\\\/uploads\\\/2018\\\/12\\\/LabRobot_LOGO_signatur.jpg\",\"contentUrl\":\"https:\\\/\\\/labrobot.com\\\/wp-content\\\/uploads\\\/2018\\\/12\\\/LabRobot_LOGO_signatur.jpg\",\"width\":200,\"height\":54,\"caption\":\"LabRobot Products AB\"},\"image\":{\"@id\":\"https:\\\/\\\/labrobot.com\\\/#\\\/schema\\\/logo\\\/image\\\/\"},\"sameAs\":[\"https:\\\/\\\/www.facebook.com\\\/labrobotproductsab\",\"https:\\\/\\\/www.linkedin.com\\\/company\\\/labrobot-products-ab\\\/\",\"https:\\\/\\\/www.youtube.com\\\/channel\\\/UCHGyF_OHfxI1No9ahbU-agQ\"]}]}<\/script>\n<!-- \/ Yoast SEO Premium plugin. -->","yoast_head_json":{"title":"ISO 6887-1:2017 seriesp\u00e4dningar | F\u00e4rdiga sp\u00e4dningskoppar","description":"Dilucup-Systemet uppfyller kraven i ISO-standarden 6887-1:2017. Dilucup Elegance tillsammans med skakapparaterna genomg\u00e5r rigor\u00f6sa kvalitetstester.","robots":{"index":"index","follow":"follow","max-snippet":"max-snippet:-1","max-image-preview":"max-image-preview:large","max-video-preview":"max-video-preview:-1"},"canonical":"https:\/\/labrobot.com\/sv\/kvalitet\/","og_locale":"sv_SE","og_type":"article","og_title":"Kvalitet","og_description":"Dilucup-Systemet uppfyller kraven i ISO-standarden 6887-1:2017. Dilucup Elegance tillsammans med skakapparaterna genomg\u00e5r rigor\u00f6sa kvalitetstester.","og_url":"https:\/\/labrobot.com\/sv\/kvalitet\/","og_site_name":"LabRobot","article_publisher":"https:\/\/www.facebook.com\/labrobotproductsab","article_modified_time":"2024-10-08T08:57:47+00:00","og_image":[{"url":"https:\/\/labrobot.com\/wp-content\/uploads\/2022\/12\/1.-ISO-dilucup.jpg","type":"","width":"","height":""}],"twitter_card":"summary_large_image","twitter_misc":{"Ber\u00e4knad l\u00e4stid":"1 minut"},"schema":{"@context":"https:\/\/schema.org","@graph":[{"@type":"WebPage","@id":"https:\/\/labrobot.com\/sv\/kvalitet\/","url":"https:\/\/labrobot.com\/sv\/kvalitet\/","name":"ISO 6887-1:2017 seriesp\u00e4dningar | F\u00e4rdiga sp\u00e4dningskoppar","isPartOf":{"@id":"https:\/\/labrobot.com\/#website"},"primaryImageOfPage":{"@id":"https:\/\/labrobot.com\/sv\/kvalitet\/#primaryimage"},"image":{"@id":"https:\/\/labrobot.com\/sv\/kvalitet\/#primaryimage"},"thumbnailUrl":"https:\/\/labrobot.com\/wp-content\/uploads\/2022\/12\/1.-ISO-dilucup.jpg","datePublished":"2021-01-14T09:22:15+00:00","dateModified":"2024-10-08T08:57:47+00:00","description":"Dilucup-Systemet uppfyller kraven i ISO-standarden 6887-1:2017. Dilucup Elegance tillsammans med skakapparaterna genomg\u00e5r rigor\u00f6sa kvalitetstester.","breadcrumb":{"@id":"https:\/\/labrobot.com\/sv\/kvalitet\/#breadcrumb"},"inLanguage":"sv-SE","potentialAction":[{"@type":"ReadAction","target":["https:\/\/labrobot.com\/sv\/kvalitet\/"]}]},{"@type":"ImageObject","inLanguage":"sv-SE","@id":"https:\/\/labrobot.com\/sv\/kvalitet\/#primaryimage","url":"https:\/\/labrobot.com\/wp-content\/uploads\/2022\/12\/1.-ISO-dilucup.jpg","contentUrl":"https:\/\/labrobot.com\/wp-content\/uploads\/2022\/12\/1.-ISO-dilucup.jpg"},{"@type":"BreadcrumbList","@id":"https:\/\/labrobot.com\/sv\/kvalitet\/#breadcrumb","itemListElement":[{"@type":"ListItem","position":1,"name":"Home","item":"https:\/\/labrobot.com\/sv\/"},{"@type":"ListItem","position":2,"name":"Kvalitet"}]},{"@type":"WebSite","@id":"https:\/\/labrobot.com\/#website","url":"https:\/\/labrobot.com\/","name":"LabRobot","description":"Easy quick ergonomic serial dilution method","publisher":{"@id":"https:\/\/labrobot.com\/#organization"},"potentialAction":[{"@type":"SearchAction","target":{"@type":"EntryPoint","urlTemplate":"https:\/\/labrobot.com\/?s={search_term_string}"},"query-input":{"@type":"PropertyValueSpecification","valueRequired":true,"valueName":"search_term_string"}}],"inLanguage":"sv-SE"},{"@type":"Organization","@id":"https:\/\/labrobot.com\/#organization","name":"LabRobot Products AB","url":"https:\/\/labrobot.com\/","logo":{"@type":"ImageObject","inLanguage":"sv-SE","@id":"https:\/\/labrobot.com\/#\/schema\/logo\/image\/","url":"https:\/\/labrobot.com\/wp-content\/uploads\/2018\/12\/LabRobot_LOGO_signatur.jpg","contentUrl":"https:\/\/labrobot.com\/wp-content\/uploads\/2018\/12\/LabRobot_LOGO_signatur.jpg","width":200,"height":54,"caption":"LabRobot Products AB"},"image":{"@id":"https:\/\/labrobot.com\/#\/schema\/logo\/image\/"},"sameAs":["https:\/\/www.facebook.com\/labrobotproductsab","https:\/\/www.linkedin.com\/company\/labrobot-products-ab\/","https:\/\/www.youtube.com\/channel\/UCHGyF_OHfxI1No9ahbU-agQ"]}]}},"_links":{"self":[{"href":"https:\/\/labrobot.com\/sv\/wp-json\/wp\/v2\/pages\/8952","targetHints":{"allow":["GET"]}}],"collection":[{"href":"https:\/\/labrobot.com\/sv\/wp-json\/wp\/v2\/pages"}],"about":[{"href":"https:\/\/labrobot.com\/sv\/wp-json\/wp\/v2\/types\/page"}],"author":[{"embeddable":true,"href":"https:\/\/labrobot.com\/sv\/wp-json\/wp\/v2\/users\/243"}],"replies":[{"embeddable":true,"href":"https:\/\/labrobot.com\/sv\/wp-json\/wp\/v2\/comments?post=8952"}],"version-history":[{"count":0,"href":"https:\/\/labrobot.com\/sv\/wp-json\/wp\/v2\/pages\/8952\/revisions"}],"wp:attachment":[{"href":"https:\/\/labrobot.com\/sv\/wp-json\/wp\/v2\/media?parent=8952"}],"curies":[{"name":"wp","href":"https:\/\/api.w.org\/{rel}","templated":true}]}}