{"id":5271,"date":"2021-12-07T13:10:53","date_gmt":"2021-12-07T12:10:53","guid":{"rendered":"https:\/\/rollsbowebb.se\/demo\/labrobot2018\/faq\/"},"modified":"2025-01-10T11:51:41","modified_gmt":"2025-01-10T10:51:41","slug":"faq","status":"publish","type":"page","link":"https:\/\/labrobot.com\/sv\/faq\/","title":{"rendered":"Vanliga fr\u00e5gor"},"content":{"rendered":"\n\n\t<h1>Vanliga fr\u00e5gor<\/h1>\n\t<h2>Dilucup\u00ae Elegance<\/h2>\n\t\t\t\t\t<a href=\"#\" id=\"fl-accordion--label-0\" tabindex=\"0\" aria-controls=\"fl-accordion--panel-0\">Hur m\u00e5nga Dilucups finns i en l\u00e5da och vad v\u00e4ger l\u00e5dan?<\/a>\n\t\t\t\t\t\t\t\t\t\t\t<a href=\"#\" id=\"fl-accordion--icon-0\" tabindex=\"-1\"><i title=\"Expand\">Expand<\/i><\/a>\n\t\t\t\t\t<p><em>Det finns 672 koppar i en standardl\u00e5da (2 p\u00e5sar med 336 koppar vardera) och den totala vikten \u00e4r 8,1 kg.<\/em><\/p>\n\t\t\t\t\t<a href=\"#\" id=\"fl-accordion--label-1\" tabindex=\"0\" aria-controls=\"fl-accordion--panel-1\">Vilka sp\u00e4dningsv\u00e4tskor finns tillg\u00e4ngliga?<\/a>\n\t\t\t\t\t\t\t\t\t\t\t<a href=\"#\" id=\"fl-accordion--icon-1\" tabindex=\"-1\"><i title=\"Expand\">Expand<\/i><\/a>\n<em>Dilucups finns som:<\/em>\n<ul>\n<li><em>MRD: Maximum Recovery Diluent (\u00e4ven kallad Trypton-Salt eller Pepton-Salt)<\/em><\/li>\n<li><em>BPW: buffertpeptonvatten<\/em><\/li>\n<li><em>NACL: Saltl\u00f6sning<\/em><\/li>\n<li><em>EP: Eau pepton\u00e9e \/ Peptonvatten<\/em><\/li>\n<li><em>DW<\/em>: <em><\/em><em>Deionized Water \/ <\/em>dejoniserat\u00a0vatten\n<\/li>\n<\/ul>\n<p><em>Vi kan tillverka andra sp\u00e4dningsmedel eller recept med en minimiorder p\u00e5 2 pallar. Kontakta oss om ni \u00e4r intresserad.<\/em><\/p>\n\t\t\t\t\t<a href=\"#\" id=\"fl-accordion--label-2\" tabindex=\"0\" aria-controls=\"fl-accordion--panel-2\">Var kan jag hitta formeln f\u00f6r sp\u00e4dningsv\u00e4tskorna?<\/a>\n\t\t\t\t\t\t\t\t\t\t\t<a href=\"#\" id=\"fl-accordion--icon-2\" tabindex=\"-1\"><i title=\"Expand\">Expand<\/i><\/a>\n\t\t\t\t\t<p><em>Receptet finns i de tekniska databladen<\/em><\/p>\n\t\t\t\t\t<a href=\"#\" id=\"fl-accordion--label-3\" tabindex=\"0\" aria-controls=\"fl-accordion--panel-3\">Hur l\u00e5ng tid och hur kan jag f\u00f6rvara l\u00e5dorna med Dilucups?<\/a>\n\t\t\t\t\t\t\t\t\t\t\t<a href=\"#\" id=\"fl-accordion--icon-3\" tabindex=\"-1\"><i title=\"Expand\">Expand<\/i><\/a>\n\t\t\t\t\t<p><em>S\u00e5 l\u00e4nge f\u00f6rpackningen inte \u00e4r \u00f6ppnad kan du f\u00f6rvara den vid rumstemperatur fram till utg\u00e5ngsdatum. N\u00e4r aluminiumfolien \u00e4r \u00f6ppnad rekommenderar vi att kopparna kylf\u00f6rvaras (+5\u00b0C \u00b1 3\u00b0C) och anv\u00e4ndas inom 3 m\u00e5nader. Du kan ta ut aluminiump\u00e5sen fr\u00e5n kartongen innan den l\u00e4ggs i kylsk\u00e5pet.<\/em><\/p>\n\t\t\t\t\t<a href=\"#\" id=\"fl-accordion--label-4\" tabindex=\"0\" aria-controls=\"fl-accordion--panel-4\">\u00c4r det s\u00e4kert att Dilucuperna \u00e4r sterila?<\/a>\n\t\t\t\t\t\t\t\t\t\t\t<a href=\"#\" id=\"fl-accordion--icon-4\" tabindex=\"-1\"><i title=\"Expand\">Expand<\/i><\/a>\n\t\t\t\t\t<p><em>Ja, alla Dilucup-l\u00e5dorna steriliseras med E-beam och kvalitetstestas innan batcherna sl\u00e4pps.<\/em><\/p>\n\t\t\t\t\t<a href=\"#\" id=\"fl-accordion--label-5\" tabindex=\"0\" aria-controls=\"fl-accordion--panel-5\">Ibland finns det lite fukt i aluminiump\u00e5sen. Betyder det att vissa koppar har l\u00e4ckt?<\/a>\n\t\t\t\t\t\t\t\t\t\t\t<a href=\"#\" id=\"fl-accordion--icon-5\" tabindex=\"-1\"><i title=\"Expand\">Expand<\/i><\/a>\n\t\t\t\t\t<p><em>Nej. N\u00e4r vi st\u00e4nger aluminiumfolien f\u00e5ngas lite luft i p\u00e5sen (kondens). Detta p\u00e5verkar inte volymen sp\u00e4dningsv\u00e4tska som ing\u00e5r i sj\u00e4lva koppen.<\/em><\/p>\n\t\t\t\t\t<a href=\"#\" id=\"fl-accordion--label-6\" tabindex=\"0\" aria-controls=\"fl-accordion--panel-6\">Jag skulle vilja rekommendera Dilucup Elegance till n\u00e5gra av mina kollegor i dotterbolag utomlands. Beh\u00f6ver de best\u00e4lla Dilucup i Sverige?<\/a>\n\t\t\t\t\t\t\t\t\t\t\t<a href=\"#\" id=\"fl-accordion--icon-6\" tabindex=\"-1\"><i title=\"Expand\">Expand<\/i><\/a>\n\t\t\t\t\t<p><em>Antagligen inte. Dilucup Elegance s\u00e4ljs via v\u00e5rt n\u00e4tverk av auktoriserade <a href=\"https:\/\/labrobot.com\/sv\/kontakt-distributorer\/\">distribut\u00f6rer<\/a>.<\/em><\/p>\n\t<h2>Dilugent\u00ae Shaker<\/h2>\n\t\t\t\t\t<a href=\"#\" id=\"fl-accordion--label-0\" tabindex=\"0\" aria-controls=\"fl-accordion--panel-0\">Jag vill k\u00f6pa en uppdaterad version av Dilugent\u00ae Shaker. Vad ska jag g\u00f6ra?<\/a>\n\t\t\t\t\t\t\t\t\t\t\t<a href=\"#\" id=\"fl-accordion--icon-0\" tabindex=\"-1\"><i title=\"Expand\">Expand<\/i><\/a>\n\t\t\t\t\t<p>Att uppdatera programvaran \u00e4r enkelt: anslut bara Dilugent\u00ae Shaker till en dator s\u00e5 att vi kan uppdatera versionen.<\/p>\n<p>V\u00e4nligen kontakta din lokala distribut\u00f6r s\u00e5 planerar vi en fj\u00e4rruppdatering av programvaran.<\/p>\n\t\t\t\t\t<a href=\"#\" id=\"fl-accordion--label-1\" tabindex=\"0\" aria-controls=\"fl-accordion--panel-1\">Kan jag \u00e4ndra parametrarna p\u00e5 Dilugent Shaker n\u00e4r jag har b\u00f6rjat g\u00f6ra sp\u00e4dningar?<\/a>\n\t\t\t\t\t\t\t\t\t\t\t<a href=\"#\" id=\"fl-accordion--icon-1\" tabindex=\"-1\"><i title=\"Expand\">Expand<\/i><\/a>\n\t\t\t\t\t<p><em>Ja, men bara mellan tv\u00e5 prover. F\u00f6r detta m\u00e5ste du v\u00e4lja l\u00e4mplig sida i menyn.<\/em><\/p>\n<p><em>P\u00e5 MOTOR-sidan kan du \u00e4ndra varvtalet 1 (\u2248 410 rpm), 2 (\u2248 460 rpm), 3 (\u2248 510 rpm), 4 (\u2248 560 rpm), 5 (\u2248 610 rpm), 6 (\u2248 660 rpm) och skakningstiden (1 till 60-tal). P\u00e5 SENSOR-sidan kan du \u00e4ndra till vilken sensor du vill anv\u00e4nda (h\u00f6ger eller v\u00e4nster). P\u00e5 sidan SAMPLES (den som vi rekommenderar att du v\u00e4ljer n\u00e4r du utf\u00f6r sp\u00e4dningar) kan du ocks\u00e5 \u00e4ndra antalet sp\u00e4dningar f\u00f6r n\u00e4sta prov (1 till 12).<\/em><\/p>\n\t\t\t\t\t<a href=\"#\" id=\"fl-accordion--label-2\" tabindex=\"0\" aria-controls=\"fl-accordion--panel-2\">N\u00e4r jag har avslutat sp\u00e4dningsserien och \u00e5terg\u00e5tt till huvudmenyn p\u00e5 Dilugent\u00ae Shaker, kan jag g\u00e5 tillbaka till samma Dilucup\u00ae d\u00e4r jag l\u00e4mnade?\t<\/a>\n\t\t\t\t\t\t\t\t\t\t\t<a href=\"#\" id=\"fl-accordion--icon-2\" tabindex=\"-1\"><i title=\"Expand\">Expand<\/i><\/a>\n\t\t\t\t\t<p><em>Nej. Tryck inte p\u00e5 END-knappen om din sp\u00e4dningsserie inte \u00e4r klar. Genom att trycka p\u00e5 END-knappen \u00e5terst\u00e4lls programmet och lysdioderna \u00e5terg\u00e5r automatiskt till startpositionen.<\/em><\/p>\n\t\t\t\t\t<a href=\"#\" id=\"fl-accordion--label-3\" tabindex=\"0\" aria-controls=\"fl-accordion--panel-3\">Varf\u00f6r ska jag sp\u00e5ra Dilucups batchnummer?<\/a>\n\t\t\t\t\t\t\t\t\t\t\t<a href=\"#\" id=\"fl-accordion--icon-3\" tabindex=\"-1\"><i title=\"Expand\">Expand<\/i><\/a>\n<p><em>Informationen om blisterf\u00f6rpacknings produktionstid kan vara av stort intresse vid vissa tillf\u00e4llen, d\u00e4rf\u00f6r rekommenderar vi att man skannar QR-koden p\u00e5 blisterf\u00f6rpackningen f\u00f6r att ha sp\u00e5rbarhet av det anv\u00e4nda sp\u00e4dningsmedlet.<\/em><\/p>\n\t\t\t\t\t<a href=\"#\" id=\"fl-accordion--label-4\" tabindex=\"0\" aria-controls=\"fl-accordion--panel-4\">Varf\u00f6r \u00e4r Dilugent\u00ae Shaker ett b\u00e4ttre alternativ \u00e4n Dilushaker III?<\/a>\n\t\t\t\t\t\t\t\t\t\t\t<a href=\"#\" id=\"fl-accordion--icon-4\" tabindex=\"-1\"><i title=\"Expand\">Expand<\/i><\/a>\n\t\t\t\t\t<p><em>Det finns flera anledningar till att Dilugent\u00ae Shaker \u00e4r ett b\u00e4ttre alternativ \u00e4n Dilushaker III. De viktigaste listas nedan:<\/em><\/p>\n<ul>\n<li><em>Dilugent\u00ae Shaker \u00e4r mer ergonomisk och bekv\u00e4m vid pipettering eftersom den \u00e4r l\u00e4gre. Du beh\u00f6ver inte lyfta armen s\u00e5 h\u00f6gt som med en Dilushaker III.<\/em><\/li>\n<li><em>Enklare justering av sp\u00e4dningsparametrar (tid, hastighet, antal sp\u00e4dningar).<\/em><\/li>\n<li><em>Sensorerna p\u00e5 sidorna p\u00e5 Dilugent\u00ae Shaker minskar oavsiktlig skakning som kan uppst\u00e5 med Dilushaker III n\u00e4r du arbetar.<\/em><\/li>\n<li><em>Dilugent\u00ae Shaker m\u00f6jligg\u00f6r sp\u00e5rbarhet av sp\u00e4dningarna genom att exportera all data till ett Excel\u00ae-ark.<\/em><\/li>\n<li><em>Dilugent\u00ae Shaker ger en b\u00e4ttre v\u00e4gledning f\u00f6r anv\u00e4ndaren med 42 LED-lampor ist\u00e4llet f\u00f6r 3 eller 6 p\u00e5 en Dilushaker III.<\/em><\/li>\n<li><em>Med Dilugent\u00ae Shaker kan du skaka s\u00e5 m\u00e5nga g\u00e5nger du vill utan att p\u00e5verka LED-lamporna. Detta \u00e4r om\u00f6jligt med Dilushaker III.<\/em><\/li>\n<li><em>Med Dilugent\u00ae Shaker Pro kan du g\u00f6ra flera utsp\u00e4dningsserier parallellt (replikat).<\/em><\/li>\n<\/ul>\n\t\t\t\t\t<a href=\"#\" id=\"fl-accordion--label-5\" tabindex=\"0\" aria-controls=\"fl-accordion--panel-5\">Hur m\u00e5nga program kan jag spara p\u00e5 Dilugent\u00ae Shaker?<\/a>\n\t\t\t\t\t\t\t\t\t\t\t<a href=\"#\" id=\"fl-accordion--icon-5\" tabindex=\"-1\"><i title=\"Expand\">Expand<\/i><\/a>\n\t\t\t\t\t<p><em>Upp till tv\u00e5 mallar kan lagras i Dilugent Shaker Light-versionen och upp till 10 p\u00e5 de andra versionerna.<\/em><\/p>\n\t\t\t\t\t<a href=\"#\" id=\"fl-accordion--label-6\" tabindex=\"0\" aria-controls=\"fl-accordion--panel-6\">Vilka exklusiva parametrar har Dilugent\u00ae Shaker Pro-versionen?\t<\/a>\n\t\t\t\t\t\t\t\t\t\t\t<a href=\"#\" id=\"fl-accordion--icon-6\" tabindex=\"-1\"><i title=\"Expand\">Expand<\/i><\/a>\n\t\t\t\t\t<p><em>Pro-versionen inkluderar avancerad programmering, anpassningsbara gr\u00e4nssnittsf\u00e4rger, anpassningsbara LED-ljusf\u00e4rger och m\u00f6jlighet att ansluta till LIMS.<\/em><\/p>\n<p><em>Med den avancerade programmeringen kan du v\u00e4lja eller avmarkera de Dilucups du vill anv\u00e4nda och du kan programmera f\u00f6r att g\u00f6ra repliker; det vill s\u00e4ga g\u00f6ra parallella seriesp\u00e4dningar.<\/em><\/p>\n<p><em>Det finns fyra olika teman f\u00f6r displayen och sju olika LED-ljusf\u00e4rger. Detta kan vara en f\u00f6rdel f\u00f6r f\u00e4rgblinda anv\u00e4ndare.<\/em><\/p>\n\t\t\t\t\t<a href=\"#\" id=\"fl-accordion--label-7\" tabindex=\"0\" aria-controls=\"fl-accordion--panel-7\">Kan jag anv\u00e4nda blister med 3&#215;7 Dilucups med Dilugent\u00ae Shaker?<\/a>\n\t\t\t\t\t\t\t\t\t\t\t<a href=\"#\" id=\"fl-accordion--icon-7\" tabindex=\"-1\"><i title=\"Expand\">Expand<\/i><\/a>\n<p><em>Ja. Du kan anv\u00e4nda blister med antingen 3&#215;7 eller 6&#215;7 Dilucups. Om du anv\u00e4nder blister p\u00e5 3&#215;7 kan du arbeta med dem p\u00e5 h\u00f6ger eller v\u00e4nster sida av Dilugent\u00ae Shaker. G\u00e5 till BLISTER-sidan f\u00f6r att \u00e4ndra dessa parametrar.<\/em><\/p>\n\t\t\t\t\t<a href=\"#\" id=\"fl-accordion--label-8\" tabindex=\"0\" aria-controls=\"fl-accordion--panel-8\">Vilken typ av information kan exporteras fr\u00e5n Dilugent\u00ae Shaker?<\/a>\n\t\t\t\t\t\t\t\t\t\t\t<a href=\"#\" id=\"fl-accordion--icon-8\" tabindex=\"-1\"><i title=\"Expand\">Expand<\/i><\/a>\n\t\t\t\t\t<p><em>F\u00f6r att exportera data, s\u00e4tt in ett USB-minne i en av de oanv\u00e4nda portarna p\u00e5 baksidan av Dilugent\u00ae Shaker och v\u00e4lj EXPORT i UTILITIES.<\/em><\/p>\n<p><em>En Excel\u00ae med namnet &#8221;dilugent data&#8221; exporteras till USB-minnet som inneh\u00e5ller f\u00f6ljande typ av information: identifiering av sp\u00e4dningen, provet, Dilucup-satsen och operat\u00f6ren, rotationshastighet, skakningstid, antal sp\u00e4dningar och tid d\u00e5 sp\u00e4dningen var klar.<\/em><\/p>\n\t\t\t\t\t<a href=\"#\" id=\"fl-accordion--label-9\" tabindex=\"0\" aria-controls=\"fl-accordion--panel-9\">Hur kan jag g\u00f6ra parallella sp\u00e4dningsserier samtidigt med Dilugent\u00ae Shaker Pro?<\/a>\n\t\t\t\t\t\t\t\t\t\t\t<a href=\"#\" id=\"fl-accordion--icon-9\" tabindex=\"-1\"><i title=\"Expand\">Expand<\/i><\/a>\n\t\t\t\t\t<p><em>G\u00e5 till sidan 9 i Dilugent Shakers anv\u00e4ndarhandbok f\u00f6r ett detaljerat svar.<\/em><\/p>\n\t\t\t\t\t<a href=\"#\" id=\"fl-accordion--label-10\" tabindex=\"0\" aria-controls=\"fl-accordion--panel-10\">Hur ser sk\u00e4rmen ut i de olika versionerna?<\/a>\n\t\t\t\t\t\t\t\t\t\t\t<a href=\"#\" id=\"fl-accordion--icon-10\" tabindex=\"-1\"><i title=\"Expand\">Expand<\/i><\/a>\n\t\t\t\t\t<p>De\u00a0huvudsakliga\u00a0skillnaderna\u00a0p\u00e5\u00a0sk\u00e4rmen\u00a0\u00e4r\u00a0f\u00f6ljande:<\/p>\n<table border=\"0\">\n<tbody>\n<tr>\n<td><strong><em>Light<\/em><\/strong><\/td>\n<td><strong>Standard och <em>Pro<\/em><\/strong><\/td>\n<\/tr>\n<tr>\n<td><img loading=\"lazy\" decoding=\"async\" src=\"https:\/\/labrobot.com\/wp-content\/uploads\/2025\/01\/main-DGS-Light-300x176.jpg\" alt=\"version dilugent program\" width=\"390\" height=\"229\" \/>\n&nbsp;<\/td>\n<td><img loading=\"lazy\" decoding=\"async\" src=\"https:\/\/labrobot.com\/wp-content\/uploads\/2025\/01\/main-DGS-Pro-300x176.jpg\" alt=\"dilugent program\" width=\"390\" height=\"229\" \/>\n&nbsp;<\/td>\n<\/tr>\n<tr>\n<td><strong><em>Light<\/em><\/strong><\/td>\n<td><strong>Standard och <em>Pro<\/em><\/strong><\/td>\n<\/tr>\n<tr>\n<td><img loading=\"lazy\" decoding=\"async\" src=\"https:\/\/labrobot.com\/wp-content\/uploads\/2025\/01\/samples-Light-300x176.jpg\" alt=\"\" width=\"390\" height=\"229\" \/><\/td>\n<td><img loading=\"lazy\" decoding=\"async\" src=\"https:\/\/labrobot.com\/wp-content\/uploads\/2025\/01\/samples-Pro-300x176.jpg\" alt=\"\" width=\"390\" height=\"229\" \/><\/td>\n<\/tr>\n<tr>\n\n\n<\/tr>\n<tr>\n<td><strong><em>Light<\/em><\/strong>\n<img loading=\"lazy\" decoding=\"async\" src=\"https:\/\/labrobot.com\/wp-content\/uploads\/2025\/01\/utilities-Light-300x185.jpg\" alt=\"\" width=\"391\" height=\"241\" \/><\/td>\n<td><strong>Standard<\/strong>\n<img loading=\"lazy\" decoding=\"async\" src=\"https:\/\/labrobot.com\/wp-content\/uploads\/2025\/01\/utilities-SD-300x185.jpg\" alt=\"\" width=\"391\" height=\"241\" \/><\/td>\n<\/tr>\n<tr>\n<td><strong><em>Pro<\/em><\/strong>\n<img loading=\"lazy\" decoding=\"async\" src=\"https:\/\/labrobot.com\/wp-content\/uploads\/2025\/01\/utilities-Pro-300x185.jpg\" alt=\"\" width=\"391\" height=\"241\" \/><\/td>\n<td><strong>\u00a0<\/strong><\/td>\n<\/tr>\n<\/tbody>\n<\/table>\n\t<h2>Dilushaker III<\/h2>\n\t\t\t\t\t<a href=\"#\" id=\"fl-accordion--label-0\" tabindex=\"0\" aria-controls=\"fl-accordion--panel-0\">Vilka parametrar kan justeras p\u00e5 en Dilushaker III?<\/a>\n\t\t\t\t\t\t\t\t\t\t\t<a href=\"#\" id=\"fl-accordion--icon-0\" tabindex=\"-1\"><i title=\"Expand\">Expand<\/i><\/a>\n\t\t\t\t\t<p><em>Rotationshastigheten kan st\u00e4llas in till 1 (\u2248 400 rpm), 2 (\u2248 500 rpm) eller 3 (\u2248 600 rpm). Skakningstiden kan st\u00e4llas in till mellan 1 och 15 sekunder\/prov.<\/em><\/p>\n\t\t\t\t\t<a href=\"#\" id=\"fl-accordion--label-1\" tabindex=\"0\" aria-controls=\"fl-accordion--panel-1\">G\u00e5r det att g\u00f6ra sp\u00e4dningarna vid permanent skakning?<\/a>\n\t\t\t\t\t\t\t\t\t\t\t<a href=\"#\" id=\"fl-accordion--icon-1\" tabindex=\"-1\"><i title=\"Expand\">Expand<\/i><\/a>\n<em>Ja, i menyn &#8221;Tid&#8221; kan du v\u00e4lja &#8221;-&#8221;.<\/em><br \/>\n<em>Dilushakern b\u00f6rjar skaka n\u00e4r du aktiverar den optiska sensorn och slutar inte tills du st\u00e4nger av den via sensorn igen.<\/em><br \/>\n<em>Vi rekommenderar inte det h\u00e4r s\u00e4ttet eftersom:<\/em>\n<ol>\n<li><em>Skakningstiden blir inte standardiserad<\/em><\/li>\n<li><em>LED-rampen inte kan anv\u00e4ndas<\/em><\/li>\n<\/ol>\n<ol>\n<li><em>The shaking time is not standardized,<\/em><\/li>\n<li><em>The LED ramp cannot be used.<\/em><\/li>\n<\/ol>\n\t\t\t\t\t<a href=\"#\" id=\"fl-accordion--label-2\" tabindex=\"0\" aria-controls=\"fl-accordion--panel-2\">Hur kan jag \u00e4ndra arbetsfl\u00f6desriktningen f\u00f6r lysdioderna p\u00e5 rampen p\u00e5 en Dilushaker III?<\/a>\n\t\t\t\t\t\t\t\t\t\t\t<a href=\"#\" id=\"fl-accordion--icon-2\" tabindex=\"-1\"><i title=\"Expand\">Expand<\/i><\/a>\n\t\t\t\t\t<p><em>Logga in f\u00f6r att se svaret.<\/em><\/p>\n\t\t\t\t\t<a href=\"#\" id=\"fl-accordion--label-3\" tabindex=\"0\" aria-controls=\"fl-accordion--panel-3\">Rampen p\u00e5 min Dilushaker III fungerar inte l\u00e4ngre. Hur kan jag fixa det?\t<\/a>\n\t\t\t\t\t\t\t\t\t\t\t<a href=\"#\" id=\"fl-accordion--icon-3\" tabindex=\"-1\"><i title=\"Expand\">Expand<\/i><\/a>\n\t\t\t\t\t<p><em>Logga in f\u00f6r att se svaret.<\/em><\/p>\n<h2>\n\t\tHar du fler fr\u00e5gor?\n\t<\/h2>\n\t<p>Kontakta g\u00e4rna oss f\u00f6r andra fr\u00e5gor som inte n\u00e4mns ovan:<\/p>\n\n","protected":false},"excerpt":{"rendered":"<p>Vanliga fr\u00e5gor Dilucup\u00ae Elegance Hur m\u00e5nga Dilucups finns i en l\u00e5da och vad v\u00e4ger l\u00e5dan? Expand Det finns 672 koppar i en standardl\u00e5da (2 p\u00e5sar med 336 koppar vardera) och den totala vikten \u00e4r 8,1 kg. Vilka sp\u00e4dningsv\u00e4tskor finns tillg\u00e4ngliga? Expand Dilucups finns som: MRD: Maximum Recovery Diluent (\u00e4ven kallad Trypton-Salt eller Pepton-Salt) BPW: buffertpeptonvatten &#8230; <a title=\"Vanliga fr\u00e5gor\" class=\"read-more\" href=\"https:\/\/labrobot.com\/sv\/faq\/\" aria-label=\"L\u00e4s mer om Vanliga fr\u00e5gor\">Read more<\/a><\/p>\n","protected":false},"author":243,"featured_media":0,"parent":0,"menu_order":12,"comment_status":"closed","ping_status":"closed","template":"","meta":{"_acf_changed":false,"generate_page_header":"","footnotes":""},"class_list":["post-5271","page","type-page","status-publish"],"acf":[],"yoast_head":"<!-- This site is optimized with the Yoast SEO Premium plugin v27.3 (Yoast SEO v27.3) - https:\/\/yoast.com\/product\/yoast-seo-premium-wordpress\/ -->\n<title>MRD | BFD | NACL-sp\u00e4dningsmedel f\u00f6r seriesp\u00e4dningar med Dilucup | Vanliga fr\u00e5gor<\/title>\n<meta name=\"description\" content=\"Maximal \u00e5terh\u00e4mtnings sp\u00e4dningsmedel (MRD, Tryptone-Salt eller Peptone-Salt) \u00e4r ett av de sp\u00e4dningsmedel som finns i Dilucup f\u00f6r att g\u00f6ra seriesp\u00e4dningar.\" \/>\n<meta name=\"robots\" content=\"index, follow, max-snippet:-1, max-image-preview:large, max-video-preview:-1\" \/>\n<link rel=\"canonical\" href=\"https:\/\/labrobot.com\/sv\/faq\/\" \/>\n<meta property=\"og:locale\" content=\"sv_SE\" \/>\n<meta property=\"og:type\" content=\"article\" \/>\n<meta property=\"og:title\" content=\"Vanliga fr\u00e5gor\" \/>\n<meta property=\"og:description\" content=\"Maximal \u00e5terh\u00e4mtnings sp\u00e4dningsmedel (MRD, Tryptone-Salt eller Peptone-Salt) \u00e4r ett av de sp\u00e4dningsmedel som finns i Dilucup f\u00f6r att g\u00f6ra seriesp\u00e4dningar.\" \/>\n<meta property=\"og:url\" content=\"https:\/\/labrobot.com\/sv\/faq\/\" \/>\n<meta property=\"og:site_name\" content=\"LabRobot\" \/>\n<meta property=\"article:publisher\" content=\"https:\/\/www.facebook.com\/labrobotproductsab\" \/>\n<meta property=\"article:modified_time\" content=\"2025-01-10T10:51:41+00:00\" \/>\n<meta property=\"og:image\" content=\"https:\/\/labrobot.com\/wp-content\/uploads\/2025\/01\/main-DGS-Light-300x176.jpg\" \/>\n<meta name=\"twitter:card\" content=\"summary_large_image\" \/>\n<meta name=\"twitter:label1\" content=\"Ber\u00e4knad l\u00e4stid\" \/>\n\t<meta name=\"twitter:data1\" content=\"6 minuter\" \/>\n<script type=\"application\/ld+json\" class=\"yoast-schema-graph\">{\"@context\":\"https:\\\/\\\/schema.org\",\"@graph\":[{\"@type\":\"WebPage\",\"@id\":\"https:\\\/\\\/labrobot.com\\\/sv\\\/faq\\\/\",\"url\":\"https:\\\/\\\/labrobot.com\\\/sv\\\/faq\\\/\",\"name\":\"MRD | BFD | NACL-sp\u00e4dningsmedel f\u00f6r seriesp\u00e4dningar med Dilucup | Vanliga fr\u00e5gor\",\"isPartOf\":{\"@id\":\"https:\\\/\\\/labrobot.com\\\/#website\"},\"primaryImageOfPage\":{\"@id\":\"https:\\\/\\\/labrobot.com\\\/sv\\\/faq\\\/#primaryimage\"},\"image\":{\"@id\":\"https:\\\/\\\/labrobot.com\\\/sv\\\/faq\\\/#primaryimage\"},\"thumbnailUrl\":\"https:\\\/\\\/labrobot.com\\\/wp-content\\\/uploads\\\/2025\\\/01\\\/main-DGS-Light-300x176.jpg\",\"datePublished\":\"2021-12-07T12:10:53+00:00\",\"dateModified\":\"2025-01-10T10:51:41+00:00\",\"description\":\"Maximal \u00e5terh\u00e4mtnings sp\u00e4dningsmedel (MRD, Tryptone-Salt eller Peptone-Salt) \u00e4r ett av de sp\u00e4dningsmedel som finns i Dilucup f\u00f6r att g\u00f6ra seriesp\u00e4dningar.\",\"breadcrumb\":{\"@id\":\"https:\\\/\\\/labrobot.com\\\/sv\\\/faq\\\/#breadcrumb\"},\"inLanguage\":\"sv-SE\",\"potentialAction\":[{\"@type\":\"ReadAction\",\"target\":[\"https:\\\/\\\/labrobot.com\\\/sv\\\/faq\\\/\"]}]},{\"@type\":\"ImageObject\",\"inLanguage\":\"sv-SE\",\"@id\":\"https:\\\/\\\/labrobot.com\\\/sv\\\/faq\\\/#primaryimage\",\"url\":\"https:\\\/\\\/labrobot.com\\\/wp-content\\\/uploads\\\/2025\\\/01\\\/main-DGS-Light-300x176.jpg\",\"contentUrl\":\"https:\\\/\\\/labrobot.com\\\/wp-content\\\/uploads\\\/2025\\\/01\\\/main-DGS-Light-300x176.jpg\"},{\"@type\":\"BreadcrumbList\",\"@id\":\"https:\\\/\\\/labrobot.com\\\/sv\\\/faq\\\/#breadcrumb\",\"itemListElement\":[{\"@type\":\"ListItem\",\"position\":1,\"name\":\"Home\",\"item\":\"https:\\\/\\\/labrobot.com\\\/sv\\\/\"},{\"@type\":\"ListItem\",\"position\":2,\"name\":\"Vanliga fr\u00e5gor\"}]},{\"@type\":\"WebSite\",\"@id\":\"https:\\\/\\\/labrobot.com\\\/#website\",\"url\":\"https:\\\/\\\/labrobot.com\\\/\",\"name\":\"LabRobot\",\"description\":\"Easy quick ergonomic serial dilution method\",\"publisher\":{\"@id\":\"https:\\\/\\\/labrobot.com\\\/#organization\"},\"potentialAction\":[{\"@type\":\"SearchAction\",\"target\":{\"@type\":\"EntryPoint\",\"urlTemplate\":\"https:\\\/\\\/labrobot.com\\\/?s={search_term_string}\"},\"query-input\":{\"@type\":\"PropertyValueSpecification\",\"valueRequired\":true,\"valueName\":\"search_term_string\"}}],\"inLanguage\":\"sv-SE\"},{\"@type\":\"Organization\",\"@id\":\"https:\\\/\\\/labrobot.com\\\/#organization\",\"name\":\"LabRobot Products AB\",\"url\":\"https:\\\/\\\/labrobot.com\\\/\",\"logo\":{\"@type\":\"ImageObject\",\"inLanguage\":\"sv-SE\",\"@id\":\"https:\\\/\\\/labrobot.com\\\/#\\\/schema\\\/logo\\\/image\\\/\",\"url\":\"https:\\\/\\\/labrobot.com\\\/wp-content\\\/uploads\\\/2018\\\/12\\\/LabRobot_LOGO_signatur.jpg\",\"contentUrl\":\"https:\\\/\\\/labrobot.com\\\/wp-content\\\/uploads\\\/2018\\\/12\\\/LabRobot_LOGO_signatur.jpg\",\"width\":200,\"height\":54,\"caption\":\"LabRobot Products AB\"},\"image\":{\"@id\":\"https:\\\/\\\/labrobot.com\\\/#\\\/schema\\\/logo\\\/image\\\/\"},\"sameAs\":[\"https:\\\/\\\/www.facebook.com\\\/labrobotproductsab\",\"https:\\\/\\\/www.linkedin.com\\\/company\\\/labrobot-products-ab\\\/\",\"https:\\\/\\\/www.youtube.com\\\/channel\\\/UCHGyF_OHfxI1No9ahbU-agQ\"]}]}<\/script>\n<!-- \/ Yoast SEO Premium plugin. -->","yoast_head_json":{"title":"MRD | BFD | NACL-sp\u00e4dningsmedel f\u00f6r seriesp\u00e4dningar med Dilucup | Vanliga fr\u00e5gor","description":"Maximal \u00e5terh\u00e4mtnings sp\u00e4dningsmedel (MRD, Tryptone-Salt eller Peptone-Salt) \u00e4r ett av de sp\u00e4dningsmedel som finns i Dilucup f\u00f6r att g\u00f6ra seriesp\u00e4dningar.","robots":{"index":"index","follow":"follow","max-snippet":"max-snippet:-1","max-image-preview":"max-image-preview:large","max-video-preview":"max-video-preview:-1"},"canonical":"https:\/\/labrobot.com\/sv\/faq\/","og_locale":"sv_SE","og_type":"article","og_title":"Vanliga fr\u00e5gor","og_description":"Maximal \u00e5terh\u00e4mtnings sp\u00e4dningsmedel (MRD, Tryptone-Salt eller Peptone-Salt) \u00e4r ett av de sp\u00e4dningsmedel som finns i Dilucup f\u00f6r att g\u00f6ra seriesp\u00e4dningar.","og_url":"https:\/\/labrobot.com\/sv\/faq\/","og_site_name":"LabRobot","article_publisher":"https:\/\/www.facebook.com\/labrobotproductsab","article_modified_time":"2025-01-10T10:51:41+00:00","og_image":[{"url":"https:\/\/labrobot.com\/wp-content\/uploads\/2025\/01\/main-DGS-Light-300x176.jpg","type":"","width":"","height":""}],"twitter_card":"summary_large_image","twitter_misc":{"Ber\u00e4knad l\u00e4stid":"6 minuter"},"schema":{"@context":"https:\/\/schema.org","@graph":[{"@type":"WebPage","@id":"https:\/\/labrobot.com\/sv\/faq\/","url":"https:\/\/labrobot.com\/sv\/faq\/","name":"MRD | BFD | NACL-sp\u00e4dningsmedel f\u00f6r seriesp\u00e4dningar med Dilucup | Vanliga fr\u00e5gor","isPartOf":{"@id":"https:\/\/labrobot.com\/#website"},"primaryImageOfPage":{"@id":"https:\/\/labrobot.com\/sv\/faq\/#primaryimage"},"image":{"@id":"https:\/\/labrobot.com\/sv\/faq\/#primaryimage"},"thumbnailUrl":"https:\/\/labrobot.com\/wp-content\/uploads\/2025\/01\/main-DGS-Light-300x176.jpg","datePublished":"2021-12-07T12:10:53+00:00","dateModified":"2025-01-10T10:51:41+00:00","description":"Maximal \u00e5terh\u00e4mtnings sp\u00e4dningsmedel (MRD, Tryptone-Salt eller Peptone-Salt) \u00e4r ett av de sp\u00e4dningsmedel som finns i Dilucup f\u00f6r att g\u00f6ra seriesp\u00e4dningar.","breadcrumb":{"@id":"https:\/\/labrobot.com\/sv\/faq\/#breadcrumb"},"inLanguage":"sv-SE","potentialAction":[{"@type":"ReadAction","target":["https:\/\/labrobot.com\/sv\/faq\/"]}]},{"@type":"ImageObject","inLanguage":"sv-SE","@id":"https:\/\/labrobot.com\/sv\/faq\/#primaryimage","url":"https:\/\/labrobot.com\/wp-content\/uploads\/2025\/01\/main-DGS-Light-300x176.jpg","contentUrl":"https:\/\/labrobot.com\/wp-content\/uploads\/2025\/01\/main-DGS-Light-300x176.jpg"},{"@type":"BreadcrumbList","@id":"https:\/\/labrobot.com\/sv\/faq\/#breadcrumb","itemListElement":[{"@type":"ListItem","position":1,"name":"Home","item":"https:\/\/labrobot.com\/sv\/"},{"@type":"ListItem","position":2,"name":"Vanliga fr\u00e5gor"}]},{"@type":"WebSite","@id":"https:\/\/labrobot.com\/#website","url":"https:\/\/labrobot.com\/","name":"LabRobot","description":"Easy quick ergonomic serial dilution method","publisher":{"@id":"https:\/\/labrobot.com\/#organization"},"potentialAction":[{"@type":"SearchAction","target":{"@type":"EntryPoint","urlTemplate":"https:\/\/labrobot.com\/?s={search_term_string}"},"query-input":{"@type":"PropertyValueSpecification","valueRequired":true,"valueName":"search_term_string"}}],"inLanguage":"sv-SE"},{"@type":"Organization","@id":"https:\/\/labrobot.com\/#organization","name":"LabRobot Products AB","url":"https:\/\/labrobot.com\/","logo":{"@type":"ImageObject","inLanguage":"sv-SE","@id":"https:\/\/labrobot.com\/#\/schema\/logo\/image\/","url":"https:\/\/labrobot.com\/wp-content\/uploads\/2018\/12\/LabRobot_LOGO_signatur.jpg","contentUrl":"https:\/\/labrobot.com\/wp-content\/uploads\/2018\/12\/LabRobot_LOGO_signatur.jpg","width":200,"height":54,"caption":"LabRobot Products AB"},"image":{"@id":"https:\/\/labrobot.com\/#\/schema\/logo\/image\/"},"sameAs":["https:\/\/www.facebook.com\/labrobotproductsab","https:\/\/www.linkedin.com\/company\/labrobot-products-ab\/","https:\/\/www.youtube.com\/channel\/UCHGyF_OHfxI1No9ahbU-agQ"]}]}},"_links":{"self":[{"href":"https:\/\/labrobot.com\/sv\/wp-json\/wp\/v2\/pages\/5271","targetHints":{"allow":["GET"]}}],"collection":[{"href":"https:\/\/labrobot.com\/sv\/wp-json\/wp\/v2\/pages"}],"about":[{"href":"https:\/\/labrobot.com\/sv\/wp-json\/wp\/v2\/types\/page"}],"author":[{"embeddable":true,"href":"https:\/\/labrobot.com\/sv\/wp-json\/wp\/v2\/users\/243"}],"replies":[{"embeddable":true,"href":"https:\/\/labrobot.com\/sv\/wp-json\/wp\/v2\/comments?post=5271"}],"version-history":[{"count":0,"href":"https:\/\/labrobot.com\/sv\/wp-json\/wp\/v2\/pages\/5271\/revisions"}],"wp:attachment":[{"href":"https:\/\/labrobot.com\/sv\/wp-json\/wp\/v2\/media?parent=5271"}],"curies":[{"name":"wp","href":"https:\/\/api.w.org\/{rel}","templated":true}]}}