{"id":5224,"date":"2018-12-07T11:56:36","date_gmt":"2018-12-07T10:56:36","guid":{"rendered":"https:\/\/rollsbowebb.se\/demo\/labrobot2018\/our-products\/"},"modified":"2025-05-22T08:29:51","modified_gmt":"2025-05-22T07:29:51","slug":"dilucup-elegance","status":"publish","type":"page","link":"https:\/\/labrobot.com\/sv\/dilucup-elegance\/","title":{"rendered":"Dilucup Elegance"},"content":{"rendered":"\n\n<h2>\n\t\tDilucup\u00ae Elegance\n\t<\/h2>\n<h1>\n\t\tF\u00e4rdigfyllda sp\u00e4dningskoppar\n\t<\/h1>\n\t<p><em>F\u00f6rfyllda sp\u00e4dningskoppar \u00e4r det ergonomiska och effektiva alternativet till sp\u00e4dningsr\u00f6r och vortexmixrar.<\/em><\/p>\n<ul>\n<li>Steril: producerad i renrum och steriliserad genom bestr\u00e5lning<\/li>\n<li>Mycket noggranna sp\u00e4dningsvolymer: 9 mL \u00b1 2%<br \/>\nVanligtvis 9 mL \u00b1 0,5%<\/li>\n<li>L\u00e5ng h\u00e5llbarhet p\u00e5 30 m\u00e5nader<\/li>\n<li>Uppfyller ISO-standarder<\/li>\n<\/ul>\n\t\t\t<img decoding=\"async\" loading='false' src=\"https:\/\/labrobot.com\/wp-content\/uploads\/2024\/07\/dilucup-MRD-blister-scaled.jpg\" alt=\"MRD maximum recory diluent\" \/>\t\t\t\n\t\t\t<img decoding=\"async\" loading='false' src=\"https:\/\/labrobot.com\/wp-content\/uploads\/2023\/11\/Accurate-volume.png\" alt=\"Accurate volume diluent 9ml MRD NACL BPW\" \/>\t\t\t\n\t\t\t<img decoding=\"async\" loading='false' src=\"https:\/\/labrobot.com\/wp-content\/uploads\/2024\/05\/serial-dilution-cups-scaled.jpg\" alt=\"dilution cups with saline solution\" \/>\t\t\t\n\t\t\t<img decoding=\"async\" loading='false' src=\"https:\/\/labrobot.com\/wp-content\/uploads\/2018\/10\/IMG_9052-scaled.jpg\" alt=\"peptone water\" \/>\t\t\t\n\t\t\t\t<img loading=\"lazy\" decoding=\"async\" src=\"https:\/\/labrobot.com\/wp-content\/uploads\/2022\/02\/dilucup-features-1024x700.jpg\" alt=\"dilucup funktioner\" itemprop=\"image\" height=\"700\" width=\"1024\" title=\"dilucup funktioner\" onerror=\"this.style.display='none'\"  \/>\n<h4>\n\t\tS\u00e4kerst\u00e4ll homogen blandning\n\t<\/h4>\n\t<p>Insidan av Dilucup\u00ae skakas noggrant med en av de tv\u00e5 tillg\u00e4ngliga laboratorieskakarna,<a href=\"https:\/\/labrobot.com\/sv\/dilushaker-iii\/\"> Dilushaker III<\/a> eller <a href=\"https:\/\/labrobot.com\/sv\/dilugent-shaker\/\">Dilugent\u00ae Shaker<\/a>. Tack vare koppens smarta design kan den rotera i h\u00f6ga hastigheter (400 &#8211; 660 rpm) utan att spilla, vilket s\u00e4kerst\u00e4ller en homogen blandning.<\/p>\n<p>F\u00f6r att b\u00f6rja, placera helt enkelt blisterf\u00f6rpackningen med Dilucups ovanp\u00e5 skakapparaten. \u00d6ppna sedan det antal koppar du avser att anv\u00e4nda genom att riva av en tunn film. Detta lager p\u00e5 toppen garanterar inte bara sterilitet utan s\u00e4kerst\u00e4ller ocks\u00e5 r\u00e4tt volym inuti kopparna.<\/p>\n<p>Du kan anv\u00e4nda en <a href=\"https:\/\/labrobot.com\/sv\/ny-dilucup-brytbladskniv\/\">bladskniv<\/a>\u00a0f\u00f6r att sk\u00e4ra filmen eller sax f\u00f6r att klippa hela blisterf\u00f6rpackningen f\u00f6r att separera kopparna.<\/p>\n<h4>\n\t\tSp\u00e5ra dina sp\u00e4dningar\n\t<\/h4>\n\t<p>Att sp\u00e5ra metoderna i laboratoriet \u00e4r av yttersta vikt f\u00f6r att kunna g\u00e5 tillbaka vid ett misstag och unders\u00f6ka varf\u00f6r det intr\u00e4ffade.<\/p>\n<p>F\u00f6r att underl\u00e4tta detta \u00e4r b\u00e5de blisterf\u00f6rpackningarna och p\u00e5sarna med Dilucup\u00ae utrustade med QR-koder som enkelt kan skannas av Dilugent\u00ae Shaker. Dessutom kan du extrahera informationen med ett USB-minne och sedan lagra den p\u00e5 datorn.<\/p>\n\t\t\t\t<img loading=\"lazy\" decoding=\"async\" src=\"https:\/\/labrobot.com\/wp-content\/uploads\/2024\/08\/QR-code-Dilucups-scaled.jpg\" alt=\"qr code dilution tubes cups dilucup\" itemprop=\"image\" height=\"1353\" width=\"2560\" title=\"QR code Dilucups\" onerror=\"this.style.display='none'\"  \/>\n\t<p><strong>Hur m\u00e5nga prover?<\/strong><\/p>\n\t\t21\n\t\t\t\t\t7&#215;3 Dilucups\n\t\t42\n\t\t\t\t\t7&#215;6 Dilucups\n\t<p>Dilucup\u00ae Elegance\u00a0finns i blisterf\u00f6rpackningar med sju rader av antingen tre (7&#215;3) eller sex koppar (7&#215;6).<\/p>\n<p> Beroende p\u00e5 antalet sp\u00e4dningar per prov som du vanligtvis utf\u00f6r kan du tycka att den lilla eller stora blisterf\u00f6rpackningen \u00e4r mer praktisk. <\/p>\n<p>Till exempel, om du vanligtvis utf\u00f6r 3 sp\u00e4dningar, rekommenderar vi blisterf\u00f6rpackningen med 7&#215;3 Dilucups. Men om du vanligtvis utf\u00f6r mer \u00e4n 3 sp\u00e4dningar, \u00e4r den st\u00f6rre blisterf\u00f6rpackningen med 7&#215;6 koppar f\u00f6rmodligen b\u00e4st f\u00f6r dig. <\/p>\n<p>B\u00e5da versionerna \u00e4r designade f\u00f6r att passa perfekt p\u00e5 brickan av Dilushaker III och Dilugent\u00ae Shaker.<\/p>\n\t\t\t\t<img loading=\"lazy\" decoding=\"async\" src=\"https:\/\/labrobot.com\/wp-content\/uploads\/2022\/02\/dilucup-7x3-7x6-1-scaled.jpg\" alt=\"dilucup 7x3 7x6\" itemprop=\"image\" height=\"1707\" width=\"2560\" title=\"dilucup 7x3 7x6\" onerror=\"this.style.display='none'\"  \/>\n\t<h4><strong>Sp\u00e4dningsmedel<\/strong><\/h4>\n\n<br \/>\nF\u00f6ljande egenskaper g\u00e4ller f\u00f6r alla v\u00e5ra standard f\u00f6rfyllda sp\u00e4dningskoppar f\u00f6rutom DW:<br \/>\n\n\t<p>Volym:<\/p>\n\t<p>pH:<\/p>\n\t<p>Mikrobiologisk produktivitet:<\/p>\n\t<p>Kvantitet:<\/p>\n\t<p>3 koppar \/ rad:<\/p>\n\t<p>6 koppar \/ rad:<\/p>\n\t<p>9 mL \u00b1 2 % <em>(enligt ISO 6887-1:2017)<\/em><\/p>\n\t<p>7,0 \u00b1 0,2 <em>(enligt ISO 6887-1:2017)<\/em><\/p>\n\t<p>verifierad med <em>E. coli <\/em>och <em>S. aureus (enligt ISO 11133:2014)<\/em><\/p>\n\t<p>672 koppar \/ kartong<\/p>\n\t<p>2 p\u00e5sar x 16 blisters x 21 Dilucups per kartong<\/p>\n\t<p>2 p\u00e5sar x 8 blisters x 42 Dilucups per kartong<\/p>\n\t<h3><strong>NACL<\/strong><\/h3>\n<h4><em>Saltl\u00f6sning \/<br \/>\nSalt diluent<\/em><\/h4>\n<h4>Buffrad l\u00f6sning inklusive<br \/>\n<strong>8,5 g\/L NaCl <\/strong>\n<strong>40DENACL3:<\/strong> 3 koppar\/rad<br \/>\n<strong>40DENACL6:<\/strong> 6 koppar\/rad<\/h4>\n\t\t\t\t<img loading=\"lazy\" decoding=\"async\" src=\"https:\/\/labrobot.com\/wp-content\/uploads\/2024\/05\/serial-dilution-cups-scaled.jpg\" alt=\"dilution cups with saline solution\" itemprop=\"image\" height=\"1698\" width=\"2560\" title=\"serial dilution cups\" onerror=\"this.style.display='none'\"  \/>\n\t<h3><strong>MRD<\/strong><\/h3>\n<h4><em>Maximal Recovery Diluent \/ Peptone Salt<\/em><\/h4>\n<p>Buffrad l\u00f6sning inklusive <strong>1 g\/L peptoner, 8,5 g\/L NaCl <\/strong><\/p>\n<strong>40DEMRD3:<\/strong> 3 koppar\/rad<br \/>\n<strong>40DEMRD6:<\/strong> 6 koppar\/rad\n\t\t\t\t<img loading=\"lazy\" decoding=\"async\" src=\"https:\/\/labrobot.com\/wp-content\/uploads\/2024\/07\/dilucup-MRD-blister-scaled.jpg\" alt=\"MRD maximum recory diluent\" itemprop=\"image\" height=\"1707\" width=\"2560\" title=\"dilucup MRD blister\" onerror=\"this.style.display='none'\"  \/>\n\t<h3><strong>BPW<\/strong><\/h3>\n<h4><em>Buffered Peptone Water \/ Buffrat peptonvatten\u00a0<\/em><\/h4>\n<p>Buffrad l\u00f6sning inklusive <strong>10 g\/L peptoner, 5 g\/L NaCl<\/strong><\/p>\n<strong>40DEBPW3:<\/strong> 3 koppar\/rad<br \/>\n<strong>40DEBPW6:<\/strong> 6 koppar\/rad\n\t\t\t\t<img loading=\"lazy\" decoding=\"async\" src=\"https:\/\/labrobot.com\/wp-content\/uploads\/2018\/10\/IMG_9052-scaled.jpg\" alt=\"peptone water\" itemprop=\"image\" height=\"1707\" width=\"2560\" title=\"IMG_9052\" onerror=\"this.style.display='none'\"  \/>\n\t<h3><strong>EP<\/strong><\/h3>\n<h4><em>Eau pepton\u00e9e \/<br \/>\nP<\/em><em>eptonvatten\u00a0<\/em><\/h4>\n<h4>Buffrad l\u00f6sning inklusive<br \/>\n<strong>0,1% pepton<\/strong>\n<strong>40DEEP3:<\/strong> 3 koppar\/rad<br \/>\n<strong>40DEEP6:<\/strong> 6 koppar\/rad<\/h4>\n\t\t\t\t<img loading=\"lazy\" decoding=\"async\" src=\"https:\/\/labrobot.com\/wp-content\/uploads\/2018\/12\/serial-dilution-scaled.jpg\" alt=\"saline diluent nacl\" itemprop=\"image\" height=\"1579\" width=\"2560\" title=\"serial dilution\" onerror=\"this.style.display='none'\"  \/>\n\t<h3><strong>DW<\/strong><\/h3>\n<h4><em>Deionized Water \/ Avjoniserat vatten<\/em><\/h4>\nKonduktivitet: mindre \u00e4n 10 \u03bcS\/cm<br \/>\n\n<strong>40DEDW3:<\/strong> 3 koppar\/rad<br \/>\n<strong>40DEDW6:<\/strong> 6 koppar\/rad\n\t\t\t\t<img loading=\"lazy\" decoding=\"async\" src=\"https:\/\/labrobot.com\/wp-content\/uploads\/2024\/10\/IMG_9146-scaled.jpg\" alt=\"deionized water dilution cups\" itemprop=\"image\" height=\"2560\" width=\"1707\" title=\"IMG_9146\" onerror=\"this.style.display='none'\"  \/>\n<h4>\n\t\tDatablad\n\t<\/h4>\n\t\t\t<a href=\"https:\/\/labrobot.com\/wp-content\/uploads\/2024\/09\/Datablad-MRD-09-2024-sve.pdf\" target=\"_blank\" rel=\"noopener\">\n\t\t\t\t\t\tDatablad MRD\n\t\t\t\t\t<\/a>\n\t\t\t<a href=\"https:\/\/labrobot.com\/wp-content\/uploads\/2024\/09\/Datablad-BPW-09-2024-sve.pdf\" target=\"_blank\" rel=\"noopener\">\n\t\t\t\t\t\tDatablad BPW\n\t\t\t\t\t<\/a>\n\t\t\t<a href=\"https:\/\/labrobot.com\/wp-content\/uploads\/2024\/09\/Datablad-NACL-09-2024-sve.pdf\" target=\"_blank\" rel=\"noopener\">\n\t\t\t\t\t\tDatablad NACL\n\t\t\t\t\t<\/a>\n\t\t\t<a href=\"https:\/\/labrobot.com\/wp-content\/uploads\/2024\/10\/Data-sheet-EP-09-2024-eng.pdf\" target=\"_blank\" rel=\"noopener\">\n\t\t\t\t\t\tDatablad EP\n\t\t\t\t\t<\/a>\n\t\t\t<a href=\"https:\/\/labrobot.com\/wp-content\/uploads\/2024\/10\/Data-sheet-DW-2024-05-eng.pdf\" target=\"_blank\" rel=\"noopener\">\n\t\t\t\t\t\tDatablad DW\n\t\t\t\t\t<\/a>\n\t<strong>S\u00e4kerhetsdatablad<\/strong><br \/>\n<i> Du beh\u00f6ver vara inloggad f\u00f6r att komma \u00e5t dem.<\/i>\n\t<strong>QC-certifikat<\/strong><br \/>\n<em>Du <i>beh\u00f6ver <\/i>vara inloggad f\u00f6r att komma \u00e5t dem.<\/em>\n\n\t\t\t<a href=\"https:\/\/labrobot.com\/certificates\/\" target=\"_blank\" rel=\"noopener\">\n\t\t\t\t\t\tCertifikat\n\t\t\t\t\t<\/a>\n<h6>\n\t\tVill du ha f\u00f6rfyllda koppar med ett annat sp\u00e4dningsmedel?\n\t<\/h6>\n\t<p>Tillverkning av andra artiklar (propriet\u00e4rt recept, annan volym, etc&#8230;) \u00e4r m\u00f6jlig med en minsta best\u00e4llning p\u00e5 <strong>2 pallar<\/strong> (43 008 koppar).<\/p>\n<p><strong>Kontakta oss f\u00f6r en f\u00f6rstudie!<\/strong><\/p>\n+46 303 846 73<br \/>\n<a href=\"mailto:kontakt@labrobot.com\">kontakt@labrobot.com<\/a><br \/>Herv\u00e9 Laisis, CEO<br \/>\n\n\t\t\t<a href=\"https:\/\/labrobot.com\/sv\/kontakt-distributorer\/\" target=\"_self\">\n\t\t\t\t\t\tKontakta oss\n\t\t\t\t\t<\/a>\n\t\t\t\t<img loading=\"lazy\" decoding=\"async\" src=\"https:\/\/labrobot.com\/wp-content\/uploads\/2025\/04\/HL32-scaled.jpg\" alt=\"HL32\" itemprop=\"image\" height=\"2145\" width=\"2560\" title=\"HL32\" onerror=\"this.style.display='none'\"  \/>\n<h5>\n\t\tV\u00e4lj din shaker.\n\t<\/h5>\n\t\t\t\t<a href=\"https:\/\/labrobot.com\/sv\/dilugent-shaker\/\"  target=\"_self\" itemprop=\"url\">\n\t\t\t\t<img loading=\"lazy\" decoding=\"async\" src=\"https:\/\/labrobot.com\/wp-content\/uploads\/bb-plugin\/cache\/dilutions-with-dilugent-1024x1012-circle-8d188893c4f4042a7c3f93c8866997be-.jpg\" alt=\"dilugent shaker\" itemprop=\"image\" height=\"1012\" width=\"1024\" title=\"dilutions with dilugent\" onerror=\"this.style.display='none'\"  \/>\n\t\t\t\t<\/a>\n<h3><a href=\"https:\/\/labrobot.com\/sv\/dilugent-shaker\/\" target=\"_self\">Dilugent\u00ae Shaker<\/a><\/h3>\t\n\t\t\t\t<a href=\"https:\/\/labrobot.com\/sv\/dilushaker-iii\/\"  target=\"_self\" itemprop=\"url\">\n\t\t\t\t<img loading=\"lazy\" decoding=\"async\" src=\"https:\/\/labrobot.com\/wp-content\/uploads\/bb-plugin\/cache\/DSIII-DENACL6-2-1024x683-circle-be4e5687fc0a36ff469230aed39db987-.jpg\" alt=\"dilushaker with a blister of dilucups. for serial dilutions\" itemprop=\"image\" height=\"683\" width=\"1024\" title=\"Dilushaker dilutions\" onerror=\"this.style.display='none'\"  \/>\n\t\t\t\t<\/a>\n<h3><a href=\"https:\/\/labrobot.com\/sv\/dilushaker-iii\/\" target=\"_self\">Dilushaker III<\/a><\/h3>\t\n\n","protected":false},"excerpt":{"rendered":"<p>Dilucup\u00ae Elegance F\u00e4rdigfyllda sp\u00e4dningskoppar F\u00f6rfyllda sp\u00e4dningskoppar \u00e4r det ergonomiska och effektiva alternativet till sp\u00e4dningsr\u00f6r och vortexmixrar. Steril: producerad i renrum och steriliserad genom bestr\u00e5lning Mycket noggranna sp\u00e4dningsvolymer: 9 mL \u00b1 2% Vanligtvis 9 mL \u00b1 0,5% L\u00e5ng h\u00e5llbarhet p\u00e5 30 m\u00e5nader Uppfyller ISO-standarder S\u00e4kerst\u00e4ll homogen blandning Insidan av Dilucup\u00ae skakas noggrant med en av de &#8230; <a title=\"Dilucup Elegance\" class=\"read-more\" href=\"https:\/\/labrobot.com\/sv\/dilucup-elegance\/\" aria-label=\"L\u00e4s mer om Dilucup Elegance\">Read more<\/a><\/p>\n","protected":false},"author":243,"featured_media":0,"parent":0,"menu_order":51,"comment_status":"closed","ping_status":"closed","template":"","meta":{"_acf_changed":false,"generate_page_header":"","footnotes":""},"class_list":["post-5224","page","type-page","status-publish"],"acf":[],"yoast_head":"<!-- This site is optimized with the Yoast SEO Premium plugin v27.3 (Yoast SEO v27.3) - https:\/\/yoast.com\/product\/yoast-seo-premium-wordpress\/ -->\n<title>F\u00f6rfyllda sp\u00e4dningskoppar: det ergonomiska alternativet till sp\u00e4dningsr\u00f6r<\/title>\n<meta name=\"description\" content=\"Byt ut sp\u00e4dningsr\u00f6ren och vortexmixern mot f\u00e4rdigfyllda sp\u00e4dningskoppar. F\u00f6rfyllda med 9 mL sterilt sp\u00e4dningsmedel.\" \/>\n<meta name=\"robots\" content=\"index, follow, max-snippet:-1, max-image-preview:large, max-video-preview:-1\" \/>\n<link rel=\"canonical\" href=\"https:\/\/labrobot.com\/sv\/dilucup-elegance\/\" \/>\n<meta property=\"og:locale\" content=\"sv_SE\" \/>\n<meta property=\"og:type\" content=\"article\" \/>\n<meta property=\"og:title\" content=\"Dilucup Elegance\" \/>\n<meta property=\"og:description\" content=\"Byt ut sp\u00e4dningsr\u00f6ren och vortexmixern mot f\u00e4rdigfyllda sp\u00e4dningskoppar. F\u00f6rfyllda med 9 mL sterilt sp\u00e4dningsmedel.\" \/>\n<meta property=\"og:url\" content=\"https:\/\/labrobot.com\/sv\/dilucup-elegance\/\" \/>\n<meta property=\"og:site_name\" content=\"LabRobot\" \/>\n<meta property=\"article:publisher\" content=\"https:\/\/www.facebook.com\/labrobotproductsab\" \/>\n<meta property=\"article:modified_time\" content=\"2025-05-22T07:29:51+00:00\" \/>\n<meta property=\"og:image\" content=\"https:\/\/labrobot.com\/wp-content\/uploads\/2024\/07\/dilucup-MRD-blister-scaled.jpg\" \/>\n<meta name=\"twitter:card\" content=\"summary_large_image\" \/>\n<meta name=\"twitter:label1\" content=\"Ber\u00e4knad l\u00e4stid\" \/>\n\t<meta name=\"twitter:data1\" content=\"3 minuter\" \/>\n<script type=\"application\/ld+json\" class=\"yoast-schema-graph\">{\"@context\":\"https:\\\/\\\/schema.org\",\"@graph\":[{\"@type\":\"WebPage\",\"@id\":\"https:\\\/\\\/labrobot.com\\\/sv\\\/dilucup-elegance\\\/\",\"url\":\"https:\\\/\\\/labrobot.com\\\/sv\\\/dilucup-elegance\\\/\",\"name\":\"F\u00f6rfyllda sp\u00e4dningskoppar: det ergonomiska alternativet till sp\u00e4dningsr\u00f6r\",\"isPartOf\":{\"@id\":\"https:\\\/\\\/labrobot.com\\\/#website\"},\"primaryImageOfPage\":{\"@id\":\"https:\\\/\\\/labrobot.com\\\/sv\\\/dilucup-elegance\\\/#primaryimage\"},\"image\":{\"@id\":\"https:\\\/\\\/labrobot.com\\\/sv\\\/dilucup-elegance\\\/#primaryimage\"},\"thumbnailUrl\":\"https:\\\/\\\/labrobot.com\\\/wp-content\\\/uploads\\\/2024\\\/07\\\/dilucup-MRD-blister-scaled.jpg\",\"datePublished\":\"2018-12-07T10:56:36+00:00\",\"dateModified\":\"2025-05-22T07:29:51+00:00\",\"description\":\"Byt ut sp\u00e4dningsr\u00f6ren och vortexmixern mot f\u00e4rdigfyllda sp\u00e4dningskoppar. F\u00f6rfyllda med 9 mL sterilt sp\u00e4dningsmedel.\",\"breadcrumb\":{\"@id\":\"https:\\\/\\\/labrobot.com\\\/sv\\\/dilucup-elegance\\\/#breadcrumb\"},\"inLanguage\":\"sv-SE\",\"potentialAction\":[{\"@type\":\"ReadAction\",\"target\":[\"https:\\\/\\\/labrobot.com\\\/sv\\\/dilucup-elegance\\\/\"]}]},{\"@type\":\"ImageObject\",\"inLanguage\":\"sv-SE\",\"@id\":\"https:\\\/\\\/labrobot.com\\\/sv\\\/dilucup-elegance\\\/#primaryimage\",\"url\":\"https:\\\/\\\/labrobot.com\\\/wp-content\\\/uploads\\\/2024\\\/07\\\/dilucup-MRD-blister-scaled.jpg\",\"contentUrl\":\"https:\\\/\\\/labrobot.com\\\/wp-content\\\/uploads\\\/2024\\\/07\\\/dilucup-MRD-blister-scaled.jpg\"},{\"@type\":\"BreadcrumbList\",\"@id\":\"https:\\\/\\\/labrobot.com\\\/sv\\\/dilucup-elegance\\\/#breadcrumb\",\"itemListElement\":[{\"@type\":\"ListItem\",\"position\":1,\"name\":\"Home\",\"item\":\"https:\\\/\\\/labrobot.com\\\/sv\\\/\"},{\"@type\":\"ListItem\",\"position\":2,\"name\":\"Dilucup Elegance\"}]},{\"@type\":\"WebSite\",\"@id\":\"https:\\\/\\\/labrobot.com\\\/#website\",\"url\":\"https:\\\/\\\/labrobot.com\\\/\",\"name\":\"LabRobot\",\"description\":\"Easy quick ergonomic serial dilution method\",\"publisher\":{\"@id\":\"https:\\\/\\\/labrobot.com\\\/#organization\"},\"potentialAction\":[{\"@type\":\"SearchAction\",\"target\":{\"@type\":\"EntryPoint\",\"urlTemplate\":\"https:\\\/\\\/labrobot.com\\\/?s={search_term_string}\"},\"query-input\":{\"@type\":\"PropertyValueSpecification\",\"valueRequired\":true,\"valueName\":\"search_term_string\"}}],\"inLanguage\":\"sv-SE\"},{\"@type\":\"Organization\",\"@id\":\"https:\\\/\\\/labrobot.com\\\/#organization\",\"name\":\"LabRobot Products AB\",\"url\":\"https:\\\/\\\/labrobot.com\\\/\",\"logo\":{\"@type\":\"ImageObject\",\"inLanguage\":\"sv-SE\",\"@id\":\"https:\\\/\\\/labrobot.com\\\/#\\\/schema\\\/logo\\\/image\\\/\",\"url\":\"https:\\\/\\\/labrobot.com\\\/wp-content\\\/uploads\\\/2018\\\/12\\\/LabRobot_LOGO_signatur.jpg\",\"contentUrl\":\"https:\\\/\\\/labrobot.com\\\/wp-content\\\/uploads\\\/2018\\\/12\\\/LabRobot_LOGO_signatur.jpg\",\"width\":200,\"height\":54,\"caption\":\"LabRobot Products AB\"},\"image\":{\"@id\":\"https:\\\/\\\/labrobot.com\\\/#\\\/schema\\\/logo\\\/image\\\/\"},\"sameAs\":[\"https:\\\/\\\/www.facebook.com\\\/labrobotproductsab\",\"https:\\\/\\\/www.linkedin.com\\\/company\\\/labrobot-products-ab\\\/\",\"https:\\\/\\\/www.youtube.com\\\/channel\\\/UCHGyF_OHfxI1No9ahbU-agQ\"]}]}<\/script>\n<!-- \/ Yoast SEO Premium plugin. -->","yoast_head_json":{"title":"F\u00f6rfyllda sp\u00e4dningskoppar: det ergonomiska alternativet till sp\u00e4dningsr\u00f6r","description":"Byt ut sp\u00e4dningsr\u00f6ren och vortexmixern mot f\u00e4rdigfyllda sp\u00e4dningskoppar. F\u00f6rfyllda med 9 mL sterilt sp\u00e4dningsmedel.","robots":{"index":"index","follow":"follow","max-snippet":"max-snippet:-1","max-image-preview":"max-image-preview:large","max-video-preview":"max-video-preview:-1"},"canonical":"https:\/\/labrobot.com\/sv\/dilucup-elegance\/","og_locale":"sv_SE","og_type":"article","og_title":"Dilucup Elegance","og_description":"Byt ut sp\u00e4dningsr\u00f6ren och vortexmixern mot f\u00e4rdigfyllda sp\u00e4dningskoppar. F\u00f6rfyllda med 9 mL sterilt sp\u00e4dningsmedel.","og_url":"https:\/\/labrobot.com\/sv\/dilucup-elegance\/","og_site_name":"LabRobot","article_publisher":"https:\/\/www.facebook.com\/labrobotproductsab","article_modified_time":"2025-05-22T07:29:51+00:00","og_image":[{"url":"https:\/\/labrobot.com\/wp-content\/uploads\/2024\/07\/dilucup-MRD-blister-scaled.jpg","type":"","width":"","height":""}],"twitter_card":"summary_large_image","twitter_misc":{"Ber\u00e4knad l\u00e4stid":"3 minuter"},"schema":{"@context":"https:\/\/schema.org","@graph":[{"@type":"WebPage","@id":"https:\/\/labrobot.com\/sv\/dilucup-elegance\/","url":"https:\/\/labrobot.com\/sv\/dilucup-elegance\/","name":"F\u00f6rfyllda sp\u00e4dningskoppar: det ergonomiska alternativet till sp\u00e4dningsr\u00f6r","isPartOf":{"@id":"https:\/\/labrobot.com\/#website"},"primaryImageOfPage":{"@id":"https:\/\/labrobot.com\/sv\/dilucup-elegance\/#primaryimage"},"image":{"@id":"https:\/\/labrobot.com\/sv\/dilucup-elegance\/#primaryimage"},"thumbnailUrl":"https:\/\/labrobot.com\/wp-content\/uploads\/2024\/07\/dilucup-MRD-blister-scaled.jpg","datePublished":"2018-12-07T10:56:36+00:00","dateModified":"2025-05-22T07:29:51+00:00","description":"Byt ut sp\u00e4dningsr\u00f6ren och vortexmixern mot f\u00e4rdigfyllda sp\u00e4dningskoppar. F\u00f6rfyllda med 9 mL sterilt sp\u00e4dningsmedel.","breadcrumb":{"@id":"https:\/\/labrobot.com\/sv\/dilucup-elegance\/#breadcrumb"},"inLanguage":"sv-SE","potentialAction":[{"@type":"ReadAction","target":["https:\/\/labrobot.com\/sv\/dilucup-elegance\/"]}]},{"@type":"ImageObject","inLanguage":"sv-SE","@id":"https:\/\/labrobot.com\/sv\/dilucup-elegance\/#primaryimage","url":"https:\/\/labrobot.com\/wp-content\/uploads\/2024\/07\/dilucup-MRD-blister-scaled.jpg","contentUrl":"https:\/\/labrobot.com\/wp-content\/uploads\/2024\/07\/dilucup-MRD-blister-scaled.jpg"},{"@type":"BreadcrumbList","@id":"https:\/\/labrobot.com\/sv\/dilucup-elegance\/#breadcrumb","itemListElement":[{"@type":"ListItem","position":1,"name":"Home","item":"https:\/\/labrobot.com\/sv\/"},{"@type":"ListItem","position":2,"name":"Dilucup Elegance"}]},{"@type":"WebSite","@id":"https:\/\/labrobot.com\/#website","url":"https:\/\/labrobot.com\/","name":"LabRobot","description":"Easy quick ergonomic serial dilution method","publisher":{"@id":"https:\/\/labrobot.com\/#organization"},"potentialAction":[{"@type":"SearchAction","target":{"@type":"EntryPoint","urlTemplate":"https:\/\/labrobot.com\/?s={search_term_string}"},"query-input":{"@type":"PropertyValueSpecification","valueRequired":true,"valueName":"search_term_string"}}],"inLanguage":"sv-SE"},{"@type":"Organization","@id":"https:\/\/labrobot.com\/#organization","name":"LabRobot Products AB","url":"https:\/\/labrobot.com\/","logo":{"@type":"ImageObject","inLanguage":"sv-SE","@id":"https:\/\/labrobot.com\/#\/schema\/logo\/image\/","url":"https:\/\/labrobot.com\/wp-content\/uploads\/2018\/12\/LabRobot_LOGO_signatur.jpg","contentUrl":"https:\/\/labrobot.com\/wp-content\/uploads\/2018\/12\/LabRobot_LOGO_signatur.jpg","width":200,"height":54,"caption":"LabRobot Products AB"},"image":{"@id":"https:\/\/labrobot.com\/#\/schema\/logo\/image\/"},"sameAs":["https:\/\/www.facebook.com\/labrobotproductsab","https:\/\/www.linkedin.com\/company\/labrobot-products-ab\/","https:\/\/www.youtube.com\/channel\/UCHGyF_OHfxI1No9ahbU-agQ"]}]}},"_links":{"self":[{"href":"https:\/\/labrobot.com\/sv\/wp-json\/wp\/v2\/pages\/5224","targetHints":{"allow":["GET"]}}],"collection":[{"href":"https:\/\/labrobot.com\/sv\/wp-json\/wp\/v2\/pages"}],"about":[{"href":"https:\/\/labrobot.com\/sv\/wp-json\/wp\/v2\/types\/page"}],"author":[{"embeddable":true,"href":"https:\/\/labrobot.com\/sv\/wp-json\/wp\/v2\/users\/243"}],"replies":[{"embeddable":true,"href":"https:\/\/labrobot.com\/sv\/wp-json\/wp\/v2\/comments?post=5224"}],"version-history":[{"count":0,"href":"https:\/\/labrobot.com\/sv\/wp-json\/wp\/v2\/pages\/5224\/revisions"}],"wp:attachment":[{"href":"https:\/\/labrobot.com\/sv\/wp-json\/wp\/v2\/media?parent=5224"}],"curies":[{"name":"wp","href":"https:\/\/api.w.org\/{rel}","templated":true}]}}