{"id":5170,"date":"2022-12-07T10:26:13","date_gmt":"2022-12-07T09:26:13","guid":{"rendered":"https:\/\/rollsbowebb.se\/demo\/labrobot2018\/staff\/"},"modified":"2025-04-14T08:20:16","modified_gmt":"2025-04-14T07:20:16","slug":"vi-som-jobbar-har","status":"publish","type":"page","link":"https:\/\/labrobot.com\/sv\/vi-som-jobbar-har\/","title":{"rendered":"Personal"},"content":{"rendered":"\n\n\t<h1>Vi som jobbar h\u00e4r <\/h1>\n\t\t\t\t<img loading=\"lazy\" decoding=\"async\" src=\"https:\/\/labrobot.com\/wp-content\/uploads\/2021\/06\/david-1024x683.jpg\" alt=\"david\" itemprop=\"image\" height=\"683\" width=\"1024\" title=\"david\" onerror=\"this.style.display='none'\"  \/>\n<h2>David Aronsson<\/h2>\nProduction<br \/>\n<a href=\"mailto:david.aronsson@labrobot.com\">david.aronsson@labrobot.com<\/a>\n\t\t\t\t<img loading=\"lazy\" decoding=\"async\" src=\"https:\/\/labrobot.com\/wp-content\/uploads\/2015\/03\/anders_bjorkqvist-1-1.jpg\" alt=\"anders_bjorkqvist-1\" itemprop=\"image\" height=\"644\" width=\"900\" title=\"anders_bjorkqvist-1\" onerror=\"this.style.display='none'\"  \/>\n<h2>Anders Bj\u00f6rkqvist<\/h2>\nProduction, Team Leader<br \/>\n<a href=\"mailto:anders.bjorkqvist@labrobot.com\">anders.bjorkqvist@labrobot.com<\/a>\n\t\t\t\t<img loading=\"lazy\" decoding=\"async\" src=\"https:\/\/labrobot.com\/wp-content\/uploads\/2015\/03\/andy_hernandez-1-1.jpg\" alt=\"andy_hernandez-1\" itemprop=\"image\" height=\"644\" width=\"900\" title=\"andy_hernandez-1\" onerror=\"this.style.display='none'\"  \/>\n<h2>Andy Hernandez<\/h2>\nProduction<br \/>\n<a href=\"mailto:andy.hernandez@labrobot.com\">andy.hernandez@labrobot.com<\/a>\n\t\t\t\t<img loading=\"lazy\" decoding=\"async\" src=\"https:\/\/labrobot.com\/wp-content\/uploads\/2025\/03\/Lena11-1-scaled.jpg\" alt=\"Lena11\" itemprop=\"image\" height=\"2178\" width=\"2560\" title=\"Lena11\" onerror=\"this.style.display='none'\"  \/>\n<h2>Lena Hiller<\/h2>\nFinancial Manager<br \/>\n<a href=\"mailto:lena.hiller@labrobot.com\">lena.hiller@labrobot.com<\/a>\n\t\t\t\t<img loading=\"lazy\" decoding=\"async\" src=\"https:\/\/labrobot.com\/wp-content\/uploads\/2015\/03\/fredrika_holmkvist-1-1.jpg\" alt=\"fredrika_holmkvist-1\" itemprop=\"image\" height=\"644\" width=\"900\" title=\"fredrika_holmkvist-1\" onerror=\"this.style.display='none'\"  \/>\n<h2>Fredrika Holmkvist<\/h2>\nAdmin. &amp; Order Management<br \/>\n<a href=\"mailto:fredrika.holmkvist@labrobot.com\">fredrika.holmkvist@labrobot.com<\/a>\n\t\t\t\t<img loading=\"lazy\" decoding=\"async\" src=\"https:\/\/labrobot.com\/wp-content\/uploads\/2025\/04\/HL32-scaled.jpg\" alt=\"HL32\" itemprop=\"image\" height=\"2145\" width=\"2560\" title=\"HL32\" onerror=\"this.style.display='none'\"  \/>\n<h2>Herv\u00e9 Laisis<\/h2>\nCEO<br \/>\n<a href=\"mailto:herve.laisis@labrobot.com\">herve.laisis@labrobot.com<\/a>\n\t\t\t\t<img loading=\"lazy\" decoding=\"async\" src=\"https:\/\/labrobot.com\/wp-content\/uploads\/2020\/03\/nicklas-bild-ny-1-300x215.png\" alt=\"nicklas bild ny\" itemprop=\"image\" height=\"215\" width=\"300\" title=\"nicklas bild ny\" onerror=\"this.style.display='none'\"  \/>\n<h2>Nicklas Larsson<\/h2>\nTechnical Manager<br \/>\n<a href=\"mailto:nicklas.larsson@labrobot.com\">nicklas.larsson@labrobot.com<\/a>\n\t\t\t\t<img loading=\"lazy\" decoding=\"async\" src=\"https:\/\/labrobot.com\/wp-content\/uploads\/2021\/06\/bt-1024x854.jpg\" alt=\"bt\" itemprop=\"image\" height=\"854\" width=\"1024\" title=\"bt\" onerror=\"this.style.display='none'\"  \/>\n<h2><strong>Elisabet N\u00fa\u00f1ez Gaitan<\/strong><\/h2>\nDigital Marketing Manager<br \/>\n<a href=\"mailto:elisabet.nunez@labrobot.com\">elisabet.nunez@labrobot.com<\/a>\n\t\t\t\t<img loading=\"lazy\" decoding=\"async\" src=\"https:\/\/labrobot.com\/wp-content\/uploads\/2021\/06\/marina-1024x683.jpg\" alt=\"marina\" itemprop=\"image\" height=\"683\" width=\"1024\" title=\"marina\" onerror=\"this.style.display='none'\"  \/>\n<h2>Marina Svensson<\/h2>\nProduction<br \/>\n<a href=\"mailto:marina.korsakova@labrobot.com\">marina.svensson@labrobot.com<\/a>\n\t\t\t\t<img loading=\"lazy\" decoding=\"async\" src=\"https:\/\/labrobot.com\/wp-content\/uploads\/2025\/04\/TS-web-1-scaled.jpg\" alt=\"TS web\" itemprop=\"image\" height=\"2142\" width=\"2560\" title=\"TS web\" onerror=\"this.style.display='none'\"  \/>\n<h2>Tove Svensson<\/h2>\nQuality Manager<br \/>\n<a href=\"mailto:tove.svensson@labrobot.com\">tove.svensson@labrobot.com<\/a>\n\t\t\t\t<img loading=\"lazy\" decoding=\"async\" src=\"https:\/\/labrobot.com\/wp-content\/uploads\/2021\/06\/andreas-1024x683.jpg\" alt=\"andreas\" itemprop=\"image\" height=\"683\" width=\"1024\" title=\"andreas\" onerror=\"this.style.display='none'\"  \/>\n<h2>Andreas Vahtera<\/h2>\nProduction<br \/>\n<a href=\"mailto:andreas.vahtera@labrobot.com\">andreas.vahtera@labrobot.com<\/a>\n\t\t\t\t<img loading=\"lazy\" decoding=\"async\" src=\"https:\/\/labrobot.com\/wp-content\/uploads\/2021\/06\/karin-1024x972.jpg\" alt=\"karin\" itemprop=\"image\" height=\"972\" width=\"1024\" title=\"karin\" onerror=\"this.style.display='none'\"  \/>\n<h2>Karin Vil\u00e9n<\/h2>\nLaboratory Manager<br \/>\n<a href=\"mailto:karin.vilen@labrobot.com\">karin.vilen@labrobot.com<\/a>\n\n","protected":false},"excerpt":{"rendered":"<p>Vi som jobbar h\u00e4r David Aronsson Production david.aronsson@labrobot.com Anders Bj\u00f6rkqvist Production, Team Leader anders.bjorkqvist@labrobot.com Andy Hernandez Production andy.hernandez@labrobot.com Lena Hiller Financial Manager lena.hiller@labrobot.com Fredrika Holmkvist Admin. &amp; Order Management fredrika.holmkvist@labrobot.com Herv\u00e9 Laisis CEO herve.laisis@labrobot.com Nicklas Larsson Technical Manager nicklas.larsson@labrobot.com Elisabet N\u00fa\u00f1ez Gaitan Digital Marketing Manager elisabet.nunez@labrobot.com Marina Svensson Production marina.svensson@labrobot.com Tove Svensson Quality Manager tove.svensson@labrobot.com &#8230; <a title=\"Personal\" class=\"read-more\" href=\"https:\/\/labrobot.com\/sv\/vi-som-jobbar-har\/\" aria-label=\"L\u00e4s mer om Personal\">Read more<\/a><\/p>\n","protected":false},"author":243,"featured_media":0,"parent":0,"menu_order":0,"comment_status":"closed","ping_status":"closed","template":"","meta":{"_acf_changed":false,"generate_page_header":"","footnotes":""},"class_list":["post-5170","page","type-page","status-publish"],"acf":[],"yoast_head":"<!-- This site is optimized with the Yoast SEO Premium plugin v27.3 (Yoast SEO v27.3) - https:\/\/yoast.com\/product\/yoast-seo-premium-wordpress\/ -->\n<title>Kontakta oss | Sp\u00e4dningar | LabRobot<\/title>\n<meta name=\"description\" content=\"Vi producerar, kontrollerar och distribuerar seriesp\u00e4dningsmetoden Dilucup System, fr\u00e5n Labrobot.\" \/>\n<meta name=\"robots\" content=\"index, follow, max-snippet:-1, max-image-preview:large, max-video-preview:-1\" \/>\n<link rel=\"canonical\" href=\"https:\/\/labrobot.com\/sv\/vi-som-jobbar-har\/\" \/>\n<meta property=\"og:locale\" content=\"sv_SE\" \/>\n<meta property=\"og:type\" content=\"article\" \/>\n<meta property=\"og:title\" content=\"Personal\" \/>\n<meta property=\"og:description\" content=\"Vi producerar, kontrollerar och distribuerar seriesp\u00e4dningsmetoden Dilucup System, fr\u00e5n Labrobot.\" \/>\n<meta property=\"og:url\" content=\"https:\/\/labrobot.com\/sv\/vi-som-jobbar-har\/\" \/>\n<meta property=\"og:site_name\" content=\"LabRobot\" \/>\n<meta property=\"article:publisher\" content=\"https:\/\/www.facebook.com\/labrobotproductsab\" \/>\n<meta property=\"article:modified_time\" content=\"2025-04-14T07:20:16+00:00\" \/>\n<meta property=\"og:image\" content=\"https:\/\/labrobot.com\/wp-content\/uploads\/2021\/06\/david-1024x683.jpg\" \/>\n<meta name=\"twitter:card\" content=\"summary_large_image\" \/>\n<meta name=\"twitter:label1\" content=\"Ber\u00e4knad l\u00e4stid\" \/>\n\t<meta name=\"twitter:data1\" content=\"1 minut\" \/>\n<script type=\"application\/ld+json\" class=\"yoast-schema-graph\">{\"@context\":\"https:\\\/\\\/schema.org\",\"@graph\":[{\"@type\":\"WebPage\",\"@id\":\"https:\\\/\\\/labrobot.com\\\/sv\\\/vi-som-jobbar-har\\\/\",\"url\":\"https:\\\/\\\/labrobot.com\\\/sv\\\/vi-som-jobbar-har\\\/\",\"name\":\"Kontakta oss | Sp\u00e4dningar | LabRobot\",\"isPartOf\":{\"@id\":\"https:\\\/\\\/labrobot.com\\\/#website\"},\"primaryImageOfPage\":{\"@id\":\"https:\\\/\\\/labrobot.com\\\/sv\\\/vi-som-jobbar-har\\\/#primaryimage\"},\"image\":{\"@id\":\"https:\\\/\\\/labrobot.com\\\/sv\\\/vi-som-jobbar-har\\\/#primaryimage\"},\"thumbnailUrl\":\"https:\\\/\\\/labrobot.com\\\/wp-content\\\/uploads\\\/2021\\\/06\\\/david-1024x683.jpg\",\"datePublished\":\"2022-12-07T09:26:13+00:00\",\"dateModified\":\"2025-04-14T07:20:16+00:00\",\"description\":\"Vi producerar, kontrollerar och distribuerar seriesp\u00e4dningsmetoden Dilucup System, fr\u00e5n Labrobot.\",\"breadcrumb\":{\"@id\":\"https:\\\/\\\/labrobot.com\\\/sv\\\/vi-som-jobbar-har\\\/#breadcrumb\"},\"inLanguage\":\"sv-SE\",\"potentialAction\":[{\"@type\":\"ReadAction\",\"target\":[\"https:\\\/\\\/labrobot.com\\\/sv\\\/vi-som-jobbar-har\\\/\"]}]},{\"@type\":\"ImageObject\",\"inLanguage\":\"sv-SE\",\"@id\":\"https:\\\/\\\/labrobot.com\\\/sv\\\/vi-som-jobbar-har\\\/#primaryimage\",\"url\":\"https:\\\/\\\/labrobot.com\\\/wp-content\\\/uploads\\\/2021\\\/06\\\/david-1024x683.jpg\",\"contentUrl\":\"https:\\\/\\\/labrobot.com\\\/wp-content\\\/uploads\\\/2021\\\/06\\\/david-1024x683.jpg\"},{\"@type\":\"BreadcrumbList\",\"@id\":\"https:\\\/\\\/labrobot.com\\\/sv\\\/vi-som-jobbar-har\\\/#breadcrumb\",\"itemListElement\":[{\"@type\":\"ListItem\",\"position\":1,\"name\":\"Home\",\"item\":\"https:\\\/\\\/labrobot.com\\\/sv\\\/\"},{\"@type\":\"ListItem\",\"position\":2,\"name\":\"Personal\"}]},{\"@type\":\"WebSite\",\"@id\":\"https:\\\/\\\/labrobot.com\\\/#website\",\"url\":\"https:\\\/\\\/labrobot.com\\\/\",\"name\":\"LabRobot\",\"description\":\"Easy quick ergonomic serial dilution method\",\"publisher\":{\"@id\":\"https:\\\/\\\/labrobot.com\\\/#organization\"},\"potentialAction\":[{\"@type\":\"SearchAction\",\"target\":{\"@type\":\"EntryPoint\",\"urlTemplate\":\"https:\\\/\\\/labrobot.com\\\/?s={search_term_string}\"},\"query-input\":{\"@type\":\"PropertyValueSpecification\",\"valueRequired\":true,\"valueName\":\"search_term_string\"}}],\"inLanguage\":\"sv-SE\"},{\"@type\":\"Organization\",\"@id\":\"https:\\\/\\\/labrobot.com\\\/#organization\",\"name\":\"LabRobot Products AB\",\"url\":\"https:\\\/\\\/labrobot.com\\\/\",\"logo\":{\"@type\":\"ImageObject\",\"inLanguage\":\"sv-SE\",\"@id\":\"https:\\\/\\\/labrobot.com\\\/#\\\/schema\\\/logo\\\/image\\\/\",\"url\":\"https:\\\/\\\/labrobot.com\\\/wp-content\\\/uploads\\\/2018\\\/12\\\/LabRobot_LOGO_signatur.jpg\",\"contentUrl\":\"https:\\\/\\\/labrobot.com\\\/wp-content\\\/uploads\\\/2018\\\/12\\\/LabRobot_LOGO_signatur.jpg\",\"width\":200,\"height\":54,\"caption\":\"LabRobot Products AB\"},\"image\":{\"@id\":\"https:\\\/\\\/labrobot.com\\\/#\\\/schema\\\/logo\\\/image\\\/\"},\"sameAs\":[\"https:\\\/\\\/www.facebook.com\\\/labrobotproductsab\",\"https:\\\/\\\/www.linkedin.com\\\/company\\\/labrobot-products-ab\\\/\",\"https:\\\/\\\/www.youtube.com\\\/channel\\\/UCHGyF_OHfxI1No9ahbU-agQ\"]}]}<\/script>\n<!-- \/ Yoast SEO Premium plugin. -->","yoast_head_json":{"title":"Kontakta oss | Sp\u00e4dningar | LabRobot","description":"Vi producerar, kontrollerar och distribuerar seriesp\u00e4dningsmetoden Dilucup System, fr\u00e5n Labrobot.","robots":{"index":"index","follow":"follow","max-snippet":"max-snippet:-1","max-image-preview":"max-image-preview:large","max-video-preview":"max-video-preview:-1"},"canonical":"https:\/\/labrobot.com\/sv\/vi-som-jobbar-har\/","og_locale":"sv_SE","og_type":"article","og_title":"Personal","og_description":"Vi producerar, kontrollerar och distribuerar seriesp\u00e4dningsmetoden Dilucup System, fr\u00e5n Labrobot.","og_url":"https:\/\/labrobot.com\/sv\/vi-som-jobbar-har\/","og_site_name":"LabRobot","article_publisher":"https:\/\/www.facebook.com\/labrobotproductsab","article_modified_time":"2025-04-14T07:20:16+00:00","og_image":[{"url":"https:\/\/labrobot.com\/wp-content\/uploads\/2021\/06\/david-1024x683.jpg","type":"","width":"","height":""}],"twitter_card":"summary_large_image","twitter_misc":{"Ber\u00e4knad l\u00e4stid":"1 minut"},"schema":{"@context":"https:\/\/schema.org","@graph":[{"@type":"WebPage","@id":"https:\/\/labrobot.com\/sv\/vi-som-jobbar-har\/","url":"https:\/\/labrobot.com\/sv\/vi-som-jobbar-har\/","name":"Kontakta oss | Sp\u00e4dningar | LabRobot","isPartOf":{"@id":"https:\/\/labrobot.com\/#website"},"primaryImageOfPage":{"@id":"https:\/\/labrobot.com\/sv\/vi-som-jobbar-har\/#primaryimage"},"image":{"@id":"https:\/\/labrobot.com\/sv\/vi-som-jobbar-har\/#primaryimage"},"thumbnailUrl":"https:\/\/labrobot.com\/wp-content\/uploads\/2021\/06\/david-1024x683.jpg","datePublished":"2022-12-07T09:26:13+00:00","dateModified":"2025-04-14T07:20:16+00:00","description":"Vi producerar, kontrollerar och distribuerar seriesp\u00e4dningsmetoden Dilucup System, fr\u00e5n Labrobot.","breadcrumb":{"@id":"https:\/\/labrobot.com\/sv\/vi-som-jobbar-har\/#breadcrumb"},"inLanguage":"sv-SE","potentialAction":[{"@type":"ReadAction","target":["https:\/\/labrobot.com\/sv\/vi-som-jobbar-har\/"]}]},{"@type":"ImageObject","inLanguage":"sv-SE","@id":"https:\/\/labrobot.com\/sv\/vi-som-jobbar-har\/#primaryimage","url":"https:\/\/labrobot.com\/wp-content\/uploads\/2021\/06\/david-1024x683.jpg","contentUrl":"https:\/\/labrobot.com\/wp-content\/uploads\/2021\/06\/david-1024x683.jpg"},{"@type":"BreadcrumbList","@id":"https:\/\/labrobot.com\/sv\/vi-som-jobbar-har\/#breadcrumb","itemListElement":[{"@type":"ListItem","position":1,"name":"Home","item":"https:\/\/labrobot.com\/sv\/"},{"@type":"ListItem","position":2,"name":"Personal"}]},{"@type":"WebSite","@id":"https:\/\/labrobot.com\/#website","url":"https:\/\/labrobot.com\/","name":"LabRobot","description":"Easy quick ergonomic serial dilution method","publisher":{"@id":"https:\/\/labrobot.com\/#organization"},"potentialAction":[{"@type":"SearchAction","target":{"@type":"EntryPoint","urlTemplate":"https:\/\/labrobot.com\/?s={search_term_string}"},"query-input":{"@type":"PropertyValueSpecification","valueRequired":true,"valueName":"search_term_string"}}],"inLanguage":"sv-SE"},{"@type":"Organization","@id":"https:\/\/labrobot.com\/#organization","name":"LabRobot Products AB","url":"https:\/\/labrobot.com\/","logo":{"@type":"ImageObject","inLanguage":"sv-SE","@id":"https:\/\/labrobot.com\/#\/schema\/logo\/image\/","url":"https:\/\/labrobot.com\/wp-content\/uploads\/2018\/12\/LabRobot_LOGO_signatur.jpg","contentUrl":"https:\/\/labrobot.com\/wp-content\/uploads\/2018\/12\/LabRobot_LOGO_signatur.jpg","width":200,"height":54,"caption":"LabRobot Products AB"},"image":{"@id":"https:\/\/labrobot.com\/#\/schema\/logo\/image\/"},"sameAs":["https:\/\/www.facebook.com\/labrobotproductsab","https:\/\/www.linkedin.com\/company\/labrobot-products-ab\/","https:\/\/www.youtube.com\/channel\/UCHGyF_OHfxI1No9ahbU-agQ"]}]}},"_links":{"self":[{"href":"https:\/\/labrobot.com\/sv\/wp-json\/wp\/v2\/pages\/5170","targetHints":{"allow":["GET"]}}],"collection":[{"href":"https:\/\/labrobot.com\/sv\/wp-json\/wp\/v2\/pages"}],"about":[{"href":"https:\/\/labrobot.com\/sv\/wp-json\/wp\/v2\/types\/page"}],"author":[{"embeddable":true,"href":"https:\/\/labrobot.com\/sv\/wp-json\/wp\/v2\/users\/243"}],"replies":[{"embeddable":true,"href":"https:\/\/labrobot.com\/sv\/wp-json\/wp\/v2\/comments?post=5170"}],"version-history":[{"count":0,"href":"https:\/\/labrobot.com\/sv\/wp-json\/wp\/v2\/pages\/5170\/revisions"}],"wp:attachment":[{"href":"https:\/\/labrobot.com\/sv\/wp-json\/wp\/v2\/media?parent=5170"}],"curies":[{"name":"wp","href":"https:\/\/api.w.org\/{rel}","templated":true}]}}