{"id":4317,"date":"2021-12-12T15:09:16","date_gmt":"2021-12-12T14:09:16","guid":{"rendered":"https:\/\/rollsbowebb.se\/demo\/labrobot2018\/om-oss\/"},"modified":"2025-05-19T10:37:15","modified_gmt":"2025-05-19T09:37:15","slug":"om-oss","status":"publish","type":"page","link":"https:\/\/labrobot.com\/sv\/om-oss\/","title":{"rendered":"LabRobot Sverige"},"content":{"rendered":"\n<h1>\n\t\tVi \u00e4r experter p\u00e5 seriesp\u00e4dningar\n\t<\/h1>\n\t<h2>LabRobot Products AB<br \/>\nSverige<\/h2>\n<h3>\n\t\tOm oss\n\t<\/h3>\n\t<p>LabRobot Products AB b\u00f6rjade 1986 med att utveckla laboratorierobotsystem. \u00c5r 1991 \u00e4ndrade f\u00f6retaget sitt fokus fr\u00e5n robotsystem till mindre laboratorieinstrument s\u00e5som peristaltiska pumpar, fyllningssystem och tub\u00f6ppnare.<\/p>\n\t<meta itemprop=\"url\" content=\"https:\/\/labrobot.com\/wp-content\/uploads\/2025\/05\/Welcome-to-LabRobot-Sweden-web.mp4\" \/><div style=\"width: 640px;\" class=\"wp-video\"><video muted class=\"wp-video-shortcode\" id=\"video-4317-1\" width=\"640\" height=\"360\" loop autoplay preload=\"metadata\" controls=\"controls\"><source type=\"video\/mp4\" src=\"https:\/\/labrobot.com\/wp-content\/uploads\/2025\/05\/Welcome-to-LabRobot-Sweden-web.mp4?_=1\" \/><source type=\"video\/mp4\" src=\"https:\/\/labrobot.com\/wp-content\/uploads\/2025\/05\/Welcome-to-LabRobot-Sweden-web.mp4?_=1\" \/><a href=\"https:\/\/labrobot.com\/wp-content\/uploads\/2025\/05\/Welcome-to-LabRobot-Sweden-web.mp4\">https:\/\/labrobot.com\/wp-content\/uploads\/2025\/05\/Welcome-to-LabRobot-Sweden-web.mp4<\/a><\/video><\/div>\n\t<p>&nbsp;<\/p>\n<p>Dilucup\u00ae-Systemet introducerades i Sverige 2001 och sedan lanseringen har f\u00f6rs\u00e4ljningen av Dilucup\u00ae kontinuerligt expanderat i Europa och Nordamerika. Idag s\u00e4ljs mer \u00e4n 6 miljoner Dilucup\u00ae-enheter varje \u00e5r i \u00f6ver 25 l\u00e4nder genom ett n\u00e4tverk av oberoende distribut\u00f6rer.<\/p>\n<p>&nbsp;<\/p>\n\t\t\t\t<img loading=\"lazy\" decoding=\"async\" src=\"https:\/\/labrobot.com\/wp-content\/uploads\/2021\/06\/history-english-1024x334.jpg\" alt=\"history LR11\" itemprop=\"image\" height=\"334\" width=\"1024\" title=\"history LR11\" onerror=\"this.style.display='none'\"  \/>\n\t<p>Fr\u00e5n juli 2007 till mars 2016 var LabRobot Products AB en del av Addtech Life Science-divisionen inom Addtech AB-koncernen. Den 16 mars 2016 blev denna division, som bytte namn till <strong><a href=\"http:\/\/www.add.life\">AddLife<\/a><\/strong>, en oberoende grupp noterad p\u00e5 <strong>Nasdaq Stockholm<\/strong>.<\/p>\n\t<p><img loading=\"lazy\" decoding=\"async\" src=\"https:\/\/labrobot.com\/wp-content\/uploads\/2022\/08\/LabRobot_LOGO-transparent-300x82.png\" alt=\"\" width=\"275\" height=\"75\" \/><a href=\"http:\/\/www.add.life\"><img loading=\"lazy\" decoding=\"async\" src=\"https:\/\/labrobot.com\/wp-content\/uploads\/2022\/08\/a-part-of-addlife-300x44.png\" alt=\"\" width=\"259\" height=\"38\" \/><\/a><\/p>\n<h4>\n\t\tV\u00e5r vision\n\t<\/h4>\n\t\t\t\t<img loading=\"lazy\" decoding=\"async\" src=\"https:\/\/labrobot.com\/wp-content\/uploads\/2021\/11\/vision-labrobot.jpg\" alt=\"vision labrobot\" itemprop=\"image\" height=\"96\" width=\"1121\" title=\"vision labrobot\" onerror=\"this.style.display='none'\"  \/>\n\t<p>V\u00e5r vision bygger p\u00e5 f\u00f6ljande premisser:<\/p>\n<ol>\n<li>V\u00e5r expertis \u00e4r p\u00e5 serieutsp\u00e4dningstekniker inom livsmedelsmikrobiologi.<\/li>\n<li>V\u00e5rt system \u00e4r gjort f\u00f6r l\u00e5ngsiktig anv\u00e4ndning och vi bygger en l\u00e5ng och varaktig relation med v\u00e5ra kunder.<\/li>\n<li>V\u00e5rt system \u00e4r effektivt, ergonomiskt och f\u00f6rhindrar upprepade belastningsskador.<\/li>\n<\/ol>\n\t<h4><strong>Produktion<\/strong><\/h4>\n<p>Produktionen av Dilucup\u00ae, som historiskt sett utf\u00f6rdes manuellt i en separat fabrik s\u00f6der om G\u00f6teborg, flyttades till Stenungsund i b\u00f6rjan av 2009.<\/p>\n<p>Dilucup\u00ae tillverkas p\u00e5 en automatiserad produktionslinje i ett renrum f\u00f6r att minimera kontaminering.<\/p>\n<p>Dilushaker III och Dilugent\u00ae Shaker monteras ocks\u00e5 i Stenungsund.<\/p>\n\t\t\t<img decoding=\"async\" loading='false' src=\"https:\/\/labrobot.com\/wp-content\/uploads\/2021\/10\/cleanroom-production-dilucup-1024x681.jpg\" alt=\"\" \/>\t\t\t\n\t\t\t<img decoding=\"async\" loading='false' src=\"https:\/\/labrobot.com\/wp-content\/uploads\/2014\/12\/Produktion-1024x462.jpg\" alt=\"\" \/>\t\t\t\n\t\t\t<img decoding=\"async\" loading='false' src=\"http:\/\/labrobot.com\/wp-content\/uploads\/2014\/12\/Dilushaker-assembly-1.jpg\" alt=\"\" \/>\t\t\t\n\t\t\t<img decoding=\"async\" loading='false' src=\"https:\/\/labrobot.com\/wp-content\/uploads\/2024\/08\/pallets-dilucup-scaled.jpg\" alt=\"pallets dilucup\" \/>\t\t\t\n\t<iframe src=\"https:\/\/www.google.com\/maps\/embed\/v1\/place?q=Munker%C3%B6dsv%C3%A4gen+4%0A444+32+Stenungsund%2C+Sverige&#038;key=AIzaSyD09zQ9PNDNNy9TadMuzRV_UsPUoWKntt8\" aria-hidden=\"true\"><\/iframe>\n<h5>\n\t\tVar hittar du oss?\n\t<\/h5>\n\t<p>LabRobot Products AB \u00e4r bel\u00e4get i <strong>Stenungsund,<\/strong>\u00a0V\u00e4stra G\u00f6taland.<\/p>\n\n","protected":false},"excerpt":{"rendered":"<p>Vi \u00e4r experter p\u00e5 seriesp\u00e4dningar LabRobot Products AB Sverige Om oss LabRobot Products AB b\u00f6rjade 1986 med att utveckla laboratorierobotsystem. \u00c5r 1991 \u00e4ndrade f\u00f6retaget sitt fokus fr\u00e5n robotsystem till mindre laboratorieinstrument s\u00e5som peristaltiska pumpar, fyllningssystem och tub\u00f6ppnare. &nbsp; Dilucup\u00ae-Systemet introducerades i Sverige 2001 och sedan lanseringen har f\u00f6rs\u00e4ljningen av Dilucup\u00ae kontinuerligt expanderat i Europa och &#8230; <a title=\"LabRobot Sverige\" class=\"read-more\" href=\"https:\/\/labrobot.com\/sv\/om-oss\/\" aria-label=\"L\u00e4s mer om LabRobot Sverige\">Read more<\/a><\/p>\n","protected":false},"author":7,"featured_media":0,"parent":0,"menu_order":1,"comment_status":"closed","ping_status":"closed","template":"","meta":{"_acf_changed":false,"generate_page_header":"","footnotes":""},"class_list":["post-4317","page","type-page","status-publish"],"acf":[],"yoast_head":"<!-- This site is optimized with the Yoast SEO Premium plugin v27.3 (Yoast SEO v27.3) - https:\/\/yoast.com\/product\/yoast-seo-premium-wordpress\/ -->\n<title>Decimal sp\u00e4dning | LabRobot<\/title>\n<meta name=\"description\" content=\"Vi utvecklar en innovativ l\u00f6sning f\u00f6r seriesp\u00e4dning som \u00e4r effektiv, kostnadseffektiv, tidsbesparande och bekv\u00e4m att anv\u00e4nda.\" \/>\n<meta name=\"robots\" content=\"index, follow, max-snippet:-1, max-image-preview:large, max-video-preview:-1\" \/>\n<link rel=\"canonical\" href=\"https:\/\/labrobot.com\/sv\/om-oss\/\" \/>\n<meta property=\"og:locale\" content=\"sv_SE\" \/>\n<meta property=\"og:type\" content=\"article\" \/>\n<meta property=\"og:title\" content=\"LabRobot Sverige\" \/>\n<meta property=\"og:description\" content=\"Vi utvecklar en innovativ l\u00f6sning f\u00f6r seriesp\u00e4dning som \u00e4r effektiv, kostnadseffektiv, tidsbesparande och bekv\u00e4m att anv\u00e4nda.\" \/>\n<meta property=\"og:url\" content=\"https:\/\/labrobot.com\/sv\/om-oss\/\" \/>\n<meta property=\"og:site_name\" content=\"LabRobot\" \/>\n<meta property=\"article:publisher\" content=\"https:\/\/www.facebook.com\/labrobotproductsab\" \/>\n<meta property=\"article:modified_time\" content=\"2025-05-19T09:37:15+00:00\" \/>\n<meta property=\"og:image\" content=\"https:\/\/labrobot.com\/wp-content\/uploads\/2021\/06\/history-english-1024x334.jpg\" \/>\n<meta name=\"twitter:card\" content=\"summary_large_image\" \/>\n<meta name=\"twitter:label1\" content=\"Ber\u00e4knad l\u00e4stid\" \/>\n\t<meta name=\"twitter:data1\" content=\"1 minut\" \/>\n<script type=\"application\/ld+json\" class=\"yoast-schema-graph\">{\"@context\":\"https:\\\/\\\/schema.org\",\"@graph\":[{\"@type\":\"WebPage\",\"@id\":\"https:\\\/\\\/labrobot.com\\\/sv\\\/om-oss\\\/\",\"url\":\"https:\\\/\\\/labrobot.com\\\/sv\\\/om-oss\\\/\",\"name\":\"Decimal sp\u00e4dning | LabRobot\",\"isPartOf\":{\"@id\":\"https:\\\/\\\/labrobot.com\\\/#website\"},\"primaryImageOfPage\":{\"@id\":\"https:\\\/\\\/labrobot.com\\\/sv\\\/om-oss\\\/#primaryimage\"},\"image\":{\"@id\":\"https:\\\/\\\/labrobot.com\\\/sv\\\/om-oss\\\/#primaryimage\"},\"thumbnailUrl\":\"https:\\\/\\\/labrobot.com\\\/wp-content\\\/uploads\\\/2021\\\/06\\\/history-english-1024x334.jpg\",\"datePublished\":\"2021-12-12T14:09:16+00:00\",\"dateModified\":\"2025-05-19T09:37:15+00:00\",\"description\":\"Vi utvecklar en innovativ l\u00f6sning f\u00f6r seriesp\u00e4dning som \u00e4r effektiv, kostnadseffektiv, tidsbesparande och bekv\u00e4m att anv\u00e4nda.\",\"breadcrumb\":{\"@id\":\"https:\\\/\\\/labrobot.com\\\/sv\\\/om-oss\\\/#breadcrumb\"},\"inLanguage\":\"sv-SE\",\"potentialAction\":[{\"@type\":\"ReadAction\",\"target\":[\"https:\\\/\\\/labrobot.com\\\/sv\\\/om-oss\\\/\"]}]},{\"@type\":\"ImageObject\",\"inLanguage\":\"sv-SE\",\"@id\":\"https:\\\/\\\/labrobot.com\\\/sv\\\/om-oss\\\/#primaryimage\",\"url\":\"https:\\\/\\\/labrobot.com\\\/wp-content\\\/uploads\\\/2021\\\/06\\\/history-english-1024x334.jpg\",\"contentUrl\":\"https:\\\/\\\/labrobot.com\\\/wp-content\\\/uploads\\\/2021\\\/06\\\/history-english-1024x334.jpg\"},{\"@type\":\"BreadcrumbList\",\"@id\":\"https:\\\/\\\/labrobot.com\\\/sv\\\/om-oss\\\/#breadcrumb\",\"itemListElement\":[{\"@type\":\"ListItem\",\"position\":1,\"name\":\"Home\",\"item\":\"https:\\\/\\\/labrobot.com\\\/sv\\\/\"},{\"@type\":\"ListItem\",\"position\":2,\"name\":\"LabRobot Sverige\"}]},{\"@type\":\"WebSite\",\"@id\":\"https:\\\/\\\/labrobot.com\\\/#website\",\"url\":\"https:\\\/\\\/labrobot.com\\\/\",\"name\":\"LabRobot\",\"description\":\"Easy quick ergonomic serial dilution method\",\"publisher\":{\"@id\":\"https:\\\/\\\/labrobot.com\\\/#organization\"},\"potentialAction\":[{\"@type\":\"SearchAction\",\"target\":{\"@type\":\"EntryPoint\",\"urlTemplate\":\"https:\\\/\\\/labrobot.com\\\/?s={search_term_string}\"},\"query-input\":{\"@type\":\"PropertyValueSpecification\",\"valueRequired\":true,\"valueName\":\"search_term_string\"}}],\"inLanguage\":\"sv-SE\"},{\"@type\":\"Organization\",\"@id\":\"https:\\\/\\\/labrobot.com\\\/#organization\",\"name\":\"LabRobot Products AB\",\"url\":\"https:\\\/\\\/labrobot.com\\\/\",\"logo\":{\"@type\":\"ImageObject\",\"inLanguage\":\"sv-SE\",\"@id\":\"https:\\\/\\\/labrobot.com\\\/#\\\/schema\\\/logo\\\/image\\\/\",\"url\":\"https:\\\/\\\/labrobot.com\\\/wp-content\\\/uploads\\\/2018\\\/12\\\/LabRobot_LOGO_signatur.jpg\",\"contentUrl\":\"https:\\\/\\\/labrobot.com\\\/wp-content\\\/uploads\\\/2018\\\/12\\\/LabRobot_LOGO_signatur.jpg\",\"width\":200,\"height\":54,\"caption\":\"LabRobot Products AB\"},\"image\":{\"@id\":\"https:\\\/\\\/labrobot.com\\\/#\\\/schema\\\/logo\\\/image\\\/\"},\"sameAs\":[\"https:\\\/\\\/www.facebook.com\\\/labrobotproductsab\",\"https:\\\/\\\/www.linkedin.com\\\/company\\\/labrobot-products-ab\\\/\",\"https:\\\/\\\/www.youtube.com\\\/channel\\\/UCHGyF_OHfxI1No9ahbU-agQ\"]}]}<\/script>\n<!-- \/ Yoast SEO Premium plugin. -->","yoast_head_json":{"title":"Decimal sp\u00e4dning | LabRobot","description":"Vi utvecklar en innovativ l\u00f6sning f\u00f6r seriesp\u00e4dning som \u00e4r effektiv, kostnadseffektiv, tidsbesparande och bekv\u00e4m att anv\u00e4nda.","robots":{"index":"index","follow":"follow","max-snippet":"max-snippet:-1","max-image-preview":"max-image-preview:large","max-video-preview":"max-video-preview:-1"},"canonical":"https:\/\/labrobot.com\/sv\/om-oss\/","og_locale":"sv_SE","og_type":"article","og_title":"LabRobot Sverige","og_description":"Vi utvecklar en innovativ l\u00f6sning f\u00f6r seriesp\u00e4dning som \u00e4r effektiv, kostnadseffektiv, tidsbesparande och bekv\u00e4m att anv\u00e4nda.","og_url":"https:\/\/labrobot.com\/sv\/om-oss\/","og_site_name":"LabRobot","article_publisher":"https:\/\/www.facebook.com\/labrobotproductsab","article_modified_time":"2025-05-19T09:37:15+00:00","og_image":[{"url":"https:\/\/labrobot.com\/wp-content\/uploads\/2021\/06\/history-english-1024x334.jpg","type":"","width":"","height":""}],"twitter_card":"summary_large_image","twitter_misc":{"Ber\u00e4knad l\u00e4stid":"1 minut"},"schema":{"@context":"https:\/\/schema.org","@graph":[{"@type":"WebPage","@id":"https:\/\/labrobot.com\/sv\/om-oss\/","url":"https:\/\/labrobot.com\/sv\/om-oss\/","name":"Decimal sp\u00e4dning | LabRobot","isPartOf":{"@id":"https:\/\/labrobot.com\/#website"},"primaryImageOfPage":{"@id":"https:\/\/labrobot.com\/sv\/om-oss\/#primaryimage"},"image":{"@id":"https:\/\/labrobot.com\/sv\/om-oss\/#primaryimage"},"thumbnailUrl":"https:\/\/labrobot.com\/wp-content\/uploads\/2021\/06\/history-english-1024x334.jpg","datePublished":"2021-12-12T14:09:16+00:00","dateModified":"2025-05-19T09:37:15+00:00","description":"Vi utvecklar en innovativ l\u00f6sning f\u00f6r seriesp\u00e4dning som \u00e4r effektiv, kostnadseffektiv, tidsbesparande och bekv\u00e4m att anv\u00e4nda.","breadcrumb":{"@id":"https:\/\/labrobot.com\/sv\/om-oss\/#breadcrumb"},"inLanguage":"sv-SE","potentialAction":[{"@type":"ReadAction","target":["https:\/\/labrobot.com\/sv\/om-oss\/"]}]},{"@type":"ImageObject","inLanguage":"sv-SE","@id":"https:\/\/labrobot.com\/sv\/om-oss\/#primaryimage","url":"https:\/\/labrobot.com\/wp-content\/uploads\/2021\/06\/history-english-1024x334.jpg","contentUrl":"https:\/\/labrobot.com\/wp-content\/uploads\/2021\/06\/history-english-1024x334.jpg"},{"@type":"BreadcrumbList","@id":"https:\/\/labrobot.com\/sv\/om-oss\/#breadcrumb","itemListElement":[{"@type":"ListItem","position":1,"name":"Home","item":"https:\/\/labrobot.com\/sv\/"},{"@type":"ListItem","position":2,"name":"LabRobot Sverige"}]},{"@type":"WebSite","@id":"https:\/\/labrobot.com\/#website","url":"https:\/\/labrobot.com\/","name":"LabRobot","description":"Easy quick ergonomic serial dilution method","publisher":{"@id":"https:\/\/labrobot.com\/#organization"},"potentialAction":[{"@type":"SearchAction","target":{"@type":"EntryPoint","urlTemplate":"https:\/\/labrobot.com\/?s={search_term_string}"},"query-input":{"@type":"PropertyValueSpecification","valueRequired":true,"valueName":"search_term_string"}}],"inLanguage":"sv-SE"},{"@type":"Organization","@id":"https:\/\/labrobot.com\/#organization","name":"LabRobot Products AB","url":"https:\/\/labrobot.com\/","logo":{"@type":"ImageObject","inLanguage":"sv-SE","@id":"https:\/\/labrobot.com\/#\/schema\/logo\/image\/","url":"https:\/\/labrobot.com\/wp-content\/uploads\/2018\/12\/LabRobot_LOGO_signatur.jpg","contentUrl":"https:\/\/labrobot.com\/wp-content\/uploads\/2018\/12\/LabRobot_LOGO_signatur.jpg","width":200,"height":54,"caption":"LabRobot Products AB"},"image":{"@id":"https:\/\/labrobot.com\/#\/schema\/logo\/image\/"},"sameAs":["https:\/\/www.facebook.com\/labrobotproductsab","https:\/\/www.linkedin.com\/company\/labrobot-products-ab\/","https:\/\/www.youtube.com\/channel\/UCHGyF_OHfxI1No9ahbU-agQ"]}]}},"_links":{"self":[{"href":"https:\/\/labrobot.com\/sv\/wp-json\/wp\/v2\/pages\/4317","targetHints":{"allow":["GET"]}}],"collection":[{"href":"https:\/\/labrobot.com\/sv\/wp-json\/wp\/v2\/pages"}],"about":[{"href":"https:\/\/labrobot.com\/sv\/wp-json\/wp\/v2\/types\/page"}],"author":[{"embeddable":true,"href":"https:\/\/labrobot.com\/sv\/wp-json\/wp\/v2\/users\/7"}],"replies":[{"embeddable":true,"href":"https:\/\/labrobot.com\/sv\/wp-json\/wp\/v2\/comments?post=4317"}],"version-history":[{"count":0,"href":"https:\/\/labrobot.com\/sv\/wp-json\/wp\/v2\/pages\/4317\/revisions"}],"wp:attachment":[{"href":"https:\/\/labrobot.com\/sv\/wp-json\/wp\/v2\/media?parent=4317"}],"curies":[{"name":"wp","href":"https:\/\/api.w.org\/{rel}","templated":true}]}}