{"id":4232,"date":"2021-02-26T12:23:22","date_gmt":"2021-02-26T11:23:22","guid":{"rendered":"https:\/\/rollsbowebb.se\/demo\/labrobot2018\/home\/"},"modified":"2024-09-30T07:54:13","modified_gmt":"2024-09-30T06:54:13","slug":"home-2-2","status":"publish","type":"page","link":"https:\/\/labrobot.com\/sv\/","title":{"rendered":"Hem"},"content":{"rendered":"\n<h1>\n\t\tEnkla, snabba och ergonomiska seriesp\u00e4dningar\n\t<\/h1>\n\t<p>Optimera din seriesp\u00e4dningsmetod med Dilucup\u00ae-Systemet. Designad f\u00f6r enkla och noggranna bakterier\u00e4kningar.<\/p>\n<h2>\n\t\tVad \u00e4r seriesp\u00e4dningar?\n\t<\/h2>\n\t<p>Seriesp\u00e4dningar inneb\u00e4r stegvis utsp\u00e4dning av ett \u00e4mne i en l\u00f6sning, vanligtvis med en konstant faktor, f\u00f6r att minska koncentrationen av mikroorganismer till en hanterbar niv\u00e5. Detta \u00e4r anv\u00e4ndbart f\u00f6r att r\u00e4kna kolonibildande enheter (CFU) per milliliter eller gram, d\u00e4r varje koloni representerar en livskraftig mikroorganism fr\u00e5n det ursprungliga provet.<\/p>\n<p>Dilucup\u00ae-Systemet \u00e4r en innovativ l\u00f6sning som ers\u00e4tter utsp\u00e4dningsr\u00f6r tillsammans med vortex. Hoppa \u00f6ver den tidskr\u00e4vande f\u00f6rberedelsen av sp\u00e4dningsmedel, autoklavering, fyllning av r\u00f6r, kvalitetskontroll, reng\u00f6ring och vibrationerna i handled och armar fr\u00e5n att anv\u00e4nda vortex.<\/p>\n\t\t\t<a href=\"https:\/\/labrobot.com\/sv\/var-losning\/\" target=\"_self\" rel=\"noopener\">\n\t\t\t\t\t\t\tV\u00e5r l\u00f6sning\n\t\t\t<\/a>\n<h3>\n\t\tHur kan Dilucup\u00ae-Systemet f\u00f6rb\u00e4ttra dina seriesp\u00e4dningar?\n\t<\/h3>\n\t<p>Dilucup\u00ae-Systemet kan gynna dig mycket om du vill s\u00e4kerst\u00e4lla noggranna och standardiserade seriesp\u00e4dningar, spara mycket tid och ha god ergonomi i labbet.<\/p>\n\t<h4>Spara tid<\/h4>\n\t<h4>F\u00f6rebygg belastningsskador<\/h4>\n\t<h4>Standardiserad metod<\/h4>\n\t<h4>Enkel f\u00f6rvaring och l\u00e5ng h\u00e5llbarhet<br \/>\n(30 m\u00e5nader)<\/h4>\n\t<h4>Kostnadseffektiv<\/h4>\n\t\t\t<a href=\"https:\/\/labrobot.com\/sv\/fordelar\/\" target=\"_self\" rel=\"noopener\">\n\t\t\t\t\t\t\tL\u00e4s mer om f\u00f6rdelarna\n\t\t\t<\/a>\n\t<h5><strong>N\u00f6jda kunder.<\/strong><\/h5>\n\t\t\t<img decoding=\"async\" loading='false' src=\"https:\/\/labrobot.com\/wp-content\/uploads\/2024\/07\/bild-2.jpg\" alt=\"\" \/>\t\t\t\n\t\t\t\t<p>&#8221;Vi sparar mycket tid med Dilucup\u00ae! Vi beh\u00f6ver varken f\u00f6rbereda utsp\u00e4dningsr\u00f6ren eller g\u00f6ra kvalitetskontroll av sp\u00e4dningsmedlen. Dilucup\u00ae-Systemet g\u00f6r verkligen livet enklare!&#8221;<\/p>\n<em><strong>Martina Costa, <\/strong><\/em><em><strong>Director<br \/>\nGlobalab<br \/>\nPortugal<\/strong><\/em>\n<img decoding=\"async\" loading='false' src=\"https:\/\/labrobot.com\/wp-content\/uploads\/2024\/07\/bild-2.jpg\" alt=\"\" \/>\t\t\t\n\t\t\t<img decoding=\"async\" loading='false' src=\"https:\/\/labrobot.com\/wp-content\/uploads\/2022\/03\/testimonial2.jpg\" alt=\"\" \/>\t\t\t\n\t\t\t\t<p>&#8221;Smidig process, god kvalitet och alltid snabb leverans&#8221;<\/p>\n<strong><em>Peter Karlsson<br \/>\n<\/em><em> Quality lab coordinator,<br \/>\nArla Foods<br \/>\nJ\u00f6nk\u00f6ping, Sverige<\/em><\/strong>\n<img decoding=\"async\" loading='false' src=\"https:\/\/labrobot.com\/wp-content\/uploads\/2022\/03\/testimonial2.jpg\" alt=\"\" \/>\t\t\t\n\t\t\t<img decoding=\"async\" loading='false' src=\"https:\/\/labrobot.com\/wp-content\/uploads\/2024\/07\/PBV-testimonial-small.jpg\" alt=\"\" \/>\t\t\t\n\t\t\t\t&#8221;Enkelt och noggrant att utf\u00f6ra m\u00e4tningar med Dilucup\u00ae-Systemet. Den exakta volymen av l\u00f6sningsmedlet och den konstanta skakningen s\u00e4kerst\u00e4ller en enhetlig koncentration av provet.&#8221;.<em><br \/>\n<\/em>\n<em><strong>~ Tetiana Garkavanko, Deputy Director,<br \/>\nFood Safety and Consumer Protection,<br \/>\n<\/strong><\/em><em><strong>Ukraina<\/strong><\/em>\n<img decoding=\"async\" loading='false' src=\"https:\/\/labrobot.com\/wp-content\/uploads\/2024\/07\/PBV-testimonial-small.jpg\" alt=\"\" \/>\t\t\t\n<h4>\n\t\t<a href=\"https:\/\/labrobot.com\/news\/\" title=\"&lt;span style=&quot;color: #213469;&quot;&gt;Senaste nytt&lt;span style=&quot;color: #ff6900&quot;&gt;.&lt;\/span&gt;&lt;\/span&gt;\" target=\"_self\" rel=\"noopener\">\n\t\tSenaste nytt.\n\t\t<\/a>\n\t<\/h4>\n<h4>\n\t\tNyhetsbrev.\n\t<\/h4>\n\t<p>Du \u00e4r v\u00e4lkommen att prenumerera p\u00e5 v\u00e5rt nyhetsbrev. <\/p>\n<p><em>Du f\u00e5r nyheter ungef\u00e4r en g\u00e5ng i kvartalet.<\/em><\/p>\n\t<h6>F\u00f6lj oss p\u00e5 sociala medier!<\/h6>\n\n","protected":false},"excerpt":{"rendered":"<p>Enkla, snabba och ergonomiska seriesp\u00e4dningar Optimera din seriesp\u00e4dningsmetod med Dilucup\u00ae-Systemet. Designad f\u00f6r enkla och noggranna bakterier\u00e4kningar. Vad \u00e4r seriesp\u00e4dningar? Seriesp\u00e4dningar inneb\u00e4r stegvis utsp\u00e4dning av ett \u00e4mne i en l\u00f6sning, vanligtvis med en konstant faktor, f\u00f6r att minska koncentrationen av mikroorganismer till en hanterbar niv\u00e5. Detta \u00e4r anv\u00e4ndbart f\u00f6r att r\u00e4kna kolonibildande enheter (CFU) per milliliter &#8230; <a title=\"Hem\" class=\"read-more\" href=\"https:\/\/labrobot.com\/sv\/\" aria-label=\"L\u00e4s mer om Hem\">Read more<\/a><\/p>\n","protected":false},"author":243,"featured_media":0,"parent":0,"menu_order":20,"comment_status":"closed","ping_status":"closed","template":"","meta":{"_acf_changed":false,"generate_page_header":"","footnotes":""},"class_list":["post-4232","page","type-page","status-publish"],"acf":[],"yoast_head":"<!-- This site is optimized with the Yoast SEO Premium plugin v27.3 (Yoast SEO v27.3) - https:\/\/yoast.com\/product\/yoast-seo-premium-wordpress\/ -->\n<title>Seriesp\u00e4dningsmetod f\u00f6r uppr\u00e4kning av mikroorganismer<\/title>\n<meta name=\"description\" content=\"Optimera din seriesp\u00e4dningsmetod och ers\u00e4tt utsp\u00e4dningsr\u00f6ren och vortexblandaren med Dilucup-Systemet. Anv\u00e4nds f\u00f6r pl\u00e5tr\u00e4kning.\" \/>\n<meta name=\"robots\" content=\"index, follow, max-snippet:-1, max-image-preview:large, max-video-preview:-1\" \/>\n<link rel=\"canonical\" href=\"https:\/\/labrobot.com\/sv\/\" \/>\n<meta property=\"og:locale\" content=\"sv_SE\" \/>\n<meta property=\"og:type\" content=\"article\" \/>\n<meta property=\"og:title\" content=\"Hem\" \/>\n<meta property=\"og:description\" content=\"Optimera din seriesp\u00e4dningsmetod och ers\u00e4tt utsp\u00e4dningsr\u00f6ren och vortexblandaren med Dilucup-Systemet. Anv\u00e4nds f\u00f6r pl\u00e5tr\u00e4kning.\" \/>\n<meta property=\"og:url\" content=\"https:\/\/labrobot.com\/sv\/\" \/>\n<meta property=\"og:site_name\" content=\"LabRobot\" \/>\n<meta property=\"article:publisher\" content=\"https:\/\/www.facebook.com\/labrobotproductsab\" \/>\n<meta property=\"article:modified_time\" content=\"2024-09-30T06:54:13+00:00\" \/>\n<meta property=\"og:image\" content=\"https:\/\/labrobot.com\/wp-content\/uploads\/2024\/07\/bild-2.jpg\" \/>\n<meta name=\"twitter:card\" content=\"summary_large_image\" \/>\n<meta name=\"twitter:label1\" content=\"Ber\u00e4knad l\u00e4stid\" \/>\n\t<meta name=\"twitter:data1\" content=\"2 minuter\" \/>\n<script type=\"application\/ld+json\" class=\"yoast-schema-graph\">{\"@context\":\"https:\\\/\\\/schema.org\",\"@graph\":[{\"@type\":\"WebPage\",\"@id\":\"https:\\\/\\\/labrobot.com\\\/sv\\\/\",\"url\":\"https:\\\/\\\/labrobot.com\\\/sv\\\/\",\"name\":\"Seriesp\u00e4dningsmetod f\u00f6r uppr\u00e4kning av mikroorganismer\",\"isPartOf\":{\"@id\":\"https:\\\/\\\/labrobot.com\\\/#website\"},\"primaryImageOfPage\":{\"@id\":\"https:\\\/\\\/labrobot.com\\\/sv\\\/#primaryimage\"},\"image\":{\"@id\":\"https:\\\/\\\/labrobot.com\\\/sv\\\/#primaryimage\"},\"thumbnailUrl\":\"https:\\\/\\\/labrobot.com\\\/wp-content\\\/uploads\\\/2024\\\/07\\\/bild-2.jpg\",\"datePublished\":\"2021-02-26T11:23:22+00:00\",\"dateModified\":\"2024-09-30T06:54:13+00:00\",\"description\":\"Optimera din seriesp\u00e4dningsmetod och ers\u00e4tt utsp\u00e4dningsr\u00f6ren och vortexblandaren med Dilucup-Systemet. Anv\u00e4nds f\u00f6r pl\u00e5tr\u00e4kning.\",\"breadcrumb\":{\"@id\":\"https:\\\/\\\/labrobot.com\\\/sv\\\/#breadcrumb\"},\"inLanguage\":\"sv-SE\",\"potentialAction\":[{\"@type\":\"ReadAction\",\"target\":[\"https:\\\/\\\/labrobot.com\\\/sv\\\/\"]}]},{\"@type\":\"ImageObject\",\"inLanguage\":\"sv-SE\",\"@id\":\"https:\\\/\\\/labrobot.com\\\/sv\\\/#primaryimage\",\"url\":\"https:\\\/\\\/labrobot.com\\\/wp-content\\\/uploads\\\/2024\\\/07\\\/bild-2.jpg\",\"contentUrl\":\"https:\\\/\\\/labrobot.com\\\/wp-content\\\/uploads\\\/2024\\\/07\\\/bild-2.jpg\"},{\"@type\":\"BreadcrumbList\",\"@id\":\"https:\\\/\\\/labrobot.com\\\/sv\\\/#breadcrumb\",\"itemListElement\":[{\"@type\":\"ListItem\",\"position\":1,\"name\":\"Home\",\"item\":\"https:\\\/\\\/labrobot.com\\\/sv\\\/\"},{\"@type\":\"ListItem\",\"position\":2,\"name\":\"Hem\"}]},{\"@type\":\"WebSite\",\"@id\":\"https:\\\/\\\/labrobot.com\\\/#website\",\"url\":\"https:\\\/\\\/labrobot.com\\\/\",\"name\":\"LabRobot\",\"description\":\"Easy quick ergonomic serial dilution method\",\"publisher\":{\"@id\":\"https:\\\/\\\/labrobot.com\\\/#organization\"},\"potentialAction\":[{\"@type\":\"SearchAction\",\"target\":{\"@type\":\"EntryPoint\",\"urlTemplate\":\"https:\\\/\\\/labrobot.com\\\/?s={search_term_string}\"},\"query-input\":{\"@type\":\"PropertyValueSpecification\",\"valueRequired\":true,\"valueName\":\"search_term_string\"}}],\"inLanguage\":\"sv-SE\"},{\"@type\":\"Organization\",\"@id\":\"https:\\\/\\\/labrobot.com\\\/#organization\",\"name\":\"LabRobot Products AB\",\"url\":\"https:\\\/\\\/labrobot.com\\\/\",\"logo\":{\"@type\":\"ImageObject\",\"inLanguage\":\"sv-SE\",\"@id\":\"https:\\\/\\\/labrobot.com\\\/#\\\/schema\\\/logo\\\/image\\\/\",\"url\":\"https:\\\/\\\/labrobot.com\\\/wp-content\\\/uploads\\\/2018\\\/12\\\/LabRobot_LOGO_signatur.jpg\",\"contentUrl\":\"https:\\\/\\\/labrobot.com\\\/wp-content\\\/uploads\\\/2018\\\/12\\\/LabRobot_LOGO_signatur.jpg\",\"width\":200,\"height\":54,\"caption\":\"LabRobot Products AB\"},\"image\":{\"@id\":\"https:\\\/\\\/labrobot.com\\\/#\\\/schema\\\/logo\\\/image\\\/\"},\"sameAs\":[\"https:\\\/\\\/www.facebook.com\\\/labrobotproductsab\",\"https:\\\/\\\/www.linkedin.com\\\/company\\\/labrobot-products-ab\\\/\",\"https:\\\/\\\/www.youtube.com\\\/channel\\\/UCHGyF_OHfxI1No9ahbU-agQ\"]}]}<\/script>\n<!-- \/ Yoast SEO Premium plugin. -->","yoast_head_json":{"title":"Seriesp\u00e4dningsmetod f\u00f6r uppr\u00e4kning av mikroorganismer","description":"Optimera din seriesp\u00e4dningsmetod och ers\u00e4tt utsp\u00e4dningsr\u00f6ren och vortexblandaren med Dilucup-Systemet. Anv\u00e4nds f\u00f6r pl\u00e5tr\u00e4kning.","robots":{"index":"index","follow":"follow","max-snippet":"max-snippet:-1","max-image-preview":"max-image-preview:large","max-video-preview":"max-video-preview:-1"},"canonical":"https:\/\/labrobot.com\/sv\/","og_locale":"sv_SE","og_type":"article","og_title":"Hem","og_description":"Optimera din seriesp\u00e4dningsmetod och ers\u00e4tt utsp\u00e4dningsr\u00f6ren och vortexblandaren med Dilucup-Systemet. Anv\u00e4nds f\u00f6r pl\u00e5tr\u00e4kning.","og_url":"https:\/\/labrobot.com\/sv\/","og_site_name":"LabRobot","article_publisher":"https:\/\/www.facebook.com\/labrobotproductsab","article_modified_time":"2024-09-30T06:54:13+00:00","og_image":[{"url":"https:\/\/labrobot.com\/wp-content\/uploads\/2024\/07\/bild-2.jpg","type":"","width":"","height":""}],"twitter_card":"summary_large_image","twitter_misc":{"Ber\u00e4knad l\u00e4stid":"2 minuter"},"schema":{"@context":"https:\/\/schema.org","@graph":[{"@type":"WebPage","@id":"https:\/\/labrobot.com\/sv\/","url":"https:\/\/labrobot.com\/sv\/","name":"Seriesp\u00e4dningsmetod f\u00f6r uppr\u00e4kning av mikroorganismer","isPartOf":{"@id":"https:\/\/labrobot.com\/#website"},"primaryImageOfPage":{"@id":"https:\/\/labrobot.com\/sv\/#primaryimage"},"image":{"@id":"https:\/\/labrobot.com\/sv\/#primaryimage"},"thumbnailUrl":"https:\/\/labrobot.com\/wp-content\/uploads\/2024\/07\/bild-2.jpg","datePublished":"2021-02-26T11:23:22+00:00","dateModified":"2024-09-30T06:54:13+00:00","description":"Optimera din seriesp\u00e4dningsmetod och ers\u00e4tt utsp\u00e4dningsr\u00f6ren och vortexblandaren med Dilucup-Systemet. Anv\u00e4nds f\u00f6r pl\u00e5tr\u00e4kning.","breadcrumb":{"@id":"https:\/\/labrobot.com\/sv\/#breadcrumb"},"inLanguage":"sv-SE","potentialAction":[{"@type":"ReadAction","target":["https:\/\/labrobot.com\/sv\/"]}]},{"@type":"ImageObject","inLanguage":"sv-SE","@id":"https:\/\/labrobot.com\/sv\/#primaryimage","url":"https:\/\/labrobot.com\/wp-content\/uploads\/2024\/07\/bild-2.jpg","contentUrl":"https:\/\/labrobot.com\/wp-content\/uploads\/2024\/07\/bild-2.jpg"},{"@type":"BreadcrumbList","@id":"https:\/\/labrobot.com\/sv\/#breadcrumb","itemListElement":[{"@type":"ListItem","position":1,"name":"Home","item":"https:\/\/labrobot.com\/sv\/"},{"@type":"ListItem","position":2,"name":"Hem"}]},{"@type":"WebSite","@id":"https:\/\/labrobot.com\/#website","url":"https:\/\/labrobot.com\/","name":"LabRobot","description":"Easy quick ergonomic serial dilution method","publisher":{"@id":"https:\/\/labrobot.com\/#organization"},"potentialAction":[{"@type":"SearchAction","target":{"@type":"EntryPoint","urlTemplate":"https:\/\/labrobot.com\/?s={search_term_string}"},"query-input":{"@type":"PropertyValueSpecification","valueRequired":true,"valueName":"search_term_string"}}],"inLanguage":"sv-SE"},{"@type":"Organization","@id":"https:\/\/labrobot.com\/#organization","name":"LabRobot Products AB","url":"https:\/\/labrobot.com\/","logo":{"@type":"ImageObject","inLanguage":"sv-SE","@id":"https:\/\/labrobot.com\/#\/schema\/logo\/image\/","url":"https:\/\/labrobot.com\/wp-content\/uploads\/2018\/12\/LabRobot_LOGO_signatur.jpg","contentUrl":"https:\/\/labrobot.com\/wp-content\/uploads\/2018\/12\/LabRobot_LOGO_signatur.jpg","width":200,"height":54,"caption":"LabRobot Products AB"},"image":{"@id":"https:\/\/labrobot.com\/#\/schema\/logo\/image\/"},"sameAs":["https:\/\/www.facebook.com\/labrobotproductsab","https:\/\/www.linkedin.com\/company\/labrobot-products-ab\/","https:\/\/www.youtube.com\/channel\/UCHGyF_OHfxI1No9ahbU-agQ"]}]}},"_links":{"self":[{"href":"https:\/\/labrobot.com\/sv\/wp-json\/wp\/v2\/pages\/4232","targetHints":{"allow":["GET"]}}],"collection":[{"href":"https:\/\/labrobot.com\/sv\/wp-json\/wp\/v2\/pages"}],"about":[{"href":"https:\/\/labrobot.com\/sv\/wp-json\/wp\/v2\/types\/page"}],"author":[{"embeddable":true,"href":"https:\/\/labrobot.com\/sv\/wp-json\/wp\/v2\/users\/243"}],"replies":[{"embeddable":true,"href":"https:\/\/labrobot.com\/sv\/wp-json\/wp\/v2\/comments?post=4232"}],"version-history":[{"count":0,"href":"https:\/\/labrobot.com\/sv\/wp-json\/wp\/v2\/pages\/4232\/revisions"}],"wp:attachment":[{"href":"https:\/\/labrobot.com\/sv\/wp-json\/wp\/v2\/media?parent=4232"}],"curies":[{"name":"wp","href":"https:\/\/api.w.org\/{rel}","templated":true}]}}