{"id":21525,"date":"2026-02-04T09:52:44","date_gmt":"2026-02-04T08:52:44","guid":{"rendered":"https:\/\/labrobot.com\/seriespadningar-vanliga-fragor\/"},"modified":"2026-02-20T10:00:59","modified_gmt":"2026-02-20T09:00:59","slug":"seriespadningar-vanliga-fragor","status":"publish","type":"page","link":"https:\/\/labrobot.com\/sv\/seriespadningar-vanliga-fragor\/","title":{"rendered":"Seriesp\u00e4dningar &#8211; Vanliga fr\u00e5gor"},"content":{"rendered":"\n<h1>\n\t\t\tSerieutsp\u00e4dningar i mikrobiologi\t<\/h1>\n\t<p>H\u00e4r hittar du fr\u00e5gor och svar om serieutsp\u00e4dningar och hur Dilucup\u00ae-Systemet kan gynna ert laboratorium.<\/p>\n<h2  id=\"general\">\n\t\t\tSerieutsp\u00e4dningar i mikrobiologi\t<\/h2>\n\t\t\t\t\t<a role=\"heading\" aria-level=\"2\" tabindex=\"-1\"  id=\"fl-accordion--label-0\">Vad \u00e4r en seriell utsp\u00e4dning inom mikrobiologi?<\/a>\n\t\t\t\t\t\t\t\t\t\t\t<button type=\"button\" id=\"fl-accordion--icon-0\" aria-expanded=\"false\" aria-controls=\"fl-accordion--panel-0\"><i>Expand<\/i><\/button>\n\t\t\t\t\t<p>Seriell utsp\u00e4dning inom mikrobiologi \u00e4r en stegvis utsp\u00e4dning av ett mikrobiellt prov (vanligtvis med en konstant faktor som 1:10) f\u00f6r att successivt s\u00e4nka koncentrationen av mikroorganismer s\u00e5 att de kan spridas p\u00e5 agarplattor och r\u00e4knas (CFU) inom ett m\u00e4tbart och tillf\u00f6rlitligt intervall.<\/p>\n<p><strong>Hur Dilucup\u00ae-Systemet kan gynna er:<\/strong><\/p>\n<p>Dilucup\u00ae-Systemet ers\u00e4tter traditionella utsp\u00e4dningsr\u00f6r och vortexblandare med f\u00e4rdigfyllda sterila utsp\u00e4dningskoppar och en dedikerad skakapparat. Detta f\u00f6renklar arbetsfl\u00f6det, minskar hanteringsfel och korskontamination samt s\u00e4kerst\u00e4ller konsekventa, standardiserade decimalutsp\u00e4dningar mellan olika anv\u00e4ndare och laboratorier.<\/p>\n\t\t\t\t\t<a role=\"heading\" aria-level=\"2\" tabindex=\"-1\"  id=\"fl-accordion--label-1\">Vad \u00e4r decimalutsp\u00e4dningar?<\/a>\n\t\t\t\t\t\t\t\t\t\t\t<button type=\"button\" id=\"fl-accordion--icon-1\" aria-expanded=\"false\" aria-controls=\"fl-accordion--panel-1\"><i>Expand<\/i><\/button>\n\t\t\t\t\t<p>Decimala utsp\u00e4dningar \u00e4r tiopotensutsp\u00e4dningar (1:10), uttryckta som 10\u207b\u00b9, 10\u207b\u00b2, 10\u207b\u00b3 osv., som ofta anv\u00e4nds inom mikrobiologi f\u00f6r att n\u00e5 hanterbara koncentrationer av mikroorganismer.<\/p>\n<p><strong>Hur Dilucup\u00ae-Systemet kan gynna er:<\/strong><\/p>\n<p>Dilucup\u00ae-Systemet \u00e4r s\u00e4rskilt utformat f\u00f6r arbetsfl\u00f6den med decimala utsp\u00e4dningar.<\/p>\n<p>Varje Dilucup\u00ae inneh\u00e5ller 9 mL f\u00e4rdig, steril sp\u00e4dningsv\u00e4tska. Varje g\u00e5ng man tills\u00e4tter 1 mL i en Dilucup\u00ae utf\u00f6r man en 1:10-decimalutsp\u00e4dning.<\/p>\n<p>F\u00f6r att g\u00f6ra seriella utsp\u00e4dningar pipetterar man helt enkelt 1 mL fr\u00e5n Dilucup\u00ae till Dilucup\u00ae tills \u00f6nskad koncentration uppn\u00e5s.<\/p>\n<p>Perfekt f\u00f6r att effektivisera rutinm\u00e4ssiga mikrobiologiska analyser.<\/p>\n\t\t\t\t\t<a role=\"heading\" aria-level=\"2\" tabindex=\"-1\"  id=\"fl-accordion--label-2\">N\u00e4r ska man anv\u00e4nda serieutsp\u00e4dningar?<\/a>\n\t\t\t\t\t\t\t\t\t\t\t<button type=\"button\" id=\"fl-accordion--icon-2\" aria-expanded=\"false\" aria-controls=\"fl-accordion--panel-2\"><i>Expand<\/i><\/button>\n\t\t\t\t\t<p>Seriella utsp\u00e4dningar anv\u00e4nds n\u00e4r det ursprungliga provet \u00e4r f\u00f6r koncentrerat f\u00f6r att ge meningsfulla, r\u00e4kningsbara resultat.<\/p>\n<p>Inom mikrobiologi \u00e4r seriella utsp\u00e4dningar anv\u00e4ndbara n\u00e4r kulturen \u00e4r s\u00e5 t\u00e4t att direkt uts\u00e5dd skulle ge en matta eller f\u00f6r m\u00e5nga kolonier f\u00f6r att kunna r\u00e4knas. Kolonir\u00e4kningen beh\u00f6ver ligga inom ett avl\u00e4sbart intervall, typiskt 30 till 300 kolonier; d\u00e4rf\u00f6r m\u00e5ste provet sp\u00e4das f\u00f6r att uppn\u00e5 detta intervall.<\/p>\n<p><strong>Hur Dilucup\u00ae-Systemet kan gynna er:<\/strong><\/p>\n<p>Dilucup\u00ae-Systemet g\u00f6r det enkelt och snabbt att utf\u00f6ra decimala utsp\u00e4dningar.<\/p>\n<p>Du kan utf\u00f6ra mellan 1 och 12 utsp\u00e4dningar per prov med Dilugent\u00ae Shaker eller Dilushaker III.<\/p>\n\t\t\t\t\t<a role=\"heading\" aria-level=\"2\" tabindex=\"-1\"  id=\"fl-accordion--label-3\">Hur utf\u00f6r man serieutsp\u00e4dningar?<\/a>\n\t\t\t\t\t\t\t\t\t\t\t<button type=\"button\" id=\"fl-accordion--icon-3\" aria-expanded=\"false\" aria-controls=\"fl-accordion--panel-3\"><i>Expand<\/i><\/button>\n\t\t\t\t\t<ol>\n<li>\u00d6verf\u00f6r en k\u00e4nd volym fr\u00e5n ditt prov (till exempel 1 mL) till en k\u00e4nd volym utsp\u00e4dningsv\u00e4tska (9 mL).<\/li>\n<li>Blanda noggrant.<\/li>\n<li>\u00d6verf\u00f6r sedan 1 ml fr\u00e5n den utsp\u00e4dningen till en ny utsp\u00e4dningsbeh\u00e5llare.<\/li>\n<li>Upprepa processen tills du n\u00e5r \u00f6nskad utsp\u00e4dningsniv\u00e5.<\/li>\n<\/ol>\n<p><strong>Hur Dilucup\u00ae-Systemet kan gynna er:<\/strong><\/p>\n<p>Det \u00e4r mycket enkelt att utf\u00f6ra serieutsp\u00e4dningar med Dilucup\u00ae-Systemet. Dilucup\u00ae \u00e4r f\u00e4rdiga koppar som inneh\u00e5ller 9 mL sterilt utsp\u00e4dningsv\u00e4tska.<\/p>\n<p>Placera bara kopparna p\u00e5 skakaren, \u00f6ppna dem och b\u00f6rja sp\u00e4da ut ditt prov.<\/p>\n<p>Skakningen aktiveras n\u00e4r du f\u00f6r handen \u00f6ver sensorn eller n\u00e4r du trycker p\u00e5 fotpedalen.<\/p>\n<p>Dilucup\u00ae-Systemet \u00e4r snabbare, mer reproducerbart, enklare att anv\u00e4nda och mycket mer ergonomiskt \u00e4n utsp\u00e4dningsr\u00f6r och vortexblandaren.<\/p>\n<p><img loading=\"lazy\" decoding=\"async\" src=\"https:\/\/labrobot.com\/wp-content\/uploads\/2026\/02\/serial-dilution-dilucup-elegance-300x154.jpg\" alt=\"serial dilution dilucup elegance replaces dilution tubes and vortex mixer\" width=\"629\" height=\"323\" \/><\/p>\n\t\t\t\t\t<a role=\"heading\" aria-level=\"2\" tabindex=\"-1\"  id=\"fl-accordion--label-4\">Vilken utrustning anv\u00e4nds f\u00f6r serieutsp\u00e4dningar?<\/a>\n\t\t\t\t\t\t\t\t\t\t\t<button type=\"button\" id=\"fl-accordion--icon-4\" aria-expanded=\"false\" aria-controls=\"fl-accordion--panel-4\"><i>Expand<\/i><\/button>\n\t\t\t\t\t<p>Vanligtvis anv\u00e4nds pipetter och sterila spetsar, utsp\u00e4dningsr\u00f6r med sterilt sp\u00e4dningsmedel, vortexblandare, petrisk\u00e5lar eller Petrifilm samt inkubatorer.<\/p>\n<p>Om sp\u00e4dningsmedel beh\u00f6ver beredas p\u00e5 laboratoriet kr\u00e4vs m\u00e5nga fler instrument och material, s\u00e5som kemikalier, v\u00e5gar, autoklav, bakteriestammar f\u00f6r kvalitetskontroll osv.<\/p>\n<p>Dilucup\u00ae ers\u00e4tter separata r\u00f6r med en bricka med f\u00e4rdiganv\u00e4nda sp\u00e4dningskoppar, vilket minskar behovet av flera olika material, instrument och uppst\u00e4llningssteg och d\u00e4rmed f\u00f6renklar lagerh\u00e5llning och f\u00f6rberedelser.<\/p>\n<p>Med Dilucup\u00ae-Systemet beh\u00f6ver du bara en Dilugent\u00ae Shaker eller Dilushaker III, Dilucup\u00ae, pipetter och spetsar, petrisk\u00e5lar samt en inkubator f\u00f6r att g\u00f6ra seriella utsp\u00e4dningar och kunna r\u00e4kna mikroorganismerna.<\/p>\n<p><img loading=\"lazy\" decoding=\"async\" src=\"https:\/\/labrobot.com\/wp-content\/uploads\/2026\/02\/Dilution-tubes-preparation-vs-Dilucup-System-300x111.png\" alt=\" Dilution tubes preparation vs Dilucup System\" width=\"716\" height=\"265\" \/><\/p>\n\t\t\t\t\t<a role=\"heading\" aria-level=\"2\" tabindex=\"-1\"  id=\"fl-accordion--label-5\">Vilka \u00e4r vanliga misstag vid serieutsp\u00e4dning?<\/a>\n\t\t\t\t\t\t\t\t\t\t\t<button type=\"button\" id=\"fl-accordion--icon-5\" aria-expanded=\"false\" aria-controls=\"fl-accordion--panel-5\"><i>Expand<\/i><\/button>\n\t\t\t\t\t<p>Typiska fel inkluderar felaktiga volymer av sp\u00e4dningsmedel, att r\u00f6r hoppas \u00f6ver eller felm\u00e4rks, bristf\u00e4llig omblandning av l\u00f6sningar, fel volym upptagen med pipetten, \u00e5teranv\u00e4ndning av pipettspetsar, anv\u00e4ndning av kontaminerade sp\u00e4dningsmedel samt felaktig ber\u00e4kning av utsp\u00e4dningsfaktorer.<\/p>\n<p><strong>Hur Dilucup\u00ae-Systemet kan gynna er:<\/strong><\/p>\n<p>Dilucup\u00ae erbjuder m\u00e5nga f\u00f6rdelar som bidrar till att minimera fel vid seriella utsp\u00e4dningar.<\/p>\n<p>Volymen sp\u00e4dningsmedel i Dilucup\u00ae \u00e4r mycket noggrann, vanligtvis med en avvikelse p\u00e5 mindre \u00e4n 0,5 % fr\u00e5n 9 mL.<\/p>\n<p>Blisterf\u00f6rpackningen med kopp-f\u00f6r-kopp-design och LED-lamporna visar vilken kopp som bearbetas, vilket minimerar risken f\u00f6r f\u00f6rv\u00e4xling.<\/p>\n<p>Vortexomr\u00f6rning med Dilugent\u00ae Shaker eller Dilushaker III s\u00e4kerst\u00e4ller grundlig blandning av utsp\u00e4dningen.<\/p>\n<p>Dilucup\u00ae-kopparna \u00e4r sterila och ska endast \u00f6ppnas omedelbart f\u00f6re anv\u00e4ndning, vilket minimerar risken f\u00f6r korskontamination.<\/p>\n<p>Slutligen, men viktigt, \u00e4r att utsp\u00e4dningar gjorda med Dilucup\u00ae \u00e4r decimala (1:10), vilket g\u00f6r ber\u00e4kningarna mycket enkla.<\/p>\n\t\t\t\t\t<a role=\"heading\" aria-level=\"2\" tabindex=\"-1\"  id=\"fl-accordion--label-6\">Hur bibeh\u00e5ller man noggrannheten vid seriell utsp\u00e4dning?<\/a>\n\t\t\t\t\t\t\t\t\t\t\t<button type=\"button\" id=\"fl-accordion--icon-6\" aria-expanded=\"false\" aria-controls=\"fl-accordion--panel-6\"><i>Expand<\/i><\/button>\n\t\t\t\t\t<p>Det \u00e4r viktigt att ha mycket exakta volymer av sp\u00e4dningsmedel, annars kommer felet i varje utsp\u00e4dning att ackumuleras och ge ett felaktigt slutresultat.<\/p>\n<p>Anv\u00e4nd kalibrerade pipetter, korrekt omblandning, sterila spetsar f\u00f6r varje \u00f6verf\u00f6ring, tydlig m\u00e4rkning och konsekvent teknik.<\/p>\n<p><strong>Hur Dilucup\u00ae-Systemet kan gynna er:<\/strong><\/p>\n<p>Dilucup\u00ae har mycket exakta volymer av sp\u00e4dningsmedel, med en standardavvikelse som vanligtvis \u00e4r mindre \u00e4n 0,5 % fr\u00e5n 9 mL, vilket s\u00e4kerst\u00e4ller tillf\u00f6rlitliga mikrobiologiska r\u00e4kningar.<\/p>\n<p>Enhetlig och konsekvent omr\u00f6rning samt en standardiserad metod f\u00f6rb\u00e4ttrar repeterbarheten mellan anv\u00e4ndare och laboratorier.<\/p>\n\t\t\t\t\t<a role=\"heading\" aria-level=\"2\" tabindex=\"-1\"  id=\"fl-accordion--label-7\">Kan serieutsp\u00e4dningar automatiseras?<\/a>\n\t\t\t\t\t\t\t\t\t\t\t<button type=\"button\" id=\"fl-accordion--icon-7\" aria-expanded=\"false\" aria-controls=\"fl-accordion--panel-7\"><i>Expand<\/i><\/button>\n\t\t\t\t\t<p>Delvis ja.<\/p>\n<p>Seriell utsp\u00e4dning med Dilucup\u00ae-Systemet \u00e4r halvautomatiserad och standardiserad: dess f\u00f6rfyllda utsp\u00e4dningskoppar och ergonomiska arbetsfl\u00f6de ger m\u00e5nga f\u00f6rdelar med automatisering (hastighet, reproducerbarhet och minskade manuella fel).<\/p>\n<h2  id=\"wholesale\">\n\t\t\tBer\u00e4kningar\t<\/h2>\n\t\t\t\t\t<a role=\"heading\" aria-level=\"2\" tabindex=\"-1\"  id=\"fl-accordion--label-0\">Hur utf\u00f6r man en serieutsp\u00e4dning 1:10?<\/a>\n\t\t\t\t\t\t\t\t\t\t\t<button type=\"button\" id=\"fl-accordion--icon-0\" aria-expanded=\"false\" aria-controls=\"fl-accordion--panel-0\"><i>Expand<\/i><\/button>\n<p>Blanda 1 del prov med 9 delar sp\u00e4dningsmedel (t.ex. 1 mL prov + 9 mL sp\u00e4dningsmedel) f\u00f6r att f\u00e5 en 10\u207b\u00b9 (1:10) utsp\u00e4dning.<\/p>\n<p><strong>Hur Dilucup\u00ae-Systemet kan gynna er:<\/strong><\/p>\n<p>Dilucup\u00ae inneh\u00e5ller normalt 9 mL sp\u00e4dningsmedel, s\u00e5 n\u00e4r du tills\u00e4tter 1 mL av provet i en Dilucup\u00ae f\u00e5r du automatiskt en 1:10-utsp\u00e4dning.<\/p>\n<p>Enkelt och utan komplicerade procedurer.<\/p>\n\n\n\n\t\t\t\t\t<a role=\"heading\" aria-level=\"2\" tabindex=\"-1\"  id=\"fl-accordion--label-1\">Hur g\u00f6r man en utsp\u00e4dning p\u00e5 1:10 000?<\/a>\n\t\t\t\t\t\t\t\t\t\t\t<button type=\"button\" id=\"fl-accordion--icon-1\" aria-expanded=\"false\" aria-controls=\"fl-accordion--panel-1\"><i>Expand<\/i><\/button>\n\t\t\t\t\t<p>G\u00f6r 4 p\u00e5 varandra f\u00f6ljande 1:10\u2011utsp\u00e4dningar med Dilucup\u00ae (10\u207b\u00b9 \u2192 10\u207b\u00b2 \u2192 10\u207b\u00b3 \u2192 10\u207b\u2074).<\/p>\n<p>Du beh\u00f6ver endast 4 Dilucup\u00ae och en skakapparat.<\/p>\n<p>Utsp\u00e4dningarna \u00e4r enkla att utf\u00f6ra med minimal utrustning och den ursprungliga mikroorganismkoncentrationen \u00e4r l\u00e4tt att ber\u00e4kna.<\/p>\n\t\t\t\t\t<a role=\"heading\" aria-level=\"2\" tabindex=\"-1\"  id=\"fl-accordion--label-2\">Hur ber\u00e4knar man CFU\/ml fr\u00e5n serieutsp\u00e4dningar?<\/a>\n\t\t\t\t\t\t\t\t\t\t\t<button type=\"button\" id=\"fl-accordion--icon-2\" aria-expanded=\"false\" aria-controls=\"fl-accordion--panel-2\"><i>Expand<\/i><\/button>\n\t\t\t\t\t<p>CFU\/mL = (antal kolonier p\u00e5 plattan) \u00f7 (uts\u00e5dd volym i mL \u00d7 utsp\u00e4dningsfaktor).<\/p>\n<p>Exempel: 150 kolonier fr\u00e5n 1 mL av en 10\u207b\u2074\u2011utsp\u00e4dning \u2192 150 \u00f7 (1 \u00d7 10\u207b\u2074) = 1,5 \u00d7 10\u2076 CFU\/mL.<\/p>\n<p><strong>Hur ber\u00e4knar man CFU\/mL med Dilucup\u00ae-Systemet?<\/strong><\/p>\n<p>Eftersom Dilucup\u00ae \u00e4r fylld med 9 mL ger det 1:10\u2011 (decimala) utsp\u00e4dningar.<\/p>\n<p>F\u00f6r att hitta antalet kolonier i det ursprungliga provet multiplicerar du helt enkelt med 10 f\u00f6r varje utsp\u00e4dningssteg, vilket \u00e4r samma sak som att dividera med 1\/10.<\/p>\n<p>Om du till exempel f\u00e5r 70 CFU\/mL i Dilucup\u00ae nummer 5 (10\u207b\u2075\u2011utsp\u00e4dning), ska du multiplicera 70 CFU\/mL \u00b7 10 \u00b7 10 \u00b7 10 \u00b7 10 \u00b7 10 = 7 \u00d7 10\u2076 CFU\/mL i det ursprungliga provet.<\/p>\n\t\t\t\t\t<a role=\"heading\" aria-level=\"2\" tabindex=\"-1\"  id=\"fl-accordion--label-3\">Hur ber\u00e4knar man det totala bakterieantalet fr\u00e5n ett prov?<\/a>\n\t\t\t\t\t\t\t\t\t\t\t<button type=\"button\" id=\"fl-accordion--icon-3\" aria-expanded=\"false\" aria-controls=\"fl-accordion--panel-3\"><i>Expand<\/i><\/button>\n<p>Sp\u00e4d provet seriellt med Dilucup\u00ae och placera 1 mL p\u00e5 plattor fr\u00e5n de Dilucup\u00ae som du tror har ett l\u00e4mpligt spektrum av mikroorganismer f\u00f6r avl\u00e4sning. Inkubera plattorna den tid som kr\u00e4vs och r\u00e4kna kolonierna.<\/p>\n<p>V\u00e4lj plattor med 30-300 kolonier och ber\u00e4kna sedan:<\/p>\n<p>Totalhalt (CFU\/mL eller CFU\/g) = kolonier \u00f7 (uts\u00e5dd volym \u00d7 utsp\u00e4dningsfaktor)<\/p>\n<strong>Hur Dilucup\u00ae-systemet kan gynna er:<\/strong><br \/>\nUtsp\u00e4dningar som utf\u00f6rs med Dilucup\u00ae \u00e4r alltid 1:10, vilket g\u00f6r det mycket enkelt att ber\u00e4kna koncentrationen av mikroorganismer i det ursprungliga provet.\n<p>Eftersom den uts\u00e5dda volymen \u00e4r 1 mL beh\u00f6ver du bara dividera antalet CFU p\u00e5 plattan med utsp\u00e4dningsfaktorn.<\/p>\n<p>Till exempel, om 1 mL i Dilucup\u00ae nummer 5 inneh\u00f6ll 83 CFU, \u00e4r koncentrationen av mikroorganismer i provet:<\/p>\n<p><strong>Om det ursprungliga provet var flytande<\/strong> och sp\u00e4ddes direkt med Dilucup\u00ae:<\/p>\n<p>83 CFU \u00f7 10\u207b\u2075 = 83 CFU \u00d7 10\u2075 = 8,3 \u00d7 10\u2076 CFU\/mL i det ursprungliga provet<\/p>\n<p><strong>Om det ursprungliga provet var fast<\/strong> och en f\u00f6reg\u00e5ende utsp\u00e4dning (10\u207b\u00b9) f\u00f6rst gjordes i en stomacherp\u00e5se:<\/p>\n<p>83 CFU \u00f7 10\u207b\u2076 = 83 CFU \u00d7 10\u2076 = 8,3 \u00d7 10\u2077 CFU\/mL i det ursprungliga provet<\/p>\n\n\n\n\n<h3>\n\t\t\tHar du n\u00e5gra andra fr\u00e5gor? Kontakta oss!\t<\/h3>\n\t<p>Kontakta oss om du vill veta mer eller om du vill prova en gratis demo av Dilucup\u00ae-Systemet.<\/p>\n<figure itemscope itemtype=\"https:\/\/schema.org\/ImageObject\">\n\t\t\t\t<img decoding=\"async\" src=\"https:\/\/labrobot.com\/wp-content\/plugins\/bb-plugin\/img\/pixel.png\" alt=\"\" onerror=\"this.style.display='none'\" loading=\"lazy\" \/>\n\t<\/figure>\n\n","protected":false},"excerpt":{"rendered":"<p>Serieutsp\u00e4dningar i mikrobiologi H\u00e4r hittar du fr\u00e5gor och svar om serieutsp\u00e4dningar och hur Dilucup\u00ae-Systemet kan gynna ert laboratorium. Serieutsp\u00e4dningar i mikrobiologi Vad \u00e4r en seriell utsp\u00e4dning inom mikrobiologi? Expand Seriell utsp\u00e4dning inom mikrobiologi \u00e4r en stegvis utsp\u00e4dning av ett mikrobiellt prov (vanligtvis med en konstant faktor som 1:10) f\u00f6r att successivt s\u00e4nka koncentrationen av mikroorganismer &#8230; <a title=\"Seriesp\u00e4dningar &#8211; Vanliga fr\u00e5gor\" class=\"read-more\" href=\"https:\/\/labrobot.com\/sv\/seriespadningar-vanliga-fragor\/\" aria-label=\"L\u00e4s mer om Seriesp\u00e4dningar &#8211; Vanliga fr\u00e5gor\">Read more<\/a><\/p>\n","protected":false},"author":243,"featured_media":0,"parent":0,"menu_order":0,"comment_status":"closed","ping_status":"closed","template":"","meta":{"_acf_changed":false,"generate_page_header":"","footnotes":""},"class_list":["post-21525","page","type-page","status-publish"],"acf":[],"yoast_head":"<!-- This site is optimized with the Yoast SEO Premium plugin v27.3 (Yoast SEO v27.3) - https:\/\/yoast.com\/product\/yoast-seo-premium-wordpress\/ -->\n<title>Seriesp\u00e4dningar - Vanliga fr\u00e5gor - LabRobot<\/title>\n<meta name=\"robots\" content=\"index, follow, max-snippet:-1, max-image-preview:large, max-video-preview:-1\" \/>\n<link rel=\"canonical\" href=\"https:\/\/labrobot.com\/sv\/seriespadningar-vanliga-fragor\/\" \/>\n<meta property=\"og:locale\" content=\"sv_SE\" \/>\n<meta property=\"og:type\" content=\"article\" \/>\n<meta property=\"og:title\" content=\"Seriesp\u00e4dningar - Vanliga fr\u00e5gor\" \/>\n<meta property=\"og:description\" content=\"Serieutsp\u00e4dningar i mikrobiologi H\u00e4r hittar du fr\u00e5gor och svar om serieutsp\u00e4dningar och hur Dilucup\u00ae-Systemet kan gynna ert laboratorium. Serieutsp\u00e4dningar i mikrobiologi Vad \u00e4r en seriell utsp\u00e4dning inom mikrobiologi? Expand Seriell utsp\u00e4dning inom mikrobiologi \u00e4r en stegvis utsp\u00e4dning av ett mikrobiellt prov (vanligtvis med en konstant faktor som 1:10) f\u00f6r att successivt s\u00e4nka koncentrationen av mikroorganismer ... Read more\" \/>\n<meta property=\"og:url\" content=\"https:\/\/labrobot.com\/sv\/seriespadningar-vanliga-fragor\/\" \/>\n<meta property=\"og:site_name\" content=\"LabRobot\" \/>\n<meta property=\"article:publisher\" content=\"https:\/\/www.facebook.com\/labrobotproductsab\" \/>\n<meta property=\"article:modified_time\" content=\"2026-02-20T09:00:59+00:00\" \/>\n<meta property=\"og:image\" content=\"https:\/\/labrobot.com\/wp-content\/uploads\/2026\/02\/serial-dilution-dilucup-elegance-300x154.jpg\" \/>\n<meta name=\"twitter:card\" content=\"summary_large_image\" \/>\n<meta name=\"twitter:label1\" content=\"Ber\u00e4knad l\u00e4stid\" \/>\n\t<meta name=\"twitter:data1\" content=\"7 minuter\" \/>\n<script type=\"application\/ld+json\" class=\"yoast-schema-graph\">{\"@context\":\"https:\\\/\\\/schema.org\",\"@graph\":[{\"@type\":\"WebPage\",\"@id\":\"https:\\\/\\\/labrobot.com\\\/sv\\\/seriespadningar-vanliga-fragor\\\/\",\"url\":\"https:\\\/\\\/labrobot.com\\\/sv\\\/seriespadningar-vanliga-fragor\\\/\",\"name\":\"Seriesp\u00e4dningar - Vanliga fr\u00e5gor - LabRobot\",\"isPartOf\":{\"@id\":\"https:\\\/\\\/labrobot.com\\\/#website\"},\"primaryImageOfPage\":{\"@id\":\"https:\\\/\\\/labrobot.com\\\/sv\\\/seriespadningar-vanliga-fragor\\\/#primaryimage\"},\"image\":{\"@id\":\"https:\\\/\\\/labrobot.com\\\/sv\\\/seriespadningar-vanliga-fragor\\\/#primaryimage\"},\"thumbnailUrl\":\"https:\\\/\\\/labrobot.com\\\/wp-content\\\/uploads\\\/2026\\\/02\\\/serial-dilution-dilucup-elegance-300x154.jpg\",\"datePublished\":\"2026-02-04T08:52:44+00:00\",\"dateModified\":\"2026-02-20T09:00:59+00:00\",\"breadcrumb\":{\"@id\":\"https:\\\/\\\/labrobot.com\\\/sv\\\/seriespadningar-vanliga-fragor\\\/#breadcrumb\"},\"inLanguage\":\"sv-SE\",\"potentialAction\":[{\"@type\":\"ReadAction\",\"target\":[\"https:\\\/\\\/labrobot.com\\\/sv\\\/seriespadningar-vanliga-fragor\\\/\"]}]},{\"@type\":\"ImageObject\",\"inLanguage\":\"sv-SE\",\"@id\":\"https:\\\/\\\/labrobot.com\\\/sv\\\/seriespadningar-vanliga-fragor\\\/#primaryimage\",\"url\":\"https:\\\/\\\/labrobot.com\\\/wp-content\\\/uploads\\\/2026\\\/02\\\/serial-dilution-dilucup-elegance-300x154.jpg\",\"contentUrl\":\"https:\\\/\\\/labrobot.com\\\/wp-content\\\/uploads\\\/2026\\\/02\\\/serial-dilution-dilucup-elegance-300x154.jpg\"},{\"@type\":\"BreadcrumbList\",\"@id\":\"https:\\\/\\\/labrobot.com\\\/sv\\\/seriespadningar-vanliga-fragor\\\/#breadcrumb\",\"itemListElement\":[{\"@type\":\"ListItem\",\"position\":1,\"name\":\"Home\",\"item\":\"https:\\\/\\\/labrobot.com\\\/sv\\\/\"},{\"@type\":\"ListItem\",\"position\":2,\"name\":\"Seriesp\u00e4dningar &#8211; Vanliga fr\u00e5gor\"}]},{\"@type\":\"WebSite\",\"@id\":\"https:\\\/\\\/labrobot.com\\\/#website\",\"url\":\"https:\\\/\\\/labrobot.com\\\/\",\"name\":\"LabRobot\",\"description\":\"Easy quick ergonomic serial dilution method\",\"publisher\":{\"@id\":\"https:\\\/\\\/labrobot.com\\\/#organization\"},\"potentialAction\":[{\"@type\":\"SearchAction\",\"target\":{\"@type\":\"EntryPoint\",\"urlTemplate\":\"https:\\\/\\\/labrobot.com\\\/?s={search_term_string}\"},\"query-input\":{\"@type\":\"PropertyValueSpecification\",\"valueRequired\":true,\"valueName\":\"search_term_string\"}}],\"inLanguage\":\"sv-SE\"},{\"@type\":\"Organization\",\"@id\":\"https:\\\/\\\/labrobot.com\\\/#organization\",\"name\":\"LabRobot Products AB\",\"url\":\"https:\\\/\\\/labrobot.com\\\/\",\"logo\":{\"@type\":\"ImageObject\",\"inLanguage\":\"sv-SE\",\"@id\":\"https:\\\/\\\/labrobot.com\\\/#\\\/schema\\\/logo\\\/image\\\/\",\"url\":\"https:\\\/\\\/labrobot.com\\\/wp-content\\\/uploads\\\/2018\\\/12\\\/LabRobot_LOGO_signatur.jpg\",\"contentUrl\":\"https:\\\/\\\/labrobot.com\\\/wp-content\\\/uploads\\\/2018\\\/12\\\/LabRobot_LOGO_signatur.jpg\",\"width\":200,\"height\":54,\"caption\":\"LabRobot Products AB\"},\"image\":{\"@id\":\"https:\\\/\\\/labrobot.com\\\/#\\\/schema\\\/logo\\\/image\\\/\"},\"sameAs\":[\"https:\\\/\\\/www.facebook.com\\\/labrobotproductsab\",\"https:\\\/\\\/www.linkedin.com\\\/company\\\/labrobot-products-ab\\\/\",\"https:\\\/\\\/www.youtube.com\\\/channel\\\/UCHGyF_OHfxI1No9ahbU-agQ\"]}]}<\/script>\n<!-- \/ Yoast SEO Premium plugin. -->","yoast_head_json":{"title":"Seriesp\u00e4dningar - Vanliga fr\u00e5gor - LabRobot","robots":{"index":"index","follow":"follow","max-snippet":"max-snippet:-1","max-image-preview":"max-image-preview:large","max-video-preview":"max-video-preview:-1"},"canonical":"https:\/\/labrobot.com\/sv\/seriespadningar-vanliga-fragor\/","og_locale":"sv_SE","og_type":"article","og_title":"Seriesp\u00e4dningar - Vanliga fr\u00e5gor","og_description":"Serieutsp\u00e4dningar i mikrobiologi H\u00e4r hittar du fr\u00e5gor och svar om serieutsp\u00e4dningar och hur Dilucup\u00ae-Systemet kan gynna ert laboratorium. Serieutsp\u00e4dningar i mikrobiologi Vad \u00e4r en seriell utsp\u00e4dning inom mikrobiologi? Expand Seriell utsp\u00e4dning inom mikrobiologi \u00e4r en stegvis utsp\u00e4dning av ett mikrobiellt prov (vanligtvis med en konstant faktor som 1:10) f\u00f6r att successivt s\u00e4nka koncentrationen av mikroorganismer ... Read more","og_url":"https:\/\/labrobot.com\/sv\/seriespadningar-vanliga-fragor\/","og_site_name":"LabRobot","article_publisher":"https:\/\/www.facebook.com\/labrobotproductsab","article_modified_time":"2026-02-20T09:00:59+00:00","og_image":[{"url":"https:\/\/labrobot.com\/wp-content\/uploads\/2026\/02\/serial-dilution-dilucup-elegance-300x154.jpg","type":"","width":"","height":""}],"twitter_card":"summary_large_image","twitter_misc":{"Ber\u00e4knad l\u00e4stid":"7 minuter"},"schema":{"@context":"https:\/\/schema.org","@graph":[{"@type":"WebPage","@id":"https:\/\/labrobot.com\/sv\/seriespadningar-vanliga-fragor\/","url":"https:\/\/labrobot.com\/sv\/seriespadningar-vanliga-fragor\/","name":"Seriesp\u00e4dningar - Vanliga fr\u00e5gor - LabRobot","isPartOf":{"@id":"https:\/\/labrobot.com\/#website"},"primaryImageOfPage":{"@id":"https:\/\/labrobot.com\/sv\/seriespadningar-vanliga-fragor\/#primaryimage"},"image":{"@id":"https:\/\/labrobot.com\/sv\/seriespadningar-vanliga-fragor\/#primaryimage"},"thumbnailUrl":"https:\/\/labrobot.com\/wp-content\/uploads\/2026\/02\/serial-dilution-dilucup-elegance-300x154.jpg","datePublished":"2026-02-04T08:52:44+00:00","dateModified":"2026-02-20T09:00:59+00:00","breadcrumb":{"@id":"https:\/\/labrobot.com\/sv\/seriespadningar-vanliga-fragor\/#breadcrumb"},"inLanguage":"sv-SE","potentialAction":[{"@type":"ReadAction","target":["https:\/\/labrobot.com\/sv\/seriespadningar-vanliga-fragor\/"]}]},{"@type":"ImageObject","inLanguage":"sv-SE","@id":"https:\/\/labrobot.com\/sv\/seriespadningar-vanliga-fragor\/#primaryimage","url":"https:\/\/labrobot.com\/wp-content\/uploads\/2026\/02\/serial-dilution-dilucup-elegance-300x154.jpg","contentUrl":"https:\/\/labrobot.com\/wp-content\/uploads\/2026\/02\/serial-dilution-dilucup-elegance-300x154.jpg"},{"@type":"BreadcrumbList","@id":"https:\/\/labrobot.com\/sv\/seriespadningar-vanliga-fragor\/#breadcrumb","itemListElement":[{"@type":"ListItem","position":1,"name":"Home","item":"https:\/\/labrobot.com\/sv\/"},{"@type":"ListItem","position":2,"name":"Seriesp\u00e4dningar &#8211; Vanliga fr\u00e5gor"}]},{"@type":"WebSite","@id":"https:\/\/labrobot.com\/#website","url":"https:\/\/labrobot.com\/","name":"LabRobot","description":"Easy quick ergonomic serial dilution method","publisher":{"@id":"https:\/\/labrobot.com\/#organization"},"potentialAction":[{"@type":"SearchAction","target":{"@type":"EntryPoint","urlTemplate":"https:\/\/labrobot.com\/?s={search_term_string}"},"query-input":{"@type":"PropertyValueSpecification","valueRequired":true,"valueName":"search_term_string"}}],"inLanguage":"sv-SE"},{"@type":"Organization","@id":"https:\/\/labrobot.com\/#organization","name":"LabRobot Products AB","url":"https:\/\/labrobot.com\/","logo":{"@type":"ImageObject","inLanguage":"sv-SE","@id":"https:\/\/labrobot.com\/#\/schema\/logo\/image\/","url":"https:\/\/labrobot.com\/wp-content\/uploads\/2018\/12\/LabRobot_LOGO_signatur.jpg","contentUrl":"https:\/\/labrobot.com\/wp-content\/uploads\/2018\/12\/LabRobot_LOGO_signatur.jpg","width":200,"height":54,"caption":"LabRobot Products AB"},"image":{"@id":"https:\/\/labrobot.com\/#\/schema\/logo\/image\/"},"sameAs":["https:\/\/www.facebook.com\/labrobotproductsab","https:\/\/www.linkedin.com\/company\/labrobot-products-ab\/","https:\/\/www.youtube.com\/channel\/UCHGyF_OHfxI1No9ahbU-agQ"]}]}},"_links":{"self":[{"href":"https:\/\/labrobot.com\/sv\/wp-json\/wp\/v2\/pages\/21525","targetHints":{"allow":["GET"]}}],"collection":[{"href":"https:\/\/labrobot.com\/sv\/wp-json\/wp\/v2\/pages"}],"about":[{"href":"https:\/\/labrobot.com\/sv\/wp-json\/wp\/v2\/types\/page"}],"author":[{"embeddable":true,"href":"https:\/\/labrobot.com\/sv\/wp-json\/wp\/v2\/users\/243"}],"replies":[{"embeddable":true,"href":"https:\/\/labrobot.com\/sv\/wp-json\/wp\/v2\/comments?post=21525"}],"version-history":[{"count":1,"href":"https:\/\/labrobot.com\/sv\/wp-json\/wp\/v2\/pages\/21525\/revisions"}],"predecessor-version":[{"id":21544,"href":"https:\/\/labrobot.com\/sv\/wp-json\/wp\/v2\/pages\/21525\/revisions\/21544"}],"wp:attachment":[{"href":"https:\/\/labrobot.com\/sv\/wp-json\/wp\/v2\/media?parent=21525"}],"curies":[{"name":"wp","href":"https:\/\/api.w.org\/{rel}","templated":true}]}}