{"id":18272,"date":"2018-10-24T13:40:38","date_gmt":"2018-10-24T12:40:38","guid":{"rendered":"https:\/\/labrobot.com\/nyheter-2\/"},"modified":"2025-04-15T12:09:07","modified_gmt":"2025-04-15T11:09:07","slug":"nyheter","status":"publish","type":"page","link":"https:\/\/labrobot.com\/sv\/nyheter\/","title":{"rendered":"Nyheter"},"content":{"rendered":"\n\n\t<h1>Senaste nytt<\/h1>\n\n","protected":false},"excerpt":{"rendered":"<p>Senaste nytt<\/p>\n","protected":false},"author":11,"featured_media":0,"parent":0,"menu_order":33,"comment_status":"closed","ping_status":"closed","template":"","meta":{"_acf_changed":false,"generate_page_header":"","footnotes":""},"class_list":["post-18272","page","type-page","status-publish"],"acf":[],"yoast_head":"<!-- This site is optimized with the Yoast SEO Premium plugin v27.3 (Yoast SEO v27.3) - https:\/\/yoast.com\/product\/yoast-seo-premium-wordpress\/ -->\n<title>Nyheter | Dilucup System | Seriesp\u00e4dningar | LabRobot<\/title>\n<meta name=\"description\" content=\"P\u00e5 denna sida hittar du de senaste nyheterna om seriesp\u00e4dningsmetoden Dilucup System och om LabRobot.\" \/>\n<meta name=\"robots\" content=\"index, follow, max-snippet:-1, max-image-preview:large, max-video-preview:-1\" \/>\n<link rel=\"canonical\" href=\"https:\/\/labrobot.com\/sv\/nyheter\/\" \/>\n<meta property=\"og:locale\" content=\"sv_SE\" \/>\n<meta property=\"og:type\" content=\"article\" \/>\n<meta property=\"og:title\" content=\"Nyheter\" \/>\n<meta property=\"og:description\" content=\"P\u00e5 denna sida hittar du de senaste nyheterna om seriesp\u00e4dningsmetoden Dilucup System och om LabRobot.\" \/>\n<meta property=\"og:url\" content=\"https:\/\/labrobot.com\/sv\/nyheter\/\" \/>\n<meta property=\"og:site_name\" content=\"LabRobot\" \/>\n<meta property=\"article:publisher\" content=\"https:\/\/www.facebook.com\/labrobotproductsab\" \/>\n<meta property=\"article:modified_time\" content=\"2025-04-15T11:09:07+00:00\" \/>\n<meta name=\"twitter:card\" content=\"summary_large_image\" \/>\n<meta name=\"twitter:label1\" content=\"Ber\u00e4knad l\u00e4stid\" \/>\n\t<meta name=\"twitter:data1\" content=\"3 minuter\" \/>\n<script type=\"application\/ld+json\" class=\"yoast-schema-graph\">{\"@context\":\"https:\\\/\\\/schema.org\",\"@graph\":[{\"@type\":\"WebPage\",\"@id\":\"https:\\\/\\\/labrobot.com\\\/sv\\\/nyheter\\\/\",\"url\":\"https:\\\/\\\/labrobot.com\\\/sv\\\/nyheter\\\/\",\"name\":\"Nyheter | Dilucup System | Seriesp\u00e4dningar | LabRobot\",\"isPartOf\":{\"@id\":\"https:\\\/\\\/labrobot.com\\\/#website\"},\"datePublished\":\"2018-10-24T12:40:38+00:00\",\"dateModified\":\"2025-04-15T11:09:07+00:00\",\"description\":\"P\u00e5 denna sida hittar du de senaste nyheterna om seriesp\u00e4dningsmetoden Dilucup System och om LabRobot.\",\"breadcrumb\":{\"@id\":\"https:\\\/\\\/labrobot.com\\\/sv\\\/nyheter\\\/#breadcrumb\"},\"inLanguage\":\"sv-SE\",\"potentialAction\":[{\"@type\":\"ReadAction\",\"target\":[\"https:\\\/\\\/labrobot.com\\\/sv\\\/nyheter\\\/\"]}]},{\"@type\":\"BreadcrumbList\",\"@id\":\"https:\\\/\\\/labrobot.com\\\/sv\\\/nyheter\\\/#breadcrumb\",\"itemListElement\":[{\"@type\":\"ListItem\",\"position\":1,\"name\":\"Home\",\"item\":\"https:\\\/\\\/labrobot.com\\\/sv\\\/\"},{\"@type\":\"ListItem\",\"position\":2,\"name\":\"Nyheter\"}]},{\"@type\":\"WebSite\",\"@id\":\"https:\\\/\\\/labrobot.com\\\/#website\",\"url\":\"https:\\\/\\\/labrobot.com\\\/\",\"name\":\"LabRobot\",\"description\":\"Easy quick ergonomic serial dilution method\",\"publisher\":{\"@id\":\"https:\\\/\\\/labrobot.com\\\/#organization\"},\"potentialAction\":[{\"@type\":\"SearchAction\",\"target\":{\"@type\":\"EntryPoint\",\"urlTemplate\":\"https:\\\/\\\/labrobot.com\\\/?s={search_term_string}\"},\"query-input\":{\"@type\":\"PropertyValueSpecification\",\"valueRequired\":true,\"valueName\":\"search_term_string\"}}],\"inLanguage\":\"sv-SE\"},{\"@type\":\"Organization\",\"@id\":\"https:\\\/\\\/labrobot.com\\\/#organization\",\"name\":\"LabRobot Products AB\",\"url\":\"https:\\\/\\\/labrobot.com\\\/\",\"logo\":{\"@type\":\"ImageObject\",\"inLanguage\":\"sv-SE\",\"@id\":\"https:\\\/\\\/labrobot.com\\\/#\\\/schema\\\/logo\\\/image\\\/\",\"url\":\"https:\\\/\\\/labrobot.com\\\/wp-content\\\/uploads\\\/2018\\\/12\\\/LabRobot_LOGO_signatur.jpg\",\"contentUrl\":\"https:\\\/\\\/labrobot.com\\\/wp-content\\\/uploads\\\/2018\\\/12\\\/LabRobot_LOGO_signatur.jpg\",\"width\":200,\"height\":54,\"caption\":\"LabRobot Products AB\"},\"image\":{\"@id\":\"https:\\\/\\\/labrobot.com\\\/#\\\/schema\\\/logo\\\/image\\\/\"},\"sameAs\":[\"https:\\\/\\\/www.facebook.com\\\/labrobotproductsab\",\"https:\\\/\\\/www.linkedin.com\\\/company\\\/labrobot-products-ab\\\/\",\"https:\\\/\\\/www.youtube.com\\\/channel\\\/UCHGyF_OHfxI1No9ahbU-agQ\"]}]}<\/script>\n<!-- \/ Yoast SEO Premium plugin. -->","yoast_head_json":{"title":"Nyheter | Dilucup System | Seriesp\u00e4dningar | LabRobot","description":"P\u00e5 denna sida hittar du de senaste nyheterna om seriesp\u00e4dningsmetoden Dilucup System och om LabRobot.","robots":{"index":"index","follow":"follow","max-snippet":"max-snippet:-1","max-image-preview":"max-image-preview:large","max-video-preview":"max-video-preview:-1"},"canonical":"https:\/\/labrobot.com\/sv\/nyheter\/","og_locale":"sv_SE","og_type":"article","og_title":"Nyheter","og_description":"P\u00e5 denna sida hittar du de senaste nyheterna om seriesp\u00e4dningsmetoden Dilucup System och om LabRobot.","og_url":"https:\/\/labrobot.com\/sv\/nyheter\/","og_site_name":"LabRobot","article_publisher":"https:\/\/www.facebook.com\/labrobotproductsab","article_modified_time":"2025-04-15T11:09:07+00:00","twitter_card":"summary_large_image","twitter_misc":{"Ber\u00e4knad l\u00e4stid":"3 minuter"},"schema":{"@context":"https:\/\/schema.org","@graph":[{"@type":"WebPage","@id":"https:\/\/labrobot.com\/sv\/nyheter\/","url":"https:\/\/labrobot.com\/sv\/nyheter\/","name":"Nyheter | Dilucup System | Seriesp\u00e4dningar | LabRobot","isPartOf":{"@id":"https:\/\/labrobot.com\/#website"},"datePublished":"2018-10-24T12:40:38+00:00","dateModified":"2025-04-15T11:09:07+00:00","description":"P\u00e5 denna sida hittar du de senaste nyheterna om seriesp\u00e4dningsmetoden Dilucup System och om LabRobot.","breadcrumb":{"@id":"https:\/\/labrobot.com\/sv\/nyheter\/#breadcrumb"},"inLanguage":"sv-SE","potentialAction":[{"@type":"ReadAction","target":["https:\/\/labrobot.com\/sv\/nyheter\/"]}]},{"@type":"BreadcrumbList","@id":"https:\/\/labrobot.com\/sv\/nyheter\/#breadcrumb","itemListElement":[{"@type":"ListItem","position":1,"name":"Home","item":"https:\/\/labrobot.com\/sv\/"},{"@type":"ListItem","position":2,"name":"Nyheter"}]},{"@type":"WebSite","@id":"https:\/\/labrobot.com\/#website","url":"https:\/\/labrobot.com\/","name":"LabRobot","description":"Easy quick ergonomic serial dilution method","publisher":{"@id":"https:\/\/labrobot.com\/#organization"},"potentialAction":[{"@type":"SearchAction","target":{"@type":"EntryPoint","urlTemplate":"https:\/\/labrobot.com\/?s={search_term_string}"},"query-input":{"@type":"PropertyValueSpecification","valueRequired":true,"valueName":"search_term_string"}}],"inLanguage":"sv-SE"},{"@type":"Organization","@id":"https:\/\/labrobot.com\/#organization","name":"LabRobot Products AB","url":"https:\/\/labrobot.com\/","logo":{"@type":"ImageObject","inLanguage":"sv-SE","@id":"https:\/\/labrobot.com\/#\/schema\/logo\/image\/","url":"https:\/\/labrobot.com\/wp-content\/uploads\/2018\/12\/LabRobot_LOGO_signatur.jpg","contentUrl":"https:\/\/labrobot.com\/wp-content\/uploads\/2018\/12\/LabRobot_LOGO_signatur.jpg","width":200,"height":54,"caption":"LabRobot Products AB"},"image":{"@id":"https:\/\/labrobot.com\/#\/schema\/logo\/image\/"},"sameAs":["https:\/\/www.facebook.com\/labrobotproductsab","https:\/\/www.linkedin.com\/company\/labrobot-products-ab\/","https:\/\/www.youtube.com\/channel\/UCHGyF_OHfxI1No9ahbU-agQ"]}]}},"_links":{"self":[{"href":"https:\/\/labrobot.com\/sv\/wp-json\/wp\/v2\/pages\/18272","targetHints":{"allow":["GET"]}}],"collection":[{"href":"https:\/\/labrobot.com\/sv\/wp-json\/wp\/v2\/pages"}],"about":[{"href":"https:\/\/labrobot.com\/sv\/wp-json\/wp\/v2\/types\/page"}],"author":[{"embeddable":true,"href":"https:\/\/labrobot.com\/sv\/wp-json\/wp\/v2\/users\/11"}],"replies":[{"embeddable":true,"href":"https:\/\/labrobot.com\/sv\/wp-json\/wp\/v2\/comments?post=18272"}],"version-history":[{"count":0,"href":"https:\/\/labrobot.com\/sv\/wp-json\/wp\/v2\/pages\/18272\/revisions"}],"wp:attachment":[{"href":"https:\/\/labrobot.com\/sv\/wp-json\/wp\/v2\/media?parent=18272"}],"curies":[{"name":"wp","href":"https:\/\/api.w.org\/{rel}","templated":true}]}}