{"id":18230,"date":"2021-02-26T14:18:26","date_gmt":"2021-02-26T13:18:26","guid":{"rendered":"https:\/\/labrobot.com\/serial-dilutions-for-plate-count\/"},"modified":"2024-09-26T13:30:38","modified_gmt":"2024-09-26T12:30:38","slug":"rakna-mikroorganismer","status":"publish","type":"page","link":"https:\/\/labrobot.com\/sv\/rakna-mikroorganismer\/","title":{"rendered":"Applikationer"},"content":{"rendered":"\n<h1>\n\t\tDin allierade f\u00f6r att r\u00e4kna mikroorganismer\n\t<\/h1>\n\t<p>Att r\u00e4kna mikroorganismer blir mycket enkelt och snabbt n\u00e4r du utf\u00f6r dina seriesp\u00e4dningar med Dilucup\u00ae-Systemet. <\/p>\n<p>Dessutom kommer du att g\u00f6ra dina decimala utsp\u00e4dningar <strong>dubbelt s\u00e5 snabbt som med utsp\u00e4dningsr\u00f6r och en vortexblandare<\/strong>! Oavsett hur m\u00e5nga utsp\u00e4dningar du beh\u00f6ver g\u00f6ra, till\u00e5ter detta system dig att <strong>sp\u00e4da<\/strong> ett prov <strong>fr\u00e5n 1 till 12 g\u00e5nger.<\/strong><\/p>\n\t<p>En av de vanligaste mikrobiologiska analyserna \u00e4r kvantifiering av mikroorganismer, d\u00e4r provet m\u00e5ste sp\u00e4das i f\u00f6rv\u00e4g f\u00f6r att minska antalet mikroorganismer till en r\u00e4kningsbar niv\u00e5.<\/p>\n<p>Det nuvarande utbudet av tillg\u00e4ngliga sp\u00e4dningsmedel (<strong>MRD, NACL, BPW, EP<\/strong>), tillsammans med koppvolymen (vanligtvis <strong>9 mL<\/strong>), g\u00f6r detta seriesp\u00e4dningssystem mycket l\u00e4mpligt f\u00f6r f\u00f6ljande industrier:<\/p>\n<h2>\n\t\tLivsmedelsmikrobiologi\n\t<\/h2>\n\t<p>F\u00f6r att s\u00e4kerst\u00e4lla kvaliteten p\u00e5 livsmedel och foder m\u00e5ste de genomg\u00e5 olika kemiska och mikrobiologiska analyser.<\/p>\nVanligtvis beh\u00f6vs en f\u00f6rsta utsp\u00e4dning i en stomacherp\u00e5se f\u00f6r solida matriser som k\u00f6tt, fisk, hela \u00e4gg, gr\u00f6nsaker, djurfoder, mj\u00f6lkpulver, gr\u00e4dde, etc.\nRekommenderade sp\u00e4dningsmedel:\n<ul>\n<li>Dilucup MRD<em> (Maximal Recovery Diluent)<\/em><\/li>\n<li>Dilucup BPW <em>(Buffered Peptone Water)<\/em><\/li>\n<\/ul>\n\t\t\t\t<img loading=\"lazy\" decoding=\"async\" src=\"https:\/\/labrobot.com\/wp-content\/uploads\/2024\/07\/dairy-1024x715.jpg\" alt=\"dairy products\" itemprop=\"image\" height=\"715\" width=\"1024\" title=\"dairy\" onerror=\"this.style.display='none'\"  \/>\n\t<h3>Mejeriindustrin<\/h3>\n\t\t\t\t<img loading=\"lazy\" decoding=\"async\" src=\"https:\/\/labrobot.com\/wp-content\/uploads\/2022\/03\/livsmedel.jpg\" alt=\"livsmedel\" itemprop=\"image\" height=\"683\" width=\"1024\" title=\"livsmedel\" onerror=\"this.style.display='none'\"  \/>\n\t<h3>Livsmedelss\u00e4kerhet<\/h3>\n\t\t\t\t<img loading=\"lazy\" decoding=\"async\" src=\"https:\/\/labrobot.com\/wp-content\/uploads\/2024\/07\/animal-feed.jpg\" alt=\"animal feed\" itemprop=\"image\" height=\"480\" width=\"720\" title=\"animal feed\" onerror=\"this.style.display='none'\"  \/>\n\t<h3>Djurfoder<\/h3>\n<h2>\n\t\tProbiotikaindustrin\n\t<\/h2>\n\t<p>F\u00f6r att r\u00e4kna probiotiska stammar beh\u00f6ver du sp\u00e4dningsmedel med mycket noggrann volym, annars kan det ackumulerade felet i varje utsp\u00e4dning ge dig ett felaktigt resultat.<\/p>\n<p>Dilucup\u00ae \u00e4r det enda systemet som kan erbjuda dig f\u00e4rdiga sp\u00e4dningsmedel i intervallet 9 mL \u00b1 0,5 % <em><a href=\"https:\/\/labrobot.com\/sv\/mycket-exakt-spadningsvolym\/\">(l\u00e4s den senaste analysen h\u00e4r)<\/a>.<\/em><\/p>\n\t\t\t\t<img loading=\"lazy\" decoding=\"async\" src=\"https:\/\/labrobot.com\/wp-content\/uploads\/2024\/07\/bacteria.jpg\" alt=\"bacteria count\" itemprop=\"image\" height=\"480\" width=\"857\" title=\"bacteria\" onerror=\"this.style.display='none'\"  \/>\n\t<h3>Uppr\u00e4kning av probiotiska stammar<\/h3>\n\t\t\t\t<img loading=\"lazy\" decoding=\"async\" src=\"https:\/\/labrobot.com\/wp-content\/uploads\/2024\/07\/bifidus.jpg\" alt=\"bifidus\" itemprop=\"image\" height=\"480\" width=\"720\" title=\"bifidus\" onerror=\"this.style.display='none'\"  \/>\n\t<h3>Probiotikaindustrin<\/h3>\n\t\t\t\t<a href=\"https:\/\/labrobot.com\/sv\/mycket-exakt-spadningsvolym\/\" target=\"_self\" itemprop=\"url\" rel=\"noopener\">\n\t\t\t\t<img loading=\"lazy\" decoding=\"async\" src=\"https:\/\/labrobot.com\/wp-content\/uploads\/2024\/07\/Accurate-volume.png\" alt=\"accurate volume counts Dilucup\" itemprop=\"image\" height=\"1080\" width=\"1080\" title=\"Accurate volume\" onerror=\"this.style.display='none'\"  \/>\n\t\t\t\t<\/a>\n\t<h3>Mycket noggranna sp\u00e4dningsvolymer &#8211; perfekt f\u00f6r att r\u00e4kna probiotika<\/h3>\n<h2>\n\t\tBioindustrin\n\t<\/h2>\n\t<p>Biotekniska processer och s\u00e4rskilt alla typer av j\u00e4sning beh\u00f6ver kontrolleras och \u00f6vervakas p\u00e5 olika niv\u00e5er:<\/p>\n\t\t\t\t<img loading=\"lazy\" decoding=\"async\" src=\"https:\/\/labrobot.com\/wp-content\/uploads\/2024\/07\/starter.jpg\" alt=\"starter\" itemprop=\"image\" height=\"480\" width=\"720\" title=\"starter\" onerror=\"this.style.display='none'\"  \/>\n\t<h3><em>Kontroll av renhet och koncentration av starterkulturer (bakterier, j\u00e4st)<\/em><\/h3>\n\t\t\t\t<img loading=\"lazy\" decoding=\"async\" src=\"https:\/\/labrobot.com\/wp-content\/uploads\/2024\/07\/reactors.jpg\" alt=\"reactors\" itemprop=\"image\" height=\"480\" width=\"679\" title=\"reactors\" onerror=\"this.style.display='none'\"  \/>\n\t<h3>Kvantifiering av den mikrobiologiska populationen i reaktorer, fermentorer&#8230;<\/h3>\n\t\t\t\t<img loading=\"lazy\" decoding=\"async\" src=\"https:\/\/labrobot.com\/wp-content\/uploads\/2024\/07\/fermentation.jpg\" alt=\"fermentation\" itemprop=\"image\" height=\"480\" width=\"719\" title=\"fermentation\" onerror=\"this.style.display='none'\"  \/>\n\t<h3>Bed\u00f6mning av slutprodukternas kvalitet<\/h3>\n<h2>\n\t\tPappersindustrin\n\t<\/h2>\n\t<p>Slemproducerande bakterier \u00e4r f\u00f6rbjudna runt pappersmaskinerna och deras tillv\u00e4xt kontrolleras genom anv\u00e4ndning av effektiva kombinationer av kemikalier (biocider, dispergeringsmedel&#8230;).<\/p>\n\t\t\t\t<img loading=\"lazy\" decoding=\"async\" src=\"https:\/\/labrobot.com\/wp-content\/uploads\/2024\/07\/paper-industry.jpg\" alt=\"paper industry\" itemprop=\"image\" height=\"480\" width=\"723\" title=\"paper industry\" onerror=\"this.style.display='none'\"  \/>\n\t<h3>R\u00e4kning av mikroorganismer i tankar<\/h3>\n\t\t\t\t<img loading=\"lazy\" decoding=\"async\" src=\"https:\/\/labrobot.com\/wp-content\/uploads\/2024\/07\/papers.jpg\" alt=\"papers\" itemprop=\"image\" height=\"480\" width=\"720\" title=\"papers\" onerror=\"this.style.display='none'\"  \/>\n\t<h3>Papperstillverkning<\/h3>\n\t\t\t\t<img loading=\"lazy\" decoding=\"async\" src=\"https:\/\/labrobot.com\/wp-content\/uploads\/2014\/11\/o4hp1c4k.bmp\" alt=\"o4hp1c4k\" itemprop=\"image\" height=\"480\" width=\"720\" title=\"o4hp1c4k\" onerror=\"this.style.display='none'\"  \/>\n\t<h3>Kontroll av mikroorganismer i r\u00f6r, dammar, kylningstorn, etc.<\/h3>\n<h2>\n\t\tProcessvatten\n\t<\/h2>\n\t<p>Biologisk avloppsrening \u00e4r en saneringsmetod som anv\u00e4nder olika typer av mikroorganismer f\u00f6r att rena och reng\u00f6ra f\u00f6rorenat vatten, vilket fr\u00e4mjar en h\u00e4lsosammare milj\u00f6.<\/p>\n\t\t\t\t<img loading=\"lazy\" decoding=\"async\" src=\"https:\/\/labrobot.com\/wp-content\/uploads\/2024\/07\/water-treatment.jpg\" alt=\"water treatment\" itemprop=\"image\" height=\"480\" width=\"719\" title=\"water treatment\" onerror=\"this.style.display='none'\"  \/>\n\t<h3>Biologisk avloppsrening<\/h3>\n\t\t\t\t<img loading=\"lazy\" decoding=\"async\" src=\"https:\/\/labrobot.com\/wp-content\/uploads\/2024\/07\/water-treatment-plant.jpg\" alt=\"water treatment\" itemprop=\"image\" height=\"480\" width=\"855\" title=\"water treatment plant\" onerror=\"this.style.display='none'\"  \/>\n\t<h3>Dekontaminering och \u00e5tervinning av avloppsvatten<\/h3>\n\t\t\t\t<img loading=\"lazy\" decoding=\"async\" src=\"https:\/\/labrobot.com\/wp-content\/uploads\/2024\/07\/CFU-Dilucup.png\" alt=\"count of CFU\" itemprop=\"image\" height=\"2515\" width=\"3781\" title=\"CFU Dilucup\" onerror=\"this.style.display='none'\"  \/>\n\t<h3>Kvantifiering av mikroorganismer<\/h3>\n<h2>\n\t\tKosmetikindustrin\n\t<\/h2>\n\t<p>Det \u00e4r vanligt att tills\u00e4tta mikrobiella h\u00e4mmare i kosmetika f\u00f6r att f\u00f6rhindra mikroorganismers tillv\u00e4xt i produkterna. Effektiviteten hos dessa h\u00e4mmare m\u00e5ste kontrolleras med en mikrobiologisk metod.<\/p>\n\t\t\t\t<img loading=\"lazy\" decoding=\"async\" src=\"https:\/\/labrobot.com\/wp-content\/uploads\/2024\/07\/cosmetic-lab.jpg\" alt=\"cosmetic lab\" itemprop=\"image\" height=\"480\" width=\"720\" title=\"cosmetic lab\" onerror=\"this.style.display='none'\"  \/>\n\t<h3>Kontroll av initiala koncentrationer av testmikroorganismer<\/h3>\n\t\t\t\t<img loading=\"lazy\" decoding=\"async\" src=\"https:\/\/labrobot.com\/wp-content\/uploads\/2024\/07\/creams-cosmetic.jpg\" alt=\"creams cosmetic\" itemprop=\"image\" height=\"480\" width=\"857\" title=\"creams cosmetic\" onerror=\"this.style.display='none'\"  \/>\n\t<h3>Challenge-test i kosmetika<\/h3>\n\t\t\t\t<img loading=\"lazy\" decoding=\"async\" src=\"https:\/\/labrobot.com\/wp-content\/uploads\/2024\/07\/cosmetics.jpg\" alt=\"cosmetics\" itemprop=\"image\" height=\"480\" width=\"720\" title=\"cosmetics\" onerror=\"this.style.display='none'\"  \/>\n\t<h3>Kontroll av mikrobiella h\u00e4mmare<\/h3>\n\n","protected":false},"excerpt":{"rendered":"<p>Din allierade f\u00f6r att r\u00e4kna mikroorganismer Att r\u00e4kna mikroorganismer blir mycket enkelt och snabbt n\u00e4r du utf\u00f6r dina seriesp\u00e4dningar med Dilucup\u00ae-Systemet. Dessutom kommer du att g\u00f6ra dina decimala utsp\u00e4dningar dubbelt s\u00e5 snabbt som med utsp\u00e4dningsr\u00f6r och en vortexblandare! Oavsett hur m\u00e5nga utsp\u00e4dningar du beh\u00f6ver g\u00f6ra, till\u00e5ter detta system dig att sp\u00e4da ett prov fr\u00e5n 1 &#8230; <a title=\"Applikationer\" class=\"read-more\" href=\"https:\/\/labrobot.com\/sv\/rakna-mikroorganismer\/\" aria-label=\"L\u00e4s mer om Applikationer\">Read more<\/a><\/p>\n","protected":false},"author":243,"featured_media":0,"parent":0,"menu_order":0,"comment_status":"closed","ping_status":"closed","template":"","meta":{"_acf_changed":false,"generate_page_header":"","footnotes":""},"class_list":["post-18230","page","type-page","status-publish"],"acf":[],"yoast_head":"<!-- This site is optimized with the Yoast SEO Premium plugin v27.3 (Yoast SEO v27.3) - https:\/\/yoast.com\/product\/yoast-seo-premium-wordpress\/ -->\n<title>Hur r\u00e4knar man mikroorganismer?<\/title>\n<meta name=\"description\" content=\"Dilucup-systemet \u00e4r din allierade f\u00f6r att r\u00e4kna mikroorganismer. L\u00e4mpligt f\u00f6r livsmedelsmikrobiologi, uppr\u00e4kning av probiotiska stammar,...\" \/>\n<meta name=\"robots\" content=\"index, follow, max-snippet:-1, max-image-preview:large, max-video-preview:-1\" \/>\n<link rel=\"canonical\" href=\"https:\/\/labrobot.com\/sv\/rakna-mikroorganismer\/\" \/>\n<meta property=\"og:locale\" content=\"sv_SE\" \/>\n<meta property=\"og:type\" content=\"article\" \/>\n<meta property=\"og:title\" content=\"Applikationer\" \/>\n<meta property=\"og:description\" content=\"Dilucup-systemet \u00e4r din allierade f\u00f6r att r\u00e4kna mikroorganismer. L\u00e4mpligt f\u00f6r livsmedelsmikrobiologi, uppr\u00e4kning av probiotiska stammar,...\" \/>\n<meta property=\"og:url\" content=\"https:\/\/labrobot.com\/sv\/rakna-mikroorganismer\/\" \/>\n<meta property=\"og:site_name\" content=\"LabRobot\" \/>\n<meta property=\"article:publisher\" content=\"https:\/\/www.facebook.com\/labrobotproductsab\" \/>\n<meta property=\"article:modified_time\" content=\"2024-09-26T12:30:38+00:00\" \/>\n<meta property=\"og:image\" content=\"https:\/\/labrobot.com\/wp-content\/uploads\/2024\/07\/dairy-1024x715.jpg\" \/>\n<meta name=\"twitter:card\" content=\"summary_large_image\" \/>\n<meta name=\"twitter:label1\" content=\"Ber\u00e4knad l\u00e4stid\" \/>\n\t<meta name=\"twitter:data1\" content=\"6 minuter\" \/>\n<script type=\"application\/ld+json\" class=\"yoast-schema-graph\">{\"@context\":\"https:\\\/\\\/schema.org\",\"@graph\":[{\"@type\":\"WebPage\",\"@id\":\"https:\\\/\\\/labrobot.com\\\/sv\\\/rakna-mikroorganismer\\\/\",\"url\":\"https:\\\/\\\/labrobot.com\\\/sv\\\/rakna-mikroorganismer\\\/\",\"name\":\"Hur r\u00e4knar man mikroorganismer?\",\"isPartOf\":{\"@id\":\"https:\\\/\\\/labrobot.com\\\/#website\"},\"primaryImageOfPage\":{\"@id\":\"https:\\\/\\\/labrobot.com\\\/sv\\\/rakna-mikroorganismer\\\/#primaryimage\"},\"image\":{\"@id\":\"https:\\\/\\\/labrobot.com\\\/sv\\\/rakna-mikroorganismer\\\/#primaryimage\"},\"thumbnailUrl\":\"https:\\\/\\\/labrobot.com\\\/wp-content\\\/uploads\\\/2024\\\/07\\\/dairy-1024x715.jpg\",\"datePublished\":\"2021-02-26T13:18:26+00:00\",\"dateModified\":\"2024-09-26T12:30:38+00:00\",\"description\":\"Dilucup-systemet \u00e4r din allierade f\u00f6r att r\u00e4kna mikroorganismer. L\u00e4mpligt f\u00f6r livsmedelsmikrobiologi, uppr\u00e4kning av probiotiska stammar,...\",\"breadcrumb\":{\"@id\":\"https:\\\/\\\/labrobot.com\\\/sv\\\/rakna-mikroorganismer\\\/#breadcrumb\"},\"inLanguage\":\"sv-SE\",\"potentialAction\":[{\"@type\":\"ReadAction\",\"target\":[\"https:\\\/\\\/labrobot.com\\\/sv\\\/rakna-mikroorganismer\\\/\"]}]},{\"@type\":\"ImageObject\",\"inLanguage\":\"sv-SE\",\"@id\":\"https:\\\/\\\/labrobot.com\\\/sv\\\/rakna-mikroorganismer\\\/#primaryimage\",\"url\":\"https:\\\/\\\/labrobot.com\\\/wp-content\\\/uploads\\\/2024\\\/07\\\/dairy-1024x715.jpg\",\"contentUrl\":\"https:\\\/\\\/labrobot.com\\\/wp-content\\\/uploads\\\/2024\\\/07\\\/dairy-1024x715.jpg\"},{\"@type\":\"BreadcrumbList\",\"@id\":\"https:\\\/\\\/labrobot.com\\\/sv\\\/rakna-mikroorganismer\\\/#breadcrumb\",\"itemListElement\":[{\"@type\":\"ListItem\",\"position\":1,\"name\":\"Home\",\"item\":\"https:\\\/\\\/labrobot.com\\\/sv\\\/\"},{\"@type\":\"ListItem\",\"position\":2,\"name\":\"Applikationer\"}]},{\"@type\":\"WebSite\",\"@id\":\"https:\\\/\\\/labrobot.com\\\/#website\",\"url\":\"https:\\\/\\\/labrobot.com\\\/\",\"name\":\"LabRobot\",\"description\":\"Easy quick ergonomic serial dilution method\",\"publisher\":{\"@id\":\"https:\\\/\\\/labrobot.com\\\/#organization\"},\"potentialAction\":[{\"@type\":\"SearchAction\",\"target\":{\"@type\":\"EntryPoint\",\"urlTemplate\":\"https:\\\/\\\/labrobot.com\\\/?s={search_term_string}\"},\"query-input\":{\"@type\":\"PropertyValueSpecification\",\"valueRequired\":true,\"valueName\":\"search_term_string\"}}],\"inLanguage\":\"sv-SE\"},{\"@type\":\"Organization\",\"@id\":\"https:\\\/\\\/labrobot.com\\\/#organization\",\"name\":\"LabRobot Products AB\",\"url\":\"https:\\\/\\\/labrobot.com\\\/\",\"logo\":{\"@type\":\"ImageObject\",\"inLanguage\":\"sv-SE\",\"@id\":\"https:\\\/\\\/labrobot.com\\\/#\\\/schema\\\/logo\\\/image\\\/\",\"url\":\"https:\\\/\\\/labrobot.com\\\/wp-content\\\/uploads\\\/2018\\\/12\\\/LabRobot_LOGO_signatur.jpg\",\"contentUrl\":\"https:\\\/\\\/labrobot.com\\\/wp-content\\\/uploads\\\/2018\\\/12\\\/LabRobot_LOGO_signatur.jpg\",\"width\":200,\"height\":54,\"caption\":\"LabRobot Products AB\"},\"image\":{\"@id\":\"https:\\\/\\\/labrobot.com\\\/#\\\/schema\\\/logo\\\/image\\\/\"},\"sameAs\":[\"https:\\\/\\\/www.facebook.com\\\/labrobotproductsab\",\"https:\\\/\\\/www.linkedin.com\\\/company\\\/labrobot-products-ab\\\/\",\"https:\\\/\\\/www.youtube.com\\\/channel\\\/UCHGyF_OHfxI1No9ahbU-agQ\"]}]}<\/script>\n<!-- \/ Yoast SEO Premium plugin. -->","yoast_head_json":{"title":"Hur r\u00e4knar man mikroorganismer?","description":"Dilucup-systemet \u00e4r din allierade f\u00f6r att r\u00e4kna mikroorganismer. L\u00e4mpligt f\u00f6r livsmedelsmikrobiologi, uppr\u00e4kning av probiotiska stammar,...","robots":{"index":"index","follow":"follow","max-snippet":"max-snippet:-1","max-image-preview":"max-image-preview:large","max-video-preview":"max-video-preview:-1"},"canonical":"https:\/\/labrobot.com\/sv\/rakna-mikroorganismer\/","og_locale":"sv_SE","og_type":"article","og_title":"Applikationer","og_description":"Dilucup-systemet \u00e4r din allierade f\u00f6r att r\u00e4kna mikroorganismer. L\u00e4mpligt f\u00f6r livsmedelsmikrobiologi, uppr\u00e4kning av probiotiska stammar,...","og_url":"https:\/\/labrobot.com\/sv\/rakna-mikroorganismer\/","og_site_name":"LabRobot","article_publisher":"https:\/\/www.facebook.com\/labrobotproductsab","article_modified_time":"2024-09-26T12:30:38+00:00","og_image":[{"url":"https:\/\/labrobot.com\/wp-content\/uploads\/2024\/07\/dairy-1024x715.jpg","type":"","width":"","height":""}],"twitter_card":"summary_large_image","twitter_misc":{"Ber\u00e4knad l\u00e4stid":"6 minuter"},"schema":{"@context":"https:\/\/schema.org","@graph":[{"@type":"WebPage","@id":"https:\/\/labrobot.com\/sv\/rakna-mikroorganismer\/","url":"https:\/\/labrobot.com\/sv\/rakna-mikroorganismer\/","name":"Hur r\u00e4knar man mikroorganismer?","isPartOf":{"@id":"https:\/\/labrobot.com\/#website"},"primaryImageOfPage":{"@id":"https:\/\/labrobot.com\/sv\/rakna-mikroorganismer\/#primaryimage"},"image":{"@id":"https:\/\/labrobot.com\/sv\/rakna-mikroorganismer\/#primaryimage"},"thumbnailUrl":"https:\/\/labrobot.com\/wp-content\/uploads\/2024\/07\/dairy-1024x715.jpg","datePublished":"2021-02-26T13:18:26+00:00","dateModified":"2024-09-26T12:30:38+00:00","description":"Dilucup-systemet \u00e4r din allierade f\u00f6r att r\u00e4kna mikroorganismer. L\u00e4mpligt f\u00f6r livsmedelsmikrobiologi, uppr\u00e4kning av probiotiska stammar,...","breadcrumb":{"@id":"https:\/\/labrobot.com\/sv\/rakna-mikroorganismer\/#breadcrumb"},"inLanguage":"sv-SE","potentialAction":[{"@type":"ReadAction","target":["https:\/\/labrobot.com\/sv\/rakna-mikroorganismer\/"]}]},{"@type":"ImageObject","inLanguage":"sv-SE","@id":"https:\/\/labrobot.com\/sv\/rakna-mikroorganismer\/#primaryimage","url":"https:\/\/labrobot.com\/wp-content\/uploads\/2024\/07\/dairy-1024x715.jpg","contentUrl":"https:\/\/labrobot.com\/wp-content\/uploads\/2024\/07\/dairy-1024x715.jpg"},{"@type":"BreadcrumbList","@id":"https:\/\/labrobot.com\/sv\/rakna-mikroorganismer\/#breadcrumb","itemListElement":[{"@type":"ListItem","position":1,"name":"Home","item":"https:\/\/labrobot.com\/sv\/"},{"@type":"ListItem","position":2,"name":"Applikationer"}]},{"@type":"WebSite","@id":"https:\/\/labrobot.com\/#website","url":"https:\/\/labrobot.com\/","name":"LabRobot","description":"Easy quick ergonomic serial dilution method","publisher":{"@id":"https:\/\/labrobot.com\/#organization"},"potentialAction":[{"@type":"SearchAction","target":{"@type":"EntryPoint","urlTemplate":"https:\/\/labrobot.com\/?s={search_term_string}"},"query-input":{"@type":"PropertyValueSpecification","valueRequired":true,"valueName":"search_term_string"}}],"inLanguage":"sv-SE"},{"@type":"Organization","@id":"https:\/\/labrobot.com\/#organization","name":"LabRobot Products AB","url":"https:\/\/labrobot.com\/","logo":{"@type":"ImageObject","inLanguage":"sv-SE","@id":"https:\/\/labrobot.com\/#\/schema\/logo\/image\/","url":"https:\/\/labrobot.com\/wp-content\/uploads\/2018\/12\/LabRobot_LOGO_signatur.jpg","contentUrl":"https:\/\/labrobot.com\/wp-content\/uploads\/2018\/12\/LabRobot_LOGO_signatur.jpg","width":200,"height":54,"caption":"LabRobot Products AB"},"image":{"@id":"https:\/\/labrobot.com\/#\/schema\/logo\/image\/"},"sameAs":["https:\/\/www.facebook.com\/labrobotproductsab","https:\/\/www.linkedin.com\/company\/labrobot-products-ab\/","https:\/\/www.youtube.com\/channel\/UCHGyF_OHfxI1No9ahbU-agQ"]}]}},"_links":{"self":[{"href":"https:\/\/labrobot.com\/sv\/wp-json\/wp\/v2\/pages\/18230","targetHints":{"allow":["GET"]}}],"collection":[{"href":"https:\/\/labrobot.com\/sv\/wp-json\/wp\/v2\/pages"}],"about":[{"href":"https:\/\/labrobot.com\/sv\/wp-json\/wp\/v2\/types\/page"}],"author":[{"embeddable":true,"href":"https:\/\/labrobot.com\/sv\/wp-json\/wp\/v2\/users\/243"}],"replies":[{"embeddable":true,"href":"https:\/\/labrobot.com\/sv\/wp-json\/wp\/v2\/comments?post=18230"}],"version-history":[{"count":0,"href":"https:\/\/labrobot.com\/sv\/wp-json\/wp\/v2\/pages\/18230\/revisions"}],"wp:attachment":[{"href":"https:\/\/labrobot.com\/sv\/wp-json\/wp\/v2\/media?parent=18230"}],"curies":[{"name":"wp","href":"https:\/\/api.w.org\/{rel}","templated":true}]}}