{"id":17511,"date":"2024-05-16T14:21:36","date_gmt":"2024-05-16T13:21:36","guid":{"rendered":"https:\/\/labrobot.com\/hallbarhet\/"},"modified":"2024-06-04T13:07:31","modified_gmt":"2024-06-04T12:07:31","slug":"hallbarhet","status":"publish","type":"page","link":"https:\/\/labrobot.com\/sv\/hallbarhet\/","title":{"rendered":"H\u00e5llbarhet"},"content":{"rendered":"\n\n\t<h1>H\u00e5llbarhet<\/h1>\n\t<h2>Vi utvecklar ett h\u00e5llbart sp\u00e4dningssystem<br \/>\nf\u00f6r idag och imorgon<\/h2>\n\tOvan \u00e4r v\u00e5r vision.<br \/>\nVi utvecklar en seriell sp\u00e4dningsmetod som \u00e4r h\u00e5llbar \u00f6ver tid med h\u00e4nsyn till milj\u00f6n.\nLabRobot Products AB \u00e4r en del av <a href=\"https:\/\/www.add.life\/sv\/hallbarhet\">AddLife<\/a> och vi har samma v\u00e4rderingar kring h\u00e5llbarhet.<br \/>\nDet finns tre p\u00e5verkansomr\u00e5den d\u00e4r vi kontinuerligt arbetar f\u00f6r att forts\u00e4tta v\u00e4xa som verksamhet med h\u00e4nsyn till samh\u00e4lle och milj\u00f6.\n<h3>\n\t\tH\u00e5llbar sp\u00e4dningsmetod\n\t<\/h3>\n\t<p>Dilucup\u00ae System \u00e4r tillverkat f\u00f6r en l\u00e5ngvarig anv\u00e4ndning och vi bygger l\u00e5nga och varaktiga relationer med v\u00e5ra kunder.<\/p>\n<h3>\n\t\tH\u00e5llbar kultur\n\t<\/h3>\n\t<p>V\u00e5ra medarbetares engagemang och v\u00e4lm\u00e5ende \u00e4r en prioritet. M\u00e5len inom detta omr\u00e5de \u00e4r relaterade till medarbetarn\u00f6jdhet, m\u00e5ngfald, inkludering och utbildning.<\/p>\n<h3>\n\t\tH\u00e5llbar tillv\u00e4xt\n\t<\/h3>\n\t<p>Vi arbetar f\u00f6r att fr\u00e4mja nya initiativ som gynnar b\u00e5de planeten och v\u00e5r tillv\u00e4xt.<\/p>\n<h3>\n\t\tM\u00e5l fr\u00e5n Agenda 2030\n\t<\/h3>\n\t<p>Vi vill ta v\u00e5rt ansvar f\u00f6r de globala h\u00e5llbarhetsutmaningar som 2030-agendan har utsatt.<\/p>\n<p>LabRobots h\u00e5llbarhetsm\u00e5l \u00e4r l\u00e5ngsiktiga och vi planerar att g\u00f6ra f\u00f6r\u00e4ndringar inom f\u00f6ljande omr\u00e5den inom 5 \u00e5r:<\/p>\n<h4>\n\t\tKvalitetsutbildning (m\u00e5l 4)\n\t<\/h4>\n\t-Vi v\u00e4rdes\u00e4tter v\u00e5r personal och vill fr\u00e4mja livsl\u00e5ngt l\u00e4rande.<br \/>\n-H\u00e4lften av de anst\u00e4llda p\u00e5 LabRobot m\u00e5ste g\u00e5 n\u00e5gon form av utbildning 2024.\n<h4>\n\t\tPartnerskap f\u00f6r m\u00e5len (m\u00e5l 17)\n\t<\/h4>\n\t-Vi vill samarbeta med leverant\u00f6rer som delar v\u00e5ra v\u00e4rderingar.<br \/>\n-V\u00e5ra viktigaste leverant\u00f6rer m\u00e5ste underteckna AddLifes Code of Conduct under 2024.\n<h4>\n\t\tIndustri, innovation och infrastruktur (m\u00e5l 9)\n\t<\/h4>\n\t<p>-Vi arbetar med innovativa l\u00f6sningar som kommer att f\u00f6r\u00e4ndra s\u00e4ttet att producera Dilucup\u00ae f\u00f6r att minska dess milj\u00f6p\u00e5verkan.<\/p>\n<h4>\n\t\tKlimat\u00e5tg\u00e4rder (m\u00e5l 13)\n\t<\/h4>\n\t<p>-Vi vill f\u00f6rb\u00e4ttra produktionen av v\u00e5ra produkter s\u00e5 att andelen avfall och transporter minskar.<\/p>\n<h5>\n\t\tVi bryr oss om milj\u00f6n\n\t<\/h5>\n\t\t\t\t\tMinimum \u00e5tervunnen plast i Dilucup\u00ae\n\t\t\t\t\t30%\t\t\t\n\t\t\t\t\t\u00c5teranv\u00e4ndning av kylvatten i produktionen\n\t\t\t\t\t99%\t\t\t\n\t\t\t\t\tTillverkad med fossilfri el\n\t\t\t\t\t100%\t\t\t\n\t<p>V\u00e5r ambition \u00e4r att producera och leverera v\u00e5ra produkter med s\u00e5 liten p\u00e5verkan p\u00e5 milj\u00f6n som m\u00f6jligt.<\/p>\n<p>Det h\u00e4r \u00e4r <strong>n\u00e5gra exempel p\u00e5 vad vi redan g\u00f6r<\/strong> f\u00f6r att minska Dilucups klimatavtryck.<\/p>\n<h5>\n\t\t30 % \u00e5tervunnen plast\n\t<\/h5>\n\t<p>Vi skulle g\u00e4rna anv\u00e4nda 100 % \u00e5tervunnen plast, men det \u00e4r inte m\u00f6jligt idag eftersom kvaliteten p\u00e5 plasten inte \u00e4r tillr\u00e4ckligt bra f\u00f6r att h\u00e5lla den standard som Dilucup\u00ae kr\u00e4ver.<\/p>\n<p>Nya tekniker g\u00e5r mycket snabbt fram\u00e5t och v\u00e5r ambition \u00e4r att anv\u00e4nda s\u00e5 mycket \u00e5tervunnen plast som m\u00f6jligt.<\/p>\n<p>Idag \u00e4r Dilucup\u00ae tillverkad av minst 30 % \u00e5tervunnen plast vilket bidrar till ett mindre milj\u00f6avtryck.<\/p>\n\t\t\t\t<img loading=\"lazy\" decoding=\"async\" src=\"https:\/\/labrobot.com\/wp-content\/uploads\/2023\/10\/plasrullar.jpg\" alt=\"plasrullar\" itemprop=\"image\" height=\"1108\" width=\"1773\" title=\"plasrullar\" onerror=\"this.style.display='none'\"  \/>\n\t\t\t\t<img loading=\"lazy\" decoding=\"async\" src=\"https:\/\/labrobot.com\/wp-content\/uploads\/2023\/10\/vattenkraft.jpg\" alt=\"vattenkraft\" itemprop=\"image\" height=\"807\" width=\"1210\" title=\"vattenkraft\" onerror=\"this.style.display='none'\"  \/>\n<h5>\n\t\t100 % fossilfri el\n\t<\/h5>\n\t<p>Dilucup\u00ae-systemet tillverkas med fossilfri vattenkraft.<\/p>\n<h5>\n\t\tAvfallsminskning\n\t<\/h5>\n\t<p>Vi arbetar st\u00e4ndigt med att f\u00f6rb\u00e4ttra produktionsprocesserna f\u00f6r att minska v\u00e5rt avfall.<\/p>\n<p><em>Till exempel \u00e5teranv\u00e4nds vattnet som anv\u00e4nds f\u00f6r att kyla maskinen i produktionen i ett slutet kretslopp.<\/em><\/p>\n\t\t\t\t<img loading=\"lazy\" decoding=\"async\" src=\"https:\/\/labrobot.com\/wp-content\/uploads\/2023\/10\/waste-reduction.jpg\" alt=\"waste reduction\" itemprop=\"image\" height=\"612\" width=\"612\" title=\"waste reduction\" onerror=\"this.style.display='none'\"  \/>\n\t\t\t\t<img loading=\"lazy\" decoding=\"async\" src=\"https:\/\/labrobot.com\/wp-content\/uploads\/2023\/10\/camion-1024x512.jpg\" alt=\"camion\" itemprop=\"image\" height=\"512\" width=\"1024\" title=\"camion\" onerror=\"this.style.display='none'\"  \/>\n<h5>\n\t\tOptimerad transport\n\t<\/h5>\n\t<p>Vi arbetar s\u00e5 mycket som m\u00f6jligt med lokala leverant\u00f6rer och vi f\u00f6rs\u00f6ker alltid optimera leveranser f\u00f6r att minimera deras milj\u00f6p\u00e5verkan.<\/p>\n\n","protected":false},"excerpt":{"rendered":"<p>H\u00e5llbarhet Vi utvecklar ett h\u00e5llbart sp\u00e4dningssystem f\u00f6r idag och imorgon Ovan \u00e4r v\u00e5r vision. Vi utvecklar en seriell sp\u00e4dningsmetod som \u00e4r h\u00e5llbar \u00f6ver tid med h\u00e4nsyn till milj\u00f6n. LabRobot Products AB \u00e4r en del av AddLife och vi har samma v\u00e4rderingar kring h\u00e5llbarhet. Det finns tre p\u00e5verkansomr\u00e5den d\u00e4r vi kontinuerligt arbetar f\u00f6r att forts\u00e4tta v\u00e4xa &#8230; <a title=\"H\u00e5llbarhet\" class=\"read-more\" href=\"https:\/\/labrobot.com\/sv\/hallbarhet\/\" aria-label=\"L\u00e4s mer om H\u00e5llbarhet\">Read more<\/a><\/p>\n","protected":false},"author":243,"featured_media":0,"parent":0,"menu_order":0,"comment_status":"closed","ping_status":"closed","template":"","meta":{"_acf_changed":false,"generate_page_header":"","footnotes":""},"class_list":["post-17511","page","type-page","status-publish"],"acf":[],"yoast_head":"<!-- This site is optimized with the Yoast SEO Premium plugin v27.3 (Yoast SEO v27.3) - https:\/\/yoast.com\/product\/yoast-seo-premium-wordpress\/ -->\n<title>H\u00e5llbara sp\u00e4dningar: LabRobots engagemang f\u00f6r h\u00e5llbarhet<\/title>\n<meta name=\"description\" content=\"M\u00e5l och initiativ f\u00f6r en h\u00e5llbar seriell sp\u00e4dningsmetod som tar itu med de globala h\u00e5llbarhetsutmaningarna i 2030-agendan.\" \/>\n<meta name=\"robots\" content=\"index, follow, max-snippet:-1, max-image-preview:large, max-video-preview:-1\" \/>\n<link rel=\"canonical\" href=\"https:\/\/labrobot.com\/sv\/hallbarhet\/\" \/>\n<meta property=\"og:locale\" content=\"sv_SE\" \/>\n<meta property=\"og:type\" content=\"article\" \/>\n<meta property=\"og:title\" content=\"H\u00e5llbarhet\" \/>\n<meta property=\"og:description\" content=\"M\u00e5l och initiativ f\u00f6r en h\u00e5llbar seriell sp\u00e4dningsmetod som tar itu med de globala h\u00e5llbarhetsutmaningarna i 2030-agendan.\" \/>\n<meta property=\"og:url\" content=\"https:\/\/labrobot.com\/sv\/hallbarhet\/\" \/>\n<meta property=\"og:site_name\" content=\"LabRobot\" \/>\n<meta property=\"article:publisher\" content=\"https:\/\/www.facebook.com\/labrobotproductsab\" \/>\n<meta property=\"article:modified_time\" content=\"2024-06-04T12:07:31+00:00\" \/>\n<meta property=\"og:image\" content=\"https:\/\/labrobot.com\/wp-content\/uploads\/2023\/10\/plasrullar.jpg\" \/>\n<meta name=\"twitter:card\" content=\"summary_large_image\" \/>\n<meta name=\"twitter:label1\" content=\"Ber\u00e4knad l\u00e4stid\" \/>\n\t<meta name=\"twitter:data1\" content=\"3 minuter\" \/>\n<script type=\"application\/ld+json\" class=\"yoast-schema-graph\">{\"@context\":\"https:\\\/\\\/schema.org\",\"@graph\":[{\"@type\":\"WebPage\",\"@id\":\"https:\\\/\\\/labrobot.com\\\/sv\\\/hallbarhet\\\/\",\"url\":\"https:\\\/\\\/labrobot.com\\\/sv\\\/hallbarhet\\\/\",\"name\":\"H\u00e5llbara sp\u00e4dningar: LabRobots engagemang f\u00f6r h\u00e5llbarhet\",\"isPartOf\":{\"@id\":\"https:\\\/\\\/labrobot.com\\\/#website\"},\"primaryImageOfPage\":{\"@id\":\"https:\\\/\\\/labrobot.com\\\/sv\\\/hallbarhet\\\/#primaryimage\"},\"image\":{\"@id\":\"https:\\\/\\\/labrobot.com\\\/sv\\\/hallbarhet\\\/#primaryimage\"},\"thumbnailUrl\":\"https:\\\/\\\/labrobot.com\\\/wp-content\\\/uploads\\\/2023\\\/10\\\/plasrullar.jpg\",\"datePublished\":\"2024-05-16T13:21:36+00:00\",\"dateModified\":\"2024-06-04T12:07:31+00:00\",\"description\":\"M\u00e5l och initiativ f\u00f6r en h\u00e5llbar seriell sp\u00e4dningsmetod som tar itu med de globala h\u00e5llbarhetsutmaningarna i 2030-agendan.\",\"breadcrumb\":{\"@id\":\"https:\\\/\\\/labrobot.com\\\/sv\\\/hallbarhet\\\/#breadcrumb\"},\"inLanguage\":\"sv-SE\",\"potentialAction\":[{\"@type\":\"ReadAction\",\"target\":[\"https:\\\/\\\/labrobot.com\\\/sv\\\/hallbarhet\\\/\"]}]},{\"@type\":\"ImageObject\",\"inLanguage\":\"sv-SE\",\"@id\":\"https:\\\/\\\/labrobot.com\\\/sv\\\/hallbarhet\\\/#primaryimage\",\"url\":\"https:\\\/\\\/labrobot.com\\\/wp-content\\\/uploads\\\/2023\\\/10\\\/plasrullar.jpg\",\"contentUrl\":\"https:\\\/\\\/labrobot.com\\\/wp-content\\\/uploads\\\/2023\\\/10\\\/plasrullar.jpg\"},{\"@type\":\"BreadcrumbList\",\"@id\":\"https:\\\/\\\/labrobot.com\\\/sv\\\/hallbarhet\\\/#breadcrumb\",\"itemListElement\":[{\"@type\":\"ListItem\",\"position\":1,\"name\":\"Home\",\"item\":\"https:\\\/\\\/labrobot.com\\\/sv\\\/\"},{\"@type\":\"ListItem\",\"position\":2,\"name\":\"H\u00e5llbarhet\"}]},{\"@type\":\"WebSite\",\"@id\":\"https:\\\/\\\/labrobot.com\\\/#website\",\"url\":\"https:\\\/\\\/labrobot.com\\\/\",\"name\":\"LabRobot\",\"description\":\"Easy quick ergonomic serial dilution method\",\"publisher\":{\"@id\":\"https:\\\/\\\/labrobot.com\\\/#organization\"},\"potentialAction\":[{\"@type\":\"SearchAction\",\"target\":{\"@type\":\"EntryPoint\",\"urlTemplate\":\"https:\\\/\\\/labrobot.com\\\/?s={search_term_string}\"},\"query-input\":{\"@type\":\"PropertyValueSpecification\",\"valueRequired\":true,\"valueName\":\"search_term_string\"}}],\"inLanguage\":\"sv-SE\"},{\"@type\":\"Organization\",\"@id\":\"https:\\\/\\\/labrobot.com\\\/#organization\",\"name\":\"LabRobot Products AB\",\"url\":\"https:\\\/\\\/labrobot.com\\\/\",\"logo\":{\"@type\":\"ImageObject\",\"inLanguage\":\"sv-SE\",\"@id\":\"https:\\\/\\\/labrobot.com\\\/#\\\/schema\\\/logo\\\/image\\\/\",\"url\":\"https:\\\/\\\/labrobot.com\\\/wp-content\\\/uploads\\\/2018\\\/12\\\/LabRobot_LOGO_signatur.jpg\",\"contentUrl\":\"https:\\\/\\\/labrobot.com\\\/wp-content\\\/uploads\\\/2018\\\/12\\\/LabRobot_LOGO_signatur.jpg\",\"width\":200,\"height\":54,\"caption\":\"LabRobot Products AB\"},\"image\":{\"@id\":\"https:\\\/\\\/labrobot.com\\\/#\\\/schema\\\/logo\\\/image\\\/\"},\"sameAs\":[\"https:\\\/\\\/www.facebook.com\\\/labrobotproductsab\",\"https:\\\/\\\/www.linkedin.com\\\/company\\\/labrobot-products-ab\\\/\",\"https:\\\/\\\/www.youtube.com\\\/channel\\\/UCHGyF_OHfxI1No9ahbU-agQ\"]}]}<\/script>\n<!-- \/ Yoast SEO Premium plugin. -->","yoast_head_json":{"title":"H\u00e5llbara sp\u00e4dningar: LabRobots engagemang f\u00f6r h\u00e5llbarhet","description":"M\u00e5l och initiativ f\u00f6r en h\u00e5llbar seriell sp\u00e4dningsmetod som tar itu med de globala h\u00e5llbarhetsutmaningarna i 2030-agendan.","robots":{"index":"index","follow":"follow","max-snippet":"max-snippet:-1","max-image-preview":"max-image-preview:large","max-video-preview":"max-video-preview:-1"},"canonical":"https:\/\/labrobot.com\/sv\/hallbarhet\/","og_locale":"sv_SE","og_type":"article","og_title":"H\u00e5llbarhet","og_description":"M\u00e5l och initiativ f\u00f6r en h\u00e5llbar seriell sp\u00e4dningsmetod som tar itu med de globala h\u00e5llbarhetsutmaningarna i 2030-agendan.","og_url":"https:\/\/labrobot.com\/sv\/hallbarhet\/","og_site_name":"LabRobot","article_publisher":"https:\/\/www.facebook.com\/labrobotproductsab","article_modified_time":"2024-06-04T12:07:31+00:00","og_image":[{"url":"https:\/\/labrobot.com\/wp-content\/uploads\/2023\/10\/plasrullar.jpg","type":"","width":"","height":""}],"twitter_card":"summary_large_image","twitter_misc":{"Ber\u00e4knad l\u00e4stid":"3 minuter"},"schema":{"@context":"https:\/\/schema.org","@graph":[{"@type":"WebPage","@id":"https:\/\/labrobot.com\/sv\/hallbarhet\/","url":"https:\/\/labrobot.com\/sv\/hallbarhet\/","name":"H\u00e5llbara sp\u00e4dningar: LabRobots engagemang f\u00f6r h\u00e5llbarhet","isPartOf":{"@id":"https:\/\/labrobot.com\/#website"},"primaryImageOfPage":{"@id":"https:\/\/labrobot.com\/sv\/hallbarhet\/#primaryimage"},"image":{"@id":"https:\/\/labrobot.com\/sv\/hallbarhet\/#primaryimage"},"thumbnailUrl":"https:\/\/labrobot.com\/wp-content\/uploads\/2023\/10\/plasrullar.jpg","datePublished":"2024-05-16T13:21:36+00:00","dateModified":"2024-06-04T12:07:31+00:00","description":"M\u00e5l och initiativ f\u00f6r en h\u00e5llbar seriell sp\u00e4dningsmetod som tar itu med de globala h\u00e5llbarhetsutmaningarna i 2030-agendan.","breadcrumb":{"@id":"https:\/\/labrobot.com\/sv\/hallbarhet\/#breadcrumb"},"inLanguage":"sv-SE","potentialAction":[{"@type":"ReadAction","target":["https:\/\/labrobot.com\/sv\/hallbarhet\/"]}]},{"@type":"ImageObject","inLanguage":"sv-SE","@id":"https:\/\/labrobot.com\/sv\/hallbarhet\/#primaryimage","url":"https:\/\/labrobot.com\/wp-content\/uploads\/2023\/10\/plasrullar.jpg","contentUrl":"https:\/\/labrobot.com\/wp-content\/uploads\/2023\/10\/plasrullar.jpg"},{"@type":"BreadcrumbList","@id":"https:\/\/labrobot.com\/sv\/hallbarhet\/#breadcrumb","itemListElement":[{"@type":"ListItem","position":1,"name":"Home","item":"https:\/\/labrobot.com\/sv\/"},{"@type":"ListItem","position":2,"name":"H\u00e5llbarhet"}]},{"@type":"WebSite","@id":"https:\/\/labrobot.com\/#website","url":"https:\/\/labrobot.com\/","name":"LabRobot","description":"Easy quick ergonomic serial dilution method","publisher":{"@id":"https:\/\/labrobot.com\/#organization"},"potentialAction":[{"@type":"SearchAction","target":{"@type":"EntryPoint","urlTemplate":"https:\/\/labrobot.com\/?s={search_term_string}"},"query-input":{"@type":"PropertyValueSpecification","valueRequired":true,"valueName":"search_term_string"}}],"inLanguage":"sv-SE"},{"@type":"Organization","@id":"https:\/\/labrobot.com\/#organization","name":"LabRobot Products AB","url":"https:\/\/labrobot.com\/","logo":{"@type":"ImageObject","inLanguage":"sv-SE","@id":"https:\/\/labrobot.com\/#\/schema\/logo\/image\/","url":"https:\/\/labrobot.com\/wp-content\/uploads\/2018\/12\/LabRobot_LOGO_signatur.jpg","contentUrl":"https:\/\/labrobot.com\/wp-content\/uploads\/2018\/12\/LabRobot_LOGO_signatur.jpg","width":200,"height":54,"caption":"LabRobot Products AB"},"image":{"@id":"https:\/\/labrobot.com\/#\/schema\/logo\/image\/"},"sameAs":["https:\/\/www.facebook.com\/labrobotproductsab","https:\/\/www.linkedin.com\/company\/labrobot-products-ab\/","https:\/\/www.youtube.com\/channel\/UCHGyF_OHfxI1No9ahbU-agQ"]}]}},"_links":{"self":[{"href":"https:\/\/labrobot.com\/sv\/wp-json\/wp\/v2\/pages\/17511","targetHints":{"allow":["GET"]}}],"collection":[{"href":"https:\/\/labrobot.com\/sv\/wp-json\/wp\/v2\/pages"}],"about":[{"href":"https:\/\/labrobot.com\/sv\/wp-json\/wp\/v2\/types\/page"}],"author":[{"embeddable":true,"href":"https:\/\/labrobot.com\/sv\/wp-json\/wp\/v2\/users\/243"}],"replies":[{"embeddable":true,"href":"https:\/\/labrobot.com\/sv\/wp-json\/wp\/v2\/comments?post=17511"}],"version-history":[{"count":0,"href":"https:\/\/labrobot.com\/sv\/wp-json\/wp\/v2\/pages\/17511\/revisions"}],"wp:attachment":[{"href":"https:\/\/labrobot.com\/sv\/wp-json\/wp\/v2\/media?parent=17511"}],"curies":[{"name":"wp","href":"https:\/\/api.w.org\/{rel}","templated":true}]}}