{"id":13353,"date":"2022-01-24T15:28:39","date_gmt":"2022-01-24T14:28:39","guid":{"rendered":"https:\/\/labrobot.com\/fordelar\/"},"modified":"2024-10-16T08:10:40","modified_gmt":"2024-10-16T07:10:40","slug":"fordelar","status":"publish","type":"page","link":"https:\/\/labrobot.com\/sv\/fordelar\/","title":{"rendered":"F\u00f6rdelar"},"content":{"rendered":"\n<h1>\n\t\tStandardisera dina seriella sp\u00e4dningar\n\t<\/h1>\n\t<p>Det finns olika s\u00e4tt att utf\u00f6ra samma uppgift och att utf\u00f6ra seriella sp\u00e4dningar med r\u00f6r \u00e4r inget undantag.<\/p>\n<p>Varje laboratorietekniker g\u00f6r det p\u00e5 sitt eget s\u00e4tt och \u00e4ven hen sj\u00e4lv kan sp\u00e4da p\u00e5 olika s\u00e4tt. Till exempel, \u00e4r skakningstiden alltid densamma n\u00e4r man anv\u00e4nder r\u00f6r med vortex? Och hastigheten?<\/p>\n<p>F\u00f6r att alltid uppr\u00e4tth\u00e5lla samma kvalitet \u00e4r det viktigt att standardisera rutinprocesser. Det enklaste s\u00e4ttet att standardisera seriella sp\u00e4dningar \u00e4r med Dilucup\u00ae-Systemet.<\/p>\n\t\t\t\t<img decoding=\"async\" src=\"https:\/\/labrobot.com\/wp-content\/plugins\/bb-plugin\/img\/pixel.png\" alt=\"\" itemprop=\"image\" onerror=\"this.style.display='none'\"  \/>\n<h2>\n\t\tF\u00f6rb\u00e4ttra kvaliteten p\u00e5 dina sp\u00e4dningar\n\t<\/h2>\n\t<h3><strong>Standardiserade sp\u00e4dningar &#8211; samma skakningsparametrar<\/strong><br \/>\n<\/h3>\n<p>N\u00e4r du skakar med vortexblandaren kan tiden och s\u00e4ttet att placera r\u00f6ret variera mellan proverna. Med Dilucup\u00ae-Systemet kan du vara s\u00e4ker p\u00e5 att alltid ha samma skakningsparametrar.<\/p>\n\t<h3><strong>Recept och process enligt ISO-standarder<\/strong><\/h3>\npH 7,0 \u00b1 2 %<br \/>\n9,0 mL \u00b1 2 %<br \/>\nenligt ISO 6887-1:2017\n\t<h3><strong>Mindre variation mellan tekniker<\/strong><\/h3>\n<p>Sp\u00e4dningarna kommer alltid att g\u00f6ras p\u00e5 samma s\u00e4tt, vilket minskar variationen i provhanteringen.<\/p>\n\t\t\t\t<img loading=\"lazy\" decoding=\"async\" src=\"https:\/\/labrobot.com\/wp-content\/uploads\/2023\/11\/Accurate-volume-1024x1024.png\" alt=\"Accurate volume diluent 9ml MRD NACL BPW\" itemprop=\"image\" height=\"1024\" width=\"1024\" title=\"Accurate volume\" onerror=\"this.style.display='none'\"  \/>\n<h3>\n\t\tTillf\u00f6rlitliga mikrobiologiska r\u00e4kningar\n\t<\/h3>\n\t<p>Volymen av Dilucup\u00ae Elegance \u00e4r mycket noggrann:<\/p>\n<ul>\n<li>Vanligtvis 9,0 mL \u00b1 0,5 %<\/li>\n<li>Alltid 9,0 mL \u00b1 2 %<em> (enligt ISO 6887-1:2017)<\/em><\/li>\n<\/ul>\n\t\t\t<a href=\"https:\/\/labrobot.com\/sv\/mycket-exakt-spadningsvolym\/\" target=\"_self\" rel=\"noopener\">\n\t\t\t\t\t\t\tSenaste analysen av diluentvolymen\n\t\t\t<\/a>\n<h3>\n\t\tSpara mycket tid\n\t<\/h3>\n\t<p>Spara all tid f\u00f6r f\u00f6rberedelse, fyllning, sterilisering, kvalitetskontroll och r\u00f6rtv\u00e4tt med v\u00e5ra f\u00e4rdigberedda sp\u00e4dningskoppar.<\/p>\n<p>Dessutom kan du med Dilucup\u00ae-Systemet g\u00f6ra seriella sp\u00e4dningar dubbelt s\u00e5 snabbt som med r\u00f6r.<\/p>\n\t<meta itemprop=\"url\" content=\"https:\/\/labrobot.com\/wp-content\/uploads\/2021\/06\/serial-dilution-dilucup-vs-tubes-web.mp4\" \/><div style=\"width: 640px;\" class=\"wp-video\"><video class=\"wp-video-shortcode\" id=\"video-13353-1\" width=\"640\" height=\"360\" preload=\"metadata\" controls=\"controls\"><source type=\"video\/mp4\" src=\"https:\/\/labrobot.com\/wp-content\/uploads\/2021\/06\/serial-dilution-dilucup-vs-tubes-web.mp4?_=1\" \/><a href=\"https:\/\/labrobot.com\/wp-content\/uploads\/2021\/06\/serial-dilution-dilucup-vs-tubes-web.mp4\">https:\/\/labrobot.com\/wp-content\/uploads\/2021\/06\/serial-dilution-dilucup-vs-tubes-web.mp4<\/a><\/video><\/div>\n\t\t\t\t<img loading=\"lazy\" decoding=\"async\" src=\"https:\/\/labrobot.com\/wp-content\/uploads\/2021\/11\/ergonomic-serial-dilution-1024x576.jpg\" alt=\"ergonomic serial dilutions\" itemprop=\"image\" height=\"576\" width=\"1024\" title=\"ergonomisk seriell sp\u00e4dning\" onerror=\"this.style.display='none'\"  \/>\n<h3>\n\t\t F\u00f6rhindra arbetsskador\n\t<\/h3>\n\t<p>Ergonomisk design f\u00f6r bekv\u00e4m pipettering.<\/p>\nIngen behov av en vortexblandare.<br \/>\nAlla vibrationer absorberas av skakaren, vilket f\u00f6rhindrar skador som belastningsskador.\n<h3>\n\t\tL\u00e4tt att anv\u00e4nda\n\t<\/h3>\n\t<p>V\u00e4ldigt enkelt att standardisera dina seriella sp\u00e4dningar med Dilucup\u00ae-Systemet.<\/p>\n<p>Enkelheten hos instrumenten och processen kr\u00e4ver ingen f\u00f6rutbildning.<\/p>\n\t\t\t\t<img loading=\"lazy\" decoding=\"async\" src=\"https:\/\/labrobot.com\/wp-content\/uploads\/2022\/02\/dilugent-lab-1024x720.jpg\" alt=\"serial dilution method\" itemprop=\"image\" height=\"720\" width=\"1024\" title=\"dilugent lab\" onerror=\"this.style.display='none'\"  \/>\n\t\t\t\t<img loading=\"lazy\" decoding=\"async\" src=\"https:\/\/labrobot.com\/wp-content\/uploads\/2022\/02\/space-Dilucup-1024x593.jpg\" alt=\"space dilution tubes vs dilucup surface transport\" itemprop=\"image\" height=\"593\" width=\"1024\" title=\"volym Dilucup\" onerror=\"this.style.display='none'\"  \/>\n<h3>\n\t\tEnkel f\u00f6rvaring\n\t<\/h3>\n\t<p>Spara halva utrymmet med Dilucup\u00ae j\u00e4mf\u00f6rt med r\u00f6r.<\/p>\n<ul>\n<li>O\u00f6ppnade p\u00e5sar: upp till 30 m\u00e5nader i rumstemperatur<\/li>\n<li>\u00d6ppnade p\u00e5sar: upp till 3 m\u00e5nader i kylen.<\/li>\n<\/ul>\n<h3>\n\t\tKostnadseffektiv\n\t<\/h3>\n\t<p>Dilucup\u00ae-Systemet kr\u00e4ver en st\u00f6rre initial investering \u00e4n sp\u00e4dningsr\u00f6r, men \u00e4r <strong>mycket mer kostnadseffektivt p\u00e5 l\u00e5ng sikt.<\/strong><\/p>\n<p>Det \u00e4r viktigt att ta h\u00e4nsyn till det mindre antal timmar som laboratorieteknikern beh\u00f6ver f\u00f6r att g\u00f6ra seriella sp\u00e4dningar. Inget behov av f\u00f6rberedelse, autoklavering, kvalitetskontroll eller tv\u00e4ttning av beh\u00e5llare. Dessutom \u00e4r sp\u00e4dning med Dilucup\u00ae dubbelt s\u00e5 snabbt som med r\u00f6r, vilket sparar ytterligare tid i processen.<\/p>\n\t\t\t\t<img loading=\"lazy\" decoding=\"async\" src=\"https:\/\/labrobot.com\/wp-content\/uploads\/2024\/08\/cost-saving-with-Dilucup-1024x552.jpg\" alt=\"cost-effective serial dilution \" itemprop=\"image\" height=\"552\" width=\"1024\" title=\"cost-saving with Dilucup\" onerror=\"this.style.display='none'\"  \/>\n<h5>\n\t\tBeh\u00f6ver du hj\u00e4lp? Boka ett onlinem\u00f6te!\n\t<\/h5>\n\t<p>Vi svarar g\u00e4rna p\u00e5 dina fr\u00e5gor! \ud83d\ude42<\/p>\n+46 303 846 73<br \/>\n<a href=\"mailto:kontakt@labrobot.com\">kontakt@labrobot.com<\/a>\n<p><strong>Kontakt:<\/strong>\u00a0Herv\u00e9 Laisis, CEO<\/p>\n\t\t\t<a href=\"https:\/\/labrobot.com\/sv\/kontakt-distributorer\/\" target=\"_self\" rel=\"noopener\">\n\t\t\t\t\t\t\tKontakta oss\n\t\t\t<\/a>\n\n","protected":false},"excerpt":{"rendered":"<p>Standardisera dina seriella sp\u00e4dningar Det finns olika s\u00e4tt att utf\u00f6ra samma uppgift och att utf\u00f6ra seriella sp\u00e4dningar med r\u00f6r \u00e4r inget undantag. Varje laboratorietekniker g\u00f6r det p\u00e5 sitt eget s\u00e4tt och \u00e4ven hen sj\u00e4lv kan sp\u00e4da p\u00e5 olika s\u00e4tt. Till exempel, \u00e4r skakningstiden alltid densamma n\u00e4r man anv\u00e4nder r\u00f6r med vortex? Och hastigheten? F\u00f6r att &#8230; <a title=\"F\u00f6rdelar\" class=\"read-more\" href=\"https:\/\/labrobot.com\/sv\/fordelar\/\" aria-label=\"L\u00e4s mer om F\u00f6rdelar\">Read more<\/a><\/p>\n","protected":false},"author":243,"featured_media":0,"parent":0,"menu_order":0,"comment_status":"closed","ping_status":"closed","template":"","meta":{"_acf_changed":false,"generate_page_header":"","footnotes":""},"class_list":["post-13353","page","type-page","status-publish"],"acf":[],"yoast_head":"<!-- This site is optimized with the Yoast SEO Premium plugin v27.3 (Yoast SEO v27.3) - https:\/\/yoast.com\/product\/yoast-seo-premium-wordpress\/ -->\n<title>Standardisera seriella sp\u00e4dningar med Dilucup\u00ae-Systemet<\/title>\n<meta name=\"description\" content=\"Optimera den seriella sp\u00e4dningsprocessen: \u00f6ka kvaliteten, spara tid, f\u00f6rhindra arbetsskador, l\u00e4tt att anv\u00e4nda, enkel f\u00f6rvaring...\" \/>\n<meta name=\"robots\" content=\"index, follow, max-snippet:-1, max-image-preview:large, max-video-preview:-1\" \/>\n<link rel=\"canonical\" href=\"https:\/\/labrobot.com\/sv\/fordelar\/\" \/>\n<meta property=\"og:locale\" content=\"sv_SE\" \/>\n<meta property=\"og:type\" content=\"article\" \/>\n<meta property=\"og:title\" content=\"F\u00f6rdelar\" \/>\n<meta property=\"og:description\" content=\"Optimera den seriella sp\u00e4dningsprocessen: \u00f6ka kvaliteten, spara tid, f\u00f6rhindra arbetsskador, l\u00e4tt att anv\u00e4nda, enkel f\u00f6rvaring...\" \/>\n<meta property=\"og:url\" content=\"https:\/\/labrobot.com\/sv\/fordelar\/\" \/>\n<meta property=\"og:site_name\" content=\"LabRobot\" \/>\n<meta property=\"article:publisher\" content=\"https:\/\/www.facebook.com\/labrobotproductsab\" \/>\n<meta property=\"article:modified_time\" content=\"2024-10-16T07:10:40+00:00\" \/>\n<meta property=\"og:image\" content=\"https:\/\/labrobot.com\/wp-content\/plugins\/bb-plugin\/img\/pixel.png\" \/>\n<meta name=\"twitter:card\" content=\"summary_large_image\" \/>\n<meta name=\"twitter:label1\" content=\"Ber\u00e4knad l\u00e4stid\" \/>\n\t<meta name=\"twitter:data1\" content=\"2 minuter\" \/>\n<script type=\"application\/ld+json\" class=\"yoast-schema-graph\">{\"@context\":\"https:\\\/\\\/schema.org\",\"@graph\":[{\"@type\":\"WebPage\",\"@id\":\"https:\\\/\\\/labrobot.com\\\/sv\\\/fordelar\\\/\",\"url\":\"https:\\\/\\\/labrobot.com\\\/sv\\\/fordelar\\\/\",\"name\":\"Standardisera seriella sp\u00e4dningar med Dilucup\u00ae-Systemet\",\"isPartOf\":{\"@id\":\"https:\\\/\\\/labrobot.com\\\/#website\"},\"primaryImageOfPage\":{\"@id\":\"https:\\\/\\\/labrobot.com\\\/sv\\\/fordelar\\\/#primaryimage\"},\"image\":{\"@id\":\"https:\\\/\\\/labrobot.com\\\/sv\\\/fordelar\\\/#primaryimage\"},\"thumbnailUrl\":\"https:\\\/\\\/labrobot.com\\\/wp-content\\\/plugins\\\/bb-plugin\\\/img\\\/pixel.png\",\"datePublished\":\"2022-01-24T14:28:39+00:00\",\"dateModified\":\"2024-10-16T07:10:40+00:00\",\"description\":\"Optimera den seriella sp\u00e4dningsprocessen: \u00f6ka kvaliteten, spara tid, f\u00f6rhindra arbetsskador, l\u00e4tt att anv\u00e4nda, enkel f\u00f6rvaring...\",\"breadcrumb\":{\"@id\":\"https:\\\/\\\/labrobot.com\\\/sv\\\/fordelar\\\/#breadcrumb\"},\"inLanguage\":\"sv-SE\",\"potentialAction\":[{\"@type\":\"ReadAction\",\"target\":[\"https:\\\/\\\/labrobot.com\\\/sv\\\/fordelar\\\/\"]}]},{\"@type\":\"ImageObject\",\"inLanguage\":\"sv-SE\",\"@id\":\"https:\\\/\\\/labrobot.com\\\/sv\\\/fordelar\\\/#primaryimage\",\"url\":\"https:\\\/\\\/labrobot.com\\\/wp-content\\\/plugins\\\/bb-plugin\\\/img\\\/pixel.png\",\"contentUrl\":\"https:\\\/\\\/labrobot.com\\\/wp-content\\\/plugins\\\/bb-plugin\\\/img\\\/pixel.png\"},{\"@type\":\"BreadcrumbList\",\"@id\":\"https:\\\/\\\/labrobot.com\\\/sv\\\/fordelar\\\/#breadcrumb\",\"itemListElement\":[{\"@type\":\"ListItem\",\"position\":1,\"name\":\"Home\",\"item\":\"https:\\\/\\\/labrobot.com\\\/sv\\\/\"},{\"@type\":\"ListItem\",\"position\":2,\"name\":\"F\u00f6rdelar\"}]},{\"@type\":\"WebSite\",\"@id\":\"https:\\\/\\\/labrobot.com\\\/#website\",\"url\":\"https:\\\/\\\/labrobot.com\\\/\",\"name\":\"LabRobot\",\"description\":\"Easy quick ergonomic serial dilution method\",\"publisher\":{\"@id\":\"https:\\\/\\\/labrobot.com\\\/#organization\"},\"potentialAction\":[{\"@type\":\"SearchAction\",\"target\":{\"@type\":\"EntryPoint\",\"urlTemplate\":\"https:\\\/\\\/labrobot.com\\\/?s={search_term_string}\"},\"query-input\":{\"@type\":\"PropertyValueSpecification\",\"valueRequired\":true,\"valueName\":\"search_term_string\"}}],\"inLanguage\":\"sv-SE\"},{\"@type\":\"Organization\",\"@id\":\"https:\\\/\\\/labrobot.com\\\/#organization\",\"name\":\"LabRobot Products AB\",\"url\":\"https:\\\/\\\/labrobot.com\\\/\",\"logo\":{\"@type\":\"ImageObject\",\"inLanguage\":\"sv-SE\",\"@id\":\"https:\\\/\\\/labrobot.com\\\/#\\\/schema\\\/logo\\\/image\\\/\",\"url\":\"https:\\\/\\\/labrobot.com\\\/wp-content\\\/uploads\\\/2018\\\/12\\\/LabRobot_LOGO_signatur.jpg\",\"contentUrl\":\"https:\\\/\\\/labrobot.com\\\/wp-content\\\/uploads\\\/2018\\\/12\\\/LabRobot_LOGO_signatur.jpg\",\"width\":200,\"height\":54,\"caption\":\"LabRobot Products AB\"},\"image\":{\"@id\":\"https:\\\/\\\/labrobot.com\\\/#\\\/schema\\\/logo\\\/image\\\/\"},\"sameAs\":[\"https:\\\/\\\/www.facebook.com\\\/labrobotproductsab\",\"https:\\\/\\\/www.linkedin.com\\\/company\\\/labrobot-products-ab\\\/\",\"https:\\\/\\\/www.youtube.com\\\/channel\\\/UCHGyF_OHfxI1No9ahbU-agQ\"]}]}<\/script>\n<!-- \/ Yoast SEO Premium plugin. -->","yoast_head_json":{"title":"Standardisera seriella sp\u00e4dningar med Dilucup\u00ae-Systemet","description":"Optimera den seriella sp\u00e4dningsprocessen: \u00f6ka kvaliteten, spara tid, f\u00f6rhindra arbetsskador, l\u00e4tt att anv\u00e4nda, enkel f\u00f6rvaring...","robots":{"index":"index","follow":"follow","max-snippet":"max-snippet:-1","max-image-preview":"max-image-preview:large","max-video-preview":"max-video-preview:-1"},"canonical":"https:\/\/labrobot.com\/sv\/fordelar\/","og_locale":"sv_SE","og_type":"article","og_title":"F\u00f6rdelar","og_description":"Optimera den seriella sp\u00e4dningsprocessen: \u00f6ka kvaliteten, spara tid, f\u00f6rhindra arbetsskador, l\u00e4tt att anv\u00e4nda, enkel f\u00f6rvaring...","og_url":"https:\/\/labrobot.com\/sv\/fordelar\/","og_site_name":"LabRobot","article_publisher":"https:\/\/www.facebook.com\/labrobotproductsab","article_modified_time":"2024-10-16T07:10:40+00:00","og_image":[{"url":"https:\/\/labrobot.com\/wp-content\/plugins\/bb-plugin\/img\/pixel.png","type":"","width":"","height":""}],"twitter_card":"summary_large_image","twitter_misc":{"Ber\u00e4knad l\u00e4stid":"2 minuter"},"schema":{"@context":"https:\/\/schema.org","@graph":[{"@type":"WebPage","@id":"https:\/\/labrobot.com\/sv\/fordelar\/","url":"https:\/\/labrobot.com\/sv\/fordelar\/","name":"Standardisera seriella sp\u00e4dningar med Dilucup\u00ae-Systemet","isPartOf":{"@id":"https:\/\/labrobot.com\/#website"},"primaryImageOfPage":{"@id":"https:\/\/labrobot.com\/sv\/fordelar\/#primaryimage"},"image":{"@id":"https:\/\/labrobot.com\/sv\/fordelar\/#primaryimage"},"thumbnailUrl":"https:\/\/labrobot.com\/wp-content\/plugins\/bb-plugin\/img\/pixel.png","datePublished":"2022-01-24T14:28:39+00:00","dateModified":"2024-10-16T07:10:40+00:00","description":"Optimera den seriella sp\u00e4dningsprocessen: \u00f6ka kvaliteten, spara tid, f\u00f6rhindra arbetsskador, l\u00e4tt att anv\u00e4nda, enkel f\u00f6rvaring...","breadcrumb":{"@id":"https:\/\/labrobot.com\/sv\/fordelar\/#breadcrumb"},"inLanguage":"sv-SE","potentialAction":[{"@type":"ReadAction","target":["https:\/\/labrobot.com\/sv\/fordelar\/"]}]},{"@type":"ImageObject","inLanguage":"sv-SE","@id":"https:\/\/labrobot.com\/sv\/fordelar\/#primaryimage","url":"https:\/\/labrobot.com\/wp-content\/plugins\/bb-plugin\/img\/pixel.png","contentUrl":"https:\/\/labrobot.com\/wp-content\/plugins\/bb-plugin\/img\/pixel.png"},{"@type":"BreadcrumbList","@id":"https:\/\/labrobot.com\/sv\/fordelar\/#breadcrumb","itemListElement":[{"@type":"ListItem","position":1,"name":"Home","item":"https:\/\/labrobot.com\/sv\/"},{"@type":"ListItem","position":2,"name":"F\u00f6rdelar"}]},{"@type":"WebSite","@id":"https:\/\/labrobot.com\/#website","url":"https:\/\/labrobot.com\/","name":"LabRobot","description":"Easy quick ergonomic serial dilution method","publisher":{"@id":"https:\/\/labrobot.com\/#organization"},"potentialAction":[{"@type":"SearchAction","target":{"@type":"EntryPoint","urlTemplate":"https:\/\/labrobot.com\/?s={search_term_string}"},"query-input":{"@type":"PropertyValueSpecification","valueRequired":true,"valueName":"search_term_string"}}],"inLanguage":"sv-SE"},{"@type":"Organization","@id":"https:\/\/labrobot.com\/#organization","name":"LabRobot Products AB","url":"https:\/\/labrobot.com\/","logo":{"@type":"ImageObject","inLanguage":"sv-SE","@id":"https:\/\/labrobot.com\/#\/schema\/logo\/image\/","url":"https:\/\/labrobot.com\/wp-content\/uploads\/2018\/12\/LabRobot_LOGO_signatur.jpg","contentUrl":"https:\/\/labrobot.com\/wp-content\/uploads\/2018\/12\/LabRobot_LOGO_signatur.jpg","width":200,"height":54,"caption":"LabRobot Products AB"},"image":{"@id":"https:\/\/labrobot.com\/#\/schema\/logo\/image\/"},"sameAs":["https:\/\/www.facebook.com\/labrobotproductsab","https:\/\/www.linkedin.com\/company\/labrobot-products-ab\/","https:\/\/www.youtube.com\/channel\/UCHGyF_OHfxI1No9ahbU-agQ"]}]}},"_links":{"self":[{"href":"https:\/\/labrobot.com\/sv\/wp-json\/wp\/v2\/pages\/13353","targetHints":{"allow":["GET"]}}],"collection":[{"href":"https:\/\/labrobot.com\/sv\/wp-json\/wp\/v2\/pages"}],"about":[{"href":"https:\/\/labrobot.com\/sv\/wp-json\/wp\/v2\/types\/page"}],"author":[{"embeddable":true,"href":"https:\/\/labrobot.com\/sv\/wp-json\/wp\/v2\/users\/243"}],"replies":[{"embeddable":true,"href":"https:\/\/labrobot.com\/sv\/wp-json\/wp\/v2\/comments?post=13353"}],"version-history":[{"count":0,"href":"https:\/\/labrobot.com\/sv\/wp-json\/wp\/v2\/pages\/13353\/revisions"}],"wp:attachment":[{"href":"https:\/\/labrobot.com\/sv\/wp-json\/wp\/v2\/media?parent=13353"}],"curies":[{"name":"wp","href":"https:\/\/api.w.org\/{rel}","templated":true}]}}