{"id":12953,"date":"2022-01-21T15:24:36","date_gmt":"2022-01-21T14:24:36","guid":{"rendered":"https:\/\/labrobot.com\/?page_id=12953"},"modified":"2024-09-25T08:42:42","modified_gmt":"2024-09-25T07:42:42","slug":"behandling-av-personuppgifter","status":"publish","type":"page","link":"https:\/\/labrobot.com\/sv\/behandling-av-personuppgifter\/","title":{"rendered":"Behandling av personuppgifter"},"content":{"rendered":"\n<h1>\n\t\tBehandling av personuppgifter hos LabRobot Products AB\n\t<\/h1>\n\t<p>Som kund till LabRobot Products AB behandlas dina personuppgifter i syfte att kunna bedriva en professionell aff\u00e4rsrelation. Nedan f\u00f6ljer information om behandlingen samt om dina r\u00e4ttigheter.<\/p>\n<p><strong>Personuppgiftsansvarig<\/strong><\/p>\n<p>Ansvarig f\u00f6r behandlingen av personuppgifter \u00e4r:<\/p>\nLabRobot Products AB, org nr 556356-5315<br \/>\nMunker\u00f6dsv\u00e4gen 4, 444 32 Stenungsund\n<p>F\u00f6r ytterligare information om f\u00f6retagets hantering av personuppgifter v\u00e4nlige kontakta <a href=\"mailto:kontakt@labrobot.com\">kontakt@labrobot.com<\/a>. Om du har synpunkter p\u00e5 hur f\u00f6retaget hanterar dina personuppgifter har du m\u00f6jlighet att v\u00e4nda dig till Datainspektionen.<\/p>\n<p><strong>\u00c4ndam\u00e5l med behandlingen och laglig grund<\/strong><\/p>\nSom kund till LabRobot Products AB behandlas dina uppgifter i den m\u00e5n det \u00e4r n\u00f6dv\u00e4ndigt f\u00f6r att administrera kundf\u00f6rh\u00e5llandet s\u00e5 att LabRobot Products AB ska kunna uppfylla sina \u00e5taganden. D\u00e4rut\u00f6ver anv\u00e4nds uppgifterna f\u00f6r att LabRobot Products AB ska kunna erbjuda aff\u00e4rsm\u00e4ssiga erbjudanden till dig som kund. Behandlingen grundas p\u00e5 det avtal eller det kundf\u00f6rh\u00e5llande som uppst\u00e5r vid exempelvis en best\u00e4llning som kunden g\u00f6r hos LabRobot Products AB. Marknadsf\u00f6ringen skickas till dig som kund grundat p\u00e5 antingen ett uttryckligt samtycke eller en intresseavv\u00e4gning genomf\u00f6rd av LabRobot Products AB.<br \/>\nAll behandling som grundas p\u00e5 kundens samtycke eller LabRobots intresseavv\u00e4gning kan kunden n\u00e4r som helst och utan f\u00f6rklaring \u00e5terkalla genom att kontakta <a href=\"mailto:kontakt@labrobot.com\">kontakt@labrobot.com<\/a>.\n<p><strong>\u00d6verf\u00f6ring av uppgifter<\/strong><\/p>\n<p>Uppgifterna kan komma att l\u00e4mnas ut till eventuella samarbetspartners som levererar st\u00f6dtj\u00e4nster till LabRobot Products AB, s\u00e5som logistik, p\u00e5 det s\u00e4tt och i den omfattning som kr\u00e4vs f\u00f6r att f\u00f6retaget ska kunna fullf\u00f6lja sina \u00e5taganden gentemot dig som kund samt i marknadsf\u00f6ringssyfte.<\/p>\n<p><strong>\u00d6verf\u00f6ringar till tredje land<\/strong><\/p>\n<p>LabRobot Products AB str\u00e4var efter att inte \u00f6verf\u00f6ra uppgifter till ett land eller bolag placerat utanf\u00f6r EU\/EES. Om det \u00e4nd\u00e5 skulle uppst\u00e5 ett behov av en s\u00e5dan \u00f6verf\u00f6ring kommer LabRobot Products AB vidta l\u00e4mpliga skydds\u00e5tg\u00e4rder f\u00f6r att p\u00e5 b\u00e4sta s\u00e4tt skydda v\u00e5ra kunders personuppgifter.<\/p>\n<p><strong>Lagring och gallring<\/strong><\/p>\n<p>Kundens personuppgifter sparas s\u00e5 l\u00e4nge kundf\u00f6rh\u00e5llandet kvarst\u00e5r och d\u00e4refter den tid som kr\u00e4vs eller \u00e4r till\u00e5ten enligt g\u00e4llande lagstiftning och praxis.<\/p>\n<p><strong>Dina r\u00e4ttigheter som registrerad<\/strong><\/p>\n<p>N\u00e4r LabRobot Products AB samlar in och behandlar dina personuppgifter har du nedan r\u00e4ttigheter.<\/p>\n<ul>\n<li>Beg\u00e4ra ett utdrag \u00f6ver de personuppgifter f\u00f6retaget behandlar samt p\u00e5 vilket s\u00e4tt de behandlas.<\/li>\n<li>Beg\u00e4ra r\u00e4ttelse av eventuellt felaktiga uppgifter.<\/li>\n<li>Beg\u00e4ra att bli raderad. Detta kan dock endast genomf\u00f6ras f\u00f6rutsatt att f\u00f6retaget inte har r\u00e4tt att beh\u00e5lla uppgifterna p\u00e5 n\u00e5gon annan laglig grund.<\/li>\n<li>Beg\u00e4ra att behandlingen under vissa omst\u00e4ndigheter begr\u00e4nsas, t.ex. under tiden en fr\u00e5ga om huruvida uppgifter \u00e4r korrekta eller inte utreds.<\/li>\n<\/ul>\n<p>Vid fr\u00e5gor ang\u00e5ende hanteringen av dina personuppgifter, kontakta <a href=\"mailto:kontakt@labrobot.com\">kontakt@labrobot.com<\/a>.<\/p>\n<p><strong>S\u00e4kerhet<\/strong><\/p>\n<p>LabRobot Products AB vidtar l\u00e4mpliga tekniska och organisatoriska informationss\u00e4kerhets\u00e5tg\u00e4rder f\u00f6r att f\u00f6rhindra och begr\u00e4nsa risker som \u00e4r f\u00f6rknippade med att utge personuppgifter s\u00e5som obeh\u00f6rig \u00e5tkomst, avsl\u00f6jande, missbruk, f\u00f6r\u00e4ndringar och f\u00f6rst\u00f6relse.<\/p>\n\n","protected":false},"excerpt":{"rendered":"<p>Behandling av personuppgifter hos LabRobot Products AB Som kund till LabRobot Products AB behandlas dina personuppgifter i syfte att kunna bedriva en professionell aff\u00e4rsrelation. Nedan f\u00f6ljer information om behandlingen samt om dina r\u00e4ttigheter. Personuppgiftsansvarig Ansvarig f\u00f6r behandlingen av personuppgifter \u00e4r: LabRobot Products AB, org nr 556356-5315 Munker\u00f6dsv\u00e4gen 4, 444 32 Stenungsund F\u00f6r ytterligare information om &#8230; <a title=\"Behandling av personuppgifter\" class=\"read-more\" href=\"https:\/\/labrobot.com\/sv\/behandling-av-personuppgifter\/\" aria-label=\"L\u00e4s mer om Behandling av personuppgifter\">Read more<\/a><\/p>\n","protected":false},"author":243,"featured_media":0,"parent":0,"menu_order":0,"comment_status":"closed","ping_status":"closed","template":"","meta":{"_acf_changed":false,"generate_page_header":"","footnotes":""},"class_list":["post-12953","page","type-page","status-publish"],"acf":[],"yoast_head":"<!-- This site is optimized with the Yoast SEO Premium plugin v27.3 (Yoast SEO v27.3) - https:\/\/yoast.com\/product\/yoast-seo-premium-wordpress\/ -->\n<title>Behandling av personuppgifter - LabRobot<\/title>\n<meta name=\"robots\" content=\"index, follow, max-snippet:-1, max-image-preview:large, max-video-preview:-1\" \/>\n<link rel=\"canonical\" href=\"https:\/\/labrobot.com\/sv\/behandling-av-personuppgifter\/\" \/>\n<meta property=\"og:locale\" content=\"sv_SE\" \/>\n<meta property=\"og:type\" content=\"article\" \/>\n<meta property=\"og:title\" content=\"Behandling av personuppgifter\" \/>\n<meta property=\"og:description\" content=\"Behandling av personuppgifter hos LabRobot Products AB Som kund till LabRobot Products AB behandlas dina personuppgifter i syfte att kunna bedriva en professionell aff\u00e4rsrelation. Nedan f\u00f6ljer information om behandlingen samt om dina r\u00e4ttigheter. Personuppgiftsansvarig Ansvarig f\u00f6r behandlingen av personuppgifter \u00e4r: LabRobot Products AB, org nr 556356-5315 Munker\u00f6dsv\u00e4gen 4, 444 32 Stenungsund F\u00f6r ytterligare information om ... Read more\" \/>\n<meta property=\"og:url\" content=\"https:\/\/labrobot.com\/sv\/behandling-av-personuppgifter\/\" \/>\n<meta property=\"og:site_name\" content=\"LabRobot\" \/>\n<meta property=\"article:publisher\" content=\"https:\/\/www.facebook.com\/labrobotproductsab\" \/>\n<meta property=\"article:modified_time\" content=\"2024-09-25T07:42:42+00:00\" \/>\n<meta name=\"twitter:card\" content=\"summary_large_image\" \/>\n<meta name=\"twitter:label1\" content=\"Ber\u00e4knad l\u00e4stid\" \/>\n\t<meta name=\"twitter:data1\" content=\"3 minuter\" \/>\n<script type=\"application\/ld+json\" class=\"yoast-schema-graph\">{\"@context\":\"https:\\\/\\\/schema.org\",\"@graph\":[{\"@type\":\"WebPage\",\"@id\":\"https:\\\/\\\/labrobot.com\\\/sv\\\/behandling-av-personuppgifter\\\/\",\"url\":\"https:\\\/\\\/labrobot.com\\\/sv\\\/behandling-av-personuppgifter\\\/\",\"name\":\"Behandling av personuppgifter - LabRobot\",\"isPartOf\":{\"@id\":\"https:\\\/\\\/labrobot.com\\\/#website\"},\"datePublished\":\"2022-01-21T14:24:36+00:00\",\"dateModified\":\"2024-09-25T07:42:42+00:00\",\"breadcrumb\":{\"@id\":\"https:\\\/\\\/labrobot.com\\\/sv\\\/behandling-av-personuppgifter\\\/#breadcrumb\"},\"inLanguage\":\"sv-SE\",\"potentialAction\":[{\"@type\":\"ReadAction\",\"target\":[\"https:\\\/\\\/labrobot.com\\\/sv\\\/behandling-av-personuppgifter\\\/\"]}]},{\"@type\":\"BreadcrumbList\",\"@id\":\"https:\\\/\\\/labrobot.com\\\/sv\\\/behandling-av-personuppgifter\\\/#breadcrumb\",\"itemListElement\":[{\"@type\":\"ListItem\",\"position\":1,\"name\":\"Home\",\"item\":\"https:\\\/\\\/labrobot.com\\\/sv\\\/\"},{\"@type\":\"ListItem\",\"position\":2,\"name\":\"Behandling av personuppgifter\"}]},{\"@type\":\"WebSite\",\"@id\":\"https:\\\/\\\/labrobot.com\\\/#website\",\"url\":\"https:\\\/\\\/labrobot.com\\\/\",\"name\":\"LabRobot\",\"description\":\"Easy quick ergonomic serial dilution method\",\"publisher\":{\"@id\":\"https:\\\/\\\/labrobot.com\\\/#organization\"},\"potentialAction\":[{\"@type\":\"SearchAction\",\"target\":{\"@type\":\"EntryPoint\",\"urlTemplate\":\"https:\\\/\\\/labrobot.com\\\/?s={search_term_string}\"},\"query-input\":{\"@type\":\"PropertyValueSpecification\",\"valueRequired\":true,\"valueName\":\"search_term_string\"}}],\"inLanguage\":\"sv-SE\"},{\"@type\":\"Organization\",\"@id\":\"https:\\\/\\\/labrobot.com\\\/#organization\",\"name\":\"LabRobot Products AB\",\"url\":\"https:\\\/\\\/labrobot.com\\\/\",\"logo\":{\"@type\":\"ImageObject\",\"inLanguage\":\"sv-SE\",\"@id\":\"https:\\\/\\\/labrobot.com\\\/#\\\/schema\\\/logo\\\/image\\\/\",\"url\":\"https:\\\/\\\/labrobot.com\\\/wp-content\\\/uploads\\\/2018\\\/12\\\/LabRobot_LOGO_signatur.jpg\",\"contentUrl\":\"https:\\\/\\\/labrobot.com\\\/wp-content\\\/uploads\\\/2018\\\/12\\\/LabRobot_LOGO_signatur.jpg\",\"width\":200,\"height\":54,\"caption\":\"LabRobot Products AB\"},\"image\":{\"@id\":\"https:\\\/\\\/labrobot.com\\\/#\\\/schema\\\/logo\\\/image\\\/\"},\"sameAs\":[\"https:\\\/\\\/www.facebook.com\\\/labrobotproductsab\",\"https:\\\/\\\/www.linkedin.com\\\/company\\\/labrobot-products-ab\\\/\",\"https:\\\/\\\/www.youtube.com\\\/channel\\\/UCHGyF_OHfxI1No9ahbU-agQ\"]}]}<\/script>\n<!-- \/ Yoast SEO Premium plugin. -->","yoast_head_json":{"title":"Behandling av personuppgifter - LabRobot","robots":{"index":"index","follow":"follow","max-snippet":"max-snippet:-1","max-image-preview":"max-image-preview:large","max-video-preview":"max-video-preview:-1"},"canonical":"https:\/\/labrobot.com\/sv\/behandling-av-personuppgifter\/","og_locale":"sv_SE","og_type":"article","og_title":"Behandling av personuppgifter","og_description":"Behandling av personuppgifter hos LabRobot Products AB Som kund till LabRobot Products AB behandlas dina personuppgifter i syfte att kunna bedriva en professionell aff\u00e4rsrelation. Nedan f\u00f6ljer information om behandlingen samt om dina r\u00e4ttigheter. Personuppgiftsansvarig Ansvarig f\u00f6r behandlingen av personuppgifter \u00e4r: LabRobot Products AB, org nr 556356-5315 Munker\u00f6dsv\u00e4gen 4, 444 32 Stenungsund F\u00f6r ytterligare information om ... Read more","og_url":"https:\/\/labrobot.com\/sv\/behandling-av-personuppgifter\/","og_site_name":"LabRobot","article_publisher":"https:\/\/www.facebook.com\/labrobotproductsab","article_modified_time":"2024-09-25T07:42:42+00:00","twitter_card":"summary_large_image","twitter_misc":{"Ber\u00e4knad l\u00e4stid":"3 minuter"},"schema":{"@context":"https:\/\/schema.org","@graph":[{"@type":"WebPage","@id":"https:\/\/labrobot.com\/sv\/behandling-av-personuppgifter\/","url":"https:\/\/labrobot.com\/sv\/behandling-av-personuppgifter\/","name":"Behandling av personuppgifter - LabRobot","isPartOf":{"@id":"https:\/\/labrobot.com\/#website"},"datePublished":"2022-01-21T14:24:36+00:00","dateModified":"2024-09-25T07:42:42+00:00","breadcrumb":{"@id":"https:\/\/labrobot.com\/sv\/behandling-av-personuppgifter\/#breadcrumb"},"inLanguage":"sv-SE","potentialAction":[{"@type":"ReadAction","target":["https:\/\/labrobot.com\/sv\/behandling-av-personuppgifter\/"]}]},{"@type":"BreadcrumbList","@id":"https:\/\/labrobot.com\/sv\/behandling-av-personuppgifter\/#breadcrumb","itemListElement":[{"@type":"ListItem","position":1,"name":"Home","item":"https:\/\/labrobot.com\/sv\/"},{"@type":"ListItem","position":2,"name":"Behandling av personuppgifter"}]},{"@type":"WebSite","@id":"https:\/\/labrobot.com\/#website","url":"https:\/\/labrobot.com\/","name":"LabRobot","description":"Easy quick ergonomic serial dilution method","publisher":{"@id":"https:\/\/labrobot.com\/#organization"},"potentialAction":[{"@type":"SearchAction","target":{"@type":"EntryPoint","urlTemplate":"https:\/\/labrobot.com\/?s={search_term_string}"},"query-input":{"@type":"PropertyValueSpecification","valueRequired":true,"valueName":"search_term_string"}}],"inLanguage":"sv-SE"},{"@type":"Organization","@id":"https:\/\/labrobot.com\/#organization","name":"LabRobot Products AB","url":"https:\/\/labrobot.com\/","logo":{"@type":"ImageObject","inLanguage":"sv-SE","@id":"https:\/\/labrobot.com\/#\/schema\/logo\/image\/","url":"https:\/\/labrobot.com\/wp-content\/uploads\/2018\/12\/LabRobot_LOGO_signatur.jpg","contentUrl":"https:\/\/labrobot.com\/wp-content\/uploads\/2018\/12\/LabRobot_LOGO_signatur.jpg","width":200,"height":54,"caption":"LabRobot Products AB"},"image":{"@id":"https:\/\/labrobot.com\/#\/schema\/logo\/image\/"},"sameAs":["https:\/\/www.facebook.com\/labrobotproductsab","https:\/\/www.linkedin.com\/company\/labrobot-products-ab\/","https:\/\/www.youtube.com\/channel\/UCHGyF_OHfxI1No9ahbU-agQ"]}]}},"_links":{"self":[{"href":"https:\/\/labrobot.com\/sv\/wp-json\/wp\/v2\/pages\/12953","targetHints":{"allow":["GET"]}}],"collection":[{"href":"https:\/\/labrobot.com\/sv\/wp-json\/wp\/v2\/pages"}],"about":[{"href":"https:\/\/labrobot.com\/sv\/wp-json\/wp\/v2\/types\/page"}],"author":[{"embeddable":true,"href":"https:\/\/labrobot.com\/sv\/wp-json\/wp\/v2\/users\/243"}],"replies":[{"embeddable":true,"href":"https:\/\/labrobot.com\/sv\/wp-json\/wp\/v2\/comments?post=12953"}],"version-history":[{"count":0,"href":"https:\/\/labrobot.com\/sv\/wp-json\/wp\/v2\/pages\/12953\/revisions"}],"wp:attachment":[{"href":"https:\/\/labrobot.com\/sv\/wp-json\/wp\/v2\/media?parent=12953"}],"curies":[{"name":"wp","href":"https:\/\/api.w.org\/{rel}","templated":true}]}}