{"id":12751,"date":"2021-11-29T10:58:29","date_gmt":"2021-11-29T09:58:29","guid":{"rendered":"https:\/\/labrobot.com\/dilucup-system\/"},"modified":"2024-09-26T13:31:29","modified_gmt":"2024-09-26T12:31:29","slug":"dilucup-system","status":"publish","type":"page","link":"https:\/\/labrobot.com\/sv\/dilucup-system\/","title":{"rendered":"Dilucup System"},"content":{"rendered":"\n<h1>\n\t\tEn halvautomatisk metod f\u00f6r seriesp\u00e4dningar\n\t<\/h1>\n\tTusentals laboratorier runt om i v\u00e4rlden har redan ersatt sp\u00e4dningsr\u00f6r och vortexblandare med Dilucup\u00ae-Systemet.<br \/>\nOch de \u00e5ngrar sig inte.\n<p>Det finns inget b\u00e4ttre s\u00e4tt att veta om n\u00e5got \u00e4r f\u00f6r dig \u00e4n att prova det sj\u00e4lv. D\u00e4rf\u00f6r erbjuder vi gratis demonstrationer s\u00e5 att du kan uppleva hur detta fantastiska system f\u00f6r seriesp\u00e4dningar kan gynna dig.<\/p>\n\t\t\t<a href=\"https:\/\/labrobot.com\/sv\/request-a-demo-2\/\" target=\"_self\" rel=\"noopener\">\n\t\t\t\t\t\tBeg\u00e4r en gratis demonstration\n\t\t\t\t\t<\/a>\n<h2>\n\t\tDilucup\u00ae System\n\t<\/h2>\n\tDilucup\u00ae Elegance anv\u00e4nds med en av de tv\u00e5 tillg\u00e4ngliga shakers:<br \/>\nDilugent\u00ae Shaker eller Dilushaker III,<br \/>\nsom guidar dig genom sp\u00e4dningarna p\u00e5 olika s\u00e4tt.\n\t\t\t\t<a href=\"https:\/\/labrobot.com\/sv\/dilugent-shaker\/\" target=\"_self\" itemprop=\"url\" rel=\"noopener\">\n\t\t\t\t<img loading=\"lazy\" decoding=\"async\" src=\"https:\/\/labrobot.com\/wp-content\/uploads\/bb-plugin\/cache\/dilutions-with-dilugent-1024x1012-circle-8d188893c4f4042a7c3f93c8866997be-.jpg\" alt=\"dilugent shaker\" itemprop=\"image\" height=\"1012\" width=\"1024\" title=\"dilutions with dilugent\" onerror=\"this.style.display='none'\"  \/>\n\t\t\t\t<\/a>\n<h3><a href=\"https:\/\/labrobot.com\/sv\/dilugent-shaker\/\" target=\"_self\" rel=\"noopener\">Dilugent\u00ae Shaker<\/a><\/h3><a href=\"https:\/\/labrobot.com\/sv\/dilugent-shaker\/\" target=\"_self\" rel=\"noopener\"><\/a>\t\n\t\t\t\t<a href=\"https:\/\/labrobot.com\/sv\/dilucup-elegance\/\" target=\"_self\" itemprop=\"url\" rel=\"noopener\">\n\t\t\t\t<img loading=\"lazy\" decoding=\"async\" src=\"https:\/\/labrobot.com\/wp-content\/uploads\/bb-plugin\/cache\/dilucup-MRD-blister-1024x683-circle-6b488e5385d026519048948f861a8961-.jpg\" alt=\"dilucup MRD blister\" itemprop=\"image\" height=\"683\" width=\"1024\" title=\"dilucup MRD blister\" onerror=\"this.style.display='none'\"  \/>\n\t\t\t\t<\/a>\n<h3><a href=\"https:\/\/labrobot.com\/sv\/dilucup-elegance\/\" target=\"_self\" rel=\"noopener\">Dilucup\u00ae Elegance<\/a><\/h3><a href=\"https:\/\/labrobot.com\/sv\/dilucup-elegance\/\" target=\"_self\" rel=\"noopener\"><\/a>\t\n\t\t\t\t<a href=\"https:\/\/labrobot.com\/sv\/dilushaker-iii\/\" target=\"_self\" itemprop=\"url\" rel=\"noopener\">\n\t\t\t\t<img loading=\"lazy\" decoding=\"async\" src=\"https:\/\/labrobot.com\/wp-content\/uploads\/bb-plugin\/cache\/dilushaker-III-1024x699-circle-95e8311d438fe92fca44e54ebacd23bc-.jpg\" alt=\"dilushaker 6or\" itemprop=\"image\" height=\"699\" width=\"1024\" title=\"dilushaker\" onerror=\"this.style.display='none'\"  \/>\n\t\t\t\t<\/a>\n<h3><a href=\"https:\/\/labrobot.com\/sv\/dilushaker-iii\/\" target=\"_self\" rel=\"noopener\">Dilushaker III<\/a><\/h3>\t\n<h4>\n\t\tN\u00f6jda kunder\n\t<\/h4>\n\t\t\t<p><img loading=\"lazy\" decoding=\"async\" src=\"https:\/\/labrobot.com\/wp-content\/uploads\/2022\/03\/testimonial-swe-300x203.jpg\" alt=\"\" width=\"300\" height=\"203\" \/>&#8221;Smidig process, bra kvalitet och alltid snabb leverans&#8221;<\/p>\n<strong><em>~ Peter Karlsson, Kvalitetslaboratoriekoordinator,\nArla Foods J\u00f6nk\u00f6ping, Sverige<\/em><\/strong>\t\t\n\t\t\t<p><img loading=\"lazy\" decoding=\"async\" src=\"https:\/\/labrobot.com\/wp-content\/uploads\/2021\/12\/portugal-testimonial-300x169.jpg\" alt=\"\" width=\"266\" height=\"150\" \/>&#8221;Vi sparar mycket tid med Dilucup\u00ae! Vi beh\u00f6ver varken f\u00f6rbereda sp\u00e4dningsr\u00f6ren eller utf\u00f6ra kvalitetskontroll av sp\u00e4dningsv\u00e4tskorna. Dilucup-Systemet g\u00f6r verkligen livet enklare!&#8221;<\/p>\n<p><em><strong>~ Martina Costa, Director, Globalab, Portugal<\/strong><\/em><\/p>\t\t\n\t\t\t<p><img loading=\"lazy\" decoding=\"async\" src=\"https:\/\/labrobot.com\/wp-content\/uploads\/2021\/12\/PBV-testimonial-photo-295x300.jpg\" alt=\"\" width=\"190\" height=\"193\" \/>&#8221;L\u00e4tt och noggrant att utf\u00f6ra m\u00e4tningar med Dilucup-Systemet. Den exakta volymen av l\u00f6sningsmedlet och den konstanta skakningen s\u00e4kerst\u00e4ller en enhetlig koncentration av provet.&#8221;<\/p>\n<p><em><strong>~ Tetiana Garkavanko, Deputy Director, Livsmedelss\u00e4kerhet och konsumentskydd, Ukraina.<\/strong><\/em><\/p>\t\t\n\n","protected":false},"excerpt":{"rendered":"<p>En halvautomatisk metod f\u00f6r seriesp\u00e4dningar Tusentals laboratorier runt om i v\u00e4rlden har redan ersatt sp\u00e4dningsr\u00f6r och vortexblandare med Dilucup\u00ae-Systemet. Och de \u00e5ngrar sig inte. Det finns inget b\u00e4ttre s\u00e4tt att veta om n\u00e5got \u00e4r f\u00f6r dig \u00e4n att prova det sj\u00e4lv. D\u00e4rf\u00f6r erbjuder vi gratis demonstrationer s\u00e5 att du kan uppleva hur detta fantastiska system &#8230; <a title=\"Dilucup System\" class=\"read-more\" href=\"https:\/\/labrobot.com\/sv\/dilucup-system\/\" aria-label=\"L\u00e4s mer om Dilucup System\">Read more<\/a><\/p>\n","protected":false},"author":243,"featured_media":0,"parent":0,"menu_order":0,"comment_status":"closed","ping_status":"closed","template":"","meta":{"_acf_changed":false,"generate_page_header":"","footnotes":""},"class_list":["post-12751","page","type-page","status-publish"],"acf":[],"yoast_head":"<!-- This site is optimized with the Yoast SEO Premium plugin v27.3 (Yoast SEO v27.3) - https:\/\/yoast.com\/product\/yoast-seo-premium-wordpress\/ -->\n<title>Dilucup-Systemet ers\u00e4tter sp\u00e4dningsr\u00f6r och vortexblandare<\/title>\n<meta name=\"description\" content=\"Tusentals laboratorier runt om i v\u00e4rlden har redan ersatt sp\u00e4dningsr\u00f6r och vortexblandare med Dilucup\u00ae-Systemet.\" \/>\n<meta name=\"robots\" content=\"index, follow, max-snippet:-1, max-image-preview:large, max-video-preview:-1\" \/>\n<link rel=\"canonical\" href=\"https:\/\/labrobot.com\/sv\/dilucup-system\/\" \/>\n<meta property=\"og:locale\" content=\"sv_SE\" \/>\n<meta property=\"og:type\" content=\"article\" \/>\n<meta property=\"og:title\" content=\"Dilucup System\" \/>\n<meta property=\"og:description\" content=\"Tusentals laboratorier runt om i v\u00e4rlden har redan ersatt sp\u00e4dningsr\u00f6r och vortexblandare med Dilucup\u00ae-Systemet.\" \/>\n<meta property=\"og:url\" content=\"https:\/\/labrobot.com\/sv\/dilucup-system\/\" \/>\n<meta property=\"og:site_name\" content=\"LabRobot\" \/>\n<meta property=\"article:publisher\" content=\"https:\/\/www.facebook.com\/labrobotproductsab\" \/>\n<meta property=\"article:modified_time\" content=\"2024-09-26T12:31:29+00:00\" \/>\n<meta property=\"og:image\" content=\"https:\/\/labrobot.com\/wp-content\/uploads\/bb-plugin\/cache\/dilutions-with-dilugent-1024x1012-circle-8d188893c4f4042a7c3f93c8866997be-.jpg\" \/>\n<meta name=\"twitter:card\" content=\"summary_large_image\" \/>\n<meta name=\"twitter:label1\" content=\"Ber\u00e4knad l\u00e4stid\" \/>\n\t<meta name=\"twitter:data1\" content=\"1 minut\" \/>\n<script type=\"application\/ld+json\" class=\"yoast-schema-graph\">{\"@context\":\"https:\\\/\\\/schema.org\",\"@graph\":[{\"@type\":\"WebPage\",\"@id\":\"https:\\\/\\\/labrobot.com\\\/sv\\\/dilucup-system\\\/\",\"url\":\"https:\\\/\\\/labrobot.com\\\/sv\\\/dilucup-system\\\/\",\"name\":\"Dilucup-Systemet ers\u00e4tter sp\u00e4dningsr\u00f6r och vortexblandare\",\"isPartOf\":{\"@id\":\"https:\\\/\\\/labrobot.com\\\/#website\"},\"primaryImageOfPage\":{\"@id\":\"https:\\\/\\\/labrobot.com\\\/sv\\\/dilucup-system\\\/#primaryimage\"},\"image\":{\"@id\":\"https:\\\/\\\/labrobot.com\\\/sv\\\/dilucup-system\\\/#primaryimage\"},\"thumbnailUrl\":\"https:\\\/\\\/labrobot.com\\\/wp-content\\\/uploads\\\/bb-plugin\\\/cache\\\/dilutions-with-dilugent-1024x1012-circle-8d188893c4f4042a7c3f93c8866997be-.jpg\",\"datePublished\":\"2021-11-29T09:58:29+00:00\",\"dateModified\":\"2024-09-26T12:31:29+00:00\",\"description\":\"Tusentals laboratorier runt om i v\u00e4rlden har redan ersatt sp\u00e4dningsr\u00f6r och vortexblandare med Dilucup\u00ae-Systemet.\",\"breadcrumb\":{\"@id\":\"https:\\\/\\\/labrobot.com\\\/sv\\\/dilucup-system\\\/#breadcrumb\"},\"inLanguage\":\"sv-SE\",\"potentialAction\":[{\"@type\":\"ReadAction\",\"target\":[\"https:\\\/\\\/labrobot.com\\\/sv\\\/dilucup-system\\\/\"]}]},{\"@type\":\"ImageObject\",\"inLanguage\":\"sv-SE\",\"@id\":\"https:\\\/\\\/labrobot.com\\\/sv\\\/dilucup-system\\\/#primaryimage\",\"url\":\"https:\\\/\\\/labrobot.com\\\/wp-content\\\/uploads\\\/bb-plugin\\\/cache\\\/dilutions-with-dilugent-1024x1012-circle-8d188893c4f4042a7c3f93c8866997be-.jpg\",\"contentUrl\":\"https:\\\/\\\/labrobot.com\\\/wp-content\\\/uploads\\\/bb-plugin\\\/cache\\\/dilutions-with-dilugent-1024x1012-circle-8d188893c4f4042a7c3f93c8866997be-.jpg\"},{\"@type\":\"BreadcrumbList\",\"@id\":\"https:\\\/\\\/labrobot.com\\\/sv\\\/dilucup-system\\\/#breadcrumb\",\"itemListElement\":[{\"@type\":\"ListItem\",\"position\":1,\"name\":\"Home\",\"item\":\"https:\\\/\\\/labrobot.com\\\/sv\\\/\"},{\"@type\":\"ListItem\",\"position\":2,\"name\":\"Dilucup System\"}]},{\"@type\":\"WebSite\",\"@id\":\"https:\\\/\\\/labrobot.com\\\/#website\",\"url\":\"https:\\\/\\\/labrobot.com\\\/\",\"name\":\"LabRobot\",\"description\":\"Easy quick ergonomic serial dilution method\",\"publisher\":{\"@id\":\"https:\\\/\\\/labrobot.com\\\/#organization\"},\"potentialAction\":[{\"@type\":\"SearchAction\",\"target\":{\"@type\":\"EntryPoint\",\"urlTemplate\":\"https:\\\/\\\/labrobot.com\\\/?s={search_term_string}\"},\"query-input\":{\"@type\":\"PropertyValueSpecification\",\"valueRequired\":true,\"valueName\":\"search_term_string\"}}],\"inLanguage\":\"sv-SE\"},{\"@type\":\"Organization\",\"@id\":\"https:\\\/\\\/labrobot.com\\\/#organization\",\"name\":\"LabRobot Products AB\",\"url\":\"https:\\\/\\\/labrobot.com\\\/\",\"logo\":{\"@type\":\"ImageObject\",\"inLanguage\":\"sv-SE\",\"@id\":\"https:\\\/\\\/labrobot.com\\\/#\\\/schema\\\/logo\\\/image\\\/\",\"url\":\"https:\\\/\\\/labrobot.com\\\/wp-content\\\/uploads\\\/2018\\\/12\\\/LabRobot_LOGO_signatur.jpg\",\"contentUrl\":\"https:\\\/\\\/labrobot.com\\\/wp-content\\\/uploads\\\/2018\\\/12\\\/LabRobot_LOGO_signatur.jpg\",\"width\":200,\"height\":54,\"caption\":\"LabRobot Products AB\"},\"image\":{\"@id\":\"https:\\\/\\\/labrobot.com\\\/#\\\/schema\\\/logo\\\/image\\\/\"},\"sameAs\":[\"https:\\\/\\\/www.facebook.com\\\/labrobotproductsab\",\"https:\\\/\\\/www.linkedin.com\\\/company\\\/labrobot-products-ab\\\/\",\"https:\\\/\\\/www.youtube.com\\\/channel\\\/UCHGyF_OHfxI1No9ahbU-agQ\"]}]}<\/script>\n<!-- \/ Yoast SEO Premium plugin. -->","yoast_head_json":{"title":"Dilucup-Systemet ers\u00e4tter sp\u00e4dningsr\u00f6r och vortexblandare","description":"Tusentals laboratorier runt om i v\u00e4rlden har redan ersatt sp\u00e4dningsr\u00f6r och vortexblandare med Dilucup\u00ae-Systemet.","robots":{"index":"index","follow":"follow","max-snippet":"max-snippet:-1","max-image-preview":"max-image-preview:large","max-video-preview":"max-video-preview:-1"},"canonical":"https:\/\/labrobot.com\/sv\/dilucup-system\/","og_locale":"sv_SE","og_type":"article","og_title":"Dilucup System","og_description":"Tusentals laboratorier runt om i v\u00e4rlden har redan ersatt sp\u00e4dningsr\u00f6r och vortexblandare med Dilucup\u00ae-Systemet.","og_url":"https:\/\/labrobot.com\/sv\/dilucup-system\/","og_site_name":"LabRobot","article_publisher":"https:\/\/www.facebook.com\/labrobotproductsab","article_modified_time":"2024-09-26T12:31:29+00:00","og_image":[{"url":"https:\/\/labrobot.com\/wp-content\/uploads\/bb-plugin\/cache\/dilutions-with-dilugent-1024x1012-circle-8d188893c4f4042a7c3f93c8866997be-.jpg","type":"","width":"","height":""}],"twitter_card":"summary_large_image","twitter_misc":{"Ber\u00e4knad l\u00e4stid":"1 minut"},"schema":{"@context":"https:\/\/schema.org","@graph":[{"@type":"WebPage","@id":"https:\/\/labrobot.com\/sv\/dilucup-system\/","url":"https:\/\/labrobot.com\/sv\/dilucup-system\/","name":"Dilucup-Systemet ers\u00e4tter sp\u00e4dningsr\u00f6r och vortexblandare","isPartOf":{"@id":"https:\/\/labrobot.com\/#website"},"primaryImageOfPage":{"@id":"https:\/\/labrobot.com\/sv\/dilucup-system\/#primaryimage"},"image":{"@id":"https:\/\/labrobot.com\/sv\/dilucup-system\/#primaryimage"},"thumbnailUrl":"https:\/\/labrobot.com\/wp-content\/uploads\/bb-plugin\/cache\/dilutions-with-dilugent-1024x1012-circle-8d188893c4f4042a7c3f93c8866997be-.jpg","datePublished":"2021-11-29T09:58:29+00:00","dateModified":"2024-09-26T12:31:29+00:00","description":"Tusentals laboratorier runt om i v\u00e4rlden har redan ersatt sp\u00e4dningsr\u00f6r och vortexblandare med Dilucup\u00ae-Systemet.","breadcrumb":{"@id":"https:\/\/labrobot.com\/sv\/dilucup-system\/#breadcrumb"},"inLanguage":"sv-SE","potentialAction":[{"@type":"ReadAction","target":["https:\/\/labrobot.com\/sv\/dilucup-system\/"]}]},{"@type":"ImageObject","inLanguage":"sv-SE","@id":"https:\/\/labrobot.com\/sv\/dilucup-system\/#primaryimage","url":"https:\/\/labrobot.com\/wp-content\/uploads\/bb-plugin\/cache\/dilutions-with-dilugent-1024x1012-circle-8d188893c4f4042a7c3f93c8866997be-.jpg","contentUrl":"https:\/\/labrobot.com\/wp-content\/uploads\/bb-plugin\/cache\/dilutions-with-dilugent-1024x1012-circle-8d188893c4f4042a7c3f93c8866997be-.jpg"},{"@type":"BreadcrumbList","@id":"https:\/\/labrobot.com\/sv\/dilucup-system\/#breadcrumb","itemListElement":[{"@type":"ListItem","position":1,"name":"Home","item":"https:\/\/labrobot.com\/sv\/"},{"@type":"ListItem","position":2,"name":"Dilucup System"}]},{"@type":"WebSite","@id":"https:\/\/labrobot.com\/#website","url":"https:\/\/labrobot.com\/","name":"LabRobot","description":"Easy quick ergonomic serial dilution method","publisher":{"@id":"https:\/\/labrobot.com\/#organization"},"potentialAction":[{"@type":"SearchAction","target":{"@type":"EntryPoint","urlTemplate":"https:\/\/labrobot.com\/?s={search_term_string}"},"query-input":{"@type":"PropertyValueSpecification","valueRequired":true,"valueName":"search_term_string"}}],"inLanguage":"sv-SE"},{"@type":"Organization","@id":"https:\/\/labrobot.com\/#organization","name":"LabRobot Products AB","url":"https:\/\/labrobot.com\/","logo":{"@type":"ImageObject","inLanguage":"sv-SE","@id":"https:\/\/labrobot.com\/#\/schema\/logo\/image\/","url":"https:\/\/labrobot.com\/wp-content\/uploads\/2018\/12\/LabRobot_LOGO_signatur.jpg","contentUrl":"https:\/\/labrobot.com\/wp-content\/uploads\/2018\/12\/LabRobot_LOGO_signatur.jpg","width":200,"height":54,"caption":"LabRobot Products AB"},"image":{"@id":"https:\/\/labrobot.com\/#\/schema\/logo\/image\/"},"sameAs":["https:\/\/www.facebook.com\/labrobotproductsab","https:\/\/www.linkedin.com\/company\/labrobot-products-ab\/","https:\/\/www.youtube.com\/channel\/UCHGyF_OHfxI1No9ahbU-agQ"]}]}},"_links":{"self":[{"href":"https:\/\/labrobot.com\/sv\/wp-json\/wp\/v2\/pages\/12751","targetHints":{"allow":["GET"]}}],"collection":[{"href":"https:\/\/labrobot.com\/sv\/wp-json\/wp\/v2\/pages"}],"about":[{"href":"https:\/\/labrobot.com\/sv\/wp-json\/wp\/v2\/types\/page"}],"author":[{"embeddable":true,"href":"https:\/\/labrobot.com\/sv\/wp-json\/wp\/v2\/users\/243"}],"replies":[{"embeddable":true,"href":"https:\/\/labrobot.com\/sv\/wp-json\/wp\/v2\/comments?post=12751"}],"version-history":[{"count":0,"href":"https:\/\/labrobot.com\/sv\/wp-json\/wp\/v2\/pages\/12751\/revisions"}],"wp:attachment":[{"href":"https:\/\/labrobot.com\/sv\/wp-json\/wp\/v2\/media?parent=12751"}],"curies":[{"name":"wp","href":"https:\/\/api.w.org\/{rel}","templated":true}]}}