{"id":10641,"date":"2021-02-26T08:30:07","date_gmt":"2021-02-26T07:30:07","guid":{"rendered":"https:\/\/labrobot.com\/nojda-kunder-2\/"},"modified":"2022-03-30T08:15:23","modified_gmt":"2022-03-30T07:15:23","slug":"nojda-kunder","status":"publish","type":"page","link":"https:\/\/labrobot.com\/sv\/nojda-kunder\/","title":{"rendered":"N\u00f6jda kunder"},"content":{"rendered":"\n<h1>\n\t\tN\u00f6jda kunder.\n\t<\/h1>\n\t&#8221;Smidigt, bra kvalitet och alltid snabb leverans&#8221;<br \/>\n\n<strong><em>Peter Karlsson, Kvalitet lab samordnare,<br \/>\nArla Foods J\u00f6nk\u00f6ping, Sverige<\/em><\/strong>\n\n\t\t\t<img decoding=\"async\" loading='false' src=\"https:\/\/labrobot.com\/wp-content\/uploads\/2022\/03\/testimonial2-1024x655.jpg\" alt=\"\" \/>\t\t\t\n\t\t\t<img decoding=\"async\" loading='false' src=\"https:\/\/labrobot.com\/wp-content\/uploads\/2022\/03\/testimonial3-1024x768.jpg\" alt=\"\" \/>\t\t\t\n\t\t\t<img decoding=\"async\" loading='false' src=\"https:\/\/labrobot.com\/wp-content\/uploads\/2022\/03\/testimonial1-1024x768.jpg\" alt=\"\" \/>\t\t\t\n\t<p>&#8221;Vi sparar v\u00e4ldigt mycket tid med Dilucup!<\/p>\nVi beh\u00f6ver varken f\u00f6rbereda sp\u00e4dningsr\u00f6ren eller g\u00f6ra kvalitetskontroll av sp\u00e4dningsmedlen.<br \/>\nDilucup-Systemet g\u00f6r v\u00e5ra liv l\u00e4ttare!&#8221;<br \/>\n\n<strong><em>Martina Costa, Director,<br \/>\n<\/em><\/strong><strong><em> Globalab, Portugal<\/em><\/strong>\n\n\t\t\t<img decoding=\"async\" loading='false' src=\"https:\/\/labrobot.com\/wp-content\/uploads\/2020\/02\/bild-2.jpg\" alt=\"\" \/>\t\t\t\n\t\t\t<img decoding=\"async\" loading='false' src=\"https:\/\/labrobot.com\/wp-content\/uploads\/2020\/02\/bild-1.jpg\" alt=\"\" \/>\t\t\t\n\t<strong>&#8221;<\/strong>L\u00e4tt och exakt att utf\u00f6ra m\u00e4tningar med<br \/>\nDilucup Systemet\nSp\u00e4dningsv\u00e4tskans exakta volym och konstant skakning s\u00e4kerst\u00e4ller<br \/>\nen j\u00e4mn koncentration p\u00e5 provet.&#8221;\n<em><strong>Tetiana Garkavanko, Deputy Director,<\/strong><\/em><br \/>\n<strong><em>State Service for Food Safety and Consumer Protection of Ukraine<br \/>\n<\/em><\/strong>\n\t\t\t\t<img loading=\"lazy\" decoding=\"async\" src=\"https:\/\/labrobot.com\/wp-content\/uploads\/2020\/02\/PBV-testimonial.jpg\" alt=\"PBV testimonial\" itemprop=\"image\" height=\"1025\" width=\"958\" title=\"PBV testimonial\" onerror=\"this.style.display='none'\"  \/>\n\t\t\t\t<img loading=\"lazy\" decoding=\"async\" src=\"https:\/\/labrobot.com\/wp-content\/uploads\/2019\/11\/testimonial-1.png\" alt=\"testimonial\" itemprop=\"image\" height=\"700\" width=\"495\" title=\"testimonial\" onerror=\"this.style.display='none'\"  \/>\n\t<h3>Skicka oss din kommentar!<\/h3>\n\n","protected":false},"excerpt":{"rendered":"<p>N\u00f6jda kunder. &#8221;Smidigt, bra kvalitet och alltid snabb leverans&#8221; Peter Karlsson, Kvalitet lab samordnare, Arla Foods J\u00f6nk\u00f6ping, Sverige &#8221;Vi sparar v\u00e4ldigt mycket tid med Dilucup! Vi beh\u00f6ver varken f\u00f6rbereda sp\u00e4dningsr\u00f6ren eller g\u00f6ra kvalitetskontroll av sp\u00e4dningsmedlen. Dilucup-Systemet g\u00f6r v\u00e5ra liv l\u00e4ttare!&#8221; Martina Costa, Director, Globalab, Portugal &#8221;L\u00e4tt och exakt att utf\u00f6ra m\u00e4tningar med Dilucup Systemet Sp\u00e4dningsv\u00e4tskans &#8230; <a title=\"N\u00f6jda kunder\" class=\"read-more\" href=\"https:\/\/labrobot.com\/sv\/nojda-kunder\/\" aria-label=\"L\u00e4s mer om N\u00f6jda kunder\">Read more<\/a><\/p>\n","protected":false},"author":243,"featured_media":0,"parent":0,"menu_order":7,"comment_status":"closed","ping_status":"closed","template":"","meta":{"_acf_changed":false,"generate_page_header":"","footnotes":""},"class_list":["post-10641","page","type-page","status-publish"],"acf":[],"yoast_head":"<!-- This site is optimized with the Yoast SEO Premium plugin v27.3 (Yoast SEO v27.3) - https:\/\/yoast.com\/product\/yoast-seo-premium-wordpress\/ -->\n<title>Sp\u00e4dningsr\u00f6r vs sp\u00e4dningskoppar | Rekommendationer | LabRobot<\/title>\n<meta name=\"description\" content=\"&quot;Vi sparar v\u00e4ldigt mycket tid med Dilucup. Vi beh\u00f6ver varken f\u00f6rbereda utsp\u00e4dningsr\u00f6ren eller g\u00f6ra kvalitetskontroll av utsp\u00e4dningsmedlen&quot;.\" \/>\n<meta name=\"robots\" content=\"index, follow, max-snippet:-1, max-image-preview:large, max-video-preview:-1\" \/>\n<link rel=\"canonical\" href=\"https:\/\/labrobot.com\/sv\/nojda-kunder\/\" \/>\n<meta property=\"og:locale\" content=\"sv_SE\" \/>\n<meta property=\"og:type\" content=\"article\" \/>\n<meta property=\"og:title\" content=\"N\u00f6jda kunder\" \/>\n<meta property=\"og:description\" content=\"&quot;Vi sparar v\u00e4ldigt mycket tid med Dilucup. Vi beh\u00f6ver varken f\u00f6rbereda utsp\u00e4dningsr\u00f6ren eller g\u00f6ra kvalitetskontroll av utsp\u00e4dningsmedlen&quot;.\" \/>\n<meta property=\"og:url\" content=\"https:\/\/labrobot.com\/sv\/nojda-kunder\/\" \/>\n<meta property=\"og:site_name\" content=\"LabRobot\" \/>\n<meta property=\"article:publisher\" content=\"https:\/\/www.facebook.com\/labrobotproductsab\" \/>\n<meta property=\"article:modified_time\" content=\"2022-03-30T07:15:23+00:00\" \/>\n<meta property=\"og:image\" content=\"https:\/\/labrobot.com\/wp-content\/uploads\/2022\/03\/testimonial2-1024x655.jpg\" \/>\n<meta name=\"twitter:card\" content=\"summary_large_image\" \/>\n<meta name=\"twitter:label1\" content=\"Ber\u00e4knad l\u00e4stid\" \/>\n\t<meta name=\"twitter:data1\" content=\"1 minut\" \/>\n<script type=\"application\/ld+json\" class=\"yoast-schema-graph\">{\"@context\":\"https:\\\/\\\/schema.org\",\"@graph\":[{\"@type\":\"WebPage\",\"@id\":\"https:\\\/\\\/labrobot.com\\\/sv\\\/nojda-kunder\\\/\",\"url\":\"https:\\\/\\\/labrobot.com\\\/sv\\\/nojda-kunder\\\/\",\"name\":\"Sp\u00e4dningsr\u00f6r vs sp\u00e4dningskoppar | Rekommendationer | LabRobot\",\"isPartOf\":{\"@id\":\"https:\\\/\\\/labrobot.com\\\/#website\"},\"primaryImageOfPage\":{\"@id\":\"https:\\\/\\\/labrobot.com\\\/sv\\\/nojda-kunder\\\/#primaryimage\"},\"image\":{\"@id\":\"https:\\\/\\\/labrobot.com\\\/sv\\\/nojda-kunder\\\/#primaryimage\"},\"thumbnailUrl\":\"https:\\\/\\\/labrobot.com\\\/wp-content\\\/uploads\\\/2022\\\/03\\\/testimonial2-1024x655.jpg\",\"datePublished\":\"2021-02-26T07:30:07+00:00\",\"dateModified\":\"2022-03-30T07:15:23+00:00\",\"description\":\"\\\"Vi sparar v\u00e4ldigt mycket tid med Dilucup. Vi beh\u00f6ver varken f\u00f6rbereda utsp\u00e4dningsr\u00f6ren eller g\u00f6ra kvalitetskontroll av utsp\u00e4dningsmedlen\\\".\",\"breadcrumb\":{\"@id\":\"https:\\\/\\\/labrobot.com\\\/sv\\\/nojda-kunder\\\/#breadcrumb\"},\"inLanguage\":\"sv-SE\",\"potentialAction\":[{\"@type\":\"ReadAction\",\"target\":[\"https:\\\/\\\/labrobot.com\\\/sv\\\/nojda-kunder\\\/\"]}]},{\"@type\":\"ImageObject\",\"inLanguage\":\"sv-SE\",\"@id\":\"https:\\\/\\\/labrobot.com\\\/sv\\\/nojda-kunder\\\/#primaryimage\",\"url\":\"https:\\\/\\\/labrobot.com\\\/wp-content\\\/uploads\\\/2022\\\/03\\\/testimonial2-1024x655.jpg\",\"contentUrl\":\"https:\\\/\\\/labrobot.com\\\/wp-content\\\/uploads\\\/2022\\\/03\\\/testimonial2-1024x655.jpg\"},{\"@type\":\"BreadcrumbList\",\"@id\":\"https:\\\/\\\/labrobot.com\\\/sv\\\/nojda-kunder\\\/#breadcrumb\",\"itemListElement\":[{\"@type\":\"ListItem\",\"position\":1,\"name\":\"Home\",\"item\":\"https:\\\/\\\/labrobot.com\\\/sv\\\/\"},{\"@type\":\"ListItem\",\"position\":2,\"name\":\"N\u00f6jda kunder\"}]},{\"@type\":\"WebSite\",\"@id\":\"https:\\\/\\\/labrobot.com\\\/#website\",\"url\":\"https:\\\/\\\/labrobot.com\\\/\",\"name\":\"LabRobot\",\"description\":\"Easy quick ergonomic serial dilution method\",\"publisher\":{\"@id\":\"https:\\\/\\\/labrobot.com\\\/#organization\"},\"potentialAction\":[{\"@type\":\"SearchAction\",\"target\":{\"@type\":\"EntryPoint\",\"urlTemplate\":\"https:\\\/\\\/labrobot.com\\\/?s={search_term_string}\"},\"query-input\":{\"@type\":\"PropertyValueSpecification\",\"valueRequired\":true,\"valueName\":\"search_term_string\"}}],\"inLanguage\":\"sv-SE\"},{\"@type\":\"Organization\",\"@id\":\"https:\\\/\\\/labrobot.com\\\/#organization\",\"name\":\"LabRobot Products AB\",\"url\":\"https:\\\/\\\/labrobot.com\\\/\",\"logo\":{\"@type\":\"ImageObject\",\"inLanguage\":\"sv-SE\",\"@id\":\"https:\\\/\\\/labrobot.com\\\/#\\\/schema\\\/logo\\\/image\\\/\",\"url\":\"https:\\\/\\\/labrobot.com\\\/wp-content\\\/uploads\\\/2018\\\/12\\\/LabRobot_LOGO_signatur.jpg\",\"contentUrl\":\"https:\\\/\\\/labrobot.com\\\/wp-content\\\/uploads\\\/2018\\\/12\\\/LabRobot_LOGO_signatur.jpg\",\"width\":200,\"height\":54,\"caption\":\"LabRobot Products AB\"},\"image\":{\"@id\":\"https:\\\/\\\/labrobot.com\\\/#\\\/schema\\\/logo\\\/image\\\/\"},\"sameAs\":[\"https:\\\/\\\/www.facebook.com\\\/labrobotproductsab\",\"https:\\\/\\\/www.linkedin.com\\\/company\\\/labrobot-products-ab\\\/\",\"https:\\\/\\\/www.youtube.com\\\/channel\\\/UCHGyF_OHfxI1No9ahbU-agQ\"]}]}<\/script>\n<!-- \/ Yoast SEO Premium plugin. -->","yoast_head_json":{"title":"Sp\u00e4dningsr\u00f6r vs sp\u00e4dningskoppar | Rekommendationer | LabRobot","description":"\"Vi sparar v\u00e4ldigt mycket tid med Dilucup. Vi beh\u00f6ver varken f\u00f6rbereda utsp\u00e4dningsr\u00f6ren eller g\u00f6ra kvalitetskontroll av utsp\u00e4dningsmedlen\".","robots":{"index":"index","follow":"follow","max-snippet":"max-snippet:-1","max-image-preview":"max-image-preview:large","max-video-preview":"max-video-preview:-1"},"canonical":"https:\/\/labrobot.com\/sv\/nojda-kunder\/","og_locale":"sv_SE","og_type":"article","og_title":"N\u00f6jda kunder","og_description":"\"Vi sparar v\u00e4ldigt mycket tid med Dilucup. Vi beh\u00f6ver varken f\u00f6rbereda utsp\u00e4dningsr\u00f6ren eller g\u00f6ra kvalitetskontroll av utsp\u00e4dningsmedlen\".","og_url":"https:\/\/labrobot.com\/sv\/nojda-kunder\/","og_site_name":"LabRobot","article_publisher":"https:\/\/www.facebook.com\/labrobotproductsab","article_modified_time":"2022-03-30T07:15:23+00:00","og_image":[{"url":"https:\/\/labrobot.com\/wp-content\/uploads\/2022\/03\/testimonial2-1024x655.jpg","type":"","width":"","height":""}],"twitter_card":"summary_large_image","twitter_misc":{"Ber\u00e4knad l\u00e4stid":"1 minut"},"schema":{"@context":"https:\/\/schema.org","@graph":[{"@type":"WebPage","@id":"https:\/\/labrobot.com\/sv\/nojda-kunder\/","url":"https:\/\/labrobot.com\/sv\/nojda-kunder\/","name":"Sp\u00e4dningsr\u00f6r vs sp\u00e4dningskoppar | Rekommendationer | LabRobot","isPartOf":{"@id":"https:\/\/labrobot.com\/#website"},"primaryImageOfPage":{"@id":"https:\/\/labrobot.com\/sv\/nojda-kunder\/#primaryimage"},"image":{"@id":"https:\/\/labrobot.com\/sv\/nojda-kunder\/#primaryimage"},"thumbnailUrl":"https:\/\/labrobot.com\/wp-content\/uploads\/2022\/03\/testimonial2-1024x655.jpg","datePublished":"2021-02-26T07:30:07+00:00","dateModified":"2022-03-30T07:15:23+00:00","description":"\"Vi sparar v\u00e4ldigt mycket tid med Dilucup. Vi beh\u00f6ver varken f\u00f6rbereda utsp\u00e4dningsr\u00f6ren eller g\u00f6ra kvalitetskontroll av utsp\u00e4dningsmedlen\".","breadcrumb":{"@id":"https:\/\/labrobot.com\/sv\/nojda-kunder\/#breadcrumb"},"inLanguage":"sv-SE","potentialAction":[{"@type":"ReadAction","target":["https:\/\/labrobot.com\/sv\/nojda-kunder\/"]}]},{"@type":"ImageObject","inLanguage":"sv-SE","@id":"https:\/\/labrobot.com\/sv\/nojda-kunder\/#primaryimage","url":"https:\/\/labrobot.com\/wp-content\/uploads\/2022\/03\/testimonial2-1024x655.jpg","contentUrl":"https:\/\/labrobot.com\/wp-content\/uploads\/2022\/03\/testimonial2-1024x655.jpg"},{"@type":"BreadcrumbList","@id":"https:\/\/labrobot.com\/sv\/nojda-kunder\/#breadcrumb","itemListElement":[{"@type":"ListItem","position":1,"name":"Home","item":"https:\/\/labrobot.com\/sv\/"},{"@type":"ListItem","position":2,"name":"N\u00f6jda kunder"}]},{"@type":"WebSite","@id":"https:\/\/labrobot.com\/#website","url":"https:\/\/labrobot.com\/","name":"LabRobot","description":"Easy quick ergonomic serial dilution method","publisher":{"@id":"https:\/\/labrobot.com\/#organization"},"potentialAction":[{"@type":"SearchAction","target":{"@type":"EntryPoint","urlTemplate":"https:\/\/labrobot.com\/?s={search_term_string}"},"query-input":{"@type":"PropertyValueSpecification","valueRequired":true,"valueName":"search_term_string"}}],"inLanguage":"sv-SE"},{"@type":"Organization","@id":"https:\/\/labrobot.com\/#organization","name":"LabRobot Products AB","url":"https:\/\/labrobot.com\/","logo":{"@type":"ImageObject","inLanguage":"sv-SE","@id":"https:\/\/labrobot.com\/#\/schema\/logo\/image\/","url":"https:\/\/labrobot.com\/wp-content\/uploads\/2018\/12\/LabRobot_LOGO_signatur.jpg","contentUrl":"https:\/\/labrobot.com\/wp-content\/uploads\/2018\/12\/LabRobot_LOGO_signatur.jpg","width":200,"height":54,"caption":"LabRobot Products AB"},"image":{"@id":"https:\/\/labrobot.com\/#\/schema\/logo\/image\/"},"sameAs":["https:\/\/www.facebook.com\/labrobotproductsab","https:\/\/www.linkedin.com\/company\/labrobot-products-ab\/","https:\/\/www.youtube.com\/channel\/UCHGyF_OHfxI1No9ahbU-agQ"]}]}},"_links":{"self":[{"href":"https:\/\/labrobot.com\/sv\/wp-json\/wp\/v2\/pages\/10641","targetHints":{"allow":["GET"]}}],"collection":[{"href":"https:\/\/labrobot.com\/sv\/wp-json\/wp\/v2\/pages"}],"about":[{"href":"https:\/\/labrobot.com\/sv\/wp-json\/wp\/v2\/types\/page"}],"author":[{"embeddable":true,"href":"https:\/\/labrobot.com\/sv\/wp-json\/wp\/v2\/users\/243"}],"replies":[{"embeddable":true,"href":"https:\/\/labrobot.com\/sv\/wp-json\/wp\/v2\/comments?post=10641"}],"version-history":[{"count":0,"href":"https:\/\/labrobot.com\/sv\/wp-json\/wp\/v2\/pages\/10641\/revisions"}],"wp:attachment":[{"href":"https:\/\/labrobot.com\/sv\/wp-json\/wp\/v2\/media?parent=10641"}],"curies":[{"name":"wp","href":"https:\/\/api.w.org\/{rel}","templated":true}]}}