{"id":10087,"date":"2021-03-25T12:17:30","date_gmt":"2021-03-25T11:17:30","guid":{"rendered":"https:\/\/labrobot.com\/?page_id=10087"},"modified":"2026-04-02T10:16:19","modified_gmt":"2026-04-02T09:16:19","slug":"provberedningsmaterial","status":"publish","type":"page","link":"https:\/\/labrobot.com\/sv\/provberedningsmaterial\/","title":{"rendered":"Provberedningsmaterial"},"content":{"rendered":"\n<h1>\n\t\t\tProvberedningsmaterial\t<\/h1>\n\t<p>F\u00f6r mer information:<\/p>\n\t\t\t<a href=\"mailto:info@labrobot.com\"  target=\"_self\">\n\t\t\t\t\t\tKontakta oss\n\t\t\t\t\t<\/a>\n\t<p><strong>F\u00f6rbrukningsvaror f\u00f6r livsmedelsindustrin<\/strong><\/p>\n<figure itemscope itemtype=\"https:\/\/schema.org\/ImageObject\">\n\t\t\t\t<img decoding=\"async\" src=\"https:\/\/labrobot.com\/wp-content\/uploads\/2026\/03\/25BR0125BA-burk-125-ml-scaled.png\" alt=\"25BR0125BA - burk 125 ml\" height=\"2560\" width=\"2127\" title=\"25BR0125BA - burk 125 ml\" onerror=\"this.style.display='none'\" loading=\"lazy\" \/>\n\t<\/figure>\n<figure itemscope itemtype=\"https:\/\/schema.org\/ImageObject\">\n\t\t\t\t<img decoding=\"async\" src=\"https:\/\/labrobot.com\/wp-content\/uploads\/2026\/03\/1180R-burk-PP-180-mL-scaled.png\" alt=\"burk PP 180 mL\" height=\"2560\" width=\"1538\" title=\"1180R burk PP 180 mL\" onerror=\"this.style.display='none'\" loading=\"lazy\" \/>\n\t<\/figure>\n<figure itemscope itemtype=\"https:\/\/schema.org\/ImageObject\">\n\t\t\t\t<img decoding=\"async\" src=\"https:\/\/labrobot.com\/wp-content\/uploads\/2026\/03\/270036-burk-60mL-rod-lock-scaled.png\" alt=\"270036 - burk 60mL r\u00f6d lock\" height=\"2560\" width=\"1690\" title=\"270036 - burk 60mL r\u00f6d lock\" onerror=\"this.style.display='none'\" loading=\"lazy\" \/>\n\t<\/figure>\n\t<p><strong>Konisk burk 125mL<\/strong><\/p>\n<ul>\n<li> PP (polypropen)<\/li>\n<li>Icke steril, monterad<\/li>\n<li>Graderad<\/li>\n<li>Vit skruvkork (polyeten)<\/li>\n<li>300 st\/frp<\/li>\n<li>Artikelnr: 25BR125BA<\/li>\n<\/ul>\n\t<p><strong>Burk 180 mL<\/strong><\/p>\n<ul>\n<li>PP (polypropen)<\/li>\n<li>Steril (bestr\u00e5lad)<\/li>\n<li>Graderad<\/li>\n<li>Plomberad r\u00f6d skruvkork (polyeten)<\/li>\n<li>330 st\/frp<\/li>\n<li>Artikelnr:\u00a025BRS1180R<\/li>\n<\/ul>\n\t<p><strong>Burk 60 mL<\/strong><\/p>\n<ul>\n<li>PP (polypropen)<\/li>\n<li>Icke steril, monterad<\/li>\n<li>R\u00f6d skruvkork, (polyeten)<\/li>\n<li>Ograderad burk<\/li>\n<li>700 st\/frp<\/li>\n<li>Artikelnr:\u00a025BR270036<\/li>\n<\/ul>\n<figure itemscope itemtype=\"https:\/\/schema.org\/ImageObject\">\n\t\t\t\t<img decoding=\"async\" src=\"https:\/\/labrobot.com\/wp-content\/uploads\/2026\/03\/10004-pasteur-pipett-1-scaled.png\" alt=\"10004 pasteur pipett\" height=\"361\" width=\"2560\" title=\"10004 pasteur pipett\" onerror=\"this.style.display='none'\" loading=\"lazy\" \/>\n\t<\/figure>\n<figure itemscope itemtype=\"https:\/\/schema.org\/ImageObject\">\n\t\t\t\t<img decoding=\"async\" src=\"https:\/\/labrobot.com\/wp-content\/uploads\/2026\/03\/41215-sugror-for-pipett-2-scaled.png\" alt=\"sugr\u00f6r f\u00f6r pipett labrobot\" height=\"233\" width=\"2560\" title=\"41215 - sugr\u00f6r f\u00f6r pipett 2\" onerror=\"this.style.display='none'\" loading=\"lazy\" \/>\n\t<\/figure>\n\t<h3><strong>Pasteurpipett<\/strong><\/h3>\n<ul>\n<li>Icke steril<\/li>\n<li>L\u00e4ngd 15.3 cm<\/li>\n<li>Stam diameter 3.0 mm<\/li>\n<li>Total kapacitet 5.0 mL<\/li>\n<li>50 droppar\/mL<\/li>\n<li>250 st\/frp<\/li>\n<li>Artikelnr: 25PP210004<\/li>\n<\/ul>\n\t<h3><strong>Sugr\u00f6r f\u00f6r pipett<\/strong><\/h3>\n<ul>\n<li>1,1 mL<\/li>\n<li>PP (polypropen)<\/li>\n<li>Steril (bestr\u00e5lad)<\/li>\n<li>Artikelnr: 25SR41215 (25 p\u00e5sar x 40 st)<br \/>\n<\/li>\n<li>Artikelnr: 25SRS6001 (45 p\u00e5sar x 25 st)<\/li>\n<li>Artikelnr: 25SRS6002 (30 p\u00e5sar x 40 st)<\/li>\n<li>Artikelnr: 25SRS6003 (12 p\u00e5sar x 100 st)<\/li>\n<\/ul>\n\t<p><strong>Artikelnummer<\/strong><\/p>\n\t<p><strong>Produktbeskrivning<\/strong><\/p>\n\t<p><strong>Antal\/frp.<\/strong><\/p>\n\t<p>25BR125BA<\/p>\n\t<p>25BR270036<\/p>\n\t<p>25BRS1180R<\/p>\n\t<p>25PP210004<\/p>\n\t<p>25SFS4008<\/p>\n\t<p>25SFS4006<\/p>\n\t<p>25SFS4003<\/p>\n\t<p>25SP50150<\/p>\n\t<p>25SR41215<\/p>\n\t<p>25SRS6001<\/p>\n\t<p>25SRS6002<\/p>\n\t<p>25SRS6003<\/p>\n\t<p>Konisk burk, 125 mL, PP (polypropen), vit skruvkork\u00b9<\/p>\n\t<p>Burk, 60 mL, PP, r\u00f6d skruvkork\u00b2<\/p>\n\t<p>Steril burk, 180 mL, PP, r\u00f6d skruvkork\u00b3<\/p>\n\tPasteurpipett, 5 mL, stam diameter 3.0 mm<br \/>\n\n\t<p>Stomacherp\u00e5se 400 mL med filter (\u03bc-perforerat) (10 p\u00e5sar x 50 st)\u00b3<\/p>\n\t<p>Stomacherp\u00e5se 400 mL med filter (non-woven) (25 p\u00e5sar x 25 st)\u00b3<\/p>\n\t<p>Stomacherp\u00e5se 400 mL med filter (non-woven) (15 p\u00e5sar x 50 st)\u00b3<\/p>\n\t<p>Stomacherp\u00e5se 400 mL utan filter (20 p\u00e5sar x 50 st)\u00b3<\/p>\n\t<p>Sugr\u00f6r 1,1 mL f\u00f6r pipett (25 p\u00e5sar x 40 st)\u00b2<\/p>\n\t<p>Sugr\u00f6r 1,1 mL f\u00f6r pipett (45 p\u00e5sar x 25 st)\u00b3<\/p>\n\t<p>Sugr\u00f6r 1,1 mL f\u00f6r pipett (30 p\u00e5sar x 40 st)\u00b3<\/p>\n\t<p>Sugr\u00f6r 1,1 mL f\u00f6r pipett (12 p\u00e5sar x 100 st)\u00b3<\/p>\n\t<p>300 st<\/p>\n\t<p>700 st<\/p>\n\t<p>330 st<\/p>\n\t<p>250 st<\/p>\n\t<p>500 st<\/p>\n\t<p>625 st<\/p>\n\t<p>750 st<\/p>\n\t<p>1 000 st<\/p>\n\t<p>1 000 st<\/p>\n\t<p>1 125 st<\/p>\n\t<p>1 200 st<\/p>\n\t<p>1 200 st<\/p>\n\t<p>Varum\u00e4rken:<\/p>\n<p>\u00b9Grosseron Collection,\u00a0\u00b2Corning\u00ae Gosselin\u2122,\u00a0\u00b3Grosseron iSample<\/p>\n<h4>\n\t\t\tKontakta oss\t<\/h4>\n\t<p>Kontakta oss s\u00e5 ber\u00e4ttar vi g\u00e4rna mer och tar fram en offert \u00e5t er.<\/p>\n\n","protected":false},"excerpt":{"rendered":"<p>Provberedningsmaterial F\u00f6r mer information: Kontakta oss F\u00f6rbrukningsvaror f\u00f6r livsmedelsindustrin Konisk burk 125mL PP (polypropen) Icke steril, monterad Graderad Vit skruvkork (polyeten) 300 st\/frp Artikelnr: 25BR125BA Burk 180 mL PP (polypropen) Steril (bestr\u00e5lad) Graderad Plomberad r\u00f6d skruvkork (polyeten) 330 st\/frp Artikelnr:\u00a025BRS1180R Burk 60 mL PP (polypropen) Icke steril, monterad R\u00f6d skruvkork, (polyeten) Ograderad burk 700 st\/frp &#8230; <a title=\"Provberedningsmaterial\" class=\"read-more\" href=\"https:\/\/labrobot.com\/sv\/provberedningsmaterial\/\" aria-label=\"L\u00e4s mer om Provberedningsmaterial\">Read more<\/a><\/p>\n","protected":false},"author":243,"featured_media":0,"parent":0,"menu_order":0,"comment_status":"closed","ping_status":"closed","template":"","meta":{"_acf_changed":false,"generate_page_header":"","footnotes":""},"class_list":["post-10087","page","type-page","status-publish"],"acf":[],"yoast_head":"<!-- This site is optimized with the Yoast SEO Premium plugin v27.3 (Yoast SEO v27.3) - https:\/\/yoast.com\/product\/yoast-seo-premium-wordpress\/ -->\n<title>F\u00f6rbrukningsvaror f\u00f6r livsmedelsmikrobiologi | Provberedningsmaterial<\/title>\n<meta name=\"description\" content=\"F\u00f6rbrukningsvaror och provberedningsmaterial f\u00f6r livsmedelsmikrobiologi. Sugr\u00f6r f\u00f6r pipett, pasteur pipett, stomacherp\u00e5se, burk...\" \/>\n<meta name=\"robots\" content=\"index, follow, max-snippet:-1, max-image-preview:large, max-video-preview:-1\" \/>\n<link rel=\"canonical\" href=\"https:\/\/labrobot.com\/sv\/provberedningsmaterial\/\" \/>\n<meta property=\"og:locale\" content=\"sv_SE\" \/>\n<meta property=\"og:type\" content=\"article\" \/>\n<meta property=\"og:title\" content=\"Provberedningsmaterial\" \/>\n<meta property=\"og:description\" content=\"F\u00f6rbrukningsvaror och provberedningsmaterial f\u00f6r livsmedelsmikrobiologi. Sugr\u00f6r f\u00f6r pipett, pasteur pipett, stomacherp\u00e5se, burk...\" \/>\n<meta property=\"og:url\" content=\"https:\/\/labrobot.com\/sv\/provberedningsmaterial\/\" \/>\n<meta property=\"og:site_name\" content=\"LabRobot\" \/>\n<meta property=\"article:publisher\" content=\"https:\/\/www.facebook.com\/labrobotproductsab\" \/>\n<meta property=\"article:modified_time\" content=\"2026-04-02T09:16:19+00:00\" \/>\n<meta property=\"og:image\" content=\"https:\/\/labrobot.com\/wp-content\/uploads\/2026\/03\/25BR0125BA-burk-125-ml-scaled.png\" \/>\n<meta name=\"twitter:card\" content=\"summary_large_image\" \/>\n<meta name=\"twitter:label1\" content=\"Ber\u00e4knad l\u00e4stid\" \/>\n\t<meta name=\"twitter:data1\" content=\"1 minut\" \/>\n<script type=\"application\/ld+json\" class=\"yoast-schema-graph\">{\"@context\":\"https:\\\/\\\/schema.org\",\"@graph\":[{\"@type\":\"WebPage\",\"@id\":\"https:\\\/\\\/labrobot.com\\\/sv\\\/provberedningsmaterial\\\/\",\"url\":\"https:\\\/\\\/labrobot.com\\\/sv\\\/provberedningsmaterial\\\/\",\"name\":\"F\u00f6rbrukningsvaror f\u00f6r livsmedelsmikrobiologi | Provberedningsmaterial\",\"isPartOf\":{\"@id\":\"https:\\\/\\\/labrobot.com\\\/#website\"},\"primaryImageOfPage\":{\"@id\":\"https:\\\/\\\/labrobot.com\\\/sv\\\/provberedningsmaterial\\\/#primaryimage\"},\"image\":{\"@id\":\"https:\\\/\\\/labrobot.com\\\/sv\\\/provberedningsmaterial\\\/#primaryimage\"},\"thumbnailUrl\":\"https:\\\/\\\/labrobot.com\\\/wp-content\\\/uploads\\\/2026\\\/03\\\/25BR0125BA-burk-125-ml-scaled.png\",\"datePublished\":\"2021-03-25T11:17:30+00:00\",\"dateModified\":\"2026-04-02T09:16:19+00:00\",\"description\":\"F\u00f6rbrukningsvaror och provberedningsmaterial f\u00f6r livsmedelsmikrobiologi. Sugr\u00f6r f\u00f6r pipett, pasteur pipett, stomacherp\u00e5se, burk...\",\"breadcrumb\":{\"@id\":\"https:\\\/\\\/labrobot.com\\\/sv\\\/provberedningsmaterial\\\/#breadcrumb\"},\"inLanguage\":\"sv-SE\",\"potentialAction\":[{\"@type\":\"ReadAction\",\"target\":[\"https:\\\/\\\/labrobot.com\\\/sv\\\/provberedningsmaterial\\\/\"]}]},{\"@type\":\"ImageObject\",\"inLanguage\":\"sv-SE\",\"@id\":\"https:\\\/\\\/labrobot.com\\\/sv\\\/provberedningsmaterial\\\/#primaryimage\",\"url\":\"https:\\\/\\\/labrobot.com\\\/wp-content\\\/uploads\\\/2026\\\/03\\\/25BR0125BA-burk-125-ml-scaled.png\",\"contentUrl\":\"https:\\\/\\\/labrobot.com\\\/wp-content\\\/uploads\\\/2026\\\/03\\\/25BR0125BA-burk-125-ml-scaled.png\"},{\"@type\":\"BreadcrumbList\",\"@id\":\"https:\\\/\\\/labrobot.com\\\/sv\\\/provberedningsmaterial\\\/#breadcrumb\",\"itemListElement\":[{\"@type\":\"ListItem\",\"position\":1,\"name\":\"Home\",\"item\":\"https:\\\/\\\/labrobot.com\\\/sv\\\/\"},{\"@type\":\"ListItem\",\"position\":2,\"name\":\"Provberedningsmaterial\"}]},{\"@type\":\"WebSite\",\"@id\":\"https:\\\/\\\/labrobot.com\\\/#website\",\"url\":\"https:\\\/\\\/labrobot.com\\\/\",\"name\":\"LabRobot\",\"description\":\"Easy quick ergonomic serial dilution method\",\"publisher\":{\"@id\":\"https:\\\/\\\/labrobot.com\\\/#organization\"},\"potentialAction\":[{\"@type\":\"SearchAction\",\"target\":{\"@type\":\"EntryPoint\",\"urlTemplate\":\"https:\\\/\\\/labrobot.com\\\/?s={search_term_string}\"},\"query-input\":{\"@type\":\"PropertyValueSpecification\",\"valueRequired\":true,\"valueName\":\"search_term_string\"}}],\"inLanguage\":\"sv-SE\"},{\"@type\":\"Organization\",\"@id\":\"https:\\\/\\\/labrobot.com\\\/#organization\",\"name\":\"LabRobot Products AB\",\"url\":\"https:\\\/\\\/labrobot.com\\\/\",\"logo\":{\"@type\":\"ImageObject\",\"inLanguage\":\"sv-SE\",\"@id\":\"https:\\\/\\\/labrobot.com\\\/#\\\/schema\\\/logo\\\/image\\\/\",\"url\":\"https:\\\/\\\/labrobot.com\\\/wp-content\\\/uploads\\\/2018\\\/12\\\/LabRobot_LOGO_signatur.jpg\",\"contentUrl\":\"https:\\\/\\\/labrobot.com\\\/wp-content\\\/uploads\\\/2018\\\/12\\\/LabRobot_LOGO_signatur.jpg\",\"width\":200,\"height\":54,\"caption\":\"LabRobot Products AB\"},\"image\":{\"@id\":\"https:\\\/\\\/labrobot.com\\\/#\\\/schema\\\/logo\\\/image\\\/\"},\"sameAs\":[\"https:\\\/\\\/www.facebook.com\\\/labrobotproductsab\",\"https:\\\/\\\/www.linkedin.com\\\/company\\\/labrobot-products-ab\\\/\",\"https:\\\/\\\/www.youtube.com\\\/channel\\\/UCHGyF_OHfxI1No9ahbU-agQ\"]}]}<\/script>\n<!-- \/ Yoast SEO Premium plugin. -->","yoast_head_json":{"title":"F\u00f6rbrukningsvaror f\u00f6r livsmedelsmikrobiologi | Provberedningsmaterial","description":"F\u00f6rbrukningsvaror och provberedningsmaterial f\u00f6r livsmedelsmikrobiologi. Sugr\u00f6r f\u00f6r pipett, pasteur pipett, stomacherp\u00e5se, burk...","robots":{"index":"index","follow":"follow","max-snippet":"max-snippet:-1","max-image-preview":"max-image-preview:large","max-video-preview":"max-video-preview:-1"},"canonical":"https:\/\/labrobot.com\/sv\/provberedningsmaterial\/","og_locale":"sv_SE","og_type":"article","og_title":"Provberedningsmaterial","og_description":"F\u00f6rbrukningsvaror och provberedningsmaterial f\u00f6r livsmedelsmikrobiologi. Sugr\u00f6r f\u00f6r pipett, pasteur pipett, stomacherp\u00e5se, burk...","og_url":"https:\/\/labrobot.com\/sv\/provberedningsmaterial\/","og_site_name":"LabRobot","article_publisher":"https:\/\/www.facebook.com\/labrobotproductsab","article_modified_time":"2026-04-02T09:16:19+00:00","og_image":[{"url":"https:\/\/labrobot.com\/wp-content\/uploads\/2026\/03\/25BR0125BA-burk-125-ml-scaled.png","type":"","width":"","height":""}],"twitter_card":"summary_large_image","twitter_misc":{"Ber\u00e4knad l\u00e4stid":"1 minut"},"schema":{"@context":"https:\/\/schema.org","@graph":[{"@type":"WebPage","@id":"https:\/\/labrobot.com\/sv\/provberedningsmaterial\/","url":"https:\/\/labrobot.com\/sv\/provberedningsmaterial\/","name":"F\u00f6rbrukningsvaror f\u00f6r livsmedelsmikrobiologi | Provberedningsmaterial","isPartOf":{"@id":"https:\/\/labrobot.com\/#website"},"primaryImageOfPage":{"@id":"https:\/\/labrobot.com\/sv\/provberedningsmaterial\/#primaryimage"},"image":{"@id":"https:\/\/labrobot.com\/sv\/provberedningsmaterial\/#primaryimage"},"thumbnailUrl":"https:\/\/labrobot.com\/wp-content\/uploads\/2026\/03\/25BR0125BA-burk-125-ml-scaled.png","datePublished":"2021-03-25T11:17:30+00:00","dateModified":"2026-04-02T09:16:19+00:00","description":"F\u00f6rbrukningsvaror och provberedningsmaterial f\u00f6r livsmedelsmikrobiologi. Sugr\u00f6r f\u00f6r pipett, pasteur pipett, stomacherp\u00e5se, burk...","breadcrumb":{"@id":"https:\/\/labrobot.com\/sv\/provberedningsmaterial\/#breadcrumb"},"inLanguage":"sv-SE","potentialAction":[{"@type":"ReadAction","target":["https:\/\/labrobot.com\/sv\/provberedningsmaterial\/"]}]},{"@type":"ImageObject","inLanguage":"sv-SE","@id":"https:\/\/labrobot.com\/sv\/provberedningsmaterial\/#primaryimage","url":"https:\/\/labrobot.com\/wp-content\/uploads\/2026\/03\/25BR0125BA-burk-125-ml-scaled.png","contentUrl":"https:\/\/labrobot.com\/wp-content\/uploads\/2026\/03\/25BR0125BA-burk-125-ml-scaled.png"},{"@type":"BreadcrumbList","@id":"https:\/\/labrobot.com\/sv\/provberedningsmaterial\/#breadcrumb","itemListElement":[{"@type":"ListItem","position":1,"name":"Home","item":"https:\/\/labrobot.com\/sv\/"},{"@type":"ListItem","position":2,"name":"Provberedningsmaterial"}]},{"@type":"WebSite","@id":"https:\/\/labrobot.com\/#website","url":"https:\/\/labrobot.com\/","name":"LabRobot","description":"Easy quick ergonomic serial dilution method","publisher":{"@id":"https:\/\/labrobot.com\/#organization"},"potentialAction":[{"@type":"SearchAction","target":{"@type":"EntryPoint","urlTemplate":"https:\/\/labrobot.com\/?s={search_term_string}"},"query-input":{"@type":"PropertyValueSpecification","valueRequired":true,"valueName":"search_term_string"}}],"inLanguage":"sv-SE"},{"@type":"Organization","@id":"https:\/\/labrobot.com\/#organization","name":"LabRobot Products AB","url":"https:\/\/labrobot.com\/","logo":{"@type":"ImageObject","inLanguage":"sv-SE","@id":"https:\/\/labrobot.com\/#\/schema\/logo\/image\/","url":"https:\/\/labrobot.com\/wp-content\/uploads\/2018\/12\/LabRobot_LOGO_signatur.jpg","contentUrl":"https:\/\/labrobot.com\/wp-content\/uploads\/2018\/12\/LabRobot_LOGO_signatur.jpg","width":200,"height":54,"caption":"LabRobot Products AB"},"image":{"@id":"https:\/\/labrobot.com\/#\/schema\/logo\/image\/"},"sameAs":["https:\/\/www.facebook.com\/labrobotproductsab","https:\/\/www.linkedin.com\/company\/labrobot-products-ab\/","https:\/\/www.youtube.com\/channel\/UCHGyF_OHfxI1No9ahbU-agQ"]}]}},"_links":{"self":[{"href":"https:\/\/labrobot.com\/sv\/wp-json\/wp\/v2\/pages\/10087","targetHints":{"allow":["GET"]}}],"collection":[{"href":"https:\/\/labrobot.com\/sv\/wp-json\/wp\/v2\/pages"}],"about":[{"href":"https:\/\/labrobot.com\/sv\/wp-json\/wp\/v2\/types\/page"}],"author":[{"embeddable":true,"href":"https:\/\/labrobot.com\/sv\/wp-json\/wp\/v2\/users\/243"}],"replies":[{"embeddable":true,"href":"https:\/\/labrobot.com\/sv\/wp-json\/wp\/v2\/comments?post=10087"}],"version-history":[{"count":2,"href":"https:\/\/labrobot.com\/sv\/wp-json\/wp\/v2\/pages\/10087\/revisions"}],"predecessor-version":[{"id":21930,"href":"https:\/\/labrobot.com\/sv\/wp-json\/wp\/v2\/pages\/10087\/revisions\/21930"}],"wp:attachment":[{"href":"https:\/\/labrobot.com\/sv\/wp-json\/wp\/v2\/media?parent=10087"}],"curies":[{"name":"wp","href":"https:\/\/api.w.org\/{rel}","templated":true}]}}