{"id":18629,"date":"2024-11-04T09:48:17","date_gmt":"2024-11-04T08:48:17","guid":{"rendered":"https:\/\/labrobot.com\/product\/dilucup-elegance-ep-6-cupules-rangee\/"},"modified":"2024-11-04T11:28:32","modified_gmt":"2024-11-04T10:28:32","slug":"dilucup-elegance-ep-eau-peptonee","status":"publish","type":"product","link":"https:\/\/labrobot.com\/fr\/product\/dilucup-elegance-ep-eau-peptonee\/","title":{"rendered":"Dilucup Elegance EP (6 cupules\/rang\u00e9e)"},"content":{"rendered":"<h3>Eau Pepton\u00e9e<\/h3>\n<div class=\"page-content-container__StyledContentContainer-sc-6da06b4f-0 page-content-container__StyledPageContentContainer-sc-6da06b4f-1 iizJSR jwEnkc chat-page-styles__ChatPageContentContainer-sc-d1d4b83c-0 cAUTcK\">\n<div class=\"chat-page-styles__Wrap-sc-d1d4b83c-1 buZRSB\">\n<div class=\"chat-page-styles__ChatPageColumnLayout-sc-d1d4b83c-5 izsJKN\">\n<div class=\"chat-page-styles__PrimaryContentContainer-sc-d1d4b83c-2 bLRbpU\">\n<div class=\"chat-page-styles__InnerContentContainer-sc-d1d4b83c-3 gyDHr\">\n<div class=\"chat-page-styles__InnerContentContainerChild-sc-d1d4b83c-4 cZVmCz\">\n<div class=\"assistant-message__StyledAssistantMessage-sc-84012082-0 cuqVUs\" data-assistant-message-created-at-epoch-ms=\"1726471470157\">\n<div class=\"markdown-styles__Container-sc-cf7b8c18-3 RhoJO\">\n<div class=\"markdown-styles__StyledMarkdown-sc-cf7b8c18-0 fONiMy\">\n<p>Dilucup Elegance EP est une solution tamponn\u00e9e st\u00e9rile contenant 0,1 % de peptone.<\/p>\n<\/div>\n<\/div>\n<\/div>\n<\/div>\n<\/div>\n<\/div>\n<\/div>\n<\/div>\n<\/div>\n","protected":false},"excerpt":{"rendered":"<p>Blisters de 7&#215;6 cupules pr\u00eates \u00e0 l&#8217;emploi avec 9 mL d&rsquo;eau pepton\u00e9e.<\/p>\n<p><strong>Composition:<\/strong> Solution tamponn\u00e9e contenant peptone 1 g\/L<br \/>\n<strong>pH:<\/strong> 7,0 \u00b1 0,2<br \/>\n<strong>Volume:<\/strong> 9,0 mL \u00b1 2 %<br \/>\n<strong>St\u00e9rilisation:<\/strong> E-Beam (faisceau d\u2019\u00e9lectrons)<br \/>\n<strong>Date d\u2019expiration:<\/strong> 30 mois apr\u00e8s production<br \/>\n<strong>Conservation:<\/strong><br \/>\nSachets non ouverts: +2 \u00e0 +25\u00b0C pendant 30 mois<br \/>\nSachets ouverts: +2 \u00e0 +8\u00b0C pendant 3 mois maximum<br \/>\n<strong>Conditionnement:<\/strong> Blisters de 7 rang\u00e9es pr\u00e9d\u00e9coup\u00e9es de 3 cupules. Chaque carton contient 672 cupules r\u00e9parties dans 2 sachets de 336 cupules.<br \/>\n<strong>Poids et volume:<\/strong> 8,7 kg\/carton- 0,032 m3\/carton<\/p>\n","protected":false},"featured_media":18486,"template":"","meta":{"_acf_changed":false,"generate_page_header":""},"product_brand":[],"product_cat":[37],"product_tag":[],"class_list":{"0":"post-18629","1":"product","2":"type-product","3":"status-publish","4":"has-post-thumbnail","6":"product_cat-dilucup-elegance","7":"sales-flash-overlay","8":"woocommerce-text-align-center","9":"woocommerce-image-align-center","10":"do-quantity-buttons","12":"first","13":"instock","14":"shipping-taxable","15":"product-type-simple"},"acf":[],"yoast_head":"<!-- This site is optimized with the Yoast SEO Premium plugin v27.3 (Yoast SEO v27.3) - https:\/\/yoast.com\/product\/yoast-seo-premium-wordpress\/ -->\n<title>Eau pepton\u00e9e 0,1 % | Cupules de dilution pr\u00eates \u00e0 l&#039;emploi<\/title>\n<meta name=\"description\" content=\"Dilucup Elegance EP est une solution tamponn\u00e9e st\u00e9rile contenant 0,1 % de peptone. Aussi appel\u00e9e Peptone Water. Cupules de dilution pr\u00eates \u00e0 l&#039;emploi.\" \/>\n<meta name=\"robots\" content=\"index, follow, max-snippet:-1, max-image-preview:large, max-video-preview:-1\" \/>\n<link rel=\"canonical\" href=\"https:\/\/labrobot.com\/fr\/product\/dilucup-elegance-ep-eau-peptonee\/\" \/>\n<meta property=\"og:locale\" content=\"fr_FR\" \/>\n<meta property=\"og:type\" content=\"article\" \/>\n<meta property=\"og:title\" content=\"Dilucup Elegance EP (6 cupules\/rang\u00e9e)\" \/>\n<meta property=\"og:description\" content=\"Dilucup Elegance EP est une solution tamponn\u00e9e st\u00e9rile contenant 0,1 % de peptone. Aussi appel\u00e9e Peptone Water. Cupules de dilution pr\u00eates \u00e0 l&#039;emploi.\" \/>\n<meta property=\"og:url\" content=\"https:\/\/labrobot.com\/fr\/product\/dilucup-elegance-ep-eau-peptonee\/\" \/>\n<meta property=\"og:site_name\" content=\"LabRobot\" \/>\n<meta property=\"article:publisher\" content=\"https:\/\/www.facebook.com\/labrobotproductsab\" \/>\n<meta property=\"article:modified_time\" content=\"2024-11-04T10:28:32+00:00\" \/>\n<meta property=\"og:image\" content=\"https:\/\/labrobot.com\/wp-content\/uploads\/2024\/10\/IMG_9146-scaled.jpg\" \/>\n\t<meta property=\"og:image:width\" content=\"1707\" \/>\n\t<meta property=\"og:image:height\" content=\"2560\" \/>\n\t<meta property=\"og:image:type\" content=\"image\/jpeg\" \/>\n<meta name=\"twitter:card\" content=\"summary_large_image\" \/>\n<meta name=\"twitter:label1\" content=\"Dur\u00e9e de lecture estim\u00e9e\" \/>\n\t<meta name=\"twitter:data1\" content=\"1 minute\" \/>\n<script type=\"application\/ld+json\" class=\"yoast-schema-graph\">{\"@context\":\"https:\\\/\\\/schema.org\",\"@graph\":[{\"@type\":\"WebPage\",\"@id\":\"https:\\\/\\\/labrobot.com\\\/fr\\\/product\\\/dilucup-elegance-ep-eau-peptonee\\\/\",\"url\":\"https:\\\/\\\/labrobot.com\\\/fr\\\/product\\\/dilucup-elegance-ep-eau-peptonee\\\/\",\"name\":\"Eau pepton\u00e9e 0,1 % | Cupules de dilution pr\u00eates \u00e0 l'emploi\",\"isPartOf\":{\"@id\":\"https:\\\/\\\/labrobot.com\\\/#website\"},\"primaryImageOfPage\":{\"@id\":\"https:\\\/\\\/labrobot.com\\\/fr\\\/product\\\/dilucup-elegance-ep-eau-peptonee\\\/#primaryimage\"},\"image\":{\"@id\":\"https:\\\/\\\/labrobot.com\\\/fr\\\/product\\\/dilucup-elegance-ep-eau-peptonee\\\/#primaryimage\"},\"thumbnailUrl\":\"https:\\\/\\\/labrobot.com\\\/wp-content\\\/uploads\\\/2024\\\/10\\\/IMG_9146-scaled.jpg\",\"datePublished\":\"2024-11-04T08:48:17+00:00\",\"dateModified\":\"2024-11-04T10:28:32+00:00\",\"description\":\"Dilucup Elegance EP est une solution tamponn\u00e9e st\u00e9rile contenant 0,1 % de peptone. Aussi appel\u00e9e Peptone Water. Cupules de dilution pr\u00eates \u00e0 l'emploi.\",\"breadcrumb\":{\"@id\":\"https:\\\/\\\/labrobot.com\\\/fr\\\/product\\\/dilucup-elegance-ep-eau-peptonee\\\/#breadcrumb\"},\"inLanguage\":\"fr-FR\",\"potentialAction\":[{\"@type\":\"ReadAction\",\"target\":[\"https:\\\/\\\/labrobot.com\\\/fr\\\/product\\\/dilucup-elegance-ep-eau-peptonee\\\/\"]}]},{\"@type\":\"ImageObject\",\"inLanguage\":\"fr-FR\",\"@id\":\"https:\\\/\\\/labrobot.com\\\/fr\\\/product\\\/dilucup-elegance-ep-eau-peptonee\\\/#primaryimage\",\"url\":\"https:\\\/\\\/labrobot.com\\\/wp-content\\\/uploads\\\/2024\\\/10\\\/IMG_9146-scaled.jpg\",\"contentUrl\":\"https:\\\/\\\/labrobot.com\\\/wp-content\\\/uploads\\\/2024\\\/10\\\/IMG_9146-scaled.jpg\",\"width\":1707,\"height\":2560,\"caption\":\"deionized water dilution cups\"},{\"@type\":\"BreadcrumbList\",\"@id\":\"https:\\\/\\\/labrobot.com\\\/fr\\\/product\\\/dilucup-elegance-ep-eau-peptonee\\\/#breadcrumb\",\"itemListElement\":[{\"@type\":\"ListItem\",\"position\":1,\"name\":\"Home\",\"item\":\"https:\\\/\\\/labrobot.com\\\/fr\\\/\"},{\"@type\":\"ListItem\",\"position\":2,\"name\":\"Produkter\",\"item\":\"https:\\\/\\\/labrobot.com\\\/sv\\\/shop\\\/\"},{\"@type\":\"ListItem\",\"position\":3,\"name\":\"Dilucup Elegance EP (6 cupules\\\/rang\u00e9e)\"}]},{\"@type\":\"WebSite\",\"@id\":\"https:\\\/\\\/labrobot.com\\\/#website\",\"url\":\"https:\\\/\\\/labrobot.com\\\/\",\"name\":\"LabRobot\",\"description\":\"D\u00e9velopper des instruments et des m\u00e9thodes d'analyse pour la microbiologie alimentaire\",\"publisher\":{\"@id\":\"https:\\\/\\\/labrobot.com\\\/#organization\"},\"potentialAction\":[{\"@type\":\"SearchAction\",\"target\":{\"@type\":\"EntryPoint\",\"urlTemplate\":\"https:\\\/\\\/labrobot.com\\\/?s={search_term_string}\"},\"query-input\":{\"@type\":\"PropertyValueSpecification\",\"valueRequired\":true,\"valueName\":\"search_term_string\"}}],\"inLanguage\":\"fr-FR\"},{\"@type\":\"Organization\",\"@id\":\"https:\\\/\\\/labrobot.com\\\/#organization\",\"name\":\"LabRobot Products AB\",\"url\":\"https:\\\/\\\/labrobot.com\\\/\",\"logo\":{\"@type\":\"ImageObject\",\"inLanguage\":\"fr-FR\",\"@id\":\"https:\\\/\\\/labrobot.com\\\/#\\\/schema\\\/logo\\\/image\\\/\",\"url\":\"https:\\\/\\\/labrobot.com\\\/wp-content\\\/uploads\\\/2018\\\/12\\\/LabRobot_LOGO_signatur.jpg\",\"contentUrl\":\"https:\\\/\\\/labrobot.com\\\/wp-content\\\/uploads\\\/2018\\\/12\\\/LabRobot_LOGO_signatur.jpg\",\"width\":200,\"height\":54,\"caption\":\"LabRobot Products AB\"},\"image\":{\"@id\":\"https:\\\/\\\/labrobot.com\\\/#\\\/schema\\\/logo\\\/image\\\/\"},\"sameAs\":[\"https:\\\/\\\/www.facebook.com\\\/labrobotproductsab\",\"https:\\\/\\\/www.linkedin.com\\\/company\\\/labrobot-products-ab\\\/\",\"https:\\\/\\\/www.youtube.com\\\/channel\\\/UCHGyF_OHfxI1No9ahbU-agQ\"]}]}<\/script>\n<!-- \/ Yoast SEO Premium plugin. -->","yoast_head_json":{"title":"Eau pepton\u00e9e 0,1 % | Cupules de dilution pr\u00eates \u00e0 l'emploi","description":"Dilucup Elegance EP est une solution tamponn\u00e9e st\u00e9rile contenant 0,1 % de peptone. Aussi appel\u00e9e Peptone Water. Cupules de dilution pr\u00eates \u00e0 l'emploi.","robots":{"index":"index","follow":"follow","max-snippet":"max-snippet:-1","max-image-preview":"max-image-preview:large","max-video-preview":"max-video-preview:-1"},"canonical":"https:\/\/labrobot.com\/fr\/product\/dilucup-elegance-ep-eau-peptonee\/","og_locale":"fr_FR","og_type":"article","og_title":"Dilucup Elegance EP (6 cupules\/rang\u00e9e)","og_description":"Dilucup Elegance EP est une solution tamponn\u00e9e st\u00e9rile contenant 0,1 % de peptone. Aussi appel\u00e9e Peptone Water. Cupules de dilution pr\u00eates \u00e0 l'emploi.","og_url":"https:\/\/labrobot.com\/fr\/product\/dilucup-elegance-ep-eau-peptonee\/","og_site_name":"LabRobot","article_publisher":"https:\/\/www.facebook.com\/labrobotproductsab","article_modified_time":"2024-11-04T10:28:32+00:00","og_image":[{"width":1707,"height":2560,"url":"https:\/\/labrobot.com\/wp-content\/uploads\/2024\/10\/IMG_9146-scaled.jpg","type":"image\/jpeg"}],"twitter_card":"summary_large_image","twitter_misc":{"Dur\u00e9e de lecture estim\u00e9e":"1 minute"},"schema":{"@context":"https:\/\/schema.org","@graph":[{"@type":"WebPage","@id":"https:\/\/labrobot.com\/fr\/product\/dilucup-elegance-ep-eau-peptonee\/","url":"https:\/\/labrobot.com\/fr\/product\/dilucup-elegance-ep-eau-peptonee\/","name":"Eau pepton\u00e9e 0,1 % | Cupules de dilution pr\u00eates \u00e0 l'emploi","isPartOf":{"@id":"https:\/\/labrobot.com\/#website"},"primaryImageOfPage":{"@id":"https:\/\/labrobot.com\/fr\/product\/dilucup-elegance-ep-eau-peptonee\/#primaryimage"},"image":{"@id":"https:\/\/labrobot.com\/fr\/product\/dilucup-elegance-ep-eau-peptonee\/#primaryimage"},"thumbnailUrl":"https:\/\/labrobot.com\/wp-content\/uploads\/2024\/10\/IMG_9146-scaled.jpg","datePublished":"2024-11-04T08:48:17+00:00","dateModified":"2024-11-04T10:28:32+00:00","description":"Dilucup Elegance EP est une solution tamponn\u00e9e st\u00e9rile contenant 0,1 % de peptone. Aussi appel\u00e9e Peptone Water. Cupules de dilution pr\u00eates \u00e0 l'emploi.","breadcrumb":{"@id":"https:\/\/labrobot.com\/fr\/product\/dilucup-elegance-ep-eau-peptonee\/#breadcrumb"},"inLanguage":"fr-FR","potentialAction":[{"@type":"ReadAction","target":["https:\/\/labrobot.com\/fr\/product\/dilucup-elegance-ep-eau-peptonee\/"]}]},{"@type":"ImageObject","inLanguage":"fr-FR","@id":"https:\/\/labrobot.com\/fr\/product\/dilucup-elegance-ep-eau-peptonee\/#primaryimage","url":"https:\/\/labrobot.com\/wp-content\/uploads\/2024\/10\/IMG_9146-scaled.jpg","contentUrl":"https:\/\/labrobot.com\/wp-content\/uploads\/2024\/10\/IMG_9146-scaled.jpg","width":1707,"height":2560,"caption":"deionized water dilution cups"},{"@type":"BreadcrumbList","@id":"https:\/\/labrobot.com\/fr\/product\/dilucup-elegance-ep-eau-peptonee\/#breadcrumb","itemListElement":[{"@type":"ListItem","position":1,"name":"Home","item":"https:\/\/labrobot.com\/fr\/"},{"@type":"ListItem","position":2,"name":"Produkter","item":"https:\/\/labrobot.com\/sv\/shop\/"},{"@type":"ListItem","position":3,"name":"Dilucup Elegance EP (6 cupules\/rang\u00e9e)"}]},{"@type":"WebSite","@id":"https:\/\/labrobot.com\/#website","url":"https:\/\/labrobot.com\/","name":"LabRobot","description":"D\u00e9velopper des instruments et des m\u00e9thodes d'analyse pour la microbiologie alimentaire","publisher":{"@id":"https:\/\/labrobot.com\/#organization"},"potentialAction":[{"@type":"SearchAction","target":{"@type":"EntryPoint","urlTemplate":"https:\/\/labrobot.com\/?s={search_term_string}"},"query-input":{"@type":"PropertyValueSpecification","valueRequired":true,"valueName":"search_term_string"}}],"inLanguage":"fr-FR"},{"@type":"Organization","@id":"https:\/\/labrobot.com\/#organization","name":"LabRobot Products AB","url":"https:\/\/labrobot.com\/","logo":{"@type":"ImageObject","inLanguage":"fr-FR","@id":"https:\/\/labrobot.com\/#\/schema\/logo\/image\/","url":"https:\/\/labrobot.com\/wp-content\/uploads\/2018\/12\/LabRobot_LOGO_signatur.jpg","contentUrl":"https:\/\/labrobot.com\/wp-content\/uploads\/2018\/12\/LabRobot_LOGO_signatur.jpg","width":200,"height":54,"caption":"LabRobot Products AB"},"image":{"@id":"https:\/\/labrobot.com\/#\/schema\/logo\/image\/"},"sameAs":["https:\/\/www.facebook.com\/labrobotproductsab","https:\/\/www.linkedin.com\/company\/labrobot-products-ab\/","https:\/\/www.youtube.com\/channel\/UCHGyF_OHfxI1No9ahbU-agQ"]}]}},"_links":{"self":[{"href":"https:\/\/labrobot.com\/fr\/wp-json\/wp\/v2\/product\/18629","targetHints":{"allow":["GET"]}}],"collection":[{"href":"https:\/\/labrobot.com\/fr\/wp-json\/wp\/v2\/product"}],"about":[{"href":"https:\/\/labrobot.com\/fr\/wp-json\/wp\/v2\/types\/product"}],"wp:featuredmedia":[{"embeddable":true,"href":"https:\/\/labrobot.com\/fr\/wp-json\/wp\/v2\/media\/18486"}],"wp:attachment":[{"href":"https:\/\/labrobot.com\/fr\/wp-json\/wp\/v2\/media?parent=18629"}],"wp:term":[{"taxonomy":"product_brand","embeddable":true,"href":"https:\/\/labrobot.com\/fr\/wp-json\/wp\/v2\/product_brand?post=18629"},{"taxonomy":"product_cat","embeddable":true,"href":"https:\/\/labrobot.com\/fr\/wp-json\/wp\/v2\/product_cat?post=18629"},{"taxonomy":"product_tag","embeddable":true,"href":"https:\/\/labrobot.com\/fr\/wp-json\/wp\/v2\/product_tag?post=18629"}],"curies":[{"name":"wp","href":"https:\/\/api.w.org\/{rel}","templated":true}]}}