{"id":18628,"date":"2024-11-04T09:57:58","date_gmt":"2024-11-04T08:57:58","guid":{"rendered":"https:\/\/labrobot.com\/product\/dilucup-elegance-dw-6-cupules-rangee\/"},"modified":"2024-11-04T11:38:09","modified_gmt":"2024-11-04T10:38:09","slug":"dilucup-elegance-dw-6-cupules-rangee","status":"publish","type":"product","link":"https:\/\/labrobot.com\/fr\/product\/dilucup-elegance-dw-6-cupules-rangee\/","title":{"rendered":"Dilucup Elegance DW (6 cupules\/rang\u00e9e)"},"content":{"rendered":"<h3>Deionized Water (Eau d\u00e9ionis\u00e9e)<\/h3>\n<p><span style=\"font-size: 16px;\">Dilucup Elegance DW est une cupule de dilution st\u00e9rile remplie d&rsquo;eau d\u00e9ionis\u00e9e.<\/span><\/p>\n","protected":false},"excerpt":{"rendered":"<h3>Dilucup Elegance DW (Eau d\u00e9ionis\u00e9e)<\/h3>\n<p>Composition: Eau d\u00e9ionis\u00e9e<br \/>\nConductivit\u00e9 : inf\u00e9rieure \u00e0 10 \u03bcS\/cm<br \/>\npH: 7,0 \u00b1 0,2<br \/>\nVolume: 9,0 mL \u00b1 2 %<br \/>\nSt\u00e9rilisation: E-Beam (faisceau d\u2019\u00e9lectrons)<br \/>\nDate d\u2019expiration: 24 mois apr\u00e8s production<br \/>\nConservation:<br \/>\nSachets non ouverts: +2 \u00e0 +25\u00b0C pendant 30 mois<br \/>\nSachets ouverts: +2 \u00e0 +8\u00b0C pendant 3 mois maximum<br \/>\nConditionnement: Blisters de 7 rang\u00e9es pr\u00e9d\u00e9coup\u00e9es de 3 cupules. Chaque carton contient 672 cupules r\u00e9parties dans 2 sachets de 336 cupules.<br \/>\nPoids et volume: 8,7 kg\/carton- 0,032 m3\/carton<\/p>\n","protected":false},"featured_media":17446,"template":"","meta":{"_acf_changed":false,"generate_page_header":""},"product_brand":[],"product_cat":[37],"product_tag":[],"class_list":{"0":"post-18628","1":"product","2":"type-product","3":"status-publish","4":"has-post-thumbnail","6":"product_cat-dilucup-elegance","7":"sales-flash-overlay","8":"woocommerce-text-align-center","9":"woocommerce-image-align-center","10":"do-quantity-buttons","12":"first","13":"instock","14":"shipping-taxable","15":"product-type-simple"},"acf":[],"yoast_head":"<!-- This site is optimized with the Yoast SEO Premium plugin v27.3 (Yoast SEO v27.3) - https:\/\/yoast.com\/product\/yoast-seo-premium-wordpress\/ -->\n<title>Diluent d&#039;eau d\u00e9ionis\u00e9e | Cupules de dilution pr\u00eates \u00e0 l&#039;emploi<\/title>\n<meta name=\"description\" content=\"Dilucup Elegance DW est une cupule de dilution st\u00e9rile pr\u00eate \u00e0 l&#039;emploi contenant 9 mL d&#039;eau d\u00e9ionis\u00e9e. Dur\u00e9e de conservation de 24 mois.\" \/>\n<meta name=\"robots\" content=\"index, follow, max-snippet:-1, max-image-preview:large, max-video-preview:-1\" \/>\n<link rel=\"canonical\" href=\"https:\/\/labrobot.com\/fr\/product\/dilucup-elegance-dw-6-cupules-rangee\/\" \/>\n<meta property=\"og:locale\" content=\"fr_FR\" \/>\n<meta property=\"og:type\" content=\"article\" \/>\n<meta property=\"og:title\" content=\"Dilucup Elegance DW (6 cupules\/rang\u00e9e)\" \/>\n<meta property=\"og:description\" content=\"Dilucup Elegance DW est une cupule de dilution st\u00e9rile pr\u00eate \u00e0 l&#039;emploi contenant 9 mL d&#039;eau d\u00e9ionis\u00e9e. Dur\u00e9e de conservation de 24 mois.\" \/>\n<meta property=\"og:url\" content=\"https:\/\/labrobot.com\/fr\/product\/dilucup-elegance-dw-6-cupules-rangee\/\" \/>\n<meta property=\"og:site_name\" content=\"LabRobot\" \/>\n<meta property=\"article:publisher\" content=\"https:\/\/www.facebook.com\/labrobotproductsab\" \/>\n<meta property=\"article:modified_time\" content=\"2024-11-04T10:38:09+00:00\" \/>\n<meta property=\"og:image\" content=\"https:\/\/labrobot.com\/wp-content\/uploads\/2024\/05\/serial-dilution-cups-scaled.jpg\" \/>\n\t<meta property=\"og:image:width\" content=\"2560\" \/>\n\t<meta property=\"og:image:height\" content=\"1698\" \/>\n\t<meta property=\"og:image:type\" content=\"image\/jpeg\" \/>\n<meta name=\"twitter:card\" content=\"summary_large_image\" \/>\n<meta name=\"twitter:label1\" content=\"Dur\u00e9e de lecture estim\u00e9e\" \/>\n\t<meta name=\"twitter:data1\" content=\"1 minute\" \/>\n<script type=\"application\/ld+json\" class=\"yoast-schema-graph\">{\"@context\":\"https:\\\/\\\/schema.org\",\"@graph\":[{\"@type\":\"WebPage\",\"@id\":\"https:\\\/\\\/labrobot.com\\\/fr\\\/product\\\/dilucup-elegance-dw-6-cupules-rangee\\\/\",\"url\":\"https:\\\/\\\/labrobot.com\\\/fr\\\/product\\\/dilucup-elegance-dw-6-cupules-rangee\\\/\",\"name\":\"Diluent d'eau d\u00e9ionis\u00e9e | Cupules de dilution pr\u00eates \u00e0 l'emploi\",\"isPartOf\":{\"@id\":\"https:\\\/\\\/labrobot.com\\\/#website\"},\"primaryImageOfPage\":{\"@id\":\"https:\\\/\\\/labrobot.com\\\/fr\\\/product\\\/dilucup-elegance-dw-6-cupules-rangee\\\/#primaryimage\"},\"image\":{\"@id\":\"https:\\\/\\\/labrobot.com\\\/fr\\\/product\\\/dilucup-elegance-dw-6-cupules-rangee\\\/#primaryimage\"},\"thumbnailUrl\":\"https:\\\/\\\/labrobot.com\\\/wp-content\\\/uploads\\\/2024\\\/05\\\/serial-dilution-cups-scaled.jpg\",\"datePublished\":\"2024-11-04T08:57:58+00:00\",\"dateModified\":\"2024-11-04T10:38:09+00:00\",\"description\":\"Dilucup Elegance DW est une cupule de dilution st\u00e9rile pr\u00eate \u00e0 l'emploi contenant 9 mL d'eau d\u00e9ionis\u00e9e. Dur\u00e9e de conservation de 24 mois.\",\"breadcrumb\":{\"@id\":\"https:\\\/\\\/labrobot.com\\\/fr\\\/product\\\/dilucup-elegance-dw-6-cupules-rangee\\\/#breadcrumb\"},\"inLanguage\":\"fr-FR\",\"potentialAction\":[{\"@type\":\"ReadAction\",\"target\":[\"https:\\\/\\\/labrobot.com\\\/fr\\\/product\\\/dilucup-elegance-dw-6-cupules-rangee\\\/\"]}]},{\"@type\":\"ImageObject\",\"inLanguage\":\"fr-FR\",\"@id\":\"https:\\\/\\\/labrobot.com\\\/fr\\\/product\\\/dilucup-elegance-dw-6-cupules-rangee\\\/#primaryimage\",\"url\":\"https:\\\/\\\/labrobot.com\\\/wp-content\\\/uploads\\\/2024\\\/05\\\/serial-dilution-cups-scaled.jpg\",\"contentUrl\":\"https:\\\/\\\/labrobot.com\\\/wp-content\\\/uploads\\\/2024\\\/05\\\/serial-dilution-cups-scaled.jpg\",\"width\":2560,\"height\":1698,\"caption\":\"dilution cups with saline solution\"},{\"@type\":\"BreadcrumbList\",\"@id\":\"https:\\\/\\\/labrobot.com\\\/fr\\\/product\\\/dilucup-elegance-dw-6-cupules-rangee\\\/#breadcrumb\",\"itemListElement\":[{\"@type\":\"ListItem\",\"position\":1,\"name\":\"Home\",\"item\":\"https:\\\/\\\/labrobot.com\\\/fr\\\/\"},{\"@type\":\"ListItem\",\"position\":2,\"name\":\"Produkter\",\"item\":\"https:\\\/\\\/labrobot.com\\\/sv\\\/shop\\\/\"},{\"@type\":\"ListItem\",\"position\":3,\"name\":\"Dilucup Elegance DW (6 cupules\\\/rang\u00e9e)\"}]},{\"@type\":\"WebSite\",\"@id\":\"https:\\\/\\\/labrobot.com\\\/#website\",\"url\":\"https:\\\/\\\/labrobot.com\\\/\",\"name\":\"LabRobot\",\"description\":\"D\u00e9velopper des instruments et des m\u00e9thodes d'analyse pour la microbiologie alimentaire\",\"publisher\":{\"@id\":\"https:\\\/\\\/labrobot.com\\\/#organization\"},\"potentialAction\":[{\"@type\":\"SearchAction\",\"target\":{\"@type\":\"EntryPoint\",\"urlTemplate\":\"https:\\\/\\\/labrobot.com\\\/?s={search_term_string}\"},\"query-input\":{\"@type\":\"PropertyValueSpecification\",\"valueRequired\":true,\"valueName\":\"search_term_string\"}}],\"inLanguage\":\"fr-FR\"},{\"@type\":\"Organization\",\"@id\":\"https:\\\/\\\/labrobot.com\\\/#organization\",\"name\":\"LabRobot Products AB\",\"url\":\"https:\\\/\\\/labrobot.com\\\/\",\"logo\":{\"@type\":\"ImageObject\",\"inLanguage\":\"fr-FR\",\"@id\":\"https:\\\/\\\/labrobot.com\\\/#\\\/schema\\\/logo\\\/image\\\/\",\"url\":\"https:\\\/\\\/labrobot.com\\\/wp-content\\\/uploads\\\/2018\\\/12\\\/LabRobot_LOGO_signatur.jpg\",\"contentUrl\":\"https:\\\/\\\/labrobot.com\\\/wp-content\\\/uploads\\\/2018\\\/12\\\/LabRobot_LOGO_signatur.jpg\",\"width\":200,\"height\":54,\"caption\":\"LabRobot Products AB\"},\"image\":{\"@id\":\"https:\\\/\\\/labrobot.com\\\/#\\\/schema\\\/logo\\\/image\\\/\"},\"sameAs\":[\"https:\\\/\\\/www.facebook.com\\\/labrobotproductsab\",\"https:\\\/\\\/www.linkedin.com\\\/company\\\/labrobot-products-ab\\\/\",\"https:\\\/\\\/www.youtube.com\\\/channel\\\/UCHGyF_OHfxI1No9ahbU-agQ\"]}]}<\/script>\n<!-- \/ Yoast SEO Premium plugin. -->","yoast_head_json":{"title":"Diluent d'eau d\u00e9ionis\u00e9e | Cupules de dilution pr\u00eates \u00e0 l'emploi","description":"Dilucup Elegance DW est une cupule de dilution st\u00e9rile pr\u00eate \u00e0 l'emploi contenant 9 mL d'eau d\u00e9ionis\u00e9e. Dur\u00e9e de conservation de 24 mois.","robots":{"index":"index","follow":"follow","max-snippet":"max-snippet:-1","max-image-preview":"max-image-preview:large","max-video-preview":"max-video-preview:-1"},"canonical":"https:\/\/labrobot.com\/fr\/product\/dilucup-elegance-dw-6-cupules-rangee\/","og_locale":"fr_FR","og_type":"article","og_title":"Dilucup Elegance DW (6 cupules\/rang\u00e9e)","og_description":"Dilucup Elegance DW est une cupule de dilution st\u00e9rile pr\u00eate \u00e0 l'emploi contenant 9 mL d'eau d\u00e9ionis\u00e9e. Dur\u00e9e de conservation de 24 mois.","og_url":"https:\/\/labrobot.com\/fr\/product\/dilucup-elegance-dw-6-cupules-rangee\/","og_site_name":"LabRobot","article_publisher":"https:\/\/www.facebook.com\/labrobotproductsab","article_modified_time":"2024-11-04T10:38:09+00:00","og_image":[{"width":2560,"height":1698,"url":"https:\/\/labrobot.com\/wp-content\/uploads\/2024\/05\/serial-dilution-cups-scaled.jpg","type":"image\/jpeg"}],"twitter_card":"summary_large_image","twitter_misc":{"Dur\u00e9e de lecture estim\u00e9e":"1 minute"},"schema":{"@context":"https:\/\/schema.org","@graph":[{"@type":"WebPage","@id":"https:\/\/labrobot.com\/fr\/product\/dilucup-elegance-dw-6-cupules-rangee\/","url":"https:\/\/labrobot.com\/fr\/product\/dilucup-elegance-dw-6-cupules-rangee\/","name":"Diluent d'eau d\u00e9ionis\u00e9e | Cupules de dilution pr\u00eates \u00e0 l'emploi","isPartOf":{"@id":"https:\/\/labrobot.com\/#website"},"primaryImageOfPage":{"@id":"https:\/\/labrobot.com\/fr\/product\/dilucup-elegance-dw-6-cupules-rangee\/#primaryimage"},"image":{"@id":"https:\/\/labrobot.com\/fr\/product\/dilucup-elegance-dw-6-cupules-rangee\/#primaryimage"},"thumbnailUrl":"https:\/\/labrobot.com\/wp-content\/uploads\/2024\/05\/serial-dilution-cups-scaled.jpg","datePublished":"2024-11-04T08:57:58+00:00","dateModified":"2024-11-04T10:38:09+00:00","description":"Dilucup Elegance DW est une cupule de dilution st\u00e9rile pr\u00eate \u00e0 l'emploi contenant 9 mL d'eau d\u00e9ionis\u00e9e. Dur\u00e9e de conservation de 24 mois.","breadcrumb":{"@id":"https:\/\/labrobot.com\/fr\/product\/dilucup-elegance-dw-6-cupules-rangee\/#breadcrumb"},"inLanguage":"fr-FR","potentialAction":[{"@type":"ReadAction","target":["https:\/\/labrobot.com\/fr\/product\/dilucup-elegance-dw-6-cupules-rangee\/"]}]},{"@type":"ImageObject","inLanguage":"fr-FR","@id":"https:\/\/labrobot.com\/fr\/product\/dilucup-elegance-dw-6-cupules-rangee\/#primaryimage","url":"https:\/\/labrobot.com\/wp-content\/uploads\/2024\/05\/serial-dilution-cups-scaled.jpg","contentUrl":"https:\/\/labrobot.com\/wp-content\/uploads\/2024\/05\/serial-dilution-cups-scaled.jpg","width":2560,"height":1698,"caption":"dilution cups with saline solution"},{"@type":"BreadcrumbList","@id":"https:\/\/labrobot.com\/fr\/product\/dilucup-elegance-dw-6-cupules-rangee\/#breadcrumb","itemListElement":[{"@type":"ListItem","position":1,"name":"Home","item":"https:\/\/labrobot.com\/fr\/"},{"@type":"ListItem","position":2,"name":"Produkter","item":"https:\/\/labrobot.com\/sv\/shop\/"},{"@type":"ListItem","position":3,"name":"Dilucup Elegance DW (6 cupules\/rang\u00e9e)"}]},{"@type":"WebSite","@id":"https:\/\/labrobot.com\/#website","url":"https:\/\/labrobot.com\/","name":"LabRobot","description":"D\u00e9velopper des instruments et des m\u00e9thodes d'analyse pour la microbiologie alimentaire","publisher":{"@id":"https:\/\/labrobot.com\/#organization"},"potentialAction":[{"@type":"SearchAction","target":{"@type":"EntryPoint","urlTemplate":"https:\/\/labrobot.com\/?s={search_term_string}"},"query-input":{"@type":"PropertyValueSpecification","valueRequired":true,"valueName":"search_term_string"}}],"inLanguage":"fr-FR"},{"@type":"Organization","@id":"https:\/\/labrobot.com\/#organization","name":"LabRobot Products AB","url":"https:\/\/labrobot.com\/","logo":{"@type":"ImageObject","inLanguage":"fr-FR","@id":"https:\/\/labrobot.com\/#\/schema\/logo\/image\/","url":"https:\/\/labrobot.com\/wp-content\/uploads\/2018\/12\/LabRobot_LOGO_signatur.jpg","contentUrl":"https:\/\/labrobot.com\/wp-content\/uploads\/2018\/12\/LabRobot_LOGO_signatur.jpg","width":200,"height":54,"caption":"LabRobot Products AB"},"image":{"@id":"https:\/\/labrobot.com\/#\/schema\/logo\/image\/"},"sameAs":["https:\/\/www.facebook.com\/labrobotproductsab","https:\/\/www.linkedin.com\/company\/labrobot-products-ab\/","https:\/\/www.youtube.com\/channel\/UCHGyF_OHfxI1No9ahbU-agQ"]}]}},"_links":{"self":[{"href":"https:\/\/labrobot.com\/fr\/wp-json\/wp\/v2\/product\/18628","targetHints":{"allow":["GET"]}}],"collection":[{"href":"https:\/\/labrobot.com\/fr\/wp-json\/wp\/v2\/product"}],"about":[{"href":"https:\/\/labrobot.com\/fr\/wp-json\/wp\/v2\/types\/product"}],"wp:featuredmedia":[{"embeddable":true,"href":"https:\/\/labrobot.com\/fr\/wp-json\/wp\/v2\/media\/17446"}],"wp:attachment":[{"href":"https:\/\/labrobot.com\/fr\/wp-json\/wp\/v2\/media?parent=18628"}],"wp:term":[{"taxonomy":"product_brand","embeddable":true,"href":"https:\/\/labrobot.com\/fr\/wp-json\/wp\/v2\/product_brand?post=18628"},{"taxonomy":"product_cat","embeddable":true,"href":"https:\/\/labrobot.com\/fr\/wp-json\/wp\/v2\/product_cat?post=18628"},{"taxonomy":"product_tag","embeddable":true,"href":"https:\/\/labrobot.com\/fr\/wp-json\/wp\/v2\/product_tag?post=18628"}],"curies":[{"name":"wp","href":"https:\/\/api.w.org\/{rel}","templated":true}]}}