{"id":12769,"date":"2018-12-06T16:02:51","date_gmt":"2018-12-06T15:02:51","guid":{"rendered":"https:\/\/labrobot.com\/product\/dilucup-elegance-nacl-21-cupules\/"},"modified":"2024-09-18T10:35:06","modified_gmt":"2024-09-18T09:35:06","slug":"dilucup-elegance-nacl-21-cupules","status":"publish","type":"product","link":"https:\/\/labrobot.com\/fr\/product\/dilucup-elegance-nacl-21-cupules\/","title":{"rendered":"Dilucup Elegance NACL (21 cupules)"},"content":{"rendered":"<h3>Diluant salin ou diluant de sel<\/h3>\n<p>Utilis\u00e9 pour maintenir l&rsquo;\u00e9quilibre osmotique et pr\u00e9venir la mort microbienne lors de la pr\u00e9paration des dilutions.<\/p>\n","protected":false},"excerpt":{"rendered":"<h2>Dilucup Elegance NACL<\/h2>\n<p>Blisters de 7&#215;3 cupules pr\u00eat-\u00e0-l\u2019emploi contenant 9 mL de solution saline<\/p>\n<p><strong>Composition:<\/strong> NaCl 8,5 g\/L, Tampons<br \/>\n<strong>pH:<\/strong> 7,0 \u00b1 0,2<br \/>\n<strong>Volume:<\/strong> 9,0 mL \u00b1 2 %<br \/>\n<strong>St\u00e9rilisation:<\/strong> E-Beam (faisceau d\u2019\u00e9lectrons)<br \/>\n<strong>Date d\u2019expiration: <\/strong> &gt;30 mois apr\u00e8s production<br \/>\n<strong>Conservation:<\/strong><br \/>\nSachets non ouverts: +2 \u00e0 +25\u00b0C pendant 30 mois<br \/>\nSachets ouverts: +2 \u00e0 +8\u00b0C pendant 3 mois maximum<br \/>\n<strong>Conditionnement:<\/strong> Blisters de 7 rang\u00e9es pr\u00e9d\u00e9coup\u00e9es de 3 cupules. Chaque carton contient 672 cupules r\u00e9parties dans 2 sachets de 336 cupules.<br \/>\n<strong>Poids et volume: <\/strong> 8,7 kg\/carton- 0,032 m3\/carton<\/p>\n","protected":false},"featured_media":5113,"template":"","meta":{"_acf_changed":false,"generate_page_header":""},"product_brand":[],"product_cat":[37],"product_tag":[],"class_list":{"0":"post-12769","1":"product","2":"type-product","3":"status-publish","4":"has-post-thumbnail","6":"product_cat-dilucup-elegance","7":"sales-flash-overlay","8":"woocommerce-text-align-center","9":"woocommerce-image-align-center","10":"do-quantity-buttons","12":"first","13":"instock","14":"shipping-taxable","15":"product-type-simple"},"acf":[],"yoast_head":"<!-- This site is optimized with the Yoast SEO Premium plugin v27.3 (Yoast SEO v27.3) - https:\/\/yoast.com\/product\/yoast-seo-premium-wordpress\/ -->\n<title>Diluant de sel (NaCl) | Coupelles de dilution pr\u00eat-\u00e0-l\u2019emploi<\/title>\n<meta name=\"description\" content=\"Utilis\u00e9 pour maintenir l&#039;\u00e9quilibre osmotique et pr\u00e9venir la mort microbienne lors de la pr\u00e9paration des dilutions. Diluant salin st\u00e9rile en coupelles.\" \/>\n<meta name=\"robots\" content=\"index, follow, max-snippet:-1, max-image-preview:large, max-video-preview:-1\" \/>\n<link rel=\"canonical\" href=\"https:\/\/labrobot.com\/fr\/product\/dilucup-elegance-nacl-21-cupules\/\" \/>\n<meta property=\"og:locale\" content=\"fr_FR\" \/>\n<meta property=\"og:type\" content=\"article\" \/>\n<meta property=\"og:title\" content=\"Dilucup Elegance NACL (21 cupules)\" \/>\n<meta property=\"og:description\" content=\"Utilis\u00e9 pour maintenir l&#039;\u00e9quilibre osmotique et pr\u00e9venir la mort microbienne lors de la pr\u00e9paration des dilutions. Diluant salin st\u00e9rile en coupelles.\" \/>\n<meta property=\"og:url\" content=\"https:\/\/labrobot.com\/fr\/product\/dilucup-elegance-nacl-21-cupules\/\" \/>\n<meta property=\"og:site_name\" content=\"LabRobot\" \/>\n<meta property=\"article:publisher\" content=\"https:\/\/www.facebook.com\/labrobotproductsab\" \/>\n<meta property=\"article:modified_time\" content=\"2024-09-18T09:35:06+00:00\" \/>\n<meta property=\"og:image\" content=\"https:\/\/labrobot.com\/wp-content\/uploads\/2018\/10\/Dilucup-Elegance-NACL.jpg\" \/>\n\t<meta property=\"og:image:width\" content=\"500\" \/>\n\t<meta property=\"og:image:height\" content=\"499\" \/>\n\t<meta property=\"og:image:type\" content=\"image\/jpeg\" \/>\n<meta name=\"twitter:card\" content=\"summary_large_image\" \/>\n<meta name=\"twitter:label1\" content=\"Dur\u00e9e de lecture estim\u00e9e\" \/>\n\t<meta name=\"twitter:data1\" content=\"1 minute\" \/>\n<script type=\"application\/ld+json\" class=\"yoast-schema-graph\">{\"@context\":\"https:\\\/\\\/schema.org\",\"@graph\":[{\"@type\":\"WebPage\",\"@id\":\"https:\\\/\\\/labrobot.com\\\/fr\\\/product\\\/dilucup-elegance-nacl-21-cupules\\\/\",\"url\":\"https:\\\/\\\/labrobot.com\\\/fr\\\/product\\\/dilucup-elegance-nacl-21-cupules\\\/\",\"name\":\"Diluant de sel (NaCl) | Coupelles de dilution pr\u00eat-\u00e0-l\u2019emploi\",\"isPartOf\":{\"@id\":\"https:\\\/\\\/labrobot.com\\\/#website\"},\"primaryImageOfPage\":{\"@id\":\"https:\\\/\\\/labrobot.com\\\/fr\\\/product\\\/dilucup-elegance-nacl-21-cupules\\\/#primaryimage\"},\"image\":{\"@id\":\"https:\\\/\\\/labrobot.com\\\/fr\\\/product\\\/dilucup-elegance-nacl-21-cupules\\\/#primaryimage\"},\"thumbnailUrl\":\"https:\\\/\\\/labrobot.com\\\/wp-content\\\/uploads\\\/2018\\\/10\\\/Dilucup-Elegance-NACL.jpg\",\"datePublished\":\"2018-12-06T15:02:51+00:00\",\"dateModified\":\"2024-09-18T09:35:06+00:00\",\"description\":\"Utilis\u00e9 pour maintenir l'\u00e9quilibre osmotique et pr\u00e9venir la mort microbienne lors de la pr\u00e9paration des dilutions. Diluant salin st\u00e9rile en coupelles.\",\"breadcrumb\":{\"@id\":\"https:\\\/\\\/labrobot.com\\\/fr\\\/product\\\/dilucup-elegance-nacl-21-cupules\\\/#breadcrumb\"},\"inLanguage\":\"fr-FR\",\"potentialAction\":[{\"@type\":\"ReadAction\",\"target\":[\"https:\\\/\\\/labrobot.com\\\/fr\\\/product\\\/dilucup-elegance-nacl-21-cupules\\\/\"]}]},{\"@type\":\"ImageObject\",\"inLanguage\":\"fr-FR\",\"@id\":\"https:\\\/\\\/labrobot.com\\\/fr\\\/product\\\/dilucup-elegance-nacl-21-cupules\\\/#primaryimage\",\"url\":\"https:\\\/\\\/labrobot.com\\\/wp-content\\\/uploads\\\/2018\\\/10\\\/Dilucup-Elegance-NACL.jpg\",\"contentUrl\":\"https:\\\/\\\/labrobot.com\\\/wp-content\\\/uploads\\\/2018\\\/10\\\/Dilucup-Elegance-NACL.jpg\",\"width\":500,\"height\":499},{\"@type\":\"BreadcrumbList\",\"@id\":\"https:\\\/\\\/labrobot.com\\\/fr\\\/product\\\/dilucup-elegance-nacl-21-cupules\\\/#breadcrumb\",\"itemListElement\":[{\"@type\":\"ListItem\",\"position\":1,\"name\":\"Home\",\"item\":\"https:\\\/\\\/labrobot.com\\\/fr\\\/\"},{\"@type\":\"ListItem\",\"position\":2,\"name\":\"Produkter\",\"item\":\"https:\\\/\\\/labrobot.com\\\/sv\\\/shop\\\/\"},{\"@type\":\"ListItem\",\"position\":3,\"name\":\"Dilucup Elegance NACL (21 cupules)\"}]},{\"@type\":\"WebSite\",\"@id\":\"https:\\\/\\\/labrobot.com\\\/#website\",\"url\":\"https:\\\/\\\/labrobot.com\\\/\",\"name\":\"LabRobot\",\"description\":\"D\u00e9velopper des instruments et des m\u00e9thodes d'analyse pour la microbiologie alimentaire\",\"publisher\":{\"@id\":\"https:\\\/\\\/labrobot.com\\\/#organization\"},\"potentialAction\":[{\"@type\":\"SearchAction\",\"target\":{\"@type\":\"EntryPoint\",\"urlTemplate\":\"https:\\\/\\\/labrobot.com\\\/?s={search_term_string}\"},\"query-input\":{\"@type\":\"PropertyValueSpecification\",\"valueRequired\":true,\"valueName\":\"search_term_string\"}}],\"inLanguage\":\"fr-FR\"},{\"@type\":\"Organization\",\"@id\":\"https:\\\/\\\/labrobot.com\\\/#organization\",\"name\":\"LabRobot Products AB\",\"url\":\"https:\\\/\\\/labrobot.com\\\/\",\"logo\":{\"@type\":\"ImageObject\",\"inLanguage\":\"fr-FR\",\"@id\":\"https:\\\/\\\/labrobot.com\\\/#\\\/schema\\\/logo\\\/image\\\/\",\"url\":\"https:\\\/\\\/labrobot.com\\\/wp-content\\\/uploads\\\/2018\\\/12\\\/LabRobot_LOGO_signatur.jpg\",\"contentUrl\":\"https:\\\/\\\/labrobot.com\\\/wp-content\\\/uploads\\\/2018\\\/12\\\/LabRobot_LOGO_signatur.jpg\",\"width\":200,\"height\":54,\"caption\":\"LabRobot Products AB\"},\"image\":{\"@id\":\"https:\\\/\\\/labrobot.com\\\/#\\\/schema\\\/logo\\\/image\\\/\"},\"sameAs\":[\"https:\\\/\\\/www.facebook.com\\\/labrobotproductsab\",\"https:\\\/\\\/www.linkedin.com\\\/company\\\/labrobot-products-ab\\\/\",\"https:\\\/\\\/www.youtube.com\\\/channel\\\/UCHGyF_OHfxI1No9ahbU-agQ\"]}]}<\/script>\n<!-- \/ Yoast SEO Premium plugin. -->","yoast_head_json":{"title":"Diluant de sel (NaCl) | Coupelles de dilution pr\u00eat-\u00e0-l\u2019emploi","description":"Utilis\u00e9 pour maintenir l'\u00e9quilibre osmotique et pr\u00e9venir la mort microbienne lors de la pr\u00e9paration des dilutions. Diluant salin st\u00e9rile en coupelles.","robots":{"index":"index","follow":"follow","max-snippet":"max-snippet:-1","max-image-preview":"max-image-preview:large","max-video-preview":"max-video-preview:-1"},"canonical":"https:\/\/labrobot.com\/fr\/product\/dilucup-elegance-nacl-21-cupules\/","og_locale":"fr_FR","og_type":"article","og_title":"Dilucup Elegance NACL (21 cupules)","og_description":"Utilis\u00e9 pour maintenir l'\u00e9quilibre osmotique et pr\u00e9venir la mort microbienne lors de la pr\u00e9paration des dilutions. Diluant salin st\u00e9rile en coupelles.","og_url":"https:\/\/labrobot.com\/fr\/product\/dilucup-elegance-nacl-21-cupules\/","og_site_name":"LabRobot","article_publisher":"https:\/\/www.facebook.com\/labrobotproductsab","article_modified_time":"2024-09-18T09:35:06+00:00","og_image":[{"width":500,"height":499,"url":"https:\/\/labrobot.com\/wp-content\/uploads\/2018\/10\/Dilucup-Elegance-NACL.jpg","type":"image\/jpeg"}],"twitter_card":"summary_large_image","twitter_misc":{"Dur\u00e9e de lecture estim\u00e9e":"1 minute"},"schema":{"@context":"https:\/\/schema.org","@graph":[{"@type":"WebPage","@id":"https:\/\/labrobot.com\/fr\/product\/dilucup-elegance-nacl-21-cupules\/","url":"https:\/\/labrobot.com\/fr\/product\/dilucup-elegance-nacl-21-cupules\/","name":"Diluant de sel (NaCl) | Coupelles de dilution pr\u00eat-\u00e0-l\u2019emploi","isPartOf":{"@id":"https:\/\/labrobot.com\/#website"},"primaryImageOfPage":{"@id":"https:\/\/labrobot.com\/fr\/product\/dilucup-elegance-nacl-21-cupules\/#primaryimage"},"image":{"@id":"https:\/\/labrobot.com\/fr\/product\/dilucup-elegance-nacl-21-cupules\/#primaryimage"},"thumbnailUrl":"https:\/\/labrobot.com\/wp-content\/uploads\/2018\/10\/Dilucup-Elegance-NACL.jpg","datePublished":"2018-12-06T15:02:51+00:00","dateModified":"2024-09-18T09:35:06+00:00","description":"Utilis\u00e9 pour maintenir l'\u00e9quilibre osmotique et pr\u00e9venir la mort microbienne lors de la pr\u00e9paration des dilutions. Diluant salin st\u00e9rile en coupelles.","breadcrumb":{"@id":"https:\/\/labrobot.com\/fr\/product\/dilucup-elegance-nacl-21-cupules\/#breadcrumb"},"inLanguage":"fr-FR","potentialAction":[{"@type":"ReadAction","target":["https:\/\/labrobot.com\/fr\/product\/dilucup-elegance-nacl-21-cupules\/"]}]},{"@type":"ImageObject","inLanguage":"fr-FR","@id":"https:\/\/labrobot.com\/fr\/product\/dilucup-elegance-nacl-21-cupules\/#primaryimage","url":"https:\/\/labrobot.com\/wp-content\/uploads\/2018\/10\/Dilucup-Elegance-NACL.jpg","contentUrl":"https:\/\/labrobot.com\/wp-content\/uploads\/2018\/10\/Dilucup-Elegance-NACL.jpg","width":500,"height":499},{"@type":"BreadcrumbList","@id":"https:\/\/labrobot.com\/fr\/product\/dilucup-elegance-nacl-21-cupules\/#breadcrumb","itemListElement":[{"@type":"ListItem","position":1,"name":"Home","item":"https:\/\/labrobot.com\/fr\/"},{"@type":"ListItem","position":2,"name":"Produkter","item":"https:\/\/labrobot.com\/sv\/shop\/"},{"@type":"ListItem","position":3,"name":"Dilucup Elegance NACL (21 cupules)"}]},{"@type":"WebSite","@id":"https:\/\/labrobot.com\/#website","url":"https:\/\/labrobot.com\/","name":"LabRobot","description":"D\u00e9velopper des instruments et des m\u00e9thodes d'analyse pour la microbiologie alimentaire","publisher":{"@id":"https:\/\/labrobot.com\/#organization"},"potentialAction":[{"@type":"SearchAction","target":{"@type":"EntryPoint","urlTemplate":"https:\/\/labrobot.com\/?s={search_term_string}"},"query-input":{"@type":"PropertyValueSpecification","valueRequired":true,"valueName":"search_term_string"}}],"inLanguage":"fr-FR"},{"@type":"Organization","@id":"https:\/\/labrobot.com\/#organization","name":"LabRobot Products AB","url":"https:\/\/labrobot.com\/","logo":{"@type":"ImageObject","inLanguage":"fr-FR","@id":"https:\/\/labrobot.com\/#\/schema\/logo\/image\/","url":"https:\/\/labrobot.com\/wp-content\/uploads\/2018\/12\/LabRobot_LOGO_signatur.jpg","contentUrl":"https:\/\/labrobot.com\/wp-content\/uploads\/2018\/12\/LabRobot_LOGO_signatur.jpg","width":200,"height":54,"caption":"LabRobot Products AB"},"image":{"@id":"https:\/\/labrobot.com\/#\/schema\/logo\/image\/"},"sameAs":["https:\/\/www.facebook.com\/labrobotproductsab","https:\/\/www.linkedin.com\/company\/labrobot-products-ab\/","https:\/\/www.youtube.com\/channel\/UCHGyF_OHfxI1No9ahbU-agQ"]}]}},"_links":{"self":[{"href":"https:\/\/labrobot.com\/fr\/wp-json\/wp\/v2\/product\/12769","targetHints":{"allow":["GET"]}}],"collection":[{"href":"https:\/\/labrobot.com\/fr\/wp-json\/wp\/v2\/product"}],"about":[{"href":"https:\/\/labrobot.com\/fr\/wp-json\/wp\/v2\/types\/product"}],"wp:featuredmedia":[{"embeddable":true,"href":"https:\/\/labrobot.com\/fr\/wp-json\/wp\/v2\/media\/5113"}],"wp:attachment":[{"href":"https:\/\/labrobot.com\/fr\/wp-json\/wp\/v2\/media?parent=12769"}],"wp:term":[{"taxonomy":"product_brand","embeddable":true,"href":"https:\/\/labrobot.com\/fr\/wp-json\/wp\/v2\/product_brand?post=12769"},{"taxonomy":"product_cat","embeddable":true,"href":"https:\/\/labrobot.com\/fr\/wp-json\/wp\/v2\/product_cat?post=12769"},{"taxonomy":"product_tag","embeddable":true,"href":"https:\/\/labrobot.com\/fr\/wp-json\/wp\/v2\/product_tag?post=12769"}],"curies":[{"name":"wp","href":"https:\/\/api.w.org\/{rel}","templated":true}]}}