{"id":12764,"date":"2018-12-06T16:21:24","date_gmt":"2018-12-06T15:21:24","guid":{"rendered":"https:\/\/labrobot.com\/product\/dilushaker-iii-42-dilucups\/"},"modified":"2024-09-18T10:33:07","modified_gmt":"2024-09-18T09:33:07","slug":"dilushaker-iii-42-dilucups","status":"publish","type":"product","link":"https:\/\/labrobot.com\/fr\/product\/dilushaker-iii-42-dilucups\/","title":{"rendered":"Dilushaker III (42 Dilucups)"},"content":{"rendered":"<h3>Dilushaker III <em>digital<\/em><\/h3>\n<p>Il existe deux mod\u00e8les de Dilushaker III : un petit pour des blisters de 21 Dilucups et ce mod\u00e8le qui est pour 42 coupelles.<br \/>\nC&rsquo;est le plus ancien shaker de laboratoire que nous ayons disponible. C&rsquo;est un instrument robuste avec une longue dur\u00e9e de vie. Il y a des laboratoires qui poss\u00e8dent ce type de Dilushaker depuis plus de 10 ans, et il fonctionne toujours parfaitement.<\/p>\n","protected":false},"excerpt":{"rendered":"<p>Dilushaker III avec rampe de 6 LED. Plateau amovible inclus.<\/p>\n<p>Pour 42 (7 x 6) Dilucups<\/p>\n","protected":false},"featured_media":5134,"template":"","meta":{"_acf_changed":false,"generate_page_header":""},"product_brand":[],"product_cat":[63],"product_tag":[],"class_list":{"0":"post-12764","1":"product","2":"type-product","3":"status-publish","4":"has-post-thumbnail","6":"product_cat-dilushaker-iii","7":"sales-flash-overlay","8":"woocommerce-text-align-center","9":"woocommerce-image-align-center","10":"do-quantity-buttons","12":"first","13":"instock","14":"shipping-taxable","15":"product-type-simple"},"acf":[],"yoast_head":"<!-- This site is optimized with the Yoast SEO Premium plugin v27.3 (Yoast SEO v27.3) - https:\/\/yoast.com\/product\/yoast-seo-premium-wordpress\/ -->\n<title>Dilushaker III pour 42 coupelles de dilution | Dilutions en s\u00e9rie<\/title>\n<meta name=\"description\" content=\"C&#039;est le plus ancien shaker de laboratoire que nous ayons disponible pour \u00eatre utilis\u00e9 avec Dilucup. C&#039;est un instrument robuste avec une longue dur\u00e9e de vie.\" \/>\n<meta name=\"robots\" content=\"index, follow, max-snippet:-1, max-image-preview:large, max-video-preview:-1\" \/>\n<link rel=\"canonical\" href=\"https:\/\/labrobot.com\/fr\/product\/dilushaker-iii-42-dilucups\/\" \/>\n<meta property=\"og:locale\" content=\"fr_FR\" \/>\n<meta property=\"og:type\" content=\"article\" \/>\n<meta property=\"og:title\" content=\"Dilushaker III (42 Dilucups)\" \/>\n<meta property=\"og:description\" content=\"C&#039;est le plus ancien shaker de laboratoire que nous ayons disponible pour \u00eatre utilis\u00e9 avec Dilucup. C&#039;est un instrument robuste avec une longue dur\u00e9e de vie.\" \/>\n<meta property=\"og:url\" content=\"https:\/\/labrobot.com\/fr\/product\/dilushaker-iii-42-dilucups\/\" \/>\n<meta property=\"og:site_name\" content=\"LabRobot\" \/>\n<meta property=\"article:publisher\" content=\"https:\/\/www.facebook.com\/labrobotproductsab\" \/>\n<meta property=\"article:modified_time\" content=\"2024-09-18T09:33:07+00:00\" \/>\n<meta property=\"og:image\" content=\"https:\/\/labrobot.com\/wp-content\/uploads\/2018\/12\/Dilushaker-6-Rows-40DS42PRXT.jpg\" \/>\n\t<meta property=\"og:image:width\" content=\"500\" \/>\n\t<meta property=\"og:image:height\" content=\"500\" \/>\n\t<meta property=\"og:image:type\" content=\"image\/jpeg\" \/>\n<meta name=\"twitter:card\" content=\"summary_large_image\" \/>\n<meta name=\"twitter:label1\" content=\"Dur\u00e9e de lecture estim\u00e9e\" \/>\n\t<meta name=\"twitter:data1\" content=\"1 minute\" \/>\n<script type=\"application\/ld+json\" class=\"yoast-schema-graph\">{\"@context\":\"https:\\\/\\\/schema.org\",\"@graph\":[{\"@type\":\"WebPage\",\"@id\":\"https:\\\/\\\/labrobot.com\\\/fr\\\/product\\\/dilushaker-iii-42-dilucups\\\/\",\"url\":\"https:\\\/\\\/labrobot.com\\\/fr\\\/product\\\/dilushaker-iii-42-dilucups\\\/\",\"name\":\"Dilushaker III pour 42 coupelles de dilution | Dilutions en s\u00e9rie\",\"isPartOf\":{\"@id\":\"https:\\\/\\\/labrobot.com\\\/#website\"},\"primaryImageOfPage\":{\"@id\":\"https:\\\/\\\/labrobot.com\\\/fr\\\/product\\\/dilushaker-iii-42-dilucups\\\/#primaryimage\"},\"image\":{\"@id\":\"https:\\\/\\\/labrobot.com\\\/fr\\\/product\\\/dilushaker-iii-42-dilucups\\\/#primaryimage\"},\"thumbnailUrl\":\"https:\\\/\\\/labrobot.com\\\/wp-content\\\/uploads\\\/2018\\\/12\\\/Dilushaker-6-Rows-40DS42PRXT.jpg\",\"datePublished\":\"2018-12-06T15:21:24+00:00\",\"dateModified\":\"2024-09-18T09:33:07+00:00\",\"description\":\"C'est le plus ancien shaker de laboratoire que nous ayons disponible pour \u00eatre utilis\u00e9 avec Dilucup. C'est un instrument robuste avec une longue dur\u00e9e de vie.\",\"breadcrumb\":{\"@id\":\"https:\\\/\\\/labrobot.com\\\/fr\\\/product\\\/dilushaker-iii-42-dilucups\\\/#breadcrumb\"},\"inLanguage\":\"fr-FR\",\"potentialAction\":[{\"@type\":\"ReadAction\",\"target\":[\"https:\\\/\\\/labrobot.com\\\/fr\\\/product\\\/dilushaker-iii-42-dilucups\\\/\"]}]},{\"@type\":\"ImageObject\",\"inLanguage\":\"fr-FR\",\"@id\":\"https:\\\/\\\/labrobot.com\\\/fr\\\/product\\\/dilushaker-iii-42-dilucups\\\/#primaryimage\",\"url\":\"https:\\\/\\\/labrobot.com\\\/wp-content\\\/uploads\\\/2018\\\/12\\\/Dilushaker-6-Rows-40DS42PRXT.jpg\",\"contentUrl\":\"https:\\\/\\\/labrobot.com\\\/wp-content\\\/uploads\\\/2018\\\/12\\\/Dilushaker-6-Rows-40DS42PRXT.jpg\",\"width\":500,\"height\":500},{\"@type\":\"BreadcrumbList\",\"@id\":\"https:\\\/\\\/labrobot.com\\\/fr\\\/product\\\/dilushaker-iii-42-dilucups\\\/#breadcrumb\",\"itemListElement\":[{\"@type\":\"ListItem\",\"position\":1,\"name\":\"Home\",\"item\":\"https:\\\/\\\/labrobot.com\\\/fr\\\/\"},{\"@type\":\"ListItem\",\"position\":2,\"name\":\"Produkter\",\"item\":\"https:\\\/\\\/labrobot.com\\\/sv\\\/shop\\\/\"},{\"@type\":\"ListItem\",\"position\":3,\"name\":\"Dilushaker III (42 Dilucups)\"}]},{\"@type\":\"WebSite\",\"@id\":\"https:\\\/\\\/labrobot.com\\\/#website\",\"url\":\"https:\\\/\\\/labrobot.com\\\/\",\"name\":\"LabRobot\",\"description\":\"D\u00e9velopper des instruments et des m\u00e9thodes d'analyse pour la microbiologie alimentaire\",\"publisher\":{\"@id\":\"https:\\\/\\\/labrobot.com\\\/#organization\"},\"potentialAction\":[{\"@type\":\"SearchAction\",\"target\":{\"@type\":\"EntryPoint\",\"urlTemplate\":\"https:\\\/\\\/labrobot.com\\\/?s={search_term_string}\"},\"query-input\":{\"@type\":\"PropertyValueSpecification\",\"valueRequired\":true,\"valueName\":\"search_term_string\"}}],\"inLanguage\":\"fr-FR\"},{\"@type\":\"Organization\",\"@id\":\"https:\\\/\\\/labrobot.com\\\/#organization\",\"name\":\"LabRobot Products AB\",\"url\":\"https:\\\/\\\/labrobot.com\\\/\",\"logo\":{\"@type\":\"ImageObject\",\"inLanguage\":\"fr-FR\",\"@id\":\"https:\\\/\\\/labrobot.com\\\/#\\\/schema\\\/logo\\\/image\\\/\",\"url\":\"https:\\\/\\\/labrobot.com\\\/wp-content\\\/uploads\\\/2018\\\/12\\\/LabRobot_LOGO_signatur.jpg\",\"contentUrl\":\"https:\\\/\\\/labrobot.com\\\/wp-content\\\/uploads\\\/2018\\\/12\\\/LabRobot_LOGO_signatur.jpg\",\"width\":200,\"height\":54,\"caption\":\"LabRobot Products AB\"},\"image\":{\"@id\":\"https:\\\/\\\/labrobot.com\\\/#\\\/schema\\\/logo\\\/image\\\/\"},\"sameAs\":[\"https:\\\/\\\/www.facebook.com\\\/labrobotproductsab\",\"https:\\\/\\\/www.linkedin.com\\\/company\\\/labrobot-products-ab\\\/\",\"https:\\\/\\\/www.youtube.com\\\/channel\\\/UCHGyF_OHfxI1No9ahbU-agQ\"]}]}<\/script>\n<!-- \/ Yoast SEO Premium plugin. -->","yoast_head_json":{"title":"Dilushaker III pour 42 coupelles de dilution | Dilutions en s\u00e9rie","description":"C'est le plus ancien shaker de laboratoire que nous ayons disponible pour \u00eatre utilis\u00e9 avec Dilucup. C'est un instrument robuste avec une longue dur\u00e9e de vie.","robots":{"index":"index","follow":"follow","max-snippet":"max-snippet:-1","max-image-preview":"max-image-preview:large","max-video-preview":"max-video-preview:-1"},"canonical":"https:\/\/labrobot.com\/fr\/product\/dilushaker-iii-42-dilucups\/","og_locale":"fr_FR","og_type":"article","og_title":"Dilushaker III (42 Dilucups)","og_description":"C'est le plus ancien shaker de laboratoire que nous ayons disponible pour \u00eatre utilis\u00e9 avec Dilucup. C'est un instrument robuste avec une longue dur\u00e9e de vie.","og_url":"https:\/\/labrobot.com\/fr\/product\/dilushaker-iii-42-dilucups\/","og_site_name":"LabRobot","article_publisher":"https:\/\/www.facebook.com\/labrobotproductsab","article_modified_time":"2024-09-18T09:33:07+00:00","og_image":[{"width":500,"height":500,"url":"https:\/\/labrobot.com\/wp-content\/uploads\/2018\/12\/Dilushaker-6-Rows-40DS42PRXT.jpg","type":"image\/jpeg"}],"twitter_card":"summary_large_image","twitter_misc":{"Dur\u00e9e de lecture estim\u00e9e":"1 minute"},"schema":{"@context":"https:\/\/schema.org","@graph":[{"@type":"WebPage","@id":"https:\/\/labrobot.com\/fr\/product\/dilushaker-iii-42-dilucups\/","url":"https:\/\/labrobot.com\/fr\/product\/dilushaker-iii-42-dilucups\/","name":"Dilushaker III pour 42 coupelles de dilution | Dilutions en s\u00e9rie","isPartOf":{"@id":"https:\/\/labrobot.com\/#website"},"primaryImageOfPage":{"@id":"https:\/\/labrobot.com\/fr\/product\/dilushaker-iii-42-dilucups\/#primaryimage"},"image":{"@id":"https:\/\/labrobot.com\/fr\/product\/dilushaker-iii-42-dilucups\/#primaryimage"},"thumbnailUrl":"https:\/\/labrobot.com\/wp-content\/uploads\/2018\/12\/Dilushaker-6-Rows-40DS42PRXT.jpg","datePublished":"2018-12-06T15:21:24+00:00","dateModified":"2024-09-18T09:33:07+00:00","description":"C'est le plus ancien shaker de laboratoire que nous ayons disponible pour \u00eatre utilis\u00e9 avec Dilucup. C'est un instrument robuste avec une longue dur\u00e9e de vie.","breadcrumb":{"@id":"https:\/\/labrobot.com\/fr\/product\/dilushaker-iii-42-dilucups\/#breadcrumb"},"inLanguage":"fr-FR","potentialAction":[{"@type":"ReadAction","target":["https:\/\/labrobot.com\/fr\/product\/dilushaker-iii-42-dilucups\/"]}]},{"@type":"ImageObject","inLanguage":"fr-FR","@id":"https:\/\/labrobot.com\/fr\/product\/dilushaker-iii-42-dilucups\/#primaryimage","url":"https:\/\/labrobot.com\/wp-content\/uploads\/2018\/12\/Dilushaker-6-Rows-40DS42PRXT.jpg","contentUrl":"https:\/\/labrobot.com\/wp-content\/uploads\/2018\/12\/Dilushaker-6-Rows-40DS42PRXT.jpg","width":500,"height":500},{"@type":"BreadcrumbList","@id":"https:\/\/labrobot.com\/fr\/product\/dilushaker-iii-42-dilucups\/#breadcrumb","itemListElement":[{"@type":"ListItem","position":1,"name":"Home","item":"https:\/\/labrobot.com\/fr\/"},{"@type":"ListItem","position":2,"name":"Produkter","item":"https:\/\/labrobot.com\/sv\/shop\/"},{"@type":"ListItem","position":3,"name":"Dilushaker III (42 Dilucups)"}]},{"@type":"WebSite","@id":"https:\/\/labrobot.com\/#website","url":"https:\/\/labrobot.com\/","name":"LabRobot","description":"D\u00e9velopper des instruments et des m\u00e9thodes d'analyse pour la microbiologie alimentaire","publisher":{"@id":"https:\/\/labrobot.com\/#organization"},"potentialAction":[{"@type":"SearchAction","target":{"@type":"EntryPoint","urlTemplate":"https:\/\/labrobot.com\/?s={search_term_string}"},"query-input":{"@type":"PropertyValueSpecification","valueRequired":true,"valueName":"search_term_string"}}],"inLanguage":"fr-FR"},{"@type":"Organization","@id":"https:\/\/labrobot.com\/#organization","name":"LabRobot Products AB","url":"https:\/\/labrobot.com\/","logo":{"@type":"ImageObject","inLanguage":"fr-FR","@id":"https:\/\/labrobot.com\/#\/schema\/logo\/image\/","url":"https:\/\/labrobot.com\/wp-content\/uploads\/2018\/12\/LabRobot_LOGO_signatur.jpg","contentUrl":"https:\/\/labrobot.com\/wp-content\/uploads\/2018\/12\/LabRobot_LOGO_signatur.jpg","width":200,"height":54,"caption":"LabRobot Products AB"},"image":{"@id":"https:\/\/labrobot.com\/#\/schema\/logo\/image\/"},"sameAs":["https:\/\/www.facebook.com\/labrobotproductsab","https:\/\/www.linkedin.com\/company\/labrobot-products-ab\/","https:\/\/www.youtube.com\/channel\/UCHGyF_OHfxI1No9ahbU-agQ"]}]}},"_links":{"self":[{"href":"https:\/\/labrobot.com\/fr\/wp-json\/wp\/v2\/product\/12764","targetHints":{"allow":["GET"]}}],"collection":[{"href":"https:\/\/labrobot.com\/fr\/wp-json\/wp\/v2\/product"}],"about":[{"href":"https:\/\/labrobot.com\/fr\/wp-json\/wp\/v2\/types\/product"}],"wp:featuredmedia":[{"embeddable":true,"href":"https:\/\/labrobot.com\/fr\/wp-json\/wp\/v2\/media\/5134"}],"wp:attachment":[{"href":"https:\/\/labrobot.com\/fr\/wp-json\/wp\/v2\/media?parent=12764"}],"wp:term":[{"taxonomy":"product_brand","embeddable":true,"href":"https:\/\/labrobot.com\/fr\/wp-json\/wp\/v2\/product_brand?post=12764"},{"taxonomy":"product_cat","embeddable":true,"href":"https:\/\/labrobot.com\/fr\/wp-json\/wp\/v2\/product_cat?post=12764"},{"taxonomy":"product_tag","embeddable":true,"href":"https:\/\/labrobot.com\/fr\/wp-json\/wp\/v2\/product_tag?post=12764"}],"curies":[{"name":"wp","href":"https:\/\/api.w.org\/{rel}","templated":true}]}}