{"id":12761,"date":"2021-01-19T14:07:25","date_gmt":"2021-01-19T13:07:25","guid":{"rendered":"https:\/\/labrobot.com\/product\/dilugent-shaker-light\/"},"modified":"2024-09-18T10:13:12","modified_gmt":"2024-09-18T09:13:12","slug":"dilugent-shaker-light","status":"publish","type":"product","link":"https:\/\/labrobot.com\/fr\/product\/dilugent-shaker-light\/","title":{"rendered":"Dilugent Shaker Light"},"content":{"rendered":"<p>La version la plus simple du Dilugent\u00ae Shaker.<br \/>\nLe mat\u00e9riel est le m\u00eame, la seule diff\u00e9rence r\u00e9side dans le logiciel.<br \/>\nSi vous souhaitez acheter cet instrument, vous pouvez le mettre \u00e0 jour ult\u00e9rieurement \u00e0 distance vers une version Standard ou Pro selon vos besoins.<\/p>\n","protected":false},"excerpt":{"rendered":"<p>Dilugent Shaker Light<\/p>\n<ul>\n<li>Programme de base<\/li>\n<li>Les fonctions avanc\u00e9es comme la tra\u00e7abilit\u00e9 ne sont pas disponibles sur cette version.<\/li>\n<li>Plateau amovible inclus<\/li>\n<\/ul>\n<p>Pour 42 (7 x 6) ou 21 (7 x 3) Dilucups<\/p>\n","protected":false},"featured_media":7325,"template":"","meta":{"_acf_changed":false,"generate_page_header":""},"product_brand":[],"product_cat":[62],"product_tag":[],"class_list":{"0":"post-12761","1":"product","2":"type-product","3":"status-publish","4":"has-post-thumbnail","6":"product_cat-dilugent-shaker","7":"sales-flash-overlay","8":"woocommerce-text-align-center","9":"woocommerce-image-align-center","10":"do-quantity-buttons","12":"first","13":"instock","14":"shipping-taxable","15":"product-type-simple"},"acf":[],"yoast_head":"<!-- This site is optimized with the Yoast SEO Premium plugin v27.3 (Yoast SEO v27.3) - https:\/\/yoast.com\/product\/yoast-seo-premium-wordpress\/ -->\n<title>Dilugent Shaker Light | Dilutions en s\u00e9rie<\/title>\n<meta name=\"description\" content=\"La version la plus simple du Dilugent\u00ae Shaker. Les fonctions avanc\u00e9es telles que la tra\u00e7abilit\u00e9 ne sont pas disponibles dans cette version.\" \/>\n<meta name=\"robots\" content=\"index, follow, max-snippet:-1, max-image-preview:large, max-video-preview:-1\" \/>\n<link rel=\"canonical\" href=\"https:\/\/labrobot.com\/fr\/product\/dilugent-shaker-light\/\" \/>\n<meta property=\"og:locale\" content=\"fr_FR\" \/>\n<meta property=\"og:type\" content=\"article\" \/>\n<meta property=\"og:title\" content=\"Dilugent Shaker Light\" \/>\n<meta property=\"og:description\" content=\"La version la plus simple du Dilugent\u00ae Shaker. Les fonctions avanc\u00e9es telles que la tra\u00e7abilit\u00e9 ne sont pas disponibles dans cette version.\" \/>\n<meta property=\"og:url\" content=\"https:\/\/labrobot.com\/fr\/product\/dilugent-shaker-light\/\" \/>\n<meta property=\"og:site_name\" content=\"LabRobot\" \/>\n<meta property=\"article:publisher\" content=\"https:\/\/www.facebook.com\/labrobotproductsab\" \/>\n<meta property=\"article:modified_time\" content=\"2024-09-18T09:13:12+00:00\" \/>\n<meta property=\"og:image\" content=\"https:\/\/labrobot.com\/wp-content\/uploads\/2019\/12\/nybild-scaled.jpg\" \/>\n\t<meta property=\"og:image:width\" content=\"2560\" \/>\n\t<meta property=\"og:image:height\" content=\"1915\" \/>\n\t<meta property=\"og:image:type\" content=\"image\/jpeg\" \/>\n<meta name=\"twitter:card\" content=\"summary_large_image\" \/>\n<meta name=\"twitter:label1\" content=\"Dur\u00e9e de lecture estim\u00e9e\" \/>\n\t<meta name=\"twitter:data1\" content=\"1 minute\" \/>\n<script type=\"application\/ld+json\" class=\"yoast-schema-graph\">{\"@context\":\"https:\\\/\\\/schema.org\",\"@graph\":[{\"@type\":\"WebPage\",\"@id\":\"https:\\\/\\\/labrobot.com\\\/fr\\\/product\\\/dilugent-shaker-light\\\/\",\"url\":\"https:\\\/\\\/labrobot.com\\\/fr\\\/product\\\/dilugent-shaker-light\\\/\",\"name\":\"Dilugent Shaker Light | Dilutions en s\u00e9rie\",\"isPartOf\":{\"@id\":\"https:\\\/\\\/labrobot.com\\\/#website\"},\"primaryImageOfPage\":{\"@id\":\"https:\\\/\\\/labrobot.com\\\/fr\\\/product\\\/dilugent-shaker-light\\\/#primaryimage\"},\"image\":{\"@id\":\"https:\\\/\\\/labrobot.com\\\/fr\\\/product\\\/dilugent-shaker-light\\\/#primaryimage\"},\"thumbnailUrl\":\"https:\\\/\\\/labrobot.com\\\/wp-content\\\/uploads\\\/2019\\\/12\\\/nybild-scaled.jpg\",\"datePublished\":\"2021-01-19T13:07:25+00:00\",\"dateModified\":\"2024-09-18T09:13:12+00:00\",\"description\":\"La version la plus simple du Dilugent\u00ae Shaker. Les fonctions avanc\u00e9es telles que la tra\u00e7abilit\u00e9 ne sont pas disponibles dans cette version.\",\"breadcrumb\":{\"@id\":\"https:\\\/\\\/labrobot.com\\\/fr\\\/product\\\/dilugent-shaker-light\\\/#breadcrumb\"},\"inLanguage\":\"fr-FR\",\"potentialAction\":[{\"@type\":\"ReadAction\",\"target\":[\"https:\\\/\\\/labrobot.com\\\/fr\\\/product\\\/dilugent-shaker-light\\\/\"]}]},{\"@type\":\"ImageObject\",\"inLanguage\":\"fr-FR\",\"@id\":\"https:\\\/\\\/labrobot.com\\\/fr\\\/product\\\/dilugent-shaker-light\\\/#primaryimage\",\"url\":\"https:\\\/\\\/labrobot.com\\\/wp-content\\\/uploads\\\/2019\\\/12\\\/nybild-scaled.jpg\",\"contentUrl\":\"https:\\\/\\\/labrobot.com\\\/wp-content\\\/uploads\\\/2019\\\/12\\\/nybild-scaled.jpg\",\"width\":2560,\"height\":1915},{\"@type\":\"BreadcrumbList\",\"@id\":\"https:\\\/\\\/labrobot.com\\\/fr\\\/product\\\/dilugent-shaker-light\\\/#breadcrumb\",\"itemListElement\":[{\"@type\":\"ListItem\",\"position\":1,\"name\":\"Home\",\"item\":\"https:\\\/\\\/labrobot.com\\\/fr\\\/\"},{\"@type\":\"ListItem\",\"position\":2,\"name\":\"Produkter\",\"item\":\"https:\\\/\\\/labrobot.com\\\/sv\\\/shop\\\/\"},{\"@type\":\"ListItem\",\"position\":3,\"name\":\"Dilugent Shaker Light\"}]},{\"@type\":\"WebSite\",\"@id\":\"https:\\\/\\\/labrobot.com\\\/#website\",\"url\":\"https:\\\/\\\/labrobot.com\\\/\",\"name\":\"LabRobot\",\"description\":\"D\u00e9velopper des instruments et des m\u00e9thodes d'analyse pour la microbiologie alimentaire\",\"publisher\":{\"@id\":\"https:\\\/\\\/labrobot.com\\\/#organization\"},\"potentialAction\":[{\"@type\":\"SearchAction\",\"target\":{\"@type\":\"EntryPoint\",\"urlTemplate\":\"https:\\\/\\\/labrobot.com\\\/?s={search_term_string}\"},\"query-input\":{\"@type\":\"PropertyValueSpecification\",\"valueRequired\":true,\"valueName\":\"search_term_string\"}}],\"inLanguage\":\"fr-FR\"},{\"@type\":\"Organization\",\"@id\":\"https:\\\/\\\/labrobot.com\\\/#organization\",\"name\":\"LabRobot Products AB\",\"url\":\"https:\\\/\\\/labrobot.com\\\/\",\"logo\":{\"@type\":\"ImageObject\",\"inLanguage\":\"fr-FR\",\"@id\":\"https:\\\/\\\/labrobot.com\\\/#\\\/schema\\\/logo\\\/image\\\/\",\"url\":\"https:\\\/\\\/labrobot.com\\\/wp-content\\\/uploads\\\/2018\\\/12\\\/LabRobot_LOGO_signatur.jpg\",\"contentUrl\":\"https:\\\/\\\/labrobot.com\\\/wp-content\\\/uploads\\\/2018\\\/12\\\/LabRobot_LOGO_signatur.jpg\",\"width\":200,\"height\":54,\"caption\":\"LabRobot Products AB\"},\"image\":{\"@id\":\"https:\\\/\\\/labrobot.com\\\/#\\\/schema\\\/logo\\\/image\\\/\"},\"sameAs\":[\"https:\\\/\\\/www.facebook.com\\\/labrobotproductsab\",\"https:\\\/\\\/www.linkedin.com\\\/company\\\/labrobot-products-ab\\\/\",\"https:\\\/\\\/www.youtube.com\\\/channel\\\/UCHGyF_OHfxI1No9ahbU-agQ\"]}]}<\/script>\n<!-- \/ Yoast SEO Premium plugin. -->","yoast_head_json":{"title":"Dilugent Shaker Light | Dilutions en s\u00e9rie","description":"La version la plus simple du Dilugent\u00ae Shaker. Les fonctions avanc\u00e9es telles que la tra\u00e7abilit\u00e9 ne sont pas disponibles dans cette version.","robots":{"index":"index","follow":"follow","max-snippet":"max-snippet:-1","max-image-preview":"max-image-preview:large","max-video-preview":"max-video-preview:-1"},"canonical":"https:\/\/labrobot.com\/fr\/product\/dilugent-shaker-light\/","og_locale":"fr_FR","og_type":"article","og_title":"Dilugent Shaker Light","og_description":"La version la plus simple du Dilugent\u00ae Shaker. Les fonctions avanc\u00e9es telles que la tra\u00e7abilit\u00e9 ne sont pas disponibles dans cette version.","og_url":"https:\/\/labrobot.com\/fr\/product\/dilugent-shaker-light\/","og_site_name":"LabRobot","article_publisher":"https:\/\/www.facebook.com\/labrobotproductsab","article_modified_time":"2024-09-18T09:13:12+00:00","og_image":[{"width":2560,"height":1915,"url":"https:\/\/labrobot.com\/wp-content\/uploads\/2019\/12\/nybild-scaled.jpg","type":"image\/jpeg"}],"twitter_card":"summary_large_image","twitter_misc":{"Dur\u00e9e de lecture estim\u00e9e":"1 minute"},"schema":{"@context":"https:\/\/schema.org","@graph":[{"@type":"WebPage","@id":"https:\/\/labrobot.com\/fr\/product\/dilugent-shaker-light\/","url":"https:\/\/labrobot.com\/fr\/product\/dilugent-shaker-light\/","name":"Dilugent Shaker Light | Dilutions en s\u00e9rie","isPartOf":{"@id":"https:\/\/labrobot.com\/#website"},"primaryImageOfPage":{"@id":"https:\/\/labrobot.com\/fr\/product\/dilugent-shaker-light\/#primaryimage"},"image":{"@id":"https:\/\/labrobot.com\/fr\/product\/dilugent-shaker-light\/#primaryimage"},"thumbnailUrl":"https:\/\/labrobot.com\/wp-content\/uploads\/2019\/12\/nybild-scaled.jpg","datePublished":"2021-01-19T13:07:25+00:00","dateModified":"2024-09-18T09:13:12+00:00","description":"La version la plus simple du Dilugent\u00ae Shaker. Les fonctions avanc\u00e9es telles que la tra\u00e7abilit\u00e9 ne sont pas disponibles dans cette version.","breadcrumb":{"@id":"https:\/\/labrobot.com\/fr\/product\/dilugent-shaker-light\/#breadcrumb"},"inLanguage":"fr-FR","potentialAction":[{"@type":"ReadAction","target":["https:\/\/labrobot.com\/fr\/product\/dilugent-shaker-light\/"]}]},{"@type":"ImageObject","inLanguage":"fr-FR","@id":"https:\/\/labrobot.com\/fr\/product\/dilugent-shaker-light\/#primaryimage","url":"https:\/\/labrobot.com\/wp-content\/uploads\/2019\/12\/nybild-scaled.jpg","contentUrl":"https:\/\/labrobot.com\/wp-content\/uploads\/2019\/12\/nybild-scaled.jpg","width":2560,"height":1915},{"@type":"BreadcrumbList","@id":"https:\/\/labrobot.com\/fr\/product\/dilugent-shaker-light\/#breadcrumb","itemListElement":[{"@type":"ListItem","position":1,"name":"Home","item":"https:\/\/labrobot.com\/fr\/"},{"@type":"ListItem","position":2,"name":"Produkter","item":"https:\/\/labrobot.com\/sv\/shop\/"},{"@type":"ListItem","position":3,"name":"Dilugent Shaker Light"}]},{"@type":"WebSite","@id":"https:\/\/labrobot.com\/#website","url":"https:\/\/labrobot.com\/","name":"LabRobot","description":"D\u00e9velopper des instruments et des m\u00e9thodes d'analyse pour la microbiologie alimentaire","publisher":{"@id":"https:\/\/labrobot.com\/#organization"},"potentialAction":[{"@type":"SearchAction","target":{"@type":"EntryPoint","urlTemplate":"https:\/\/labrobot.com\/?s={search_term_string}"},"query-input":{"@type":"PropertyValueSpecification","valueRequired":true,"valueName":"search_term_string"}}],"inLanguage":"fr-FR"},{"@type":"Organization","@id":"https:\/\/labrobot.com\/#organization","name":"LabRobot Products AB","url":"https:\/\/labrobot.com\/","logo":{"@type":"ImageObject","inLanguage":"fr-FR","@id":"https:\/\/labrobot.com\/#\/schema\/logo\/image\/","url":"https:\/\/labrobot.com\/wp-content\/uploads\/2018\/12\/LabRobot_LOGO_signatur.jpg","contentUrl":"https:\/\/labrobot.com\/wp-content\/uploads\/2018\/12\/LabRobot_LOGO_signatur.jpg","width":200,"height":54,"caption":"LabRobot Products AB"},"image":{"@id":"https:\/\/labrobot.com\/#\/schema\/logo\/image\/"},"sameAs":["https:\/\/www.facebook.com\/labrobotproductsab","https:\/\/www.linkedin.com\/company\/labrobot-products-ab\/","https:\/\/www.youtube.com\/channel\/UCHGyF_OHfxI1No9ahbU-agQ"]}]}},"_links":{"self":[{"href":"https:\/\/labrobot.com\/fr\/wp-json\/wp\/v2\/product\/12761","targetHints":{"allow":["GET"]}}],"collection":[{"href":"https:\/\/labrobot.com\/fr\/wp-json\/wp\/v2\/product"}],"about":[{"href":"https:\/\/labrobot.com\/fr\/wp-json\/wp\/v2\/types\/product"}],"wp:featuredmedia":[{"embeddable":true,"href":"https:\/\/labrobot.com\/fr\/wp-json\/wp\/v2\/media\/7325"}],"wp:attachment":[{"href":"https:\/\/labrobot.com\/fr\/wp-json\/wp\/v2\/media?parent=12761"}],"wp:term":[{"taxonomy":"product_brand","embeddable":true,"href":"https:\/\/labrobot.com\/fr\/wp-json\/wp\/v2\/product_brand?post=12761"},{"taxonomy":"product_cat","embeddable":true,"href":"https:\/\/labrobot.com\/fr\/wp-json\/wp\/v2\/product_cat?post=12761"},{"taxonomy":"product_tag","embeddable":true,"href":"https:\/\/labrobot.com\/fr\/wp-json\/wp\/v2\/product_tag?post=12761"}],"curies":[{"name":"wp","href":"https:\/\/api.w.org\/{rel}","templated":true}]}}