{"id":9551,"date":"2021-02-05T12:11:55","date_gmt":"2021-02-05T11:11:55","guid":{"rendered":"https:\/\/labrobot.com\/dilushaker-iii\/"},"modified":"2026-02-26T11:27:04","modified_gmt":"2026-02-26T10:27:04","slug":"dilushaker-iii","status":"publish","type":"page","link":"https:\/\/labrobot.com\/fr\/dilushaker-iii\/","title":{"rendered":"Dilushaker III"},"content":{"rendered":"\n<h1>\n\t\tUn agitateur de laboratoire robuste avec une longue dur\u00e9e de vie\n\t<\/h1>\n<h2>\n\t\tDilushaker III\n\t<\/h2>\n\t<p>&nbsp;<\/p>\n<p>Le Dilushaker III digital est notre agitateur de laboratoire le plus ancien, il est tr\u00e8s robuste et facile \u00e0 utiliser. En fait, beaucoup de nos clients sont tr\u00e8s satisfaits de cet instrument, qui dans certains laboratoires fonctionne encore parfaitement apr\u00e8s 20 ans.<\/p>\n<strong>Comment l&rsquo;utiliser ?<\/strong><br \/>\nIl suffit de pr\u00e9r\u00e9gler la vitesse de rotation, le temps d&rsquo;agitation, la direction du flux de travail et le nombre de dilutions pour commencer \u00e0 diluer avec Dilucup\u00ae Elegance. Les lampes LED situ\u00e9es sur une rampe \u00e0 l&rsquo;arri\u00e8re du plateau aident l&rsquo;utilisateur pendant le processus de dilution en indiquant quelle cupule (rang\u00e9e) doit \u00eatre trait\u00e9e. L&rsquo;agitation commence imm\u00e9diatement gr\u00e2ce \u00e0 l&rsquo;activation d&rsquo;un capteur optique situ\u00e9 \u00e0 l&rsquo;avant de l&rsquo;agitateur ou au moyen d&rsquo;une p\u00e9dale.\n<p>&nbsp;<\/p>\n\t<meta itemprop=\"url\" content=\"https:\/\/labrobot.com\/wp-content\/uploads\/2025\/04\/Dilusahker-laboratory-shaker.mp4\" \/><div style=\"width: 640px;\" class=\"wp-video\"><video muted class=\"wp-video-shortcode\" id=\"video-9551-1\" width=\"640\" height=\"360\" loop autoplay preload=\"metadata\" controls=\"controls\"><source type=\"video\/mp4\" src=\"https:\/\/labrobot.com\/wp-content\/uploads\/2025\/04\/Dilusahker-laboratory-shaker.mp4?_=1\" \/><source type=\"video\/mp4\" src=\"https:\/\/labrobot.com\/wp-content\/uploads\/2025\/04\/Dilusahker-laboratory-shaker.mp4?_=1\" \/><a href=\"https:\/\/labrobot.com\/wp-content\/uploads\/2025\/04\/Dilusahker-laboratory-shaker.mp4\">https:\/\/labrobot.com\/wp-content\/uploads\/2025\/04\/Dilusahker-laboratory-shaker.mp4<\/a><\/video><\/div>\n<h3>\n\t\tUn agitateur de laboratoire abordable m\u00eame pour les budgets plus restreints\n\t<\/h3>\n\t<ul>\n<li>Temps d&rsquo;agitation ajustable de 1 \u00e0 30 secondes par dilution.<br \/>\n\u2022 Vitesse de rotation variable (400, 500 ou 600 tr\/mn).<br \/>\n\u2022 Plateau amovible pour un nettoyage facile.<br \/>\n\u2022 Rampe lumineuse pour guider l&rsquo;utilisateur.<br \/>\n\u2022 Choix du sens d&rsquo;utilisation pour satisfaire aussi bien les droitiers que les gauchers.<br \/>\n\u2022 Nombre de dilutions par \u00e9chantillon totalement r\u00e9glable.<br \/>\n\u2022 Possibilit\u00e9 de commander l&rsquo;appareil \u00e0 l&rsquo;aide d&rsquo;une p\u00e9dale.<br \/>\n\u2022 Capteur optique situ\u00e9 sur le devant de l&rsquo;instrument.<br \/>\n<\/li>\n<\/ul>\n\t<h3><strong>2 agitateurs de laboratoire diff\u00e9rents<\/strong><\/h3>\n<p>Le Dilushaker III digital est disponible en deux formats : pour des blisters de 21 ou 42 Dilucups.<\/p>\n<p>&nbsp;<\/p>\n\t\t\t\t<img loading=\"lazy\" decoding=\"async\" src=\"https:\/\/labrobot.com\/wp-content\/uploads\/2021\/06\/dilushaker-3or-1024x621.jpg\" alt=\"dilushaker 3or laboratory shaker\" itemprop=\"image\" height=\"621\" width=\"1024\" title=\"dilushaker 3or\" onerror=\"this.style.display='none'\"  \/>\n<h3>Pour quelques dilutions<\/h3><ul>\n<li>Rampe \u00e9quip\u00e9e de 3 lampes LED<\/li>\n<li>Plateau amovible pour 21 Dilucups<\/li>\n<li>Utilisable exclusivement avec les blisters de 21 (7&#215;3) Dilucups<\/li>\n<li>Code article: 40DS21PRXT<br \/>\n<\/li>\n<\/ul>\n\t\t\t\t<img loading=\"lazy\" decoding=\"async\" src=\"https:\/\/labrobot.com\/wp-content\/uploads\/bb-plugin\/cache\/Dilushaker-6-Rows-40DS42PRXT-landscape-fbf5c1446867c0d82e367b9a63682f21-.jpg\" alt=\"Dilushaker-6-Rows-40DS42PRXT\" itemprop=\"image\" height=\"500\" width=\"500\" title=\"Dilushaker-6-Rows-40DS42PRXT\" onerror=\"this.style.display='none'\"  \/>\n<h3>Pour un plus grand nombre de dilutions<\/h3><ul>\n<li>Rampe \u00e9quip\u00e9e de 6 lampes LED<\/li>\n<li>Plateau amovible pour 42 Dilucups<\/li>\n<li>Utilisation recommand\u00e9e avec les blisters de 42 (7&#215;6) Dilucups<\/li>\n<li>Code article: 40DS42PRXT<\/li>\n<\/ul>\n\t<h6><strong>T\u00e9l\u00e9charger le manuel d&rsquo;utilisation ici!<\/strong><\/h6>\n<p>Vous devez \u00eatre connect\u00e9 pour acc\u00e9der au bouton.<\/p>\n\t\t\t\t<img loading=\"lazy\" decoding=\"async\" src=\"https:\/\/labrobot.com\/wp-content\/uploads\/2022\/01\/manual-dilushaker-foto-300x295.png\" alt=\"manual dilushaker foto\" itemprop=\"image\" height=\"295\" width=\"300\" title=\"manual dilushaker foto\" onerror=\"this.style.display='none'\"  \/>\n\t<h2>Produits associ\u00e9s<\/h2>\n\t\t\t\t<a href=\"https:\/\/labrobot.com\/fr\/dilucup-elegance\/\"  target=\"_self\" itemprop=\"url\">\n\t\t\t\t<img loading=\"lazy\" decoding=\"async\" src=\"https:\/\/labrobot.com\/wp-content\/uploads\/bb-plugin\/cache\/dilucup-MRD-blister-scaled-circle-de9e4f3a639e4ea670da4b3a638e747e-.jpg\" alt=\"dilucup MRD blister\" itemprop=\"image\" height=\"1707\" width=\"2560\" title=\"dilucup MRD blister\" onerror=\"this.style.display='none'\"  \/>\n\t\t\t\t<\/a>\n<h5><a href=\"https:\/\/labrobot.com\/fr\/dilucup-elegance\/\" target=\"_self\">Dilucup\u00ae Elegance<\/a><\/h5>\t\n\t\t\t\t<a href=\"https:\/\/labrobot.com\/fr\/dilugent-shaker\/\"  target=\"_self\" itemprop=\"url\">\n\t\t\t\t<img loading=\"lazy\" decoding=\"async\" src=\"https:\/\/labrobot.com\/wp-content\/uploads\/bb-plugin\/cache\/dilutions-with-dilugent-circle-2bd7db2b02192f90a2cb848eceb6526e-.jpg\" alt=\"dilugent shaker\" itemprop=\"image\" height=\"2416\" width=\"2444\" title=\"dilutions with dilugent\" onerror=\"this.style.display='none'\"  \/>\n\t\t\t\t<\/a>\n<h5><a href=\"https:\/\/labrobot.com\/fr\/dilugent-shaker\/\" target=\"_self\">Dilugent\u00ae Shaker<\/a><\/h5>\t\n\n","protected":false},"excerpt":{"rendered":"<p>Un agitateur de laboratoire robuste avec une longue dur\u00e9e de vie Dilushaker III &nbsp; Le Dilushaker III digital est notre agitateur de laboratoire le plus ancien, il est tr\u00e8s robuste et facile \u00e0 utiliser. En fait, beaucoup de nos clients sont tr\u00e8s satisfaits de cet instrument, qui dans certains laboratoires fonctionne encore parfaitement apr\u00e8s 20 &#8230; <a title=\"Dilushaker III\" class=\"read-more\" href=\"https:\/\/labrobot.com\/fr\/dilushaker-iii\/\" aria-label=\"En savoir plus sur Dilushaker III\">Read more<\/a><\/p>\n","protected":false},"author":243,"featured_media":0,"parent":0,"menu_order":0,"comment_status":"closed","ping_status":"closed","template":"","meta":{"_acf_changed":false,"generate_page_header":"","footnotes":""},"class_list":["post-9551","page","type-page","status-publish"],"acf":[],"yoast_head":"<!-- This site is optimized with the Yoast SEO Premium plugin v27.3 (Yoast SEO v27.3) - https:\/\/yoast.com\/product\/yoast-seo-premium-wordpress\/ -->\n<title>Agitateur de laboratoire pour dilutions en s\u00e9rie : Dilushaker III<\/title>\n<meta name=\"description\" content=\"Beaucoup de nos clients sont tr\u00e8s satisfaits de ce m\u00e9langeur, qui dans certains laboratoires fonctionne encore parfaitement apr\u00e8s 20 ans.\" \/>\n<meta name=\"robots\" content=\"index, follow, max-snippet:-1, max-image-preview:large, max-video-preview:-1\" \/>\n<link rel=\"canonical\" href=\"https:\/\/labrobot.com\/dilushaker-iii\/\" \/>\n<meta property=\"og:locale\" content=\"fr_FR\" \/>\n<meta property=\"og:type\" content=\"article\" \/>\n<meta property=\"og:title\" content=\"Dilushaker III\" \/>\n<meta property=\"og:description\" content=\"Beaucoup de nos clients sont tr\u00e8s satisfaits de ce m\u00e9langeur, qui dans certains laboratoires fonctionne encore parfaitement apr\u00e8s 20 ans.\" \/>\n<meta property=\"og:url\" content=\"https:\/\/labrobot.com\/dilushaker-iii\/\" \/>\n<meta property=\"og:site_name\" content=\"LabRobot\" \/>\n<meta property=\"article:publisher\" content=\"https:\/\/www.facebook.com\/labrobotproductsab\" \/>\n<meta property=\"article:modified_time\" content=\"2026-02-26T10:27:04+00:00\" \/>\n<meta property=\"og:image\" content=\"https:\/\/labrobot.com\/wp-content\/uploads\/2021\/06\/dilushaker-3or-1024x621.jpg\" \/>\n<meta name=\"twitter:card\" content=\"summary_large_image\" \/>\n<meta name=\"twitter:label1\" content=\"Dur\u00e9e de lecture estim\u00e9e\" \/>\n\t<meta name=\"twitter:data1\" content=\"2 minutes\" \/>\n<script type=\"application\/ld+json\" class=\"yoast-schema-graph\">{\"@context\":\"https:\\\/\\\/schema.org\",\"@graph\":[{\"@type\":\"WebPage\",\"@id\":\"https:\\\/\\\/labrobot.com\\\/dilushaker-iii\\\/\",\"url\":\"https:\\\/\\\/labrobot.com\\\/dilushaker-iii\\\/\",\"name\":\"Agitateur de laboratoire pour dilutions en s\u00e9rie : Dilushaker III\",\"isPartOf\":{\"@id\":\"https:\\\/\\\/labrobot.com\\\/#website\"},\"primaryImageOfPage\":{\"@id\":\"https:\\\/\\\/labrobot.com\\\/dilushaker-iii\\\/#primaryimage\"},\"image\":{\"@id\":\"https:\\\/\\\/labrobot.com\\\/dilushaker-iii\\\/#primaryimage\"},\"thumbnailUrl\":\"https:\\\/\\\/labrobot.com\\\/wp-content\\\/uploads\\\/2021\\\/06\\\/dilushaker-3or-1024x621.jpg\",\"datePublished\":\"2021-02-05T11:11:55+00:00\",\"dateModified\":\"2026-02-26T10:27:04+00:00\",\"description\":\"Beaucoup de nos clients sont tr\u00e8s satisfaits de ce m\u00e9langeur, qui dans certains laboratoires fonctionne encore parfaitement apr\u00e8s 20 ans.\",\"breadcrumb\":{\"@id\":\"https:\\\/\\\/labrobot.com\\\/dilushaker-iii\\\/#breadcrumb\"},\"inLanguage\":\"fr-FR\",\"potentialAction\":[{\"@type\":\"ReadAction\",\"target\":[\"https:\\\/\\\/labrobot.com\\\/dilushaker-iii\\\/\"]}]},{\"@type\":\"ImageObject\",\"inLanguage\":\"fr-FR\",\"@id\":\"https:\\\/\\\/labrobot.com\\\/dilushaker-iii\\\/#primaryimage\",\"url\":\"https:\\\/\\\/labrobot.com\\\/wp-content\\\/uploads\\\/2021\\\/06\\\/dilushaker-3or-1024x621.jpg\",\"contentUrl\":\"https:\\\/\\\/labrobot.com\\\/wp-content\\\/uploads\\\/2021\\\/06\\\/dilushaker-3or-1024x621.jpg\"},{\"@type\":\"BreadcrumbList\",\"@id\":\"https:\\\/\\\/labrobot.com\\\/dilushaker-iii\\\/#breadcrumb\",\"itemListElement\":[{\"@type\":\"ListItem\",\"position\":1,\"name\":\"Home\",\"item\":\"https:\\\/\\\/labrobot.com\\\/fr\\\/\"},{\"@type\":\"ListItem\",\"position\":2,\"name\":\"Dilushaker III\"}]},{\"@type\":\"WebSite\",\"@id\":\"https:\\\/\\\/labrobot.com\\\/#website\",\"url\":\"https:\\\/\\\/labrobot.com\\\/\",\"name\":\"LabRobot\",\"description\":\"D\u00e9velopper des instruments et des m\u00e9thodes d'analyse pour la microbiologie alimentaire\",\"publisher\":{\"@id\":\"https:\\\/\\\/labrobot.com\\\/#organization\"},\"potentialAction\":[{\"@type\":\"SearchAction\",\"target\":{\"@type\":\"EntryPoint\",\"urlTemplate\":\"https:\\\/\\\/labrobot.com\\\/?s={search_term_string}\"},\"query-input\":{\"@type\":\"PropertyValueSpecification\",\"valueRequired\":true,\"valueName\":\"search_term_string\"}}],\"inLanguage\":\"fr-FR\"},{\"@type\":\"Organization\",\"@id\":\"https:\\\/\\\/labrobot.com\\\/#organization\",\"name\":\"LabRobot Products AB\",\"url\":\"https:\\\/\\\/labrobot.com\\\/\",\"logo\":{\"@type\":\"ImageObject\",\"inLanguage\":\"fr-FR\",\"@id\":\"https:\\\/\\\/labrobot.com\\\/#\\\/schema\\\/logo\\\/image\\\/\",\"url\":\"https:\\\/\\\/labrobot.com\\\/wp-content\\\/uploads\\\/2018\\\/12\\\/LabRobot_LOGO_signatur.jpg\",\"contentUrl\":\"https:\\\/\\\/labrobot.com\\\/wp-content\\\/uploads\\\/2018\\\/12\\\/LabRobot_LOGO_signatur.jpg\",\"width\":200,\"height\":54,\"caption\":\"LabRobot Products AB\"},\"image\":{\"@id\":\"https:\\\/\\\/labrobot.com\\\/#\\\/schema\\\/logo\\\/image\\\/\"},\"sameAs\":[\"https:\\\/\\\/www.facebook.com\\\/labrobotproductsab\",\"https:\\\/\\\/www.linkedin.com\\\/company\\\/labrobot-products-ab\\\/\",\"https:\\\/\\\/www.youtube.com\\\/channel\\\/UCHGyF_OHfxI1No9ahbU-agQ\"]}]}<\/script>\n<!-- \/ Yoast SEO Premium plugin. -->","yoast_head_json":{"title":"Agitateur de laboratoire pour dilutions en s\u00e9rie : Dilushaker III","description":"Beaucoup de nos clients sont tr\u00e8s satisfaits de ce m\u00e9langeur, qui dans certains laboratoires fonctionne encore parfaitement apr\u00e8s 20 ans.","robots":{"index":"index","follow":"follow","max-snippet":"max-snippet:-1","max-image-preview":"max-image-preview:large","max-video-preview":"max-video-preview:-1"},"canonical":"https:\/\/labrobot.com\/dilushaker-iii\/","og_locale":"fr_FR","og_type":"article","og_title":"Dilushaker III","og_description":"Beaucoup de nos clients sont tr\u00e8s satisfaits de ce m\u00e9langeur, qui dans certains laboratoires fonctionne encore parfaitement apr\u00e8s 20 ans.","og_url":"https:\/\/labrobot.com\/dilushaker-iii\/","og_site_name":"LabRobot","article_publisher":"https:\/\/www.facebook.com\/labrobotproductsab","article_modified_time":"2026-02-26T10:27:04+00:00","og_image":[{"url":"https:\/\/labrobot.com\/wp-content\/uploads\/2021\/06\/dilushaker-3or-1024x621.jpg","type":"","width":"","height":""}],"twitter_card":"summary_large_image","twitter_misc":{"Dur\u00e9e de lecture estim\u00e9e":"2 minutes"},"schema":{"@context":"https:\/\/schema.org","@graph":[{"@type":"WebPage","@id":"https:\/\/labrobot.com\/dilushaker-iii\/","url":"https:\/\/labrobot.com\/dilushaker-iii\/","name":"Agitateur de laboratoire pour dilutions en s\u00e9rie : Dilushaker III","isPartOf":{"@id":"https:\/\/labrobot.com\/#website"},"primaryImageOfPage":{"@id":"https:\/\/labrobot.com\/dilushaker-iii\/#primaryimage"},"image":{"@id":"https:\/\/labrobot.com\/dilushaker-iii\/#primaryimage"},"thumbnailUrl":"https:\/\/labrobot.com\/wp-content\/uploads\/2021\/06\/dilushaker-3or-1024x621.jpg","datePublished":"2021-02-05T11:11:55+00:00","dateModified":"2026-02-26T10:27:04+00:00","description":"Beaucoup de nos clients sont tr\u00e8s satisfaits de ce m\u00e9langeur, qui dans certains laboratoires fonctionne encore parfaitement apr\u00e8s 20 ans.","breadcrumb":{"@id":"https:\/\/labrobot.com\/dilushaker-iii\/#breadcrumb"},"inLanguage":"fr-FR","potentialAction":[{"@type":"ReadAction","target":["https:\/\/labrobot.com\/dilushaker-iii\/"]}]},{"@type":"ImageObject","inLanguage":"fr-FR","@id":"https:\/\/labrobot.com\/dilushaker-iii\/#primaryimage","url":"https:\/\/labrobot.com\/wp-content\/uploads\/2021\/06\/dilushaker-3or-1024x621.jpg","contentUrl":"https:\/\/labrobot.com\/wp-content\/uploads\/2021\/06\/dilushaker-3or-1024x621.jpg"},{"@type":"BreadcrumbList","@id":"https:\/\/labrobot.com\/dilushaker-iii\/#breadcrumb","itemListElement":[{"@type":"ListItem","position":1,"name":"Home","item":"https:\/\/labrobot.com\/fr\/"},{"@type":"ListItem","position":2,"name":"Dilushaker III"}]},{"@type":"WebSite","@id":"https:\/\/labrobot.com\/#website","url":"https:\/\/labrobot.com\/","name":"LabRobot","description":"D\u00e9velopper des instruments et des m\u00e9thodes d'analyse pour la microbiologie alimentaire","publisher":{"@id":"https:\/\/labrobot.com\/#organization"},"potentialAction":[{"@type":"SearchAction","target":{"@type":"EntryPoint","urlTemplate":"https:\/\/labrobot.com\/?s={search_term_string}"},"query-input":{"@type":"PropertyValueSpecification","valueRequired":true,"valueName":"search_term_string"}}],"inLanguage":"fr-FR"},{"@type":"Organization","@id":"https:\/\/labrobot.com\/#organization","name":"LabRobot Products AB","url":"https:\/\/labrobot.com\/","logo":{"@type":"ImageObject","inLanguage":"fr-FR","@id":"https:\/\/labrobot.com\/#\/schema\/logo\/image\/","url":"https:\/\/labrobot.com\/wp-content\/uploads\/2018\/12\/LabRobot_LOGO_signatur.jpg","contentUrl":"https:\/\/labrobot.com\/wp-content\/uploads\/2018\/12\/LabRobot_LOGO_signatur.jpg","width":200,"height":54,"caption":"LabRobot Products AB"},"image":{"@id":"https:\/\/labrobot.com\/#\/schema\/logo\/image\/"},"sameAs":["https:\/\/www.facebook.com\/labrobotproductsab","https:\/\/www.linkedin.com\/company\/labrobot-products-ab\/","https:\/\/www.youtube.com\/channel\/UCHGyF_OHfxI1No9ahbU-agQ"]}]}},"_links":{"self":[{"href":"https:\/\/labrobot.com\/fr\/wp-json\/wp\/v2\/pages\/9551","targetHints":{"allow":["GET"]}}],"collection":[{"href":"https:\/\/labrobot.com\/fr\/wp-json\/wp\/v2\/pages"}],"about":[{"href":"https:\/\/labrobot.com\/fr\/wp-json\/wp\/v2\/types\/page"}],"author":[{"embeddable":true,"href":"https:\/\/labrobot.com\/fr\/wp-json\/wp\/v2\/users\/243"}],"replies":[{"embeddable":true,"href":"https:\/\/labrobot.com\/fr\/wp-json\/wp\/v2\/comments?post=9551"}],"version-history":[{"count":1,"href":"https:\/\/labrobot.com\/fr\/wp-json\/wp\/v2\/pages\/9551\/revisions"}],"predecessor-version":[{"id":21428,"href":"https:\/\/labrobot.com\/fr\/wp-json\/wp\/v2\/pages\/9551\/revisions\/21428"}],"wp:attachment":[{"href":"https:\/\/labrobot.com\/fr\/wp-json\/wp\/v2\/media?parent=9551"}],"curies":[{"name":"wp","href":"https:\/\/api.w.org\/{rel}","templated":true}]}}