{"id":9549,"date":"2021-02-05T13:37:06","date_gmt":"2021-02-05T12:37:06","guid":{"rendered":"https:\/\/labrobot.com\/dilugent-shaker-2\/"},"modified":"2025-04-10T10:19:53","modified_gmt":"2025-04-10T09:19:53","slug":"dilugent-shaker","status":"publish","type":"page","link":"https:\/\/labrobot.com\/fr\/dilugent-shaker\/","title":{"rendered":"Dilugent Shaker"},"content":{"rendered":"\n<h1>\n\t\tDilutions en s\u00e9rie guid\u00e9es par couleur\n\t<\/h1>\n\t<h2>L&rsquo;alternative ergonomique<br \/>\nau m\u00e9langeur vortex<\/h2>\n\t<h3>Convivial<br \/>\net intuitif<\/h3>\n\t<h3>Ergonomique et<br \/>\nconfortable pour pipeter<\/h3>\n<p>Plus de blessures dues \u00e0 l&rsquo;utilisation r\u00e9p\u00e9titive du m\u00e9langeur vortex !<\/p>\n\t<h3>Suivez vos dilutions<\/h3>\n<h3>\n\t\tDilugent\u00ae Shaker\n\t<\/h3>\n\t<p>42 lumi\u00e8res LED, une sous chaque Dilucup\u00ae, indiquent exactement quelle coupelle vous devez diluer ou ensemencer en utilisant diff\u00e9rentes couleurs :<\/p>\n<ul>\n<li>Vert : Dilucup\u00ae \u00e0 diluer<\/li>\n<li>Orange : Dilucups d\u00e9j\u00e0 dilu\u00e9es dans l&rsquo;\u00e9chantillon actuel<\/li>\n<li>Rouge : Dilucups dilu\u00e9es dans les \u00e9chantillons pr\u00e9c\u00e9dents<\/li>\n<\/ul>\n\t<meta itemprop=\"url\" content=\"https:\/\/labrobot.com\/wp-content\/uploads\/2025\/03\/Why-trace-dilutions-with-Dilucup-web.mp4\" \/><div style=\"width: 640px;\" class=\"wp-video\"><video muted class=\"wp-video-shortcode\" id=\"video-9549-1\" width=\"640\" height=\"360\" loop autoplay preload=\"metadata\" controls=\"controls\"><source type=\"video\/mp4\" src=\"https:\/\/labrobot.com\/wp-content\/uploads\/2025\/03\/Why-trace-dilutions-with-Dilucup-web.mp4?_=1\" \/><source type=\"video\/mp4\" src=\"https:\/\/labrobot.com\/wp-content\/uploads\/2025\/03\/Why-trace-dilutions-with-Dilucup-web.mp4?_=1\" \/><a href=\"https:\/\/labrobot.com\/wp-content\/uploads\/2025\/03\/Why-trace-dilutions-with-Dilucup-web.mp4\">https:\/\/labrobot.com\/wp-content\/uploads\/2025\/03\/Why-trace-dilutions-with-Dilucup-web.mp4<\/a><\/video><\/div>\n<h4>\n\t\tLe seul instrument qui vous permet de suivre les dilutions\n\t<\/h4>\n\t<p><strong>Pourquoi est-il utile de tracer les dilutions ?<\/strong><\/p>\n<p>Tracer les dilutions est int\u00e9ressant, par exemple, pour examiner s&rsquo;il y a eu une erreur d&rsquo;ex\u00e9cution pouvant expliquer une num\u00e9ration inattendue de micro-organismes.<\/p>\n\t<ul>\n<li>Dilugent\u00ae Shaker enregistre des informations sur le lot de Dilucup\u00ae, l&rsquo;ID de l&rsquo;op\u00e9rateur, le nom de l&rsquo;\u00e9chantillon, le temps d&rsquo;agitation, la vitesse de rotation, le nombre de dilutions dans un \u00e9chantillon ainsi que le jour et l&rsquo;heure de la dilution.<\/li>\n<li>Exportation facile des donn\u00e9es vers une cl\u00e9 USB.<\/li>\n<li>Association possible avec un LIMS.<\/li>\n<\/ul>\n<h5>\n\t\tVersions de Dilugent\u00ae Shaker\n\t<\/h5>\n\t<table border=\"0\">\n<tbody>\n<tr>\n<td><em>Fonctions<\/em><\/td>\n<td><strong>Dilugent\u00ae Shaker<br \/>\n<em>Light<\/em><\/strong><\/td>\n<td><strong>Dilugent\u00ae Shaker <em>Standard<\/em><\/strong><\/td>\n<td><strong>Dilugent\u00ae Shaker<br \/>\n<em>Pro<\/em><\/strong><\/td>\n<\/tr>\n<tr>\n<td width=\"359\">D\u00e9marrage de l&rsquo;agitation possible par une p\u00e9dale<\/td>\n<td width=\"66\"><em>\u25cf<\/em><\/td>\n<td width=\"66\"><em>\u25cf<\/em><\/td>\n<td width=\"76\"><em>\u25cf<\/em><\/td>\n<\/tr>\n<tr>\n<td width=\"359\">Choix de la direction de travail<br \/>\n<em>(\u00e0 partir de la gauche ou de la droite)<\/em><\/td>\n<td width=\"66\"><em>\u25cf<\/em><\/td>\n<td width=\"66\">\u25cf<\/td>\n<td width=\"76\">\u25cf<\/td>\n<\/tr>\n<tr>\n<td width=\"359\">Nombre maximum de programmes enregistr\u00e9s.<\/td>\n<td width=\"66\">2<\/td>\n<td width=\"66\">10\u00ad<\/td>\n<td width=\"76\">10\u00ad<\/td>\n<\/tr>\n<tr>\n<td width=\"359\">Message visuel lors que le service est n\u00e9cessaire, menu de service, codes d&rsquo;erreur<\/td>\n<td width=\"66\"><em>\u25cf<\/em><\/td>\n<td width=\"66\">\u25cf<\/td>\n<td width=\"76\">\u25cf<\/td>\n<\/tr>\n<tr>\n<td width=\"359\">Lecture possible de code barre ou QR<\/td>\n<td width=\"66\"><strong><em>\u00ad<\/em><\/strong><\/td>\n<td width=\"66\">\u25cf<\/td>\n<td width=\"76\">\u25cf<\/td>\n<\/tr>\n<tr>\n<td width=\"359\">Information visuelle du capteur optique actif<\/td>\n<td width=\"66\"><strong><em>\u00ad<\/em><\/strong><\/td>\n<td width=\"66\">\u25cf<\/td>\n<td width=\"76\">\u25cf<\/td>\n<\/tr>\n<tr>\n<td width=\"359\">Identification de l&rsquo;\u00e9chantillon, de l&rsquo;utilisateur et du lot de Dilucup<\/td>\n<td width=\"66\"><strong><em>\u00ad<\/em><\/strong><\/td>\n<td width=\"66\">\u25cf<\/td>\n<td width=\"76\">\u25cf<\/td>\n<\/tr>\n<tr>\n<td width=\"359\">Export des donn\u00e9es via m\u00e9moire USB<\/td>\n<td width=\"66\"><strong><em>\u00ad<\/em><\/strong><\/td>\n<td width=\"66\">\u25cf<\/td>\n<td width=\"76\">\u25cf<\/td>\n<\/tr>\n<tr>\n<td width=\"359\">Programme \u00e9tendu et gestion des r\u00e9plicats<\/td>\n<td width=\"66\"><strong><em>\u00ad<\/em><\/strong><\/td>\n<td width=\"66\"><\/td>\n<td width=\"76\">\u25cf<\/td>\n<\/tr>\n<tr>\n<td width=\"359\">Compl\u00e8te tra\u00e7abilit\u00e9 des op\u00e9rations &#8211; Export possible vers unit\u00e9 connect\u00e9e<\/td>\n<td width=\"66\"><strong><em>\u00ad<\/em><\/strong><\/td>\n<td width=\"66\"><strong>\u00ad<\/strong><\/td>\n<td width=\"76\">\u25cf<\/td>\n<\/tr>\n<tr>\n<td width=\"359\">Th\u00e8me d&rsquo;\u00e9cran et couleurs des lumi\u00e8res LED personnalisables<\/td>\n<td width=\"66\"><strong><em>\u00ad<\/em><\/strong><\/td>\n<td width=\"66\"><strong>\u00ad<\/strong><\/td>\n<td width=\"76\">\u25cf<\/td>\n<\/tr>\n<tr>\n<td width=\"359\">Connectibilit\u00e9 totale<br \/>\n<em>(interface LIMS non fourni)<\/em><\/td>\n<td width=\"66\"><strong><em>\u00ad<\/em><\/strong><\/td>\n<td width=\"66\"><strong>\u00ad<\/strong><\/td>\n<td width=\"76\">\u25cf<\/td>\n<\/tr>\n<tr>\n<td>Num\u00e9ro d&rsquo;article<\/td>\n<td>40DGT84<strong>LT<\/strong><\/td>\n<td>40DGT84<b>SD<\/b><\/td>\n<td>40DGT84<b>PO<\/b><\/td>\n<\/tr>\n<\/tbody>\n<\/table>\n\t<p><strong>Quelle version correspond le mieux \u00e0 vos besoins ?<\/strong><\/p>\n<p><strong>Version <em>Light<\/em><\/strong> : Offre simplement des dilutions guid\u00e9es avec les 3 couleurs standard. La p\u00e9dale peut \u00eatre utilis\u00e9e pour activer l&rsquo;agitation.<\/p>\n<ul>\n<li><strong>Avantage<\/strong> : \u00c9conomique.<\/li>\n<\/ul>\n<p><strong>Version standard<\/strong> : Permet de tracer les dilutions et d&rsquo;exporter les donn\u00e9es.<\/p>\n<ul>\n<li><strong>Avantage<\/strong> : Le tra\u00e7age des dilutions est utile si vous devez revenir en arri\u00e8re pour voir comment elles ont \u00e9t\u00e9 r\u00e9alis\u00e9es. Par exemple, en exportant les donn\u00e9es du Dilugent\u00ae Shaker, vous pourriez constater que l&rsquo;ordre des \u00e9chantillons \u00e9tait incorrect, ce qui expliquerait un comptage microbiologique inattendu.<\/li>\n<\/ul>\n<p><strong>Version <em>Pro<\/em><\/strong> : Permet de programmer les dilutions selon vos besoins, de modifier les couleurs LED et de connecter l&rsquo;appareil \u00e0 un LIMS \u00e0 l&rsquo;avenir (l&rsquo;interface LIMS doit \u00eatre d\u00e9velopp\u00e9e s\u00e9par\u00e9ment).<\/p>\n<ul>\n<li><strong>Avantage<\/strong> : Vous pouvez utiliser les Dilucups dans l&rsquo;ordre que vous souhaitez, par exemple en commen\u00e7ant par l&rsquo;arri\u00e8re du blister ou peut-\u00eatre par le milieu. Diff\u00e9rentes couleurs LED sont utiles si un utilisateur est daltonien ou si l&rsquo;\u00e9chantillon \u00e0 diluer est tr\u00e8s color\u00e9.<\/li>\n<\/ul>\n\t\t\t<img decoding=\"async\" loading='false' src=\"https:\/\/labrobot.com\/wp-content\/uploads\/2025\/01\/serial-dilutions-Dilucup-System-scaled.jpg\" alt=\"Serielle verd\u00fcnnungen \nVerd\u00fcnnungsreihen \ndiluizioni-seriali \ndilui\u00e7\u00f5es em s\u00e9rie \nseriefortynninger \nsarjalaimennokset \nrozcie\u0144czenia seryjne \nra\u00f0\u00feynningum \nseri\u00eble verdunningen \nSerijska razrje\u0111enja \n\u03c3\u03b5\u03b9\u03c1\u03b9\u03b1\u03ba\u03ad\u03c2 \u03b1\u03c1\u03b1\u03b9\u03ce\u03c3\u03b5\u03b9\u03c2 \nserielle-verdunnungen \nSerijska red\u010denja \n\u0441\u0435\u0440\u0438\u0458\u0441\u043a\u0430 \u0440\u0430\u0437\u0431\u043b\u0430\u0436\u0435\u045a\u0430 \ns\u00e9riov\u00e1 \u0159ed\u011bn\u00ed \nS\u00e9riov\u00e9 riedenia \n\u0441\u0435\u0440\u0438\u0439\u043d\u0438 \u0440\u0430\u0437\u0440\u0435\u0436\u0434\u0430\u043d\u0438\u044f \nC\u0435\u0440\u0438\u0458\u0441\u043a\u0438 \u0440\u0430\u0437\u0440\u0435\u0434\u0443\u0432\u0430\u045a\u0430 \" \/>\t\t\t\n\t\t\t<img decoding=\"async\" loading='false' src=\"https:\/\/labrobot.com\/wp-content\/uploads\/2025\/02\/colourblind.png\" alt=\"colourblind dilutions series\" \/>\t\t\t\n\t\t\t<img decoding=\"async\" loading='false' src=\"https:\/\/labrobot.com\/wp-content\/uploads\/2025\/02\/easy-and-erognomic-dilutions-1.png\" alt=\"\" \/>\t\t\t\n\t\t\t<img decoding=\"async\" loading='false' src=\"https:\/\/labrobot.com\/wp-content\/uploads\/2022\/02\/dilugent-lab-scaled.jpg\" alt=\"serial dilution method\" \/>\t\t\t\n\t\t\t<img decoding=\"async\" loading='false' src=\"https:\/\/labrobot.com\/wp-content\/uploads\/2025\/02\/colour-guided-serial-diltuions.jpg\" alt=\"\" \/>\t\t\t\n\t<h5><strong>T\u00e9l\u00e9charger le manuel d&rsquo;utilisation ici!<\/strong><\/h5>\nConnectez-vous pour acc\u00e9der au bouton ci-dessous :<br \/>\n\n\t\t\t\t<img loading=\"lazy\" decoding=\"async\" src=\"https:\/\/labrobot.com\/wp-content\/uploads\/2025\/03\/foto-manual-dilugent.jpg\" alt=\"foto manual dilugent\" itemprop=\"image\" height=\"1528\" width=\"1220\" title=\"foto manual dilugent\" onerror=\"this.style.display='none'\"  \/>\n<h6>\n\t\tDilushaker III vs Dilugent\u00ae Shaker\n\t<\/h6>\n\t<table border=\"1\">\n<tbody>\n<tr>\n<td><strong>\u00a0Sp\u00e9cifications<\/strong><\/td>\n<td><strong>Dilushaker III<\/strong><\/td>\n<td><strong>Dilugent\u00ae Shaker<\/strong><\/td>\n<\/tr>\n<tr>\n<td>Dur\u00e9e d&rsquo;agitation<\/td>\n<td>1 \u00e0 30 s<\/td>\n<td>1 \u00e0 60 s<\/td>\n<\/tr>\n<tr>\n<td>Vitesse de rotation<\/td>\n<td>400, 500, 600 rpm<\/td>\n<td>410, 460, 510, 560, 610, 660 rpm<\/td>\n<\/tr>\n<tr>\n<td>Nombre de lumi\u00e8res LED<\/td>\n<td>3 ou 6<\/td>\n<td>42<\/td>\n<\/tr>\n<tr>\n<td>Pilotage par p\u00e9dale<\/td>\n<td>Oui<\/td>\n<td>Oui<\/td>\n<\/tr>\n<tr>\n<td>Capteurs optiques pour l&rsquo;agitation<\/td>\n<td>Un sur le devant<\/td>\n<td>Deux; un de chaque c\u00f4t\u00e9<\/td>\n<\/tr>\n<tr>\n<td>Hauteur <em>(sans \u00e9cran)<\/em><\/td>\n<td>11 cm<\/td>\n<td>8 cm <em>(plus ergonomique)<\/em><\/td>\n<\/tr>\n<tr>\n<td>Enl\u00e8vement du plateau<\/td>\n<td>Appuyer sur le plateau tout en le tournant<\/td>\n<td>Magn\u00e9tique<\/td>\n<\/tr>\n<tr>\n<td>M\u00eame appareil pour Dilucups au format 7&#215;3 et 7&#215;6<\/td>\n<td>Non<\/td>\n<td>Oui<\/td>\n<\/tr>\n<tr>\n<td>Tra\u00e7abilit\u00e9 des dilutions<\/td>\n<td>Non<\/td>\n<td>Oui<\/td>\n<\/tr>\n<tr>\n<td>Agitation possible sans influencer les lumi\u00e8res LED<\/td>\n<td>Non<\/td>\n<td>Oui<\/td>\n<\/tr>\n<tr>\n<td>S\u00e9ries de dilutions parall\u00e8les avec guidage visuel<\/td>\n<td>Non<\/td>\n<td>Oui<\/td>\n<\/tr>\n<\/tbody>\n<\/table>\n\t<p>Les deux instruments sont une bonne alternative au m\u00e9langeur vortex et repr\u00e9sentent une grande am\u00e9lioration de l&rsquo;ergonomie en laboratoire.<\/p>\n<p>Si vous avez d&rsquo;autres questions, vous pourrez peut-\u00eatre trouver les r\u00e9ponses dans Questions courantes.<\/p>\n\t\t\t<a href=\"https:\/\/labrobot.com\/fr\/questions-courantes\/\" target=\"_self\">\n\t\t\t\t\t\tQuestions courantes.\n\t\t\t\t\t<\/a>\n\t\t\t\t<img loading=\"lazy\" decoding=\"async\" src=\"https:\/\/labrobot.com\/wp-content\/uploads\/2024\/08\/ergonomic-serial-dilutions-dilugent-scaled.jpg\" alt=\"ergonomic serial dilutions dilugent\" itemprop=\"image\" height=\"1440\" width=\"2560\" title=\"ergonomic serial dilutions dilugent\" onerror=\"this.style.display='none'\"  \/>\n<h6>\n\t\t\u00c9changez votre Dilushaker III contre un Dilugent\u00ae Shaker !\n\t<\/h6>\n\t<p>Des conditions sp\u00e9ciales sont offertes par LabRobot et son r\u00e9seau de distribution pour le remplacement d&rsquo;un Dilushaker III digital r\u00e9cent par un Dilugent\u00ae Shaker. <\/p>\n<p>N&rsquo;h\u00e9sitez pas \u00e0 contacter votre distributeur local pour plus d&rsquo;informations.<\/p>\n\t\t\t<a href=\"https:\/\/labrobot.com\/fr\/contact-partenaires\/\" target=\"_self\">\n\t\t\t\t\t\tNous contacter!\n\t\t\t\t\t<\/a>\n\t<p>Produits associ\u00e9s<\/p>\n\t\t\t\t<a href=\"https:\/\/labrobot.com\/fr\/dilucup-elegance\/\"  target=\"_self\" itemprop=\"url\">\n\t\t\t\t<img loading=\"lazy\" decoding=\"async\" src=\"https:\/\/labrobot.com\/wp-content\/uploads\/bb-plugin\/cache\/dilucup-elegance-1024x682-circle-eb1b60806b01591cd1a0e966aa53c3a3-.jpg\" alt=\"dilucup elegance\" itemprop=\"image\" height=\"682\" width=\"1024\" title=\"dilucup elegance\" onerror=\"this.style.display='none'\"  \/>\n\t\t\t\t<\/a>\n<h6><a href=\"https:\/\/labrobot.com\/fr\/dilucup-elegance\/\" target=\"_self\">Dilucup\u00ae Elegance<\/a><\/h6>\t\n\t\t\t\t<a href=\"https:\/\/labrobot.com\/fr\/dilushaker-iii\/\"  target=\"_self\" itemprop=\"url\">\n\t\t\t\t<img loading=\"lazy\" decoding=\"async\" src=\"https:\/\/labrobot.com\/wp-content\/uploads\/bb-plugin\/cache\/dilushaker-III-1024x699-circle-95e8311d438fe92fca44e54ebacd23bc-.jpg\" alt=\"dilushaker 6or\" itemprop=\"image\" height=\"699\" width=\"1024\" title=\"dilushaker\" onerror=\"this.style.display='none'\"  \/>\n\t\t\t\t<\/a>\n<h3><a href=\"https:\/\/labrobot.com\/fr\/dilushaker-iii\/\" target=\"_self\">Dilushaker III<\/a><\/h3>\t\n\n","protected":false},"excerpt":{"rendered":"<p>Dilutions en s\u00e9rie guid\u00e9es par couleur L&rsquo;alternative ergonomique au m\u00e9langeur vortex Convivial et intuitif Ergonomique et confortable pour pipeter Plus de blessures dues \u00e0 l&rsquo;utilisation r\u00e9p\u00e9titive du m\u00e9langeur vortex ! Suivez vos dilutions Dilugent\u00ae Shaker 42 lumi\u00e8res LED, une sous chaque Dilucup\u00ae, indiquent exactement quelle coupelle vous devez diluer ou ensemencer en utilisant diff\u00e9rentes couleurs &#8230; <a title=\"Dilugent Shaker\" class=\"read-more\" href=\"https:\/\/labrobot.com\/fr\/dilugent-shaker\/\" aria-label=\"En savoir plus sur Dilugent Shaker\">Read more<\/a><\/p>\n","protected":false},"author":243,"featured_media":0,"parent":0,"menu_order":0,"comment_status":"closed","ping_status":"closed","template":"","meta":{"_acf_changed":false,"generate_page_header":"","footnotes":""},"class_list":["post-9549","page","type-page","status-publish"],"acf":[],"yoast_head":"<!-- This site is optimized with the Yoast SEO Premium plugin v27.5 (Yoast SEO v27.5) - https:\/\/yoast.com\/product\/yoast-seo-premium-wordpress\/ -->\n<title>Ergonomique alternative au m\u00e9langeur vortex : Dilugent Shaker<\/title>\n<meta name=\"description\" content=\"Am\u00e9liorez vos dilutions en s\u00e9rie avec cette alternative ergonomique au m\u00e9langeur vortex. Dilutions guid\u00e9es et conviviales, exportez les donn\u00e9es pour analyse.\" \/>\n<meta name=\"robots\" content=\"index, follow, max-snippet:-1, max-image-preview:large, max-video-preview:-1\" \/>\n<link rel=\"canonical\" href=\"https:\/\/labrobot.com\/fr\/dilugent-shaker\/\" \/>\n<meta property=\"og:locale\" content=\"fr_FR\" \/>\n<meta property=\"og:type\" content=\"article\" \/>\n<meta property=\"og:title\" content=\"Dilugent Shaker\" \/>\n<meta property=\"og:description\" content=\"Am\u00e9liorez vos dilutions en s\u00e9rie avec cette alternative ergonomique au m\u00e9langeur vortex. Dilutions guid\u00e9es et conviviales, exportez les donn\u00e9es pour analyse.\" \/>\n<meta property=\"og:url\" content=\"https:\/\/labrobot.com\/fr\/dilugent-shaker\/\" \/>\n<meta property=\"og:site_name\" content=\"LabRobot\" \/>\n<meta property=\"article:publisher\" content=\"https:\/\/www.facebook.com\/labrobotproductsab\" \/>\n<meta property=\"article:modified_time\" content=\"2025-04-10T09:19:53+00:00\" \/>\n<meta property=\"og:image\" content=\"https:\/\/labrobot.com\/wp-content\/uploads\/2025\/01\/serial-dilutions-Dilucup-System-scaled.jpg\" \/>\n<meta name=\"twitter:card\" content=\"summary_large_image\" \/>\n<meta name=\"twitter:label1\" content=\"Dur\u00e9e de lecture estim\u00e9e\" \/>\n\t<meta name=\"twitter:data1\" content=\"4 minutes\" \/>\n<script type=\"application\/ld+json\" class=\"yoast-schema-graph\">{\"@context\":\"https:\\\/\\\/schema.org\",\"@graph\":[{\"@type\":\"WebPage\",\"@id\":\"https:\\\/\\\/labrobot.com\\\/fr\\\/dilugent-shaker\\\/\",\"url\":\"https:\\\/\\\/labrobot.com\\\/fr\\\/dilugent-shaker\\\/\",\"name\":\"Ergonomique alternative au m\u00e9langeur vortex : Dilugent Shaker\",\"isPartOf\":{\"@id\":\"https:\\\/\\\/labrobot.com\\\/#website\"},\"primaryImageOfPage\":{\"@id\":\"https:\\\/\\\/labrobot.com\\\/fr\\\/dilugent-shaker\\\/#primaryimage\"},\"image\":{\"@id\":\"https:\\\/\\\/labrobot.com\\\/fr\\\/dilugent-shaker\\\/#primaryimage\"},\"thumbnailUrl\":\"https:\\\/\\\/labrobot.com\\\/wp-content\\\/uploads\\\/2025\\\/01\\\/serial-dilutions-Dilucup-System-scaled.jpg\",\"datePublished\":\"2021-02-05T12:37:06+00:00\",\"dateModified\":\"2025-04-10T09:19:53+00:00\",\"description\":\"Am\u00e9liorez vos dilutions en s\u00e9rie avec cette alternative ergonomique au m\u00e9langeur vortex. Dilutions guid\u00e9es et conviviales, exportez les donn\u00e9es pour analyse.\",\"breadcrumb\":{\"@id\":\"https:\\\/\\\/labrobot.com\\\/fr\\\/dilugent-shaker\\\/#breadcrumb\"},\"inLanguage\":\"fr-FR\",\"potentialAction\":[{\"@type\":\"ReadAction\",\"target\":[\"https:\\\/\\\/labrobot.com\\\/fr\\\/dilugent-shaker\\\/\"]}]},{\"@type\":\"ImageObject\",\"inLanguage\":\"fr-FR\",\"@id\":\"https:\\\/\\\/labrobot.com\\\/fr\\\/dilugent-shaker\\\/#primaryimage\",\"url\":\"https:\\\/\\\/labrobot.com\\\/wp-content\\\/uploads\\\/2025\\\/01\\\/serial-dilutions-Dilucup-System-scaled.jpg\",\"contentUrl\":\"https:\\\/\\\/labrobot.com\\\/wp-content\\\/uploads\\\/2025\\\/01\\\/serial-dilutions-Dilucup-System-scaled.jpg\"},{\"@type\":\"BreadcrumbList\",\"@id\":\"https:\\\/\\\/labrobot.com\\\/fr\\\/dilugent-shaker\\\/#breadcrumb\",\"itemListElement\":[{\"@type\":\"ListItem\",\"position\":1,\"name\":\"Home\",\"item\":\"https:\\\/\\\/labrobot.com\\\/fr\\\/\"},{\"@type\":\"ListItem\",\"position\":2,\"name\":\"Dilugent Shaker\"}]},{\"@type\":\"WebSite\",\"@id\":\"https:\\\/\\\/labrobot.com\\\/#website\",\"url\":\"https:\\\/\\\/labrobot.com\\\/\",\"name\":\"LabRobot\",\"description\":\"D\u00e9velopper des instruments et des m\u00e9thodes d'analyse pour la microbiologie alimentaire\",\"publisher\":{\"@id\":\"https:\\\/\\\/labrobot.com\\\/#organization\"},\"potentialAction\":[{\"@type\":\"SearchAction\",\"target\":{\"@type\":\"EntryPoint\",\"urlTemplate\":\"https:\\\/\\\/labrobot.com\\\/?s={search_term_string}\"},\"query-input\":{\"@type\":\"PropertyValueSpecification\",\"valueRequired\":true,\"valueName\":\"search_term_string\"}}],\"inLanguage\":\"fr-FR\"},{\"@type\":\"Organization\",\"@id\":\"https:\\\/\\\/labrobot.com\\\/#organization\",\"name\":\"LabRobot Products AB\",\"url\":\"https:\\\/\\\/labrobot.com\\\/\",\"logo\":{\"@type\":\"ImageObject\",\"inLanguage\":\"fr-FR\",\"@id\":\"https:\\\/\\\/labrobot.com\\\/#\\\/schema\\\/logo\\\/image\\\/\",\"url\":\"https:\\\/\\\/labrobot.com\\\/wp-content\\\/uploads\\\/2018\\\/12\\\/LabRobot_LOGO_signatur.jpg\",\"contentUrl\":\"https:\\\/\\\/labrobot.com\\\/wp-content\\\/uploads\\\/2018\\\/12\\\/LabRobot_LOGO_signatur.jpg\",\"width\":200,\"height\":54,\"caption\":\"LabRobot Products AB\"},\"image\":{\"@id\":\"https:\\\/\\\/labrobot.com\\\/#\\\/schema\\\/logo\\\/image\\\/\"},\"sameAs\":[\"https:\\\/\\\/www.facebook.com\\\/labrobotproductsab\",\"https:\\\/\\\/www.linkedin.com\\\/company\\\/labrobot-products-ab\\\/\",\"https:\\\/\\\/www.youtube.com\\\/channel\\\/UCHGyF_OHfxI1No9ahbU-agQ\"]}]}<\/script>\n<!-- \/ Yoast SEO Premium plugin. -->","yoast_head_json":{"title":"Ergonomique alternative au m\u00e9langeur vortex : Dilugent Shaker","description":"Am\u00e9liorez vos dilutions en s\u00e9rie avec cette alternative ergonomique au m\u00e9langeur vortex. Dilutions guid\u00e9es et conviviales, exportez les donn\u00e9es pour analyse.","robots":{"index":"index","follow":"follow","max-snippet":"max-snippet:-1","max-image-preview":"max-image-preview:large","max-video-preview":"max-video-preview:-1"},"canonical":"https:\/\/labrobot.com\/fr\/dilugent-shaker\/","og_locale":"fr_FR","og_type":"article","og_title":"Dilugent Shaker","og_description":"Am\u00e9liorez vos dilutions en s\u00e9rie avec cette alternative ergonomique au m\u00e9langeur vortex. Dilutions guid\u00e9es et conviviales, exportez les donn\u00e9es pour analyse.","og_url":"https:\/\/labrobot.com\/fr\/dilugent-shaker\/","og_site_name":"LabRobot","article_publisher":"https:\/\/www.facebook.com\/labrobotproductsab","article_modified_time":"2025-04-10T09:19:53+00:00","og_image":[{"url":"https:\/\/labrobot.com\/wp-content\/uploads\/2025\/01\/serial-dilutions-Dilucup-System-scaled.jpg","type":"","width":"","height":""}],"twitter_card":"summary_large_image","twitter_misc":{"Dur\u00e9e de lecture estim\u00e9e":"4 minutes"},"schema":{"@context":"https:\/\/schema.org","@graph":[{"@type":"WebPage","@id":"https:\/\/labrobot.com\/fr\/dilugent-shaker\/","url":"https:\/\/labrobot.com\/fr\/dilugent-shaker\/","name":"Ergonomique alternative au m\u00e9langeur vortex : Dilugent Shaker","isPartOf":{"@id":"https:\/\/labrobot.com\/#website"},"primaryImageOfPage":{"@id":"https:\/\/labrobot.com\/fr\/dilugent-shaker\/#primaryimage"},"image":{"@id":"https:\/\/labrobot.com\/fr\/dilugent-shaker\/#primaryimage"},"thumbnailUrl":"https:\/\/labrobot.com\/wp-content\/uploads\/2025\/01\/serial-dilutions-Dilucup-System-scaled.jpg","datePublished":"2021-02-05T12:37:06+00:00","dateModified":"2025-04-10T09:19:53+00:00","description":"Am\u00e9liorez vos dilutions en s\u00e9rie avec cette alternative ergonomique au m\u00e9langeur vortex. Dilutions guid\u00e9es et conviviales, exportez les donn\u00e9es pour analyse.","breadcrumb":{"@id":"https:\/\/labrobot.com\/fr\/dilugent-shaker\/#breadcrumb"},"inLanguage":"fr-FR","potentialAction":[{"@type":"ReadAction","target":["https:\/\/labrobot.com\/fr\/dilugent-shaker\/"]}]},{"@type":"ImageObject","inLanguage":"fr-FR","@id":"https:\/\/labrobot.com\/fr\/dilugent-shaker\/#primaryimage","url":"https:\/\/labrobot.com\/wp-content\/uploads\/2025\/01\/serial-dilutions-Dilucup-System-scaled.jpg","contentUrl":"https:\/\/labrobot.com\/wp-content\/uploads\/2025\/01\/serial-dilutions-Dilucup-System-scaled.jpg"},{"@type":"BreadcrumbList","@id":"https:\/\/labrobot.com\/fr\/dilugent-shaker\/#breadcrumb","itemListElement":[{"@type":"ListItem","position":1,"name":"Home","item":"https:\/\/labrobot.com\/fr\/"},{"@type":"ListItem","position":2,"name":"Dilugent Shaker"}]},{"@type":"WebSite","@id":"https:\/\/labrobot.com\/#website","url":"https:\/\/labrobot.com\/","name":"LabRobot","description":"D\u00e9velopper des instruments et des m\u00e9thodes d'analyse pour la microbiologie alimentaire","publisher":{"@id":"https:\/\/labrobot.com\/#organization"},"potentialAction":[{"@type":"SearchAction","target":{"@type":"EntryPoint","urlTemplate":"https:\/\/labrobot.com\/?s={search_term_string}"},"query-input":{"@type":"PropertyValueSpecification","valueRequired":true,"valueName":"search_term_string"}}],"inLanguage":"fr-FR"},{"@type":"Organization","@id":"https:\/\/labrobot.com\/#organization","name":"LabRobot Products AB","url":"https:\/\/labrobot.com\/","logo":{"@type":"ImageObject","inLanguage":"fr-FR","@id":"https:\/\/labrobot.com\/#\/schema\/logo\/image\/","url":"https:\/\/labrobot.com\/wp-content\/uploads\/2018\/12\/LabRobot_LOGO_signatur.jpg","contentUrl":"https:\/\/labrobot.com\/wp-content\/uploads\/2018\/12\/LabRobot_LOGO_signatur.jpg","width":200,"height":54,"caption":"LabRobot Products AB"},"image":{"@id":"https:\/\/labrobot.com\/#\/schema\/logo\/image\/"},"sameAs":["https:\/\/www.facebook.com\/labrobotproductsab","https:\/\/www.linkedin.com\/company\/labrobot-products-ab\/","https:\/\/www.youtube.com\/channel\/UCHGyF_OHfxI1No9ahbU-agQ"]}]}},"_links":{"self":[{"href":"https:\/\/labrobot.com\/fr\/wp-json\/wp\/v2\/pages\/9549","targetHints":{"allow":["GET"]}}],"collection":[{"href":"https:\/\/labrobot.com\/fr\/wp-json\/wp\/v2\/pages"}],"about":[{"href":"https:\/\/labrobot.com\/fr\/wp-json\/wp\/v2\/types\/page"}],"author":[{"embeddable":true,"href":"https:\/\/labrobot.com\/fr\/wp-json\/wp\/v2\/users\/243"}],"replies":[{"embeddable":true,"href":"https:\/\/labrobot.com\/fr\/wp-json\/wp\/v2\/comments?post=9549"}],"version-history":[{"count":0,"href":"https:\/\/labrobot.com\/fr\/wp-json\/wp\/v2\/pages\/9549\/revisions"}],"wp:attachment":[{"href":"https:\/\/labrobot.com\/fr\/wp-json\/wp\/v2\/media?parent=9549"}],"curies":[{"name":"wp","href":"https:\/\/api.w.org\/{rel}","templated":true}]}}