{"id":815,"date":"2021-02-26T12:23:22","date_gmt":"2021-02-26T11:23:22","guid":{"rendered":"http:\/\/labrobot.com\/home-2\/"},"modified":"2024-10-01T17:02:10","modified_gmt":"2024-10-01T16:02:10","slug":"home-2-2","status":"publish","type":"page","link":"https:\/\/labrobot.com\/fr\/","title":{"rendered":"Home"},"content":{"rendered":"\n<h1>\n\t\tDilutions en s\u00e9rie simples, rapides et ergonomiques\n\t<\/h1>\n\t<p>Optimisez votre m\u00e9thode de dilution en s\u00e9rie avec le Syst\u00e8me Dilucup\u00ae.<\/p>\n<p>Con\u00e7u pour des d\u00e9nombrements microbiologiques faciles et pr\u00e9cis.<\/p>\n<p>\u00a0<\/p>\n<h2>\n\t\tQue sont les dilutions en s\u00e9rie ?\n\t<\/h2>\n\t<p>Les dilutions en s\u00e9rie permettent la dilution progressive d&rsquo;une substance dans une solution, g\u00e9n\u00e9ralement par un facteur constant, pour r\u00e9duire la concentration de micro-organismes \u00e0 un niveau appropri\u00e9. Cela est utile pour compter les unit\u00e9s formant des colonies (UFC) par millilitre ou gramme, o\u00f9 chaque colonie repr\u00e9sente un micro-organisme viable de l&rsquo;\u00e9chantillon original.<\/p>\n<p><strong>Le Syst\u00e8me Dilucup\u00ae est une solution innovante qui remplace tubes de dilution et m\u00e9langeur vortex<\/strong>. \u00c9vitez la pr\u00e9paration chronophage des diluants, l&rsquo;autoclavage, le remplissage des tubes, le contr\u00f4le de qualit\u00e9, le nettoyage, etc., ainsi que les vibrations du poignet et des bras dues \u00e0 l&rsquo;utilisation du vortex.<\/p>\n\t\t\t<a href=\"https:\/\/labrobot.com\/fr\/notre-solution\/\" target=\"_self\" rel=\"noopener\">\n\t\t\t\t\t\t\tNotre solution\n\t\t\t<\/a>\n<h3>\n\t\tComment le Syst\u00e8me Dilucup\u00ae peut-il am\u00e9liorer vos dilutions en s\u00e9rie ?\n\t<\/h3>\n\t<p>Le Syst\u00e8me Dilucup\u00ae peut vous \u00eatre tr\u00e8s b\u00e9n\u00e9fique si vous souhaitez faire des dilutions en s\u00e9rie pr\u00e9cises et standardis\u00e9es, gagner beaucoup de temps et avoir une meilleure ergonomie dans le laboratoire.<\/p>\n\t<h4 data-mce-style=\"text-align: center;\">Gagnez du temps<\/h4>\n\t<h4 data-mce-style=\"text-align: center;\">Pr\u00e9venez les blessures par mouvements r\u00e9p\u00e9titifs<\/h4>\n\t<h4 data-mce-style=\"text-align: center;\">M\u00e9thode standardis\u00e9e<\/h4>\n\t<h4>Stockage facile et longue dur\u00e9e de conservation<br \/>\n(30 mois)<\/h4>\n\t<h4>Rentable<\/h4>\n\t\t\t<a href=\"https:\/\/labrobot.com\/fr\/avantages\/\" target=\"_self\" rel=\"noopener\">\n\t\t\t\t\t\t\tEn savoir plus sur les avantages\n\t\t\t<\/a>\n\t<h5><strong>T\u00e9moignages.<\/strong><\/h5>\n\t\t\t<img decoding=\"async\" loading='false' src=\"https:\/\/labrobot.com\/wp-content\/uploads\/2024\/07\/bild-2.jpg\" alt=\"\" \/>\t\t\t\n\t\t\t\t<p>\u00ab\u00a0Nous gagnons beaucoup de temps avec Dilucup\u00ae ! Nous n&rsquo;avons pas besoin de pr\u00e9parer les tubes de dilution ni de faire le contr\u00f4le de qualit\u00e9 des diluants. Le Syst\u00e8me Dilucup\u00ae rend vraiment la vie plus facile !\u00a0\u00bb<\/p>\n<em><strong>Martina Costa, Directrice<\/strong><\/em><em><strong><br \/>\nGlobalab<br \/>\nPortugal<\/strong><\/em>\n<img decoding=\"async\" loading='false' src=\"https:\/\/labrobot.com\/wp-content\/uploads\/2024\/07\/bild-2.jpg\" alt=\"\" \/>\t\t\t\n\t\t\t<img decoding=\"async\" loading='false' src=\"https:\/\/labrobot.com\/wp-content\/uploads\/2022\/03\/testimonial2.jpg\" alt=\"\" \/>\t\t\t\n\t\t\t\t<p>\u00ab\u00a0Processus fluide, bonne qualit\u00e9 et toujours une livraison rapide\u00a0\u00bb<\/p>\n<br \/>\n<em><strong>Peter Karlsson<\/strong><\/em><br \/>\n<em><strong>Coordinateur de laboratoire de qualit\u00e9,<\/strong><\/em><br \/>\n<em><strong>Arla Foods<\/strong><\/em><br \/>\n<em><strong>J\u00f6nk\u00f6ping, Su\u00e8de<\/strong><\/em>\n<img decoding=\"async\" loading='false' src=\"https:\/\/labrobot.com\/wp-content\/uploads\/2022\/03\/testimonial2.jpg\" alt=\"\" \/>\t\t\t\n\t\t\t<img decoding=\"async\" loading='false' src=\"https:\/\/labrobot.com\/wp-content\/uploads\/2024\/07\/PBV-testimonial-small.jpg\" alt=\"\" \/>\t\t\t\n\t\t\t\t<p>\u00ab\u00a0Il est simple et pr\u00e9cis d&rsquo;effectuer des dilutions avec le syst\u00e8me Dilucup\u00ae. Le volume exact du diluant et l&rsquo;agitation constante garantissent une concentration homog\u00e8ne de l&rsquo;\u00e9chantillon.\u00a0\u00bb<\/p>\n<strong>Tetiana Garkavanko, Directrice adjointe,<br \/>\nS\u00e9curit\u00e9 alimentaire et protection des consommateurs,<br \/>\nUkraine<\/strong>\n<img decoding=\"async\" loading='false' src=\"https:\/\/labrobot.com\/wp-content\/uploads\/2024\/07\/PBV-testimonial-small.jpg\" alt=\"\" \/>\t\t\t\n<h4>\n\t\t<a href=\"https:\/\/labrobot.com\/fr\/actualites\/\" title=\"&lt;span style=&quot;color: #213469;&quot;&gt;Derni\u00e8res nouvelles&lt;span style=&quot;color: #ff6900&quot;&gt;.&lt;\/span&gt;&lt;\/span&gt;\" target=\"_self\" rel=\"noopener\">\n\t\tDerni\u00e8res nouvelles.\n\t\t<\/a>\n\t<\/h4>\n<h4>\n\t\tNewsletter.\n\t<\/h4>\n\t<p>Nous vous invitons \u00e0 vous inscrire \u00e0 notre newsletter.<\/p>\n<p><em>Vous recevrez des nouvelles environ une fois par trimestre.<\/em><\/p>\n\t<h6>Suivez-nous sur les r\u00e9seaux sociaux !<\/h6>\n\n","protected":false},"excerpt":{"rendered":"<p>Dilutions en s\u00e9rie simples, rapides et ergonomiques Optimisez votre m\u00e9thode de dilution en s\u00e9rie avec le Syst\u00e8me Dilucup\u00ae. Con\u00e7u pour des d\u00e9nombrements microbiologiques faciles et pr\u00e9cis. \u00a0 Que sont les dilutions en s\u00e9rie ? Les dilutions en s\u00e9rie permettent la dilution progressive d&rsquo;une substance dans une solution, g\u00e9n\u00e9ralement par un facteur constant, pour r\u00e9duire la &#8230; <a title=\"Home\" class=\"read-more\" href=\"https:\/\/labrobot.com\/fr\/\" aria-label=\"En savoir plus sur Home\">Read more<\/a><\/p>\n","protected":false},"author":243,"featured_media":0,"parent":0,"menu_order":20,"comment_status":"closed","ping_status":"closed","template":"","meta":{"_acf_changed":false,"generate_page_header":"","footnotes":""},"class_list":["post-815","page","type-page","status-publish"],"acf":[],"yoast_head":"<!-- This site is optimized with the Yoast SEO Premium plugin v27.3 (Yoast SEO v27.3) - https:\/\/yoast.com\/product\/yoast-seo-premium-wordpress\/ -->\n<title>M\u00e9thode de dilution en s\u00e9rie pour l&#039;\u00e9num\u00e9ration des micro-organismes<\/title>\n<meta name=\"description\" content=\"Optimisez votre m\u00e9thode de dilution en s\u00e9rie et remplacez les tubes de dilution et le m\u00e9langeur vortex par le syst\u00e8me Dilucup. Utilis\u00e9 pour le d\u00e9nombrement sur plaque.\" \/>\n<meta name=\"robots\" content=\"index, follow, max-snippet:-1, max-image-preview:large, max-video-preview:-1\" \/>\n<link rel=\"canonical\" href=\"https:\/\/labrobot.com\/fr\/\" \/>\n<meta property=\"og:locale\" content=\"fr_FR\" \/>\n<meta property=\"og:type\" content=\"article\" \/>\n<meta property=\"og:title\" content=\"Home\" \/>\n<meta property=\"og:description\" content=\"Optimisez votre m\u00e9thode de dilution en s\u00e9rie et remplacez les tubes de dilution et le m\u00e9langeur vortex par le syst\u00e8me Dilucup. Utilis\u00e9 pour le d\u00e9nombrement sur plaque.\" \/>\n<meta property=\"og:url\" content=\"https:\/\/labrobot.com\/fr\/\" \/>\n<meta property=\"og:site_name\" content=\"LabRobot\" \/>\n<meta property=\"article:publisher\" content=\"https:\/\/www.facebook.com\/labrobotproductsab\" \/>\n<meta property=\"article:modified_time\" content=\"2024-10-01T16:02:10+00:00\" \/>\n<meta property=\"og:image\" content=\"https:\/\/labrobot.com\/wp-content\/uploads\/2024\/07\/bild-2.jpg\" \/>\n<meta name=\"twitter:card\" content=\"summary_large_image\" \/>\n<meta name=\"twitter:label1\" content=\"Dur\u00e9e de lecture estim\u00e9e\" \/>\n\t<meta name=\"twitter:data1\" content=\"2 minutes\" \/>\n<script type=\"application\/ld+json\" class=\"yoast-schema-graph\">{\"@context\":\"https:\\\/\\\/schema.org\",\"@graph\":[{\"@type\":\"WebPage\",\"@id\":\"https:\\\/\\\/labrobot.com\\\/fr\\\/\",\"url\":\"https:\\\/\\\/labrobot.com\\\/fr\\\/\",\"name\":\"M\u00e9thode de dilution en s\u00e9rie pour l'\u00e9num\u00e9ration des micro-organismes\",\"isPartOf\":{\"@id\":\"https:\\\/\\\/labrobot.com\\\/#website\"},\"primaryImageOfPage\":{\"@id\":\"https:\\\/\\\/labrobot.com\\\/fr\\\/#primaryimage\"},\"image\":{\"@id\":\"https:\\\/\\\/labrobot.com\\\/fr\\\/#primaryimage\"},\"thumbnailUrl\":\"https:\\\/\\\/labrobot.com\\\/wp-content\\\/uploads\\\/2024\\\/07\\\/bild-2.jpg\",\"datePublished\":\"2021-02-26T11:23:22+00:00\",\"dateModified\":\"2024-10-01T16:02:10+00:00\",\"description\":\"Optimisez votre m\u00e9thode de dilution en s\u00e9rie et remplacez les tubes de dilution et le m\u00e9langeur vortex par le syst\u00e8me Dilucup. Utilis\u00e9 pour le d\u00e9nombrement sur plaque.\",\"breadcrumb\":{\"@id\":\"https:\\\/\\\/labrobot.com\\\/fr\\\/#breadcrumb\"},\"inLanguage\":\"fr-FR\",\"potentialAction\":[{\"@type\":\"ReadAction\",\"target\":[\"https:\\\/\\\/labrobot.com\\\/fr\\\/\"]}]},{\"@type\":\"ImageObject\",\"inLanguage\":\"fr-FR\",\"@id\":\"https:\\\/\\\/labrobot.com\\\/fr\\\/#primaryimage\",\"url\":\"https:\\\/\\\/labrobot.com\\\/wp-content\\\/uploads\\\/2024\\\/07\\\/bild-2.jpg\",\"contentUrl\":\"https:\\\/\\\/labrobot.com\\\/wp-content\\\/uploads\\\/2024\\\/07\\\/bild-2.jpg\"},{\"@type\":\"BreadcrumbList\",\"@id\":\"https:\\\/\\\/labrobot.com\\\/fr\\\/#breadcrumb\",\"itemListElement\":[{\"@type\":\"ListItem\",\"position\":1,\"name\":\"Home\",\"item\":\"https:\\\/\\\/labrobot.com\\\/fr\\\/\"},{\"@type\":\"ListItem\",\"position\":2,\"name\":\"Home\"}]},{\"@type\":\"WebSite\",\"@id\":\"https:\\\/\\\/labrobot.com\\\/#website\",\"url\":\"https:\\\/\\\/labrobot.com\\\/\",\"name\":\"LabRobot\",\"description\":\"D\u00e9velopper des instruments et des m\u00e9thodes d'analyse pour la microbiologie alimentaire\",\"publisher\":{\"@id\":\"https:\\\/\\\/labrobot.com\\\/#organization\"},\"potentialAction\":[{\"@type\":\"SearchAction\",\"target\":{\"@type\":\"EntryPoint\",\"urlTemplate\":\"https:\\\/\\\/labrobot.com\\\/?s={search_term_string}\"},\"query-input\":{\"@type\":\"PropertyValueSpecification\",\"valueRequired\":true,\"valueName\":\"search_term_string\"}}],\"inLanguage\":\"fr-FR\"},{\"@type\":\"Organization\",\"@id\":\"https:\\\/\\\/labrobot.com\\\/#organization\",\"name\":\"LabRobot Products AB\",\"url\":\"https:\\\/\\\/labrobot.com\\\/\",\"logo\":{\"@type\":\"ImageObject\",\"inLanguage\":\"fr-FR\",\"@id\":\"https:\\\/\\\/labrobot.com\\\/#\\\/schema\\\/logo\\\/image\\\/\",\"url\":\"https:\\\/\\\/labrobot.com\\\/wp-content\\\/uploads\\\/2018\\\/12\\\/LabRobot_LOGO_signatur.jpg\",\"contentUrl\":\"https:\\\/\\\/labrobot.com\\\/wp-content\\\/uploads\\\/2018\\\/12\\\/LabRobot_LOGO_signatur.jpg\",\"width\":200,\"height\":54,\"caption\":\"LabRobot Products AB\"},\"image\":{\"@id\":\"https:\\\/\\\/labrobot.com\\\/#\\\/schema\\\/logo\\\/image\\\/\"},\"sameAs\":[\"https:\\\/\\\/www.facebook.com\\\/labrobotproductsab\",\"https:\\\/\\\/www.linkedin.com\\\/company\\\/labrobot-products-ab\\\/\",\"https:\\\/\\\/www.youtube.com\\\/channel\\\/UCHGyF_OHfxI1No9ahbU-agQ\"]}]}<\/script>\n<!-- \/ Yoast SEO Premium plugin. -->","yoast_head_json":{"title":"M\u00e9thode de dilution en s\u00e9rie pour l'\u00e9num\u00e9ration des micro-organismes","description":"Optimisez votre m\u00e9thode de dilution en s\u00e9rie et remplacez les tubes de dilution et le m\u00e9langeur vortex par le syst\u00e8me Dilucup. Utilis\u00e9 pour le d\u00e9nombrement sur plaque.","robots":{"index":"index","follow":"follow","max-snippet":"max-snippet:-1","max-image-preview":"max-image-preview:large","max-video-preview":"max-video-preview:-1"},"canonical":"https:\/\/labrobot.com\/fr\/","og_locale":"fr_FR","og_type":"article","og_title":"Home","og_description":"Optimisez votre m\u00e9thode de dilution en s\u00e9rie et remplacez les tubes de dilution et le m\u00e9langeur vortex par le syst\u00e8me Dilucup. Utilis\u00e9 pour le d\u00e9nombrement sur plaque.","og_url":"https:\/\/labrobot.com\/fr\/","og_site_name":"LabRobot","article_publisher":"https:\/\/www.facebook.com\/labrobotproductsab","article_modified_time":"2024-10-01T16:02:10+00:00","og_image":[{"url":"https:\/\/labrobot.com\/wp-content\/uploads\/2024\/07\/bild-2.jpg","type":"","width":"","height":""}],"twitter_card":"summary_large_image","twitter_misc":{"Dur\u00e9e de lecture estim\u00e9e":"2 minutes"},"schema":{"@context":"https:\/\/schema.org","@graph":[{"@type":"WebPage","@id":"https:\/\/labrobot.com\/fr\/","url":"https:\/\/labrobot.com\/fr\/","name":"M\u00e9thode de dilution en s\u00e9rie pour l'\u00e9num\u00e9ration des micro-organismes","isPartOf":{"@id":"https:\/\/labrobot.com\/#website"},"primaryImageOfPage":{"@id":"https:\/\/labrobot.com\/fr\/#primaryimage"},"image":{"@id":"https:\/\/labrobot.com\/fr\/#primaryimage"},"thumbnailUrl":"https:\/\/labrobot.com\/wp-content\/uploads\/2024\/07\/bild-2.jpg","datePublished":"2021-02-26T11:23:22+00:00","dateModified":"2024-10-01T16:02:10+00:00","description":"Optimisez votre m\u00e9thode de dilution en s\u00e9rie et remplacez les tubes de dilution et le m\u00e9langeur vortex par le syst\u00e8me Dilucup. Utilis\u00e9 pour le d\u00e9nombrement sur plaque.","breadcrumb":{"@id":"https:\/\/labrobot.com\/fr\/#breadcrumb"},"inLanguage":"fr-FR","potentialAction":[{"@type":"ReadAction","target":["https:\/\/labrobot.com\/fr\/"]}]},{"@type":"ImageObject","inLanguage":"fr-FR","@id":"https:\/\/labrobot.com\/fr\/#primaryimage","url":"https:\/\/labrobot.com\/wp-content\/uploads\/2024\/07\/bild-2.jpg","contentUrl":"https:\/\/labrobot.com\/wp-content\/uploads\/2024\/07\/bild-2.jpg"},{"@type":"BreadcrumbList","@id":"https:\/\/labrobot.com\/fr\/#breadcrumb","itemListElement":[{"@type":"ListItem","position":1,"name":"Home","item":"https:\/\/labrobot.com\/fr\/"},{"@type":"ListItem","position":2,"name":"Home"}]},{"@type":"WebSite","@id":"https:\/\/labrobot.com\/#website","url":"https:\/\/labrobot.com\/","name":"LabRobot","description":"D\u00e9velopper des instruments et des m\u00e9thodes d'analyse pour la microbiologie alimentaire","publisher":{"@id":"https:\/\/labrobot.com\/#organization"},"potentialAction":[{"@type":"SearchAction","target":{"@type":"EntryPoint","urlTemplate":"https:\/\/labrobot.com\/?s={search_term_string}"},"query-input":{"@type":"PropertyValueSpecification","valueRequired":true,"valueName":"search_term_string"}}],"inLanguage":"fr-FR"},{"@type":"Organization","@id":"https:\/\/labrobot.com\/#organization","name":"LabRobot Products AB","url":"https:\/\/labrobot.com\/","logo":{"@type":"ImageObject","inLanguage":"fr-FR","@id":"https:\/\/labrobot.com\/#\/schema\/logo\/image\/","url":"https:\/\/labrobot.com\/wp-content\/uploads\/2018\/12\/LabRobot_LOGO_signatur.jpg","contentUrl":"https:\/\/labrobot.com\/wp-content\/uploads\/2018\/12\/LabRobot_LOGO_signatur.jpg","width":200,"height":54,"caption":"LabRobot Products AB"},"image":{"@id":"https:\/\/labrobot.com\/#\/schema\/logo\/image\/"},"sameAs":["https:\/\/www.facebook.com\/labrobotproductsab","https:\/\/www.linkedin.com\/company\/labrobot-products-ab\/","https:\/\/www.youtube.com\/channel\/UCHGyF_OHfxI1No9ahbU-agQ"]}]}},"_links":{"self":[{"href":"https:\/\/labrobot.com\/fr\/wp-json\/wp\/v2\/pages\/815","targetHints":{"allow":["GET"]}}],"collection":[{"href":"https:\/\/labrobot.com\/fr\/wp-json\/wp\/v2\/pages"}],"about":[{"href":"https:\/\/labrobot.com\/fr\/wp-json\/wp\/v2\/types\/page"}],"author":[{"embeddable":true,"href":"https:\/\/labrobot.com\/fr\/wp-json\/wp\/v2\/users\/243"}],"replies":[{"embeddable":true,"href":"https:\/\/labrobot.com\/fr\/wp-json\/wp\/v2\/comments?post=815"}],"version-history":[{"count":0,"href":"https:\/\/labrobot.com\/fr\/wp-json\/wp\/v2\/pages\/815\/revisions"}],"wp:attachment":[{"href":"https:\/\/labrobot.com\/fr\/wp-json\/wp\/v2\/media?parent=815"}],"curies":[{"name":"wp","href":"https:\/\/api.w.org\/{rel}","templated":true}]}}