{"id":7510,"date":"2021-02-26T08:30:07","date_gmt":"2021-02-26T07:30:07","guid":{"rendered":"http:\/\/labrobot.com\/?page_id=7510"},"modified":"2022-08-05T09:53:48","modified_gmt":"2022-08-05T08:53:48","slug":"temoignages","status":"publish","type":"page","link":"https:\/\/labrobot.com\/fr\/temoignages\/","title":{"rendered":"T\u00e9moignages"},"content":{"rendered":"\n<h1>\n\t\tT\u00e9moignages.\n\t<\/h1>\n\t<p><strong>\u00ab\u00a0Simple, bonne qualit\u00e9 et livraison toujours rapide\u00a0\u00bb<\/strong><\/p>\n<em>Peter Karlsson, coordinateur du laboratoire qualit\u00e9,<br \/>\nArla Foods J\u00f6nk\u00f6ping, Su\u00e8de<\/em>\n\t\t\t<img decoding=\"async\" loading='false' src=\"https:\/\/labrobot.com\/wp-content\/uploads\/2022\/03\/testimonial2-1024x655.jpg\" alt=\"\" \/>\t\t\t\n\t\t\t<img decoding=\"async\" loading='false' src=\"https:\/\/labrobot.com\/wp-content\/uploads\/2022\/03\/testimonial3-1024x768.jpg\" alt=\"\" \/>\t\t\t\n\t\t\t<img decoding=\"async\" loading='false' src=\"https:\/\/labrobot.com\/wp-content\/uploads\/2022\/03\/testimonial1-1024x768.jpg\" alt=\"\" \/>\t\t\t\n\t<p><strong>\u00a0\u00bb Nous gagnons beaucoup de temps avec le Dilucup!<\/strong><\/p>\n<p>Nous n&rsquo;avons plus besoin de pr\u00e9parer les tubes de dilution ni de faire le contr\u00f4le qualit\u00e9 des diluants. Le syst\u00e8me Dilucup rend la vie plus facile! \u00ab\u00a0<\/p>\n<em>Martina Costa, Directrice<br \/>\n<\/em> <em>Globalab, Portugal.<\/em>\n\n\t\t\t<img decoding=\"async\" loading='false' src=\"https:\/\/labrobot.com\/wp-content\/uploads\/2020\/02\/bild-2.jpg\" alt=\"\" \/>\t\t\t\n\t\t\t<img decoding=\"async\" loading='false' src=\"https:\/\/labrobot.com\/wp-content\/uploads\/2020\/02\/bild-1.jpg\" alt=\"\" \/>\t\t\t\n\t<p><strong>\u00ab\u00a0<\/strong>Il est facile de faire des d\u00e9nombrements pr\u00e9cis avec le syst\u00e8me Dilucup<\/p>\n<p>\u00a0L&rsquo;exactitude du volume de diluant et l&rsquo;agitation constante assurent une concentration uniforme dans l&rsquo;\u00e9chantillon\u00a0\u00bb.<\/p>\n<em><br \/>\nTetiana Garkavanko, Directrice adjointe,<\/em><br \/>\n<em>Service National pour la S\u00e9curit\u00e9 Alimentaire et la<br \/>\nProtection des Consommateurs en Ukraine<\/em>\n\t\t\t\t<img loading=\"lazy\" decoding=\"async\" src=\"https:\/\/labrobot.com\/wp-content\/uploads\/2020\/02\/PBV-testimonial.jpg\" alt=\"PBV testimonial\" itemprop=\"image\" height=\"1025\" width=\"958\" title=\"PBV testimonial\" onerror=\"this.style.display='none'\"  \/>\n\t\t\t\t<img loading=\"lazy\" decoding=\"async\" src=\"https:\/\/labrobot.com\/wp-content\/uploads\/2019\/11\/testimonial-1.png\" alt=\"t\u00e9moignage\" itemprop=\"image\" height=\"700\" width=\"495\" title=\"t\u00e9moignage\" onerror=\"this.style.display='none'\"  \/>\n\t<h2>Alors envoyez-nous votre t\u00e9moignage !<\/h2>\n\n","protected":false},"excerpt":{"rendered":"<p>T\u00e9moignages. \u00ab\u00a0Simple, bonne qualit\u00e9 et livraison toujours rapide\u00a0\u00bb Peter Karlsson, coordinateur du laboratoire qualit\u00e9, Arla Foods J\u00f6nk\u00f6ping, Su\u00e8de \u00a0\u00bb Nous gagnons beaucoup de temps avec le Dilucup! Nous n&rsquo;avons plus besoin de pr\u00e9parer les tubes de dilution ni de faire le contr\u00f4le qualit\u00e9 des diluants. Le syst\u00e8me Dilucup rend la vie plus facile! \u00ab\u00a0 Martina &#8230; <a title=\"T\u00e9moignages\" class=\"read-more\" href=\"https:\/\/labrobot.com\/fr\/temoignages\/\" aria-label=\"En savoir plus sur T\u00e9moignages\">Read more<\/a><\/p>\n","protected":false},"author":243,"featured_media":0,"parent":0,"menu_order":7,"comment_status":"closed","ping_status":"closed","template":"","meta":{"_acf_changed":false,"generate_page_header":"","footnotes":""},"class_list":["post-7510","page","type-page","status-publish"],"acf":[],"yoast_head":"<!-- This site is optimized with the Yoast SEO Premium plugin v27.3 (Yoast SEO v27.3) - https:\/\/yoast.com\/product\/yoast-seo-premium-wordpress\/ -->\n<title>Tubes de dilution contre coupes de dilution | T\u00e9moignages | LabRobot<\/title>\n<meta name=\"description\" content=\"&quot;Nous gagnons beaucoup de temps avec le Dilucup! Nous n&#039;avons plus besoin de pr\u00e9parer les tubes de dilution ni de faire le contr\u00f4le qualit\u00e9 des diluants.&quot;\" \/>\n<meta name=\"robots\" content=\"index, follow, max-snippet:-1, max-image-preview:large, max-video-preview:-1\" \/>\n<link rel=\"canonical\" href=\"https:\/\/labrobot.com\/fr\/temoignages\/\" \/>\n<meta property=\"og:locale\" content=\"fr_FR\" \/>\n<meta property=\"og:type\" content=\"article\" \/>\n<meta property=\"og:title\" content=\"T\u00e9moignages\" \/>\n<meta property=\"og:description\" content=\"&quot;Nous gagnons beaucoup de temps avec le Dilucup! Nous n&#039;avons plus besoin de pr\u00e9parer les tubes de dilution ni de faire le contr\u00f4le qualit\u00e9 des diluants.&quot;\" \/>\n<meta property=\"og:url\" content=\"https:\/\/labrobot.com\/fr\/temoignages\/\" \/>\n<meta property=\"og:site_name\" content=\"LabRobot\" \/>\n<meta property=\"article:publisher\" content=\"https:\/\/www.facebook.com\/labrobotproductsab\" \/>\n<meta property=\"article:modified_time\" content=\"2022-08-05T08:53:48+00:00\" \/>\n<meta property=\"og:image\" content=\"https:\/\/labrobot.com\/wp-content\/uploads\/2022\/03\/testimonial2-1024x655.jpg\" \/>\n<meta name=\"twitter:card\" content=\"summary_large_image\" \/>\n<meta name=\"twitter:label1\" content=\"Dur\u00e9e de lecture estim\u00e9e\" \/>\n\t<meta name=\"twitter:data1\" content=\"1 minute\" \/>\n<script type=\"application\/ld+json\" class=\"yoast-schema-graph\">{\"@context\":\"https:\\\/\\\/schema.org\",\"@graph\":[{\"@type\":\"WebPage\",\"@id\":\"https:\\\/\\\/labrobot.com\\\/fr\\\/temoignages\\\/\",\"url\":\"https:\\\/\\\/labrobot.com\\\/fr\\\/temoignages\\\/\",\"name\":\"Tubes de dilution contre coupes de dilution | T\u00e9moignages | LabRobot\",\"isPartOf\":{\"@id\":\"https:\\\/\\\/labrobot.com\\\/#website\"},\"primaryImageOfPage\":{\"@id\":\"https:\\\/\\\/labrobot.com\\\/fr\\\/temoignages\\\/#primaryimage\"},\"image\":{\"@id\":\"https:\\\/\\\/labrobot.com\\\/fr\\\/temoignages\\\/#primaryimage\"},\"thumbnailUrl\":\"https:\\\/\\\/labrobot.com\\\/wp-content\\\/uploads\\\/2022\\\/03\\\/testimonial2-1024x655.jpg\",\"datePublished\":\"2021-02-26T07:30:07+00:00\",\"dateModified\":\"2022-08-05T08:53:48+00:00\",\"description\":\"\\\"Nous gagnons beaucoup de temps avec le Dilucup! Nous n'avons plus besoin de pr\u00e9parer les tubes de dilution ni de faire le contr\u00f4le qualit\u00e9 des diluants.\\\"\",\"breadcrumb\":{\"@id\":\"https:\\\/\\\/labrobot.com\\\/fr\\\/temoignages\\\/#breadcrumb\"},\"inLanguage\":\"fr-FR\",\"potentialAction\":[{\"@type\":\"ReadAction\",\"target\":[\"https:\\\/\\\/labrobot.com\\\/fr\\\/temoignages\\\/\"]}]},{\"@type\":\"ImageObject\",\"inLanguage\":\"fr-FR\",\"@id\":\"https:\\\/\\\/labrobot.com\\\/fr\\\/temoignages\\\/#primaryimage\",\"url\":\"https:\\\/\\\/labrobot.com\\\/wp-content\\\/uploads\\\/2022\\\/03\\\/testimonial2-1024x655.jpg\",\"contentUrl\":\"https:\\\/\\\/labrobot.com\\\/wp-content\\\/uploads\\\/2022\\\/03\\\/testimonial2-1024x655.jpg\"},{\"@type\":\"BreadcrumbList\",\"@id\":\"https:\\\/\\\/labrobot.com\\\/fr\\\/temoignages\\\/#breadcrumb\",\"itemListElement\":[{\"@type\":\"ListItem\",\"position\":1,\"name\":\"Home\",\"item\":\"https:\\\/\\\/labrobot.com\\\/fr\\\/\"},{\"@type\":\"ListItem\",\"position\":2,\"name\":\"T\u00e9moignages\"}]},{\"@type\":\"WebSite\",\"@id\":\"https:\\\/\\\/labrobot.com\\\/#website\",\"url\":\"https:\\\/\\\/labrobot.com\\\/\",\"name\":\"LabRobot\",\"description\":\"D\u00e9velopper des instruments et des m\u00e9thodes d'analyse pour la microbiologie alimentaire\",\"publisher\":{\"@id\":\"https:\\\/\\\/labrobot.com\\\/#organization\"},\"potentialAction\":[{\"@type\":\"SearchAction\",\"target\":{\"@type\":\"EntryPoint\",\"urlTemplate\":\"https:\\\/\\\/labrobot.com\\\/?s={search_term_string}\"},\"query-input\":{\"@type\":\"PropertyValueSpecification\",\"valueRequired\":true,\"valueName\":\"search_term_string\"}}],\"inLanguage\":\"fr-FR\"},{\"@type\":\"Organization\",\"@id\":\"https:\\\/\\\/labrobot.com\\\/#organization\",\"name\":\"LabRobot Products AB\",\"url\":\"https:\\\/\\\/labrobot.com\\\/\",\"logo\":{\"@type\":\"ImageObject\",\"inLanguage\":\"fr-FR\",\"@id\":\"https:\\\/\\\/labrobot.com\\\/#\\\/schema\\\/logo\\\/image\\\/\",\"url\":\"https:\\\/\\\/labrobot.com\\\/wp-content\\\/uploads\\\/2018\\\/12\\\/LabRobot_LOGO_signatur.jpg\",\"contentUrl\":\"https:\\\/\\\/labrobot.com\\\/wp-content\\\/uploads\\\/2018\\\/12\\\/LabRobot_LOGO_signatur.jpg\",\"width\":200,\"height\":54,\"caption\":\"LabRobot Products AB\"},\"image\":{\"@id\":\"https:\\\/\\\/labrobot.com\\\/#\\\/schema\\\/logo\\\/image\\\/\"},\"sameAs\":[\"https:\\\/\\\/www.facebook.com\\\/labrobotproductsab\",\"https:\\\/\\\/www.linkedin.com\\\/company\\\/labrobot-products-ab\\\/\",\"https:\\\/\\\/www.youtube.com\\\/channel\\\/UCHGyF_OHfxI1No9ahbU-agQ\"]}]}<\/script>\n<!-- \/ Yoast SEO Premium plugin. -->","yoast_head_json":{"title":"Tubes de dilution contre coupes de dilution | T\u00e9moignages | LabRobot","description":"\"Nous gagnons beaucoup de temps avec le Dilucup! Nous n'avons plus besoin de pr\u00e9parer les tubes de dilution ni de faire le contr\u00f4le qualit\u00e9 des diluants.\"","robots":{"index":"index","follow":"follow","max-snippet":"max-snippet:-1","max-image-preview":"max-image-preview:large","max-video-preview":"max-video-preview:-1"},"canonical":"https:\/\/labrobot.com\/fr\/temoignages\/","og_locale":"fr_FR","og_type":"article","og_title":"T\u00e9moignages","og_description":"\"Nous gagnons beaucoup de temps avec le Dilucup! Nous n'avons plus besoin de pr\u00e9parer les tubes de dilution ni de faire le contr\u00f4le qualit\u00e9 des diluants.\"","og_url":"https:\/\/labrobot.com\/fr\/temoignages\/","og_site_name":"LabRobot","article_publisher":"https:\/\/www.facebook.com\/labrobotproductsab","article_modified_time":"2022-08-05T08:53:48+00:00","og_image":[{"url":"https:\/\/labrobot.com\/wp-content\/uploads\/2022\/03\/testimonial2-1024x655.jpg","type":"","width":"","height":""}],"twitter_card":"summary_large_image","twitter_misc":{"Dur\u00e9e de lecture estim\u00e9e":"1 minute"},"schema":{"@context":"https:\/\/schema.org","@graph":[{"@type":"WebPage","@id":"https:\/\/labrobot.com\/fr\/temoignages\/","url":"https:\/\/labrobot.com\/fr\/temoignages\/","name":"Tubes de dilution contre coupes de dilution | T\u00e9moignages | LabRobot","isPartOf":{"@id":"https:\/\/labrobot.com\/#website"},"primaryImageOfPage":{"@id":"https:\/\/labrobot.com\/fr\/temoignages\/#primaryimage"},"image":{"@id":"https:\/\/labrobot.com\/fr\/temoignages\/#primaryimage"},"thumbnailUrl":"https:\/\/labrobot.com\/wp-content\/uploads\/2022\/03\/testimonial2-1024x655.jpg","datePublished":"2021-02-26T07:30:07+00:00","dateModified":"2022-08-05T08:53:48+00:00","description":"\"Nous gagnons beaucoup de temps avec le Dilucup! Nous n'avons plus besoin de pr\u00e9parer les tubes de dilution ni de faire le contr\u00f4le qualit\u00e9 des diluants.\"","breadcrumb":{"@id":"https:\/\/labrobot.com\/fr\/temoignages\/#breadcrumb"},"inLanguage":"fr-FR","potentialAction":[{"@type":"ReadAction","target":["https:\/\/labrobot.com\/fr\/temoignages\/"]}]},{"@type":"ImageObject","inLanguage":"fr-FR","@id":"https:\/\/labrobot.com\/fr\/temoignages\/#primaryimage","url":"https:\/\/labrobot.com\/wp-content\/uploads\/2022\/03\/testimonial2-1024x655.jpg","contentUrl":"https:\/\/labrobot.com\/wp-content\/uploads\/2022\/03\/testimonial2-1024x655.jpg"},{"@type":"BreadcrumbList","@id":"https:\/\/labrobot.com\/fr\/temoignages\/#breadcrumb","itemListElement":[{"@type":"ListItem","position":1,"name":"Home","item":"https:\/\/labrobot.com\/fr\/"},{"@type":"ListItem","position":2,"name":"T\u00e9moignages"}]},{"@type":"WebSite","@id":"https:\/\/labrobot.com\/#website","url":"https:\/\/labrobot.com\/","name":"LabRobot","description":"D\u00e9velopper des instruments et des m\u00e9thodes d'analyse pour la microbiologie alimentaire","publisher":{"@id":"https:\/\/labrobot.com\/#organization"},"potentialAction":[{"@type":"SearchAction","target":{"@type":"EntryPoint","urlTemplate":"https:\/\/labrobot.com\/?s={search_term_string}"},"query-input":{"@type":"PropertyValueSpecification","valueRequired":true,"valueName":"search_term_string"}}],"inLanguage":"fr-FR"},{"@type":"Organization","@id":"https:\/\/labrobot.com\/#organization","name":"LabRobot Products AB","url":"https:\/\/labrobot.com\/","logo":{"@type":"ImageObject","inLanguage":"fr-FR","@id":"https:\/\/labrobot.com\/#\/schema\/logo\/image\/","url":"https:\/\/labrobot.com\/wp-content\/uploads\/2018\/12\/LabRobot_LOGO_signatur.jpg","contentUrl":"https:\/\/labrobot.com\/wp-content\/uploads\/2018\/12\/LabRobot_LOGO_signatur.jpg","width":200,"height":54,"caption":"LabRobot Products AB"},"image":{"@id":"https:\/\/labrobot.com\/#\/schema\/logo\/image\/"},"sameAs":["https:\/\/www.facebook.com\/labrobotproductsab","https:\/\/www.linkedin.com\/company\/labrobot-products-ab\/","https:\/\/www.youtube.com\/channel\/UCHGyF_OHfxI1No9ahbU-agQ"]}]}},"_links":{"self":[{"href":"https:\/\/labrobot.com\/fr\/wp-json\/wp\/v2\/pages\/7510","targetHints":{"allow":["GET"]}}],"collection":[{"href":"https:\/\/labrobot.com\/fr\/wp-json\/wp\/v2\/pages"}],"about":[{"href":"https:\/\/labrobot.com\/fr\/wp-json\/wp\/v2\/types\/page"}],"author":[{"embeddable":true,"href":"https:\/\/labrobot.com\/fr\/wp-json\/wp\/v2\/users\/243"}],"replies":[{"embeddable":true,"href":"https:\/\/labrobot.com\/fr\/wp-json\/wp\/v2\/comments?post=7510"}],"version-history":[{"count":0,"href":"https:\/\/labrobot.com\/fr\/wp-json\/wp\/v2\/pages\/7510\/revisions"}],"wp:attachment":[{"href":"https:\/\/labrobot.com\/fr\/wp-json\/wp\/v2\/media?parent=7510"}],"curies":[{"name":"wp","href":"https:\/\/api.w.org\/{rel}","templated":true}]}}