{"id":5691,"date":"2018-12-10T11:13:35","date_gmt":"2018-12-10T10:13:35","guid":{"rendered":"http:\/\/labrobot.com\/labrobot2018\/?page_id=5691"},"modified":"2018-12-10T11:29:34","modified_gmt":"2018-12-10T10:29:34","slug":"produits-2","status":"publish","type":"page","link":"https:\/\/labrobot.com\/fr\/produits-2\/","title":{"rendered":"Produits"},"content":{"rendered":"<h1>\n\t\tSyst\u00e8me de Dilution en S\u00e9rie.<br \/>\n\t<\/h1>\n<h2>Optimisez votre m\u00e9thode de\u00a0 dilution en s\u00e9rie.<\/h2>\n<p>Le Dilucup est une cupule pr\u00e9-remplie avec 9 mL de diluant st\u00e9rile. Il s&rsquo;utilise en combinaison avec avec un agitateur d\u00e9di\u00e9, le Dilushaker.<\/p>\n<p>Le Dilucup permet aux laboratoires de standardiser et de fiabiliser la r\u00e9alisation des dilutions en s\u00e9rie en microbiologie alimentaire, bio-industrie et industrie papeti\u00e8re, par exemple.<\/p>\n<p>\t\t\t<a href=\"http:\/\/labrobot.com\/request-a-demo\/\" target=\"_self\" role=\"button\"><br \/>\n\t\t\t\t\t\tD\u00e9mo gratuite<br \/>\n\t\t\t\t\t<\/a><br \/>\n\t\t\t<a href=\"http:\/\/labrobot.com\/certificates\/\" target=\"_self\" role=\"button\"><br \/>\n\t\t\t\t\t\tCertificat<br \/>\n\t\t\t\t\t<\/a><br \/>\n\t\t\t<a href=\"http:\/\/labrobot.com\/order\/\" target=\"_self\" role=\"button\"><br \/>\n\t\t\t\t\t\tCommande<br \/>\n\t\t\t\t\t<\/a><br \/>\n\t\t\t\t<img loading=\"lazy\" decoding=\"async\" src=\"http:\/\/labrobot.com\/wp-content\/uploads\/2014\/11\/logo-dilute_orange.png\" alt=\"logo-dilute_orange\" itemprop=\"image\" height=\"631\" width=\"848\" title=\"logo-dilute_orange\"  \/><\/p>\n<h2>Simple comme 1-2-3<\/h2>\n<p>1. Ajouter 1 mL d&rsquo;\u00e9chantillon dans le premier Dilucup<br \/>\n2. Agitez en d\u00e9marrant le Dilushaker<br \/>\n3. Pr\u00e9lever 1 mL dans la premi\u00e8re cupule et l&rsquo;ajouter \u00e0 la suivante<\/p>\n<p><em><strong>LabRobot Products AB<\/strong> a invent\u00e9, d\u00e9velopp\u00e9 et brevet\u00e9 le Syst\u00e8me Dilucup, qui rend les dilutions en s\u00e9rie plus simples, plus rapides et plus \u00e9conomiques.<\/em><\/p>\n<p><strong>Le Syst\u00e8me Dilucup permet la standardisation des dilutions et r\u00e9duit la variabilit\u00e9<br \/>\nentre techniciens, souvent observ\u00e9e en microbiologie traditionnelle.<\/strong><\/p>\n<p>Il y a encore quelques ann\u00e9es, la m\u00e9thode courante pour la dilution d\u00e9cimale (1:10, 1:100, 1:1000, etc&#8230;) d&rsquo;\u00e9chantillons microbiologiques passait par la pr\u00e9paration de ses propres tubes de diluant. Ces tubes devaient \u00eatre remplis avec le diluant appropri\u00e9 (Peptone-Sel par exemple), autoclav\u00e9s puis conserv\u00e9s au r\u00e9frig\u00e9rateur. Apr\u00e8s l&#8217;emploi, ces m\u00eames tubes devaient \u00eatre vid\u00e9s et lav\u00e9s avant d&rsquo;\u00eatre \u00e0 nouveau remplis. Cette m\u00e9thode \u00e9tait \u00e0 la fois longue et co\u00fbteuse en main d&rsquo;oeuvre. Pendant l&rsquo;autoclavage, il \u00e9tait \u00e9galement fr\u00e9quent que l&rsquo;\u00e9vaporation soit mal contr\u00f4l\u00e9e, ceci entra\u00eenant des \u00e9carts de volume pr\u00e9judiciables \u00e0 la pr\u00e9cision des r\u00e9sultats.<\/p>\n<p>\t\t\t\t<img loading=\"lazy\" decoding=\"async\" src=\"http:\/\/labrobot.com\/wp-content\/uploads\/2014\/11\/P2A6097.jpg\" alt=\"_P2A6097\" itemprop=\"image\" height=\"1333\" width=\"2000\" title=\"_P2A6097\"  \/><br \/>\n\t\t\t\t<img loading=\"lazy\" decoding=\"async\" src=\"http:\/\/labrobot.com\/wp-content\/uploads\/2014\/11\/P2A6117.jpg\" alt=\"_P2A6117\" itemprop=\"image\" height=\"1333\" width=\"2000\" title=\"_P2A6117\"  \/><\/p>\n<p><strong>Avec le Syst\u00e8me Dilucup, c&rsquo;est tout simple:\u00a0<\/strong><\/p>\n<ul>\n<li>Placer un nombre de Dilucups suffisant sur le Dilushaker<\/li>\n<li>Enlever le film protecteur<\/li>\n<li>Ajouter 1 ml d&rsquo;\u00e9chantillon au premier Dilucup<\/li>\n<li>D\u00e9marrer l&rsquo;agitation en passant la main devant le capteur optique<\/li>\n<li>Quand le Dilushaker s&rsquo;arr\u00eate, la dilution 1:10 est pr\u00eate<\/li>\n<li>Avec un nouvel embout de pipette, pr\u00e9lever 1 ml dans la premi\u00e8re cupule l&rsquo;ajouter \u00e0 la seconde afin de r\u00e9aliser la dilution suivante (1:100)<\/li>\n<li>D\u00e9marrer l&rsquo;agitation en passant la main devant le capteur optique<\/li>\n<li>R\u00e9p\u00e9ter cette op\u00e9ration jusqu&rsquo;au niveau final de dilution souhait\u00e9<\/li>\n<\/ul>\n<p>\t\t\t1<br \/>\n\t\t\t\t\t\t\tChoisir son diluant<\/p>\n<h3>Diluants<\/h3>\n<ul>\n<li>MRD (Maximum Recovery Diluent)<\/li>\n<li>BPW (Eau Pepton\u00e9e Tamponn\u00e9e)<\/li>\n<li>NaCl, 0.85%<\/li>\n<\/ul>\n<p>\t\t\t2<br \/>\n\t\t\t\t\t\t\tCombien d&rsquo;\u00e9chantillons?<\/p>\n<h3>Dilushaker<\/h3>\n<ul>\n<li>6 colonnes pour 42 cupules (7 x 6)<\/li>\n<li>3 colonnes pour 21 cupules (7 x 3)<\/li>\n<\/ul>\n<p>\t\t\t3<br \/>\n\t\t\t\t\t\t\tAccessoires<\/p>\n<h3>Accessoires<\/h3>\n<ul>\n<li>Plateau extractible<\/li>\n<li>P\u00e9dale<\/li>\n<li>Valise de transport<\/li>\n<\/ul>\n<h3>Economique<\/h3>\n<p>Le prix raisonnable des Dilucups pr\u00eat-\u00e0-l&#8217;emploi et l&rsquo;augmentation significative de la productivit\u00e9 du laboratoire contribuent positivement au budget du laboratoire.<\/p>\n<h3>Gain de temps<\/h3>\n<p>R\u00e9aliser des dilutions avec Dilucup est plus rapide qu&rsquo;avec des tubes de dilution classiques. Le gain de temps peut atteindre 10 secondes\/dilution.<\/p>\n<h3>Pr\u00e9vention des maladies professionelles<\/h3>\n<p>L&rsquo;utilisation r\u00e9p\u00e9t\u00e9e d&rsquo;un vortex peut entra\u00eener des troubles musculo-squelettiques. Avec le Dilucup, toutes les vibrations sont absorb\u00e9es par le Dilushaker. L&rsquo;utilisation de mati\u00e8res plastiques est \u00e9galement plus s\u00fbre en cas d&rsquo;incident.<\/p>\n<h3>Meilleure qualit\u00e9<\/h3>\n<p>Elle d\u00e9coule de la standardisation de la m\u00e9thode de dilution (moins de variations) et de la pr\u00e9cision du volume de diluant dans les cupules. Tous les lots de Dilucup sont soigneusement contr\u00f4l\u00e9s et accompagn\u00e9s d&rsquo;un certificat de QC.<\/p>\n<h3>Longue conservation<\/h3>\n<p>Les boites des Dilucup peuvent \u00eatre conserv\u00e9es \u00e0 temp\u00e9rature ambiante pendant 20 mois maximum.<\/p>\n<p>\t\t\t<a href=\"http:\/\/labrobot.com\/fr\/questions-courantes\/\" target=\"_self\" role=\"button\"><br \/>\n\t\t\t\t\t\tQuestions courantes<br \/>\n\t\t\t\t\t<\/a><\/p>\n<h1>Diluants.<\/h1>\n<p>Un Dilucup est une cupule pr\u00e9-remplie avec 9 mL de diluant st\u00e9rile. Il est disponible sous un format \u00ab\u00a0blister\u00a0\u00bb de sept rang\u00e9es de trois ou de six cupules. Le \u00ab\u00a0blister\u00a0\u00bb est tel qu&rsquo;on le pose directement sur le plateau d&rsquo;un agitateur d\u00e9di\u00e9, le Dilushaker. L&rsquo;utilisateur ouvre le nombre n\u00e9cessaire de Dilucups en enlevant le film sup\u00e9rieur qui garantit la st\u00e9rilit\u00e9 et le volume pr\u00e9cis de chaque cupule.<\/p>\n<p>LabRobot propose une gamme standard de 3 mod\u00e8les de Dilucup Elegance.<\/p>\n<p>\t\t\t\t<img loading=\"lazy\" decoding=\"async\" src=\"http:\/\/labrobot.com\/wp-content\/uploads\/2018\/07\/Dilucup-elegance-logo_pantone-280C.png\" alt=\"DILUCUP ELEGANCE\" itemprop=\"image\" height=\"1129\" width=\"2890\" title=\"Dilucup-elegance-logo_pantone-280C\"  \/><\/p>\n<h3>Dilucup Elegance MRD<br \/>\n(Maximal Recovery Diluent)<\/h3>\n<p><strong>Composition:<\/strong> Peptones 1 g\/L, NaCl 8,5 g\/L, Tampons<br \/>\n<strong>pH:<\/strong> 7,0 \u00b1 0,2<br \/>\n<strong>Volume:<\/strong> 9 mL \u00b1 2 %<br \/>\n<strong>Article numbers:<\/strong><br \/>\n40DEMRD3 (2 x 16 x 21 cups), 3 cups\/rang<br \/>\n40DEMRD6 (2 x 8 x 42 cups), 6 cups\/rang<\/p>\n<h3>Dilucup Elegance BPW<br \/>\n(Eau Pepton\u00e9e Tamponn\u00e9e)<\/h3>\n<p><strong>Composition:<\/strong> Peptones 10 g\/L, NaCl 5 g\/L, Tampons<br \/>\n<strong>pH:<\/strong> 7,0 \u00b1 0,2<br \/>\n<strong>Volume:<\/strong> 9 mL \u00b1 2 %<br \/>\n<strong>Article numbers:<\/strong><br \/>\n40DEBPW3 (2 x 16 x 21 cups), 3 cups\/rang<br \/>\n40DEBPW6 (2 x 8 x 42 cups), 6 cups\/rang<\/p>\n<h3>Dilucup Elegance NACL<\/h3>\n<p><strong>Composition:<\/strong> NaCl 8,5 g\/L, Tampons<br \/>\n<strong>pH:<\/strong> 7,0 \u00b1 0,2<br \/>\n<strong>Volume:<\/strong> 9 mL \u00b1 2 %<br \/>\n<strong>Article numbers:<\/strong><br \/>\n40DENACL3 (2 x 16 x 21 cups), 3 cups\/rang<br \/>\n40DENACL6 (2 x 8 x 42 cups), 6 cups\/rang<\/p>\n<p>\t\t\t<a href=\"http:\/\/labrobot.com\/wp-content\/uploads\/2018\/12\/Dilucup-Elegance-MRD-1.pdf\" target=\"_blank\" role=\"button\" rel=\"noopener\" ><br \/>\n\t\t\t\t\t\tFiche technique MRD<br \/>\n\t\t\t\t\t<\/a><br \/>\n\t\t\t<a href=\"\" target=\"_blank\" role=\"button\" rel=\"noopener\" ><br \/>\n\t\t\t\t\t\tFiche technique BPW<br \/>\n\t\t\t\t\t<\/a><br \/>\n\t\t\t<a href=\"\" target=\"_self\" role=\"button\"><br \/>\n\t\t\t\t\t\tFiche technique NACL<br \/>\n\t\t\t\t\t<\/a><\/p>\n<p><em>La production d&rsquo;autres articles (recette propre, volume diff\u00e9rent, etc\u2026) est possible sous condition d&rsquo;une commande minimum d&rsquo;une palette (21504 cupules). Si cela vous int\u00e9resse, merci de nous contacter pour une \u00e9tude de faisabilit\u00e9.<\/em><\/p>\n<h1>Dilushaker.<\/h1>\n<p>Le Dilushaker III Digital a \u00e9t\u00e9 sp\u00e9cialement d\u00e9velopp\u00e9 pour garantir une utilisation simple et fiable des Dilucups.<\/p>\n<p>L&rsquo;agitation d\u00e9marre imm\u00e9diatement lors de l&rsquo;activation d&rsquo;un capteur optique situ\u00e9 sur le devant de l&rsquo;appareil. La vitesse de rotation et la dur\u00e9e d&rsquo;agitation sont pr\u00e9-r\u00e9gl\u00e9es par l&rsquo;utilisateur, pour que chaque dilution soit trait\u00e9e de la m\u00eame mani\u00e8re (dur\u00e9e + vitesse).<\/p>\n<p><strong>Sp\u00e9cifications:<\/strong><\/p>\n<ul>\n<li>Dur\u00e9e d&rsquo;agitation r\u00e9glable de 1 \u00e0 15 secondes par dilution<\/li>\n<li>Vitesse de rotation r\u00e9glable (400, 500 ou 600 tr\/min)<\/li>\n<li>Plateau extractible pour un nettoyage ais\u00e9<\/li>\n<li>Rampe de LED pour guider l&rsquo;utilisateur<\/li>\n<li>Direction de la rampe r\u00e9glable afin de s&rsquo;adapter aux droitiers comme aux gauchers<\/li>\n<li>Nombre de dilutions par \u00e9chantillon r\u00e9glable de 1 \u00e0 12<\/li>\n<li>Pilotage \u00e0 l&rsquo;aide d&rsquo;un capteur optique ou d&rsquo;une p\u00e9dale<\/li>\n<\/ul>\n<p>\t\t\t\t<img loading=\"lazy\" decoding=\"async\" src=\"http:\/\/labrobot.com\/wp-content\/uploads\/2018\/12\/Dilushaker_40DS21PRXT.jpg\" alt=\"Dilushaker_40DS21PRXT\" itemprop=\"image\" height=\"321\" width=\"500\" title=\"Dilushaker_40DS21PRXT\"  \/><\/p>\n<ul>\n<li>Rampe \u00e9quip\u00e9e de 3 LED<\/li>\n<li>Plateau extractible pour 21 cupules<\/li>\n<li>Recommand\u00e9 pour utilisation avec Dilucups en format 3\u00d77<\/li>\n<\/ul>\n<p><strong>Article:<\/strong> 40DS21PRXT<\/p>\n<p>\t\t\t\t<img loading=\"lazy\" decoding=\"async\" src=\"http:\/\/labrobot.com\/wp-content\/uploads\/2018\/12\/Dilushaker_40DS42PRXT.jpg\" alt=\"Dilushaker_40DS42PRXT\" itemprop=\"image\" height=\"321\" width=\"500\" title=\"Dilushaker_40DS42PRXT\"  \/><\/p>\n<ul>\n<li>Rampe \u00e9quip\u00e9e de 6 LED<\/li>\n<li>Plateau extractible pour 42 cupules<\/li>\n<li>Recommand\u00e9 pour utilisation avec Dilucups en format 6\u00d77)<\/li>\n<\/ul>\n<p><strong>Article: <\/strong>40DS42PRXT<\/p>\n<p><em>Le Dilushaker III Digital a \u00e9t\u00e9 exclusivement d\u00e9velopp\u00e9 pour LabRobot. Il est assembl\u00e9 et contr\u00f4l\u00e9 dans nos locaux de Stenungsund (Su\u00e8de).<\/em><\/p>\n<p>\t\t\t<a href=\"http:\/\/labrobot.com\/products\/sample-preparation-with-the-dilucup-system\/\" target=\"_blank\" role=\"button\" rel=\"noopener\" ><br \/>\n\t\t\t\t\t\tDilushaker Guide<br \/>\n\t\t\t\t\t<\/a><br \/>\n\t\t\t<a href=\"http:\/\/labrobot.com\/request-a-demo\/\" target=\"_self\" role=\"button\"><br \/>\n\t\t\t\t\t\tD\u00e9mo gratuite<br \/>\n\t\t\t\t\t<\/a><\/p>\n<h2>\n\t\tContact<br \/>\n\t<\/h2>\n","protected":false},"excerpt":{"rendered":"<p>Syst\u00e8me de Dilution en S\u00e9rie. Optimisez votre m\u00e9thode de\u00a0 dilution en s\u00e9rie. Le Dilucup est une cupule pr\u00e9-remplie avec 9 mL de diluant st\u00e9rile. Il s&rsquo;utilise en combinaison avec avec un agitateur d\u00e9di\u00e9, le Dilushaker. Le Dilucup permet aux laboratoires de standardiser et de fiabiliser la r\u00e9alisation des dilutions en s\u00e9rie en microbiologie alimentaire, bio-industrie &#8230; <a title=\"Produits\" class=\"read-more\" href=\"https:\/\/labrobot.com\/fr\/produits-2\/\" aria-label=\"En savoir plus sur Produits\">Read more<\/a><\/p>\n","protected":false},"author":137,"featured_media":0,"parent":0,"menu_order":51,"comment_status":"closed","ping_status":"closed","template":"","meta":{"_acf_changed":false,"generate_page_header":"","footnotes":""},"class_list":["post-5691","page","type-page","status-publish"],"acf":[],"yoast_head":"<!-- This site is optimized with the Yoast SEO Premium plugin v27.3 (Yoast SEO v27.3) - https:\/\/yoast.com\/product\/yoast-seo-premium-wordpress\/ -->\n<title>Produits - LabRobot<\/title>\n<meta name=\"robots\" content=\"index, follow, max-snippet:-1, max-image-preview:large, max-video-preview:-1\" \/>\n<link rel=\"canonical\" href=\"https:\/\/labrobot.com\/fr\/produits-2\/\" \/>\n<meta property=\"og:locale\" content=\"fr_FR\" \/>\n<meta property=\"og:type\" content=\"article\" \/>\n<meta property=\"og:title\" content=\"Produits\" \/>\n<meta property=\"og:description\" content=\"Syst\u00e8me de Dilution en S\u00e9rie. Optimisez votre m\u00e9thode de\u00a0 dilution en s\u00e9rie. Le Dilucup est une cupule pr\u00e9-remplie avec 9 mL de diluant st\u00e9rile. Il s&rsquo;utilise en combinaison avec avec un agitateur d\u00e9di\u00e9, le Dilushaker. Le Dilucup permet aux laboratoires de standardiser et de fiabiliser la r\u00e9alisation des dilutions en s\u00e9rie en microbiologie alimentaire, bio-industrie ... Read more\" \/>\n<meta property=\"og:url\" content=\"https:\/\/labrobot.com\/fr\/produits-2\/\" \/>\n<meta property=\"og:site_name\" content=\"LabRobot\" \/>\n<meta property=\"article:publisher\" content=\"https:\/\/www.facebook.com\/labrobotproductsab\" \/>\n<meta property=\"article:modified_time\" content=\"2018-12-10T10:29:34+00:00\" \/>\n<meta property=\"og:image\" content=\"http:\/\/labrobot.com\/wp-content\/uploads\/2014\/11\/logo-dilute_orange.png\" \/>\n<meta name=\"twitter:card\" content=\"summary_large_image\" \/>\n<meta name=\"twitter:label1\" content=\"Dur\u00e9e de lecture estim\u00e9e\" \/>\n\t<meta name=\"twitter:data1\" content=\"5 minutes\" \/>\n<script type=\"application\/ld+json\" class=\"yoast-schema-graph\">{\"@context\":\"https:\\\/\\\/schema.org\",\"@graph\":[{\"@type\":\"WebPage\",\"@id\":\"https:\\\/\\\/labrobot.com\\\/fr\\\/produits-2\\\/\",\"url\":\"https:\\\/\\\/labrobot.com\\\/fr\\\/produits-2\\\/\",\"name\":\"Produits - LabRobot\",\"isPartOf\":{\"@id\":\"https:\\\/\\\/labrobot.com\\\/#website\"},\"primaryImageOfPage\":{\"@id\":\"https:\\\/\\\/labrobot.com\\\/fr\\\/produits-2\\\/#primaryimage\"},\"image\":{\"@id\":\"https:\\\/\\\/labrobot.com\\\/fr\\\/produits-2\\\/#primaryimage\"},\"thumbnailUrl\":\"http:\\\/\\\/labrobot.com\\\/wp-content\\\/uploads\\\/2014\\\/11\\\/logo-dilute_orange.png\",\"datePublished\":\"2018-12-10T10:13:35+00:00\",\"dateModified\":\"2018-12-10T10:29:34+00:00\",\"breadcrumb\":{\"@id\":\"https:\\\/\\\/labrobot.com\\\/fr\\\/produits-2\\\/#breadcrumb\"},\"inLanguage\":\"fr-FR\",\"potentialAction\":[{\"@type\":\"ReadAction\",\"target\":[\"https:\\\/\\\/labrobot.com\\\/fr\\\/produits-2\\\/\"]}]},{\"@type\":\"ImageObject\",\"inLanguage\":\"fr-FR\",\"@id\":\"https:\\\/\\\/labrobot.com\\\/fr\\\/produits-2\\\/#primaryimage\",\"url\":\"http:\\\/\\\/labrobot.com\\\/wp-content\\\/uploads\\\/2014\\\/11\\\/logo-dilute_orange.png\",\"contentUrl\":\"http:\\\/\\\/labrobot.com\\\/wp-content\\\/uploads\\\/2014\\\/11\\\/logo-dilute_orange.png\"},{\"@type\":\"BreadcrumbList\",\"@id\":\"https:\\\/\\\/labrobot.com\\\/fr\\\/produits-2\\\/#breadcrumb\",\"itemListElement\":[{\"@type\":\"ListItem\",\"position\":1,\"name\":\"Home\",\"item\":\"https:\\\/\\\/labrobot.com\\\/fr\\\/\"},{\"@type\":\"ListItem\",\"position\":2,\"name\":\"Produits\"}]},{\"@type\":\"WebSite\",\"@id\":\"https:\\\/\\\/labrobot.com\\\/#website\",\"url\":\"https:\\\/\\\/labrobot.com\\\/\",\"name\":\"LabRobot\",\"description\":\"D\u00e9velopper des instruments et des m\u00e9thodes d'analyse pour la microbiologie alimentaire\",\"publisher\":{\"@id\":\"https:\\\/\\\/labrobot.com\\\/#organization\"},\"potentialAction\":[{\"@type\":\"SearchAction\",\"target\":{\"@type\":\"EntryPoint\",\"urlTemplate\":\"https:\\\/\\\/labrobot.com\\\/?s={search_term_string}\"},\"query-input\":{\"@type\":\"PropertyValueSpecification\",\"valueRequired\":true,\"valueName\":\"search_term_string\"}}],\"inLanguage\":\"fr-FR\"},{\"@type\":\"Organization\",\"@id\":\"https:\\\/\\\/labrobot.com\\\/#organization\",\"name\":\"LabRobot Products AB\",\"url\":\"https:\\\/\\\/labrobot.com\\\/\",\"logo\":{\"@type\":\"ImageObject\",\"inLanguage\":\"fr-FR\",\"@id\":\"https:\\\/\\\/labrobot.com\\\/#\\\/schema\\\/logo\\\/image\\\/\",\"url\":\"https:\\\/\\\/labrobot.com\\\/wp-content\\\/uploads\\\/2018\\\/12\\\/LabRobot_LOGO_signatur.jpg\",\"contentUrl\":\"https:\\\/\\\/labrobot.com\\\/wp-content\\\/uploads\\\/2018\\\/12\\\/LabRobot_LOGO_signatur.jpg\",\"width\":200,\"height\":54,\"caption\":\"LabRobot Products AB\"},\"image\":{\"@id\":\"https:\\\/\\\/labrobot.com\\\/#\\\/schema\\\/logo\\\/image\\\/\"},\"sameAs\":[\"https:\\\/\\\/www.facebook.com\\\/labrobotproductsab\",\"https:\\\/\\\/www.linkedin.com\\\/company\\\/labrobot-products-ab\\\/\",\"https:\\\/\\\/www.youtube.com\\\/channel\\\/UCHGyF_OHfxI1No9ahbU-agQ\"]}]}<\/script>\n<!-- \/ Yoast SEO Premium plugin. -->","yoast_head_json":{"title":"Produits - LabRobot","robots":{"index":"index","follow":"follow","max-snippet":"max-snippet:-1","max-image-preview":"max-image-preview:large","max-video-preview":"max-video-preview:-1"},"canonical":"https:\/\/labrobot.com\/fr\/produits-2\/","og_locale":"fr_FR","og_type":"article","og_title":"Produits","og_description":"Syst\u00e8me de Dilution en S\u00e9rie. Optimisez votre m\u00e9thode de\u00a0 dilution en s\u00e9rie. Le Dilucup est une cupule pr\u00e9-remplie avec 9 mL de diluant st\u00e9rile. Il s&rsquo;utilise en combinaison avec avec un agitateur d\u00e9di\u00e9, le Dilushaker. Le Dilucup permet aux laboratoires de standardiser et de fiabiliser la r\u00e9alisation des dilutions en s\u00e9rie en microbiologie alimentaire, bio-industrie ... Read more","og_url":"https:\/\/labrobot.com\/fr\/produits-2\/","og_site_name":"LabRobot","article_publisher":"https:\/\/www.facebook.com\/labrobotproductsab","article_modified_time":"2018-12-10T10:29:34+00:00","og_image":[{"url":"http:\/\/labrobot.com\/wp-content\/uploads\/2014\/11\/logo-dilute_orange.png","type":"","width":"","height":""}],"twitter_card":"summary_large_image","twitter_misc":{"Dur\u00e9e de lecture estim\u00e9e":"5 minutes"},"schema":{"@context":"https:\/\/schema.org","@graph":[{"@type":"WebPage","@id":"https:\/\/labrobot.com\/fr\/produits-2\/","url":"https:\/\/labrobot.com\/fr\/produits-2\/","name":"Produits - LabRobot","isPartOf":{"@id":"https:\/\/labrobot.com\/#website"},"primaryImageOfPage":{"@id":"https:\/\/labrobot.com\/fr\/produits-2\/#primaryimage"},"image":{"@id":"https:\/\/labrobot.com\/fr\/produits-2\/#primaryimage"},"thumbnailUrl":"http:\/\/labrobot.com\/wp-content\/uploads\/2014\/11\/logo-dilute_orange.png","datePublished":"2018-12-10T10:13:35+00:00","dateModified":"2018-12-10T10:29:34+00:00","breadcrumb":{"@id":"https:\/\/labrobot.com\/fr\/produits-2\/#breadcrumb"},"inLanguage":"fr-FR","potentialAction":[{"@type":"ReadAction","target":["https:\/\/labrobot.com\/fr\/produits-2\/"]}]},{"@type":"ImageObject","inLanguage":"fr-FR","@id":"https:\/\/labrobot.com\/fr\/produits-2\/#primaryimage","url":"http:\/\/labrobot.com\/wp-content\/uploads\/2014\/11\/logo-dilute_orange.png","contentUrl":"http:\/\/labrobot.com\/wp-content\/uploads\/2014\/11\/logo-dilute_orange.png"},{"@type":"BreadcrumbList","@id":"https:\/\/labrobot.com\/fr\/produits-2\/#breadcrumb","itemListElement":[{"@type":"ListItem","position":1,"name":"Home","item":"https:\/\/labrobot.com\/fr\/"},{"@type":"ListItem","position":2,"name":"Produits"}]},{"@type":"WebSite","@id":"https:\/\/labrobot.com\/#website","url":"https:\/\/labrobot.com\/","name":"LabRobot","description":"D\u00e9velopper des instruments et des m\u00e9thodes d'analyse pour la microbiologie alimentaire","publisher":{"@id":"https:\/\/labrobot.com\/#organization"},"potentialAction":[{"@type":"SearchAction","target":{"@type":"EntryPoint","urlTemplate":"https:\/\/labrobot.com\/?s={search_term_string}"},"query-input":{"@type":"PropertyValueSpecification","valueRequired":true,"valueName":"search_term_string"}}],"inLanguage":"fr-FR"},{"@type":"Organization","@id":"https:\/\/labrobot.com\/#organization","name":"LabRobot Products AB","url":"https:\/\/labrobot.com\/","logo":{"@type":"ImageObject","inLanguage":"fr-FR","@id":"https:\/\/labrobot.com\/#\/schema\/logo\/image\/","url":"https:\/\/labrobot.com\/wp-content\/uploads\/2018\/12\/LabRobot_LOGO_signatur.jpg","contentUrl":"https:\/\/labrobot.com\/wp-content\/uploads\/2018\/12\/LabRobot_LOGO_signatur.jpg","width":200,"height":54,"caption":"LabRobot Products AB"},"image":{"@id":"https:\/\/labrobot.com\/#\/schema\/logo\/image\/"},"sameAs":["https:\/\/www.facebook.com\/labrobotproductsab","https:\/\/www.linkedin.com\/company\/labrobot-products-ab\/","https:\/\/www.youtube.com\/channel\/UCHGyF_OHfxI1No9ahbU-agQ"]}]}},"_links":{"self":[{"href":"https:\/\/labrobot.com\/fr\/wp-json\/wp\/v2\/pages\/5691","targetHints":{"allow":["GET"]}}],"collection":[{"href":"https:\/\/labrobot.com\/fr\/wp-json\/wp\/v2\/pages"}],"about":[{"href":"https:\/\/labrobot.com\/fr\/wp-json\/wp\/v2\/types\/page"}],"author":[{"embeddable":true,"href":"https:\/\/labrobot.com\/fr\/wp-json\/wp\/v2\/users\/137"}],"replies":[{"embeddable":true,"href":"https:\/\/labrobot.com\/fr\/wp-json\/wp\/v2\/comments?post=5691"}],"version-history":[{"count":0,"href":"https:\/\/labrobot.com\/fr\/wp-json\/wp\/v2\/pages\/5691\/revisions"}],"wp:attachment":[{"href":"https:\/\/labrobot.com\/fr\/wp-json\/wp\/v2\/media?parent=5691"}],"curies":[{"name":"wp","href":"https:\/\/api.w.org\/{rel}","templated":true}]}}