{"id":5223,"date":"2018-12-07T11:56:36","date_gmt":"2018-12-07T10:56:36","guid":{"rendered":"https:\/\/rollsbowebb.se\/demo\/labrobot2018\/our-products\/"},"modified":"2026-02-20T10:12:14","modified_gmt":"2026-02-20T09:12:14","slug":"dilucup-elegance","status":"publish","type":"page","link":"https:\/\/labrobot.com\/fr\/dilucup-elegance\/","title":{"rendered":"Dilucup Elegance"},"content":{"rendered":"\n\n<h2>\n\t\t\tDilucup\u00ae Elegance\t<\/h2>\n<h1>\n\t\t\tCupules de dilution pr\u00eats \u00e0 l&#8217;emploi\t<\/h1>\n\t<p><em>Les cupules de dilution pr\u00e9-remplis sont l&rsquo;alternative ergonomique et efficace aux tubes de dilution et aux m\u00e9langeurs vortex<\/em><\/p>\n<ul>\n<li>St\u00e9rile : produit en salle blanche et st\u00e9rilis\u00e9 par irradiation<\/li>\n<li>Volumes de diluant tr\u00e8s pr\u00e9cis : 9 mL \u00b1 2 %<br \/>\nHabituellement 9 mL \u00b1 0,5 %<\/li>\n<li>Longue dur\u00e9e de conservation de 30 mois<\/li>\n<li>Conforme aux normes ISO<\/li>\n<\/ul>\n\t\t<ul>\n\t\t\t\t<li>\n\t\t\t<img decoding=\"async\" loading=\"false\" src=\"https:\/\/labrobot.com\/wp-content\/uploads\/2024\/07\/dilucup-MRD-blister-scaled.jpg\" alt=\"MRD maximum recory diluent\" \/>\t\t\t\n\t\t<\/li>\n\t\t\t<li>\n\t\t\t<img decoding=\"async\" loading=\"false\" src=\"https:\/\/labrobot.com\/wp-content\/uploads\/2023\/11\/Accurate-volume.png\" alt=\"Accurate volume diluent 9ml MRD NACL BPW\" \/>\t\t\t\n\t\t<\/li>\n\t\t\t<li>\n\t\t\t<img decoding=\"async\" loading=\"false\" src=\"https:\/\/labrobot.com\/wp-content\/uploads\/2024\/05\/serial-dilution-cups-scaled.jpg\" alt=\"dilution cups with saline solution\" \/>\t\t\t\n\t\t<\/li>\n\t\t\t<li>\n\t\t\t<img decoding=\"async\" loading=\"false\" src=\"https:\/\/labrobot.com\/wp-content\/uploads\/2018\/10\/IMG_9052-scaled.jpg\" alt=\"peptone water\" \/>\t\t\t\n\t\t<\/li>\n\t\t<\/ul>\n<figure itemscope itemtype=\"https:\/\/schema.org\/ImageObject\">\n\t\t\t\t<img decoding=\"async\" src=\"https:\/\/labrobot.com\/wp-content\/uploads\/2022\/02\/dilucup-features-1024x700.jpg\" alt=\"caract\u00e9ristiques dilucup\" height=\"700\" width=\"1024\" title=\"caract\u00e9ristiques dilucup\" onerror=\"this.style.display='none'\" loading=\"lazy\" \/>\n\t<\/figure>\n<h4>\n\t\t\tAssurer un m\u00e9lange homog\u00e8ne\t<\/h4>\n\t<p>L&rsquo;int\u00e9rieur du Dilucup\u00ae est secou\u00e9 minutieusement avec l&rsquo;un des deux agitateurs de laboratoire disponibles, le <a href=\"https:\/\/labrobot.com\/fr\/dilushaker-iii\/\">Dilushaker III<\/a> ou le <a href=\"https:\/\/labrobot.com\/fr\/dilugent-shaker\/\">Dilugent\u00ae Shaker<\/a>. Gr\u00e2ce \u00e0 la conception ing\u00e9nieuse du cupule, il peut tourner \u00e0 grande vitesse (400 &#8211; 660 tr\/min) sans renverser, assurant ainsi un m\u00e9lange homog\u00e8ne.<\/p>\n<p>Pour commencer, placez simplement la plaquette avec les Dilucups sur le dessus de l&rsquo;agitateur. Ensuite, ouvrez le nombre de cupules que vous souhaitez utiliser en d\u00e9chirant un film mince. Cette couche sur le dessus garantit non seulement la st\u00e9rilit\u00e9, mais assure \u00e9galement le volume correct \u00e0 l&rsquo;int\u00e9rieur des cupules.<\/p>\n<p>Vous pouvez utiliser un <a href=\"https:\/\/labrobot.com\/fr\/nouveau-coupeur-dilucup\/\">cutter<\/a> pour couper le film ou des ciseaux pour couper toute la plaquette afin de s\u00e9parer les Dilucups.<\/p>\n<h4>\n\t\t\tTracez vos dilutions\t<\/h4>\n\t<p>Tracer les m\u00e9thodes en laboratoire est d&rsquo;une importance capitale pour pouvoir revenir en arri\u00e8re en cas d&rsquo;erreur et enqu\u00eater sur les raisons de celle-ci. <\/p>\n<p>Pour faciliter cela, les plaquettes et les sachets de Dilucup\u00ae sont \u00e9quip\u00e9s de codes QR qui peuvent \u00eatre facilement scann\u00e9s par le Dilugent\u00ae Shaker. De plus, vous pouvez extraire les informations avec une cl\u00e9 USB et les stocker ensuite sur l&rsquo;ordinateur.<\/p>\n<figure itemscope itemtype=\"https:\/\/schema.org\/ImageObject\">\n\t\t\t\t<img decoding=\"async\" src=\"https:\/\/labrobot.com\/wp-content\/uploads\/2024\/08\/QR-code-Dilucups-scaled.jpg\" alt=\"qr code dilution tubes cups dilucup\" height=\"1353\" width=\"2560\" title=\"QR code Dilucups\" onerror=\"this.style.display='none'\" loading=\"lazy\" \/>\n\t<\/figure>\n\t<p><strong>Combien d&rsquo;\u00e9chantillons ?<\/strong><\/p>\n\t\t21\n\t\t\t\t\t7&#215;3 Dilucups\n\t\t42\n\t\t\t\t\t7&#215;6 Dilucups\n\t<p>Le Dilucup\u00ae Elegance est disponible en plaquettes de sept rang\u00e9es de trois (7&#215;3) ou six cupules (7&#215;6).<\/p>\n<p>Selon le nombre de dilutions par \u00e9chantillon que vous effectuez habituellement, vous pouvez trouver la petite ou la grande plaquette plus pratique.<\/p>\n<p>Par exemple, si vous effectuez g\u00e9n\u00e9ralement 3 dilutions, nous recommandons la plaquette avec 7&#215;3 Dilucups. Cependant, si vous effectuez habituellement plus de 3 dilutions, alors la grande plaquette avec 7&#215;6 cupules sera probablement plus adapt\u00e9e pour vous.<\/p>\n<p>Les deux versions sont con\u00e7ues pour s&rsquo;adapter parfaitement au plateau du Dilushaker III et du Dilugent\u00ae Shaker.<\/p>\n<figure itemscope itemtype=\"https:\/\/schema.org\/ImageObject\">\n\t\t\t\t<img decoding=\"async\" src=\"https:\/\/labrobot.com\/wp-content\/uploads\/2022\/02\/dilucup-7x3-7x6-1-scaled.jpg\" alt=\"dilucup 7x3 7x6\" height=\"1707\" width=\"2560\" title=\"dilucup 7x3 7x6\" onerror=\"this.style.display='none'\" loading=\"lazy\" \/>\n\t<\/figure>\n\t<h4><strong>Diluants<\/strong><\/h4>\n<p>&nbsp;<\/p>\n<p>Les caract\u00e9ristiques suivantes s&rsquo;appliquent \u00e0 tous nos gobelets de dilution pr\u00e9-remplis standard, sauf DW :<\/p>\n\t<p>Volume :<\/p>\n\t<p>pH :<\/p>\n\t<p>Productivit\u00e9 microbiologique :<\/p>\n\t<p>Quantit\u00e9 :<\/p>\n\t<p>3 godets \/ rang\u00e9e :<\/p>\n\t<p>6 godets \/ rang\u00e9e :<\/p>\n\t<p>9 mL \u00b1 2 % <em>(conform\u00e9ment \u00e0 l&rsquo;ISO 6887-1:2017)<\/em><\/p>\n\t<p>7,0 \u00b1 0,2 <em>(conform\u00e9ment \u00e0 l&rsquo;ISO 6887-1:2017)<\/em><\/p>\n\t<p>v\u00e9rifi\u00e9 avec <em>E. coli <\/em>et <em>S. aureus (conform\u00e9ment \u00e0 l&rsquo;ISO 11133:2014)<\/em><\/p>\n\t<p>672 cupules \/ bo\u00eete<\/p>\n\t<p>2 sacs x 16 plaquettes x 21 Dilucups par bo\u00eete<\/p>\n\t<p>2 sacs x 8 plaquettes x 42 Dilucups par bo\u00eete<\/p>\n<p>&nbsp;<\/p>\n\t<h3><strong>NACL<\/strong><\/h3>\n<h4><em>Solution saline \/<br \/>\nDiluent salin<\/em><\/h4>\nSolution tamponn\u00e9e incluant<br \/>\n<strong>NaCl 8,5 g\/L<\/strong>\n<strong>40DENACL3:<\/strong> 3 cupules\/rang\u00e9e<br \/>\n<strong>40DENACL6:<\/strong> 6 cupules\/rang\u00e9e\n<figure itemscope itemtype=\"https:\/\/schema.org\/ImageObject\">\n\t\t\t\t<img decoding=\"async\" src=\"https:\/\/labrobot.com\/wp-content\/uploads\/2024\/05\/serial-dilution-cups-scaled.jpg\" alt=\"dilution cups with saline solution\" height=\"1698\" width=\"2560\" title=\"serial dilution cups\" onerror=\"this.style.display='none'\" loading=\"lazy\" \/>\n\t<\/figure>\n\t<h3><strong>MRD<br \/>\n<\/strong><\/h3>\n<h4><em>Diluant de r\u00e9cup\u00e9ration maximale \/ Peptone Saline<\/em><\/h4>\n<p>Solution tamponn\u00e9e incluant <strong>peptones 1 g\/L, NaCl 8,5 g\/L<\/strong><\/p>\n<strong>40DEMRD3:<\/strong> 3 cupules\/rang\u00e9e<br \/>\n<strong>40DEMRD6:<\/strong> 6 cupules\/rang\u00e9e\n<figure itemscope itemtype=\"https:\/\/schema.org\/ImageObject\">\n\t\t\t\t<img decoding=\"async\" src=\"https:\/\/labrobot.com\/wp-content\/uploads\/2024\/07\/dilucup-MRD-blister-scaled.jpg\" alt=\"MRD maximum recory diluent\" height=\"1707\" width=\"2560\" title=\"dilucup MRD blister\" onerror=\"this.style.display='none'\" loading=\"lazy\" \/>\n\t<\/figure>\n\t<h3><strong>BPW<\/strong><\/h3>\n<h4><em>Buffered Peptone Water \/ Eau pepton\u00e9e tamponn\u00e9e<\/em><\/h4>\n<p>Solution tamponn\u00e9e incluant <strong>peptones 10 g\/L, NaCl 5 g\/L<\/strong><\/p>\n<strong>40DEBPW3:<\/strong> 3 cupules\/rang\u00e9e<br \/>\n<strong>40DEBPW6:<\/strong> 6 cupules\/rang\u00e9e\n<figure itemscope itemtype=\"https:\/\/schema.org\/ImageObject\">\n\t\t\t\t<img decoding=\"async\" src=\"https:\/\/labrobot.com\/wp-content\/uploads\/2018\/10\/IMG_9052-scaled.jpg\" alt=\"peptone water\" height=\"1707\" width=\"2560\" title=\"IMG_9052\" onerror=\"this.style.display='none'\" loading=\"lazy\" \/>\n\t<\/figure>\n\t<h3><strong>EP<\/strong><\/h3>\n<h4><em>Eau pepton\u00e9e \/<br \/>\nPeptone Water<\/em><\/h4>\nSolution tamponn\u00e9e incluant<br \/>\n<strong>peptone 0,1%<\/strong>\n<strong>40DEEP3:<\/strong> 3 cupules\/rang\u00e9e<br \/>\n<strong>40DEEP6:<\/strong> 6 cupules\/rang\u00e9e\n<figure itemscope itemtype=\"https:\/\/schema.org\/ImageObject\">\n\t\t\t\t<img decoding=\"async\" src=\"https:\/\/labrobot.com\/wp-content\/uploads\/2018\/12\/serial-dilution-scaled.jpg\" alt=\"saline diluent nacl\" height=\"1579\" width=\"2560\" title=\"serial dilution\" onerror=\"this.style.display='none'\" loading=\"lazy\" \/>\n\t<\/figure>\n\t<h3><strong>DW<\/strong><\/h3>\n<h4><em>Deionized Water \/<br \/>\nEau d\u00e9ionis\u00e9e<br \/>\n<\/em><\/h4>\nComposition: Eau d\u00e9ionis\u00e9e<br \/>\nConductivit\u00e9 : &lt;10\u03bcS\/cm\n<strong>40DEDW3:<\/strong> 3 cupules\/rang\u00e9e<br \/>\n<strong>40DEDW6:<\/strong> 6 cupules\/rang\u00e9e\n<figure itemscope itemtype=\"https:\/\/schema.org\/ImageObject\">\n\t\t\t\t<img decoding=\"async\" src=\"https:\/\/labrobot.com\/wp-content\/uploads\/2024\/10\/IMG_9146-scaled.jpg\" alt=\"deionized water dilution cups\" height=\"2560\" width=\"1707\" title=\"IMG_9146\" onerror=\"this.style.display='none'\" loading=\"lazy\" \/>\n\t<\/figure>\n<h4>\n\t\t\tFiche Technique\t<\/h4>\n\t\t\t<a href=\"https:\/\/labrobot.com\/wp-content\/uploads\/2024\/09\/Fiche-technique-MRD-09-2024-fra.pdf\"  target=\"_blank\" rel=\"noopener\"    rel=\"noopener\">\n\t\t\t\t\t\tFiche Technique MRD\n\t\t\t\t\t<\/a>\n\t\t\t<a href=\"https:\/\/labrobot.com\/wp-content\/uploads\/2024\/09\/Fiche-technique-BPW-09-2024-fra.pdf\"  target=\"_blank\" rel=\"noopener\"    rel=\"noopener\">\n\t\t\t\t\t\tFiche Technique BPW\n\t\t\t\t\t<\/a>\n\t\t\t<a href=\"https:\/\/labrobot.com\/wp-content\/uploads\/2024\/09\/Fiche-technique-NACL-09-2024-fra.pdf\"  target=\"_blank\" rel=\"noopener\"    rel=\"noopener\">\n\t\t\t\t\t\tFiche Technique NACL\n\t\t\t\t\t<\/a>\n\t\t\t<a href=\"https:\/\/labrobot.com\/wp-content\/uploads\/2024\/10\/Data-sheet-EP-09-2024-eng.pdf\"  target=\"_blank\" rel=\"noopener\"    rel=\"noopener\">\n\t\t\t\t\t\tFiche Technique EP\n\t\t\t\t\t<\/a>\n\t\t\t<a href=\"https:\/\/labrobot.com\/wp-content\/uploads\/2024\/10\/Data-sheet-DW-2024-05-eng.pdf\"  target=\"_blank\" rel=\"noopener\"    rel=\"noopener\">\n\t\t\t\t\t\tFiche Technique DW\n\t\t\t\t\t<\/a>\n\t<p><strong>Fiche de s\u00e9curit\u00e9<\/strong><br \/><em>Vous devez \u00eatre connect\u00e9 pour y acc\u00e9der.<\/em><\/p>\n\t<p><strong>Certificats CQ<\/strong><br \/><em>Vous devez \u00eatre connect\u00e9 pour y acc\u00e9der.<\/em><\/p>\n\n\t\t\t<a href=\"https:\/\/labrobot.com\/fr\/certificates\/\"  target=\"_blank\" rel=\"noopener\"    rel=\"noopener\">\n\t\t\t\t\t\tCertificats\n\t\t\t\t\t<\/a>\n<h6>\n\t\t\tVous souhaitez votre diluant au format Dilucup\u00ae ?\t<\/h6>\n\t<p>La production d&rsquo;<strong>autres articles<\/strong> (recette propre, volume diff\u00e9rent, etc&#8230;) est possible sous condition d&rsquo;une commande minimum <strong>deux palettes<\/strong> (43 008 cupules).\u00a0<\/p>\n<p><strong>Contactez-nous pour une \u00e9tude de faisabilit\u00e9 !\u00a0<\/strong><\/p>\n+46 303 846 73<br \/>\n<a href=\"mailto:kontakt@labrobot.com\">kontakt@labrobot.com<\/a><br \/>Herv\u00e9 Laisis, Directeur g\u00e9n\u00e9ral<br \/>\n\n\t\t\t<a href=\"https:\/\/labrobot.com\/fr\/contact-partenaires\/\"  target=\"_self\">\n\t\t\t\t\t\tou contactez votre distributeur\n\t\t\t\t\t<\/a>\n<figure itemscope itemtype=\"https:\/\/schema.org\/ImageObject\">\n\t\t\t\t<img decoding=\"async\" src=\"https:\/\/labrobot.com\/wp-content\/uploads\/2025\/04\/HL32-scaled.jpg\" alt=\"HL32\" height=\"2145\" width=\"2560\" title=\"HL32\" onerror=\"this.style.display='none'\" loading=\"lazy\" \/>\n\t<\/figure>\n<h5>\n\t\t\tChoisissez votre shaker.\t<\/h5>\n\t\t<figure itemscope itemtype=\"https:\/\/schema.org\/ImageObject\">\n\t\t\t\t<a href=\"https:\/\/labrobot.com\/fr\/dilugent-shaker\/\"  target=\"_self\" itemprop=\"url\">\n\t\t\t\t<img decoding=\"async\" src=\"https:\/\/labrobot.com\/wp-content\/uploads\/bb-plugin\/cache\/dilutions-with-dilugent-1024x1012-circle-8d188893c4f4042a7c3f93c8866997be-.jpg\" alt=\"dilugent shaker\" height=\"1012\" width=\"1024\" title=\"dilutions with dilugent\" onerror=\"this.style.display='none'\" loading=\"lazy\" \/>\n\t\t\t\t<\/a>\n\t<\/figure>\n<h3><a href=\"https:\/\/labrobot.com\/fr\/dilugent-shaker\/\" target=\"_self\">Dilugent\u00ae Shaker<\/a><\/h3>\t\n\t\t<figure itemscope itemtype=\"https:\/\/schema.org\/ImageObject\">\n\t\t\t\t<a href=\"https:\/\/labrobot.com\/fr\/dilushaker-iii\/\"  target=\"_self\" itemprop=\"url\">\n\t\t\t\t<img decoding=\"async\" src=\"https:\/\/labrobot.com\/wp-content\/uploads\/bb-plugin\/cache\/DSIII-DENACL6-2-1024x683-circle-be4e5687fc0a36ff469230aed39db987-.jpg\" alt=\"dilushaker with a blister of dilucups. for serial dilutions\" height=\"683\" width=\"1024\" title=\"Dilushaker dilutions\" onerror=\"this.style.display='none'\" loading=\"lazy\" \/>\n\t\t\t\t<\/a>\n\t<\/figure>\n<h3><a href=\"https:\/\/labrobot.com\/fr\/dilushaker-iii\/\" target=\"_self\">Dilushaker III<\/a><\/h3>\t\n\n","protected":false},"excerpt":{"rendered":"<p>Dilucup\u00ae Elegance Cupules de dilution pr\u00eats \u00e0 l&#8217;emploi Les cupules de dilution pr\u00e9-remplis sont l&rsquo;alternative ergonomique et efficace aux tubes de dilution et aux m\u00e9langeurs vortex St\u00e9rile : produit en salle blanche et st\u00e9rilis\u00e9 par irradiation Volumes de diluant tr\u00e8s pr\u00e9cis : 9 mL \u00b1 2 % Habituellement 9 mL \u00b1 0,5 % Longue dur\u00e9e &#8230; <a title=\"Dilucup Elegance\" class=\"read-more\" href=\"https:\/\/labrobot.com\/fr\/dilucup-elegance\/\" aria-label=\"En savoir plus sur Dilucup Elegance\">Read more<\/a><\/p>\n","protected":false},"author":243,"featured_media":0,"parent":0,"menu_order":51,"comment_status":"closed","ping_status":"closed","template":"","meta":{"_acf_changed":false,"generate_page_header":"","footnotes":""},"class_list":["post-5223","page","type-page","status-publish"],"acf":[],"yoast_head":"<!-- This site is optimized with the Yoast SEO Premium plugin v27.3 (Yoast SEO v27.3) - https:\/\/yoast.com\/product\/yoast-seo-premium-wordpress\/ -->\n<title>Cupules de dilution pr\u00e9-remplis : l&#039;alternative ergonomique aux tubes de dilution<\/title>\n<meta name=\"description\" content=\"Remplacez les tubes de dilution et le m\u00e9langeur vortex par des cupules de dilution pr\u00eats \u00e0 l&#039;emploi. Pr\u00e9-remplis avec 9 mL de diluant st\u00e9rile.\" \/>\n<meta name=\"robots\" content=\"index, follow, max-snippet:-1, max-image-preview:large, max-video-preview:-1\" \/>\n<link rel=\"canonical\" href=\"https:\/\/labrobot.com\/fr\/dilucup-elegance\/\" \/>\n<meta property=\"og:locale\" content=\"fr_FR\" \/>\n<meta property=\"og:type\" content=\"article\" \/>\n<meta property=\"og:title\" content=\"Dilucup Elegance\" \/>\n<meta property=\"og:description\" content=\"Remplacez les tubes de dilution et le m\u00e9langeur vortex par des cupules de dilution pr\u00eats \u00e0 l&#039;emploi. Pr\u00e9-remplis avec 9 mL de diluant st\u00e9rile.\" \/>\n<meta property=\"og:url\" content=\"https:\/\/labrobot.com\/fr\/dilucup-elegance\/\" \/>\n<meta property=\"og:site_name\" content=\"LabRobot\" \/>\n<meta property=\"article:publisher\" content=\"https:\/\/www.facebook.com\/labrobotproductsab\" \/>\n<meta property=\"article:modified_time\" content=\"2026-02-20T09:12:14+00:00\" \/>\n<meta property=\"og:image\" content=\"https:\/\/labrobot.com\/wp-content\/uploads\/2024\/07\/dilucup-MRD-blister-scaled.jpg\" \/>\n<meta name=\"twitter:card\" content=\"summary_large_image\" \/>\n<meta name=\"twitter:label1\" content=\"Dur\u00e9e de lecture estim\u00e9e\" \/>\n\t<meta name=\"twitter:data1\" content=\"6 minutes\" \/>\n<script type=\"application\/ld+json\" class=\"yoast-schema-graph\">{\"@context\":\"https:\\\/\\\/schema.org\",\"@graph\":[{\"@type\":\"WebPage\",\"@id\":\"https:\\\/\\\/labrobot.com\\\/fr\\\/dilucup-elegance\\\/\",\"url\":\"https:\\\/\\\/labrobot.com\\\/fr\\\/dilucup-elegance\\\/\",\"name\":\"Cupules de dilution pr\u00e9-remplis : l'alternative ergonomique aux tubes de dilution\",\"isPartOf\":{\"@id\":\"https:\\\/\\\/labrobot.com\\\/#website\"},\"primaryImageOfPage\":{\"@id\":\"https:\\\/\\\/labrobot.com\\\/fr\\\/dilucup-elegance\\\/#primaryimage\"},\"image\":{\"@id\":\"https:\\\/\\\/labrobot.com\\\/fr\\\/dilucup-elegance\\\/#primaryimage\"},\"thumbnailUrl\":\"https:\\\/\\\/labrobot.com\\\/wp-content\\\/uploads\\\/2024\\\/07\\\/dilucup-MRD-blister-scaled.jpg\",\"datePublished\":\"2018-12-07T10:56:36+00:00\",\"dateModified\":\"2026-02-20T09:12:14+00:00\",\"description\":\"Remplacez les tubes de dilution et le m\u00e9langeur vortex par des cupules de dilution pr\u00eats \u00e0 l'emploi. Pr\u00e9-remplis avec 9 mL de diluant st\u00e9rile.\",\"breadcrumb\":{\"@id\":\"https:\\\/\\\/labrobot.com\\\/fr\\\/dilucup-elegance\\\/#breadcrumb\"},\"inLanguage\":\"fr-FR\",\"potentialAction\":[{\"@type\":\"ReadAction\",\"target\":[\"https:\\\/\\\/labrobot.com\\\/fr\\\/dilucup-elegance\\\/\"]}]},{\"@type\":\"ImageObject\",\"inLanguage\":\"fr-FR\",\"@id\":\"https:\\\/\\\/labrobot.com\\\/fr\\\/dilucup-elegance\\\/#primaryimage\",\"url\":\"https:\\\/\\\/labrobot.com\\\/wp-content\\\/uploads\\\/2024\\\/07\\\/dilucup-MRD-blister-scaled.jpg\",\"contentUrl\":\"https:\\\/\\\/labrobot.com\\\/wp-content\\\/uploads\\\/2024\\\/07\\\/dilucup-MRD-blister-scaled.jpg\"},{\"@type\":\"BreadcrumbList\",\"@id\":\"https:\\\/\\\/labrobot.com\\\/fr\\\/dilucup-elegance\\\/#breadcrumb\",\"itemListElement\":[{\"@type\":\"ListItem\",\"position\":1,\"name\":\"Home\",\"item\":\"https:\\\/\\\/labrobot.com\\\/fr\\\/\"},{\"@type\":\"ListItem\",\"position\":2,\"name\":\"Dilucup Elegance\"}]},{\"@type\":\"WebSite\",\"@id\":\"https:\\\/\\\/labrobot.com\\\/#website\",\"url\":\"https:\\\/\\\/labrobot.com\\\/\",\"name\":\"LabRobot\",\"description\":\"D\u00e9velopper des instruments et des m\u00e9thodes d'analyse pour la microbiologie alimentaire\",\"publisher\":{\"@id\":\"https:\\\/\\\/labrobot.com\\\/#organization\"},\"potentialAction\":[{\"@type\":\"SearchAction\",\"target\":{\"@type\":\"EntryPoint\",\"urlTemplate\":\"https:\\\/\\\/labrobot.com\\\/?s={search_term_string}\"},\"query-input\":{\"@type\":\"PropertyValueSpecification\",\"valueRequired\":true,\"valueName\":\"search_term_string\"}}],\"inLanguage\":\"fr-FR\"},{\"@type\":\"Organization\",\"@id\":\"https:\\\/\\\/labrobot.com\\\/#organization\",\"name\":\"LabRobot Products AB\",\"url\":\"https:\\\/\\\/labrobot.com\\\/\",\"logo\":{\"@type\":\"ImageObject\",\"inLanguage\":\"fr-FR\",\"@id\":\"https:\\\/\\\/labrobot.com\\\/#\\\/schema\\\/logo\\\/image\\\/\",\"url\":\"https:\\\/\\\/labrobot.com\\\/wp-content\\\/uploads\\\/2018\\\/12\\\/LabRobot_LOGO_signatur.jpg\",\"contentUrl\":\"https:\\\/\\\/labrobot.com\\\/wp-content\\\/uploads\\\/2018\\\/12\\\/LabRobot_LOGO_signatur.jpg\",\"width\":200,\"height\":54,\"caption\":\"LabRobot Products AB\"},\"image\":{\"@id\":\"https:\\\/\\\/labrobot.com\\\/#\\\/schema\\\/logo\\\/image\\\/\"},\"sameAs\":[\"https:\\\/\\\/www.facebook.com\\\/labrobotproductsab\",\"https:\\\/\\\/www.linkedin.com\\\/company\\\/labrobot-products-ab\\\/\",\"https:\\\/\\\/www.youtube.com\\\/channel\\\/UCHGyF_OHfxI1No9ahbU-agQ\"]}]}<\/script>\n<!-- \/ Yoast SEO Premium plugin. -->","yoast_head_json":{"title":"Cupules de dilution pr\u00e9-remplis : l'alternative ergonomique aux tubes de dilution","description":"Remplacez les tubes de dilution et le m\u00e9langeur vortex par des cupules de dilution pr\u00eats \u00e0 l'emploi. Pr\u00e9-remplis avec 9 mL de diluant st\u00e9rile.","robots":{"index":"index","follow":"follow","max-snippet":"max-snippet:-1","max-image-preview":"max-image-preview:large","max-video-preview":"max-video-preview:-1"},"canonical":"https:\/\/labrobot.com\/fr\/dilucup-elegance\/","og_locale":"fr_FR","og_type":"article","og_title":"Dilucup Elegance","og_description":"Remplacez les tubes de dilution et le m\u00e9langeur vortex par des cupules de dilution pr\u00eats \u00e0 l'emploi. Pr\u00e9-remplis avec 9 mL de diluant st\u00e9rile.","og_url":"https:\/\/labrobot.com\/fr\/dilucup-elegance\/","og_site_name":"LabRobot","article_publisher":"https:\/\/www.facebook.com\/labrobotproductsab","article_modified_time":"2026-02-20T09:12:14+00:00","og_image":[{"url":"https:\/\/labrobot.com\/wp-content\/uploads\/2024\/07\/dilucup-MRD-blister-scaled.jpg","type":"","width":"","height":""}],"twitter_card":"summary_large_image","twitter_misc":{"Dur\u00e9e de lecture estim\u00e9e":"6 minutes"},"schema":{"@context":"https:\/\/schema.org","@graph":[{"@type":"WebPage","@id":"https:\/\/labrobot.com\/fr\/dilucup-elegance\/","url":"https:\/\/labrobot.com\/fr\/dilucup-elegance\/","name":"Cupules de dilution pr\u00e9-remplis : l'alternative ergonomique aux tubes de dilution","isPartOf":{"@id":"https:\/\/labrobot.com\/#website"},"primaryImageOfPage":{"@id":"https:\/\/labrobot.com\/fr\/dilucup-elegance\/#primaryimage"},"image":{"@id":"https:\/\/labrobot.com\/fr\/dilucup-elegance\/#primaryimage"},"thumbnailUrl":"https:\/\/labrobot.com\/wp-content\/uploads\/2024\/07\/dilucup-MRD-blister-scaled.jpg","datePublished":"2018-12-07T10:56:36+00:00","dateModified":"2026-02-20T09:12:14+00:00","description":"Remplacez les tubes de dilution et le m\u00e9langeur vortex par des cupules de dilution pr\u00eats \u00e0 l'emploi. Pr\u00e9-remplis avec 9 mL de diluant st\u00e9rile.","breadcrumb":{"@id":"https:\/\/labrobot.com\/fr\/dilucup-elegance\/#breadcrumb"},"inLanguage":"fr-FR","potentialAction":[{"@type":"ReadAction","target":["https:\/\/labrobot.com\/fr\/dilucup-elegance\/"]}]},{"@type":"ImageObject","inLanguage":"fr-FR","@id":"https:\/\/labrobot.com\/fr\/dilucup-elegance\/#primaryimage","url":"https:\/\/labrobot.com\/wp-content\/uploads\/2024\/07\/dilucup-MRD-blister-scaled.jpg","contentUrl":"https:\/\/labrobot.com\/wp-content\/uploads\/2024\/07\/dilucup-MRD-blister-scaled.jpg"},{"@type":"BreadcrumbList","@id":"https:\/\/labrobot.com\/fr\/dilucup-elegance\/#breadcrumb","itemListElement":[{"@type":"ListItem","position":1,"name":"Home","item":"https:\/\/labrobot.com\/fr\/"},{"@type":"ListItem","position":2,"name":"Dilucup Elegance"}]},{"@type":"WebSite","@id":"https:\/\/labrobot.com\/#website","url":"https:\/\/labrobot.com\/","name":"LabRobot","description":"D\u00e9velopper des instruments et des m\u00e9thodes d'analyse pour la microbiologie alimentaire","publisher":{"@id":"https:\/\/labrobot.com\/#organization"},"potentialAction":[{"@type":"SearchAction","target":{"@type":"EntryPoint","urlTemplate":"https:\/\/labrobot.com\/?s={search_term_string}"},"query-input":{"@type":"PropertyValueSpecification","valueRequired":true,"valueName":"search_term_string"}}],"inLanguage":"fr-FR"},{"@type":"Organization","@id":"https:\/\/labrobot.com\/#organization","name":"LabRobot Products AB","url":"https:\/\/labrobot.com\/","logo":{"@type":"ImageObject","inLanguage":"fr-FR","@id":"https:\/\/labrobot.com\/#\/schema\/logo\/image\/","url":"https:\/\/labrobot.com\/wp-content\/uploads\/2018\/12\/LabRobot_LOGO_signatur.jpg","contentUrl":"https:\/\/labrobot.com\/wp-content\/uploads\/2018\/12\/LabRobot_LOGO_signatur.jpg","width":200,"height":54,"caption":"LabRobot Products AB"},"image":{"@id":"https:\/\/labrobot.com\/#\/schema\/logo\/image\/"},"sameAs":["https:\/\/www.facebook.com\/labrobotproductsab","https:\/\/www.linkedin.com\/company\/labrobot-products-ab\/","https:\/\/www.youtube.com\/channel\/UCHGyF_OHfxI1No9ahbU-agQ"]}]}},"_links":{"self":[{"href":"https:\/\/labrobot.com\/fr\/wp-json\/wp\/v2\/pages\/5223","targetHints":{"allow":["GET"]}}],"collection":[{"href":"https:\/\/labrobot.com\/fr\/wp-json\/wp\/v2\/pages"}],"about":[{"href":"https:\/\/labrobot.com\/fr\/wp-json\/wp\/v2\/types\/page"}],"author":[{"embeddable":true,"href":"https:\/\/labrobot.com\/fr\/wp-json\/wp\/v2\/users\/243"}],"replies":[{"embeddable":true,"href":"https:\/\/labrobot.com\/fr\/wp-json\/wp\/v2\/comments?post=5223"}],"version-history":[{"count":3,"href":"https:\/\/labrobot.com\/fr\/wp-json\/wp\/v2\/pages\/5223\/revisions"}],"predecessor-version":[{"id":21548,"href":"https:\/\/labrobot.com\/fr\/wp-json\/wp\/v2\/pages\/5223\/revisions\/21548"}],"wp:attachment":[{"href":"https:\/\/labrobot.com\/fr\/wp-json\/wp\/v2\/media?parent=5223"}],"curies":[{"name":"wp","href":"https:\/\/api.w.org\/{rel}","templated":true}]}}