{"id":3511,"date":"2018-10-24T13:40:38","date_gmt":"2018-10-24T12:40:38","guid":{"rendered":"https:\/\/rollsbowebb.se\/demo\/labrobot2018\/news\/"},"modified":"2026-03-16T11:16:40","modified_gmt":"2026-03-16T10:16:40","slug":"actualites","status":"publish","type":"page","link":"https:\/\/labrobot.com\/fr\/actualites\/","title":{"rendered":"Actualit\u00e9s"},"content":{"rendered":"\n\n\t<h1>Actualit\u00e9s.<\/h1>\n\t<h3>Bonnes vacances d&rsquo;\u00e9t\u00e9 !<\/h3>\n<p>Par Elisabet | 2 juillet 2024<\/p>\n<p>C&rsquo;est juillet et \u00e7a sent d\u00e9j\u00e0 les vacances d&rsquo;\u00e9t\u00e9 !<\/p>\n<p>Nous vous souhaitons un \u00e9t\u00e9 fantastique, avec vos proches et plein de bons souvenirs.<\/p>\n<p>Nous vous rappelons que nos installations resteront ouvertes et que nous pourrons traiter les commandes comme d&rsquo;habitude.<\/p>\n\t\t\t\t<img loading=\"lazy\" decoding=\"async\" src=\"https:\/\/labrobot.com\/wp-content\/uploads\/2024\/07\/LabRobot-staff-bbq-scaled.jpg\" alt=\"labrobot staff\" itemprop=\"image\" height=\"1754\" width=\"2560\" title=\"LabRobot staff bbq\" onerror=\"this.style.display='none'\"  \/>\n\t<h3>Souhaitez-vous r\u00e9aliser des dilutions en s\u00e9rie rapidement et facilement ?<\/h3>\n<p>Par Elisabet | 20 mai 2024<\/p>\n<p><a href=\"https:\/\/labrobot.com\/fr\/request-a-demo\/\">Essayez gratuitement le Syst\u00e8me Dilucup\u00ae<\/a> et am\u00e9liorez vos dilutions !<\/p>\n\t<meta itemprop=\"url\" content=\"https:\/\/labrobot.com\/wp-content\/uploads\/2024\/05\/Easy-serial-dilutions.mp4\" \/><div style=\"width: 640px;\" class=\"wp-video\"><video class=\"wp-video-shortcode\" id=\"video-3511-1\" width=\"640\" height=\"360\" preload=\"metadata\" controls=\"controls\"><source type=\"video\/mp4\" src=\"https:\/\/labrobot.com\/wp-content\/uploads\/2024\/05\/Easy-serial-dilutions.mp4?_=1\" \/><a href=\"https:\/\/labrobot.com\/wp-content\/uploads\/2024\/05\/Easy-serial-dilutions.mp4\">https:\/\/labrobot.com\/wp-content\/uploads\/2024\/05\/Easy-serial-dilutions.mp4<\/a><\/video><\/div>\n\t<h3>La m\u00e9thode de dilution en s\u00e9rie la plus amusante !<\/h3>\n<p>Par Elisabet | 16 avril 2024<\/p>\n<p>Dilugent Shaker vous indique quel Dilucup utiliser avec diff\u00e9rentes couleurs, faisant des dilutions en s\u00e9rie une exp\u00e9rience guid\u00e9e et divertissante \ud83d\ude09<\/p>\n<p><strong>Astuce :<\/strong> Baissez la lumi\u00e8re dans la pi\u00e8ce et vous verrez quelles couleurs sortent du Dilugent Shaker&#8230; Elles sont incroyables !<\/p>\n\t\t\t\t<img loading=\"lazy\" decoding=\"async\" src=\"https:\/\/labrobot.com\/wp-content\/uploads\/2024\/04\/The-most-fun-serial-dilution-method-1024x683.png\" alt=\"fun serial dilutions \" itemprop=\"image\" height=\"683\" width=\"1024\" title=\"The most fun serial dilution method\" onerror=\"this.style.display='none'\"  \/>\n\t<h3>Joyeuses P\u00e2ques!<\/h3>\n<p>Par Elisabet | 27 mars 2024<\/p>\n<p>Saviez-vous que la jonquille (ou P\u00e5skliljan en su\u00e9dois) est la fleur la plus associ\u00e9e aux f\u00eates de P\u00e2ques en Su\u00e8de ?<\/p>\n<p>Apr\u00e8s un long hiver, les rues se remplissent de petites fleurs de diff\u00e9rentes couleurs partout dans l&rsquo;herbe et elles apportent beaucoup de joie (mais aussi parfois des allergies ;)).<\/p>\n<p>Nous vous souhaitons de joyeuses P\u00e2ques et, esp\u00e9rons-le, quelques journ\u00e9es ensoleill\u00e9es pour profiter de vos jours de cong\u00e9 ! \ud83d\ude42<\/p>\n\t\t\t\t<img loading=\"lazy\" decoding=\"async\" src=\"https:\/\/labrobot.com\/wp-content\/uploads\/2024\/03\/paskliljan-glad-pask-1024x684.jpg\" alt=\"p\u00e5skliljan glad p\u00e5sk\" itemprop=\"image\" height=\"684\" width=\"1024\" title=\"p\u00e5skliljan glad p\u00e5sk\" onerror=\"this.style.display='none'\"  \/>\n\t<h3>Volume de diluant tr\u00e8s pr\u00e9cis<\/h3>\n<p>Par Elisabet | 26 f\u00e9vrier 2024<\/p>\n<p>Nous contr\u00f4lons minutieusement nos Dilucups pour nous assurer qu&rsquo;ils pr\u00e9sentent le moins d&rsquo;\u00e9cart possible par rapport \u00e0 9 mL. Nous \u00e9tablissons r\u00e9guli\u00e8rement des statistiques sur nos analyses, et celles-ci sont les plus r\u00e9centes.<\/p>\n<p>\ud83d\udd0aEXPLICATION\u00a0:<\/p>\n<p>Dans le graphique suivant, vous pouvez voir les quantit\u00e9s de Dilucups class\u00e9es selon 3 intervalles de volume diff\u00e9rents au cours des 3 derni\u00e8res ann\u00e9es :<\/p>\n<ul>\n<li>9 mL &#8211; (1 \u00e0 0,4999 %) \u27a1 8,91 mL \u00e0 8,955 mL<\/li>\n<li>9 mL \u00b1 0,5 % \u27a1 8,955 mL \u00e0 9,045 mL<\/li>\n<li>9 mL + (0,5001 \u00e0 1 %) \u27a1 9,045 mL \u00e0 9,09 mL<\/li>\n<\/ul>\n<p>\u2755Remarque : selon les normes ISO le volume doit \u00eatre de : 9 mL \u00b1 2 % (8,82 mL \u00e0 9,18 mL)<\/p>\n<p>Les r\u00e9sultats sont bas\u00e9s sur environ 15 000 mesures de volume par an.<\/p>\n<p>\ud83d\udcc8 R\u00c9SULTATS\u00a0:<\/p>\n<p>En 2021, 99,97 % des Dilucups avaient un volume de 9 mL \u00b1 1 %, dont 89,21 % \u00e9taient de l&rsquo;ordre de 9 mL \u00b1 0,5 %.<\/p>\n<p>En 2022, 99,90 % avaient un volume de 9 mL \u00b1 1 %, dont 84,45 % \u00e9taient de l&rsquo;ordre de 9 mL \u00b1 0,5 %.<\/p>\n<p>L&rsquo;ann\u00e9e derni\u00e8re, 99,92 % avaient un volume de 9 mL \u00b1 1 %, dont 91,72 %* \u00e9taient de l&rsquo;ordre de 9 mL \u00b1 0,5 %.<\/p>\n<p>*Cette augmentation par rapport \u00e0 2022 n&rsquo;est pas une co\u00efncidence. Depuis l&rsquo;\u00e9t\u00e9 2023, nous travaillons ardemment pour que le volume soit dans l&rsquo;intervalle 9 mL \u00b1 0,5 %. En effet, nous savons \u00e0 quel point il est important de disposer d&rsquo;un volume tr\u00e8s pr\u00e9cis pour de nombreuses industries, comme celle des probiotiques.<\/p>\n<p>\ud83d\udcdd CONCLUSION :<\/p>\n<p>Presque tous les Dilucups ont un volume de 9 mL \u00b1 1 %, les valeurs normales se situant dans la plage de \u00b1 0,5 %.<\/p>\n<p>Les r\u00e9sultats sont constants au fil des ann\u00e9es et notre objectif est de continuer \u00e0 augmenter le pourcentage de Dilucups ayant un volume de 9 mL \u00b1 0,5 %.<\/p>\n\t\t\t\t<img loading=\"lazy\" decoding=\"async\" src=\"https:\/\/labrobot.com\/wp-content\/uploads\/2024\/02\/volume-accuracy-2021-2023-Dilucup-1024x733.jpg\" alt=\"volume accuracy 2021-2023 Dilucup\" itemprop=\"image\" height=\"733\" width=\"1024\" title=\"volume accuracy 2021-2023 Dilucup\" onerror=\"this.style.display='none'\"  \/>\n\t<h3>Nouveau r\u00e9acteur install\u00e9<\/h3>\n<p>Par Elisabet | 19 janvier 2024<\/p>\n<p>Cette semaine nous avons termin\u00e9 l&rsquo;installation de notre nouveau r\u00e9acteur et de son syst\u00e8me de thermor\u00e9gulation !<\/p>\n<p>Gr\u00e2ce \u00e0 lui, nous pouvons produire quotidiennement jusqu&rsquo;\u00e0 50 % de Dilucups en plus !<\/p>\n<p>Un investissement n\u00e9cessaire pour r\u00e9pondre \u00e0 la demande croissante de cette fantastique solution pour les dilutions en s\u00e9rie.<\/p>\n\t<h3>Nouveau r\u00e9acteur install\u00e9<\/h3>\n<p>Par Elisabet | 19 janvier 2024<\/p>\n<p>Cette semaine nous avons termin\u00e9 l&rsquo;installation de notre nouveau r\u00e9acteur et de son syst\u00e8me de thermor\u00e9gulation !<\/p>\n<p>Gr\u00e2ce \u00e0 lui, nous pouvons produire quotidiennement jusqu&rsquo;\u00e0 50 % de Dilucups en plus !<\/p>\n<p>Un investissement n\u00e9cessaire pour r\u00e9pondre \u00e0 la demande croissante de cette fantastique solution pour les dilutions en s\u00e9rie.<\/p>\n\t\t\t<img decoding=\"async\" loading='false' src=\"https:\/\/labrobot.com\/wp-content\/uploads\/2024\/01\/IMG_9359-1024x683.jpg\" alt=\"\" \/>\t\t\t\n\t\t\t<img decoding=\"async\" loading='false' src=\"https:\/\/labrobot.com\/wp-content\/uploads\/2024\/01\/reactor-Dilucup-1024x898.jpg\" alt=\"\" \/>\t\t\t\n\t\t\t<img decoding=\"async\" loading='false' src=\"https:\/\/labrobot.com\/wp-content\/uploads\/2024\/01\/reactor-lauda-1024x931.jpg\" alt=\"\" \/>\t\t\t\n\n","protected":false},"excerpt":{"rendered":"<p>Actualit\u00e9s. Bonnes vacances d&rsquo;\u00e9t\u00e9 ! Par Elisabet | 2 juillet 2024 C&rsquo;est juillet et \u00e7a sent d\u00e9j\u00e0 les vacances d&rsquo;\u00e9t\u00e9 ! Nous vous souhaitons un \u00e9t\u00e9 fantastique, avec vos proches et plein de bons souvenirs. Nous vous rappelons que nos installations resteront ouvertes et que nous pourrons traiter les commandes comme d&rsquo;habitude. Souhaitez-vous r\u00e9aliser des &#8230; <a title=\"Actualit\u00e9s\" class=\"read-more\" href=\"https:\/\/labrobot.com\/fr\/actualites\/\" aria-label=\"En savoir plus sur Actualit\u00e9s\">Read more<\/a><\/p>\n","protected":false},"author":11,"featured_media":0,"parent":0,"menu_order":33,"comment_status":"closed","ping_status":"closed","template":"","meta":{"_acf_changed":false,"generate_page_header":"","footnotes":""},"class_list":["post-3511","page","type-page","status-publish"],"acf":[],"yoast_head":"<!-- This site is optimized with the Yoast SEO Premium plugin v27.3 (Yoast SEO v27.3) - https:\/\/yoast.com\/product\/yoast-seo-premium-wordpress\/ -->\n<title>Actualit\u00e9s | Syst\u00e8me Dilucup | Dilution en s\u00e9rie | LabRobot<\/title>\n<meta name=\"description\" content=\"Sur cette page vous trouverez les actualit\u00e9s r\u00e9centes relatives \u00e0 LabRobot et au Syst\u00e8me Dilucup de dilution en s\u00e9rie.\" \/>\n<meta name=\"robots\" content=\"index, follow, max-snippet:-1, max-image-preview:large, max-video-preview:-1\" \/>\n<link rel=\"canonical\" href=\"https:\/\/labrobot.com\/news\/\" \/>\n<meta property=\"og:locale\" content=\"fr_FR\" \/>\n<meta property=\"og:type\" content=\"article\" \/>\n<meta property=\"og:title\" content=\"Actualit\u00e9s\" \/>\n<meta property=\"og:description\" content=\"Sur cette page vous trouverez les actualit\u00e9s r\u00e9centes relatives \u00e0 LabRobot et au Syst\u00e8me Dilucup de dilution en s\u00e9rie.\" \/>\n<meta property=\"og:url\" content=\"https:\/\/labrobot.com\/news\/\" \/>\n<meta property=\"og:site_name\" content=\"LabRobot\" \/>\n<meta property=\"article:publisher\" content=\"https:\/\/www.facebook.com\/labrobotproductsab\" \/>\n<meta property=\"article:modified_time\" content=\"2026-03-16T10:16:40+00:00\" \/>\n<meta property=\"og:image\" content=\"https:\/\/labrobot.com\/wp-content\/uploads\/2024\/07\/LabRobot-staff-bbq-scaled.jpg\" \/>\n<meta name=\"twitter:card\" content=\"summary_large_image\" \/>\n<meta name=\"twitter:label1\" content=\"Dur\u00e9e de lecture estim\u00e9e\" \/>\n\t<meta name=\"twitter:data1\" content=\"3 minutes\" \/>\n<script type=\"application\/ld+json\" class=\"yoast-schema-graph\">{\"@context\":\"https:\\\/\\\/schema.org\",\"@graph\":[{\"@type\":\"WebPage\",\"@id\":\"https:\\\/\\\/labrobot.com\\\/news\\\/\",\"url\":\"https:\\\/\\\/labrobot.com\\\/news\\\/\",\"name\":\"Actualit\u00e9s | Syst\u00e8me Dilucup | Dilution en s\u00e9rie | LabRobot\",\"isPartOf\":{\"@id\":\"https:\\\/\\\/labrobot.com\\\/#website\"},\"primaryImageOfPage\":{\"@id\":\"https:\\\/\\\/labrobot.com\\\/news\\\/#primaryimage\"},\"image\":{\"@id\":\"https:\\\/\\\/labrobot.com\\\/news\\\/#primaryimage\"},\"thumbnailUrl\":\"https:\\\/\\\/labrobot.com\\\/wp-content\\\/uploads\\\/2024\\\/07\\\/LabRobot-staff-bbq-scaled.jpg\",\"datePublished\":\"2018-10-24T12:40:38+00:00\",\"dateModified\":\"2026-03-16T10:16:40+00:00\",\"description\":\"Sur cette page vous trouverez les actualit\u00e9s r\u00e9centes relatives \u00e0 LabRobot et au Syst\u00e8me Dilucup de dilution en s\u00e9rie.\",\"breadcrumb\":{\"@id\":\"https:\\\/\\\/labrobot.com\\\/news\\\/#breadcrumb\"},\"inLanguage\":\"fr-FR\",\"potentialAction\":[{\"@type\":\"ReadAction\",\"target\":[\"https:\\\/\\\/labrobot.com\\\/news\\\/\"]}]},{\"@type\":\"ImageObject\",\"inLanguage\":\"fr-FR\",\"@id\":\"https:\\\/\\\/labrobot.com\\\/news\\\/#primaryimage\",\"url\":\"https:\\\/\\\/labrobot.com\\\/wp-content\\\/uploads\\\/2024\\\/07\\\/LabRobot-staff-bbq-scaled.jpg\",\"contentUrl\":\"https:\\\/\\\/labrobot.com\\\/wp-content\\\/uploads\\\/2024\\\/07\\\/LabRobot-staff-bbq-scaled.jpg\"},{\"@type\":\"BreadcrumbList\",\"@id\":\"https:\\\/\\\/labrobot.com\\\/news\\\/#breadcrumb\",\"itemListElement\":[{\"@type\":\"ListItem\",\"position\":1,\"name\":\"Home\",\"item\":\"https:\\\/\\\/labrobot.com\\\/fr\\\/\"},{\"@type\":\"ListItem\",\"position\":2,\"name\":\"Actualit\u00e9s\"}]},{\"@type\":\"WebSite\",\"@id\":\"https:\\\/\\\/labrobot.com\\\/#website\",\"url\":\"https:\\\/\\\/labrobot.com\\\/\",\"name\":\"LabRobot\",\"description\":\"D\u00e9velopper des instruments et des m\u00e9thodes d'analyse pour la microbiologie alimentaire\",\"publisher\":{\"@id\":\"https:\\\/\\\/labrobot.com\\\/#organization\"},\"potentialAction\":[{\"@type\":\"SearchAction\",\"target\":{\"@type\":\"EntryPoint\",\"urlTemplate\":\"https:\\\/\\\/labrobot.com\\\/?s={search_term_string}\"},\"query-input\":{\"@type\":\"PropertyValueSpecification\",\"valueRequired\":true,\"valueName\":\"search_term_string\"}}],\"inLanguage\":\"fr-FR\"},{\"@type\":\"Organization\",\"@id\":\"https:\\\/\\\/labrobot.com\\\/#organization\",\"name\":\"LabRobot Products AB\",\"url\":\"https:\\\/\\\/labrobot.com\\\/\",\"logo\":{\"@type\":\"ImageObject\",\"inLanguage\":\"fr-FR\",\"@id\":\"https:\\\/\\\/labrobot.com\\\/#\\\/schema\\\/logo\\\/image\\\/\",\"url\":\"https:\\\/\\\/labrobot.com\\\/wp-content\\\/uploads\\\/2018\\\/12\\\/LabRobot_LOGO_signatur.jpg\",\"contentUrl\":\"https:\\\/\\\/labrobot.com\\\/wp-content\\\/uploads\\\/2018\\\/12\\\/LabRobot_LOGO_signatur.jpg\",\"width\":200,\"height\":54,\"caption\":\"LabRobot Products AB\"},\"image\":{\"@id\":\"https:\\\/\\\/labrobot.com\\\/#\\\/schema\\\/logo\\\/image\\\/\"},\"sameAs\":[\"https:\\\/\\\/www.facebook.com\\\/labrobotproductsab\",\"https:\\\/\\\/www.linkedin.com\\\/company\\\/labrobot-products-ab\\\/\",\"https:\\\/\\\/www.youtube.com\\\/channel\\\/UCHGyF_OHfxI1No9ahbU-agQ\"]}]}<\/script>\n<!-- \/ Yoast SEO Premium plugin. -->","yoast_head_json":{"title":"Actualit\u00e9s | Syst\u00e8me Dilucup | Dilution en s\u00e9rie | LabRobot","description":"Sur cette page vous trouverez les actualit\u00e9s r\u00e9centes relatives \u00e0 LabRobot et au Syst\u00e8me Dilucup de dilution en s\u00e9rie.","robots":{"index":"index","follow":"follow","max-snippet":"max-snippet:-1","max-image-preview":"max-image-preview:large","max-video-preview":"max-video-preview:-1"},"canonical":"https:\/\/labrobot.com\/news\/","og_locale":"fr_FR","og_type":"article","og_title":"Actualit\u00e9s","og_description":"Sur cette page vous trouverez les actualit\u00e9s r\u00e9centes relatives \u00e0 LabRobot et au Syst\u00e8me Dilucup de dilution en s\u00e9rie.","og_url":"https:\/\/labrobot.com\/news\/","og_site_name":"LabRobot","article_publisher":"https:\/\/www.facebook.com\/labrobotproductsab","article_modified_time":"2026-03-16T10:16:40+00:00","og_image":[{"url":"https:\/\/labrobot.com\/wp-content\/uploads\/2024\/07\/LabRobot-staff-bbq-scaled.jpg","type":"","width":"","height":""}],"twitter_card":"summary_large_image","twitter_misc":{"Dur\u00e9e de lecture estim\u00e9e":"3 minutes"},"schema":{"@context":"https:\/\/schema.org","@graph":[{"@type":"WebPage","@id":"https:\/\/labrobot.com\/news\/","url":"https:\/\/labrobot.com\/news\/","name":"Actualit\u00e9s | Syst\u00e8me Dilucup | Dilution en s\u00e9rie | LabRobot","isPartOf":{"@id":"https:\/\/labrobot.com\/#website"},"primaryImageOfPage":{"@id":"https:\/\/labrobot.com\/news\/#primaryimage"},"image":{"@id":"https:\/\/labrobot.com\/news\/#primaryimage"},"thumbnailUrl":"https:\/\/labrobot.com\/wp-content\/uploads\/2024\/07\/LabRobot-staff-bbq-scaled.jpg","datePublished":"2018-10-24T12:40:38+00:00","dateModified":"2026-03-16T10:16:40+00:00","description":"Sur cette page vous trouverez les actualit\u00e9s r\u00e9centes relatives \u00e0 LabRobot et au Syst\u00e8me Dilucup de dilution en s\u00e9rie.","breadcrumb":{"@id":"https:\/\/labrobot.com\/news\/#breadcrumb"},"inLanguage":"fr-FR","potentialAction":[{"@type":"ReadAction","target":["https:\/\/labrobot.com\/news\/"]}]},{"@type":"ImageObject","inLanguage":"fr-FR","@id":"https:\/\/labrobot.com\/news\/#primaryimage","url":"https:\/\/labrobot.com\/wp-content\/uploads\/2024\/07\/LabRobot-staff-bbq-scaled.jpg","contentUrl":"https:\/\/labrobot.com\/wp-content\/uploads\/2024\/07\/LabRobot-staff-bbq-scaled.jpg"},{"@type":"BreadcrumbList","@id":"https:\/\/labrobot.com\/news\/#breadcrumb","itemListElement":[{"@type":"ListItem","position":1,"name":"Home","item":"https:\/\/labrobot.com\/fr\/"},{"@type":"ListItem","position":2,"name":"Actualit\u00e9s"}]},{"@type":"WebSite","@id":"https:\/\/labrobot.com\/#website","url":"https:\/\/labrobot.com\/","name":"LabRobot","description":"D\u00e9velopper des instruments et des m\u00e9thodes d'analyse pour la microbiologie alimentaire","publisher":{"@id":"https:\/\/labrobot.com\/#organization"},"potentialAction":[{"@type":"SearchAction","target":{"@type":"EntryPoint","urlTemplate":"https:\/\/labrobot.com\/?s={search_term_string}"},"query-input":{"@type":"PropertyValueSpecification","valueRequired":true,"valueName":"search_term_string"}}],"inLanguage":"fr-FR"},{"@type":"Organization","@id":"https:\/\/labrobot.com\/#organization","name":"LabRobot Products AB","url":"https:\/\/labrobot.com\/","logo":{"@type":"ImageObject","inLanguage":"fr-FR","@id":"https:\/\/labrobot.com\/#\/schema\/logo\/image\/","url":"https:\/\/labrobot.com\/wp-content\/uploads\/2018\/12\/LabRobot_LOGO_signatur.jpg","contentUrl":"https:\/\/labrobot.com\/wp-content\/uploads\/2018\/12\/LabRobot_LOGO_signatur.jpg","width":200,"height":54,"caption":"LabRobot Products AB"},"image":{"@id":"https:\/\/labrobot.com\/#\/schema\/logo\/image\/"},"sameAs":["https:\/\/www.facebook.com\/labrobotproductsab","https:\/\/www.linkedin.com\/company\/labrobot-products-ab\/","https:\/\/www.youtube.com\/channel\/UCHGyF_OHfxI1No9ahbU-agQ"]}]}},"_links":{"self":[{"href":"https:\/\/labrobot.com\/fr\/wp-json\/wp\/v2\/pages\/3511","targetHints":{"allow":["GET"]}}],"collection":[{"href":"https:\/\/labrobot.com\/fr\/wp-json\/wp\/v2\/pages"}],"about":[{"href":"https:\/\/labrobot.com\/fr\/wp-json\/wp\/v2\/types\/page"}],"author":[{"embeddable":true,"href":"https:\/\/labrobot.com\/fr\/wp-json\/wp\/v2\/users\/11"}],"replies":[{"embeddable":true,"href":"https:\/\/labrobot.com\/fr\/wp-json\/wp\/v2\/comments?post=3511"}],"version-history":[{"count":4,"href":"https:\/\/labrobot.com\/fr\/wp-json\/wp\/v2\/pages\/3511\/revisions"}],"predecessor-version":[{"id":21780,"href":"https:\/\/labrobot.com\/fr\/wp-json\/wp\/v2\/pages\/3511\/revisions\/21780"}],"wp:attachment":[{"href":"https:\/\/labrobot.com\/fr\/wp-json\/wp\/v2\/media?parent=3511"}],"curies":[{"name":"wp","href":"https:\/\/api.w.org\/{rel}","templated":true}]}}