{"id":18223,"date":"2021-02-26T14:18:26","date_gmt":"2021-02-26T13:18:26","guid":{"rendered":"https:\/\/labrobot.com\/serial-dilutions-for-plate-count\/"},"modified":"2024-10-02T07:59:28","modified_gmt":"2024-10-02T06:59:28","slug":"denombrement-sur-plaque","status":"publish","type":"page","link":"https:\/\/labrobot.com\/fr\/denombrement-sur-plaque\/","title":{"rendered":"Applications"},"content":{"rendered":"\n<h1>\n\t\tVotre alli\u00e9 pour compter les micro-organismes\n\t<\/h1>\n\t<p>Compter les micro-organismes devient tr\u00e8s facile et rapide lorsque vous effectuez vos dilutions en s\u00e9rie avec le syst\u00e8me Dilucup\u00ae. De plus, vous r\u00e9alisez vos dilutions d\u00e9cimales deux fois plus vite qu&rsquo;avec des tubes de dilution et un vortex ! Quel que soit le nombre de dilutions que vous devez effectuer, ce syst\u00e8me vous permet de diluer un \u00e9chantillon de une \u00e0 douze fois.<\/p>\n\t<p>L&rsquo;une des analyses microbiologiques les plus courantes est la quantification des micro-organismes par d\u00e9nombrement o\u00f9 l&rsquo;\u00e9chantillon doit \u00eatre pr\u00e9alablement dilu\u00e9 pour r\u00e9duire le nombre de ces micro-organismes \u00e0 un niveau comptable.<\/p>\n<p>La gamme actuelle de diluants disponibles (MRD, NACL, BPW, DW, EP), ainsi que le volume des cupules (g\u00e9n\u00e9ralement 9 mL), rend ce syst\u00e8me de dilution en s\u00e9rie tr\u00e8s adapt\u00e9 aux industries suivantes :<\/p>\n<h2>\n\t\tMicrobiologie alimentaire\n\t<\/h2>\n\t<p>Afin de garantir la qualit\u00e9 des aliments et des aliments pour animaux, ceux-ci doivent subir diverses analyses chimiques et microbiologiques.<\/p>\n<p>Habituellement, une premi\u00e8re dilution dans un sac stomacher est n\u00e9cessaire pour les matrices solides telles que viande, poisson, \u0153uf entier, l\u00e9gumes, aliments pour animaux, lait en poudre, cr\u00e8me, etc.<\/p>\n<p>Diluants recommand\u00e9s :<\/p>\n<ul>\n<li>Dilucup MRD (Maximum Recovery Diluent = Tryptone Sel)<\/li>\n<li>Dilucup BPW (Eau Pepton\u00e9e Tamponn\u00e9e).<\/li>\n<\/ul>\n\t\t\t\t<img loading=\"lazy\" decoding=\"async\" src=\"https:\/\/labrobot.com\/wp-content\/uploads\/2024\/07\/dairy-1024x715.jpg\" alt=\"dairy products\" itemprop=\"image\" height=\"715\" width=\"1024\" title=\"dairy\" onerror=\"this.style.display='none'\"  \/>\n\t<h3>Industrie laiti\u00e8re<\/h3>\n\t\t\t\t<img loading=\"lazy\" decoding=\"async\" src=\"https:\/\/labrobot.com\/wp-content\/uploads\/2022\/03\/livsmedel.jpg\" alt=\"livsmedel\" itemprop=\"image\" height=\"683\" width=\"1024\" title=\"livsmedel\" onerror=\"this.style.display='none'\"  \/>\n\t<h3>S\u00e9curit\u00e9 alimentaire<\/h3>\n\t\t\t\t<img loading=\"lazy\" decoding=\"async\" src=\"https:\/\/labrobot.com\/wp-content\/uploads\/2024\/07\/animal-feed.jpg\" alt=\"animal feed\" itemprop=\"image\" height=\"480\" width=\"720\" title=\"animal feed\" onerror=\"this.style.display='none'\"  \/>\n\t<h3>Aliments pour animaux<\/h3>\n<h2>\n\t\tIndustrie des probiotiques\n\t<\/h2>\n\t<p>Pour compter les souches probiotiques, vous avez besoin de diluants ayant un volume tr\u00e8s pr\u00e9cis, sinon l&rsquo;erreur accumul\u00e9e \u00e0 chaque dilution peut vous donner un r\u00e9sultat fortement erron\u00e9.<\/p>\n<p>Dilucup\u00ae est le seul syst\u00e8me capable de vous offrir des diluants pr\u00eats \u00e0 l&#8217;emploi dans la gamme de 9 mL \u00b1 0,5 % <a href=\"https:\/\/labrobot.com\/fr\/volume-de-diluant-tres-precis\/\">(lisez la derni\u00e8re analyse ici)<\/a>.<\/p>\n\t\t\t\t<img loading=\"lazy\" decoding=\"async\" src=\"https:\/\/labrobot.com\/wp-content\/uploads\/2024\/07\/bacteria.jpg\" alt=\"bacteria count\" itemprop=\"image\" height=\"480\" width=\"857\" title=\"bacteria\" onerror=\"this.style.display='none'\"  \/>\n\t<h3>\u00c9num\u00e9ration des souches probiotiques<\/h3>\n\t\t\t\t<img loading=\"lazy\" decoding=\"async\" src=\"https:\/\/labrobot.com\/wp-content\/uploads\/2024\/07\/bifidus.jpg\" alt=\"bifidus\" itemprop=\"image\" height=\"480\" width=\"720\" title=\"bifidus\" onerror=\"this.style.display='none'\"  \/>\n\t<h3>Industrie des probiotiques<\/h3>\n\t\t\t\t<a href=\"https:\/\/labrobot.com\/fr\/volume-de-diluant-tres-precis\/\" target=\"_self\" itemprop=\"url\" rel=\"noopener\">\n\t\t\t\t<img loading=\"lazy\" decoding=\"async\" src=\"https:\/\/labrobot.com\/wp-content\/uploads\/2024\/07\/Accurate-volume.png\" alt=\"accurate volume counts Dilucup\" itemprop=\"image\" height=\"1080\" width=\"1080\" title=\"Accurate volume\" onerror=\"this.style.display='none'\"  \/>\n\t\t\t\t<\/a>\n\t<h3>Volumes de diluants tr\u00e8s pr\u00e9cis &#8211; parfaits pour compter les probiotiques<\/h3>\n<h2>\n\t\tBio-industrie\n\t<\/h2>\n\t<p>Les processus biotechnologiques et en particulier tous les types de fermentation doivent \u00eatre contr\u00f4l\u00e9s et surveill\u00e9s \u00e0 divers niveaux :<\/p>\n\t\t\t\t<img loading=\"lazy\" decoding=\"async\" src=\"https:\/\/labrobot.com\/wp-content\/uploads\/2024\/07\/starter.jpg\" alt=\"starter\" itemprop=\"image\" height=\"480\" width=\"720\" title=\"starter\" onerror=\"this.style.display='none'\"  \/>\n\t<h3>Contr\u00f4le de la puret\u00e9 et de la concentration des ferments (bact\u00e9ries, levures)<\/h3>\n\t\t\t\t<img loading=\"lazy\" decoding=\"async\" src=\"https:\/\/labrobot.com\/wp-content\/uploads\/2024\/07\/reactors.jpg\" alt=\"reactors\" itemprop=\"image\" height=\"480\" width=\"679\" title=\"reactors\" onerror=\"this.style.display='none'\"  \/>\n\t<h3>Quantification de la population microbiologique dans les r\u00e9acteurs, fermenteurs&#8230;<\/h3>\n\t\t\t\t<img loading=\"lazy\" decoding=\"async\" src=\"https:\/\/labrobot.com\/wp-content\/uploads\/2024\/07\/fermentation.jpg\" alt=\"fermentation\" itemprop=\"image\" height=\"480\" width=\"719\" title=\"fermentation\" onerror=\"this.style.display='none'\"  \/>\n\t<h3>\u00c9valuation de la qualit\u00e9 des produits finis<\/h3>\n<h2>\n\t\tIndustrie papeti\u00e8re\n\t<\/h2>\n\t<p>Les bact\u00e9ries formatrices de biofilms sont ind\u00e9sirables autour des machines \u00e0 papier et leur croissance est contr\u00f4l\u00e9e gr\u00e2ce \u00e0 l&rsquo;utilisation de combinaisons efficaces de produits chimiques <em>(biocides, agents dispersants&#8230;)<\/em>.<\/p>\n\t\t\t\t<img loading=\"lazy\" decoding=\"async\" src=\"https:\/\/labrobot.com\/wp-content\/uploads\/2024\/07\/paper-industry.jpg\" alt=\"paper industry\" itemprop=\"image\" height=\"480\" width=\"723\" title=\"paper industry\" onerror=\"this.style.display='none'\"  \/>\n\t<h3>D\u00e9nombrement des micro-organismes pr\u00e9sents dans les circuits<\/h3>\n\t\t\t\t<img loading=\"lazy\" decoding=\"async\" src=\"https:\/\/labrobot.com\/wp-content\/uploads\/2024\/07\/papers.jpg\" alt=\"papers\" itemprop=\"image\" height=\"480\" width=\"720\" title=\"papers\" onerror=\"this.style.display='none'\"  \/>\n\t<h3>Fabrication de papier<\/h3>\n\t\t\t\t<img loading=\"lazy\" decoding=\"async\" src=\"https:\/\/labrobot.com\/wp-content\/uploads\/2014\/11\/o4hp1c4k.bmp\" alt=\"o4hp1c4k\" itemprop=\"image\" height=\"480\" width=\"720\" title=\"o4hp1c4k\" onerror=\"this.style.display='none'\"  \/>\n\t<h3>Contr\u00f4le des micro-organismes pr\u00e9sents dans les tuyaux, bassins, tours de refroidissement, etc.<\/h3>\n<h2>\n\t\tTraitement des Eaux\n\t<\/h2>\n\t<p>Le traitement biologique des eaux us\u00e9es est une m\u00e9thode d&rsquo;assainissement qui utilise diff\u00e9rents types de micro-organismes pour purifier et nettoyer l&rsquo;eau contamin\u00e9e, favorisant ainsi un environnement plus sain.<\/p>\n\t\t\t\t<img loading=\"lazy\" decoding=\"async\" src=\"https:\/\/labrobot.com\/wp-content\/uploads\/2024\/07\/water-treatment.jpg\" alt=\"water treatment\" itemprop=\"image\" height=\"480\" width=\"719\" title=\"water treatment\" onerror=\"this.style.display='none'\"  \/>\n\t<h3>Traitement biologique des eaux us\u00e9es<\/h3>\n\t\t\t\t<img loading=\"lazy\" decoding=\"async\" src=\"https:\/\/labrobot.com\/wp-content\/uploads\/2024\/07\/water-treatment-plant.jpg\" alt=\"water treatment\" itemprop=\"image\" height=\"480\" width=\"855\" title=\"water treatment plant\" onerror=\"this.style.display='none'\"  \/>\n\t<h3>D\u00e9contamination et recyclage des eaux us\u00e9es<\/h3>\n\t\t\t\t<img loading=\"lazy\" decoding=\"async\" src=\"https:\/\/labrobot.com\/wp-content\/uploads\/2024\/07\/CFU-Dilucup.png\" alt=\"count of CFU\" itemprop=\"image\" height=\"2515\" width=\"3781\" title=\"CFU Dilucup\" onerror=\"this.style.display='none'\"  \/>\n\t<h3>Quantification des micro-organismes<\/h3>\n<h2>\n\t\tIndustrie cosm\u00e9tique\n\t<\/h2>\n\t<p>Il est courant d&rsquo;introduire des inhibiteurs microbiens dans les cosm\u00e9tiques pour pr\u00e9venir la prolif\u00e9ration des micro-organismes dans les produits. L&rsquo;efficacit\u00e9 de ces inhibiteurs doit \u00eatre v\u00e9rifi\u00e9e par une m\u00e9thode microbiologique.<\/p>\n\t\t\t\t<img loading=\"lazy\" decoding=\"async\" src=\"https:\/\/labrobot.com\/wp-content\/uploads\/2024\/07\/cosmetic-lab.jpg\" alt=\"cosmetic lab\" itemprop=\"image\" height=\"480\" width=\"720\" title=\"cosmetic lab\" onerror=\"this.style.display='none'\"  \/>\n\t<h3>Contr\u00f4le des concentrations initiales des micro-organismes de test<\/h3>\n\t\t\t\t<img loading=\"lazy\" decoding=\"async\" src=\"https:\/\/labrobot.com\/wp-content\/uploads\/2024\/07\/creams-cosmetic.jpg\" alt=\"creams cosmetic\" itemprop=\"image\" height=\"480\" width=\"857\" title=\"creams cosmetic\" onerror=\"this.style.display='none'\"  \/>\n\t<h3>Challenge Tests<\/h3>\n\t\t\t\t<img loading=\"lazy\" decoding=\"async\" src=\"https:\/\/labrobot.com\/wp-content\/uploads\/2024\/07\/cosmetics.jpg\" alt=\"cosmetics\" itemprop=\"image\" height=\"480\" width=\"720\" title=\"cosmetics\" onerror=\"this.style.display='none'\"  \/>\n\t<h3>Contr\u00f4le des inhibiteurs microbiens<\/h3>\n\n","protected":false},"excerpt":{"rendered":"<p>Votre alli\u00e9 pour compter les micro-organismes Compter les micro-organismes devient tr\u00e8s facile et rapide lorsque vous effectuez vos dilutions en s\u00e9rie avec le syst\u00e8me Dilucup\u00ae. De plus, vous r\u00e9alisez vos dilutions d\u00e9cimales deux fois plus vite qu&rsquo;avec des tubes de dilution et un vortex ! Quel que soit le nombre de dilutions que vous devez &#8230; <a title=\"Applications\" class=\"read-more\" href=\"https:\/\/labrobot.com\/fr\/denombrement-sur-plaque\/\" aria-label=\"En savoir plus sur Applications\">Read more<\/a><\/p>\n","protected":false},"author":243,"featured_media":0,"parent":0,"menu_order":0,"comment_status":"closed","ping_status":"closed","template":"","meta":{"_acf_changed":false,"generate_page_header":"","footnotes":""},"class_list":["post-18223","page","type-page","status-publish"],"acf":[],"yoast_head":"<!-- This site is optimized with the Yoast SEO Premium plugin v27.3 (Yoast SEO v27.3) - https:\/\/yoast.com\/product\/yoast-seo-premium-wordpress\/ -->\n<title>Comment compter les micro-organismes ?<\/title>\n<meta name=\"description\" content=\"Le syst\u00e8me Dilucup est votre alli\u00e9 pour compter les micro-organismes. Convient pour la microbiologie alimentaire, industries biologiques,..\" \/>\n<meta name=\"robots\" content=\"index, follow, max-snippet:-1, max-image-preview:large, max-video-preview:-1\" \/>\n<link rel=\"canonical\" href=\"https:\/\/labrobot.com\/fr\/denombrement-sur-plaque\/\" \/>\n<meta property=\"og:locale\" content=\"fr_FR\" \/>\n<meta property=\"og:type\" content=\"article\" \/>\n<meta property=\"og:title\" content=\"Applications\" \/>\n<meta property=\"og:description\" content=\"Le syst\u00e8me Dilucup est votre alli\u00e9 pour compter les micro-organismes. Convient pour la microbiologie alimentaire, industries biologiques,..\" \/>\n<meta property=\"og:url\" content=\"https:\/\/labrobot.com\/fr\/denombrement-sur-plaque\/\" \/>\n<meta property=\"og:site_name\" content=\"LabRobot\" \/>\n<meta property=\"article:publisher\" content=\"https:\/\/www.facebook.com\/labrobotproductsab\" \/>\n<meta property=\"article:modified_time\" content=\"2024-10-02T06:59:28+00:00\" \/>\n<meta property=\"og:image\" content=\"https:\/\/labrobot.com\/wp-content\/uploads\/2024\/07\/dairy-1024x715.jpg\" \/>\n<meta name=\"twitter:card\" content=\"summary_large_image\" \/>\n<meta name=\"twitter:label1\" content=\"Dur\u00e9e de lecture estim\u00e9e\" \/>\n\t<meta name=\"twitter:data1\" content=\"6 minutes\" \/>\n<script type=\"application\/ld+json\" class=\"yoast-schema-graph\">{\"@context\":\"https:\\\/\\\/schema.org\",\"@graph\":[{\"@type\":\"WebPage\",\"@id\":\"https:\\\/\\\/labrobot.com\\\/fr\\\/denombrement-sur-plaque\\\/\",\"url\":\"https:\\\/\\\/labrobot.com\\\/fr\\\/denombrement-sur-plaque\\\/\",\"name\":\"Comment compter les micro-organismes ?\",\"isPartOf\":{\"@id\":\"https:\\\/\\\/labrobot.com\\\/#website\"},\"primaryImageOfPage\":{\"@id\":\"https:\\\/\\\/labrobot.com\\\/fr\\\/denombrement-sur-plaque\\\/#primaryimage\"},\"image\":{\"@id\":\"https:\\\/\\\/labrobot.com\\\/fr\\\/denombrement-sur-plaque\\\/#primaryimage\"},\"thumbnailUrl\":\"https:\\\/\\\/labrobot.com\\\/wp-content\\\/uploads\\\/2024\\\/07\\\/dairy-1024x715.jpg\",\"datePublished\":\"2021-02-26T13:18:26+00:00\",\"dateModified\":\"2024-10-02T06:59:28+00:00\",\"description\":\"Le syst\u00e8me Dilucup est votre alli\u00e9 pour compter les micro-organismes. Convient pour la microbiologie alimentaire, industries biologiques,..\",\"breadcrumb\":{\"@id\":\"https:\\\/\\\/labrobot.com\\\/fr\\\/denombrement-sur-plaque\\\/#breadcrumb\"},\"inLanguage\":\"fr-FR\",\"potentialAction\":[{\"@type\":\"ReadAction\",\"target\":[\"https:\\\/\\\/labrobot.com\\\/fr\\\/denombrement-sur-plaque\\\/\"]}]},{\"@type\":\"ImageObject\",\"inLanguage\":\"fr-FR\",\"@id\":\"https:\\\/\\\/labrobot.com\\\/fr\\\/denombrement-sur-plaque\\\/#primaryimage\",\"url\":\"https:\\\/\\\/labrobot.com\\\/wp-content\\\/uploads\\\/2024\\\/07\\\/dairy-1024x715.jpg\",\"contentUrl\":\"https:\\\/\\\/labrobot.com\\\/wp-content\\\/uploads\\\/2024\\\/07\\\/dairy-1024x715.jpg\"},{\"@type\":\"BreadcrumbList\",\"@id\":\"https:\\\/\\\/labrobot.com\\\/fr\\\/denombrement-sur-plaque\\\/#breadcrumb\",\"itemListElement\":[{\"@type\":\"ListItem\",\"position\":1,\"name\":\"Home\",\"item\":\"https:\\\/\\\/labrobot.com\\\/fr\\\/\"},{\"@type\":\"ListItem\",\"position\":2,\"name\":\"Applications\"}]},{\"@type\":\"WebSite\",\"@id\":\"https:\\\/\\\/labrobot.com\\\/#website\",\"url\":\"https:\\\/\\\/labrobot.com\\\/\",\"name\":\"LabRobot\",\"description\":\"D\u00e9velopper des instruments et des m\u00e9thodes d'analyse pour la microbiologie alimentaire\",\"publisher\":{\"@id\":\"https:\\\/\\\/labrobot.com\\\/#organization\"},\"potentialAction\":[{\"@type\":\"SearchAction\",\"target\":{\"@type\":\"EntryPoint\",\"urlTemplate\":\"https:\\\/\\\/labrobot.com\\\/?s={search_term_string}\"},\"query-input\":{\"@type\":\"PropertyValueSpecification\",\"valueRequired\":true,\"valueName\":\"search_term_string\"}}],\"inLanguage\":\"fr-FR\"},{\"@type\":\"Organization\",\"@id\":\"https:\\\/\\\/labrobot.com\\\/#organization\",\"name\":\"LabRobot Products AB\",\"url\":\"https:\\\/\\\/labrobot.com\\\/\",\"logo\":{\"@type\":\"ImageObject\",\"inLanguage\":\"fr-FR\",\"@id\":\"https:\\\/\\\/labrobot.com\\\/#\\\/schema\\\/logo\\\/image\\\/\",\"url\":\"https:\\\/\\\/labrobot.com\\\/wp-content\\\/uploads\\\/2018\\\/12\\\/LabRobot_LOGO_signatur.jpg\",\"contentUrl\":\"https:\\\/\\\/labrobot.com\\\/wp-content\\\/uploads\\\/2018\\\/12\\\/LabRobot_LOGO_signatur.jpg\",\"width\":200,\"height\":54,\"caption\":\"LabRobot Products AB\"},\"image\":{\"@id\":\"https:\\\/\\\/labrobot.com\\\/#\\\/schema\\\/logo\\\/image\\\/\"},\"sameAs\":[\"https:\\\/\\\/www.facebook.com\\\/labrobotproductsab\",\"https:\\\/\\\/www.linkedin.com\\\/company\\\/labrobot-products-ab\\\/\",\"https:\\\/\\\/www.youtube.com\\\/channel\\\/UCHGyF_OHfxI1No9ahbU-agQ\"]}]}<\/script>\n<!-- \/ Yoast SEO Premium plugin. -->","yoast_head_json":{"title":"Comment compter les micro-organismes ?","description":"Le syst\u00e8me Dilucup est votre alli\u00e9 pour compter les micro-organismes. Convient pour la microbiologie alimentaire, industries biologiques,..","robots":{"index":"index","follow":"follow","max-snippet":"max-snippet:-1","max-image-preview":"max-image-preview:large","max-video-preview":"max-video-preview:-1"},"canonical":"https:\/\/labrobot.com\/fr\/denombrement-sur-plaque\/","og_locale":"fr_FR","og_type":"article","og_title":"Applications","og_description":"Le syst\u00e8me Dilucup est votre alli\u00e9 pour compter les micro-organismes. Convient pour la microbiologie alimentaire, industries biologiques,..","og_url":"https:\/\/labrobot.com\/fr\/denombrement-sur-plaque\/","og_site_name":"LabRobot","article_publisher":"https:\/\/www.facebook.com\/labrobotproductsab","article_modified_time":"2024-10-02T06:59:28+00:00","og_image":[{"url":"https:\/\/labrobot.com\/wp-content\/uploads\/2024\/07\/dairy-1024x715.jpg","type":"","width":"","height":""}],"twitter_card":"summary_large_image","twitter_misc":{"Dur\u00e9e de lecture estim\u00e9e":"6 minutes"},"schema":{"@context":"https:\/\/schema.org","@graph":[{"@type":"WebPage","@id":"https:\/\/labrobot.com\/fr\/denombrement-sur-plaque\/","url":"https:\/\/labrobot.com\/fr\/denombrement-sur-plaque\/","name":"Comment compter les micro-organismes ?","isPartOf":{"@id":"https:\/\/labrobot.com\/#website"},"primaryImageOfPage":{"@id":"https:\/\/labrobot.com\/fr\/denombrement-sur-plaque\/#primaryimage"},"image":{"@id":"https:\/\/labrobot.com\/fr\/denombrement-sur-plaque\/#primaryimage"},"thumbnailUrl":"https:\/\/labrobot.com\/wp-content\/uploads\/2024\/07\/dairy-1024x715.jpg","datePublished":"2021-02-26T13:18:26+00:00","dateModified":"2024-10-02T06:59:28+00:00","description":"Le syst\u00e8me Dilucup est votre alli\u00e9 pour compter les micro-organismes. Convient pour la microbiologie alimentaire, industries biologiques,..","breadcrumb":{"@id":"https:\/\/labrobot.com\/fr\/denombrement-sur-plaque\/#breadcrumb"},"inLanguage":"fr-FR","potentialAction":[{"@type":"ReadAction","target":["https:\/\/labrobot.com\/fr\/denombrement-sur-plaque\/"]}]},{"@type":"ImageObject","inLanguage":"fr-FR","@id":"https:\/\/labrobot.com\/fr\/denombrement-sur-plaque\/#primaryimage","url":"https:\/\/labrobot.com\/wp-content\/uploads\/2024\/07\/dairy-1024x715.jpg","contentUrl":"https:\/\/labrobot.com\/wp-content\/uploads\/2024\/07\/dairy-1024x715.jpg"},{"@type":"BreadcrumbList","@id":"https:\/\/labrobot.com\/fr\/denombrement-sur-plaque\/#breadcrumb","itemListElement":[{"@type":"ListItem","position":1,"name":"Home","item":"https:\/\/labrobot.com\/fr\/"},{"@type":"ListItem","position":2,"name":"Applications"}]},{"@type":"WebSite","@id":"https:\/\/labrobot.com\/#website","url":"https:\/\/labrobot.com\/","name":"LabRobot","description":"D\u00e9velopper des instruments et des m\u00e9thodes d'analyse pour la microbiologie alimentaire","publisher":{"@id":"https:\/\/labrobot.com\/#organization"},"potentialAction":[{"@type":"SearchAction","target":{"@type":"EntryPoint","urlTemplate":"https:\/\/labrobot.com\/?s={search_term_string}"},"query-input":{"@type":"PropertyValueSpecification","valueRequired":true,"valueName":"search_term_string"}}],"inLanguage":"fr-FR"},{"@type":"Organization","@id":"https:\/\/labrobot.com\/#organization","name":"LabRobot Products AB","url":"https:\/\/labrobot.com\/","logo":{"@type":"ImageObject","inLanguage":"fr-FR","@id":"https:\/\/labrobot.com\/#\/schema\/logo\/image\/","url":"https:\/\/labrobot.com\/wp-content\/uploads\/2018\/12\/LabRobot_LOGO_signatur.jpg","contentUrl":"https:\/\/labrobot.com\/wp-content\/uploads\/2018\/12\/LabRobot_LOGO_signatur.jpg","width":200,"height":54,"caption":"LabRobot Products AB"},"image":{"@id":"https:\/\/labrobot.com\/#\/schema\/logo\/image\/"},"sameAs":["https:\/\/www.facebook.com\/labrobotproductsab","https:\/\/www.linkedin.com\/company\/labrobot-products-ab\/","https:\/\/www.youtube.com\/channel\/UCHGyF_OHfxI1No9ahbU-agQ"]}]}},"_links":{"self":[{"href":"https:\/\/labrobot.com\/fr\/wp-json\/wp\/v2\/pages\/18223","targetHints":{"allow":["GET"]}}],"collection":[{"href":"https:\/\/labrobot.com\/fr\/wp-json\/wp\/v2\/pages"}],"about":[{"href":"https:\/\/labrobot.com\/fr\/wp-json\/wp\/v2\/types\/page"}],"author":[{"embeddable":true,"href":"https:\/\/labrobot.com\/fr\/wp-json\/wp\/v2\/users\/243"}],"replies":[{"embeddable":true,"href":"https:\/\/labrobot.com\/fr\/wp-json\/wp\/v2\/comments?post=18223"}],"version-history":[{"count":0,"href":"https:\/\/labrobot.com\/fr\/wp-json\/wp\/v2\/pages\/18223\/revisions"}],"wp:attachment":[{"href":"https:\/\/labrobot.com\/fr\/wp-json\/wp\/v2\/media?parent=18223"}],"curies":[{"name":"wp","href":"https:\/\/api.w.org\/{rel}","templated":true}]}}