{"id":17510,"date":"2024-05-16T14:21:36","date_gmt":"2024-05-16T13:21:36","guid":{"rendered":"https:\/\/labrobot.com\/durabilite\/"},"modified":"2025-03-07T19:51:35","modified_gmt":"2025-03-07T18:51:35","slug":"durabilite","status":"publish","type":"page","link":"https:\/\/labrobot.com\/fr\/durabilite\/","title":{"rendered":"Durabilit\u00e9"},"content":{"rendered":"\n\n\t<h1>Durabilit\u00e9<\/h1>\n\t<h2><em><strong>D\u00e9velopper des syst\u00e8mes de dilution durables<br \/>\npour aujourd&rsquo;hui et demain<\/strong><\/em><\/h2>\n\tC&rsquo;est notre vision.<br \/>\nNous d\u00e9veloppons une m\u00e9thode de dilution en s\u00e9rie durable dans le temps tout en tenant compte de l&rsquo;environnement.\nLabRobot Products AB fait partie du groupe <a href=\"https:\/\/www.add.life\/sustainability\">AddLife<\/a> et nous avons les m\u00eames valeurs en mati\u00e8re de d\u00e9vloppement durable.<br \/>\nIl existe trois domaines d&rsquo;impact dans lesquels nous travaillons en permanence pour continuer \u00e0 cro\u00eetre en tant qu&rsquo;entreprise, tout en tenant compte de la soci\u00e9t\u00e9 et de l&rsquo;environnement.\n<h3>\n\t\tM\u00e9thode de dilution durable\n\t<\/h3>\n\t<p>Le Syst\u00e8me Dilucup\u00ae est con\u00e7u pour une utilisation \u00e0 long terme et nous \u00e9tablissons des relations longues et durables avec nos clients.<\/p>\n<h3>\n\t\tCulture durable\n\t<\/h3>\n\t<p>La motivation et le bien-\u00eatre de nos collaborateurs sont une priorit\u00e9. Les objectifs dans ce domaine sont li\u00e9s \u00e0 la satisfaction des collaborateurs, \u00e0 la diversit\u00e9, \u00e0 l&rsquo;inclusion et \u00e0 la formation.<\/p>\n<h3>\n\t\tUne croissance durable\n\t<\/h3>\n\t<p>Nous travaillons \u00e0 promouvoir de nouvelles initiatives qui profitent \u00e0 la fois \u00e0 la plan\u00e8te et \u00e0 notre croissance.<\/p>\n<h3>\n\t\tObjectifs de l&rsquo;Agenda 2030\n\t<\/h3>\n\t<p>Nous voulons prendre notre responsabilit\u00e9 face aux d\u00e9fis mondiaux en mati\u00e8re de d\u00e9veloppement durable sp\u00e9cifi\u00e9s dans l&rsquo;Agenda 2030.<\/p>\n<p>Les objectifs de d\u00e9veloppement durable de LabRobot sont \u00e0 long terme et nous pr\u00e9voyons d&rsquo;apporter, d&rsquo;ici 5 ans, des changements dans les domaines suivants :<\/p>\n<h4>\n\t\tFormation de qualit\u00e9 (objectif 4)\n\t<\/h4>\n\t-Nous appr\u00e9cions notre personnel et souhaitons promouvoir l&rsquo;apprentissage tout au long de la carri\u00e8re professionelle.<br \/>\n-Plus de la moiti\u00e9 des employ\u00e9s de LabRobot ont suivi une formation en 2024.\n<h4>\n\t\tPartenariats pour les objectifs (Objectif 17)\n\t<\/h4>\n\t-Nous souhaitons coop\u00e9rer avec des fournisseurs qui partagent nos valeurs.<br \/>\n-Nos fournisseurs les plus importants ont paraph\u00e9 le code de conduite d&rsquo;AddLife en 2024.\n<h4>\n\t\tIndustrie, innovation et infrastructures (Objectif 9)\n\t<\/h4>\n\t<p>-Nous travaillons sur des solutions innovantes qui changeront la mani\u00e8re de produire le Dilucup\u00ae afin de r\u00e9duire son impact environnemental.<\/p>\n<h4>\n\t\tAction climatique (Objectif 13)\n\t<\/h4>\n\t<p>-Nous souhaitons am\u00e9liorer la fabrication de nos produits afin que le pourcentage de d\u00e9chets et de transport soit r\u00e9duit.<\/p>\n<h5>\n\t\tNous nous soucions de l&rsquo;environnement\n\t<\/h5>\n\t\t\t\t\tPlastique recycl\u00e9 minimum dans Dilucup\u00ae\n\t\t\t\t\t30%\t\t\t\n\t\t\t\t\tR\u00e9utilisation de l&rsquo;eau de refroidissement en production\n\t\t\t\t\t99%\t\t\t\n\t\t\t\t\tProduit avec de l&rsquo;\u00e9lectricit\u00e9 sans \u00e9nergie fossile\n\t\t\t\t\t100%\t\t\t\n\t<p>Notre ambition est de produire et de livrer nos produits avec le moins d&rsquo;impact possible sur l&rsquo;environnement.<\/p>\n<p>Ce ne sont l\u00e0 que quelques exemples de ce que nous faisons d\u00e9j\u00e0 pour r\u00e9duire l&#8217;empreinte climatique du Dilucup\u00ae.<\/p>\n<h5>\n\t\t30% de plastique recycl\u00e9\n\t<\/h5>\n\t<p>Nous aimerions utiliser du plastique 100 % recycl\u00e9, mais cela n&rsquo;est pas possible aujourd&rsquo;hui car la qualit\u00e9 du plastique n&rsquo;est pas encore assez bonne pour respecter les standards exig\u00e9s par Dilucup\u00ae.<\/p>\n<p>Les nouvelles techniques avancent tr\u00e8s vite et notre ambition est d&rsquo;utiliser le plus possible de plastique recycl\u00e9.<\/p>\n<p>Aujourd&rsquo;hui, Dilucup\u00ae est fabriqu\u00e9 \u00e0 partir d&rsquo;un minimum de 30 % de plastique recycl\u00e9, contribuant ainsi \u00e0 une empreinte environnementale r\u00e9duite.<\/p>\n\t\t\t\t<img loading=\"lazy\" decoding=\"async\" src=\"https:\/\/labrobot.com\/wp-content\/uploads\/2023\/10\/plasrullar.jpg\" alt=\"plasrullar\" itemprop=\"image\" height=\"1108\" width=\"1773\" title=\"plasrullar\" onerror=\"this.style.display='none'\"  \/>\n\t\t\t\t<img loading=\"lazy\" decoding=\"async\" src=\"https:\/\/labrobot.com\/wp-content\/uploads\/2023\/10\/vattenkraft.jpg\" alt=\"vattenkraft\" itemprop=\"image\" height=\"807\" width=\"1210\" title=\"vattenkraft\" onerror=\"this.style.display='none'\"  \/>\n<h5>\n\t\t\u00c9lectricit\u00e9 100% sans \u00e9nergie fossile\n\t<\/h5>\n\t<p>Le syst\u00e8me Dilucup\u00ae est produit avec de l&rsquo;\u00e9nergie hydro\u00e9lectrique sans \u00e9nergie fossile.<\/p>\n<h5>\n\t\tR\u00e9duction du gaspillage\n\t<\/h5>\n\t<p>Nous travaillons continuellement \u00e0 l&rsquo;am\u00e9lioration des processus de production pour r\u00e9duire nos d\u00e9chets.<\/p>\n<p><em>Par exemple, l&rsquo;eau utilis\u00e9e pour refroidir la ligne de production est r\u00e9utilis\u00e9e en circuit ferm\u00e9.<\/em><\/p>\n\t\t\t\t<img loading=\"lazy\" decoding=\"async\" src=\"https:\/\/labrobot.com\/wp-content\/uploads\/2023\/10\/waste-reduction.jpg\" alt=\"waste reduction\" itemprop=\"image\" height=\"612\" width=\"612\" title=\"waste reduction\" onerror=\"this.style.display='none'\"  \/>\n\t\t\t\t<img loading=\"lazy\" decoding=\"async\" src=\"https:\/\/labrobot.com\/wp-content\/uploads\/2023\/10\/camion-1024x512.jpg\" alt=\"camion\" itemprop=\"image\" height=\"512\" width=\"1024\" title=\"camion\" onerror=\"this.style.display='none'\"  \/>\n<h5>\n\t\tTransport optimis\u00e9\n\t<\/h5>\n\t<p>Nous travaillons autant que possible avec des fournisseurs locaux et nous essayons toujours d&rsquo;optimiser les exp\u00e9ditions pour minimiser leur impact environnemental.<\/p>\n\n","protected":false},"excerpt":{"rendered":"<p>Durabilit\u00e9 D\u00e9velopper des syst\u00e8mes de dilution durables pour aujourd&rsquo;hui et demain C&rsquo;est notre vision. Nous d\u00e9veloppons une m\u00e9thode de dilution en s\u00e9rie durable dans le temps tout en tenant compte de l&rsquo;environnement. LabRobot Products AB fait partie du groupe AddLife et nous avons les m\u00eames valeurs en mati\u00e8re de d\u00e9vloppement durable. Il existe trois domaines &#8230; <a title=\"Durabilit\u00e9\" class=\"read-more\" href=\"https:\/\/labrobot.com\/fr\/durabilite\/\" aria-label=\"En savoir plus sur Durabilit\u00e9\">Read more<\/a><\/p>\n","protected":false},"author":243,"featured_media":0,"parent":0,"menu_order":0,"comment_status":"closed","ping_status":"closed","template":"","meta":{"_acf_changed":false,"generate_page_header":"","footnotes":""},"class_list":["post-17510","page","type-page","status-publish"],"acf":[],"yoast_head":"<!-- This site is optimized with the Yoast SEO Premium plugin v27.3 (Yoast SEO v27.3) - https:\/\/yoast.com\/product\/yoast-seo-premium-wordpress\/ -->\n<title>Dilutions durables\u00a0: l&#039;engagement de LabRobot en faveur du d\u00e9veloppement durable<\/title>\n<meta name=\"description\" content=\"Objectifs et initiatives pour une m\u00e9thode de dilution en s\u00e9rie durable qui r\u00e9pond aux d\u00e9fis mondiaux de durabilit\u00e9 de l\u2019Agenda 2030.\" \/>\n<meta name=\"robots\" content=\"index, follow, max-snippet:-1, max-image-preview:large, max-video-preview:-1\" \/>\n<link rel=\"canonical\" href=\"https:\/\/labrobot.com\/fr\/durabilite\/\" \/>\n<meta property=\"og:locale\" content=\"fr_FR\" \/>\n<meta property=\"og:type\" content=\"article\" \/>\n<meta property=\"og:title\" content=\"Durabilit\u00e9\" \/>\n<meta property=\"og:description\" content=\"Objectifs et initiatives pour une m\u00e9thode de dilution en s\u00e9rie durable qui r\u00e9pond aux d\u00e9fis mondiaux de durabilit\u00e9 de l\u2019Agenda 2030.\" \/>\n<meta property=\"og:url\" content=\"https:\/\/labrobot.com\/fr\/durabilite\/\" \/>\n<meta property=\"og:site_name\" content=\"LabRobot\" \/>\n<meta property=\"article:publisher\" content=\"https:\/\/www.facebook.com\/labrobotproductsab\" \/>\n<meta property=\"article:modified_time\" content=\"2025-03-07T18:51:35+00:00\" \/>\n<meta property=\"og:image\" content=\"https:\/\/labrobot.com\/wp-content\/uploads\/2023\/10\/plasrullar.jpg\" \/>\n<meta name=\"twitter:card\" content=\"summary_large_image\" \/>\n<meta name=\"twitter:label1\" content=\"Dur\u00e9e de lecture estim\u00e9e\" \/>\n\t<meta name=\"twitter:data1\" content=\"3 minutes\" \/>\n<script type=\"application\/ld+json\" class=\"yoast-schema-graph\">{\"@context\":\"https:\\\/\\\/schema.org\",\"@graph\":[{\"@type\":\"WebPage\",\"@id\":\"https:\\\/\\\/labrobot.com\\\/fr\\\/durabilite\\\/\",\"url\":\"https:\\\/\\\/labrobot.com\\\/fr\\\/durabilite\\\/\",\"name\":\"Dilutions durables\u00a0: l'engagement de LabRobot en faveur du d\u00e9veloppement durable\",\"isPartOf\":{\"@id\":\"https:\\\/\\\/labrobot.com\\\/#website\"},\"primaryImageOfPage\":{\"@id\":\"https:\\\/\\\/labrobot.com\\\/fr\\\/durabilite\\\/#primaryimage\"},\"image\":{\"@id\":\"https:\\\/\\\/labrobot.com\\\/fr\\\/durabilite\\\/#primaryimage\"},\"thumbnailUrl\":\"https:\\\/\\\/labrobot.com\\\/wp-content\\\/uploads\\\/2023\\\/10\\\/plasrullar.jpg\",\"datePublished\":\"2024-05-16T13:21:36+00:00\",\"dateModified\":\"2025-03-07T18:51:35+00:00\",\"description\":\"Objectifs et initiatives pour une m\u00e9thode de dilution en s\u00e9rie durable qui r\u00e9pond aux d\u00e9fis mondiaux de durabilit\u00e9 de l\u2019Agenda 2030.\",\"breadcrumb\":{\"@id\":\"https:\\\/\\\/labrobot.com\\\/fr\\\/durabilite\\\/#breadcrumb\"},\"inLanguage\":\"fr-FR\",\"potentialAction\":[{\"@type\":\"ReadAction\",\"target\":[\"https:\\\/\\\/labrobot.com\\\/fr\\\/durabilite\\\/\"]}]},{\"@type\":\"ImageObject\",\"inLanguage\":\"fr-FR\",\"@id\":\"https:\\\/\\\/labrobot.com\\\/fr\\\/durabilite\\\/#primaryimage\",\"url\":\"https:\\\/\\\/labrobot.com\\\/wp-content\\\/uploads\\\/2023\\\/10\\\/plasrullar.jpg\",\"contentUrl\":\"https:\\\/\\\/labrobot.com\\\/wp-content\\\/uploads\\\/2023\\\/10\\\/plasrullar.jpg\"},{\"@type\":\"BreadcrumbList\",\"@id\":\"https:\\\/\\\/labrobot.com\\\/fr\\\/durabilite\\\/#breadcrumb\",\"itemListElement\":[{\"@type\":\"ListItem\",\"position\":1,\"name\":\"Home\",\"item\":\"https:\\\/\\\/labrobot.com\\\/fr\\\/\"},{\"@type\":\"ListItem\",\"position\":2,\"name\":\"Durabilit\u00e9\"}]},{\"@type\":\"WebSite\",\"@id\":\"https:\\\/\\\/labrobot.com\\\/#website\",\"url\":\"https:\\\/\\\/labrobot.com\\\/\",\"name\":\"LabRobot\",\"description\":\"D\u00e9velopper des instruments et des m\u00e9thodes d'analyse pour la microbiologie alimentaire\",\"publisher\":{\"@id\":\"https:\\\/\\\/labrobot.com\\\/#organization\"},\"potentialAction\":[{\"@type\":\"SearchAction\",\"target\":{\"@type\":\"EntryPoint\",\"urlTemplate\":\"https:\\\/\\\/labrobot.com\\\/?s={search_term_string}\"},\"query-input\":{\"@type\":\"PropertyValueSpecification\",\"valueRequired\":true,\"valueName\":\"search_term_string\"}}],\"inLanguage\":\"fr-FR\"},{\"@type\":\"Organization\",\"@id\":\"https:\\\/\\\/labrobot.com\\\/#organization\",\"name\":\"LabRobot Products AB\",\"url\":\"https:\\\/\\\/labrobot.com\\\/\",\"logo\":{\"@type\":\"ImageObject\",\"inLanguage\":\"fr-FR\",\"@id\":\"https:\\\/\\\/labrobot.com\\\/#\\\/schema\\\/logo\\\/image\\\/\",\"url\":\"https:\\\/\\\/labrobot.com\\\/wp-content\\\/uploads\\\/2018\\\/12\\\/LabRobot_LOGO_signatur.jpg\",\"contentUrl\":\"https:\\\/\\\/labrobot.com\\\/wp-content\\\/uploads\\\/2018\\\/12\\\/LabRobot_LOGO_signatur.jpg\",\"width\":200,\"height\":54,\"caption\":\"LabRobot Products AB\"},\"image\":{\"@id\":\"https:\\\/\\\/labrobot.com\\\/#\\\/schema\\\/logo\\\/image\\\/\"},\"sameAs\":[\"https:\\\/\\\/www.facebook.com\\\/labrobotproductsab\",\"https:\\\/\\\/www.linkedin.com\\\/company\\\/labrobot-products-ab\\\/\",\"https:\\\/\\\/www.youtube.com\\\/channel\\\/UCHGyF_OHfxI1No9ahbU-agQ\"]}]}<\/script>\n<!-- \/ Yoast SEO Premium plugin. -->","yoast_head_json":{"title":"Dilutions durables\u00a0: l'engagement de LabRobot en faveur du d\u00e9veloppement durable","description":"Objectifs et initiatives pour une m\u00e9thode de dilution en s\u00e9rie durable qui r\u00e9pond aux d\u00e9fis mondiaux de durabilit\u00e9 de l\u2019Agenda 2030.","robots":{"index":"index","follow":"follow","max-snippet":"max-snippet:-1","max-image-preview":"max-image-preview:large","max-video-preview":"max-video-preview:-1"},"canonical":"https:\/\/labrobot.com\/fr\/durabilite\/","og_locale":"fr_FR","og_type":"article","og_title":"Durabilit\u00e9","og_description":"Objectifs et initiatives pour une m\u00e9thode de dilution en s\u00e9rie durable qui r\u00e9pond aux d\u00e9fis mondiaux de durabilit\u00e9 de l\u2019Agenda 2030.","og_url":"https:\/\/labrobot.com\/fr\/durabilite\/","og_site_name":"LabRobot","article_publisher":"https:\/\/www.facebook.com\/labrobotproductsab","article_modified_time":"2025-03-07T18:51:35+00:00","og_image":[{"url":"https:\/\/labrobot.com\/wp-content\/uploads\/2023\/10\/plasrullar.jpg","type":"","width":"","height":""}],"twitter_card":"summary_large_image","twitter_misc":{"Dur\u00e9e de lecture estim\u00e9e":"3 minutes"},"schema":{"@context":"https:\/\/schema.org","@graph":[{"@type":"WebPage","@id":"https:\/\/labrobot.com\/fr\/durabilite\/","url":"https:\/\/labrobot.com\/fr\/durabilite\/","name":"Dilutions durables\u00a0: l'engagement de LabRobot en faveur du d\u00e9veloppement durable","isPartOf":{"@id":"https:\/\/labrobot.com\/#website"},"primaryImageOfPage":{"@id":"https:\/\/labrobot.com\/fr\/durabilite\/#primaryimage"},"image":{"@id":"https:\/\/labrobot.com\/fr\/durabilite\/#primaryimage"},"thumbnailUrl":"https:\/\/labrobot.com\/wp-content\/uploads\/2023\/10\/plasrullar.jpg","datePublished":"2024-05-16T13:21:36+00:00","dateModified":"2025-03-07T18:51:35+00:00","description":"Objectifs et initiatives pour une m\u00e9thode de dilution en s\u00e9rie durable qui r\u00e9pond aux d\u00e9fis mondiaux de durabilit\u00e9 de l\u2019Agenda 2030.","breadcrumb":{"@id":"https:\/\/labrobot.com\/fr\/durabilite\/#breadcrumb"},"inLanguage":"fr-FR","potentialAction":[{"@type":"ReadAction","target":["https:\/\/labrobot.com\/fr\/durabilite\/"]}]},{"@type":"ImageObject","inLanguage":"fr-FR","@id":"https:\/\/labrobot.com\/fr\/durabilite\/#primaryimage","url":"https:\/\/labrobot.com\/wp-content\/uploads\/2023\/10\/plasrullar.jpg","contentUrl":"https:\/\/labrobot.com\/wp-content\/uploads\/2023\/10\/plasrullar.jpg"},{"@type":"BreadcrumbList","@id":"https:\/\/labrobot.com\/fr\/durabilite\/#breadcrumb","itemListElement":[{"@type":"ListItem","position":1,"name":"Home","item":"https:\/\/labrobot.com\/fr\/"},{"@type":"ListItem","position":2,"name":"Durabilit\u00e9"}]},{"@type":"WebSite","@id":"https:\/\/labrobot.com\/#website","url":"https:\/\/labrobot.com\/","name":"LabRobot","description":"D\u00e9velopper des instruments et des m\u00e9thodes d'analyse pour la microbiologie alimentaire","publisher":{"@id":"https:\/\/labrobot.com\/#organization"},"potentialAction":[{"@type":"SearchAction","target":{"@type":"EntryPoint","urlTemplate":"https:\/\/labrobot.com\/?s={search_term_string}"},"query-input":{"@type":"PropertyValueSpecification","valueRequired":true,"valueName":"search_term_string"}}],"inLanguage":"fr-FR"},{"@type":"Organization","@id":"https:\/\/labrobot.com\/#organization","name":"LabRobot Products AB","url":"https:\/\/labrobot.com\/","logo":{"@type":"ImageObject","inLanguage":"fr-FR","@id":"https:\/\/labrobot.com\/#\/schema\/logo\/image\/","url":"https:\/\/labrobot.com\/wp-content\/uploads\/2018\/12\/LabRobot_LOGO_signatur.jpg","contentUrl":"https:\/\/labrobot.com\/wp-content\/uploads\/2018\/12\/LabRobot_LOGO_signatur.jpg","width":200,"height":54,"caption":"LabRobot Products AB"},"image":{"@id":"https:\/\/labrobot.com\/#\/schema\/logo\/image\/"},"sameAs":["https:\/\/www.facebook.com\/labrobotproductsab","https:\/\/www.linkedin.com\/company\/labrobot-products-ab\/","https:\/\/www.youtube.com\/channel\/UCHGyF_OHfxI1No9ahbU-agQ"]}]}},"_links":{"self":[{"href":"https:\/\/labrobot.com\/fr\/wp-json\/wp\/v2\/pages\/17510","targetHints":{"allow":["GET"]}}],"collection":[{"href":"https:\/\/labrobot.com\/fr\/wp-json\/wp\/v2\/pages"}],"about":[{"href":"https:\/\/labrobot.com\/fr\/wp-json\/wp\/v2\/types\/page"}],"author":[{"embeddable":true,"href":"https:\/\/labrobot.com\/fr\/wp-json\/wp\/v2\/users\/243"}],"replies":[{"embeddable":true,"href":"https:\/\/labrobot.com\/fr\/wp-json\/wp\/v2\/comments?post=17510"}],"version-history":[{"count":0,"href":"https:\/\/labrobot.com\/fr\/wp-json\/wp\/v2\/pages\/17510\/revisions"}],"wp:attachment":[{"href":"https:\/\/labrobot.com\/fr\/wp-json\/wp\/v2\/media?parent=17510"}],"curies":[{"name":"wp","href":"https:\/\/api.w.org\/{rel}","templated":true}]}}