{"id":15192,"date":"2021-01-14T10:22:15","date_gmt":"2021-01-14T09:22:15","guid":{"rendered":"https:\/\/labrobot.com\/quality\/"},"modified":"2024-10-08T09:57:17","modified_gmt":"2024-10-08T08:57:17","slug":"qualite","status":"publish","type":"page","link":"https:\/\/labrobot.com\/fr\/qualite\/","title":{"rendered":"Qualit\u00e9"},"content":{"rendered":"\n<h1>\n\t\tDiluants de haute qualit\u00e9\n\t<\/h1>\n\t<p>Avec le Syst\u00e8me Dilucup\u00ae, vous&rsquo;utilisez une m\u00e9thode qui r\u00e9pond aux exigences des normes ISO 6887-1:2017\/Amd 1:2024 pour la pr\u00e9paration des \u00e9chantillons, les suspensions initiales et les dilutions en s\u00e9rie en microbiologie alimentaire.<\/p>\n\t<ul>\n<li>Pr\u00e9paration du milieu<\/li>\n<li>pH 7.0 \u00b1 0.2<\/li>\n<li>Volume 9 mL \u00b1 2 %<\/li>\n<\/ul>\n\t\t\t\t<img loading=\"lazy\" decoding=\"async\" src=\"https:\/\/labrobot.com\/wp-content\/uploads\/2022\/12\/1.-ISO-dilucup.jpg\" alt=\"ISO 6887-1:2017 serial dilutions\" itemprop=\"image\" height=\"1080\" width=\"1920\" title=\"1. ISO dilucup\" onerror=\"this.style.display='none'\"  \/>\n\t\t\t\t<img loading=\"lazy\" decoding=\"async\" src=\"https:\/\/labrobot.com\/wp-content\/uploads\/2014\/12\/Logo-ISO-9001_En-horizontal-300x101.png\" alt=\"Logo-ISO-9001_En-horizontal-300x101\" itemprop=\"image\" height=\"101\" width=\"300\" title=\"Logo-ISO-9001_En-horizontal-300x101\" onerror=\"this.style.display='none'\"  \/>\n<h2>\n\t\tSyst\u00e8me de gestion de la qualit\u00e9 9001:2015\n\t<\/h2>\n\t<p>Chez LabRobot, nous avons un syst\u00e8me de gestion de la qualit\u00e9 qui r\u00e9pond aux exigences de la norme SS-EN ISO 9001:2015.<\/p>\n<p>De cette mani\u00e8re, nous garantissons le d\u00e9veloppement, la production, la vente et la distribution du Syst\u00e8me Dilucup\u00ae \u00e0 nos clients.<\/p>\n\t<p>Nous nous engageons \u00e0 l&rsquo;am\u00e9lioration continue de nos produits pour satisfaire les besoins de nos clients et \u00e9tablir des relations commerciales \u00e0 long terme.<\/p>\n<p>Nous nous effor\u00e7ons d&rsquo;atteindre la plus haute qualit\u00e9 pendant et apr\u00e8s la production de nos produits. Par exemple, nos agitateurs doivent passer des tests de performance rigoureux au laboratoire de qualit\u00e9 avant d&rsquo;\u00eatre mis en vente.<\/p>\n<p>Notre objectif est de fabriquer des instruments robustes ayant une longue dur\u00e9e de vie. En cons\u00e9quence, il est courant de trouver les premiers mod\u00e8les de Dilushakers dans les laboratoires de nos clients apr\u00e8s plus de 10 voire 20 ans d&rsquo;utilisation.<\/p>\n\t\t\t\t<img loading=\"lazy\" decoding=\"async\" src=\"https:\/\/labrobot.com\/wp-content\/uploads\/2014\/12\/Dilushaker-assembly-1-1024x576.jpg\" alt=\"Dilushaker-assembly\" itemprop=\"image\" height=\"576\" width=\"1024\" title=\"Dilushaker-assembly\" onerror=\"this.style.display='none'\"  \/>\n\t<p>Nous soumettons les blisters de Dilucup\u00ae Elegance \u00e0 de nombreux tests pendant et apr\u00e8s la production pour garantir leur st\u00e9rilit\u00e9, leur volume et leur productivit\u00e9 bact\u00e9rienne, entre autres facteurs.<\/p>\n<p>Le laboratoire de qualit\u00e9 doit approuver tous nos produits avant que nous les vendions, et vous pouvez voir les r\u00e9sultats dans le certificat de qualit\u00e9 sp\u00e9cifique \u00e0 chaque lot.<\/p>\n<p>Ci-dessous, nous fournissons un bref r\u00e9sum\u00e9 de la production de Dilucup\u00ae Elegance.<\/p>\n\t\t\t\t<img decoding=\"async\" src=\"https:\/\/labrobot.com\/wp-content\/plugins\/bb-plugin\/img\/pixel.png\" alt=\"\" itemprop=\"image\" onerror=\"this.style.display='none'\"  \/>\n\t\t\t\t<img loading=\"lazy\" decoding=\"async\" src=\"https:\/\/labrobot.com\/wp-content\/uploads\/2021\/01\/infographic-english-1-683x1024.jpg\" alt=\"infographic english\" itemprop=\"image\" height=\"1024\" width=\"683\" title=\"infographic english\" onerror=\"this.style.display='none'\"  \/>\n\t\t\t\t<img decoding=\"async\" src=\"https:\/\/labrobot.com\/wp-content\/plugins\/bb-plugin\/img\/pixel.png\" alt=\"\" itemprop=\"image\" onerror=\"this.style.display='none'\"  \/>\n\n","protected":false},"excerpt":{"rendered":"<p>Diluants de haute qualit\u00e9 Avec le Syst\u00e8me Dilucup\u00ae, vous&rsquo;utilisez une m\u00e9thode qui r\u00e9pond aux exigences des normes ISO 6887-1:2017\/Amd 1:2024 pour la pr\u00e9paration des \u00e9chantillons, les suspensions initiales et les dilutions en s\u00e9rie en microbiologie alimentaire. Pr\u00e9paration du milieu pH 7.0 \u00b1 0.2 Volume 9 mL \u00b1 2 % Syst\u00e8me de gestion de la qualit\u00e9 &#8230; <a title=\"Qualit\u00e9\" class=\"read-more\" href=\"https:\/\/labrobot.com\/fr\/qualite\/\" aria-label=\"En savoir plus sur Qualit\u00e9\">Read more<\/a><\/p>\n","protected":false},"author":243,"featured_media":0,"parent":0,"menu_order":0,"comment_status":"closed","ping_status":"closed","template":"","meta":{"_acf_changed":false,"generate_page_header":"","footnotes":""},"class_list":["post-15192","page","type-page","status-publish"],"acf":[],"yoast_head":"<!-- This site is optimized with the Yoast SEO Premium plugin v27.3 (Yoast SEO v27.3) - https:\/\/yoast.com\/product\/yoast-seo-premium-wordpress\/ -->\n<title>ISO 6887-1:2017 dilutions en s\u00e9rie | Coupelles de dilution pr\u00eates \u00e0 l&#039;emploi<\/title>\n<meta name=\"description\" content=\"Le Syst\u00e8me Dilucup\u00ae r\u00e9pond aux exigences de la norme ISO 6887-1:2017. Dilucup\u00ae Elegance, ainsi que les agitateurs, subissent des tests de qualit\u00e9 rigoureux.\" \/>\n<meta name=\"robots\" content=\"index, follow, max-snippet:-1, max-image-preview:large, max-video-preview:-1\" \/>\n<link rel=\"canonical\" href=\"https:\/\/labrobot.com\/fr\/qualite\/\" \/>\n<meta property=\"og:locale\" content=\"fr_FR\" \/>\n<meta property=\"og:type\" content=\"article\" \/>\n<meta property=\"og:title\" content=\"Qualit\u00e9\" \/>\n<meta property=\"og:description\" content=\"Le Syst\u00e8me Dilucup\u00ae r\u00e9pond aux exigences de la norme ISO 6887-1:2017. Dilucup\u00ae Elegance, ainsi que les agitateurs, subissent des tests de qualit\u00e9 rigoureux.\" \/>\n<meta property=\"og:url\" content=\"https:\/\/labrobot.com\/fr\/qualite\/\" \/>\n<meta property=\"og:site_name\" content=\"LabRobot\" \/>\n<meta property=\"article:publisher\" content=\"https:\/\/www.facebook.com\/labrobotproductsab\" \/>\n<meta property=\"article:modified_time\" content=\"2024-10-08T08:57:17+00:00\" \/>\n<meta property=\"og:image\" content=\"https:\/\/labrobot.com\/wp-content\/uploads\/2022\/12\/1.-ISO-dilucup.jpg\" \/>\n<meta name=\"twitter:card\" content=\"summary_large_image\" \/>\n<meta name=\"twitter:label1\" content=\"Dur\u00e9e de lecture estim\u00e9e\" \/>\n\t<meta name=\"twitter:data1\" content=\"3 minutes\" \/>\n<script type=\"application\/ld+json\" class=\"yoast-schema-graph\">{\"@context\":\"https:\\\/\\\/schema.org\",\"@graph\":[{\"@type\":\"WebPage\",\"@id\":\"https:\\\/\\\/labrobot.com\\\/fr\\\/qualite\\\/\",\"url\":\"https:\\\/\\\/labrobot.com\\\/fr\\\/qualite\\\/\",\"name\":\"ISO 6887-1:2017 dilutions en s\u00e9rie | Coupelles de dilution pr\u00eates \u00e0 l'emploi\",\"isPartOf\":{\"@id\":\"https:\\\/\\\/labrobot.com\\\/#website\"},\"primaryImageOfPage\":{\"@id\":\"https:\\\/\\\/labrobot.com\\\/fr\\\/qualite\\\/#primaryimage\"},\"image\":{\"@id\":\"https:\\\/\\\/labrobot.com\\\/fr\\\/qualite\\\/#primaryimage\"},\"thumbnailUrl\":\"https:\\\/\\\/labrobot.com\\\/wp-content\\\/uploads\\\/2022\\\/12\\\/1.-ISO-dilucup.jpg\",\"datePublished\":\"2021-01-14T09:22:15+00:00\",\"dateModified\":\"2024-10-08T08:57:17+00:00\",\"description\":\"Le Syst\u00e8me Dilucup\u00ae r\u00e9pond aux exigences de la norme ISO 6887-1:2017. Dilucup\u00ae Elegance, ainsi que les agitateurs, subissent des tests de qualit\u00e9 rigoureux.\",\"breadcrumb\":{\"@id\":\"https:\\\/\\\/labrobot.com\\\/fr\\\/qualite\\\/#breadcrumb\"},\"inLanguage\":\"fr-FR\",\"potentialAction\":[{\"@type\":\"ReadAction\",\"target\":[\"https:\\\/\\\/labrobot.com\\\/fr\\\/qualite\\\/\"]}]},{\"@type\":\"ImageObject\",\"inLanguage\":\"fr-FR\",\"@id\":\"https:\\\/\\\/labrobot.com\\\/fr\\\/qualite\\\/#primaryimage\",\"url\":\"https:\\\/\\\/labrobot.com\\\/wp-content\\\/uploads\\\/2022\\\/12\\\/1.-ISO-dilucup.jpg\",\"contentUrl\":\"https:\\\/\\\/labrobot.com\\\/wp-content\\\/uploads\\\/2022\\\/12\\\/1.-ISO-dilucup.jpg\"},{\"@type\":\"BreadcrumbList\",\"@id\":\"https:\\\/\\\/labrobot.com\\\/fr\\\/qualite\\\/#breadcrumb\",\"itemListElement\":[{\"@type\":\"ListItem\",\"position\":1,\"name\":\"Home\",\"item\":\"https:\\\/\\\/labrobot.com\\\/fr\\\/\"},{\"@type\":\"ListItem\",\"position\":2,\"name\":\"Qualit\u00e9\"}]},{\"@type\":\"WebSite\",\"@id\":\"https:\\\/\\\/labrobot.com\\\/#website\",\"url\":\"https:\\\/\\\/labrobot.com\\\/\",\"name\":\"LabRobot\",\"description\":\"D\u00e9velopper des instruments et des m\u00e9thodes d'analyse pour la microbiologie alimentaire\",\"publisher\":{\"@id\":\"https:\\\/\\\/labrobot.com\\\/#organization\"},\"potentialAction\":[{\"@type\":\"SearchAction\",\"target\":{\"@type\":\"EntryPoint\",\"urlTemplate\":\"https:\\\/\\\/labrobot.com\\\/?s={search_term_string}\"},\"query-input\":{\"@type\":\"PropertyValueSpecification\",\"valueRequired\":true,\"valueName\":\"search_term_string\"}}],\"inLanguage\":\"fr-FR\"},{\"@type\":\"Organization\",\"@id\":\"https:\\\/\\\/labrobot.com\\\/#organization\",\"name\":\"LabRobot Products AB\",\"url\":\"https:\\\/\\\/labrobot.com\\\/\",\"logo\":{\"@type\":\"ImageObject\",\"inLanguage\":\"fr-FR\",\"@id\":\"https:\\\/\\\/labrobot.com\\\/#\\\/schema\\\/logo\\\/image\\\/\",\"url\":\"https:\\\/\\\/labrobot.com\\\/wp-content\\\/uploads\\\/2018\\\/12\\\/LabRobot_LOGO_signatur.jpg\",\"contentUrl\":\"https:\\\/\\\/labrobot.com\\\/wp-content\\\/uploads\\\/2018\\\/12\\\/LabRobot_LOGO_signatur.jpg\",\"width\":200,\"height\":54,\"caption\":\"LabRobot Products AB\"},\"image\":{\"@id\":\"https:\\\/\\\/labrobot.com\\\/#\\\/schema\\\/logo\\\/image\\\/\"},\"sameAs\":[\"https:\\\/\\\/www.facebook.com\\\/labrobotproductsab\",\"https:\\\/\\\/www.linkedin.com\\\/company\\\/labrobot-products-ab\\\/\",\"https:\\\/\\\/www.youtube.com\\\/channel\\\/UCHGyF_OHfxI1No9ahbU-agQ\"]}]}<\/script>\n<!-- \/ Yoast SEO Premium plugin. -->","yoast_head_json":{"title":"ISO 6887-1:2017 dilutions en s\u00e9rie | Coupelles de dilution pr\u00eates \u00e0 l'emploi","description":"Le Syst\u00e8me Dilucup\u00ae r\u00e9pond aux exigences de la norme ISO 6887-1:2017. Dilucup\u00ae Elegance, ainsi que les agitateurs, subissent des tests de qualit\u00e9 rigoureux.","robots":{"index":"index","follow":"follow","max-snippet":"max-snippet:-1","max-image-preview":"max-image-preview:large","max-video-preview":"max-video-preview:-1"},"canonical":"https:\/\/labrobot.com\/fr\/qualite\/","og_locale":"fr_FR","og_type":"article","og_title":"Qualit\u00e9","og_description":"Le Syst\u00e8me Dilucup\u00ae r\u00e9pond aux exigences de la norme ISO 6887-1:2017. Dilucup\u00ae Elegance, ainsi que les agitateurs, subissent des tests de qualit\u00e9 rigoureux.","og_url":"https:\/\/labrobot.com\/fr\/qualite\/","og_site_name":"LabRobot","article_publisher":"https:\/\/www.facebook.com\/labrobotproductsab","article_modified_time":"2024-10-08T08:57:17+00:00","og_image":[{"url":"https:\/\/labrobot.com\/wp-content\/uploads\/2022\/12\/1.-ISO-dilucup.jpg","type":"","width":"","height":""}],"twitter_card":"summary_large_image","twitter_misc":{"Dur\u00e9e de lecture estim\u00e9e":"3 minutes"},"schema":{"@context":"https:\/\/schema.org","@graph":[{"@type":"WebPage","@id":"https:\/\/labrobot.com\/fr\/qualite\/","url":"https:\/\/labrobot.com\/fr\/qualite\/","name":"ISO 6887-1:2017 dilutions en s\u00e9rie | Coupelles de dilution pr\u00eates \u00e0 l'emploi","isPartOf":{"@id":"https:\/\/labrobot.com\/#website"},"primaryImageOfPage":{"@id":"https:\/\/labrobot.com\/fr\/qualite\/#primaryimage"},"image":{"@id":"https:\/\/labrobot.com\/fr\/qualite\/#primaryimage"},"thumbnailUrl":"https:\/\/labrobot.com\/wp-content\/uploads\/2022\/12\/1.-ISO-dilucup.jpg","datePublished":"2021-01-14T09:22:15+00:00","dateModified":"2024-10-08T08:57:17+00:00","description":"Le Syst\u00e8me Dilucup\u00ae r\u00e9pond aux exigences de la norme ISO 6887-1:2017. Dilucup\u00ae Elegance, ainsi que les agitateurs, subissent des tests de qualit\u00e9 rigoureux.","breadcrumb":{"@id":"https:\/\/labrobot.com\/fr\/qualite\/#breadcrumb"},"inLanguage":"fr-FR","potentialAction":[{"@type":"ReadAction","target":["https:\/\/labrobot.com\/fr\/qualite\/"]}]},{"@type":"ImageObject","inLanguage":"fr-FR","@id":"https:\/\/labrobot.com\/fr\/qualite\/#primaryimage","url":"https:\/\/labrobot.com\/wp-content\/uploads\/2022\/12\/1.-ISO-dilucup.jpg","contentUrl":"https:\/\/labrobot.com\/wp-content\/uploads\/2022\/12\/1.-ISO-dilucup.jpg"},{"@type":"BreadcrumbList","@id":"https:\/\/labrobot.com\/fr\/qualite\/#breadcrumb","itemListElement":[{"@type":"ListItem","position":1,"name":"Home","item":"https:\/\/labrobot.com\/fr\/"},{"@type":"ListItem","position":2,"name":"Qualit\u00e9"}]},{"@type":"WebSite","@id":"https:\/\/labrobot.com\/#website","url":"https:\/\/labrobot.com\/","name":"LabRobot","description":"D\u00e9velopper des instruments et des m\u00e9thodes d'analyse pour la microbiologie alimentaire","publisher":{"@id":"https:\/\/labrobot.com\/#organization"},"potentialAction":[{"@type":"SearchAction","target":{"@type":"EntryPoint","urlTemplate":"https:\/\/labrobot.com\/?s={search_term_string}"},"query-input":{"@type":"PropertyValueSpecification","valueRequired":true,"valueName":"search_term_string"}}],"inLanguage":"fr-FR"},{"@type":"Organization","@id":"https:\/\/labrobot.com\/#organization","name":"LabRobot Products AB","url":"https:\/\/labrobot.com\/","logo":{"@type":"ImageObject","inLanguage":"fr-FR","@id":"https:\/\/labrobot.com\/#\/schema\/logo\/image\/","url":"https:\/\/labrobot.com\/wp-content\/uploads\/2018\/12\/LabRobot_LOGO_signatur.jpg","contentUrl":"https:\/\/labrobot.com\/wp-content\/uploads\/2018\/12\/LabRobot_LOGO_signatur.jpg","width":200,"height":54,"caption":"LabRobot Products AB"},"image":{"@id":"https:\/\/labrobot.com\/#\/schema\/logo\/image\/"},"sameAs":["https:\/\/www.facebook.com\/labrobotproductsab","https:\/\/www.linkedin.com\/company\/labrobot-products-ab\/","https:\/\/www.youtube.com\/channel\/UCHGyF_OHfxI1No9ahbU-agQ"]}]}},"_links":{"self":[{"href":"https:\/\/labrobot.com\/fr\/wp-json\/wp\/v2\/pages\/15192","targetHints":{"allow":["GET"]}}],"collection":[{"href":"https:\/\/labrobot.com\/fr\/wp-json\/wp\/v2\/pages"}],"about":[{"href":"https:\/\/labrobot.com\/fr\/wp-json\/wp\/v2\/types\/page"}],"author":[{"embeddable":true,"href":"https:\/\/labrobot.com\/fr\/wp-json\/wp\/v2\/users\/243"}],"replies":[{"embeddable":true,"href":"https:\/\/labrobot.com\/fr\/wp-json\/wp\/v2\/comments?post=15192"}],"version-history":[{"count":0,"href":"https:\/\/labrobot.com\/fr\/wp-json\/wp\/v2\/pages\/15192\/revisions"}],"wp:attachment":[{"href":"https:\/\/labrobot.com\/fr\/wp-json\/wp\/v2\/media?parent=15192"}],"curies":[{"name":"wp","href":"https:\/\/api.w.org\/{rel}","templated":true}]}}