{"id":12946,"date":"2022-01-21T15:06:53","date_gmt":"2022-01-21T14:06:53","guid":{"rendered":"https:\/\/labrobot.com\/?page_id=12946"},"modified":"2024-09-25T08:42:15","modified_gmt":"2024-09-25T07:42:15","slug":"gestion-des-donnees-personelles","status":"publish","type":"page","link":"https:\/\/labrobot.com\/fr\/gestion-des-donnees-personelles\/","title":{"rendered":"Gestion des donn\u00e9es personelles"},"content":{"rendered":"\n<h1>\n\t\tGestion des donn\u00e9es personelles par LabRobot Products AB\n\t<\/h1>\n\tComme client de LabRobot Products AB, les informations qui vous sont propres sont collect\u00e9es et utilis\u00e9es dans le but de<br \/>\npermettre une relation commerciale professionelle. Ce document vous informe sur la fa\u00e7on dont ces donn\u00e9s sont utilis\u00e9es<br \/>\nainsi que sur vos droits.\n<p><strong>Gestion des donn\u00e9es personelles<\/strong><\/p>\n<p>Le responsable de la gestion de vos donn\u00e9es personelles est :<\/p>\nLabRobot Products AB, nr d&rsquo;enregistrement: 556356-5315<br \/>\nMunker\u00f6dsv\u00e4gen 4, 444 32 Stenungsund, Su\u00e8de\nPour de plus amples informations relatives \u00e0 la gestion de vos informations personelles merci d&rsquo;envoyer un e-mail \u00e0<br \/>\n<a href=\"mailto:kontakt@labrobot.com\">kontakt@labrobot.com<\/a>. Si vous souhaitez faire des commentaires relatifs \u00e0 la gestion de vos donn\u00e9es personnelles par la<br \/>\nsoci\u00e9t\u00e9, vous pouvez contacter l&rsquo;administration Su\u00e9doise en charge de la protection de l&rsquo;int\u00e9grit\u00e9<br \/>\n(Intergritetsskyddsmyndigheten).\n<p><strong>Objet et base l\u00e9gale<\/strong><\/p>\nComme client de LabRobot Products AB, vos donn\u00e9es sont conserv\u00e9es et utilis\u00e9es afin de permettre une bonne relation<br \/>\ncommerciale, ceci dans le but de permettre \u00e0 LabRobot Products AB de remplir ses engagements. Ces informations sont<br \/>\n\u00e9galement utilis\u00e9es pour que LabRobot Products AB puisse faire des offres commerciales \u00e0 ses clients. Enregistrement et<br \/>\nconservation des donn\u00e9es sont bas\u00e9s sur un contrat ou une relation commerciale initi\u00e9e, par exemple, lorsque le client<br \/>\neffectue une commande aupr\u00e8s de LabRobot Products AB. La correspondance commerciale est envoy\u00e9e par LabRobot<br \/>\nProducts AB \u00e0 ses clients, soit suite \u00e0 un accord explicite ou suite \u00e0 une estimation, faite par LabRobot, d&rsquo;un int\u00e9ret<br \/>\npotentiel pour leur organisation.\nUn client peut, \u00e0 tout moment et sans justification, s&rsquo;opposer \u00e0 l&rsquo;utilisation des donn\u00e9es le concernant, qu&rsquo;elles proviennent<br \/>\nd&rsquo;un accord explicite ou d&rsquo;une estimation faite par LabRobot, par e-mail adress\u00e9 \u00e0 <a href=\"mailto:kontakt@labrobot.com\">kontakt@labrobot.com<\/a>.\n<p><strong>Transmission des donn\u00e9es<\/strong><\/p>\nLes informations collect\u00e9es peuvent \u00eatre transmises \u00e0 des partenaires qui remplissent des missions pour le compte de<br \/>\nLabRobot Products AB, comme les transporteurs par exemple, ceci dans le but de permettre \u00e0 l&rsquo;entreprise de tenir ses<br \/>\nengagements vis \u00e0 vis de ses clients o\u00f9 dans le cadre d&rsquo;une action commerciale.\n<p><strong>Transmision vers des pays tiers<\/strong><\/p>\nLabRobot Products AB fait tout son possible pour ne pas transmettre les informations personelles \u00e0 un pays ou un tiers<br \/>\nsitu\u00e9 en dehors de l&rsquo;Union Europ\u00e9enne ou de l&rsquo;Espace Economique Europ\u00e9en. En cas de besoin d&rsquo;une telle transmission,<br \/>\nLabRobot Products AB prendra les guaranties n\u00e9cessaires pour prot\u00e9ger au mieux les donn\u00e9es personnelles de ses clients.\n<p><strong>Conservation et destruction des donn\u00e9es<\/strong><\/p>\nLes donn\u00e9es personnelles des clients seront conserv\u00e9es pendant toute la dur\u00e9e de la relation commerciale puis pendant la<br \/>\ndur\u00e9e requise ou autoris\u00e9e par les lois et pratiques en vigueur.\n<p><strong>Vos droits comme personne enregistr\u00e9e<\/strong><\/p>\n<p>Si LabRobot Products AB collecte et utilise vos informations personnelles, vous avez les droits suivants:<\/p>\n<ul>\n<li>Demander l&rsquo;extrait de vos donn\u00e9es personnelles et savoir comment elles sont utilis\u00e9es.<\/li>\n<li>Demander la correction de toute information incorrecte.<\/li>\n<li>Demander la destruction des donn\u00e9es. Cependant, ceci n&rsquo;est possible que dans la mesure o\u00f9 l&rsquo;entreprise n&rsquo;est pas<br \/>\nl\u00e9galement contrainte de conserver ces donn\u00e9es.<\/li>\n<li>Demander que l&rsquo;utilisation des donn\u00e9es soit restreinte dans certaines situation, par exemple pendant une op\u00e9ration<br \/>\nde v\u00e9rification de ces donn\u00e9es.<\/li>\n<\/ul>\n<p>Pour toute information relative \u00e0 la gstin des informations personelles, envoyer un e-mail \u00e0 <a href=\"mailto:kontakt@labrobot.com\">kontakt@labrobot.com<\/a><\/p>\n<p><strong>S\u00e9curit\u00e9<\/strong><\/p>\nLabRobot Products AB prend les mesures techniques et organisationnelles appropri\u00e9es en mati\u00e8re de s\u00e9curit\u00e9 de<br \/>\nl&rsquo;information pour pr\u00e9venir et limiter les risques li\u00e9s \u00e0 la divulgation de donn\u00e9es personnelles, tels que l&rsquo;acc\u00e8s non autoris\u00e9,<br \/>\nla divulgation malintentionn\u00e9e, l&rsquo;utilisation abusive, l&rsquo;alt\u00e9ration et la destruction des donn\u00e9es.\n\n","protected":false},"excerpt":{"rendered":"<p>Gestion des donn\u00e9es personelles par LabRobot Products AB Comme client de LabRobot Products AB, les informations qui vous sont propres sont collect\u00e9es et utilis\u00e9es dans le but de permettre une relation commerciale professionelle. Ce document vous informe sur la fa\u00e7on dont ces donn\u00e9s sont utilis\u00e9es ainsi que sur vos droits. Gestion des donn\u00e9es personelles Le &#8230; <a title=\"Gestion des donn\u00e9es personelles\" class=\"read-more\" href=\"https:\/\/labrobot.com\/fr\/gestion-des-donnees-personelles\/\" aria-label=\"En savoir plus sur Gestion des donn\u00e9es personelles\">Read more<\/a><\/p>\n","protected":false},"author":243,"featured_media":0,"parent":0,"menu_order":0,"comment_status":"closed","ping_status":"closed","template":"","meta":{"_acf_changed":false,"generate_page_header":"","footnotes":""},"class_list":["post-12946","page","type-page","status-publish"],"acf":[],"yoast_head":"<!-- This site is optimized with the Yoast SEO Premium plugin v27.3 (Yoast SEO v27.3) - https:\/\/yoast.com\/product\/yoast-seo-premium-wordpress\/ -->\n<title>Gestion des donn\u00e9es personelles - LabRobot<\/title>\n<meta name=\"robots\" content=\"index, follow, max-snippet:-1, max-image-preview:large, max-video-preview:-1\" \/>\n<link rel=\"canonical\" href=\"https:\/\/labrobot.com\/fr\/gestion-des-donnees-personelles\/\" \/>\n<meta property=\"og:locale\" content=\"fr_FR\" \/>\n<meta property=\"og:type\" content=\"article\" \/>\n<meta property=\"og:title\" content=\"Gestion des donn\u00e9es personelles\" \/>\n<meta property=\"og:description\" content=\"Gestion des donn\u00e9es personelles par LabRobot Products AB Comme client de LabRobot Products AB, les informations qui vous sont propres sont collect\u00e9es et utilis\u00e9es dans le but de permettre une relation commerciale professionelle. Ce document vous informe sur la fa\u00e7on dont ces donn\u00e9s sont utilis\u00e9es ainsi que sur vos droits. Gestion des donn\u00e9es personelles Le ... Read more\" \/>\n<meta property=\"og:url\" content=\"https:\/\/labrobot.com\/fr\/gestion-des-donnees-personelles\/\" \/>\n<meta property=\"og:site_name\" content=\"LabRobot\" \/>\n<meta property=\"article:publisher\" content=\"https:\/\/www.facebook.com\/labrobotproductsab\" \/>\n<meta property=\"article:modified_time\" content=\"2024-09-25T07:42:15+00:00\" \/>\n<meta name=\"twitter:card\" content=\"summary_large_image\" \/>\n<meta name=\"twitter:label1\" content=\"Dur\u00e9e de lecture estim\u00e9e\" \/>\n\t<meta name=\"twitter:data1\" content=\"3 minutes\" \/>\n<script type=\"application\/ld+json\" class=\"yoast-schema-graph\">{\"@context\":\"https:\\\/\\\/schema.org\",\"@graph\":[{\"@type\":\"WebPage\",\"@id\":\"https:\\\/\\\/labrobot.com\\\/fr\\\/gestion-des-donnees-personelles\\\/\",\"url\":\"https:\\\/\\\/labrobot.com\\\/fr\\\/gestion-des-donnees-personelles\\\/\",\"name\":\"Gestion des donn\u00e9es personelles - LabRobot\",\"isPartOf\":{\"@id\":\"https:\\\/\\\/labrobot.com\\\/#website\"},\"datePublished\":\"2022-01-21T14:06:53+00:00\",\"dateModified\":\"2024-09-25T07:42:15+00:00\",\"breadcrumb\":{\"@id\":\"https:\\\/\\\/labrobot.com\\\/fr\\\/gestion-des-donnees-personelles\\\/#breadcrumb\"},\"inLanguage\":\"fr-FR\",\"potentialAction\":[{\"@type\":\"ReadAction\",\"target\":[\"https:\\\/\\\/labrobot.com\\\/fr\\\/gestion-des-donnees-personelles\\\/\"]}]},{\"@type\":\"BreadcrumbList\",\"@id\":\"https:\\\/\\\/labrobot.com\\\/fr\\\/gestion-des-donnees-personelles\\\/#breadcrumb\",\"itemListElement\":[{\"@type\":\"ListItem\",\"position\":1,\"name\":\"Home\",\"item\":\"https:\\\/\\\/labrobot.com\\\/fr\\\/\"},{\"@type\":\"ListItem\",\"position\":2,\"name\":\"Gestion des donn\u00e9es personelles\"}]},{\"@type\":\"WebSite\",\"@id\":\"https:\\\/\\\/labrobot.com\\\/#website\",\"url\":\"https:\\\/\\\/labrobot.com\\\/\",\"name\":\"LabRobot\",\"description\":\"D\u00e9velopper des instruments et des m\u00e9thodes d'analyse pour la microbiologie alimentaire\",\"publisher\":{\"@id\":\"https:\\\/\\\/labrobot.com\\\/#organization\"},\"potentialAction\":[{\"@type\":\"SearchAction\",\"target\":{\"@type\":\"EntryPoint\",\"urlTemplate\":\"https:\\\/\\\/labrobot.com\\\/?s={search_term_string}\"},\"query-input\":{\"@type\":\"PropertyValueSpecification\",\"valueRequired\":true,\"valueName\":\"search_term_string\"}}],\"inLanguage\":\"fr-FR\"},{\"@type\":\"Organization\",\"@id\":\"https:\\\/\\\/labrobot.com\\\/#organization\",\"name\":\"LabRobot Products AB\",\"url\":\"https:\\\/\\\/labrobot.com\\\/\",\"logo\":{\"@type\":\"ImageObject\",\"inLanguage\":\"fr-FR\",\"@id\":\"https:\\\/\\\/labrobot.com\\\/#\\\/schema\\\/logo\\\/image\\\/\",\"url\":\"https:\\\/\\\/labrobot.com\\\/wp-content\\\/uploads\\\/2018\\\/12\\\/LabRobot_LOGO_signatur.jpg\",\"contentUrl\":\"https:\\\/\\\/labrobot.com\\\/wp-content\\\/uploads\\\/2018\\\/12\\\/LabRobot_LOGO_signatur.jpg\",\"width\":200,\"height\":54,\"caption\":\"LabRobot Products AB\"},\"image\":{\"@id\":\"https:\\\/\\\/labrobot.com\\\/#\\\/schema\\\/logo\\\/image\\\/\"},\"sameAs\":[\"https:\\\/\\\/www.facebook.com\\\/labrobotproductsab\",\"https:\\\/\\\/www.linkedin.com\\\/company\\\/labrobot-products-ab\\\/\",\"https:\\\/\\\/www.youtube.com\\\/channel\\\/UCHGyF_OHfxI1No9ahbU-agQ\"]}]}<\/script>\n<!-- \/ Yoast SEO Premium plugin. -->","yoast_head_json":{"title":"Gestion des donn\u00e9es personelles - LabRobot","robots":{"index":"index","follow":"follow","max-snippet":"max-snippet:-1","max-image-preview":"max-image-preview:large","max-video-preview":"max-video-preview:-1"},"canonical":"https:\/\/labrobot.com\/fr\/gestion-des-donnees-personelles\/","og_locale":"fr_FR","og_type":"article","og_title":"Gestion des donn\u00e9es personelles","og_description":"Gestion des donn\u00e9es personelles par LabRobot Products AB Comme client de LabRobot Products AB, les informations qui vous sont propres sont collect\u00e9es et utilis\u00e9es dans le but de permettre une relation commerciale professionelle. Ce document vous informe sur la fa\u00e7on dont ces donn\u00e9s sont utilis\u00e9es ainsi que sur vos droits. Gestion des donn\u00e9es personelles Le ... Read more","og_url":"https:\/\/labrobot.com\/fr\/gestion-des-donnees-personelles\/","og_site_name":"LabRobot","article_publisher":"https:\/\/www.facebook.com\/labrobotproductsab","article_modified_time":"2024-09-25T07:42:15+00:00","twitter_card":"summary_large_image","twitter_misc":{"Dur\u00e9e de lecture estim\u00e9e":"3 minutes"},"schema":{"@context":"https:\/\/schema.org","@graph":[{"@type":"WebPage","@id":"https:\/\/labrobot.com\/fr\/gestion-des-donnees-personelles\/","url":"https:\/\/labrobot.com\/fr\/gestion-des-donnees-personelles\/","name":"Gestion des donn\u00e9es personelles - LabRobot","isPartOf":{"@id":"https:\/\/labrobot.com\/#website"},"datePublished":"2022-01-21T14:06:53+00:00","dateModified":"2024-09-25T07:42:15+00:00","breadcrumb":{"@id":"https:\/\/labrobot.com\/fr\/gestion-des-donnees-personelles\/#breadcrumb"},"inLanguage":"fr-FR","potentialAction":[{"@type":"ReadAction","target":["https:\/\/labrobot.com\/fr\/gestion-des-donnees-personelles\/"]}]},{"@type":"BreadcrumbList","@id":"https:\/\/labrobot.com\/fr\/gestion-des-donnees-personelles\/#breadcrumb","itemListElement":[{"@type":"ListItem","position":1,"name":"Home","item":"https:\/\/labrobot.com\/fr\/"},{"@type":"ListItem","position":2,"name":"Gestion des donn\u00e9es personelles"}]},{"@type":"WebSite","@id":"https:\/\/labrobot.com\/#website","url":"https:\/\/labrobot.com\/","name":"LabRobot","description":"D\u00e9velopper des instruments et des m\u00e9thodes d'analyse pour la microbiologie alimentaire","publisher":{"@id":"https:\/\/labrobot.com\/#organization"},"potentialAction":[{"@type":"SearchAction","target":{"@type":"EntryPoint","urlTemplate":"https:\/\/labrobot.com\/?s={search_term_string}"},"query-input":{"@type":"PropertyValueSpecification","valueRequired":true,"valueName":"search_term_string"}}],"inLanguage":"fr-FR"},{"@type":"Organization","@id":"https:\/\/labrobot.com\/#organization","name":"LabRobot Products AB","url":"https:\/\/labrobot.com\/","logo":{"@type":"ImageObject","inLanguage":"fr-FR","@id":"https:\/\/labrobot.com\/#\/schema\/logo\/image\/","url":"https:\/\/labrobot.com\/wp-content\/uploads\/2018\/12\/LabRobot_LOGO_signatur.jpg","contentUrl":"https:\/\/labrobot.com\/wp-content\/uploads\/2018\/12\/LabRobot_LOGO_signatur.jpg","width":200,"height":54,"caption":"LabRobot Products AB"},"image":{"@id":"https:\/\/labrobot.com\/#\/schema\/logo\/image\/"},"sameAs":["https:\/\/www.facebook.com\/labrobotproductsab","https:\/\/www.linkedin.com\/company\/labrobot-products-ab\/","https:\/\/www.youtube.com\/channel\/UCHGyF_OHfxI1No9ahbU-agQ"]}]}},"_links":{"self":[{"href":"https:\/\/labrobot.com\/fr\/wp-json\/wp\/v2\/pages\/12946","targetHints":{"allow":["GET"]}}],"collection":[{"href":"https:\/\/labrobot.com\/fr\/wp-json\/wp\/v2\/pages"}],"about":[{"href":"https:\/\/labrobot.com\/fr\/wp-json\/wp\/v2\/types\/page"}],"author":[{"embeddable":true,"href":"https:\/\/labrobot.com\/fr\/wp-json\/wp\/v2\/users\/243"}],"replies":[{"embeddable":true,"href":"https:\/\/labrobot.com\/fr\/wp-json\/wp\/v2\/comments?post=12946"}],"version-history":[{"count":0,"href":"https:\/\/labrobot.com\/fr\/wp-json\/wp\/v2\/pages\/12946\/revisions"}],"wp:attachment":[{"href":"https:\/\/labrobot.com\/fr\/wp-json\/wp\/v2\/media?parent=12946"}],"curies":[{"name":"wp","href":"https:\/\/api.w.org\/{rel}","templated":true}]}}