{"id":12750,"date":"2021-11-29T10:58:29","date_gmt":"2021-11-29T09:58:29","guid":{"rendered":"https:\/\/labrobot.com\/dilucup-system\/"},"modified":"2024-10-21T15:48:10","modified_gmt":"2024-10-21T14:48:10","slug":"dilucup-system","status":"publish","type":"page","link":"https:\/\/labrobot.com\/fr\/dilucup-system\/","title":{"rendered":"Dilucup System"},"content":{"rendered":"\n<h1>\n\t\tUne m\u00e9thode de dilution en s\u00e9rie semi-automatis\u00e9e\n\t<\/h1>\n\tDes milliers de laboratoires \u00e0 travers le monde ont d\u00e9j\u00e0 remplac\u00e9 les tubes de dilution et le m\u00e9langeur vortex par le syst\u00e8me Dilucup\u00ae.<br \/>\nEt ils ne le regrettent pas.\n<p>Il n&rsquo;y a pas de meilleure fa\u00e7on de savoir si quelque chose vous convient que de l&rsquo;essayer vous-m\u00eame. C&rsquo;est pourquoi nous proposons des <strong>d\u00e9monstrations gratuites<\/strong> pour que vous puissiez d\u00e9couvrir ce que ce fantastique syst\u00e8me de dilution en s\u00e9rie peut vous apporter.<\/p>\n\t\t\t<a href=\"https:\/\/labrobot.com\/fr\/request-a-demo\/\" target=\"_self\" rel=\"noopener\">\n\t\t\t\t\t\tDemandez une d\u00e9monstration gratuite\n\t\t\t\t\t<\/a>\n<h2>\n\t\tDilucup\u00ae System\n\t<\/h2>\n\t<p>Dilucup\u00ae Elegance est utilis\u00e9 avec l&rsquo;un des deux agitateurs disponibles : Dilugent\u00ae Shaker ou Dilushaker III, qui vous guident \u00e0 travers le processus de dilution de diff\u00e9rentes mani\u00e8res.<\/p>\n\t\t\t\t<a href=\"https:\/\/labrobot.com\/fr\/dilugent-shaker\/\" target=\"_self\" itemprop=\"url\" rel=\"noopener\">\n\t\t\t\t<img loading=\"lazy\" decoding=\"async\" src=\"https:\/\/labrobot.com\/wp-content\/uploads\/bb-plugin\/cache\/dilutions-with-dilugent-1024x1012-circle-8d188893c4f4042a7c3f93c8866997be-.jpg\" alt=\"dilugent shaker\" itemprop=\"image\" height=\"1012\" width=\"1024\" title=\"dilutions with dilugent\" onerror=\"this.style.display='none'\"  \/>\n\t\t\t\t<\/a>\n<h3><a href=\"https:\/\/labrobot.com\/fr\/dilugent-shaker\/\" target=\"_self\" rel=\"noopener\">Dilugent\u00ae Shaker<\/a><\/h3><a href=\"https:\/\/labrobot.com\/fr\/dilugent-shaker\/\" target=\"_self\" rel=\"noopener\"><\/a>\t\n\t\t\t\t<a href=\"https:\/\/labrobot.com\/fr\/dilucup-elegance\/\" target=\"_self\" itemprop=\"url\" rel=\"noopener\">\n\t\t\t\t<img loading=\"lazy\" decoding=\"async\" src=\"https:\/\/labrobot.com\/wp-content\/uploads\/bb-plugin\/cache\/dilucup-MRD-blister-1024x683-circle-6b488e5385d026519048948f861a8961-.jpg\" alt=\"dilucup MRD blister\" itemprop=\"image\" height=\"683\" width=\"1024\" title=\"dilucup MRD blister\" onerror=\"this.style.display='none'\"  \/>\n\t\t\t\t<\/a>\n<h3><a href=\"https:\/\/labrobot.com\/fr\/dilucup-elegance\/\" target=\"_self\" rel=\"noopener\">Dilucup\u00ae Elegance<\/a><\/h3><a href=\"https:\/\/labrobot.com\/fr\/dilucup-elegance\/\" target=\"_self\" rel=\"noopener\"><\/a>\t\n\t\t\t\t<a href=\"https:\/\/labrobot.com\/fr\/dilushaker-iii\/\" target=\"_self\" itemprop=\"url\" rel=\"noopener\">\n\t\t\t\t<img loading=\"lazy\" decoding=\"async\" src=\"https:\/\/labrobot.com\/wp-content\/uploads\/bb-plugin\/cache\/dilushaker-III-1024x699-circle-95e8311d438fe92fca44e54ebacd23bc-.jpg\" alt=\"dilushaker 6or\" itemprop=\"image\" height=\"699\" width=\"1024\" title=\"dilushaker\" onerror=\"this.style.display='none'\"  \/>\n\t\t\t\t<\/a>\n<h3><a href=\"https:\/\/labrobot.com\/fr\/dilushaker-iii\/\" target=\"_self\" rel=\"noopener\">Dilushaker III<\/a><\/h3>\t\n<h4>\n\t\tT\u00e9moignages\n\t<\/h4>\n\t\t\t<p><img loading=\"lazy\" decoding=\"async\" src=\"https:\/\/labrobot.com\/wp-content\/uploads\/2022\/03\/testimonial-swe-300x203.jpg\" alt=\"\" width=\"300\" height=\"203\" \/>\u00ab\u00a0Processus fluide, bonne qualit\u00e9 et toujours une livraison rapide\u00a0\u00ab\u00a0<\/p>\n<p><strong><em>~ Peter Karlsson, Coordinateur de laboratoire qualit\u00e9, Arla Foods J\u00f6nk\u00f6ping, Su\u00e8de<\/em><\/strong><\/p>\t\t\n\t\t\t<p><img loading=\"lazy\" decoding=\"async\" src=\"https:\/\/labrobot.com\/wp-content\/uploads\/2021\/12\/portugal-testimonial-300x169.jpg\" alt=\"\" width=\"266\" height=\"150\" \/>\u00ab\u00a0Nous gagnons beaucoup de temps avec Dilucup ! Nous n&rsquo;avons pas besoin de pr\u00e9parer les tubes de dilution ni de faire le contr\u00f4le qualit\u00e9 des diluants. Le syst\u00e8me Dilucup facilite vraiment la vie !\u00a0\u00bb<\/p>\n<p><em><strong>~ Martina Costa, Directrice, Globalab, Portugal<\/strong><\/em><\/p>\t\t\n\t\t\t<p><img loading=\"lazy\" decoding=\"async\" src=\"https:\/\/labrobot.com\/wp-content\/uploads\/2021\/12\/PBV-testimonial-photo-295x300.jpg\" alt=\"\" width=\"190\" height=\"193\" \/>\u00ab\u00a0Facile et pr\u00e9cis pour effectuer des mesures avec le syst\u00e8me Dilucup. Le volume exact du solvant et l&rsquo;agitation constante garantissent une concentration uniforme de l&rsquo;\u00e9chantillon.\u00a0\u00bb<\/p>\n<p><em><strong>~ Tetiana Garkavanko, Directrice adjointe, S\u00e9curit\u00e9 alimentaire et protection des consommateurs, Ukraine <\/strong><\/em><\/p>\t\t\n\n","protected":false},"excerpt":{"rendered":"<p>Une m\u00e9thode de dilution en s\u00e9rie semi-automatis\u00e9e Des milliers de laboratoires \u00e0 travers le monde ont d\u00e9j\u00e0 remplac\u00e9 les tubes de dilution et le m\u00e9langeur vortex par le syst\u00e8me Dilucup\u00ae. Et ils ne le regrettent pas. Il n&rsquo;y a pas de meilleure fa\u00e7on de savoir si quelque chose vous convient que de l&rsquo;essayer vous-m\u00eame. C&rsquo;est &#8230; <a title=\"Dilucup System\" class=\"read-more\" href=\"https:\/\/labrobot.com\/fr\/dilucup-system\/\" aria-label=\"En savoir plus sur Dilucup System\">Read more<\/a><\/p>\n","protected":false},"author":243,"featured_media":0,"parent":0,"menu_order":0,"comment_status":"closed","ping_status":"closed","template":"","meta":{"_acf_changed":false,"generate_page_header":"","footnotes":""},"class_list":["post-12750","page","type-page","status-publish"],"acf":[],"yoast_head":"<!-- This site is optimized with the Yoast SEO Premium plugin v27.3 (Yoast SEO v27.3) - https:\/\/yoast.com\/product\/yoast-seo-premium-wordpress\/ -->\n<title>Le Syst\u00e8me Dilucup remplace les tubes de dilution et le m\u00e9langeur vortex<\/title>\n<meta name=\"description\" content=\"Des milliers de laboratoires \u00e0 travers le monde ont d\u00e9j\u00e0 remplac\u00e9 les tubes de dilution et le m\u00e9langeur vortex par le syst\u00e8me Dilucup\u00ae.\" \/>\n<meta name=\"robots\" content=\"index, follow, max-snippet:-1, max-image-preview:large, max-video-preview:-1\" \/>\n<link rel=\"canonical\" href=\"https:\/\/labrobot.com\/fr\/dilucup-system\/\" \/>\n<meta property=\"og:locale\" content=\"fr_FR\" \/>\n<meta property=\"og:type\" content=\"article\" \/>\n<meta property=\"og:title\" content=\"Dilucup System\" \/>\n<meta property=\"og:description\" content=\"Des milliers de laboratoires \u00e0 travers le monde ont d\u00e9j\u00e0 remplac\u00e9 les tubes de dilution et le m\u00e9langeur vortex par le syst\u00e8me Dilucup\u00ae.\" \/>\n<meta property=\"og:url\" content=\"https:\/\/labrobot.com\/fr\/dilucup-system\/\" \/>\n<meta property=\"og:site_name\" content=\"LabRobot\" \/>\n<meta property=\"article:publisher\" content=\"https:\/\/www.facebook.com\/labrobotproductsab\" \/>\n<meta property=\"article:modified_time\" content=\"2024-10-21T14:48:10+00:00\" \/>\n<meta property=\"og:image\" content=\"https:\/\/labrobot.com\/wp-content\/uploads\/bb-plugin\/cache\/dilutions-with-dilugent-1024x1012-circle-8d188893c4f4042a7c3f93c8866997be-.jpg\" \/>\n<meta name=\"twitter:card\" content=\"summary_large_image\" \/>\n<meta name=\"twitter:label1\" content=\"Dur\u00e9e de lecture estim\u00e9e\" \/>\n\t<meta name=\"twitter:data1\" content=\"1 minute\" \/>\n<script type=\"application\/ld+json\" class=\"yoast-schema-graph\">{\"@context\":\"https:\\\/\\\/schema.org\",\"@graph\":[{\"@type\":\"WebPage\",\"@id\":\"https:\\\/\\\/labrobot.com\\\/fr\\\/dilucup-system\\\/\",\"url\":\"https:\\\/\\\/labrobot.com\\\/fr\\\/dilucup-system\\\/\",\"name\":\"Le Syst\u00e8me Dilucup remplace les tubes de dilution et le m\u00e9langeur vortex\",\"isPartOf\":{\"@id\":\"https:\\\/\\\/labrobot.com\\\/#website\"},\"primaryImageOfPage\":{\"@id\":\"https:\\\/\\\/labrobot.com\\\/fr\\\/dilucup-system\\\/#primaryimage\"},\"image\":{\"@id\":\"https:\\\/\\\/labrobot.com\\\/fr\\\/dilucup-system\\\/#primaryimage\"},\"thumbnailUrl\":\"https:\\\/\\\/labrobot.com\\\/wp-content\\\/uploads\\\/bb-plugin\\\/cache\\\/dilutions-with-dilugent-1024x1012-circle-8d188893c4f4042a7c3f93c8866997be-.jpg\",\"datePublished\":\"2021-11-29T09:58:29+00:00\",\"dateModified\":\"2024-10-21T14:48:10+00:00\",\"description\":\"Des milliers de laboratoires \u00e0 travers le monde ont d\u00e9j\u00e0 remplac\u00e9 les tubes de dilution et le m\u00e9langeur vortex par le syst\u00e8me Dilucup\u00ae.\",\"breadcrumb\":{\"@id\":\"https:\\\/\\\/labrobot.com\\\/fr\\\/dilucup-system\\\/#breadcrumb\"},\"inLanguage\":\"fr-FR\",\"potentialAction\":[{\"@type\":\"ReadAction\",\"target\":[\"https:\\\/\\\/labrobot.com\\\/fr\\\/dilucup-system\\\/\"]}]},{\"@type\":\"ImageObject\",\"inLanguage\":\"fr-FR\",\"@id\":\"https:\\\/\\\/labrobot.com\\\/fr\\\/dilucup-system\\\/#primaryimage\",\"url\":\"https:\\\/\\\/labrobot.com\\\/wp-content\\\/uploads\\\/bb-plugin\\\/cache\\\/dilutions-with-dilugent-1024x1012-circle-8d188893c4f4042a7c3f93c8866997be-.jpg\",\"contentUrl\":\"https:\\\/\\\/labrobot.com\\\/wp-content\\\/uploads\\\/bb-plugin\\\/cache\\\/dilutions-with-dilugent-1024x1012-circle-8d188893c4f4042a7c3f93c8866997be-.jpg\"},{\"@type\":\"BreadcrumbList\",\"@id\":\"https:\\\/\\\/labrobot.com\\\/fr\\\/dilucup-system\\\/#breadcrumb\",\"itemListElement\":[{\"@type\":\"ListItem\",\"position\":1,\"name\":\"Home\",\"item\":\"https:\\\/\\\/labrobot.com\\\/fr\\\/\"},{\"@type\":\"ListItem\",\"position\":2,\"name\":\"Dilucup System\"}]},{\"@type\":\"WebSite\",\"@id\":\"https:\\\/\\\/labrobot.com\\\/#website\",\"url\":\"https:\\\/\\\/labrobot.com\\\/\",\"name\":\"LabRobot\",\"description\":\"D\u00e9velopper des instruments et des m\u00e9thodes d'analyse pour la microbiologie alimentaire\",\"publisher\":{\"@id\":\"https:\\\/\\\/labrobot.com\\\/#organization\"},\"potentialAction\":[{\"@type\":\"SearchAction\",\"target\":{\"@type\":\"EntryPoint\",\"urlTemplate\":\"https:\\\/\\\/labrobot.com\\\/?s={search_term_string}\"},\"query-input\":{\"@type\":\"PropertyValueSpecification\",\"valueRequired\":true,\"valueName\":\"search_term_string\"}}],\"inLanguage\":\"fr-FR\"},{\"@type\":\"Organization\",\"@id\":\"https:\\\/\\\/labrobot.com\\\/#organization\",\"name\":\"LabRobot Products AB\",\"url\":\"https:\\\/\\\/labrobot.com\\\/\",\"logo\":{\"@type\":\"ImageObject\",\"inLanguage\":\"fr-FR\",\"@id\":\"https:\\\/\\\/labrobot.com\\\/#\\\/schema\\\/logo\\\/image\\\/\",\"url\":\"https:\\\/\\\/labrobot.com\\\/wp-content\\\/uploads\\\/2018\\\/12\\\/LabRobot_LOGO_signatur.jpg\",\"contentUrl\":\"https:\\\/\\\/labrobot.com\\\/wp-content\\\/uploads\\\/2018\\\/12\\\/LabRobot_LOGO_signatur.jpg\",\"width\":200,\"height\":54,\"caption\":\"LabRobot Products AB\"},\"image\":{\"@id\":\"https:\\\/\\\/labrobot.com\\\/#\\\/schema\\\/logo\\\/image\\\/\"},\"sameAs\":[\"https:\\\/\\\/www.facebook.com\\\/labrobotproductsab\",\"https:\\\/\\\/www.linkedin.com\\\/company\\\/labrobot-products-ab\\\/\",\"https:\\\/\\\/www.youtube.com\\\/channel\\\/UCHGyF_OHfxI1No9ahbU-agQ\"]}]}<\/script>\n<!-- \/ Yoast SEO Premium plugin. -->","yoast_head_json":{"title":"Le Syst\u00e8me Dilucup remplace les tubes de dilution et le m\u00e9langeur vortex","description":"Des milliers de laboratoires \u00e0 travers le monde ont d\u00e9j\u00e0 remplac\u00e9 les tubes de dilution et le m\u00e9langeur vortex par le syst\u00e8me Dilucup\u00ae.","robots":{"index":"index","follow":"follow","max-snippet":"max-snippet:-1","max-image-preview":"max-image-preview:large","max-video-preview":"max-video-preview:-1"},"canonical":"https:\/\/labrobot.com\/fr\/dilucup-system\/","og_locale":"fr_FR","og_type":"article","og_title":"Dilucup System","og_description":"Des milliers de laboratoires \u00e0 travers le monde ont d\u00e9j\u00e0 remplac\u00e9 les tubes de dilution et le m\u00e9langeur vortex par le syst\u00e8me Dilucup\u00ae.","og_url":"https:\/\/labrobot.com\/fr\/dilucup-system\/","og_site_name":"LabRobot","article_publisher":"https:\/\/www.facebook.com\/labrobotproductsab","article_modified_time":"2024-10-21T14:48:10+00:00","og_image":[{"url":"https:\/\/labrobot.com\/wp-content\/uploads\/bb-plugin\/cache\/dilutions-with-dilugent-1024x1012-circle-8d188893c4f4042a7c3f93c8866997be-.jpg","type":"","width":"","height":""}],"twitter_card":"summary_large_image","twitter_misc":{"Dur\u00e9e de lecture estim\u00e9e":"1 minute"},"schema":{"@context":"https:\/\/schema.org","@graph":[{"@type":"WebPage","@id":"https:\/\/labrobot.com\/fr\/dilucup-system\/","url":"https:\/\/labrobot.com\/fr\/dilucup-system\/","name":"Le Syst\u00e8me Dilucup remplace les tubes de dilution et le m\u00e9langeur vortex","isPartOf":{"@id":"https:\/\/labrobot.com\/#website"},"primaryImageOfPage":{"@id":"https:\/\/labrobot.com\/fr\/dilucup-system\/#primaryimage"},"image":{"@id":"https:\/\/labrobot.com\/fr\/dilucup-system\/#primaryimage"},"thumbnailUrl":"https:\/\/labrobot.com\/wp-content\/uploads\/bb-plugin\/cache\/dilutions-with-dilugent-1024x1012-circle-8d188893c4f4042a7c3f93c8866997be-.jpg","datePublished":"2021-11-29T09:58:29+00:00","dateModified":"2024-10-21T14:48:10+00:00","description":"Des milliers de laboratoires \u00e0 travers le monde ont d\u00e9j\u00e0 remplac\u00e9 les tubes de dilution et le m\u00e9langeur vortex par le syst\u00e8me Dilucup\u00ae.","breadcrumb":{"@id":"https:\/\/labrobot.com\/fr\/dilucup-system\/#breadcrumb"},"inLanguage":"fr-FR","potentialAction":[{"@type":"ReadAction","target":["https:\/\/labrobot.com\/fr\/dilucup-system\/"]}]},{"@type":"ImageObject","inLanguage":"fr-FR","@id":"https:\/\/labrobot.com\/fr\/dilucup-system\/#primaryimage","url":"https:\/\/labrobot.com\/wp-content\/uploads\/bb-plugin\/cache\/dilutions-with-dilugent-1024x1012-circle-8d188893c4f4042a7c3f93c8866997be-.jpg","contentUrl":"https:\/\/labrobot.com\/wp-content\/uploads\/bb-plugin\/cache\/dilutions-with-dilugent-1024x1012-circle-8d188893c4f4042a7c3f93c8866997be-.jpg"},{"@type":"BreadcrumbList","@id":"https:\/\/labrobot.com\/fr\/dilucup-system\/#breadcrumb","itemListElement":[{"@type":"ListItem","position":1,"name":"Home","item":"https:\/\/labrobot.com\/fr\/"},{"@type":"ListItem","position":2,"name":"Dilucup System"}]},{"@type":"WebSite","@id":"https:\/\/labrobot.com\/#website","url":"https:\/\/labrobot.com\/","name":"LabRobot","description":"D\u00e9velopper des instruments et des m\u00e9thodes d'analyse pour la microbiologie alimentaire","publisher":{"@id":"https:\/\/labrobot.com\/#organization"},"potentialAction":[{"@type":"SearchAction","target":{"@type":"EntryPoint","urlTemplate":"https:\/\/labrobot.com\/?s={search_term_string}"},"query-input":{"@type":"PropertyValueSpecification","valueRequired":true,"valueName":"search_term_string"}}],"inLanguage":"fr-FR"},{"@type":"Organization","@id":"https:\/\/labrobot.com\/#organization","name":"LabRobot Products AB","url":"https:\/\/labrobot.com\/","logo":{"@type":"ImageObject","inLanguage":"fr-FR","@id":"https:\/\/labrobot.com\/#\/schema\/logo\/image\/","url":"https:\/\/labrobot.com\/wp-content\/uploads\/2018\/12\/LabRobot_LOGO_signatur.jpg","contentUrl":"https:\/\/labrobot.com\/wp-content\/uploads\/2018\/12\/LabRobot_LOGO_signatur.jpg","width":200,"height":54,"caption":"LabRobot Products AB"},"image":{"@id":"https:\/\/labrobot.com\/#\/schema\/logo\/image\/"},"sameAs":["https:\/\/www.facebook.com\/labrobotproductsab","https:\/\/www.linkedin.com\/company\/labrobot-products-ab\/","https:\/\/www.youtube.com\/channel\/UCHGyF_OHfxI1No9ahbU-agQ"]}]}},"_links":{"self":[{"href":"https:\/\/labrobot.com\/fr\/wp-json\/wp\/v2\/pages\/12750","targetHints":{"allow":["GET"]}}],"collection":[{"href":"https:\/\/labrobot.com\/fr\/wp-json\/wp\/v2\/pages"}],"about":[{"href":"https:\/\/labrobot.com\/fr\/wp-json\/wp\/v2\/types\/page"}],"author":[{"embeddable":true,"href":"https:\/\/labrobot.com\/fr\/wp-json\/wp\/v2\/users\/243"}],"replies":[{"embeddable":true,"href":"https:\/\/labrobot.com\/fr\/wp-json\/wp\/v2\/comments?post=12750"}],"version-history":[{"count":0,"href":"https:\/\/labrobot.com\/fr\/wp-json\/wp\/v2\/pages\/12750\/revisions"}],"wp:attachment":[{"href":"https:\/\/labrobot.com\/fr\/wp-json\/wp\/v2\/media?parent=12750"}],"curies":[{"name":"wp","href":"https:\/\/api.w.org\/{rel}","templated":true}]}}