{"id":18630,"date":"2024-11-04T09:57:58","date_gmt":"2024-11-04T08:57:58","guid":{"rendered":"https:\/\/labrobot.com\/product\/dilucup-elegance-dw-6-copas-fila\/"},"modified":"2024-11-04T11:10:52","modified_gmt":"2024-11-04T10:10:52","slug":"dilucup-elegance-dw-agua-desionizada","status":"publish","type":"product","link":"https:\/\/labrobot.com\/es\/product\/dilucup-elegance-dw-agua-desionizada\/","title":{"rendered":"Dilucup Elegance DW (6 copas\/fila)"},"content":{"rendered":"<h3>Agua desionizada<\/h3>\n<p>Dilucup Elegance DW son copas de diluci\u00f3n est\u00e9riles rellenadas de agua desionizada.<\/p>\n<p>&nbsp;<\/p>\n","protected":false},"excerpt":{"rendered":"<p>Copas listas para usar con 9 mL de agua desionizada<\/p>\n<p><strong>Composici\u00f3n:<\/strong> agua desionizada<br \/>\n<strong>Conductividad:<\/strong> menos de 10 \u03bcS\/cm<br \/>\n<strong>Volumen:<\/strong> 9 mL \u00b1 2 %<br \/>\n<strong>Esterilizaci\u00f3n:<\/strong> E-Beam<br \/>\n<strong>Fecha de caducidad:<\/strong> 24 meses despu\u00e9s de la producci\u00f3n<br \/>\n<strong>Almacenamiento:<\/strong><br \/>\nBolsas sin abrir: +2 a+25\u00b0C hasta 30 meses<br \/>\nBolsas abiertas: +2 a +8\u00b0C hasta 3 meses<br \/>\n<strong>Embalaje:<\/strong> Blisters de 7 pre-cortadas hileras de 3 copas. Cada caja contiene 672 copas distribuidas en 2 bolsas de 336 copas.<br \/>\n<strong>Peso y volumen:<\/strong> 8,7 kg\/caja- 0,032 m3\/caja<\/p>\n","protected":false},"featured_media":18487,"template":"","meta":{"_acf_changed":false,"generate_page_header":""},"product_brand":[],"product_cat":[37],"product_tag":[],"class_list":{"0":"post-18630","1":"product","2":"type-product","3":"status-publish","4":"has-post-thumbnail","6":"product_cat-dilucup-elegance","7":"sales-flash-overlay","8":"woocommerce-text-align-center","9":"woocommerce-image-align-center","10":"do-quantity-buttons","12":"first","13":"instock","14":"shipping-taxable","15":"product-type-simple"},"acf":[],"yoast_head":"<!-- This site is optimized with the Yoast SEO Premium plugin v27.3 (Yoast SEO v27.3) - https:\/\/yoast.com\/product\/yoast-seo-premium-wordpress\/ -->\n<title>Diluyente de agua desionizada | Copas de diluci\u00f3n listas para usar<\/title>\n<meta name=\"description\" content=\"Dilucup Elegance DW es una copa de diluci\u00f3n est\u00e9ril lista para usar, llena con 9 mL de agua desionizada. Vida \u00fatil de 24 meses.\" \/>\n<meta name=\"robots\" content=\"index, follow, max-snippet:-1, max-image-preview:large, max-video-preview:-1\" \/>\n<link rel=\"canonical\" href=\"https:\/\/labrobot.com\/es\/product\/dilucup-elegance-dw-agua-desionizada\/\" \/>\n<meta property=\"og:locale\" content=\"es_ES\" \/>\n<meta property=\"og:type\" content=\"article\" \/>\n<meta property=\"og:title\" content=\"Dilucup Elegance DW (6 copas\/fila)\" \/>\n<meta property=\"og:description\" content=\"Dilucup Elegance DW es una copa de diluci\u00f3n est\u00e9ril lista para usar, llena con 9 mL de agua desionizada. Vida \u00fatil de 24 meses.\" \/>\n<meta property=\"og:url\" content=\"https:\/\/labrobot.com\/es\/product\/dilucup-elegance-dw-agua-desionizada\/\" \/>\n<meta property=\"og:site_name\" content=\"LabRobot\" \/>\n<meta property=\"article:publisher\" content=\"https:\/\/www.facebook.com\/labrobotproductsab\" \/>\n<meta property=\"article:modified_time\" content=\"2024-11-04T10:10:52+00:00\" \/>\n<meta property=\"og:image\" content=\"https:\/\/labrobot.com\/wp-content\/uploads\/2024\/10\/IMG_9146-scaled.jpg\" \/>\n\t<meta property=\"og:image:width\" content=\"1707\" \/>\n\t<meta property=\"og:image:height\" content=\"2560\" \/>\n\t<meta property=\"og:image:type\" content=\"image\/jpeg\" \/>\n<meta name=\"twitter:card\" content=\"summary_large_image\" \/>\n<meta name=\"twitter:label1\" content=\"Tiempo de lectura\" \/>\n\t<meta name=\"twitter:data1\" content=\"1 minuto\" \/>\n<script type=\"application\/ld+json\" class=\"yoast-schema-graph\">{\"@context\":\"https:\\\/\\\/schema.org\",\"@graph\":[{\"@type\":\"WebPage\",\"@id\":\"https:\\\/\\\/labrobot.com\\\/es\\\/product\\\/dilucup-elegance-dw-agua-desionizada\\\/\",\"url\":\"https:\\\/\\\/labrobot.com\\\/es\\\/product\\\/dilucup-elegance-dw-agua-desionizada\\\/\",\"name\":\"Diluyente de agua desionizada | Copas de diluci\u00f3n listas para usar\",\"isPartOf\":{\"@id\":\"https:\\\/\\\/labrobot.com\\\/#website\"},\"primaryImageOfPage\":{\"@id\":\"https:\\\/\\\/labrobot.com\\\/es\\\/product\\\/dilucup-elegance-dw-agua-desionizada\\\/#primaryimage\"},\"image\":{\"@id\":\"https:\\\/\\\/labrobot.com\\\/es\\\/product\\\/dilucup-elegance-dw-agua-desionizada\\\/#primaryimage\"},\"thumbnailUrl\":\"https:\\\/\\\/labrobot.com\\\/wp-content\\\/uploads\\\/2024\\\/10\\\/IMG_9146-scaled.jpg\",\"datePublished\":\"2024-11-04T08:57:58+00:00\",\"dateModified\":\"2024-11-04T10:10:52+00:00\",\"description\":\"Dilucup Elegance DW es una copa de diluci\u00f3n est\u00e9ril lista para usar, llena con 9 mL de agua desionizada. Vida \u00fatil de 24 meses.\",\"breadcrumb\":{\"@id\":\"https:\\\/\\\/labrobot.com\\\/es\\\/product\\\/dilucup-elegance-dw-agua-desionizada\\\/#breadcrumb\"},\"inLanguage\":\"es\",\"potentialAction\":[{\"@type\":\"ReadAction\",\"target\":[\"https:\\\/\\\/labrobot.com\\\/es\\\/product\\\/dilucup-elegance-dw-agua-desionizada\\\/\"]}]},{\"@type\":\"ImageObject\",\"inLanguage\":\"es\",\"@id\":\"https:\\\/\\\/labrobot.com\\\/es\\\/product\\\/dilucup-elegance-dw-agua-desionizada\\\/#primaryimage\",\"url\":\"https:\\\/\\\/labrobot.com\\\/wp-content\\\/uploads\\\/2024\\\/10\\\/IMG_9146-scaled.jpg\",\"contentUrl\":\"https:\\\/\\\/labrobot.com\\\/wp-content\\\/uploads\\\/2024\\\/10\\\/IMG_9146-scaled.jpg\",\"width\":1707,\"height\":2560,\"caption\":\"deionized water dilution cups\"},{\"@type\":\"BreadcrumbList\",\"@id\":\"https:\\\/\\\/labrobot.com\\\/es\\\/product\\\/dilucup-elegance-dw-agua-desionizada\\\/#breadcrumb\",\"itemListElement\":[{\"@type\":\"ListItem\",\"position\":1,\"name\":\"Home\",\"item\":\"https:\\\/\\\/labrobot.com\\\/es\\\/\"},{\"@type\":\"ListItem\",\"position\":2,\"name\":\"Produkter\",\"item\":\"https:\\\/\\\/labrobot.com\\\/sv\\\/shop\\\/\"},{\"@type\":\"ListItem\",\"position\":3,\"name\":\"Dilucup Elegance DW (6 copas\\\/fila)\"}]},{\"@type\":\"WebSite\",\"@id\":\"https:\\\/\\\/labrobot.com\\\/#website\",\"url\":\"https:\\\/\\\/labrobot.com\\\/\",\"name\":\"LabRobot\",\"description\":\"Easy quick ergonomic serial dilution method\",\"publisher\":{\"@id\":\"https:\\\/\\\/labrobot.com\\\/#organization\"},\"potentialAction\":[{\"@type\":\"SearchAction\",\"target\":{\"@type\":\"EntryPoint\",\"urlTemplate\":\"https:\\\/\\\/labrobot.com\\\/?s={search_term_string}\"},\"query-input\":{\"@type\":\"PropertyValueSpecification\",\"valueRequired\":true,\"valueName\":\"search_term_string\"}}],\"inLanguage\":\"es\"},{\"@type\":\"Organization\",\"@id\":\"https:\\\/\\\/labrobot.com\\\/#organization\",\"name\":\"LabRobot Products AB\",\"url\":\"https:\\\/\\\/labrobot.com\\\/\",\"logo\":{\"@type\":\"ImageObject\",\"inLanguage\":\"es\",\"@id\":\"https:\\\/\\\/labrobot.com\\\/#\\\/schema\\\/logo\\\/image\\\/\",\"url\":\"https:\\\/\\\/labrobot.com\\\/wp-content\\\/uploads\\\/2018\\\/12\\\/LabRobot_LOGO_signatur.jpg\",\"contentUrl\":\"https:\\\/\\\/labrobot.com\\\/wp-content\\\/uploads\\\/2018\\\/12\\\/LabRobot_LOGO_signatur.jpg\",\"width\":200,\"height\":54,\"caption\":\"LabRobot Products AB\"},\"image\":{\"@id\":\"https:\\\/\\\/labrobot.com\\\/#\\\/schema\\\/logo\\\/image\\\/\"},\"sameAs\":[\"https:\\\/\\\/www.facebook.com\\\/labrobotproductsab\",\"https:\\\/\\\/www.linkedin.com\\\/company\\\/labrobot-products-ab\\\/\",\"https:\\\/\\\/www.youtube.com\\\/channel\\\/UCHGyF_OHfxI1No9ahbU-agQ\"]}]}<\/script>\n<!-- \/ Yoast SEO Premium plugin. -->","yoast_head_json":{"title":"Diluyente de agua desionizada | Copas de diluci\u00f3n listas para usar","description":"Dilucup Elegance DW es una copa de diluci\u00f3n est\u00e9ril lista para usar, llena con 9 mL de agua desionizada. Vida \u00fatil de 24 meses.","robots":{"index":"index","follow":"follow","max-snippet":"max-snippet:-1","max-image-preview":"max-image-preview:large","max-video-preview":"max-video-preview:-1"},"canonical":"https:\/\/labrobot.com\/es\/product\/dilucup-elegance-dw-agua-desionizada\/","og_locale":"es_ES","og_type":"article","og_title":"Dilucup Elegance DW (6 copas\/fila)","og_description":"Dilucup Elegance DW es una copa de diluci\u00f3n est\u00e9ril lista para usar, llena con 9 mL de agua desionizada. Vida \u00fatil de 24 meses.","og_url":"https:\/\/labrobot.com\/es\/product\/dilucup-elegance-dw-agua-desionizada\/","og_site_name":"LabRobot","article_publisher":"https:\/\/www.facebook.com\/labrobotproductsab","article_modified_time":"2024-11-04T10:10:52+00:00","og_image":[{"width":1707,"height":2560,"url":"https:\/\/labrobot.com\/wp-content\/uploads\/2024\/10\/IMG_9146-scaled.jpg","type":"image\/jpeg"}],"twitter_card":"summary_large_image","twitter_misc":{"Tiempo de lectura":"1 minuto"},"schema":{"@context":"https:\/\/schema.org","@graph":[{"@type":"WebPage","@id":"https:\/\/labrobot.com\/es\/product\/dilucup-elegance-dw-agua-desionizada\/","url":"https:\/\/labrobot.com\/es\/product\/dilucup-elegance-dw-agua-desionizada\/","name":"Diluyente de agua desionizada | Copas de diluci\u00f3n listas para usar","isPartOf":{"@id":"https:\/\/labrobot.com\/#website"},"primaryImageOfPage":{"@id":"https:\/\/labrobot.com\/es\/product\/dilucup-elegance-dw-agua-desionizada\/#primaryimage"},"image":{"@id":"https:\/\/labrobot.com\/es\/product\/dilucup-elegance-dw-agua-desionizada\/#primaryimage"},"thumbnailUrl":"https:\/\/labrobot.com\/wp-content\/uploads\/2024\/10\/IMG_9146-scaled.jpg","datePublished":"2024-11-04T08:57:58+00:00","dateModified":"2024-11-04T10:10:52+00:00","description":"Dilucup Elegance DW es una copa de diluci\u00f3n est\u00e9ril lista para usar, llena con 9 mL de agua desionizada. Vida \u00fatil de 24 meses.","breadcrumb":{"@id":"https:\/\/labrobot.com\/es\/product\/dilucup-elegance-dw-agua-desionizada\/#breadcrumb"},"inLanguage":"es","potentialAction":[{"@type":"ReadAction","target":["https:\/\/labrobot.com\/es\/product\/dilucup-elegance-dw-agua-desionizada\/"]}]},{"@type":"ImageObject","inLanguage":"es","@id":"https:\/\/labrobot.com\/es\/product\/dilucup-elegance-dw-agua-desionizada\/#primaryimage","url":"https:\/\/labrobot.com\/wp-content\/uploads\/2024\/10\/IMG_9146-scaled.jpg","contentUrl":"https:\/\/labrobot.com\/wp-content\/uploads\/2024\/10\/IMG_9146-scaled.jpg","width":1707,"height":2560,"caption":"deionized water dilution cups"},{"@type":"BreadcrumbList","@id":"https:\/\/labrobot.com\/es\/product\/dilucup-elegance-dw-agua-desionizada\/#breadcrumb","itemListElement":[{"@type":"ListItem","position":1,"name":"Home","item":"https:\/\/labrobot.com\/es\/"},{"@type":"ListItem","position":2,"name":"Produkter","item":"https:\/\/labrobot.com\/sv\/shop\/"},{"@type":"ListItem","position":3,"name":"Dilucup Elegance DW (6 copas\/fila)"}]},{"@type":"WebSite","@id":"https:\/\/labrobot.com\/#website","url":"https:\/\/labrobot.com\/","name":"LabRobot","description":"Easy quick ergonomic serial dilution method","publisher":{"@id":"https:\/\/labrobot.com\/#organization"},"potentialAction":[{"@type":"SearchAction","target":{"@type":"EntryPoint","urlTemplate":"https:\/\/labrobot.com\/?s={search_term_string}"},"query-input":{"@type":"PropertyValueSpecification","valueRequired":true,"valueName":"search_term_string"}}],"inLanguage":"es"},{"@type":"Organization","@id":"https:\/\/labrobot.com\/#organization","name":"LabRobot Products AB","url":"https:\/\/labrobot.com\/","logo":{"@type":"ImageObject","inLanguage":"es","@id":"https:\/\/labrobot.com\/#\/schema\/logo\/image\/","url":"https:\/\/labrobot.com\/wp-content\/uploads\/2018\/12\/LabRobot_LOGO_signatur.jpg","contentUrl":"https:\/\/labrobot.com\/wp-content\/uploads\/2018\/12\/LabRobot_LOGO_signatur.jpg","width":200,"height":54,"caption":"LabRobot Products AB"},"image":{"@id":"https:\/\/labrobot.com\/#\/schema\/logo\/image\/"},"sameAs":["https:\/\/www.facebook.com\/labrobotproductsab","https:\/\/www.linkedin.com\/company\/labrobot-products-ab\/","https:\/\/www.youtube.com\/channel\/UCHGyF_OHfxI1No9ahbU-agQ"]}]}},"_links":{"self":[{"href":"https:\/\/labrobot.com\/es\/wp-json\/wp\/v2\/product\/18630","targetHints":{"allow":["GET"]}}],"collection":[{"href":"https:\/\/labrobot.com\/es\/wp-json\/wp\/v2\/product"}],"about":[{"href":"https:\/\/labrobot.com\/es\/wp-json\/wp\/v2\/types\/product"}],"wp:featuredmedia":[{"embeddable":true,"href":"https:\/\/labrobot.com\/es\/wp-json\/wp\/v2\/media\/18487"}],"wp:attachment":[{"href":"https:\/\/labrobot.com\/es\/wp-json\/wp\/v2\/media?parent=18630"}],"wp:term":[{"taxonomy":"product_brand","embeddable":true,"href":"https:\/\/labrobot.com\/es\/wp-json\/wp\/v2\/product_brand?post=18630"},{"taxonomy":"product_cat","embeddable":true,"href":"https:\/\/labrobot.com\/es\/wp-json\/wp\/v2\/product_cat?post=18630"},{"taxonomy":"product_tag","embeddable":true,"href":"https:\/\/labrobot.com\/es\/wp-json\/wp\/v2\/product_tag?post=18630"}],"curies":[{"name":"wp","href":"https:\/\/api.w.org\/{rel}","templated":true}]}}