{"id":12637,"date":"2018-12-06T16:06:50","date_gmt":"2018-12-06T15:06:50","guid":{"rendered":"https:\/\/labrobot.com\/product\/dilucup-elegance-nacl-6-copas-fila\/"},"modified":"2024-09-17T08:00:53","modified_gmt":"2024-09-17T07:00:53","slug":"diluyente-salino-nacl6","status":"publish","type":"product","link":"https:\/\/labrobot.com\/es\/product\/diluyente-salino-nacl6\/","title":{"rendered":"Dilucup Elegance NACL (6 copas\/fila)"},"content":{"rendered":"<h3>Diluyente salino<\/h3>\n<p>Diluyente est\u00e9ril e isot\u00f3nico ideal para mantener la viabilidad celular durante una variedad de procedimientos de laboratorio.<\/p>\n<p>&nbsp;<\/p>\n","protected":false},"excerpt":{"rendered":"<h2>Dilucup Elegance NACL<\/h2>\n<p>Copas listas para usar con 9,0 mL de NACL est\u00e9ril<\/p>\n<p><strong>Composici\u00f3n:<\/strong> Soluci\u00f3n tamponada que incluye NaCl 8,5 g\/L<br \/>\n<strong>pH:<\/strong> 7,0 \u00b1 0,2<br \/>\n<strong>Volumen:<\/strong> 9,0 mL \u00b1 2 %<br \/>\n<strong>Esterilizaci\u00f3n:<\/strong> E-Beam<br \/>\n<strong>Fecha de caducidad:<\/strong> &gt;30 meses despu\u00e9s de la producci\u00f3n<br \/>\n<strong>Almacenamiento:<\/strong><br \/>\nBolsas sin abrir: +2 a+25\u00b0C hasta 30 meses<br \/>\nBolsas abiertas: +2 a +8\u00b0C hasta 3 meses<br \/>\n<strong>Embalaje:<\/strong> Blisters de 7 pre-cortadas hileras de 6 copas. Cada caja contiene 672 copas distribuidas en 2 bolsas de 336 copas.<br \/>\n<strong>Peso y volumen:<\/strong> 8,7 kg\/caja- 0,032 m3\/caja<\/p>\n","protected":false},"featured_media":17447,"template":"","meta":{"_acf_changed":false,"generate_page_header":""},"product_brand":[],"product_cat":[37],"product_tag":[],"class_list":{"0":"post-12637","1":"product","2":"type-product","3":"status-publish","4":"has-post-thumbnail","6":"product_cat-dilucup-elegance","7":"sales-flash-overlay","8":"woocommerce-text-align-center","9":"woocommerce-image-align-center","10":"do-quantity-buttons","12":"first","13":"instock","14":"shipping-taxable","15":"product-type-simple"},"acf":[],"yoast_head":"<!-- This site is optimized with the Yoast SEO Premium plugin v27.3 (Yoast SEO v27.3) - https:\/\/yoast.com\/product\/yoast-seo-premium-wordpress\/ -->\n<title>Diluyente salino | Vasos de diluci\u00f3n listos para usar<\/title>\n<meta name=\"description\" content=\"Diluyente isot\u00f3nico y est\u00e9ril, perfecto para mantener la viabilidad celular durante una variedad de procedimientos de laboratorio. Vaso de diluci\u00f3n.\" \/>\n<meta name=\"robots\" content=\"index, follow, max-snippet:-1, max-image-preview:large, max-video-preview:-1\" \/>\n<link rel=\"canonical\" href=\"https:\/\/labrobot.com\/es\/product\/diluyente-salino-nacl6\/\" \/>\n<meta property=\"og:locale\" content=\"es_ES\" \/>\n<meta property=\"og:type\" content=\"article\" \/>\n<meta property=\"og:title\" content=\"Dilucup Elegance NACL (6 copas\/fila)\" \/>\n<meta property=\"og:description\" content=\"Diluyente isot\u00f3nico y est\u00e9ril, perfecto para mantener la viabilidad celular durante una variedad de procedimientos de laboratorio. Vaso de diluci\u00f3n.\" \/>\n<meta property=\"og:url\" content=\"https:\/\/labrobot.com\/es\/product\/diluyente-salino-nacl6\/\" \/>\n<meta property=\"og:site_name\" content=\"LabRobot\" \/>\n<meta property=\"article:publisher\" content=\"https:\/\/www.facebook.com\/labrobotproductsab\" \/>\n<meta property=\"article:modified_time\" content=\"2024-09-17T07:00:53+00:00\" \/>\n<meta property=\"og:image\" content=\"https:\/\/labrobot.com\/wp-content\/uploads\/2024\/05\/serial-dilution-cups-scaled.jpg\" \/>\n\t<meta property=\"og:image:width\" content=\"2560\" \/>\n\t<meta property=\"og:image:height\" content=\"1698\" \/>\n\t<meta property=\"og:image:type\" content=\"image\/jpeg\" \/>\n<meta name=\"twitter:card\" content=\"summary_large_image\" \/>\n<meta name=\"twitter:label1\" content=\"Tiempo de lectura\" \/>\n\t<meta name=\"twitter:data1\" content=\"1 minuto\" \/>\n<script type=\"application\/ld+json\" class=\"yoast-schema-graph\">{\"@context\":\"https:\\\/\\\/schema.org\",\"@graph\":[{\"@type\":\"WebPage\",\"@id\":\"https:\\\/\\\/labrobot.com\\\/es\\\/product\\\/diluyente-salino-nacl6\\\/\",\"url\":\"https:\\\/\\\/labrobot.com\\\/es\\\/product\\\/diluyente-salino-nacl6\\\/\",\"name\":\"Diluyente salino | Vasos de diluci\u00f3n listos para usar\",\"isPartOf\":{\"@id\":\"https:\\\/\\\/labrobot.com\\\/#website\"},\"primaryImageOfPage\":{\"@id\":\"https:\\\/\\\/labrobot.com\\\/es\\\/product\\\/diluyente-salino-nacl6\\\/#primaryimage\"},\"image\":{\"@id\":\"https:\\\/\\\/labrobot.com\\\/es\\\/product\\\/diluyente-salino-nacl6\\\/#primaryimage\"},\"thumbnailUrl\":\"https:\\\/\\\/labrobot.com\\\/wp-content\\\/uploads\\\/2024\\\/05\\\/serial-dilution-cups-scaled.jpg\",\"datePublished\":\"2018-12-06T15:06:50+00:00\",\"dateModified\":\"2024-09-17T07:00:53+00:00\",\"description\":\"Diluyente isot\u00f3nico y est\u00e9ril, perfecto para mantener la viabilidad celular durante una variedad de procedimientos de laboratorio. Vaso de diluci\u00f3n.\",\"breadcrumb\":{\"@id\":\"https:\\\/\\\/labrobot.com\\\/es\\\/product\\\/diluyente-salino-nacl6\\\/#breadcrumb\"},\"inLanguage\":\"es\",\"potentialAction\":[{\"@type\":\"ReadAction\",\"target\":[\"https:\\\/\\\/labrobot.com\\\/es\\\/product\\\/diluyente-salino-nacl6\\\/\"]}]},{\"@type\":\"ImageObject\",\"inLanguage\":\"es\",\"@id\":\"https:\\\/\\\/labrobot.com\\\/es\\\/product\\\/diluyente-salino-nacl6\\\/#primaryimage\",\"url\":\"https:\\\/\\\/labrobot.com\\\/wp-content\\\/uploads\\\/2024\\\/05\\\/serial-dilution-cups-scaled.jpg\",\"contentUrl\":\"https:\\\/\\\/labrobot.com\\\/wp-content\\\/uploads\\\/2024\\\/05\\\/serial-dilution-cups-scaled.jpg\",\"width\":2560,\"height\":1698,\"caption\":\"diluyente salino\"},{\"@type\":\"BreadcrumbList\",\"@id\":\"https:\\\/\\\/labrobot.com\\\/es\\\/product\\\/diluyente-salino-nacl6\\\/#breadcrumb\",\"itemListElement\":[{\"@type\":\"ListItem\",\"position\":1,\"name\":\"Home\",\"item\":\"https:\\\/\\\/labrobot.com\\\/es\\\/\"},{\"@type\":\"ListItem\",\"position\":2,\"name\":\"Produkter\",\"item\":\"https:\\\/\\\/labrobot.com\\\/sv\\\/shop\\\/\"},{\"@type\":\"ListItem\",\"position\":3,\"name\":\"Dilucup Elegance NACL (6 copas\\\/fila)\"}]},{\"@type\":\"WebSite\",\"@id\":\"https:\\\/\\\/labrobot.com\\\/#website\",\"url\":\"https:\\\/\\\/labrobot.com\\\/\",\"name\":\"LabRobot\",\"description\":\"Easy quick ergonomic serial dilution method\",\"publisher\":{\"@id\":\"https:\\\/\\\/labrobot.com\\\/#organization\"},\"potentialAction\":[{\"@type\":\"SearchAction\",\"target\":{\"@type\":\"EntryPoint\",\"urlTemplate\":\"https:\\\/\\\/labrobot.com\\\/?s={search_term_string}\"},\"query-input\":{\"@type\":\"PropertyValueSpecification\",\"valueRequired\":true,\"valueName\":\"search_term_string\"}}],\"inLanguage\":\"es\"},{\"@type\":\"Organization\",\"@id\":\"https:\\\/\\\/labrobot.com\\\/#organization\",\"name\":\"LabRobot Products AB\",\"url\":\"https:\\\/\\\/labrobot.com\\\/\",\"logo\":{\"@type\":\"ImageObject\",\"inLanguage\":\"es\",\"@id\":\"https:\\\/\\\/labrobot.com\\\/#\\\/schema\\\/logo\\\/image\\\/\",\"url\":\"https:\\\/\\\/labrobot.com\\\/wp-content\\\/uploads\\\/2018\\\/12\\\/LabRobot_LOGO_signatur.jpg\",\"contentUrl\":\"https:\\\/\\\/labrobot.com\\\/wp-content\\\/uploads\\\/2018\\\/12\\\/LabRobot_LOGO_signatur.jpg\",\"width\":200,\"height\":54,\"caption\":\"LabRobot Products AB\"},\"image\":{\"@id\":\"https:\\\/\\\/labrobot.com\\\/#\\\/schema\\\/logo\\\/image\\\/\"},\"sameAs\":[\"https:\\\/\\\/www.facebook.com\\\/labrobotproductsab\",\"https:\\\/\\\/www.linkedin.com\\\/company\\\/labrobot-products-ab\\\/\",\"https:\\\/\\\/www.youtube.com\\\/channel\\\/UCHGyF_OHfxI1No9ahbU-agQ\"]}]}<\/script>\n<!-- \/ Yoast SEO Premium plugin. -->","yoast_head_json":{"title":"Diluyente salino | Vasos de diluci\u00f3n listos para usar","description":"Diluyente isot\u00f3nico y est\u00e9ril, perfecto para mantener la viabilidad celular durante una variedad de procedimientos de laboratorio. Vaso de diluci\u00f3n.","robots":{"index":"index","follow":"follow","max-snippet":"max-snippet:-1","max-image-preview":"max-image-preview:large","max-video-preview":"max-video-preview:-1"},"canonical":"https:\/\/labrobot.com\/es\/product\/diluyente-salino-nacl6\/","og_locale":"es_ES","og_type":"article","og_title":"Dilucup Elegance NACL (6 copas\/fila)","og_description":"Diluyente isot\u00f3nico y est\u00e9ril, perfecto para mantener la viabilidad celular durante una variedad de procedimientos de laboratorio. Vaso de diluci\u00f3n.","og_url":"https:\/\/labrobot.com\/es\/product\/diluyente-salino-nacl6\/","og_site_name":"LabRobot","article_publisher":"https:\/\/www.facebook.com\/labrobotproductsab","article_modified_time":"2024-09-17T07:00:53+00:00","og_image":[{"width":2560,"height":1698,"url":"https:\/\/labrobot.com\/wp-content\/uploads\/2024\/05\/serial-dilution-cups-scaled.jpg","type":"image\/jpeg"}],"twitter_card":"summary_large_image","twitter_misc":{"Tiempo de lectura":"1 minuto"},"schema":{"@context":"https:\/\/schema.org","@graph":[{"@type":"WebPage","@id":"https:\/\/labrobot.com\/es\/product\/diluyente-salino-nacl6\/","url":"https:\/\/labrobot.com\/es\/product\/diluyente-salino-nacl6\/","name":"Diluyente salino | Vasos de diluci\u00f3n listos para usar","isPartOf":{"@id":"https:\/\/labrobot.com\/#website"},"primaryImageOfPage":{"@id":"https:\/\/labrobot.com\/es\/product\/diluyente-salino-nacl6\/#primaryimage"},"image":{"@id":"https:\/\/labrobot.com\/es\/product\/diluyente-salino-nacl6\/#primaryimage"},"thumbnailUrl":"https:\/\/labrobot.com\/wp-content\/uploads\/2024\/05\/serial-dilution-cups-scaled.jpg","datePublished":"2018-12-06T15:06:50+00:00","dateModified":"2024-09-17T07:00:53+00:00","description":"Diluyente isot\u00f3nico y est\u00e9ril, perfecto para mantener la viabilidad celular durante una variedad de procedimientos de laboratorio. Vaso de diluci\u00f3n.","breadcrumb":{"@id":"https:\/\/labrobot.com\/es\/product\/diluyente-salino-nacl6\/#breadcrumb"},"inLanguage":"es","potentialAction":[{"@type":"ReadAction","target":["https:\/\/labrobot.com\/es\/product\/diluyente-salino-nacl6\/"]}]},{"@type":"ImageObject","inLanguage":"es","@id":"https:\/\/labrobot.com\/es\/product\/diluyente-salino-nacl6\/#primaryimage","url":"https:\/\/labrobot.com\/wp-content\/uploads\/2024\/05\/serial-dilution-cups-scaled.jpg","contentUrl":"https:\/\/labrobot.com\/wp-content\/uploads\/2024\/05\/serial-dilution-cups-scaled.jpg","width":2560,"height":1698,"caption":"diluyente salino"},{"@type":"BreadcrumbList","@id":"https:\/\/labrobot.com\/es\/product\/diluyente-salino-nacl6\/#breadcrumb","itemListElement":[{"@type":"ListItem","position":1,"name":"Home","item":"https:\/\/labrobot.com\/es\/"},{"@type":"ListItem","position":2,"name":"Produkter","item":"https:\/\/labrobot.com\/sv\/shop\/"},{"@type":"ListItem","position":3,"name":"Dilucup Elegance NACL (6 copas\/fila)"}]},{"@type":"WebSite","@id":"https:\/\/labrobot.com\/#website","url":"https:\/\/labrobot.com\/","name":"LabRobot","description":"Easy quick ergonomic serial dilution method","publisher":{"@id":"https:\/\/labrobot.com\/#organization"},"potentialAction":[{"@type":"SearchAction","target":{"@type":"EntryPoint","urlTemplate":"https:\/\/labrobot.com\/?s={search_term_string}"},"query-input":{"@type":"PropertyValueSpecification","valueRequired":true,"valueName":"search_term_string"}}],"inLanguage":"es"},{"@type":"Organization","@id":"https:\/\/labrobot.com\/#organization","name":"LabRobot Products AB","url":"https:\/\/labrobot.com\/","logo":{"@type":"ImageObject","inLanguage":"es","@id":"https:\/\/labrobot.com\/#\/schema\/logo\/image\/","url":"https:\/\/labrobot.com\/wp-content\/uploads\/2018\/12\/LabRobot_LOGO_signatur.jpg","contentUrl":"https:\/\/labrobot.com\/wp-content\/uploads\/2018\/12\/LabRobot_LOGO_signatur.jpg","width":200,"height":54,"caption":"LabRobot Products AB"},"image":{"@id":"https:\/\/labrobot.com\/#\/schema\/logo\/image\/"},"sameAs":["https:\/\/www.facebook.com\/labrobotproductsab","https:\/\/www.linkedin.com\/company\/labrobot-products-ab\/","https:\/\/www.youtube.com\/channel\/UCHGyF_OHfxI1No9ahbU-agQ"]}]}},"_links":{"self":[{"href":"https:\/\/labrobot.com\/es\/wp-json\/wp\/v2\/product\/12637","targetHints":{"allow":["GET"]}}],"collection":[{"href":"https:\/\/labrobot.com\/es\/wp-json\/wp\/v2\/product"}],"about":[{"href":"https:\/\/labrobot.com\/es\/wp-json\/wp\/v2\/types\/product"}],"wp:featuredmedia":[{"embeddable":true,"href":"https:\/\/labrobot.com\/es\/wp-json\/wp\/v2\/media\/17447"}],"wp:attachment":[{"href":"https:\/\/labrobot.com\/es\/wp-json\/wp\/v2\/media?parent=12637"}],"wp:term":[{"taxonomy":"product_brand","embeddable":true,"href":"https:\/\/labrobot.com\/es\/wp-json\/wp\/v2\/product_brand?post=12637"},{"taxonomy":"product_cat","embeddable":true,"href":"https:\/\/labrobot.com\/es\/wp-json\/wp\/v2\/product_cat?post=12637"},{"taxonomy":"product_tag","embeddable":true,"href":"https:\/\/labrobot.com\/es\/wp-json\/wp\/v2\/product_tag?post=12637"}],"curies":[{"name":"wp","href":"https:\/\/api.w.org\/{rel}","templated":true}]}}