{"id":12625,"date":"2018-12-06T16:21:24","date_gmt":"2018-12-06T15:21:24","guid":{"rendered":"https:\/\/labrobot.com\/product\/dilushaker-iii-42-copas\/"},"modified":"2024-09-18T09:29:20","modified_gmt":"2024-09-18T08:29:20","slug":"dilushaker-iii-42-copas","status":"publish","type":"product","link":"https:\/\/labrobot.com\/es\/product\/dilushaker-iii-42-copas\/","title":{"rendered":"Dilushaker III (42 copas)"},"content":{"rendered":"<h3>Dilushaker III <em>digital<\/em><\/h3>\n<p>Existen dos modelos de Dilushaker III: uno peque\u00f1o para bl\u00edsters de 21 Dilucups y este modelo que es para 42 copas.<br \/>\nEste es el agitador de laboratorio m\u00e1s antiguo que tenemos disponible. Es un instrumento robusto y con una larga vida \u00fatil. Hay laboratorios que tienen este tipo de Dilsuhaker desde hace m\u00e1s de 10 a\u00f1os y siguen funcionando perfectamente.<\/p>\n","protected":false},"excerpt":{"rendered":"<p>Dilushaker III con 6 indicadores LED. Incluye bandeja extra\u00edble<\/p>\n<p>Para 42 (7 x 6) Dilucups<\/p>\n","protected":false},"featured_media":10469,"template":"","meta":{"_acf_changed":false,"generate_page_header":""},"product_brand":[],"product_cat":[63],"product_tag":[],"class_list":{"0":"post-12625","1":"product","2":"type-product","3":"status-publish","4":"has-post-thumbnail","6":"product_cat-dilushaker-iii","7":"sales-flash-overlay","8":"woocommerce-text-align-center","9":"woocommerce-image-align-center","10":"do-quantity-buttons","12":"first","13":"instock","14":"shipping-taxable","15":"product-type-simple"},"acf":[],"yoast_head":"<!-- This site is optimized with the Yoast SEO Premium plugin v27.3 (Yoast SEO v27.3) - https:\/\/yoast.com\/product\/yoast-seo-premium-wordpress\/ -->\n<title>Agitador de laboratorio para copas de diluci\u00f3n en serie<\/title>\n<meta name=\"description\" content=\"Este es el agitador de laboratorio m\u00e1s antiguo que tenemos disponible para usar con Dilucup. Es un instrumento robusto con una larga vida \u00fatil.\" \/>\n<meta name=\"robots\" content=\"index, follow, max-snippet:-1, max-image-preview:large, max-video-preview:-1\" \/>\n<link rel=\"canonical\" href=\"https:\/\/labrobot.com\/product\/dilushaker-42-cups\/\" \/>\n<meta property=\"og:locale\" content=\"es_ES\" \/>\n<meta property=\"og:type\" content=\"article\" \/>\n<meta property=\"og:title\" content=\"Dilushaker III (42 copas)\" \/>\n<meta property=\"og:description\" content=\"Este es el agitador de laboratorio m\u00e1s antiguo que tenemos disponible para usar con Dilucup. Es un instrumento robusto con una larga vida \u00fatil.\" \/>\n<meta property=\"og:url\" content=\"https:\/\/labrobot.com\/product\/dilushaker-42-cups\/\" \/>\n<meta property=\"og:site_name\" content=\"LabRobot\" \/>\n<meta property=\"article:publisher\" content=\"https:\/\/www.facebook.com\/labrobotproductsab\" \/>\n<meta property=\"article:modified_time\" content=\"2024-09-18T08:29:20+00:00\" \/>\n<meta property=\"og:image\" content=\"https:\/\/labrobot.com\/wp-content\/uploads\/2018\/12\/Dilushaker_40DS42PRXT.jpg\" \/>\n\t<meta property=\"og:image:width\" content=\"500\" \/>\n\t<meta property=\"og:image:height\" content=\"321\" \/>\n\t<meta property=\"og:image:type\" content=\"image\/jpeg\" \/>\n<meta name=\"twitter:card\" content=\"summary_large_image\" \/>\n<meta name=\"twitter:label1\" content=\"Tiempo de lectura\" \/>\n\t<meta name=\"twitter:data1\" content=\"1 minuto\" \/>\n<script type=\"application\/ld+json\" class=\"yoast-schema-graph\">{\"@context\":\"https:\\\/\\\/schema.org\",\"@graph\":[{\"@type\":\"WebPage\",\"@id\":\"https:\\\/\\\/labrobot.com\\\/product\\\/dilushaker-42-cups\\\/\",\"url\":\"https:\\\/\\\/labrobot.com\\\/product\\\/dilushaker-42-cups\\\/\",\"name\":\"Agitador de laboratorio para copas de diluci\u00f3n en serie\",\"isPartOf\":{\"@id\":\"https:\\\/\\\/labrobot.com\\\/#website\"},\"primaryImageOfPage\":{\"@id\":\"https:\\\/\\\/labrobot.com\\\/product\\\/dilushaker-42-cups\\\/#primaryimage\"},\"image\":{\"@id\":\"https:\\\/\\\/labrobot.com\\\/product\\\/dilushaker-42-cups\\\/#primaryimage\"},\"thumbnailUrl\":\"https:\\\/\\\/labrobot.com\\\/wp-content\\\/uploads\\\/2018\\\/12\\\/Dilushaker_40DS42PRXT.jpg\",\"datePublished\":\"2018-12-06T15:21:24+00:00\",\"dateModified\":\"2024-09-18T08:29:20+00:00\",\"description\":\"Este es el agitador de laboratorio m\u00e1s antiguo que tenemos disponible para usar con Dilucup. Es un instrumento robusto con una larga vida \u00fatil.\",\"breadcrumb\":{\"@id\":\"https:\\\/\\\/labrobot.com\\\/product\\\/dilushaker-42-cups\\\/#breadcrumb\"},\"inLanguage\":\"es\",\"potentialAction\":[{\"@type\":\"ReadAction\",\"target\":[\"https:\\\/\\\/labrobot.com\\\/product\\\/dilushaker-42-cups\\\/\"]}]},{\"@type\":\"ImageObject\",\"inLanguage\":\"es\",\"@id\":\"https:\\\/\\\/labrobot.com\\\/product\\\/dilushaker-42-cups\\\/#primaryimage\",\"url\":\"https:\\\/\\\/labrobot.com\\\/wp-content\\\/uploads\\\/2018\\\/12\\\/Dilushaker_40DS42PRXT.jpg\",\"contentUrl\":\"https:\\\/\\\/labrobot.com\\\/wp-content\\\/uploads\\\/2018\\\/12\\\/Dilushaker_40DS42PRXT.jpg\",\"width\":500,\"height\":321,\"caption\":\"agitador laboratorio\"},{\"@type\":\"BreadcrumbList\",\"@id\":\"https:\\\/\\\/labrobot.com\\\/product\\\/dilushaker-42-cups\\\/#breadcrumb\",\"itemListElement\":[{\"@type\":\"ListItem\",\"position\":1,\"name\":\"Home\",\"item\":\"https:\\\/\\\/labrobot.com\\\/es\\\/\"},{\"@type\":\"ListItem\",\"position\":2,\"name\":\"Produkter\",\"item\":\"https:\\\/\\\/labrobot.com\\\/sv\\\/shop\\\/\"},{\"@type\":\"ListItem\",\"position\":3,\"name\":\"Dilushaker III (42 copas)\"}]},{\"@type\":\"WebSite\",\"@id\":\"https:\\\/\\\/labrobot.com\\\/#website\",\"url\":\"https:\\\/\\\/labrobot.com\\\/\",\"name\":\"LabRobot\",\"description\":\"Easy quick ergonomic serial dilution method\",\"publisher\":{\"@id\":\"https:\\\/\\\/labrobot.com\\\/#organization\"},\"potentialAction\":[{\"@type\":\"SearchAction\",\"target\":{\"@type\":\"EntryPoint\",\"urlTemplate\":\"https:\\\/\\\/labrobot.com\\\/?s={search_term_string}\"},\"query-input\":{\"@type\":\"PropertyValueSpecification\",\"valueRequired\":true,\"valueName\":\"search_term_string\"}}],\"inLanguage\":\"es\"},{\"@type\":\"Organization\",\"@id\":\"https:\\\/\\\/labrobot.com\\\/#organization\",\"name\":\"LabRobot Products AB\",\"url\":\"https:\\\/\\\/labrobot.com\\\/\",\"logo\":{\"@type\":\"ImageObject\",\"inLanguage\":\"es\",\"@id\":\"https:\\\/\\\/labrobot.com\\\/#\\\/schema\\\/logo\\\/image\\\/\",\"url\":\"https:\\\/\\\/labrobot.com\\\/wp-content\\\/uploads\\\/2018\\\/12\\\/LabRobot_LOGO_signatur.jpg\",\"contentUrl\":\"https:\\\/\\\/labrobot.com\\\/wp-content\\\/uploads\\\/2018\\\/12\\\/LabRobot_LOGO_signatur.jpg\",\"width\":200,\"height\":54,\"caption\":\"LabRobot Products AB\"},\"image\":{\"@id\":\"https:\\\/\\\/labrobot.com\\\/#\\\/schema\\\/logo\\\/image\\\/\"},\"sameAs\":[\"https:\\\/\\\/www.facebook.com\\\/labrobotproductsab\",\"https:\\\/\\\/www.linkedin.com\\\/company\\\/labrobot-products-ab\\\/\",\"https:\\\/\\\/www.youtube.com\\\/channel\\\/UCHGyF_OHfxI1No9ahbU-agQ\"]}]}<\/script>\n<!-- \/ Yoast SEO Premium plugin. -->","yoast_head_json":{"title":"Agitador de laboratorio para copas de diluci\u00f3n en serie","description":"Este es el agitador de laboratorio m\u00e1s antiguo que tenemos disponible para usar con Dilucup. Es un instrumento robusto con una larga vida \u00fatil.","robots":{"index":"index","follow":"follow","max-snippet":"max-snippet:-1","max-image-preview":"max-image-preview:large","max-video-preview":"max-video-preview:-1"},"canonical":"https:\/\/labrobot.com\/product\/dilushaker-42-cups\/","og_locale":"es_ES","og_type":"article","og_title":"Dilushaker III (42 copas)","og_description":"Este es el agitador de laboratorio m\u00e1s antiguo que tenemos disponible para usar con Dilucup. Es un instrumento robusto con una larga vida \u00fatil.","og_url":"https:\/\/labrobot.com\/product\/dilushaker-42-cups\/","og_site_name":"LabRobot","article_publisher":"https:\/\/www.facebook.com\/labrobotproductsab","article_modified_time":"2024-09-18T08:29:20+00:00","og_image":[{"width":500,"height":321,"url":"https:\/\/labrobot.com\/wp-content\/uploads\/2018\/12\/Dilushaker_40DS42PRXT.jpg","type":"image\/jpeg"}],"twitter_card":"summary_large_image","twitter_misc":{"Tiempo de lectura":"1 minuto"},"schema":{"@context":"https:\/\/schema.org","@graph":[{"@type":"WebPage","@id":"https:\/\/labrobot.com\/product\/dilushaker-42-cups\/","url":"https:\/\/labrobot.com\/product\/dilushaker-42-cups\/","name":"Agitador de laboratorio para copas de diluci\u00f3n en serie","isPartOf":{"@id":"https:\/\/labrobot.com\/#website"},"primaryImageOfPage":{"@id":"https:\/\/labrobot.com\/product\/dilushaker-42-cups\/#primaryimage"},"image":{"@id":"https:\/\/labrobot.com\/product\/dilushaker-42-cups\/#primaryimage"},"thumbnailUrl":"https:\/\/labrobot.com\/wp-content\/uploads\/2018\/12\/Dilushaker_40DS42PRXT.jpg","datePublished":"2018-12-06T15:21:24+00:00","dateModified":"2024-09-18T08:29:20+00:00","description":"Este es el agitador de laboratorio m\u00e1s antiguo que tenemos disponible para usar con Dilucup. Es un instrumento robusto con una larga vida \u00fatil.","breadcrumb":{"@id":"https:\/\/labrobot.com\/product\/dilushaker-42-cups\/#breadcrumb"},"inLanguage":"es","potentialAction":[{"@type":"ReadAction","target":["https:\/\/labrobot.com\/product\/dilushaker-42-cups\/"]}]},{"@type":"ImageObject","inLanguage":"es","@id":"https:\/\/labrobot.com\/product\/dilushaker-42-cups\/#primaryimage","url":"https:\/\/labrobot.com\/wp-content\/uploads\/2018\/12\/Dilushaker_40DS42PRXT.jpg","contentUrl":"https:\/\/labrobot.com\/wp-content\/uploads\/2018\/12\/Dilushaker_40DS42PRXT.jpg","width":500,"height":321,"caption":"agitador laboratorio"},{"@type":"BreadcrumbList","@id":"https:\/\/labrobot.com\/product\/dilushaker-42-cups\/#breadcrumb","itemListElement":[{"@type":"ListItem","position":1,"name":"Home","item":"https:\/\/labrobot.com\/es\/"},{"@type":"ListItem","position":2,"name":"Produkter","item":"https:\/\/labrobot.com\/sv\/shop\/"},{"@type":"ListItem","position":3,"name":"Dilushaker III (42 copas)"}]},{"@type":"WebSite","@id":"https:\/\/labrobot.com\/#website","url":"https:\/\/labrobot.com\/","name":"LabRobot","description":"Easy quick ergonomic serial dilution method","publisher":{"@id":"https:\/\/labrobot.com\/#organization"},"potentialAction":[{"@type":"SearchAction","target":{"@type":"EntryPoint","urlTemplate":"https:\/\/labrobot.com\/?s={search_term_string}"},"query-input":{"@type":"PropertyValueSpecification","valueRequired":true,"valueName":"search_term_string"}}],"inLanguage":"es"},{"@type":"Organization","@id":"https:\/\/labrobot.com\/#organization","name":"LabRobot Products AB","url":"https:\/\/labrobot.com\/","logo":{"@type":"ImageObject","inLanguage":"es","@id":"https:\/\/labrobot.com\/#\/schema\/logo\/image\/","url":"https:\/\/labrobot.com\/wp-content\/uploads\/2018\/12\/LabRobot_LOGO_signatur.jpg","contentUrl":"https:\/\/labrobot.com\/wp-content\/uploads\/2018\/12\/LabRobot_LOGO_signatur.jpg","width":200,"height":54,"caption":"LabRobot Products AB"},"image":{"@id":"https:\/\/labrobot.com\/#\/schema\/logo\/image\/"},"sameAs":["https:\/\/www.facebook.com\/labrobotproductsab","https:\/\/www.linkedin.com\/company\/labrobot-products-ab\/","https:\/\/www.youtube.com\/channel\/UCHGyF_OHfxI1No9ahbU-agQ"]}]}},"_links":{"self":[{"href":"https:\/\/labrobot.com\/es\/wp-json\/wp\/v2\/product\/12625","targetHints":{"allow":["GET"]}}],"collection":[{"href":"https:\/\/labrobot.com\/es\/wp-json\/wp\/v2\/product"}],"about":[{"href":"https:\/\/labrobot.com\/es\/wp-json\/wp\/v2\/types\/product"}],"wp:featuredmedia":[{"embeddable":true,"href":"https:\/\/labrobot.com\/es\/wp-json\/wp\/v2\/media\/10469"}],"wp:attachment":[{"href":"https:\/\/labrobot.com\/es\/wp-json\/wp\/v2\/media?parent=12625"}],"wp:term":[{"taxonomy":"product_brand","embeddable":true,"href":"https:\/\/labrobot.com\/es\/wp-json\/wp\/v2\/product_brand?post=12625"},{"taxonomy":"product_cat","embeddable":true,"href":"https:\/\/labrobot.com\/es\/wp-json\/wp\/v2\/product_cat?post=12625"},{"taxonomy":"product_tag","embeddable":true,"href":"https:\/\/labrobot.com\/es\/wp-json\/wp\/v2\/product_tag?post=12625"}],"curies":[{"name":"wp","href":"https:\/\/api.w.org\/{rel}","templated":true}]}}