{"id":21521,"date":"2026-02-04T09:52:44","date_gmt":"2026-02-04T08:52:44","guid":{"rendered":"https:\/\/labrobot.com\/diluciones-decimales-faq\/"},"modified":"2026-02-20T09:33:28","modified_gmt":"2026-02-20T08:33:28","slug":"diluciones-decimales-faq","status":"publish","type":"page","link":"https:\/\/labrobot.com\/es\/diluciones-decimales-faq\/","title":{"rendered":"Diluciones decimales &#8211; FAQ"},"content":{"rendered":"\n<h1>\n\t\t\tDiluciones decimales en microbiolog\u00eda\t<\/h1>\n\t<p>Aqu\u00ed puedes encontrar preguntas y respuestas sobre las diluciones en serie y sobre c\u00f3mo el Sistema Dilucup\u00ae puede beneficiar a tu laboratorio.<\/p>\n<h2  id=\"general\">\n\t\t\tDiluciones decimales en microbiolog\u00eda\t<\/h2>\n\t\t\t\t\t<a role=\"heading\" aria-level=\"2\" tabindex=\"-1\"  id=\"fl-accordion--label-0\">\u00bfQu\u00e9 es una diluci\u00f3n seriada en microbiolog\u00eda?<\/a>\n\t\t\t\t\t\t\t\t\t\t\t<button type=\"button\" id=\"fl-accordion--icon-0\" aria-expanded=\"false\" aria-controls=\"fl-accordion--panel-0\"><i>Expand<\/i><\/button>\n\t\t\t\t\t<p>La diluci\u00f3n en serie en microbiolog\u00eda es la diluci\u00f3n escalonada de una muestra microbiana (normalmente con un factor constante como 1:10) para reducir progresivamente la concentraci\u00f3n de microorganismos, de modo que puedan sembrarse en placa y contarse (UFC) dentro de un intervalo medible y fiable.<\/p>\n<p><strong>C\u00f3mo puede beneficiarte el Sistema Dilucup\u00ae:<\/strong><\/p>\n<p>El Sistema Dilucup\u00ae sustituye los tubos de diluci\u00f3n tradicionales y los v\u00f3rtex por copas de diluci\u00f3n est\u00e9riles, listas para usar y un agitador espec\u00edfico. Esto optimiza el flujo de trabajo, reduce los errores de manipulaci\u00f3n y la contaminaci\u00f3n cruzada, y garantiza diluciones decimales coherentes y estandarizadas entre distintos usuarios y laboratorios.<\/p>\n\t\t\t\t\t<a role=\"heading\" aria-level=\"2\" tabindex=\"-1\"  id=\"fl-accordion--label-1\">\u00bfQu\u00e9 son las diluciones decimales?<\/a>\n\t\t\t\t\t\t\t\t\t\t\t<button type=\"button\" id=\"fl-accordion--icon-1\" aria-expanded=\"false\" aria-controls=\"fl-accordion--panel-1\"><i>Expand<\/i><\/button>\n\t\t\t\t\t<p>Las diluciones decimales son diluciones seriadas de 10 veces (1:10), expresadas como 10\u207b\u00b9, 10\u207b\u00b2, 10\u207b\u00b3, etc., com\u00fanmente utilizadas en microbiolog\u00eda para alcanzar concentraciones microbianas manejables.<\/p>\n<p><strong>C\u00f3mo puede beneficiarse del Sistema Dilucup\u00ae:<\/strong><\/p>\n<p>El Sistema Dilucup\u00ae est\u00e1 dise\u00f1ado espec\u00edficamente para flujos de trabajo de diluci\u00f3n decimal.<\/p>\n<p>Cada Dilucup\u00ae contiene 9 mL de diluyente est\u00e9ril listo para usar. Cada vez que se a\u00f1ade 1 mL a un Dilucup\u00ae, se realiza una diluci\u00f3n decimal de 1:10.<\/p>\n<p>Para realizar diluciones seriadas, simplemente pipetee 1 mL de un Dilucup\u00ae a otro hasta alcanzar la concentraci\u00f3n deseada.<\/p>\n<p>Perfecto para agilizar las pruebas microbiol\u00f3gicas de rutina.<\/p>\n\t\t\t\t\t<a role=\"heading\" aria-level=\"2\" tabindex=\"-1\"  id=\"fl-accordion--label-2\">\u00bfCu\u00e1ndo utilizar diluciones seriadas?<\/a>\n\t\t\t\t\t\t\t\t\t\t\t<button type=\"button\" id=\"fl-accordion--icon-2\" aria-expanded=\"false\" aria-controls=\"fl-accordion--panel-2\"><i>Expand<\/i><\/button>\n\t\t\t\t\t<p>Las diluciones seriadas se utilizan cuando la muestra original est\u00e1 demasiado concentrada para obtener resultados significativos y contables.<\/p>\n<p>En microbiolog\u00eda, las diluciones seriadas son \u00fatiles cuando el cultivo es tan denso que, al sembrarlo directamente, se obtendr\u00edan demasiadas colonias. Los recuentos deben tener un rango legible, t\u00edpicamente de 30 a 300 colonias; por lo tanto, la muestra debe diluirse para alcanzar este rango.<\/p>\n<p><strong>C\u00f3mo puede beneficiarse del Sistema Dilucup\u00ae:<\/strong><\/p>\n<p>El Sistema Dilucup\u00ae permite realizar diluciones decimales de forma f\u00e1cil y r\u00e1pida.<\/p>\n<p>Puede realizar entre 1 y 12 diluciones por muestra con el Dilugent\u00ae Shaker o el Dilushaker III.<\/p>\n\t\t\t\t\t<a role=\"heading\" aria-level=\"2\" tabindex=\"-1\"  id=\"fl-accordion--label-3\">\u00bfC\u00f3mo realizar diluciones seriadas?<\/a>\n\t\t\t\t\t\t\t\t\t\t\t<button type=\"button\" id=\"fl-accordion--icon-3\" aria-expanded=\"false\" aria-controls=\"fl-accordion--panel-3\"><i>Expand<\/i><\/button>\n\t\t\t\t\t<ol>\n<li>Transfiera un volumen conocido de su muestra (por ejemplo, 1 mL) a un volumen conocido de diluyente (9 mL).<\/li>\n<li>Mezcle bien.<\/li>\n<li>Luego, transfiera 1 mL de esa diluci\u00f3n a un nuevo recipiente de diluyente.<\/li>\n<li>Repita el proceso hasta alcanzar el nivel de diluci\u00f3n deseado.<\/li>\n<\/ol>\n<p><strong>C\u00f3mo puede beneficiarse del Sistema Dilucup\u00ae:<\/strong><\/p>\n<p>Realizar diluciones seriadas con el sistema Dilucup\u00ae es muy sencillo. Los Dilucups son copas listas para usar que contienen 9 mL de diluyente est\u00e9ril.<\/p>\n<p>Simplemente coloque los Dilucups en el agitador, \u00e1bralos y comience a diluir su muestra.<\/p>\n<p>La agitaci\u00f3n se activa al pasar la mano sobre el sensor o al presionar el pedal.<\/p>\n<p>El sistema Dilucup\u00ae es m\u00e1s r\u00e1pido, m\u00e1s reproducible, m\u00e1s f\u00e1cil de usar y mucho m\u00e1s ergon\u00f3mico que los tubos de diluci\u00f3n y el agitador v\u00f3rtex.<\/p>\n<p><img loading=\"lazy\" decoding=\"async\" src=\"https:\/\/labrobot.com\/wp-content\/uploads\/2026\/02\/serial-dilution-dilucup-elegance-300x154.jpg\" alt=\"serial dilution dilucup elegance replaces dilution tubes and vortex mixer\" width=\"629\" height=\"323\" \/><\/p>\n\t\t\t\t\t<a role=\"heading\" aria-level=\"2\" tabindex=\"-1\"  id=\"fl-accordion--label-4\">\u00bfQu\u00e9 equipo se utiliza para las diluciones seriadas?<\/a>\n\t\t\t\t\t\t\t\t\t\t\t<button type=\"button\" id=\"fl-accordion--icon-4\" aria-expanded=\"false\" aria-controls=\"fl-accordion--panel-4\"><i>Expand<\/i><\/button>\n\t\t\t\t\t<p>Normalmente: pipetas y puntas est\u00e9riles, tubos de diluci\u00f3n con diluyente est\u00e9ril, mezclador v\u00f3rtex, placas de Petri o Petrifilms e incubadoras.<\/p>\n<p>Si es necesario preparar diluyentes en el laboratorio, se requieren muchos m\u00e1s instrumentos y materiales, como productos qu\u00edmicos, b\u00e1sculas, un autoclave, cepas bacterianas para el control de calidad, etc.<\/p>\n<p>Dilucup\u00ae sustituye los tubos por una bandeja de copas de diluyente listos para usar, lo que reduce la necesidad de m\u00faltiples materiales, instrumentos y pasos de configuraci\u00f3n, simplificando as\u00ed el inventario y la preparaci\u00f3n.<\/p>\n<p>Con el Sistema Dilucup\u00ae, solo necesita un Dilugent\u00ae Shaker o Dilushaker III, Dilucups, pipetas y puntas, placas de Petri y una incubadora para realizar diluciones seriadas y contar los microorganismos.<\/p>\n<p><img loading=\"lazy\" decoding=\"async\" src=\"https:\/\/labrobot.com\/wp-content\/uploads\/2026\/02\/Dilution-tubes-preparation-vs-Dilucup-System-300x111.png\" alt=\" Dilution tubes preparation vs Dilucup System\" width=\"716\" height=\"265\" \/><\/p>\n\t\t\t\t\t<a role=\"heading\" aria-level=\"2\" tabindex=\"-1\"  id=\"fl-accordion--label-5\">\u00bfCu\u00e1les son los errores comunes en la diluci\u00f3n en serie?<\/a>\n\t\t\t\t\t\t\t\t\t\t\t<button type=\"button\" id=\"fl-accordion--icon-5\" aria-expanded=\"false\" aria-controls=\"fl-accordion--panel-5\"><i>Expand<\/i><\/button>\n\t\t\t\t\t<p>Los errores t\u00edpicos incluyen vol\u00famenes de diluyente incorrectos, la omisi\u00f3n o el etiquetado incorrecto de tubos, la mezcla deficiente de la soluci\u00f3n, la toma incorrecta del volumen con la pipeta, la reutilizaci\u00f3n de puntas de pipeta, el uso de diluyentes contaminados y el c\u00e1lculo err\u00f3neo de los factores de diluci\u00f3n.<\/p>\n<p><strong>C\u00f3mo puede beneficiarse del Sistema Dilucup\u00ae:<\/strong><\/p>\n<p>Dilucup\u00ae ofrece numerosos beneficios que contribuyen a minimizar los errores en las diluciones seriadas.<\/p>\n<ul>\n<li>Los vol\u00famenes de diluyente en Dilucup\u00ae son altamente precisos, con una desviaci\u00f3n t\u00edpica inferior al 0,5% de 9 ml.<\/li>\n<li>El dise\u00f1o de bl\u00edster copa por copa y las luces LED indican qu\u00e9 copa se est\u00e1 procesando, lo que minimiza la posibilidad de confusi\u00f3n.<\/li>\n<li>La agitaci\u00f3n vorticial del Dilugent\u00ae Shaker o Dilushaker III garantiza una mezcla completa de la diluci\u00f3n.<\/li>\n<li>Las copas Dilucup\u00ae son est\u00e9riles y solo deben abrirse inmediatamente antes de su uso, lo que minimiza el riesgo de contaminaci\u00f3n cruzada.<\/li>\n<li>Por \u00faltimo, pero importante, las diluciones realizadas con Dilucup\u00ae son decimales (1:10), lo que hace que los c\u00e1lculos sean muy sencillos.<\/li>\n<\/ul>\n\t\t\t\t\t<a role=\"heading\" aria-level=\"2\" tabindex=\"-1\"  id=\"fl-accordion--label-6\">\u00bfC\u00f3mo se mantiene la precisi\u00f3n en la diluci\u00f3n en serie?<\/a>\n\t\t\t\t\t\t\t\t\t\t\t<button type=\"button\" id=\"fl-accordion--icon-6\" aria-expanded=\"false\" aria-controls=\"fl-accordion--panel-6\"><i>Expand<\/i><\/button>\n\t\t\t\t\t<p>Es fundamental contar con vol\u00famenes de diluyente muy precisos. De lo contrario, el error en cada diluci\u00f3n se acumular\u00e1 y dar\u00e1 un resultado final incorrecto.<\/p>\n<p>Utilice pipetas calibradas, una mezcla adecuada, puntas est\u00e9riles para cada transferencia, un etiquetado claro y una t\u00e9cnica consistente.<\/p>\n<p><strong>C\u00f3mo puede beneficiarse del Sistema Dilucup\u00ae:<\/strong><\/p>\n<p>Dilucup\u00ae ofrece vol\u00famenes de diluyente altamente precisos, con una desviaci\u00f3n est\u00e1ndar t\u00edpicamente inferior al 0,5% de 9 mL, lo que garantiza recuentos microbiol\u00f3gicos fiables.<\/p>\n<p>La agitaci\u00f3n uniforme y consistente, junto con un m\u00e9todo estandarizado, mejora la repetibilidad entre usuarios y laboratorios.<\/p>\n\t\t\t\t\t<a role=\"heading\" aria-level=\"2\" tabindex=\"-1\"  id=\"fl-accordion--label-7\">\u00bfSe pueden automatizar las diluciones seriadas?<\/a>\n\t\t\t\t\t\t\t\t\t\t\t<button type=\"button\" id=\"fl-accordion--icon-7\" aria-expanded=\"false\" aria-controls=\"fl-accordion--panel-7\"><i>Expand<\/i><\/button>\n\t\t\t\t\t<p>Parcialmente s\u00ed.<\/p>\n<p>Las diluciones seriadas con el Sistema Dilucup\u00ae son semiautomatizadas y estandarizadas: sus vasos de diluci\u00f3n precargados y su flujo de trabajo ergon\u00f3mico ofrecen numerosas ventajas de automatizaci\u00f3n (velocidad, reproducibilidad y reducci\u00f3n de errores manuales).<\/p>\n<h2  id=\"wholesale\">\n\t\t\tC\u00e1lculos\t<\/h2>\n\t\t\t\t\t<a role=\"heading\" aria-level=\"2\" tabindex=\"-1\"  id=\"fl-accordion--label-0\">\u00bfC\u00f3mo realizar una diluci\u00f3n seriada de 1 en 10?<\/a>\n\t\t\t\t\t\t\t\t\t\t\t<button type=\"button\" id=\"fl-accordion--icon-0\" aria-expanded=\"false\" aria-controls=\"fl-accordion--panel-0\"><i>Expand<\/i><\/button>\n\t\t\t\t\t<p>Mezcle 1 parte de muestra con 9 partes de diluyente (p. ej., 1mL de muestra + 9mL de diluyente) para obtener una diluci\u00f3n de 10\u207b\u00b9 (1:10).<\/p>\n<p><strong>Beneficios del Sistema Dilucup\u00ae:<\/strong><\/p>\n<p>Dilucup\u00ae suele contener 9 mL de diluyente, por lo que al a\u00f1adir 1 mL de la muestra a analizar, se obtiene autom\u00e1ticamente una diluci\u00f3n de 1:10.<\/p>\n<p>F\u00e1cil y sin procedimientos complicados.<\/p>\n\t\t\t\t\t<a role=\"heading\" aria-level=\"2\" tabindex=\"-1\"  id=\"fl-accordion--label-1\">\u00bfC\u00f3mo hacer una diluci\u00f3n de 1 en 10.000?<\/a>\n\t\t\t\t\t\t\t\t\t\t\t<button type=\"button\" id=\"fl-accordion--icon-1\" aria-expanded=\"false\" aria-controls=\"fl-accordion--panel-1\"><i>Expand<\/i><\/button>\n\t\t\t\t\t<p>Realice 4 diluciones consecutivas 1:10 con Dilucup\u00ae (10\u207b\u00b9 \u2192 10\u207b\u00b2 \u2192 10\u207b\u00b3 \u2192 10\u207b\u2074).<\/p>\n<p>Solo necesita 4 Dilucups y un agitador.<\/p>\n<p>Las diluciones son f\u00e1ciles de realizar con un equipo m\u00ednimo, y la concentraci\u00f3n inicial de microorganismos es f\u00e1cil de calcular.<\/p>\n\t\t\t\t\t<a role=\"heading\" aria-level=\"2\" tabindex=\"-1\"  id=\"fl-accordion--label-2\">\u00bfC\u00f3mo calcular UFC\/mL a partir de diluciones seriadas?<\/a>\n\t\t\t\t\t\t\t\t\t\t\t<button type=\"button\" id=\"fl-accordion--icon-2\" aria-expanded=\"false\" aria-controls=\"fl-accordion--panel-2\"><i>Expand<\/i><\/button>\n\t\t\t\t\t<p>UFC\/mL = (N\u00famero de colonias en la placa) \u00f7 (volumen de la placa en mL \u00d7 factor de diluci\u00f3n).<\/p>\n<p>Ejemplo: 150 colonias de 1 mL de una diluci\u00f3n de 10\u207b\u2074 \u2192 150 \u00f7 \u200b\u200b(1 \u00d7 10\u207b\u2074) = 1,5 \u00d7 10<sup>6<\/sup> UFC\/mL.<\/p>\n<p><strong>C\u00f3mo calcular las UFC\/mL con el Sistema Dilucup\u00ae:<\/strong><\/p>\n<p>Dado que Dilucup\u00ae contiene 9 mL, proporciona diluciones decimales de 1:10. Para calcular el n\u00famero de colonias en la muestra inicial, simplemente multiplique por 10 cada diluci\u00f3n, que equivale a dividir entre 1\/10.<\/p>\n<p>Por ejemplo, si obtuviste 70 UFC\/mL del Dilucup\u00ae n\u00famero 5 (diluci\u00f3n 10<sup>-5<\/sup>), debes multiplicar 70 UFC\/mL \u00b7 10 \u00b7 10 \u00b7 10 \u00b7 10 \u00b7 10 = 7 \u00b7 \u00a010<sup>6<\/sup> UFC\/mL de muestra original.<\/p>\n\t\t\t\t\t<a role=\"heading\" aria-level=\"2\" tabindex=\"-1\"  id=\"fl-accordion--label-3\">\u00bfC\u00f3mo calcular el recuento total de bacterias de una muestra?<\/a>\n\t\t\t\t\t\t\t\t\t\t\t<button type=\"button\" id=\"fl-accordion--icon-3\" aria-expanded=\"false\" aria-controls=\"fl-accordion--panel-3\"><i>Expand<\/i><\/button>\n\t\t\t\t\t<p>Diluya en serie su muestra y siembre 1 mL de los Dilucup que considere que contienen un rango adecuado de microorganismos para la lectura. Incube las placas durante el tiempo necesario y cuente las colonias.<\/p>\n<p>Elija placas con 30-300 colonias y calcule:<\/p>\n<p>Recuento total (UFC\/ml o UFC\/g) = colonias \u00f7 (volumen de la placa \u00d7 factor de diluci\u00f3n)<\/p>\n<p><strong>Beneficios del Sistema Dilucup\u00ae:<\/strong><br \/>Las diluciones realizadas con Dilucup\u00ae son siempre de 1:10, por lo que es muy f\u00e1cil calcular la concentraci\u00f3n de microorganismos en la muestra inicial.<\/p>\n<p>Como el volumen de la placa es de 1 mL, solo necesita dividir el n\u00famero de UFC en la placa entre el factor de diluci\u00f3n.<\/p>\n<p>Por ejemplo, si 1 mL dentro del Dilucup\u00ae n\u00famero 5 conten\u00eda 83 UFC, la concentraci\u00f3n de microorganismos en la muestra es:<\/p>\n<p><strong>Si la muestra original era l\u00edquida<\/strong> y se diluy\u00f3 directamente con Dilucup\u00ae:<\/p>\n<p>83 UFC \u00f7 10\u207b\u00b9 = 83 UFC x 10\u207b\u00b9 = 8,3 x 10\u207b\u00b9 UFC\/ml de la muestra original<\/p>\n<p><strong>Si la muestra original era s\u00f3lida<\/strong> y se realiz\u00f3 una diluci\u00f3n previa (10\u207b\u00b9) en una bolsa Stomacher:<\/p>\n<p>83 UFC \u00f7 10\u207b\u00b9 = 83 UFC x 10\u207b\u00b9 = 8,3 x 10\u207b\u00b9 UFC\/ml de la muestra original<\/p>\n<h3>\n\t\t\t\u00bfTienes alguna otra pregunta? \u00a1Cont\u00e1ctanos!\t<\/h3>\n\t<p>Cont\u00e1ctanos si quieres saber m\u00e1s o si quieres probar una demostraci\u00f3n gratuita del Sistema Dilucup\u00ae.<\/p>\n<figure itemscope itemtype=\"https:\/\/schema.org\/ImageObject\">\n\t\t\t\t<img decoding=\"async\" src=\"https:\/\/labrobot.com\/wp-content\/plugins\/bb-plugin\/img\/pixel.png\" alt=\"\" onerror=\"this.style.display='none'\" loading=\"lazy\" \/>\n\t<\/figure>\n\n","protected":false},"excerpt":{"rendered":"<p>Diluciones decimales en microbiolog\u00eda Aqu\u00ed puedes encontrar preguntas y respuestas sobre las diluciones en serie y sobre c\u00f3mo el Sistema Dilucup\u00ae puede beneficiar a tu laboratorio. Diluciones decimales en microbiolog\u00eda \u00bfQu\u00e9 es una diluci\u00f3n seriada en microbiolog\u00eda? Expand La diluci\u00f3n en serie en microbiolog\u00eda es la diluci\u00f3n escalonada de una muestra microbiana (normalmente con un &#8230; <a title=\"Diluciones decimales &#8211; FAQ\" class=\"read-more\" href=\"https:\/\/labrobot.com\/es\/diluciones-decimales-faq\/\" aria-label=\"Leer m\u00e1s sobre Diluciones decimales &#8211; FAQ\">Read more<\/a><\/p>\n","protected":false},"author":243,"featured_media":0,"parent":0,"menu_order":0,"comment_status":"closed","ping_status":"closed","template":"","meta":{"_acf_changed":false,"generate_page_header":"","footnotes":""},"class_list":["post-21521","page","type-page","status-publish"],"acf":[],"yoast_head":"<!-- This site is optimized with the Yoast SEO Premium plugin v27.3 (Yoast SEO v27.3) - https:\/\/yoast.com\/product\/yoast-seo-premium-wordpress\/ -->\n<title>Diluciones decimales - FAQ - LabRobot<\/title>\n<meta name=\"robots\" content=\"index, follow, max-snippet:-1, max-image-preview:large, max-video-preview:-1\" \/>\n<link rel=\"canonical\" href=\"https:\/\/labrobot.com\/es\/diluciones-decimales-faq\/\" \/>\n<meta property=\"og:locale\" content=\"es_ES\" \/>\n<meta property=\"og:type\" content=\"article\" \/>\n<meta property=\"og:title\" content=\"Diluciones decimales - FAQ\" \/>\n<meta property=\"og:description\" content=\"Diluciones decimales en microbiolog\u00eda Aqu\u00ed puedes encontrar preguntas y respuestas sobre las diluciones en serie y sobre c\u00f3mo el Sistema Dilucup\u00ae puede beneficiar a tu laboratorio. Diluciones decimales en microbiolog\u00eda \u00bfQu\u00e9 es una diluci\u00f3n seriada en microbiolog\u00eda? Expand La diluci\u00f3n en serie en microbiolog\u00eda es la diluci\u00f3n escalonada de una muestra microbiana (normalmente con un ... Read more\" \/>\n<meta property=\"og:url\" content=\"https:\/\/labrobot.com\/es\/diluciones-decimales-faq\/\" \/>\n<meta property=\"og:site_name\" content=\"LabRobot\" \/>\n<meta property=\"article:publisher\" content=\"https:\/\/www.facebook.com\/labrobotproductsab\" \/>\n<meta property=\"article:modified_time\" content=\"2026-02-20T08:33:28+00:00\" \/>\n<meta property=\"og:image\" content=\"https:\/\/labrobot.com\/wp-content\/uploads\/2026\/02\/serial-dilution-dilucup-elegance-300x154.jpg\" \/>\n<meta name=\"twitter:card\" content=\"summary_large_image\" \/>\n<meta name=\"twitter:label1\" content=\"Tiempo de lectura\" \/>\n\t<meta name=\"twitter:data1\" content=\"7 minutos\" \/>\n<script type=\"application\/ld+json\" class=\"yoast-schema-graph\">{\"@context\":\"https:\\\/\\\/schema.org\",\"@graph\":[{\"@type\":\"WebPage\",\"@id\":\"https:\\\/\\\/labrobot.com\\\/es\\\/diluciones-decimales-faq\\\/\",\"url\":\"https:\\\/\\\/labrobot.com\\\/es\\\/diluciones-decimales-faq\\\/\",\"name\":\"Diluciones decimales - FAQ - LabRobot\",\"isPartOf\":{\"@id\":\"https:\\\/\\\/labrobot.com\\\/#website\"},\"primaryImageOfPage\":{\"@id\":\"https:\\\/\\\/labrobot.com\\\/es\\\/diluciones-decimales-faq\\\/#primaryimage\"},\"image\":{\"@id\":\"https:\\\/\\\/labrobot.com\\\/es\\\/diluciones-decimales-faq\\\/#primaryimage\"},\"thumbnailUrl\":\"https:\\\/\\\/labrobot.com\\\/wp-content\\\/uploads\\\/2026\\\/02\\\/serial-dilution-dilucup-elegance-300x154.jpg\",\"datePublished\":\"2026-02-04T08:52:44+00:00\",\"dateModified\":\"2026-02-20T08:33:28+00:00\",\"breadcrumb\":{\"@id\":\"https:\\\/\\\/labrobot.com\\\/es\\\/diluciones-decimales-faq\\\/#breadcrumb\"},\"inLanguage\":\"es\",\"potentialAction\":[{\"@type\":\"ReadAction\",\"target\":[\"https:\\\/\\\/labrobot.com\\\/es\\\/diluciones-decimales-faq\\\/\"]}]},{\"@type\":\"ImageObject\",\"inLanguage\":\"es\",\"@id\":\"https:\\\/\\\/labrobot.com\\\/es\\\/diluciones-decimales-faq\\\/#primaryimage\",\"url\":\"https:\\\/\\\/labrobot.com\\\/wp-content\\\/uploads\\\/2026\\\/02\\\/serial-dilution-dilucup-elegance-300x154.jpg\",\"contentUrl\":\"https:\\\/\\\/labrobot.com\\\/wp-content\\\/uploads\\\/2026\\\/02\\\/serial-dilution-dilucup-elegance-300x154.jpg\"},{\"@type\":\"BreadcrumbList\",\"@id\":\"https:\\\/\\\/labrobot.com\\\/es\\\/diluciones-decimales-faq\\\/#breadcrumb\",\"itemListElement\":[{\"@type\":\"ListItem\",\"position\":1,\"name\":\"Home\",\"item\":\"https:\\\/\\\/labrobot.com\\\/es\\\/\"},{\"@type\":\"ListItem\",\"position\":2,\"name\":\"Diluciones decimales &#8211; FAQ\"}]},{\"@type\":\"WebSite\",\"@id\":\"https:\\\/\\\/labrobot.com\\\/#website\",\"url\":\"https:\\\/\\\/labrobot.com\\\/\",\"name\":\"LabRobot\",\"description\":\"Easy quick ergonomic serial dilution method\",\"publisher\":{\"@id\":\"https:\\\/\\\/labrobot.com\\\/#organization\"},\"potentialAction\":[{\"@type\":\"SearchAction\",\"target\":{\"@type\":\"EntryPoint\",\"urlTemplate\":\"https:\\\/\\\/labrobot.com\\\/?s={search_term_string}\"},\"query-input\":{\"@type\":\"PropertyValueSpecification\",\"valueRequired\":true,\"valueName\":\"search_term_string\"}}],\"inLanguage\":\"es\"},{\"@type\":\"Organization\",\"@id\":\"https:\\\/\\\/labrobot.com\\\/#organization\",\"name\":\"LabRobot Products AB\",\"url\":\"https:\\\/\\\/labrobot.com\\\/\",\"logo\":{\"@type\":\"ImageObject\",\"inLanguage\":\"es\",\"@id\":\"https:\\\/\\\/labrobot.com\\\/#\\\/schema\\\/logo\\\/image\\\/\",\"url\":\"https:\\\/\\\/labrobot.com\\\/wp-content\\\/uploads\\\/2018\\\/12\\\/LabRobot_LOGO_signatur.jpg\",\"contentUrl\":\"https:\\\/\\\/labrobot.com\\\/wp-content\\\/uploads\\\/2018\\\/12\\\/LabRobot_LOGO_signatur.jpg\",\"width\":200,\"height\":54,\"caption\":\"LabRobot Products AB\"},\"image\":{\"@id\":\"https:\\\/\\\/labrobot.com\\\/#\\\/schema\\\/logo\\\/image\\\/\"},\"sameAs\":[\"https:\\\/\\\/www.facebook.com\\\/labrobotproductsab\",\"https:\\\/\\\/www.linkedin.com\\\/company\\\/labrobot-products-ab\\\/\",\"https:\\\/\\\/www.youtube.com\\\/channel\\\/UCHGyF_OHfxI1No9ahbU-agQ\"]}]}<\/script>\n<!-- \/ Yoast SEO Premium plugin. -->","yoast_head_json":{"title":"Diluciones decimales - FAQ - LabRobot","robots":{"index":"index","follow":"follow","max-snippet":"max-snippet:-1","max-image-preview":"max-image-preview:large","max-video-preview":"max-video-preview:-1"},"canonical":"https:\/\/labrobot.com\/es\/diluciones-decimales-faq\/","og_locale":"es_ES","og_type":"article","og_title":"Diluciones decimales - FAQ","og_description":"Diluciones decimales en microbiolog\u00eda Aqu\u00ed puedes encontrar preguntas y respuestas sobre las diluciones en serie y sobre c\u00f3mo el Sistema Dilucup\u00ae puede beneficiar a tu laboratorio. Diluciones decimales en microbiolog\u00eda \u00bfQu\u00e9 es una diluci\u00f3n seriada en microbiolog\u00eda? Expand La diluci\u00f3n en serie en microbiolog\u00eda es la diluci\u00f3n escalonada de una muestra microbiana (normalmente con un ... Read more","og_url":"https:\/\/labrobot.com\/es\/diluciones-decimales-faq\/","og_site_name":"LabRobot","article_publisher":"https:\/\/www.facebook.com\/labrobotproductsab","article_modified_time":"2026-02-20T08:33:28+00:00","og_image":[{"url":"https:\/\/labrobot.com\/wp-content\/uploads\/2026\/02\/serial-dilution-dilucup-elegance-300x154.jpg","type":"","width":"","height":""}],"twitter_card":"summary_large_image","twitter_misc":{"Tiempo de lectura":"7 minutos"},"schema":{"@context":"https:\/\/schema.org","@graph":[{"@type":"WebPage","@id":"https:\/\/labrobot.com\/es\/diluciones-decimales-faq\/","url":"https:\/\/labrobot.com\/es\/diluciones-decimales-faq\/","name":"Diluciones decimales - FAQ - LabRobot","isPartOf":{"@id":"https:\/\/labrobot.com\/#website"},"primaryImageOfPage":{"@id":"https:\/\/labrobot.com\/es\/diluciones-decimales-faq\/#primaryimage"},"image":{"@id":"https:\/\/labrobot.com\/es\/diluciones-decimales-faq\/#primaryimage"},"thumbnailUrl":"https:\/\/labrobot.com\/wp-content\/uploads\/2026\/02\/serial-dilution-dilucup-elegance-300x154.jpg","datePublished":"2026-02-04T08:52:44+00:00","dateModified":"2026-02-20T08:33:28+00:00","breadcrumb":{"@id":"https:\/\/labrobot.com\/es\/diluciones-decimales-faq\/#breadcrumb"},"inLanguage":"es","potentialAction":[{"@type":"ReadAction","target":["https:\/\/labrobot.com\/es\/diluciones-decimales-faq\/"]}]},{"@type":"ImageObject","inLanguage":"es","@id":"https:\/\/labrobot.com\/es\/diluciones-decimales-faq\/#primaryimage","url":"https:\/\/labrobot.com\/wp-content\/uploads\/2026\/02\/serial-dilution-dilucup-elegance-300x154.jpg","contentUrl":"https:\/\/labrobot.com\/wp-content\/uploads\/2026\/02\/serial-dilution-dilucup-elegance-300x154.jpg"},{"@type":"BreadcrumbList","@id":"https:\/\/labrobot.com\/es\/diluciones-decimales-faq\/#breadcrumb","itemListElement":[{"@type":"ListItem","position":1,"name":"Home","item":"https:\/\/labrobot.com\/es\/"},{"@type":"ListItem","position":2,"name":"Diluciones decimales &#8211; FAQ"}]},{"@type":"WebSite","@id":"https:\/\/labrobot.com\/#website","url":"https:\/\/labrobot.com\/","name":"LabRobot","description":"Easy quick ergonomic serial dilution method","publisher":{"@id":"https:\/\/labrobot.com\/#organization"},"potentialAction":[{"@type":"SearchAction","target":{"@type":"EntryPoint","urlTemplate":"https:\/\/labrobot.com\/?s={search_term_string}"},"query-input":{"@type":"PropertyValueSpecification","valueRequired":true,"valueName":"search_term_string"}}],"inLanguage":"es"},{"@type":"Organization","@id":"https:\/\/labrobot.com\/#organization","name":"LabRobot Products AB","url":"https:\/\/labrobot.com\/","logo":{"@type":"ImageObject","inLanguage":"es","@id":"https:\/\/labrobot.com\/#\/schema\/logo\/image\/","url":"https:\/\/labrobot.com\/wp-content\/uploads\/2018\/12\/LabRobot_LOGO_signatur.jpg","contentUrl":"https:\/\/labrobot.com\/wp-content\/uploads\/2018\/12\/LabRobot_LOGO_signatur.jpg","width":200,"height":54,"caption":"LabRobot Products AB"},"image":{"@id":"https:\/\/labrobot.com\/#\/schema\/logo\/image\/"},"sameAs":["https:\/\/www.facebook.com\/labrobotproductsab","https:\/\/www.linkedin.com\/company\/labrobot-products-ab\/","https:\/\/www.youtube.com\/channel\/UCHGyF_OHfxI1No9ahbU-agQ"]}]}},"_links":{"self":[{"href":"https:\/\/labrobot.com\/es\/wp-json\/wp\/v2\/pages\/21521","targetHints":{"allow":["GET"]}}],"collection":[{"href":"https:\/\/labrobot.com\/es\/wp-json\/wp\/v2\/pages"}],"about":[{"href":"https:\/\/labrobot.com\/es\/wp-json\/wp\/v2\/types\/page"}],"author":[{"embeddable":true,"href":"https:\/\/labrobot.com\/es\/wp-json\/wp\/v2\/users\/243"}],"replies":[{"embeddable":true,"href":"https:\/\/labrobot.com\/es\/wp-json\/wp\/v2\/comments?post=21521"}],"version-history":[{"count":4,"href":"https:\/\/labrobot.com\/es\/wp-json\/wp\/v2\/pages\/21521\/revisions"}],"predecessor-version":[{"id":21538,"href":"https:\/\/labrobot.com\/es\/wp-json\/wp\/v2\/pages\/21521\/revisions\/21538"}],"wp:attachment":[{"href":"https:\/\/labrobot.com\/es\/wp-json\/wp\/v2\/media?parent=21521"}],"curies":[{"name":"wp","href":"https:\/\/api.w.org\/{rel}","templated":true}]}}