{"id":17509,"date":"2024-05-16T14:21:36","date_gmt":"2024-05-16T13:21:36","guid":{"rendered":"https:\/\/labrobot.com\/sostenibilidad\/"},"modified":"2024-06-04T08:43:46","modified_gmt":"2024-06-04T07:43:46","slug":"sostenibilidad","status":"publish","type":"page","link":"https:\/\/labrobot.com\/es\/sostenibilidad\/","title":{"rendered":"Sostenibilidad"},"content":{"rendered":"\n\n\t<h1>Sostenibilidad<\/h1>\n\t<h2><em><strong>Desarrollando un sistema de diluci\u00f3n sostenible<br \/>\npara hoy y ma\u00f1ana<\/strong><\/em><\/h2>\n\tEsa es nuestra visi\u00f3n.<br \/>\nDesarrollamos un m\u00e9todo de diluci\u00f3n en serie sostenible en el tiempo teniendo en cuenta el medio ambiente.\nLabRobot Products AB es parte de <a href=\"https:\/\/www.add.life\/sustainability\">AddLife<\/a> y tenemos los mismos valores en cuanto a sostenibilidad.<br \/>\nHay tres \u00e1reas de impacto donde trabajamos continuamente para seguir creciendo como negocio<br \/>\nteniendo en cuenta la sociedad y el medio ambiente.\n<h3>\n\t\tM\u00e9todo de diluci\u00f3n sostenible\n\t<\/h3>\n\t<p>El sistema Dilucup\u00ae est\u00e1 dise\u00f1ado para un uso a largo plazo y construimos relaciones duraderas y duraderas con nuestros clientes.<\/p>\n<h3>\n\t\tCultura sostenible\n\t<\/h3>\n\t<p>El compromiso y bienestar de nuestros empleados es una prioridad. Los objetivos en esta \u00e1rea est\u00e1n relacionados con la satisfacci\u00f3n, diversidad, inclusi\u00f3n y formaci\u00f3n de los empleados.<\/p>\n<h3>\n\t\tCrecimiento sostenible\n\t<\/h3>\n\t<p>Trabajamos para impulsar nuevas iniciativas que beneficien tanto al planeta como a nuestro crecimiento.<\/p>\n<h3>\n\t\tObjetivos de la Agenda 2030\n\t<\/h3>\n\t<p>Queremos asumir nuestra responsabilidad ante los desaf\u00edos globales de sostenibilidad a los que nos ha expuesto la Agenda 2030.<\/p>\n<p>Los objetivos de sostenibilidad de LabRobot son a largo plazo y planeamos realizar cambios en las siguientes \u00e1reas dentro de 5 a\u00f1os:<\/p>\n<h4>\n\t\tEducaci\u00f3n de calidad (Objetivo 4)\n\t<\/h4>\n\t-Valoramos a nuestro personal y queremos promover el aprendizaje permanente.<br \/>\n-La mitad de los empleados de LabRobot deber\u00e1n asistir a alg\u00fan tipo de formaci\u00f3n en 2024.\n<h4>\n\t\tAlianzas para los objetivos (Objetivo 17)\n\t<\/h4>\n\t-Queremos cooperar con proveedores que compartan nuestros valores.<br \/>\n-Nuestros proveedores m\u00e1s importantes deber\u00e1n firmar el C\u00f3digo de Conducta de AddLife en 2024.\n<h4>\n\t\tIndustria, innovaci\u00f3n e infraestructura (Objetivo 9)\n\t<\/h4>\n\t<p>-Trabajamos continuamente en soluciones innovadoras que cambiar\u00e1n la forma en que se produce Dilucup\u00ae para reducir su impacto ambiental.<\/p>\n<h4>\n\t\tAcci\u00f3n clim\u00e1tica (Objetivo 13)\n\t<\/h4>\n\t<p>-Queremos mejorar la producci\u00f3n de nuestros productos para que se reduzca el porcentaje de residuos y transporte.<\/p>\n<h5>\n\t\tNos preocupamos por el medio ambiente\n\t<\/h5>\n\t\t\t\t\tM\u00ednimo pl\u00e1stico reciclado en Dilucup\u00ae\n\t\t\t\t\t30%\t\t\t\n\t\t\t\t\tReutilizaci\u00f3n del agua de refrigeraci\u00f3n en producci\u00f3n\n\t\t\t\t\t99%\t\t\t\n\t\t\t\t\tProducido con electricidad libre de f\u00f3siles\n\t\t\t\t\t100%\t\t\t\n\t<p>Nuestra ambici\u00f3n es producir y entregar nuestros productos con el menor impacto posible en el medio ambiente.<\/p>\n<p>Estos son algunos <strong>ejemplos de lo que ya hacemos<\/strong> para reducir la huella clim\u00e1tica de Dilucup\u00ae.<\/p>\n<h5>\n\t\t30% pl\u00e1stico reciclado\n\t<\/h5>\n\t<p>Nos encantar\u00eda utilizar pl\u00e1stico 100% reciclado, pero esto no es posible hoy en d\u00eda porque la calidad del pl\u00e1stico no es lo suficientemente buena para mantener el est\u00e1ndar que exige Dilucup\u00ae.<\/p>\n<p>Las nuevas t\u00e9cnicas avanzan muy r\u00e1pidamente y nuestra ambici\u00f3n es utilizar la mayor cantidad de pl\u00e1stico reciclado posible.<\/p>\n<p>Hoy en d\u00eda, Dilucup\u00ae est\u00e1 fabricado con un m\u00ednimo de un 30 % de pl\u00e1stico reciclado, contribuyendo as\u00ed a una menor la huella medioambiental.<\/p>\n\t\t\t\t<img loading=\"lazy\" decoding=\"async\" src=\"https:\/\/labrobot.com\/wp-content\/uploads\/2023\/10\/plasrullar.jpg\" alt=\"plasrullar\" itemprop=\"image\" height=\"1108\" width=\"1773\" title=\"plasrullar\" onerror=\"this.style.display='none'\"  \/>\n\t\t\t\t<img loading=\"lazy\" decoding=\"async\" src=\"https:\/\/labrobot.com\/wp-content\/uploads\/2023\/10\/vattenkraft.jpg\" alt=\"vattenkraft\" itemprop=\"image\" height=\"807\" width=\"1210\" title=\"vattenkraft\" onerror=\"this.style.display='none'\"  \/>\n<h5>\n\t\tElectricidad 100% libre de f\u00f3siles\n\t<\/h5>\n\t<p>El Sistema Dilucup\u00ae se produce con energ\u00eda hidroel\u00e9ctrica libre de f\u00f3siles.<\/p>\n<h5>\n\t\tReducci\u00f3n de desperdicios\n\t<\/h5>\n\t<p>Trabajamos continuamente en la mejora de los procesos de producci\u00f3n para reducir nuestros residuos.<\/p>\n<p><em>Por ejemplo, el agua utilizada para enfriar la m\u00e1quina en producci\u00f3n se reutiliza en un circuito cerrado.<\/em><\/p>\n\t\t\t\t<img loading=\"lazy\" decoding=\"async\" src=\"https:\/\/labrobot.com\/wp-content\/uploads\/2023\/10\/waste-reduction.jpg\" alt=\"waste reduction\" itemprop=\"image\" height=\"612\" width=\"612\" title=\"waste reduction\" onerror=\"this.style.display='none'\"  \/>\n\t\t\t\t<img loading=\"lazy\" decoding=\"async\" src=\"https:\/\/labrobot.com\/wp-content\/uploads\/2023\/10\/camion-1024x512.jpg\" alt=\"camion\" itemprop=\"image\" height=\"512\" width=\"1024\" title=\"camion\" onerror=\"this.style.display='none'\"  \/>\n<h5>\n\t\tTransporte optimizado\n\t<\/h5>\n\t<p>Trabajamos en la medida de lo posible con proveedores locales y siempre intentamos optimizar los env\u00edos para minimizar su impacto medioambiental.<\/p>\n\n","protected":false},"excerpt":{"rendered":"<p>Sostenibilidad Desarrollando un sistema de diluci\u00f3n sostenible para hoy y ma\u00f1ana Esa es nuestra visi\u00f3n. Desarrollamos un m\u00e9todo de diluci\u00f3n en serie sostenible en el tiempo teniendo en cuenta el medio ambiente. LabRobot Products AB es parte de AddLife y tenemos los mismos valores en cuanto a sostenibilidad. Hay tres \u00e1reas de impacto donde trabajamos &#8230; <a title=\"Sostenibilidad\" class=\"read-more\" href=\"https:\/\/labrobot.com\/es\/sostenibilidad\/\" aria-label=\"Leer m\u00e1s sobre Sostenibilidad\">Read more<\/a><\/p>\n","protected":false},"author":243,"featured_media":0,"parent":0,"menu_order":0,"comment_status":"closed","ping_status":"closed","template":"","meta":{"_acf_changed":false,"generate_page_header":"","footnotes":""},"class_list":["post-17509","page","type-page","status-publish"],"acf":[],"yoast_head":"<!-- This site is optimized with the Yoast SEO Premium plugin v27.3 (Yoast SEO v27.3) - https:\/\/yoast.com\/product\/yoast-seo-premium-wordpress\/ -->\n<title>Diluciones sostenibles: El Compromiso de LabRobot con la Sostenibilidad<\/title>\n<meta name=\"description\" content=\"Objetivos e iniciativas para un m\u00e9todo de diluciones en serie sostenible que aborde los desaf\u00edos globales de sostenibilidad de la Agenda 2030.\" \/>\n<meta name=\"robots\" content=\"index, follow, max-snippet:-1, max-image-preview:large, max-video-preview:-1\" \/>\n<link rel=\"canonical\" href=\"https:\/\/labrobot.com\/es\/sostenibilidad\/\" \/>\n<meta property=\"og:locale\" content=\"es_ES\" \/>\n<meta property=\"og:type\" content=\"article\" \/>\n<meta property=\"og:title\" content=\"Sostenibilidad\" \/>\n<meta property=\"og:description\" content=\"Objetivos e iniciativas para un m\u00e9todo de diluciones en serie sostenible que aborde los desaf\u00edos globales de sostenibilidad de la Agenda 2030.\" \/>\n<meta property=\"og:url\" content=\"https:\/\/labrobot.com\/es\/sostenibilidad\/\" \/>\n<meta property=\"og:site_name\" content=\"LabRobot\" \/>\n<meta property=\"article:publisher\" content=\"https:\/\/www.facebook.com\/labrobotproductsab\" \/>\n<meta property=\"article:modified_time\" content=\"2024-06-04T07:43:46+00:00\" \/>\n<meta property=\"og:image\" content=\"https:\/\/labrobot.com\/wp-content\/uploads\/2023\/10\/plasrullar.jpg\" \/>\n<meta name=\"twitter:card\" content=\"summary_large_image\" \/>\n<meta name=\"twitter:label1\" content=\"Tiempo de lectura\" \/>\n\t<meta name=\"twitter:data1\" content=\"3 minutos\" \/>\n<script type=\"application\/ld+json\" class=\"yoast-schema-graph\">{\"@context\":\"https:\\\/\\\/schema.org\",\"@graph\":[{\"@type\":\"WebPage\",\"@id\":\"https:\\\/\\\/labrobot.com\\\/es\\\/sostenibilidad\\\/\",\"url\":\"https:\\\/\\\/labrobot.com\\\/es\\\/sostenibilidad\\\/\",\"name\":\"Diluciones sostenibles: El Compromiso de LabRobot con la Sostenibilidad\",\"isPartOf\":{\"@id\":\"https:\\\/\\\/labrobot.com\\\/#website\"},\"primaryImageOfPage\":{\"@id\":\"https:\\\/\\\/labrobot.com\\\/es\\\/sostenibilidad\\\/#primaryimage\"},\"image\":{\"@id\":\"https:\\\/\\\/labrobot.com\\\/es\\\/sostenibilidad\\\/#primaryimage\"},\"thumbnailUrl\":\"https:\\\/\\\/labrobot.com\\\/wp-content\\\/uploads\\\/2023\\\/10\\\/plasrullar.jpg\",\"datePublished\":\"2024-05-16T13:21:36+00:00\",\"dateModified\":\"2024-06-04T07:43:46+00:00\",\"description\":\"Objetivos e iniciativas para un m\u00e9todo de diluciones en serie sostenible que aborde los desaf\u00edos globales de sostenibilidad de la Agenda 2030.\",\"breadcrumb\":{\"@id\":\"https:\\\/\\\/labrobot.com\\\/es\\\/sostenibilidad\\\/#breadcrumb\"},\"inLanguage\":\"es\",\"potentialAction\":[{\"@type\":\"ReadAction\",\"target\":[\"https:\\\/\\\/labrobot.com\\\/es\\\/sostenibilidad\\\/\"]}]},{\"@type\":\"ImageObject\",\"inLanguage\":\"es\",\"@id\":\"https:\\\/\\\/labrobot.com\\\/es\\\/sostenibilidad\\\/#primaryimage\",\"url\":\"https:\\\/\\\/labrobot.com\\\/wp-content\\\/uploads\\\/2023\\\/10\\\/plasrullar.jpg\",\"contentUrl\":\"https:\\\/\\\/labrobot.com\\\/wp-content\\\/uploads\\\/2023\\\/10\\\/plasrullar.jpg\"},{\"@type\":\"BreadcrumbList\",\"@id\":\"https:\\\/\\\/labrobot.com\\\/es\\\/sostenibilidad\\\/#breadcrumb\",\"itemListElement\":[{\"@type\":\"ListItem\",\"position\":1,\"name\":\"Home\",\"item\":\"https:\\\/\\\/labrobot.com\\\/es\\\/\"},{\"@type\":\"ListItem\",\"position\":2,\"name\":\"Sostenibilidad\"}]},{\"@type\":\"WebSite\",\"@id\":\"https:\\\/\\\/labrobot.com\\\/#website\",\"url\":\"https:\\\/\\\/labrobot.com\\\/\",\"name\":\"LabRobot\",\"description\":\"Easy quick ergonomic serial dilution method\",\"publisher\":{\"@id\":\"https:\\\/\\\/labrobot.com\\\/#organization\"},\"potentialAction\":[{\"@type\":\"SearchAction\",\"target\":{\"@type\":\"EntryPoint\",\"urlTemplate\":\"https:\\\/\\\/labrobot.com\\\/?s={search_term_string}\"},\"query-input\":{\"@type\":\"PropertyValueSpecification\",\"valueRequired\":true,\"valueName\":\"search_term_string\"}}],\"inLanguage\":\"es\"},{\"@type\":\"Organization\",\"@id\":\"https:\\\/\\\/labrobot.com\\\/#organization\",\"name\":\"LabRobot Products AB\",\"url\":\"https:\\\/\\\/labrobot.com\\\/\",\"logo\":{\"@type\":\"ImageObject\",\"inLanguage\":\"es\",\"@id\":\"https:\\\/\\\/labrobot.com\\\/#\\\/schema\\\/logo\\\/image\\\/\",\"url\":\"https:\\\/\\\/labrobot.com\\\/wp-content\\\/uploads\\\/2018\\\/12\\\/LabRobot_LOGO_signatur.jpg\",\"contentUrl\":\"https:\\\/\\\/labrobot.com\\\/wp-content\\\/uploads\\\/2018\\\/12\\\/LabRobot_LOGO_signatur.jpg\",\"width\":200,\"height\":54,\"caption\":\"LabRobot Products AB\"},\"image\":{\"@id\":\"https:\\\/\\\/labrobot.com\\\/#\\\/schema\\\/logo\\\/image\\\/\"},\"sameAs\":[\"https:\\\/\\\/www.facebook.com\\\/labrobotproductsab\",\"https:\\\/\\\/www.linkedin.com\\\/company\\\/labrobot-products-ab\\\/\",\"https:\\\/\\\/www.youtube.com\\\/channel\\\/UCHGyF_OHfxI1No9ahbU-agQ\"]}]}<\/script>\n<!-- \/ Yoast SEO Premium plugin. -->","yoast_head_json":{"title":"Diluciones sostenibles: El Compromiso de LabRobot con la Sostenibilidad","description":"Objetivos e iniciativas para un m\u00e9todo de diluciones en serie sostenible que aborde los desaf\u00edos globales de sostenibilidad de la Agenda 2030.","robots":{"index":"index","follow":"follow","max-snippet":"max-snippet:-1","max-image-preview":"max-image-preview:large","max-video-preview":"max-video-preview:-1"},"canonical":"https:\/\/labrobot.com\/es\/sostenibilidad\/","og_locale":"es_ES","og_type":"article","og_title":"Sostenibilidad","og_description":"Objetivos e iniciativas para un m\u00e9todo de diluciones en serie sostenible que aborde los desaf\u00edos globales de sostenibilidad de la Agenda 2030.","og_url":"https:\/\/labrobot.com\/es\/sostenibilidad\/","og_site_name":"LabRobot","article_publisher":"https:\/\/www.facebook.com\/labrobotproductsab","article_modified_time":"2024-06-04T07:43:46+00:00","og_image":[{"url":"https:\/\/labrobot.com\/wp-content\/uploads\/2023\/10\/plasrullar.jpg","type":"","width":"","height":""}],"twitter_card":"summary_large_image","twitter_misc":{"Tiempo de lectura":"3 minutos"},"schema":{"@context":"https:\/\/schema.org","@graph":[{"@type":"WebPage","@id":"https:\/\/labrobot.com\/es\/sostenibilidad\/","url":"https:\/\/labrobot.com\/es\/sostenibilidad\/","name":"Diluciones sostenibles: El Compromiso de LabRobot con la Sostenibilidad","isPartOf":{"@id":"https:\/\/labrobot.com\/#website"},"primaryImageOfPage":{"@id":"https:\/\/labrobot.com\/es\/sostenibilidad\/#primaryimage"},"image":{"@id":"https:\/\/labrobot.com\/es\/sostenibilidad\/#primaryimage"},"thumbnailUrl":"https:\/\/labrobot.com\/wp-content\/uploads\/2023\/10\/plasrullar.jpg","datePublished":"2024-05-16T13:21:36+00:00","dateModified":"2024-06-04T07:43:46+00:00","description":"Objetivos e iniciativas para un m\u00e9todo de diluciones en serie sostenible que aborde los desaf\u00edos globales de sostenibilidad de la Agenda 2030.","breadcrumb":{"@id":"https:\/\/labrobot.com\/es\/sostenibilidad\/#breadcrumb"},"inLanguage":"es","potentialAction":[{"@type":"ReadAction","target":["https:\/\/labrobot.com\/es\/sostenibilidad\/"]}]},{"@type":"ImageObject","inLanguage":"es","@id":"https:\/\/labrobot.com\/es\/sostenibilidad\/#primaryimage","url":"https:\/\/labrobot.com\/wp-content\/uploads\/2023\/10\/plasrullar.jpg","contentUrl":"https:\/\/labrobot.com\/wp-content\/uploads\/2023\/10\/plasrullar.jpg"},{"@type":"BreadcrumbList","@id":"https:\/\/labrobot.com\/es\/sostenibilidad\/#breadcrumb","itemListElement":[{"@type":"ListItem","position":1,"name":"Home","item":"https:\/\/labrobot.com\/es\/"},{"@type":"ListItem","position":2,"name":"Sostenibilidad"}]},{"@type":"WebSite","@id":"https:\/\/labrobot.com\/#website","url":"https:\/\/labrobot.com\/","name":"LabRobot","description":"Easy quick ergonomic serial dilution method","publisher":{"@id":"https:\/\/labrobot.com\/#organization"},"potentialAction":[{"@type":"SearchAction","target":{"@type":"EntryPoint","urlTemplate":"https:\/\/labrobot.com\/?s={search_term_string}"},"query-input":{"@type":"PropertyValueSpecification","valueRequired":true,"valueName":"search_term_string"}}],"inLanguage":"es"},{"@type":"Organization","@id":"https:\/\/labrobot.com\/#organization","name":"LabRobot Products AB","url":"https:\/\/labrobot.com\/","logo":{"@type":"ImageObject","inLanguage":"es","@id":"https:\/\/labrobot.com\/#\/schema\/logo\/image\/","url":"https:\/\/labrobot.com\/wp-content\/uploads\/2018\/12\/LabRobot_LOGO_signatur.jpg","contentUrl":"https:\/\/labrobot.com\/wp-content\/uploads\/2018\/12\/LabRobot_LOGO_signatur.jpg","width":200,"height":54,"caption":"LabRobot Products AB"},"image":{"@id":"https:\/\/labrobot.com\/#\/schema\/logo\/image\/"},"sameAs":["https:\/\/www.facebook.com\/labrobotproductsab","https:\/\/www.linkedin.com\/company\/labrobot-products-ab\/","https:\/\/www.youtube.com\/channel\/UCHGyF_OHfxI1No9ahbU-agQ"]}]}},"_links":{"self":[{"href":"https:\/\/labrobot.com\/es\/wp-json\/wp\/v2\/pages\/17509","targetHints":{"allow":["GET"]}}],"collection":[{"href":"https:\/\/labrobot.com\/es\/wp-json\/wp\/v2\/pages"}],"about":[{"href":"https:\/\/labrobot.com\/es\/wp-json\/wp\/v2\/types\/page"}],"author":[{"embeddable":true,"href":"https:\/\/labrobot.com\/es\/wp-json\/wp\/v2\/users\/243"}],"replies":[{"embeddable":true,"href":"https:\/\/labrobot.com\/es\/wp-json\/wp\/v2\/comments?post=17509"}],"version-history":[{"count":0,"href":"https:\/\/labrobot.com\/es\/wp-json\/wp\/v2\/pages\/17509\/revisions"}],"wp:attachment":[{"href":"https:\/\/labrobot.com\/es\/wp-json\/wp\/v2\/media?parent=17509"}],"curies":[{"name":"wp","href":"https:\/\/api.w.org\/{rel}","templated":true}]}}