{"id":13406,"date":"2022-02-16T09:48:54","date_gmt":"2022-02-16T08:48:54","guid":{"rendered":"https:\/\/labrobot.com\/nuestra-solucion\/"},"modified":"2022-07-28T09:59:19","modified_gmt":"2022-07-28T08:59:19","slug":"nuestra-solucion","status":"publish","type":"page","link":"https:\/\/labrobot.com\/es\/nuestra-solucion\/","title":{"rendered":"Nuestra soluci\u00f3n"},"content":{"rendered":"\n\n\t\t\t\t<img decoding=\"async\" src=\"https:\/\/labrobot.com\/wp-content\/plugins\/bb-plugin\/img\/pixel.png\" alt=\"\" itemprop=\"image\" onerror=\"this.style.display='none'\"  \/>\n<h1>\n\t\tDiluciones en serie semiautom\u00e1ticas\n\t<\/h1>\n\t<p>El Sistema Dilucup\u00ae hace que las diluciones en serie sean m\u00e1s f\u00e1ciles, r\u00e1pidas y rentables.<\/p>\n\t<p>F\u00e1cil como 1-2-3<\/p>\n\t<ol>\n<li>A\u00f1ade 1 mL de muestra al primer Dilucup\u00ae<\/li>\n<li>Activa el agitador<\/li>\n<li>Pipetea 1 ml de la primera copa a la siguiente<\/li>\n<\/ol>\n\t\t\t\t<img loading=\"lazy\" decoding=\"async\" src=\"https:\/\/labrobot.com\/wp-content\/uploads\/2014\/11\/123-dilute_orange-1-300x221.png\" alt=\"diluciones\" itemprop=\"image\" height=\"221\" width=\"300\" title=\"diluciones\" onerror=\"this.style.display='none'\"  \/>\n\t<p><strong>C\u00f3mo usar el Sistema Dilucup\u00ae:<\/strong><\/p>\n<ol>\n<li>Coloca el blister con Dilucups en el agitador.<\/li>\n<li>Abre los Dilucups quitando la pel\u00edcula protectora.<\/li>\n<li>Agrega 1 ml de muestra al primer Dilucup\u00ae.<\/li>\n<li>Mueve la mano frente al sensor \u00f3ptico o usa el pedal para activar la agitaci\u00f3n. La diluci\u00f3n 1:10 ya est\u00e1 lista.<\/li>\n<li>Recolecta 1 ml de la primera copa y su\u00e9ltelo en la segunda para realizar la siguiente diluci\u00f3n 1:100.<\/li>\n<li>Activa el agitador.<\/li>\n<li>Repite esta operaci\u00f3n hasta alcanzar la tasa de diluci\u00f3n final.<\/li>\n<\/ol>\n\t\t\t\t<img loading=\"lazy\" decoding=\"async\" src=\"https:\/\/labrobot.com\/wp-content\/uploads\/2021\/06\/serial-dilution-dilucup-elegance-1.jpg\" alt=\"serial dilution dilucup \" itemprop=\"image\" height=\"789\" width=\"1538\" title=\"diluciones decimales\" onerror=\"this.style.display='none'\"  \/>\n\t<meta itemprop=\"url\" content=\"https:\/\/labrobot.com\/wp-content\/uploads\/2022\/07\/Dilutions-with-the-Dilucup-System-new.mp4\" \/><div style=\"width: 640px;\" class=\"wp-video\"><video class=\"wp-video-shortcode\" id=\"video-13406-1\" width=\"640\" height=\"360\" preload=\"metadata\" controls=\"controls\"><source type=\"video\/mp4\" src=\"https:\/\/labrobot.com\/wp-content\/uploads\/2022\/07\/Dilutions-with-the-Dilucup-System-new.mp4?_=1\" \/><a href=\"https:\/\/labrobot.com\/wp-content\/uploads\/2022\/07\/Dilutions-with-the-Dilucup-System-new.mp4\">https:\/\/labrobot.com\/wp-content\/uploads\/2022\/07\/Dilutions-with-the-Dilucup-System-new.mp4<\/a><\/video><\/div>\n\t<p>\u00bfC\u00f3mo empezar?<\/p>\n\t\t\t1\n\t\t\t\t\t\t\tElige tu diluyente\n\t\t\t2\n\t\t\t\t\t\t\t\u00bfCu\u00e1ntas muestras?\n\t\t\t3\n\t\t\t\t\t\t\tAccesorios\n\t<p>Diluentes:<\/p>\n\t<p><strong>Shaker:<\/strong><\/p>\n\t<h4><strong>Accesorios:<\/strong><\/h4>\n\t<ul>\n<li>MRD (Maximum Recovery Diluent)<\/li>\n<li>BPW (Buffered Peptone Water)<\/li>\n<li>NaCl, 0.85%<\/li>\n<\/ul>\n\t<ul>\n<li>Dilugent Shaker o Dilushaker III<\/li>\n<li>Blisters de 7 x 6 o 7 x 3 Dilucups<\/li>\n<\/ul>\n\t<ul>\n<li>Interruptor de pie<\/li>\n<li>Maleta de transporte<\/li>\n<li>Esc\u00e1ner<\/li>\n<\/ul>\n\t\t<h3><a href=\"https:\/\/labrobot.com\/es\/aplicaciones\/\" target=\"_self\" rel=\"noopener\">\t\n\t\u00bfPara qu\u00e9 se usa?<\/a><\/h3>\t\t\n\t\t<h3><a href=\"https:\/\/labrobot.com\/es\/ventajas\/\" target=\"_self\" rel=\"noopener\">\t\n\t\u00bfCu\u00e1les son los beneficios?<\/a><\/h3>\t\t\n\t\t<h3><a href=\"https:\/\/labrobot.com\/es\/dilucup-system\/\" target=\"_self\" rel=\"noopener\">\t\n\t\u00bfCu\u00e1les son los productos?<\/a><\/h3>\t\t\n\t\t<h3>\u00bfList@ para probar el Sistema Dilucup\u00ae?<\/h3>\n\t\t\t<a href=\"https:\/\/labrobot.com\/es\/pide-una-demostracion\/\" target=\"_self\" role=\"button\" rel=\"noopener\">\n\t\t\t\t\t\t\u00a1Pide una muestra gratis!\n\t\t\t\t\t<\/a>\n\n","protected":false},"excerpt":{"rendered":"<p>Diluciones en serie semiautom\u00e1ticas El Sistema Dilucup\u00ae hace que las diluciones en serie sean m\u00e1s f\u00e1ciles, r\u00e1pidas y rentables. F\u00e1cil como 1-2-3 A\u00f1ade 1 mL de muestra al primer Dilucup\u00ae Activa el agitador Pipetea 1 ml de la primera copa a la siguiente C\u00f3mo usar el Sistema Dilucup\u00ae: Coloca el blister con Dilucups en el &#8230; <a title=\"Nuestra soluci\u00f3n\" class=\"read-more\" href=\"https:\/\/labrobot.com\/es\/nuestra-solucion\/\" aria-label=\"Leer m\u00e1s sobre Nuestra soluci\u00f3n\">Read more<\/a><\/p>\n","protected":false},"author":243,"featured_media":0,"parent":0,"menu_order":0,"comment_status":"closed","ping_status":"closed","template":"","meta":{"_acf_changed":false,"generate_page_header":"","footnotes":""},"class_list":["post-13406","page","type-page","status-publish"],"acf":[],"yoast_head":"<!-- This site is optimized with the Yoast SEO Premium plugin v27.3 (Yoast SEO v27.3) - https:\/\/yoast.com\/product\/yoast-seo-premium-wordpress\/ -->\n<title>Diluciones en serie semiautom\u00e1ticas | \u00a1F\u00e1cil como 1-2-3!<\/title>\n<meta name=\"description\" content=\"El sistema Dilucup\u00ae hace que las diluciones en serie sean m\u00e1s f\u00e1ciles, r\u00e1pidas y rentables. A\u00f1ade 1 mL de muestra al primer Dilucup\u00ae, enciende el agitador y...\" \/>\n<meta name=\"robots\" content=\"index, follow, max-snippet:-1, max-image-preview:large, max-video-preview:-1\" \/>\n<link rel=\"canonical\" href=\"https:\/\/labrobot.com\/es\/nuestra-solucion\/\" \/>\n<meta property=\"og:locale\" content=\"es_ES\" \/>\n<meta property=\"og:type\" content=\"article\" \/>\n<meta property=\"og:title\" content=\"Nuestra soluci\u00f3n\" \/>\n<meta property=\"og:description\" content=\"El sistema Dilucup\u00ae hace que las diluciones en serie sean m\u00e1s f\u00e1ciles, r\u00e1pidas y rentables. A\u00f1ade 1 mL de muestra al primer Dilucup\u00ae, enciende el agitador y...\" \/>\n<meta property=\"og:url\" content=\"https:\/\/labrobot.com\/es\/nuestra-solucion\/\" \/>\n<meta property=\"og:site_name\" content=\"LabRobot\" \/>\n<meta property=\"article:publisher\" content=\"https:\/\/www.facebook.com\/labrobotproductsab\" \/>\n<meta property=\"article:modified_time\" content=\"2022-07-28T08:59:19+00:00\" \/>\n<meta property=\"og:image\" content=\"https:\/\/labrobot.com\/wp-content\/plugins\/bb-plugin\/img\/pixel.png\" \/>\n<meta name=\"twitter:card\" content=\"summary_large_image\" \/>\n<meta name=\"twitter:label1\" content=\"Tiempo de lectura\" \/>\n\t<meta name=\"twitter:data1\" content=\"1 minuto\" \/>\n<script type=\"application\/ld+json\" class=\"yoast-schema-graph\">{\"@context\":\"https:\\\/\\\/schema.org\",\"@graph\":[{\"@type\":\"WebPage\",\"@id\":\"https:\\\/\\\/labrobot.com\\\/es\\\/nuestra-solucion\\\/\",\"url\":\"https:\\\/\\\/labrobot.com\\\/es\\\/nuestra-solucion\\\/\",\"name\":\"Diluciones en serie semiautom\u00e1ticas | \u00a1F\u00e1cil como 1-2-3!\",\"isPartOf\":{\"@id\":\"https:\\\/\\\/labrobot.com\\\/#website\"},\"primaryImageOfPage\":{\"@id\":\"https:\\\/\\\/labrobot.com\\\/es\\\/nuestra-solucion\\\/#primaryimage\"},\"image\":{\"@id\":\"https:\\\/\\\/labrobot.com\\\/es\\\/nuestra-solucion\\\/#primaryimage\"},\"thumbnailUrl\":\"https:\\\/\\\/labrobot.com\\\/wp-content\\\/plugins\\\/bb-plugin\\\/img\\\/pixel.png\",\"datePublished\":\"2022-02-16T08:48:54+00:00\",\"dateModified\":\"2022-07-28T08:59:19+00:00\",\"description\":\"El sistema Dilucup\u00ae hace que las diluciones en serie sean m\u00e1s f\u00e1ciles, r\u00e1pidas y rentables. A\u00f1ade 1 mL de muestra al primer Dilucup\u00ae, enciende el agitador y...\",\"breadcrumb\":{\"@id\":\"https:\\\/\\\/labrobot.com\\\/es\\\/nuestra-solucion\\\/#breadcrumb\"},\"inLanguage\":\"es\",\"potentialAction\":[{\"@type\":\"ReadAction\",\"target\":[\"https:\\\/\\\/labrobot.com\\\/es\\\/nuestra-solucion\\\/\"]}]},{\"@type\":\"ImageObject\",\"inLanguage\":\"es\",\"@id\":\"https:\\\/\\\/labrobot.com\\\/es\\\/nuestra-solucion\\\/#primaryimage\",\"url\":\"https:\\\/\\\/labrobot.com\\\/wp-content\\\/plugins\\\/bb-plugin\\\/img\\\/pixel.png\",\"contentUrl\":\"https:\\\/\\\/labrobot.com\\\/wp-content\\\/plugins\\\/bb-plugin\\\/img\\\/pixel.png\"},{\"@type\":\"BreadcrumbList\",\"@id\":\"https:\\\/\\\/labrobot.com\\\/es\\\/nuestra-solucion\\\/#breadcrumb\",\"itemListElement\":[{\"@type\":\"ListItem\",\"position\":1,\"name\":\"Home\",\"item\":\"https:\\\/\\\/labrobot.com\\\/es\\\/\"},{\"@type\":\"ListItem\",\"position\":2,\"name\":\"Nuestra soluci\u00f3n\"}]},{\"@type\":\"WebSite\",\"@id\":\"https:\\\/\\\/labrobot.com\\\/#website\",\"url\":\"https:\\\/\\\/labrobot.com\\\/\",\"name\":\"LabRobot\",\"description\":\"Easy quick ergonomic serial dilution method\",\"publisher\":{\"@id\":\"https:\\\/\\\/labrobot.com\\\/#organization\"},\"potentialAction\":[{\"@type\":\"SearchAction\",\"target\":{\"@type\":\"EntryPoint\",\"urlTemplate\":\"https:\\\/\\\/labrobot.com\\\/?s={search_term_string}\"},\"query-input\":{\"@type\":\"PropertyValueSpecification\",\"valueRequired\":true,\"valueName\":\"search_term_string\"}}],\"inLanguage\":\"es\"},{\"@type\":\"Organization\",\"@id\":\"https:\\\/\\\/labrobot.com\\\/#organization\",\"name\":\"LabRobot Products AB\",\"url\":\"https:\\\/\\\/labrobot.com\\\/\",\"logo\":{\"@type\":\"ImageObject\",\"inLanguage\":\"es\",\"@id\":\"https:\\\/\\\/labrobot.com\\\/#\\\/schema\\\/logo\\\/image\\\/\",\"url\":\"https:\\\/\\\/labrobot.com\\\/wp-content\\\/uploads\\\/2018\\\/12\\\/LabRobot_LOGO_signatur.jpg\",\"contentUrl\":\"https:\\\/\\\/labrobot.com\\\/wp-content\\\/uploads\\\/2018\\\/12\\\/LabRobot_LOGO_signatur.jpg\",\"width\":200,\"height\":54,\"caption\":\"LabRobot Products AB\"},\"image\":{\"@id\":\"https:\\\/\\\/labrobot.com\\\/#\\\/schema\\\/logo\\\/image\\\/\"},\"sameAs\":[\"https:\\\/\\\/www.facebook.com\\\/labrobotproductsab\",\"https:\\\/\\\/www.linkedin.com\\\/company\\\/labrobot-products-ab\\\/\",\"https:\\\/\\\/www.youtube.com\\\/channel\\\/UCHGyF_OHfxI1No9ahbU-agQ\"]}]}<\/script>\n<!-- \/ Yoast SEO Premium plugin. -->","yoast_head_json":{"title":"Diluciones en serie semiautom\u00e1ticas | \u00a1F\u00e1cil como 1-2-3!","description":"El sistema Dilucup\u00ae hace que las diluciones en serie sean m\u00e1s f\u00e1ciles, r\u00e1pidas y rentables. A\u00f1ade 1 mL de muestra al primer Dilucup\u00ae, enciende el agitador y...","robots":{"index":"index","follow":"follow","max-snippet":"max-snippet:-1","max-image-preview":"max-image-preview:large","max-video-preview":"max-video-preview:-1"},"canonical":"https:\/\/labrobot.com\/es\/nuestra-solucion\/","og_locale":"es_ES","og_type":"article","og_title":"Nuestra soluci\u00f3n","og_description":"El sistema Dilucup\u00ae hace que las diluciones en serie sean m\u00e1s f\u00e1ciles, r\u00e1pidas y rentables. A\u00f1ade 1 mL de muestra al primer Dilucup\u00ae, enciende el agitador y...","og_url":"https:\/\/labrobot.com\/es\/nuestra-solucion\/","og_site_name":"LabRobot","article_publisher":"https:\/\/www.facebook.com\/labrobotproductsab","article_modified_time":"2022-07-28T08:59:19+00:00","og_image":[{"url":"https:\/\/labrobot.com\/wp-content\/plugins\/bb-plugin\/img\/pixel.png","type":"","width":"","height":""}],"twitter_card":"summary_large_image","twitter_misc":{"Tiempo de lectura":"1 minuto"},"schema":{"@context":"https:\/\/schema.org","@graph":[{"@type":"WebPage","@id":"https:\/\/labrobot.com\/es\/nuestra-solucion\/","url":"https:\/\/labrobot.com\/es\/nuestra-solucion\/","name":"Diluciones en serie semiautom\u00e1ticas | \u00a1F\u00e1cil como 1-2-3!","isPartOf":{"@id":"https:\/\/labrobot.com\/#website"},"primaryImageOfPage":{"@id":"https:\/\/labrobot.com\/es\/nuestra-solucion\/#primaryimage"},"image":{"@id":"https:\/\/labrobot.com\/es\/nuestra-solucion\/#primaryimage"},"thumbnailUrl":"https:\/\/labrobot.com\/wp-content\/plugins\/bb-plugin\/img\/pixel.png","datePublished":"2022-02-16T08:48:54+00:00","dateModified":"2022-07-28T08:59:19+00:00","description":"El sistema Dilucup\u00ae hace que las diluciones en serie sean m\u00e1s f\u00e1ciles, r\u00e1pidas y rentables. A\u00f1ade 1 mL de muestra al primer Dilucup\u00ae, enciende el agitador y...","breadcrumb":{"@id":"https:\/\/labrobot.com\/es\/nuestra-solucion\/#breadcrumb"},"inLanguage":"es","potentialAction":[{"@type":"ReadAction","target":["https:\/\/labrobot.com\/es\/nuestra-solucion\/"]}]},{"@type":"ImageObject","inLanguage":"es","@id":"https:\/\/labrobot.com\/es\/nuestra-solucion\/#primaryimage","url":"https:\/\/labrobot.com\/wp-content\/plugins\/bb-plugin\/img\/pixel.png","contentUrl":"https:\/\/labrobot.com\/wp-content\/plugins\/bb-plugin\/img\/pixel.png"},{"@type":"BreadcrumbList","@id":"https:\/\/labrobot.com\/es\/nuestra-solucion\/#breadcrumb","itemListElement":[{"@type":"ListItem","position":1,"name":"Home","item":"https:\/\/labrobot.com\/es\/"},{"@type":"ListItem","position":2,"name":"Nuestra soluci\u00f3n"}]},{"@type":"WebSite","@id":"https:\/\/labrobot.com\/#website","url":"https:\/\/labrobot.com\/","name":"LabRobot","description":"Easy quick ergonomic serial dilution method","publisher":{"@id":"https:\/\/labrobot.com\/#organization"},"potentialAction":[{"@type":"SearchAction","target":{"@type":"EntryPoint","urlTemplate":"https:\/\/labrobot.com\/?s={search_term_string}"},"query-input":{"@type":"PropertyValueSpecification","valueRequired":true,"valueName":"search_term_string"}}],"inLanguage":"es"},{"@type":"Organization","@id":"https:\/\/labrobot.com\/#organization","name":"LabRobot Products AB","url":"https:\/\/labrobot.com\/","logo":{"@type":"ImageObject","inLanguage":"es","@id":"https:\/\/labrobot.com\/#\/schema\/logo\/image\/","url":"https:\/\/labrobot.com\/wp-content\/uploads\/2018\/12\/LabRobot_LOGO_signatur.jpg","contentUrl":"https:\/\/labrobot.com\/wp-content\/uploads\/2018\/12\/LabRobot_LOGO_signatur.jpg","width":200,"height":54,"caption":"LabRobot Products AB"},"image":{"@id":"https:\/\/labrobot.com\/#\/schema\/logo\/image\/"},"sameAs":["https:\/\/www.facebook.com\/labrobotproductsab","https:\/\/www.linkedin.com\/company\/labrobot-products-ab\/","https:\/\/www.youtube.com\/channel\/UCHGyF_OHfxI1No9ahbU-agQ"]}]}},"_links":{"self":[{"href":"https:\/\/labrobot.com\/es\/wp-json\/wp\/v2\/pages\/13406","targetHints":{"allow":["GET"]}}],"collection":[{"href":"https:\/\/labrobot.com\/es\/wp-json\/wp\/v2\/pages"}],"about":[{"href":"https:\/\/labrobot.com\/es\/wp-json\/wp\/v2\/types\/page"}],"author":[{"embeddable":true,"href":"https:\/\/labrobot.com\/es\/wp-json\/wp\/v2\/users\/243"}],"replies":[{"embeddable":true,"href":"https:\/\/labrobot.com\/es\/wp-json\/wp\/v2\/comments?post=13406"}],"version-history":[{"count":0,"href":"https:\/\/labrobot.com\/es\/wp-json\/wp\/v2\/pages\/13406\/revisions"}],"wp:attachment":[{"href":"https:\/\/labrobot.com\/es\/wp-json\/wp\/v2\/media?parent=13406"}],"curies":[{"name":"wp","href":"https:\/\/api.w.org\/{rel}","templated":true}]}}