{"id":13405,"date":"2022-01-24T15:28:39","date_gmt":"2022-01-24T14:28:39","guid":{"rendered":"https:\/\/labrobot.com\/ventajas\/"},"modified":"2024-09-23T10:01:39","modified_gmt":"2024-09-23T09:01:39","slug":"ventajas","status":"publish","type":"page","link":"https:\/\/labrobot.com\/es\/ventajas\/","title":{"rendered":"Beneficios"},"content":{"rendered":"\n<h1>\n\t\tEstandariza tus diluciones decimales\n\t<\/h1>\n\tTe suena el refr\u00e1n de \u00ab<em>Cada maestrillo tiene su librillo<\/em>\u00ab?<br \/>\nSignifica que hay muchas maneras de hacer la misma tarea.<br \/>\nPues bien, realizar diluciones en serie con tubos de diluci\u00f3n no es una excepci\u00f3n. Cada t\u00e9cnico de laboratorio lo hace a su manera e incluso \u00e9l mismo puede diluir de diferentes formas.<br \/>\nPor ejemplo, \u00bfusas siempre el mismo tiempo de agitaci\u00f3n al usar tubos con el vortex?<br \/>\n\u00bfY la misma velocidad?<br \/>\nPara mantener siempre la misma calidad, es importante estandarizar los procesos rutinarios.<br \/>\nY la forma m\u00e1s f\u00e1cil de estandarizar las diluciones en serie es con el Sistema Dilucup\u00ae.\n\t\t\t\t<img decoding=\"async\" src=\"https:\/\/labrobot.com\/wp-content\/plugins\/bb-plugin\/img\/pixel.png\" alt=\"\" itemprop=\"image\" onerror=\"this.style.display='none'\"  \/>\n<h2>\n\t\tMejora la calidad de tus diluciones\n\t<\/h2>\n\t<h3><strong>Diluciones estandarizadas: mismos par\u00e1metros de agitaci\u00f3n<\/strong><br \/>\n<\/h3>\n<p>Cuando agitas con el mezclador vortex, el tiempo y la forma de colocar el tubo pueden variar entre muestras. Con el Sistema Dilucup\u00ae, puedes estar seguro de que siempre tendr\u00e1s los mismos par\u00e1metros de agitaci\u00f3n.<\/p>\n\t<h3><strong>Receta y proceso seg\u00fan las normas ISO<\/strong><\/h3>\npH 7,0 \u00b1 2 %<br \/>\n9,0 mL \u00b1 2 %<br \/>\nseg\u00fan ISO 6887-1:2017\n\t<h3><strong>Menor variabilidad entre t\u00e9cnicos<\/strong><\/h3>\n<p>Las diluciones siempre se realizar\u00e1n de la misma manera, reduciendo la variabilidad en el procesamiento de muestras.<\/p>\n\t\t\t\t<img loading=\"lazy\" decoding=\"async\" src=\"https:\/\/labrobot.com\/wp-content\/uploads\/2023\/11\/Accurate-volume-1024x1024.png\" alt=\"Accurate volume diluent 9ml MRD NACL BPW\" itemprop=\"image\" height=\"1024\" width=\"1024\" title=\"Accurate volume\" onerror=\"this.style.display='none'\"  \/>\n<h3>\n\t\tRecuentos microbiol\u00f3gicos de fiar\n\t<\/h3>\n\t<p>El volumen de Dilucup\u00ae Elegance es altamente preciso:<\/p>\n<ul>\n<li>Normalmente 9,0 mL \u00b1 0,5 %<\/li>\n<li>Siempre 9,0 mL \u00b1 2 % (seg\u00fan ISO 6887-1:2017)<\/li>\n<\/ul>\n\t\t\t<a href=\"https:\/\/labrobot.com\/es\/volumen-de-diluyente-muy-preciso\/\" target=\"_self\" rel=\"noopener\">\n\t\t\t\t\t\t\t\u00daltimo an\u00e1lisis del volumen\n\t\t\t<\/a>\n<h3>\n\t\tAhorra mucho tiempo\n\t<\/h3>\n\t<p>Ahorra todo el tiempo de preparaci\u00f3n, llenado, esterilizaci\u00f3n, control de calidad y lavado de tubos con nuestras tazas de diluci\u00f3n listas para usar.<\/p>\n<p>Adem\u00e1s, con el Sistema Dilucup\u00ae, realizas diluciones en serie el doble de r\u00e1pido que con tubos.<\/p>\n\t<meta itemprop=\"url\" content=\"https:\/\/labrobot.com\/wp-content\/uploads\/2021\/06\/serial-dilution-dilucup-vs-tubes-web.mp4\" \/><div style=\"width: 640px;\" class=\"wp-video\"><video class=\"wp-video-shortcode\" id=\"video-13405-1\" width=\"640\" height=\"360\" preload=\"metadata\" controls=\"controls\"><source type=\"video\/mp4\" src=\"https:\/\/labrobot.com\/wp-content\/uploads\/2021\/06\/serial-dilution-dilucup-vs-tubes-web.mp4?_=1\" \/><a href=\"https:\/\/labrobot.com\/wp-content\/uploads\/2021\/06\/serial-dilution-dilucup-vs-tubes-web.mp4\">https:\/\/labrobot.com\/wp-content\/uploads\/2021\/06\/serial-dilution-dilucup-vs-tubes-web.mp4<\/a><\/video><\/div>\n\t\t\t\t<img loading=\"lazy\" decoding=\"async\" src=\"https:\/\/labrobot.com\/wp-content\/uploads\/2021\/11\/ergonomic-serial-dilution-1024x576.jpg\" alt=\"ergonomic serial dilutions\" itemprop=\"image\" height=\"576\" width=\"1024\" title=\"diluci\u00f3n en serie ergon\u00f3mica\" onerror=\"this.style.display='none'\"  \/>\n<h3>\n\t\tPrev\u00e9n lesiones laborales\n\t<\/h3>\n\tDise\u00f1o ergon\u00f3mico para un pipeteo c\u00f3modo.<br \/>\nNo se necesita un mezclador vortex.<br \/>\nTodas las vibraciones son absorbidas por el agitador, lo que previene lesiones como las lesiones por esfuerzo repetitivo.\n<h3>\n\t\tF\u00e1cil de usar\n\t<\/h3>\n\tEs muy f\u00e1cil estandarizar tus diluciones en serie con el Sistema Dilucup\u00ae.<br \/>\nLa simplicidad de los instrumentos y el proceso no requiere capacitaci\u00f3n previa.\n\t\t\t\t<img loading=\"lazy\" decoding=\"async\" src=\"https:\/\/labrobot.com\/wp-content\/uploads\/2022\/02\/dilugent-lab-1024x720.jpg\" alt=\"serial dilution method\" itemprop=\"image\" height=\"720\" width=\"1024\" title=\"laboratorio\" onerror=\"this.style.display='none'\"  \/>\n\t\t\t\t<img loading=\"lazy\" decoding=\"async\" src=\"https:\/\/labrobot.com\/wp-content\/uploads\/2022\/02\/space-Dilucup-1024x593.jpg\" alt=\"space dilution tubes vs dilucup surface transport\" itemprop=\"image\" height=\"593\" width=\"1024\" title=\"volumen Dilucup\" onerror=\"this.style.display='none'\"  \/>\n<h3>\n\t\tF\u00e1cil almacenamiento\n\t<\/h3>\n\t<p>Con Dilucup\u00ae te ahorras la mitad del espacio en comparaci\u00f3n con los tubos.<\/p>\n<ul>\n<li>Bolsas sin abrir: hasta 30 meses a temperatura ambiente<\/li>\n<li>Bolsas abiertas: hasta 3 meses en la nevera.<\/li>\n<\/ul>\n<h3>\n\t\tRentable\n\t<\/h3>\n\t<p>El Sistema Dilucup\u00ae requiere una inversi\u00f3n inicial mayor que los tubos de diluci\u00f3n, pero es <strong>mucho m\u00e1s rentable a largo plazo<\/strong>.<\/p>\n<p>Es importante tener en cuenta el menor n\u00famero de horas que el t\u00e9cnico de laboratorio necesita para realizar diluciones en serie. No se necesita preparaci\u00f3n, autoclave, control de calidad ni lavado de los recipientes. Adem\u00e1s, diluir con Dilucup\u00ae es el doble de r\u00e1pido que con tubos, por lo que se ahorra tiempo adicional en el proceso.<\/p>\n\t\t\t\t<img loading=\"lazy\" decoding=\"async\" src=\"https:\/\/labrobot.com\/wp-content\/uploads\/2024\/08\/cost-saving-with-Dilucup-1024x552.jpg\" alt=\"cost-effective serial dilution \" itemprop=\"image\" height=\"552\" width=\"1024\" title=\"cost-saving with Dilucup\" onerror=\"this.style.display='none'\"  \/>\n<h5>\n\t\t\u00bfNecesitas ayuda? \u00a1Reserva una reuni\u00f3n en l\u00ednea!\n\t<\/h5>\n\t<p>\u00a1Estaremos encantados de responderte! \ud83d\ude42<\/p>\n+46 303 846 73<br \/>\n<a href=\"mailto:kontakt@labrobot.com\">kontakt@labrobot.com<\/a>\n<p><strong>Contacto:<\/strong>\u00a0Herv\u00e9 Laisis, CEO<\/p>\n\t\t\t<a href=\"https:\/\/labrobot.com\/es\/contacto-distribuidores\/\" target=\"_self\" rel=\"noopener\">\n\t\t\t\t\t\t\tContacta tu distribuidor\n\t\t\t<\/a>\n\n","protected":false},"excerpt":{"rendered":"<p>Estandariza tus diluciones decimales Te suena el refr\u00e1n de \u00abCada maestrillo tiene su librillo\u00ab? Significa que hay muchas maneras de hacer la misma tarea. Pues bien, realizar diluciones en serie con tubos de diluci\u00f3n no es una excepci\u00f3n. Cada t\u00e9cnico de laboratorio lo hace a su manera e incluso \u00e9l mismo puede diluir de diferentes &#8230; <a title=\"Beneficios\" class=\"read-more\" href=\"https:\/\/labrobot.com\/es\/ventajas\/\" aria-label=\"Leer m\u00e1s sobre Beneficios\">Read more<\/a><\/p>\n","protected":false},"author":243,"featured_media":0,"parent":0,"menu_order":0,"comment_status":"closed","ping_status":"closed","template":"","meta":{"_acf_changed":false,"generate_page_header":"","footnotes":""},"class_list":["post-13405","page","type-page","status-publish"],"acf":[],"yoast_head":"<!-- This site is optimized with the Yoast SEO Premium plugin v27.3 (Yoast SEO v27.3) - https:\/\/yoast.com\/product\/yoast-seo-premium-wordpress\/ -->\n<title>Estandariza las diluciones en serie con el Sistema Dilucup\u00ae.<\/title>\n<meta name=\"description\" content=\"Optimiza el proceso de diluci\u00f3n en serie: aumenta la calidad, ahorra tiempo, evita lesiones laborales, f\u00e1cil de usar, f\u00e1cil almacenamiento...\" \/>\n<meta name=\"robots\" content=\"index, follow, max-snippet:-1, max-image-preview:large, max-video-preview:-1\" \/>\n<link rel=\"canonical\" href=\"https:\/\/labrobot.com\/es\/ventajas\/\" \/>\n<meta property=\"og:locale\" content=\"es_ES\" \/>\n<meta property=\"og:type\" content=\"article\" \/>\n<meta property=\"og:title\" content=\"Beneficios\" \/>\n<meta property=\"og:description\" content=\"Optimiza el proceso de diluci\u00f3n en serie: aumenta la calidad, ahorra tiempo, evita lesiones laborales, f\u00e1cil de usar, f\u00e1cil almacenamiento...\" \/>\n<meta property=\"og:url\" content=\"https:\/\/labrobot.com\/es\/ventajas\/\" \/>\n<meta property=\"og:site_name\" content=\"LabRobot\" \/>\n<meta property=\"article:publisher\" content=\"https:\/\/www.facebook.com\/labrobotproductsab\" \/>\n<meta property=\"article:modified_time\" content=\"2024-09-23T09:01:39+00:00\" \/>\n<meta property=\"og:image\" content=\"https:\/\/labrobot.com\/wp-content\/plugins\/bb-plugin\/img\/pixel.png\" \/>\n<meta name=\"twitter:card\" content=\"summary_large_image\" \/>\n<meta name=\"twitter:label1\" content=\"Tiempo de lectura\" \/>\n\t<meta name=\"twitter:data1\" content=\"2 minutos\" \/>\n<script type=\"application\/ld+json\" class=\"yoast-schema-graph\">{\"@context\":\"https:\\\/\\\/schema.org\",\"@graph\":[{\"@type\":\"WebPage\",\"@id\":\"https:\\\/\\\/labrobot.com\\\/es\\\/ventajas\\\/\",\"url\":\"https:\\\/\\\/labrobot.com\\\/es\\\/ventajas\\\/\",\"name\":\"Estandariza las diluciones en serie con el Sistema Dilucup\u00ae.\",\"isPartOf\":{\"@id\":\"https:\\\/\\\/labrobot.com\\\/#website\"},\"primaryImageOfPage\":{\"@id\":\"https:\\\/\\\/labrobot.com\\\/es\\\/ventajas\\\/#primaryimage\"},\"image\":{\"@id\":\"https:\\\/\\\/labrobot.com\\\/es\\\/ventajas\\\/#primaryimage\"},\"thumbnailUrl\":\"https:\\\/\\\/labrobot.com\\\/wp-content\\\/plugins\\\/bb-plugin\\\/img\\\/pixel.png\",\"datePublished\":\"2022-01-24T14:28:39+00:00\",\"dateModified\":\"2024-09-23T09:01:39+00:00\",\"description\":\"Optimiza el proceso de diluci\u00f3n en serie: aumenta la calidad, ahorra tiempo, evita lesiones laborales, f\u00e1cil de usar, f\u00e1cil almacenamiento...\",\"breadcrumb\":{\"@id\":\"https:\\\/\\\/labrobot.com\\\/es\\\/ventajas\\\/#breadcrumb\"},\"inLanguage\":\"es\",\"potentialAction\":[{\"@type\":\"ReadAction\",\"target\":[\"https:\\\/\\\/labrobot.com\\\/es\\\/ventajas\\\/\"]}]},{\"@type\":\"ImageObject\",\"inLanguage\":\"es\",\"@id\":\"https:\\\/\\\/labrobot.com\\\/es\\\/ventajas\\\/#primaryimage\",\"url\":\"https:\\\/\\\/labrobot.com\\\/wp-content\\\/plugins\\\/bb-plugin\\\/img\\\/pixel.png\",\"contentUrl\":\"https:\\\/\\\/labrobot.com\\\/wp-content\\\/plugins\\\/bb-plugin\\\/img\\\/pixel.png\"},{\"@type\":\"BreadcrumbList\",\"@id\":\"https:\\\/\\\/labrobot.com\\\/es\\\/ventajas\\\/#breadcrumb\",\"itemListElement\":[{\"@type\":\"ListItem\",\"position\":1,\"name\":\"Home\",\"item\":\"https:\\\/\\\/labrobot.com\\\/es\\\/\"},{\"@type\":\"ListItem\",\"position\":2,\"name\":\"Beneficios\"}]},{\"@type\":\"WebSite\",\"@id\":\"https:\\\/\\\/labrobot.com\\\/#website\",\"url\":\"https:\\\/\\\/labrobot.com\\\/\",\"name\":\"LabRobot\",\"description\":\"Easy quick ergonomic serial dilution method\",\"publisher\":{\"@id\":\"https:\\\/\\\/labrobot.com\\\/#organization\"},\"potentialAction\":[{\"@type\":\"SearchAction\",\"target\":{\"@type\":\"EntryPoint\",\"urlTemplate\":\"https:\\\/\\\/labrobot.com\\\/?s={search_term_string}\"},\"query-input\":{\"@type\":\"PropertyValueSpecification\",\"valueRequired\":true,\"valueName\":\"search_term_string\"}}],\"inLanguage\":\"es\"},{\"@type\":\"Organization\",\"@id\":\"https:\\\/\\\/labrobot.com\\\/#organization\",\"name\":\"LabRobot Products AB\",\"url\":\"https:\\\/\\\/labrobot.com\\\/\",\"logo\":{\"@type\":\"ImageObject\",\"inLanguage\":\"es\",\"@id\":\"https:\\\/\\\/labrobot.com\\\/#\\\/schema\\\/logo\\\/image\\\/\",\"url\":\"https:\\\/\\\/labrobot.com\\\/wp-content\\\/uploads\\\/2018\\\/12\\\/LabRobot_LOGO_signatur.jpg\",\"contentUrl\":\"https:\\\/\\\/labrobot.com\\\/wp-content\\\/uploads\\\/2018\\\/12\\\/LabRobot_LOGO_signatur.jpg\",\"width\":200,\"height\":54,\"caption\":\"LabRobot Products AB\"},\"image\":{\"@id\":\"https:\\\/\\\/labrobot.com\\\/#\\\/schema\\\/logo\\\/image\\\/\"},\"sameAs\":[\"https:\\\/\\\/www.facebook.com\\\/labrobotproductsab\",\"https:\\\/\\\/www.linkedin.com\\\/company\\\/labrobot-products-ab\\\/\",\"https:\\\/\\\/www.youtube.com\\\/channel\\\/UCHGyF_OHfxI1No9ahbU-agQ\"]}]}<\/script>\n<!-- \/ Yoast SEO Premium plugin. -->","yoast_head_json":{"title":"Estandariza las diluciones en serie con el Sistema Dilucup\u00ae.","description":"Optimiza el proceso de diluci\u00f3n en serie: aumenta la calidad, ahorra tiempo, evita lesiones laborales, f\u00e1cil de usar, f\u00e1cil almacenamiento...","robots":{"index":"index","follow":"follow","max-snippet":"max-snippet:-1","max-image-preview":"max-image-preview:large","max-video-preview":"max-video-preview:-1"},"canonical":"https:\/\/labrobot.com\/es\/ventajas\/","og_locale":"es_ES","og_type":"article","og_title":"Beneficios","og_description":"Optimiza el proceso de diluci\u00f3n en serie: aumenta la calidad, ahorra tiempo, evita lesiones laborales, f\u00e1cil de usar, f\u00e1cil almacenamiento...","og_url":"https:\/\/labrobot.com\/es\/ventajas\/","og_site_name":"LabRobot","article_publisher":"https:\/\/www.facebook.com\/labrobotproductsab","article_modified_time":"2024-09-23T09:01:39+00:00","og_image":[{"url":"https:\/\/labrobot.com\/wp-content\/plugins\/bb-plugin\/img\/pixel.png","type":"","width":"","height":""}],"twitter_card":"summary_large_image","twitter_misc":{"Tiempo de lectura":"2 minutos"},"schema":{"@context":"https:\/\/schema.org","@graph":[{"@type":"WebPage","@id":"https:\/\/labrobot.com\/es\/ventajas\/","url":"https:\/\/labrobot.com\/es\/ventajas\/","name":"Estandariza las diluciones en serie con el Sistema Dilucup\u00ae.","isPartOf":{"@id":"https:\/\/labrobot.com\/#website"},"primaryImageOfPage":{"@id":"https:\/\/labrobot.com\/es\/ventajas\/#primaryimage"},"image":{"@id":"https:\/\/labrobot.com\/es\/ventajas\/#primaryimage"},"thumbnailUrl":"https:\/\/labrobot.com\/wp-content\/plugins\/bb-plugin\/img\/pixel.png","datePublished":"2022-01-24T14:28:39+00:00","dateModified":"2024-09-23T09:01:39+00:00","description":"Optimiza el proceso de diluci\u00f3n en serie: aumenta la calidad, ahorra tiempo, evita lesiones laborales, f\u00e1cil de usar, f\u00e1cil almacenamiento...","breadcrumb":{"@id":"https:\/\/labrobot.com\/es\/ventajas\/#breadcrumb"},"inLanguage":"es","potentialAction":[{"@type":"ReadAction","target":["https:\/\/labrobot.com\/es\/ventajas\/"]}]},{"@type":"ImageObject","inLanguage":"es","@id":"https:\/\/labrobot.com\/es\/ventajas\/#primaryimage","url":"https:\/\/labrobot.com\/wp-content\/plugins\/bb-plugin\/img\/pixel.png","contentUrl":"https:\/\/labrobot.com\/wp-content\/plugins\/bb-plugin\/img\/pixel.png"},{"@type":"BreadcrumbList","@id":"https:\/\/labrobot.com\/es\/ventajas\/#breadcrumb","itemListElement":[{"@type":"ListItem","position":1,"name":"Home","item":"https:\/\/labrobot.com\/es\/"},{"@type":"ListItem","position":2,"name":"Beneficios"}]},{"@type":"WebSite","@id":"https:\/\/labrobot.com\/#website","url":"https:\/\/labrobot.com\/","name":"LabRobot","description":"Easy quick ergonomic serial dilution method","publisher":{"@id":"https:\/\/labrobot.com\/#organization"},"potentialAction":[{"@type":"SearchAction","target":{"@type":"EntryPoint","urlTemplate":"https:\/\/labrobot.com\/?s={search_term_string}"},"query-input":{"@type":"PropertyValueSpecification","valueRequired":true,"valueName":"search_term_string"}}],"inLanguage":"es"},{"@type":"Organization","@id":"https:\/\/labrobot.com\/#organization","name":"LabRobot Products AB","url":"https:\/\/labrobot.com\/","logo":{"@type":"ImageObject","inLanguage":"es","@id":"https:\/\/labrobot.com\/#\/schema\/logo\/image\/","url":"https:\/\/labrobot.com\/wp-content\/uploads\/2018\/12\/LabRobot_LOGO_signatur.jpg","contentUrl":"https:\/\/labrobot.com\/wp-content\/uploads\/2018\/12\/LabRobot_LOGO_signatur.jpg","width":200,"height":54,"caption":"LabRobot Products AB"},"image":{"@id":"https:\/\/labrobot.com\/#\/schema\/logo\/image\/"},"sameAs":["https:\/\/www.facebook.com\/labrobotproductsab","https:\/\/www.linkedin.com\/company\/labrobot-products-ab\/","https:\/\/www.youtube.com\/channel\/UCHGyF_OHfxI1No9ahbU-agQ"]}]}},"_links":{"self":[{"href":"https:\/\/labrobot.com\/es\/wp-json\/wp\/v2\/pages\/13405","targetHints":{"allow":["GET"]}}],"collection":[{"href":"https:\/\/labrobot.com\/es\/wp-json\/wp\/v2\/pages"}],"about":[{"href":"https:\/\/labrobot.com\/es\/wp-json\/wp\/v2\/types\/page"}],"author":[{"embeddable":true,"href":"https:\/\/labrobot.com\/es\/wp-json\/wp\/v2\/users\/243"}],"replies":[{"embeddable":true,"href":"https:\/\/labrobot.com\/es\/wp-json\/wp\/v2\/comments?post=13405"}],"version-history":[{"count":0,"href":"https:\/\/labrobot.com\/es\/wp-json\/wp\/v2\/pages\/13405\/revisions"}],"wp:attachment":[{"href":"https:\/\/labrobot.com\/es\/wp-json\/wp\/v2\/media?parent=13405"}],"curies":[{"name":"wp","href":"https:\/\/api.w.org\/{rel}","templated":true}]}}