{"id":12749,"date":"2021-11-29T10:58:29","date_gmt":"2021-11-29T09:58:29","guid":{"rendered":"https:\/\/labrobot.com\/dilucup-system\/"},"modified":"2024-09-23T08:32:52","modified_gmt":"2024-09-23T07:32:52","slug":"dilucup-system","status":"publish","type":"page","link":"https:\/\/labrobot.com\/es\/dilucup-system\/","title":{"rendered":"Dilucup System"},"content":{"rendered":"\n<h1>\n\t\tUn m\u00e9todo de diluci\u00f3n en serie semiautom\u00e1tico\n\t<\/h1>\nMiles de laboratorios en todo el mundo ya han reemplazado los tubos de diluci\u00f3n y el mezclador vortex por el Sistema Dilucup\u00ae.<br \/>\nY no se arrepienten.\n<p>No hay mejor manera de saber si algo es para ti que prob\u00e1ndolo por ti mismo. Por eso ofrecemos demostraciones gratuitas para que puedas experimentar c\u00f3mo este fant\u00e1stico sistema de diluci\u00f3n en serie te puede beneficiar.<\/p>\n\t\t\t<a href=\"https:\/\/labrobot.com\/es\/pide-una-demostracion\/\" target=\"_self\" rel=\"noopener\">\n\t\t\t\t\t\tDemo gratis\n\t\t\t\t\t<\/a>\n<h2>\n\t\tSistema Dilucup\u00ae\n\t<\/h2>\n\tDilucup\u00ae Elegance se utiliza con uno de los dos agitadores disponibles:<br \/>\nDilugent\u00ae Shaker o Dilushaker III,<br \/>\nlos cuales te gu\u00edan a trav\u00e9s del proceso de diluci\u00f3n de diferentes maneras.\n\t\t\t\t<a href=\"https:\/\/labrobot.com\/es\/dilugent-shaker\/\" target=\"_self\" itemprop=\"url\" rel=\"noopener\">\n\t\t\t\t<img loading=\"lazy\" decoding=\"async\" src=\"https:\/\/labrobot.com\/wp-content\/uploads\/bb-plugin\/cache\/dilutions-with-dilugent-1024x1012-circle-8d188893c4f4042a7c3f93c8866997be-.jpg\" alt=\"dilugent shaker\" itemprop=\"image\" height=\"1012\" width=\"1024\" title=\"dilutions with dilugent\" onerror=\"this.style.display='none'\"  \/>\n\t\t\t\t<\/a>\n<h3><a href=\"https:\/\/labrobot.com\/es\/dilugent-shaker\/\" target=\"_self\" rel=\"noopener\">Dilugent\u00ae Shaker<\/a><\/h3><a href=\"https:\/\/labrobot.com\/es\/dilugent-shaker\/\" target=\"_self\" rel=\"noopener\"><\/a>\t\n\t\t\t\t<a href=\"https:\/\/labrobot.com\/es\/dilucup-elegance\/\" target=\"_self\" itemprop=\"url\" rel=\"noopener\">\n\t\t\t\t<img loading=\"lazy\" decoding=\"async\" src=\"https:\/\/labrobot.com\/wp-content\/uploads\/bb-plugin\/cache\/dilucup-MRD-blister-1024x683-circle-6b488e5385d026519048948f861a8961-.jpg\" alt=\"dilucup MRD blister\" itemprop=\"image\" height=\"683\" width=\"1024\" title=\"dilucup MRD blister\" onerror=\"this.style.display='none'\"  \/>\n\t\t\t\t<\/a>\n<h3><a href=\"https:\/\/labrobot.com\/es\/dilucup-elegance\/\" target=\"_self\" rel=\"noopener\">Dilucup\u00ae Elegance<\/a><\/h3><a href=\"https:\/\/labrobot.com\/es\/dilucup-elegance\/\" target=\"_self\" rel=\"noopener\"><\/a>\t\n\t\t\t\t<a href=\"https:\/\/labrobot.com\/es\/dilushaker-iii\/\" target=\"_self\" itemprop=\"url\" rel=\"noopener\">\n\t\t\t\t<img loading=\"lazy\" decoding=\"async\" src=\"https:\/\/labrobot.com\/wp-content\/uploads\/bb-plugin\/cache\/dilushaker-III-1024x699-circle-95e8311d438fe92fca44e54ebacd23bc-.jpg\" alt=\"dilushaker 6or\" itemprop=\"image\" height=\"699\" width=\"1024\" title=\"dilushaker\" onerror=\"this.style.display='none'\"  \/>\n\t\t\t\t<\/a>\n<h3><a href=\"https:\/\/labrobot.com\/es\/dilushaker-iii\/\" target=\"_self\" rel=\"noopener\">Dilushaker III<\/a><\/h3>\t\n<h4>\n\t\tTestimonios\n\t<\/h4>\n\t\t\t<p><img loading=\"lazy\" decoding=\"async\" src=\"https:\/\/labrobot.com\/wp-content\/uploads\/2022\/03\/testimonial-swe-300x203.jpg\" alt=\"\" width=\"300\" height=\"203\" \/>\u00abProceso fluido, buena calidad y siempre entrega r\u00e1pida\u00bb<\/p>\n<strong><em>~ Peter Karlsson, Coordinador de calidad de laboratorio,\nArla Foods J\u00f6nk\u00f6ping, Suecia<\/em><\/strong>\t\t\n\t\t\t<p><img loading=\"lazy\" decoding=\"async\" src=\"https:\/\/labrobot.com\/wp-content\/uploads\/2021\/12\/portugal-testimonial-300x169.jpg\" alt=\"\" width=\"266\" height=\"150\" \/>\u00ab\u00a1Ahorramos mucho tiempo con Dilucup! No necesitamos preparar los tubos de diluci\u00f3n ni realizar el control de calidad de los diluyentes. \u00a1El Sistema Dilucup realmente facilita la vida!\u00bb<\/p>\n<p><em><strong>~ Martina Costa, Director, Globalab, Portugal<\/strong><\/em><\/p>\t\t\n\t\t\t<img loading=\"lazy\" decoding=\"async\" src=\"https:\/\/labrobot.com\/wp-content\/uploads\/2021\/12\/PBV-testimonial-photo-295x300.jpg\" alt=\"\" width=\"190\" height=\"193\" \/>\u00abF\u00e1cil y preciso realizar mediciones con el Sistema Dilucup.\nEl volumen exacto del diluyente y la agitaci\u00f3n constante aseguran una concentraci\u00f3n uniforme de la muestra.\u00bb.\n<p><em><strong>~ Tetiana Garkavanko, Deputy Director, Food Safety and Consumer Protection, Ucrania.<\/strong><\/em><\/p>\t\t\n\n","protected":false},"excerpt":{"rendered":"<p>Un m\u00e9todo de diluci\u00f3n en serie semiautom\u00e1tico Miles de laboratorios en todo el mundo ya han reemplazado los tubos de diluci\u00f3n y el mezclador vortex por el Sistema Dilucup\u00ae. Y no se arrepienten. No hay mejor manera de saber si algo es para ti que prob\u00e1ndolo por ti mismo. Por eso ofrecemos demostraciones gratuitas para &#8230; <a title=\"Dilucup System\" class=\"read-more\" href=\"https:\/\/labrobot.com\/es\/dilucup-system\/\" aria-label=\"Leer m\u00e1s sobre Dilucup System\">Read more<\/a><\/p>\n","protected":false},"author":243,"featured_media":0,"parent":0,"menu_order":0,"comment_status":"closed","ping_status":"closed","template":"","meta":{"_acf_changed":false,"generate_page_header":"","footnotes":""},"class_list":["post-12749","page","type-page","status-publish"],"acf":[],"yoast_head":"<!-- This site is optimized with the Yoast SEO Premium plugin v27.3 (Yoast SEO v27.3) - https:\/\/yoast.com\/product\/yoast-seo-premium-wordpress\/ -->\n<title>El Sistema Dilucup reemplaza los tubos de diluci\u00f3n y el mezclador vortex<\/title>\n<meta name=\"description\" content=\"Miles de laboratorios en todo el mundo ya han reemplazado los tubos de diluci\u00f3n y el mezclador vortex por el Sistema Dilucup\u00ae.\" \/>\n<meta name=\"robots\" content=\"index, follow, max-snippet:-1, max-image-preview:large, max-video-preview:-1\" \/>\n<link rel=\"canonical\" href=\"https:\/\/labrobot.com\/es\/dilucup-system\/\" \/>\n<meta property=\"og:locale\" content=\"es_ES\" \/>\n<meta property=\"og:type\" content=\"article\" \/>\n<meta property=\"og:title\" content=\"Dilucup System\" \/>\n<meta property=\"og:description\" content=\"Miles de laboratorios en todo el mundo ya han reemplazado los tubos de diluci\u00f3n y el mezclador vortex por el Sistema Dilucup\u00ae.\" \/>\n<meta property=\"og:url\" content=\"https:\/\/labrobot.com\/es\/dilucup-system\/\" \/>\n<meta property=\"og:site_name\" content=\"LabRobot\" \/>\n<meta property=\"article:publisher\" content=\"https:\/\/www.facebook.com\/labrobotproductsab\" \/>\n<meta property=\"article:modified_time\" content=\"2024-09-23T07:32:52+00:00\" \/>\n<meta property=\"og:image\" content=\"https:\/\/labrobot.com\/wp-content\/uploads\/bb-plugin\/cache\/dilutions-with-dilugent-1024x1012-circle-8d188893c4f4042a7c3f93c8866997be-.jpg\" \/>\n<meta name=\"twitter:card\" content=\"summary_large_image\" \/>\n<meta name=\"twitter:label1\" content=\"Tiempo de lectura\" \/>\n\t<meta name=\"twitter:data1\" content=\"1 minuto\" \/>\n<script type=\"application\/ld+json\" class=\"yoast-schema-graph\">{\"@context\":\"https:\\\/\\\/schema.org\",\"@graph\":[{\"@type\":\"WebPage\",\"@id\":\"https:\\\/\\\/labrobot.com\\\/es\\\/dilucup-system\\\/\",\"url\":\"https:\\\/\\\/labrobot.com\\\/es\\\/dilucup-system\\\/\",\"name\":\"El Sistema Dilucup reemplaza los tubos de diluci\u00f3n y el mezclador vortex\",\"isPartOf\":{\"@id\":\"https:\\\/\\\/labrobot.com\\\/#website\"},\"primaryImageOfPage\":{\"@id\":\"https:\\\/\\\/labrobot.com\\\/es\\\/dilucup-system\\\/#primaryimage\"},\"image\":{\"@id\":\"https:\\\/\\\/labrobot.com\\\/es\\\/dilucup-system\\\/#primaryimage\"},\"thumbnailUrl\":\"https:\\\/\\\/labrobot.com\\\/wp-content\\\/uploads\\\/bb-plugin\\\/cache\\\/dilutions-with-dilugent-1024x1012-circle-8d188893c4f4042a7c3f93c8866997be-.jpg\",\"datePublished\":\"2021-11-29T09:58:29+00:00\",\"dateModified\":\"2024-09-23T07:32:52+00:00\",\"description\":\"Miles de laboratorios en todo el mundo ya han reemplazado los tubos de diluci\u00f3n y el mezclador vortex por el Sistema Dilucup\u00ae.\",\"breadcrumb\":{\"@id\":\"https:\\\/\\\/labrobot.com\\\/es\\\/dilucup-system\\\/#breadcrumb\"},\"inLanguage\":\"es\",\"potentialAction\":[{\"@type\":\"ReadAction\",\"target\":[\"https:\\\/\\\/labrobot.com\\\/es\\\/dilucup-system\\\/\"]}]},{\"@type\":\"ImageObject\",\"inLanguage\":\"es\",\"@id\":\"https:\\\/\\\/labrobot.com\\\/es\\\/dilucup-system\\\/#primaryimage\",\"url\":\"https:\\\/\\\/labrobot.com\\\/wp-content\\\/uploads\\\/bb-plugin\\\/cache\\\/dilutions-with-dilugent-1024x1012-circle-8d188893c4f4042a7c3f93c8866997be-.jpg\",\"contentUrl\":\"https:\\\/\\\/labrobot.com\\\/wp-content\\\/uploads\\\/bb-plugin\\\/cache\\\/dilutions-with-dilugent-1024x1012-circle-8d188893c4f4042a7c3f93c8866997be-.jpg\"},{\"@type\":\"BreadcrumbList\",\"@id\":\"https:\\\/\\\/labrobot.com\\\/es\\\/dilucup-system\\\/#breadcrumb\",\"itemListElement\":[{\"@type\":\"ListItem\",\"position\":1,\"name\":\"Home\",\"item\":\"https:\\\/\\\/labrobot.com\\\/es\\\/\"},{\"@type\":\"ListItem\",\"position\":2,\"name\":\"Dilucup System\"}]},{\"@type\":\"WebSite\",\"@id\":\"https:\\\/\\\/labrobot.com\\\/#website\",\"url\":\"https:\\\/\\\/labrobot.com\\\/\",\"name\":\"LabRobot\",\"description\":\"Easy quick ergonomic serial dilution method\",\"publisher\":{\"@id\":\"https:\\\/\\\/labrobot.com\\\/#organization\"},\"potentialAction\":[{\"@type\":\"SearchAction\",\"target\":{\"@type\":\"EntryPoint\",\"urlTemplate\":\"https:\\\/\\\/labrobot.com\\\/?s={search_term_string}\"},\"query-input\":{\"@type\":\"PropertyValueSpecification\",\"valueRequired\":true,\"valueName\":\"search_term_string\"}}],\"inLanguage\":\"es\"},{\"@type\":\"Organization\",\"@id\":\"https:\\\/\\\/labrobot.com\\\/#organization\",\"name\":\"LabRobot Products AB\",\"url\":\"https:\\\/\\\/labrobot.com\\\/\",\"logo\":{\"@type\":\"ImageObject\",\"inLanguage\":\"es\",\"@id\":\"https:\\\/\\\/labrobot.com\\\/#\\\/schema\\\/logo\\\/image\\\/\",\"url\":\"https:\\\/\\\/labrobot.com\\\/wp-content\\\/uploads\\\/2018\\\/12\\\/LabRobot_LOGO_signatur.jpg\",\"contentUrl\":\"https:\\\/\\\/labrobot.com\\\/wp-content\\\/uploads\\\/2018\\\/12\\\/LabRobot_LOGO_signatur.jpg\",\"width\":200,\"height\":54,\"caption\":\"LabRobot Products AB\"},\"image\":{\"@id\":\"https:\\\/\\\/labrobot.com\\\/#\\\/schema\\\/logo\\\/image\\\/\"},\"sameAs\":[\"https:\\\/\\\/www.facebook.com\\\/labrobotproductsab\",\"https:\\\/\\\/www.linkedin.com\\\/company\\\/labrobot-products-ab\\\/\",\"https:\\\/\\\/www.youtube.com\\\/channel\\\/UCHGyF_OHfxI1No9ahbU-agQ\"]}]}<\/script>\n<!-- \/ Yoast SEO Premium plugin. -->","yoast_head_json":{"title":"El Sistema Dilucup reemplaza los tubos de diluci\u00f3n y el mezclador vortex","description":"Miles de laboratorios en todo el mundo ya han reemplazado los tubos de diluci\u00f3n y el mezclador vortex por el Sistema Dilucup\u00ae.","robots":{"index":"index","follow":"follow","max-snippet":"max-snippet:-1","max-image-preview":"max-image-preview:large","max-video-preview":"max-video-preview:-1"},"canonical":"https:\/\/labrobot.com\/es\/dilucup-system\/","og_locale":"es_ES","og_type":"article","og_title":"Dilucup System","og_description":"Miles de laboratorios en todo el mundo ya han reemplazado los tubos de diluci\u00f3n y el mezclador vortex por el Sistema Dilucup\u00ae.","og_url":"https:\/\/labrobot.com\/es\/dilucup-system\/","og_site_name":"LabRobot","article_publisher":"https:\/\/www.facebook.com\/labrobotproductsab","article_modified_time":"2024-09-23T07:32:52+00:00","og_image":[{"url":"https:\/\/labrobot.com\/wp-content\/uploads\/bb-plugin\/cache\/dilutions-with-dilugent-1024x1012-circle-8d188893c4f4042a7c3f93c8866997be-.jpg","type":"","width":"","height":""}],"twitter_card":"summary_large_image","twitter_misc":{"Tiempo de lectura":"1 minuto"},"schema":{"@context":"https:\/\/schema.org","@graph":[{"@type":"WebPage","@id":"https:\/\/labrobot.com\/es\/dilucup-system\/","url":"https:\/\/labrobot.com\/es\/dilucup-system\/","name":"El Sistema Dilucup reemplaza los tubos de diluci\u00f3n y el mezclador vortex","isPartOf":{"@id":"https:\/\/labrobot.com\/#website"},"primaryImageOfPage":{"@id":"https:\/\/labrobot.com\/es\/dilucup-system\/#primaryimage"},"image":{"@id":"https:\/\/labrobot.com\/es\/dilucup-system\/#primaryimage"},"thumbnailUrl":"https:\/\/labrobot.com\/wp-content\/uploads\/bb-plugin\/cache\/dilutions-with-dilugent-1024x1012-circle-8d188893c4f4042a7c3f93c8866997be-.jpg","datePublished":"2021-11-29T09:58:29+00:00","dateModified":"2024-09-23T07:32:52+00:00","description":"Miles de laboratorios en todo el mundo ya han reemplazado los tubos de diluci\u00f3n y el mezclador vortex por el Sistema Dilucup\u00ae.","breadcrumb":{"@id":"https:\/\/labrobot.com\/es\/dilucup-system\/#breadcrumb"},"inLanguage":"es","potentialAction":[{"@type":"ReadAction","target":["https:\/\/labrobot.com\/es\/dilucup-system\/"]}]},{"@type":"ImageObject","inLanguage":"es","@id":"https:\/\/labrobot.com\/es\/dilucup-system\/#primaryimage","url":"https:\/\/labrobot.com\/wp-content\/uploads\/bb-plugin\/cache\/dilutions-with-dilugent-1024x1012-circle-8d188893c4f4042a7c3f93c8866997be-.jpg","contentUrl":"https:\/\/labrobot.com\/wp-content\/uploads\/bb-plugin\/cache\/dilutions-with-dilugent-1024x1012-circle-8d188893c4f4042a7c3f93c8866997be-.jpg"},{"@type":"BreadcrumbList","@id":"https:\/\/labrobot.com\/es\/dilucup-system\/#breadcrumb","itemListElement":[{"@type":"ListItem","position":1,"name":"Home","item":"https:\/\/labrobot.com\/es\/"},{"@type":"ListItem","position":2,"name":"Dilucup System"}]},{"@type":"WebSite","@id":"https:\/\/labrobot.com\/#website","url":"https:\/\/labrobot.com\/","name":"LabRobot","description":"Easy quick ergonomic serial dilution method","publisher":{"@id":"https:\/\/labrobot.com\/#organization"},"potentialAction":[{"@type":"SearchAction","target":{"@type":"EntryPoint","urlTemplate":"https:\/\/labrobot.com\/?s={search_term_string}"},"query-input":{"@type":"PropertyValueSpecification","valueRequired":true,"valueName":"search_term_string"}}],"inLanguage":"es"},{"@type":"Organization","@id":"https:\/\/labrobot.com\/#organization","name":"LabRobot Products AB","url":"https:\/\/labrobot.com\/","logo":{"@type":"ImageObject","inLanguage":"es","@id":"https:\/\/labrobot.com\/#\/schema\/logo\/image\/","url":"https:\/\/labrobot.com\/wp-content\/uploads\/2018\/12\/LabRobot_LOGO_signatur.jpg","contentUrl":"https:\/\/labrobot.com\/wp-content\/uploads\/2018\/12\/LabRobot_LOGO_signatur.jpg","width":200,"height":54,"caption":"LabRobot Products AB"},"image":{"@id":"https:\/\/labrobot.com\/#\/schema\/logo\/image\/"},"sameAs":["https:\/\/www.facebook.com\/labrobotproductsab","https:\/\/www.linkedin.com\/company\/labrobot-products-ab\/","https:\/\/www.youtube.com\/channel\/UCHGyF_OHfxI1No9ahbU-agQ"]}]}},"_links":{"self":[{"href":"https:\/\/labrobot.com\/es\/wp-json\/wp\/v2\/pages\/12749","targetHints":{"allow":["GET"]}}],"collection":[{"href":"https:\/\/labrobot.com\/es\/wp-json\/wp\/v2\/pages"}],"about":[{"href":"https:\/\/labrobot.com\/es\/wp-json\/wp\/v2\/types\/page"}],"author":[{"embeddable":true,"href":"https:\/\/labrobot.com\/es\/wp-json\/wp\/v2\/users\/243"}],"replies":[{"embeddable":true,"href":"https:\/\/labrobot.com\/es\/wp-json\/wp\/v2\/comments?post=12749"}],"version-history":[{"count":0,"href":"https:\/\/labrobot.com\/es\/wp-json\/wp\/v2\/pages\/12749\/revisions"}],"wp:attachment":[{"href":"https:\/\/labrobot.com\/es\/wp-json\/wp\/v2\/media?parent=12749"}],"curies":[{"name":"wp","href":"https:\/\/api.w.org\/{rel}","templated":true}]}}