{"id":10443,"date":"2018-12-07T11:56:36","date_gmt":"2018-12-07T10:56:36","guid":{"rendered":"https:\/\/labrobot.com\/dilucup-elegance\/"},"modified":"2025-05-22T08:35:07","modified_gmt":"2025-05-22T07:35:07","slug":"dilucup-elegance","status":"publish","type":"page","link":"https:\/\/labrobot.com\/es\/dilucup-elegance\/","title":{"rendered":"Dilucup Elegance"},"content":{"rendered":"\n\n<h2>\n\t\tDilucup\u00ae Elegance\n\t<\/h2>\n<h1>\n\t\tCopas de diluci\u00f3n listas para usar\n\t<\/h1>\n\t<p><em>Las copas de diluci\u00f3n prellenadas son la alternativa ergon\u00f3mica y eficiente a los tubos de diluci\u00f3n y los mezcladores vortex<\/em><\/p>\n<ul>\n<li>Est\u00e9ril: producido en sala limpia y esterilizado por irradiaci\u00f3n.<\/li>\n<li>Vol\u00famenes de diluyente de alta precisi\u00f3n: 9 ml \u00b1 2 %.<br \/>\nNormalmente: 9 ml \u00b1 0,5 %.<\/li>\n<li>Larga vida \u00fatil de 30 meses.<\/li>\n<li>Cumple con las normas ISO.<\/li>\n<\/ul>\n\t\t\t<img decoding=\"async\" loading='false' src=\"https:\/\/labrobot.com\/wp-content\/uploads\/2024\/07\/dilucup-MRD-blister-scaled.jpg\" alt=\"MRD maximum recory diluent\" \/>\t\t\t\n\t\t\t<img decoding=\"async\" loading='false' src=\"https:\/\/labrobot.com\/wp-content\/uploads\/2023\/11\/Accurate-volume.png\" alt=\"Accurate volume diluent 9ml MRD NACL BPW\" \/>\t\t\t\n\t\t\t<img decoding=\"async\" loading='false' src=\"https:\/\/labrobot.com\/wp-content\/uploads\/2024\/05\/serial-dilution-cups-scaled.jpg\" alt=\"diluyente salino\" \/>\t\t\t\n\t\t\t<img decoding=\"async\" loading='false' src=\"https:\/\/labrobot.com\/wp-content\/uploads\/2018\/10\/IMG_9052-scaled.jpg\" alt=\"peptone water agua peptona tamponada\" \/>\t\t\t\n\t\t\t\t<img loading=\"lazy\" decoding=\"async\" src=\"https:\/\/labrobot.com\/wp-content\/uploads\/2022\/02\/dilucup-features-1024x700.jpg\" alt=\"dilucup caracteristicas\" itemprop=\"image\" height=\"700\" width=\"1024\" title=\"dilucup caracteristicas\" onerror=\"this.style.display='none'\"  \/>\n<h4>\n\t\tAsegura una mezcla homog\u00e9nea\n\t<\/h4>\n\t<p>El interior del Dilucup\u00ae se agita a fondo con uno de los dos agitadores de laboratorio disponibles, <a href=\"https:\/\/labrobot.com\/es\/dilushaker-iii\/\">Dilushaker III<\/a> o <a href=\"https:\/\/labrobot.com\/es\/dilugent-shaker\/\">Dilugent Shaker<\/a>. Gracias al ingenioso dise\u00f1o de la copa, se puede girar a altas velocidades (400 &#8211; 660 rpm) sin derramar, asegurando as\u00ed una mezcla homog\u00e9nea.<\/p>\n<p>Para comenzar, simplemente coloca el blister con los Dilucups sobre el agitador. Luego, abre el n\u00famero de copas que planeas usar levantando la pel\u00edcula delgada. Esta capa en la parte superior no solo garantiza la esterilidad, sino que tambi\u00e9n asegura el volumen correcto dentro de las copas.<\/p>\n<p><em>Puedes usar un <a href=\"https:\/\/labrobot.com\/es\/nuevo-cuter-para-dilucup\/\">cortador<\/a> para cortar la pel\u00edcula o tijeras para cortar todo el blister y separar las tazas.<\/em><\/p>\n<h4>\n\t\tTraza tus diluciones\n\t<\/h4>\n\t<p>Rastrear los m\u00e9todos en el laboratorio es de suma importancia para poder revisar en caso de un error e investigar por qu\u00e9 ocurri\u00f3.<\/p>\n<p>Para facilitar esto, tanto los blisters como las bolsas de Dilucup\u00ae est\u00e1n equipados con c\u00f3digos QR que pueden ser f\u00e1cilmente escaneados por el Dilugent\u00ae Shaker. Adem\u00e1s, se puede extraer la informaci\u00f3n con una memoria USB y posteriormente almacenarla en la computadora.<\/p>\n\t\t\t\t<img loading=\"lazy\" decoding=\"async\" src=\"https:\/\/labrobot.com\/wp-content\/uploads\/2024\/08\/QR-code-Dilucups-scaled.jpg\" alt=\"qr code dilution tubes cups dilucup\" itemprop=\"image\" height=\"1353\" width=\"2560\" title=\"QR code Dilucups\" onerror=\"this.style.display='none'\"  \/>\n\t<p><strong>\u00bfCu\u00e1ntas muestras?<\/strong><\/p>\n\t\t21\n\t\t\t\t\t7&#215;3 Dilucups\n\t\t42\n\t\t\t\t\t7&#215;6 Dilucups\n\t<p>Dilucup\u00ae Elegance est\u00e1 disponible en blisters de siete filas de tres (7&#215;3) o seis copas (7&#215;6). Dependiendo del n\u00famero de diluciones por muestra que realices habitualmente, puedes encontrar m\u00e1s conveniente el blister peque\u00f1o o el grande.<\/p>\n<p>Por ejemplo, si normalmente realizas 3 diluciones, recomendamos el blister con 7&#215;3 Dilucups. Sin embargo, si sueles realizar m\u00e1s de 3 diluciones, entonces el blister m\u00e1s grande con 7&#215;6 copas probablemente sea m\u00e1s adecuado para ti.<\/p>\n<p>Ambas versiones est\u00e1n dise\u00f1adas para encajar perfectamente en la bandeja del Dilushaker III y el Dilugent\u00ae Shaker.<\/p>\n\t\t\t\t<img loading=\"lazy\" decoding=\"async\" src=\"https:\/\/labrobot.com\/wp-content\/uploads\/2022\/02\/dilucup-7x3-7x6-1-scaled.jpg\" alt=\"dilucup 7x3 7x6\" itemprop=\"image\" height=\"1707\" width=\"2560\" title=\"dilucup 7x3 7x6\" onerror=\"this.style.display='none'\"  \/>\n\t<h4><strong>Diluyentes<\/strong><\/h4>\n\n<br \/>\nLas siguientes caracter\u00edsticas se aplican a todos nuestras copas de diluci\u00f3n precargados est\u00e1ndar, excepto DW:<br \/>\n\n\t<p>Volume:<\/p>\n\t<p>pH:<\/p>\n\t<p>Productividad microbiol\u00f3gica:<\/p>\n\t<p>Cantidad:<\/p>\n\t<p>3 copas \/ fila:<\/p>\n\t<p>6 copas \/ fila:<\/p>\n\t<p>9 mL \u00b1 2 % <em>(seg\u00fan ISO 6887-1:2017)<\/em><\/p>\n\t<p>7,0 \u00b1 0,2 <em>(seg\u00fan ISO 6887-1:2017)<\/em><\/p>\n\t<p>verificado con <em>E. coli <\/em>y <em>S. aureus (seg\u00fan ISO 11133:2014)<\/em><\/p>\n\t<p>672 copas \/ caja<\/p>\n\t<p>2 bolsas x 16 blisters x 21 Dilucups por caja<\/p>\n\t<p>2 bolsas x 8 blisters x 42 Dilucups por caja<\/p>\n\t<h3><strong>NACL<\/strong><\/h3>\n<h4><em>Soluci\u00f3n salina \/<br \/>\nDiluyente salino<\/em><\/h4>\n<h4>Soluci\u00f3n tamponada que incluye <strong>8,5 g\/L NaCl<\/strong><\/h4>\n<strong>40DENACL3:<\/strong> 3 copas\/fila<br \/>\n<strong>40DENACL6:<\/strong> 6 copas\/fila\n\t\t\t\t<img loading=\"lazy\" decoding=\"async\" src=\"https:\/\/labrobot.com\/wp-content\/uploads\/2024\/05\/serial-dilution-cups-scaled.jpg\" alt=\"diluyente salino\" itemprop=\"image\" height=\"1698\" width=\"2560\" title=\"serial dilution cups\" onerror=\"this.style.display='none'\"  \/>\n\t<h3><strong>MRD<\/strong><\/h3>\n<h4><em>Diluyente de Recuperaci\u00f3n M\u00e1xima \/ Sal de Peptona<\/em><\/h4>\n<h4>Soluci\u00f3n tamponada <strong>1 g\/L de <\/strong><strong>peptonas, 8,5 g\/L NaCl <\/strong><\/h4>\n<strong>40DEMRD3:<\/strong> 3 copas\/fila<br \/>\n<strong>40DEMRD6:<\/strong> 6 copas\/fila\n\t\t\t\t<img loading=\"lazy\" decoding=\"async\" src=\"https:\/\/labrobot.com\/wp-content\/uploads\/2024\/07\/dilucup-MRD-blister-scaled.jpg\" alt=\"MRD maximum recory diluent\" itemprop=\"image\" height=\"1707\" width=\"2560\" title=\"dilucup MRD blister\" onerror=\"this.style.display='none'\"  \/>\n\t<h3><strong>BPW<\/strong><\/h3>\n<h4><em>Buffered Peptone Water \/ Agua Peptonada Tamponada<\/em><\/h4>\n<h4>Soluci\u00f3n tamponada que incluye <strong>10 g\/L de <\/strong><strong>peptonas, 5 g\/L NaCl<\/strong>\n<strong>40DEBPW3:<\/strong> 3 copas\/fila<br \/>\n<strong>40DEBPW6:<\/strong> 6 copas\/fila<\/h4>\n\t\t\t\t<img loading=\"lazy\" decoding=\"async\" src=\"https:\/\/labrobot.com\/wp-content\/uploads\/2018\/10\/IMG_9052-scaled.jpg\" alt=\"peptone water agua peptona tamponada\" itemprop=\"image\" height=\"1707\" width=\"2560\" title=\"agua peptona tamponada\" onerror=\"this.style.display='none'\"  \/>\n\t<h3><strong>EP<\/strong><\/h3>\n<h4><em>Eau pepton\u00e9e \/<br \/>\nAgua de peptona<\/em><\/h4>\n<h4>Soluci\u00f3n tamponada que incluye<br \/>\n<strong>0,1% de peptona<\/strong>\n<strong>40DEEP3:<\/strong> 3 copas\/fila<br \/>\n<strong>40DEEP6:<\/strong> 6 copas\/fila<\/h4>\n\t\t\t\t<img loading=\"lazy\" decoding=\"async\" src=\"https:\/\/labrobot.com\/wp-content\/uploads\/2018\/12\/serial-dilution-scaled.jpg\" alt=\"saline diluent nacl\" itemprop=\"image\" height=\"1579\" width=\"2560\" title=\"serial dilution\" onerror=\"this.style.display='none'\"  \/>\n\t<h3><strong>DW<\/strong><\/h3>\n<h4><em>Deionized Water \/ Agua desionizada<\/em><\/h4>\n<p>Conductividad: menos de 10 \u03bcS\/cm<\/p>\n<strong>40DEDW3:<\/strong> 3 copas\/fila<br \/>\n<strong>40DEDW6:<\/strong> 3 copas\/fila\n\t\t\t\t<img loading=\"lazy\" decoding=\"async\" src=\"https:\/\/labrobot.com\/wp-content\/uploads\/2024\/10\/IMG_9146-scaled.jpg\" alt=\"deionized water dilution cups\" itemprop=\"image\" height=\"2560\" width=\"1707\" title=\"IMG_9146\" onerror=\"this.style.display='none'\"  \/>\n<h4>\n\t\t Hojas de datos\n\t<\/h4>\n\t\t\t<a href=\"https:\/\/labrobot.com\/wp-content\/uploads\/2024\/09\/Data-sheet-MRD-09-2024-eng.pdf\" target=\"_blank\" rel=\"noopener\">\n\t\t\t\t\t\tFicha t\u00e9cnica MRD\n\t\t\t\t\t<\/a>\n\t\t\t<a href=\"https:\/\/labrobot.com\/wp-content\/uploads\/2024\/09\/Data-sheet-BPW-09-2024-eng.pdf\" target=\"_blank\" rel=\"noopener\">\n\t\t\t\t\t\tFicha t\u00e9cnica BPW \n\t\t\t\t\t<\/a>\n\t\t\t<a href=\"https:\/\/labrobot.com\/wp-content\/uploads\/2024\/09\/Data-sheet-NACL-09-2024-eng.pdf\" target=\"_blank\" rel=\"noopener\">\n\t\t\t\t\t\tFicha t\u00e9cnica NACL\n\t\t\t\t\t<\/a>\n\t\t\t<a href=\"https:\/\/labrobot.com\/wp-content\/uploads\/2024\/10\/Data-sheet-EP-09-2024-eng.pdf\" target=\"_blank\" rel=\"noopener\">\n\t\t\t\t\t\tFicha t\u00e9cnica EP\n\t\t\t\t\t<\/a>\n\t\t\t<a href=\"https:\/\/labrobot.com\/wp-content\/uploads\/2024\/10\/Data-sheet-DW-2024-05-eng.pdf\" target=\"_blank\" rel=\"noopener\">\n\t\t\t\t\t\tFicha t\u00e9cnica DW\n\t\t\t\t\t<\/a>\n\t<p><strong>Ficha de datos de seguridad<\/strong><br \/><em>Debes estar conectad@ con tu usuario para acceder a ellas.<\/em><\/p>\n\t<p><strong>Certificados control de calidad<\/strong><br \/><em>Debes estar conectad@ con tu usuario para acceder a ellos.<\/em><\/p>\n\n\t\t\t<a href=\"https:\/\/labrobot.com\/es\/certificados\/\" target=\"_blank\" rel=\"noopener\">\n\t\t\t\t\t\tCertificados\n\t\t\t\t\t<\/a>\n<h6>\n\t\t\u00bfQuieres otro diluyente en formato Dilucup\u00ae?\n\t<\/h6>\n\t<p>La producci\u00f3n de otros art\u00edculos (receta propia, volumen diferente, etc&#8230;) es posible con un pedido <strong>m\u00ednimo de 2 palets<\/strong> (43 008 Dilucups).<\/p>\n<p><strong>\u00a0\u00a1Cont\u00e1ctanos para un estudio de factibilidad!<\/strong><\/p>\n+46 303 846 73<br \/>\n<a href=\"mailto:kontakt@labrobot.com\">kontakt@labrobot.com<\/a><br \/>\nHerv\u00e9 Laisis, CEO<br \/>\n\n\t\t\t<a href=\"https:\/\/labrobot.com\/es\/contacto-distribuidores\/\" target=\"_self\">\n\t\t\t\t\t\to ponte en contacto con tu distribuidor\n\t\t\t\t\t<\/a>\n\t\t\t\t<img loading=\"lazy\" decoding=\"async\" src=\"https:\/\/labrobot.com\/wp-content\/uploads\/2025\/04\/HL32-scaled.jpg\" alt=\"HL32\" itemprop=\"image\" height=\"2145\" width=\"2560\" title=\"HL32\" onerror=\"this.style.display='none'\"  \/>\n<h5>\n\t\tShakers utilizados con Dilucup\u00ae Elegance\n\t<\/h5>\n\t\t\t\t<a href=\"https:\/\/labrobot.com\/es\/dilugent-shaker\/\"  target=\"_self\" itemprop=\"url\">\n\t\t\t\t<img loading=\"lazy\" decoding=\"async\" src=\"https:\/\/labrobot.com\/wp-content\/uploads\/bb-plugin\/cache\/dilutions-with-dilugent-1024x1012-circle-8d188893c4f4042a7c3f93c8866997be-.jpg\" alt=\"dilugent shaker\" itemprop=\"image\" height=\"1012\" width=\"1024\" title=\"dilutions with dilugent\" onerror=\"this.style.display='none'\"  \/>\n\t\t\t\t<\/a>\n<h3><a href=\"https:\/\/labrobot.com\/es\/dilugent-shaker\/\" target=\"_self\">Dilugent\u00ae Shaker<\/a><\/h3>\t\n\t\t\t\t<a href=\"https:\/\/labrobot.com\/es\/dilushaker-iii\/\"  target=\"_self\" itemprop=\"url\">\n\t\t\t\t<img loading=\"lazy\" decoding=\"async\" src=\"https:\/\/labrobot.com\/wp-content\/uploads\/bb-plugin\/cache\/DSIII-DENACL6-2-1024x683-circle-be4e5687fc0a36ff469230aed39db987-.jpg\" alt=\"dilushaker with a blister of dilucups. for serial dilutions\" itemprop=\"image\" height=\"683\" width=\"1024\" title=\"Dilushaker dilutions\" onerror=\"this.style.display='none'\"  \/>\n\t\t\t\t<\/a>\n<h3><a href=\"https:\/\/labrobot.com\/es\/dilushaker-iii\/\" target=\"_self\">Dilushaker III<\/a><\/h3>\t\n\n","protected":false},"excerpt":{"rendered":"<p>Dilucup\u00ae Elegance Copas de diluci\u00f3n listas para usar Las copas de diluci\u00f3n prellenadas son la alternativa ergon\u00f3mica y eficiente a los tubos de diluci\u00f3n y los mezcladores vortex Est\u00e9ril: producido en sala limpia y esterilizado por irradiaci\u00f3n. Vol\u00famenes de diluyente de alta precisi\u00f3n: 9 ml \u00b1 2 %. Normalmente: 9 ml \u00b1 0,5 %. Larga &#8230; <a title=\"Dilucup Elegance\" class=\"read-more\" href=\"https:\/\/labrobot.com\/es\/dilucup-elegance\/\" aria-label=\"Leer m\u00e1s sobre Dilucup Elegance\">Read more<\/a><\/p>\n","protected":false},"author":243,"featured_media":0,"parent":0,"menu_order":51,"comment_status":"closed","ping_status":"closed","template":"","meta":{"_acf_changed":false,"generate_page_header":"","footnotes":""},"class_list":["post-10443","page","type-page","status-publish"],"acf":[],"yoast_head":"<!-- This site is optimized with the Yoast SEO Premium plugin v27.3 (Yoast SEO v27.3) - https:\/\/yoast.com\/product\/yoast-seo-premium-wordpress\/ -->\n<title>Pocillos de diluci\u00f3n listos para usar: la alternativa ergon\u00f3mica a los tubos de diluci\u00f3n<\/title>\n<meta name=\"description\" content=\"Reemplace los tubos de diluci\u00f3n y el mezclador vortex con los pocillos de diluci\u00f3n listos para usar. Prellenadas con 9 mL de diluyente est\u00e9ril\" \/>\n<meta name=\"robots\" content=\"index, follow, max-snippet:-1, max-image-preview:large, max-video-preview:-1\" \/>\n<link rel=\"canonical\" href=\"https:\/\/labrobot.com\/es\/dilucup-elegance\/\" \/>\n<meta property=\"og:locale\" content=\"es_ES\" \/>\n<meta property=\"og:type\" content=\"article\" \/>\n<meta property=\"og:title\" content=\"Dilucup Elegance\" \/>\n<meta property=\"og:description\" content=\"Reemplace los tubos de diluci\u00f3n y el mezclador vortex con los pocillos de diluci\u00f3n listos para usar. Prellenadas con 9 mL de diluyente est\u00e9ril\" \/>\n<meta property=\"og:url\" content=\"https:\/\/labrobot.com\/es\/dilucup-elegance\/\" \/>\n<meta property=\"og:site_name\" content=\"LabRobot\" \/>\n<meta property=\"article:publisher\" content=\"https:\/\/www.facebook.com\/labrobotproductsab\" \/>\n<meta property=\"article:modified_time\" content=\"2025-05-22T07:35:07+00:00\" \/>\n<meta property=\"og:image\" content=\"https:\/\/labrobot.com\/wp-content\/uploads\/2024\/07\/dilucup-MRD-blister-scaled.jpg\" \/>\n<meta name=\"twitter:card\" content=\"summary_large_image\" \/>\n<meta name=\"twitter:label1\" content=\"Tiempo de lectura\" \/>\n\t<meta name=\"twitter:data1\" content=\"3 minutos\" \/>\n<script type=\"application\/ld+json\" class=\"yoast-schema-graph\">{\"@context\":\"https:\\\/\\\/schema.org\",\"@graph\":[{\"@type\":\"WebPage\",\"@id\":\"https:\\\/\\\/labrobot.com\\\/es\\\/dilucup-elegance\\\/\",\"url\":\"https:\\\/\\\/labrobot.com\\\/es\\\/dilucup-elegance\\\/\",\"name\":\"Pocillos de diluci\u00f3n listos para usar: la alternativa ergon\u00f3mica a los tubos de diluci\u00f3n\",\"isPartOf\":{\"@id\":\"https:\\\/\\\/labrobot.com\\\/#website\"},\"primaryImageOfPage\":{\"@id\":\"https:\\\/\\\/labrobot.com\\\/es\\\/dilucup-elegance\\\/#primaryimage\"},\"image\":{\"@id\":\"https:\\\/\\\/labrobot.com\\\/es\\\/dilucup-elegance\\\/#primaryimage\"},\"thumbnailUrl\":\"https:\\\/\\\/labrobot.com\\\/wp-content\\\/uploads\\\/2024\\\/07\\\/dilucup-MRD-blister-scaled.jpg\",\"datePublished\":\"2018-12-07T10:56:36+00:00\",\"dateModified\":\"2025-05-22T07:35:07+00:00\",\"description\":\"Reemplace los tubos de diluci\u00f3n y el mezclador vortex con los pocillos de diluci\u00f3n listos para usar. Prellenadas con 9 mL de diluyente est\u00e9ril\",\"breadcrumb\":{\"@id\":\"https:\\\/\\\/labrobot.com\\\/es\\\/dilucup-elegance\\\/#breadcrumb\"},\"inLanguage\":\"es\",\"potentialAction\":[{\"@type\":\"ReadAction\",\"target\":[\"https:\\\/\\\/labrobot.com\\\/es\\\/dilucup-elegance\\\/\"]}]},{\"@type\":\"ImageObject\",\"inLanguage\":\"es\",\"@id\":\"https:\\\/\\\/labrobot.com\\\/es\\\/dilucup-elegance\\\/#primaryimage\",\"url\":\"https:\\\/\\\/labrobot.com\\\/wp-content\\\/uploads\\\/2024\\\/07\\\/dilucup-MRD-blister-scaled.jpg\",\"contentUrl\":\"https:\\\/\\\/labrobot.com\\\/wp-content\\\/uploads\\\/2024\\\/07\\\/dilucup-MRD-blister-scaled.jpg\"},{\"@type\":\"BreadcrumbList\",\"@id\":\"https:\\\/\\\/labrobot.com\\\/es\\\/dilucup-elegance\\\/#breadcrumb\",\"itemListElement\":[{\"@type\":\"ListItem\",\"position\":1,\"name\":\"Home\",\"item\":\"https:\\\/\\\/labrobot.com\\\/es\\\/\"},{\"@type\":\"ListItem\",\"position\":2,\"name\":\"Dilucup Elegance\"}]},{\"@type\":\"WebSite\",\"@id\":\"https:\\\/\\\/labrobot.com\\\/#website\",\"url\":\"https:\\\/\\\/labrobot.com\\\/\",\"name\":\"LabRobot\",\"description\":\"Easy quick ergonomic serial dilution method\",\"publisher\":{\"@id\":\"https:\\\/\\\/labrobot.com\\\/#organization\"},\"potentialAction\":[{\"@type\":\"SearchAction\",\"target\":{\"@type\":\"EntryPoint\",\"urlTemplate\":\"https:\\\/\\\/labrobot.com\\\/?s={search_term_string}\"},\"query-input\":{\"@type\":\"PropertyValueSpecification\",\"valueRequired\":true,\"valueName\":\"search_term_string\"}}],\"inLanguage\":\"es\"},{\"@type\":\"Organization\",\"@id\":\"https:\\\/\\\/labrobot.com\\\/#organization\",\"name\":\"LabRobot Products AB\",\"url\":\"https:\\\/\\\/labrobot.com\\\/\",\"logo\":{\"@type\":\"ImageObject\",\"inLanguage\":\"es\",\"@id\":\"https:\\\/\\\/labrobot.com\\\/#\\\/schema\\\/logo\\\/image\\\/\",\"url\":\"https:\\\/\\\/labrobot.com\\\/wp-content\\\/uploads\\\/2018\\\/12\\\/LabRobot_LOGO_signatur.jpg\",\"contentUrl\":\"https:\\\/\\\/labrobot.com\\\/wp-content\\\/uploads\\\/2018\\\/12\\\/LabRobot_LOGO_signatur.jpg\",\"width\":200,\"height\":54,\"caption\":\"LabRobot Products AB\"},\"image\":{\"@id\":\"https:\\\/\\\/labrobot.com\\\/#\\\/schema\\\/logo\\\/image\\\/\"},\"sameAs\":[\"https:\\\/\\\/www.facebook.com\\\/labrobotproductsab\",\"https:\\\/\\\/www.linkedin.com\\\/company\\\/labrobot-products-ab\\\/\",\"https:\\\/\\\/www.youtube.com\\\/channel\\\/UCHGyF_OHfxI1No9ahbU-agQ\"]}]}<\/script>\n<!-- \/ Yoast SEO Premium plugin. -->","yoast_head_json":{"title":"Pocillos de diluci\u00f3n listos para usar: la alternativa ergon\u00f3mica a los tubos de diluci\u00f3n","description":"Reemplace los tubos de diluci\u00f3n y el mezclador vortex con los pocillos de diluci\u00f3n listos para usar. Prellenadas con 9 mL de diluyente est\u00e9ril","robots":{"index":"index","follow":"follow","max-snippet":"max-snippet:-1","max-image-preview":"max-image-preview:large","max-video-preview":"max-video-preview:-1"},"canonical":"https:\/\/labrobot.com\/es\/dilucup-elegance\/","og_locale":"es_ES","og_type":"article","og_title":"Dilucup Elegance","og_description":"Reemplace los tubos de diluci\u00f3n y el mezclador vortex con los pocillos de diluci\u00f3n listos para usar. Prellenadas con 9 mL de diluyente est\u00e9ril","og_url":"https:\/\/labrobot.com\/es\/dilucup-elegance\/","og_site_name":"LabRobot","article_publisher":"https:\/\/www.facebook.com\/labrobotproductsab","article_modified_time":"2025-05-22T07:35:07+00:00","og_image":[{"url":"https:\/\/labrobot.com\/wp-content\/uploads\/2024\/07\/dilucup-MRD-blister-scaled.jpg","type":"","width":"","height":""}],"twitter_card":"summary_large_image","twitter_misc":{"Tiempo de lectura":"3 minutos"},"schema":{"@context":"https:\/\/schema.org","@graph":[{"@type":"WebPage","@id":"https:\/\/labrobot.com\/es\/dilucup-elegance\/","url":"https:\/\/labrobot.com\/es\/dilucup-elegance\/","name":"Pocillos de diluci\u00f3n listos para usar: la alternativa ergon\u00f3mica a los tubos de diluci\u00f3n","isPartOf":{"@id":"https:\/\/labrobot.com\/#website"},"primaryImageOfPage":{"@id":"https:\/\/labrobot.com\/es\/dilucup-elegance\/#primaryimage"},"image":{"@id":"https:\/\/labrobot.com\/es\/dilucup-elegance\/#primaryimage"},"thumbnailUrl":"https:\/\/labrobot.com\/wp-content\/uploads\/2024\/07\/dilucup-MRD-blister-scaled.jpg","datePublished":"2018-12-07T10:56:36+00:00","dateModified":"2025-05-22T07:35:07+00:00","description":"Reemplace los tubos de diluci\u00f3n y el mezclador vortex con los pocillos de diluci\u00f3n listos para usar. Prellenadas con 9 mL de diluyente est\u00e9ril","breadcrumb":{"@id":"https:\/\/labrobot.com\/es\/dilucup-elegance\/#breadcrumb"},"inLanguage":"es","potentialAction":[{"@type":"ReadAction","target":["https:\/\/labrobot.com\/es\/dilucup-elegance\/"]}]},{"@type":"ImageObject","inLanguage":"es","@id":"https:\/\/labrobot.com\/es\/dilucup-elegance\/#primaryimage","url":"https:\/\/labrobot.com\/wp-content\/uploads\/2024\/07\/dilucup-MRD-blister-scaled.jpg","contentUrl":"https:\/\/labrobot.com\/wp-content\/uploads\/2024\/07\/dilucup-MRD-blister-scaled.jpg"},{"@type":"BreadcrumbList","@id":"https:\/\/labrobot.com\/es\/dilucup-elegance\/#breadcrumb","itemListElement":[{"@type":"ListItem","position":1,"name":"Home","item":"https:\/\/labrobot.com\/es\/"},{"@type":"ListItem","position":2,"name":"Dilucup Elegance"}]},{"@type":"WebSite","@id":"https:\/\/labrobot.com\/#website","url":"https:\/\/labrobot.com\/","name":"LabRobot","description":"Easy quick ergonomic serial dilution method","publisher":{"@id":"https:\/\/labrobot.com\/#organization"},"potentialAction":[{"@type":"SearchAction","target":{"@type":"EntryPoint","urlTemplate":"https:\/\/labrobot.com\/?s={search_term_string}"},"query-input":{"@type":"PropertyValueSpecification","valueRequired":true,"valueName":"search_term_string"}}],"inLanguage":"es"},{"@type":"Organization","@id":"https:\/\/labrobot.com\/#organization","name":"LabRobot Products AB","url":"https:\/\/labrobot.com\/","logo":{"@type":"ImageObject","inLanguage":"es","@id":"https:\/\/labrobot.com\/#\/schema\/logo\/image\/","url":"https:\/\/labrobot.com\/wp-content\/uploads\/2018\/12\/LabRobot_LOGO_signatur.jpg","contentUrl":"https:\/\/labrobot.com\/wp-content\/uploads\/2018\/12\/LabRobot_LOGO_signatur.jpg","width":200,"height":54,"caption":"LabRobot Products AB"},"image":{"@id":"https:\/\/labrobot.com\/#\/schema\/logo\/image\/"},"sameAs":["https:\/\/www.facebook.com\/labrobotproductsab","https:\/\/www.linkedin.com\/company\/labrobot-products-ab\/","https:\/\/www.youtube.com\/channel\/UCHGyF_OHfxI1No9ahbU-agQ"]}]}},"_links":{"self":[{"href":"https:\/\/labrobot.com\/es\/wp-json\/wp\/v2\/pages\/10443","targetHints":{"allow":["GET"]}}],"collection":[{"href":"https:\/\/labrobot.com\/es\/wp-json\/wp\/v2\/pages"}],"about":[{"href":"https:\/\/labrobot.com\/es\/wp-json\/wp\/v2\/types\/page"}],"author":[{"embeddable":true,"href":"https:\/\/labrobot.com\/es\/wp-json\/wp\/v2\/users\/243"}],"replies":[{"embeddable":true,"href":"https:\/\/labrobot.com\/es\/wp-json\/wp\/v2\/comments?post=10443"}],"version-history":[{"count":0,"href":"https:\/\/labrobot.com\/es\/wp-json\/wp\/v2\/pages\/10443\/revisions"}],"wp:attachment":[{"href":"https:\/\/labrobot.com\/es\/wp-json\/wp\/v2\/media?parent=10443"}],"curies":[{"name":"wp","href":"https:\/\/api.w.org\/{rel}","templated":true}]}}