{"id":10373,"date":"2021-12-07T13:10:53","date_gmt":"2021-12-07T12:10:53","guid":{"rendered":"https:\/\/labrobot.com\/faq\/"},"modified":"2025-01-10T10:33:26","modified_gmt":"2025-01-10T09:33:26","slug":"faq","status":"publish","type":"page","link":"https:\/\/labrobot.com\/es\/faq\/","title":{"rendered":"FAQ"},"content":{"rendered":"\n\n\t<h1>Preguntas frecuentes<\/h1>\n\t<h3>Dilucup\u00ae Elegance<\/h3>\n\t\t\t\t\t<a href=\"#\" id=\"fl-accordion--label-0\" tabindex=\"0\" aria-controls=\"fl-accordion--panel-0\">\u00bfCu\u00e1ntos Dilucups hay en una caja y cu\u00e1l es el peso de la caja?<\/a>\n\t\t\t\t\t\t\t\t\t\t\t<a href=\"#\" id=\"fl-accordion--icon-0\" tabindex=\"-1\"><i title=\"Expand\">Expand<\/i><\/a>\n\t\t\t\t\t<p><em>Hay 672 Dilucups en una caja est\u00e1ndar (2 bolsas de 336 tazas cada una) y el peso total es de 8.1 kg.<\/em><\/p>\n\t\t\t\t\t<a href=\"#\" id=\"fl-accordion--label-1\" tabindex=\"0\" aria-controls=\"fl-accordion--panel-1\">\u00bfQu\u00e9 diluyentes est\u00e1n disponibles?<\/a>\n\t\t\t\t\t\t\t\t\t\t\t<a href=\"#\" id=\"fl-accordion--icon-1\" tabindex=\"-1\"><i title=\"Expand\">Expand<\/i><\/a>\n<p><em>Estos\u00a0son\u00a0los\u00a0diluyentes\u00a0est\u00e1ndar\u00a0disponibles\u00a0en\u00a0formato\u00a0Dilucup\u00ae:<\/em><\/p>\n<ul>\n<li><em><strong>MRD:<\/strong> Diluyente de Recuperaci\u00f3n M\u00e1xima (tambi\u00e9n llamado\u00a0<\/em><em>Sal de Peptona<\/em><em>)<\/em><\/li>\n<li><em><strong>BPW:<\/strong> Agua Peptonada\u00a0<\/em><em>Tamponada<\/em><\/li>\n<li><em><strong>NACL:<\/strong>\u00a0Soluci\u00f3n\u00a0salina<\/em><\/li>\n<li><em><strong>EP:<\/strong>\u00a0Eau\u00a0pepton\u00e9e\u00a0\/\u00a0Agua\u00a0Peptonada<\/em><\/li>\n<li><em><strong>DW:<\/strong>\u00a0Agua\u00a0desionizada<\/em><\/li>\n<\/ul>\n<p><em>Podemos fabricar otros diluyentes o recetas con un pedido m\u00ednimo de 2 pallets. Cont\u00e1ctenos si te interesa.<\/em><\/p>\n\t\t\t\t\t<a href=\"#\" id=\"fl-accordion--label-2\" tabindex=\"0\" aria-controls=\"fl-accordion--panel-2\">\u00bfD\u00f3nde puedo encontrar la f\u00f3rmula de los diluyentes?<\/a>\n\t\t\t\t\t\t\t\t\t\t\t<a href=\"#\" id=\"fl-accordion--icon-2\" tabindex=\"-1\"><i title=\"Expand\">Expand<\/i><\/a>\n\t\t\t\t\t<p><em>La\u00a0receta\u00a0se\u00a0menciona\u00a0en\u00a0la\u00a0Hoja\u00a0de\u00a0Datos\u00a0T\u00e9cnicos\u00a0disponible.<\/em><\/p>\n\t\t\t\t\t<a href=\"#\" id=\"fl-accordion--label-3\" tabindex=\"0\" aria-controls=\"fl-accordion--panel-3\">\u00bfCu\u00e1nto tiempo y d\u00f3nde puedo guardar una caja de Dilucups?<\/a>\n\t\t\t\t\t\t\t\t\t\t\t<a href=\"#\" id=\"fl-accordion--icon-3\" tabindex=\"-1\"><i title=\"Expand\">Expand<\/i><\/a>\n\t\t\t\t\t<p><em>Mientras la bolsa no est\u00e9 abierta, puede mantenerla a temperatura ambiente hasta su fecha de vencimiento. Una vez abierta la bolsa de aluminio, recomendamos que los Dilucups se guarden en el frigor\u00edfico (5\u00b0C \u00b1 3\u00b0C) y se utilicen en un plazo de 3 meses. La bolsa de aluminio se puede extraer f\u00e1cilmente de la caja de cart\u00f3n antes de guardarla en el frigor\u00edfico.<\/em><\/p>\n\t\t\t\t\t<a href=\"#\" id=\"fl-accordion--label-4\" tabindex=\"0\" aria-controls=\"fl-accordion--panel-4\">\u00bfPuedo estar seguro de que los Dilucups son est\u00e9riles?<\/a>\n\t\t\t\t\t\t\t\t\t\t\t<a href=\"#\" id=\"fl-accordion--icon-4\" tabindex=\"-1\"><i title=\"Expand\">Expand<\/i><\/a>\n\t\t\t\t\t<p><em>S\u00ed, todas las cajas de Dilucup\u00ae se esterilizan con E-beam y se someten a una prueba de control de calidad adecuada antes del lanzamiento de cualquier lote.<\/em><\/p>\n\t\t\t\t\t<a href=\"#\" id=\"fl-accordion--label-5\" tabindex=\"0\" aria-controls=\"fl-accordion--panel-5\">A veces hay algo de humedad en la bolsa de aluminio; \u00bfSignifica que algunos Dilucups se han abierto?<\/a>\n\t\t\t\t\t\t\t\t\t\t\t<a href=\"#\" id=\"fl-accordion--icon-5\" tabindex=\"-1\"><i title=\"Expand\">Expand<\/i><\/a>\n\t\t\t\t\t<p><em>No. Cuando cerramos el papel de aluminio, tambi\u00e9n atrapamos algo de aire en la bolsa. Esta es la humedad (condensaci\u00f3n) de este aire que puedes encontrar dentro de la bolsa. Esto no afecta el volumen de diluyente incluido en la copa mientras la bolsa est\u00e9 cerrada.<\/em><\/p>\n\t\t\t\t\t<a href=\"#\" id=\"fl-accordion--label-6\" tabindex=\"0\" aria-controls=\"fl-accordion--panel-6\">Me gustar\u00eda recomendar Dilucup\u00ae Elegance a algunos de mis colegas de las filiales en el extranjero. \u00bfNecesitan pedir Dilucup\u00ae en Suecia?<\/a>\n\t\t\t\t\t\t\t\t\t\t\t<a href=\"#\" id=\"fl-accordion--icon-6\" tabindex=\"-1\"><i title=\"Expand\">Expand<\/i><\/a>\n<p><em>Probablemente no. Dilucup\u00ae Elegance se vende a trav\u00e9s de nuestra red de <a href=\"https:\/\/labrobot.com\/es\/contacto-distribuidores\/\">distribuidores<\/a> autorizados.<\/em><\/p>\n\t<h3>Dilugent\u00ae Shaker<\/h3>\n\t\t\t\t\t<a href=\"#\" id=\"fl-accordion--label-0\" tabindex=\"0\" aria-controls=\"fl-accordion--panel-0\">Quiero comprar una versi\u00f3n superior del Dilugent\u00ae Shaker. \u00bfQu\u00e9 debo hacer?<\/a>\n\t\t\t\t\t\t\t\t\t\t\t<a href=\"#\" id=\"fl-accordion--icon-0\" tabindex=\"-1\"><i title=\"Expand\">Expand<\/i><\/a>\n<p>Actualizar el software es f\u00e1cil: simplemente conecte el Dilugent\u00ae Shaker a un ordenador para que nosotros desde Suecia podamos actualizar la versi\u00f3n.<\/p>\n<p>Por favor, contacte a su distribuidor local y programaremos una actualizaci\u00f3n de software remota.<\/p>\n\t\t\t\t\t<a href=\"#\" id=\"fl-accordion--label-1\" tabindex=\"0\" aria-controls=\"fl-accordion--panel-1\">\u00bfPuedo cambiar los par\u00e1metros en Dilugent Shaker una vez que haya comenzado a hacer diluciones?<\/a>\n\t\t\t\t\t\t\t\t\t\t\t<a href=\"#\" id=\"fl-accordion--icon-1\" tabindex=\"-1\"><i title=\"Expand\">Expand<\/i><\/a>\n\t\t\t\t\t<p><em>S\u00ed, pero solo entre 2 muestras. Para ello, debe seleccionar la p\u00e1gina correspondiente del men\u00fa.<\/em><\/p>\n<p><em>En la p\u00e1gina MOTOR puede cambiar la velocidad de rotaci\u00f3n 1 (\u2248 410 rpm), 2 (\u2248 460 rpm), 3 (\u2248 510 rpm), 4 (\u2248 560 rpm), 5 (\u2248 610 rpm), 6 (\u2248 660 rpm) y el tiempo de agitaci\u00f3n (1 a 60 s). En la p\u00e1gina SENSOR puede cambiar el sensor que desea usar (derecho o izquierdo). En la p\u00e1gina SAMPLE (la que le recomendamos que seleccione mientras realiza las diluciones) tambi\u00e9n puede cambiar el n\u00famero de diluciones para la siguiente muestra (1 a 12).<\/em><\/p>\n\t\t\t\t\t<a href=\"#\" id=\"fl-accordion--label-2\" tabindex=\"0\" aria-controls=\"fl-accordion--panel-2\">Una vez que haya terminado la serie de diluciones y haya regresado al men\u00fa principal en Dilugent\u00ae Shaker, \u00bfpuedo volver al mismo Dilucup\u00ae donde me qued\u00e9?<\/a>\n\t\t\t\t\t\t\t\t\t\t\t<a href=\"#\" id=\"fl-accordion--icon-2\" tabindex=\"-1\"><i title=\"Expand\">Expand<\/i><\/a>\n\t\t\t\t\t<p><em>No. No presione el bot\u00f3n \u00abEND\u00bb si su serie de diluci\u00f3n no ha terminado. Pulsando el bot\u00f3n \u00abEND\u00bb, reinicia el programa y los LED vuelven autom\u00e1ticamente a la posici\u00f3n inicial.<\/em><\/p>\n\t\t\t\t\t<a href=\"#\" id=\"fl-accordion--label-3\" tabindex=\"0\" aria-controls=\"fl-accordion--panel-3\">\u00bfPor qu\u00e9 deber\u00eda mantener la trazabilidad del n\u00famero de lote de Dilucup\u00ae?<\/a>\n\t\t\t\t\t\t\t\t\t\t\t<a href=\"#\" id=\"fl-accordion--icon-3\" tabindex=\"-1\"><i title=\"Expand\">Expand<\/i><\/a>\n\t\t\t\t\t<p><em>La informaci\u00f3n sobre la hora de producci\u00f3n de los bl\u00edsteres puede ser de gran inter\u00e9s en determinados momentos, por eso recomendamos escanear el c\u00f3digo QR de los bl\u00edsteres para llevar un rastreo del lote de diluyente utilizado.<\/em><\/p>\n\t\t\t\t\t<a href=\"#\" id=\"fl-accordion--label-4\" tabindex=\"0\" aria-controls=\"fl-accordion--panel-4\">\u00bfPor qu\u00e9 Dilugent\u00ae Shaker es una mejor opci\u00f3n que Dilushaker III?<\/a>\n\t\t\t\t\t\t\t\t\t\t\t<a href=\"#\" id=\"fl-accordion--icon-4\" tabindex=\"-1\"><i title=\"Expand\">Expand<\/i><\/a>\n\t\t\t\t\t<p><em>Hay varias razones por las que Dilugent\u00ae Shaker es una mejor opci\u00f3n que Dilushaker III. Los m\u00e1s importantes se enumeran a continuaci\u00f3n:<\/em><\/p>\n<ul>\n<li><em>Dilugent\u00ae Shaker es m\u00e1s ergon\u00f3mico y c\u00f3modo al pipetear ya que es m\u00e1s bajo. No es necesario levantar el brazo tan alto como con un Dilushaker III.<\/em><\/li>\n<li><em>Ajuste m\u00e1s sencillo de los par\u00e1metros de diluci\u00f3n (tiempo, velocidad, n\u00famero de diluciones).<\/em><\/li>\n<li><em>Los sensores ubicados a los lados del Dilugent\u00ae Shaker reducen las sacudidas involuntarias que pueden ocurrir con Dilushaker III durante el trabajo.<\/em><\/li>\n<li><em>Dilugent\u00ae Shaker permite la trazabilidad de las diluciones exportando todos los datos a una hoja Excel\u00ae.<\/em><\/li>\n<li><em>Dilugent\u00ae Shaker proporciona una mejor gu\u00eda del usuario con 42 luces LED en lugar de 3 o 6 en un Dilushaker III.<\/em><\/li>\n<li><em>Con Dilugent\u00ae Shaker puede agitar tantas veces como desee sin influir en las luces LED. Esto es imposible con Dilushaker III.<\/em><\/li>\n<li><em>Con Dilugent\u00ae Shaker Pro puede realizar varias series de diluciones en paralelo (r\u00e9plicas).<\/em><\/li>\n<\/ul>\n\t\t\t\t\t<a href=\"#\" id=\"fl-accordion--label-5\" tabindex=\"0\" aria-controls=\"fl-accordion--panel-5\">\u00bfCu\u00e1ntos programas puedo guardar en Dilugent\u00ae Shaker?<\/a>\n\t\t\t\t\t\t\t\t\t\t\t<a href=\"#\" id=\"fl-accordion--icon-5\" tabindex=\"-1\"><i title=\"Expand\">Expand<\/i><\/a>\n\t\t\t\t\t<p><em>Se pueden almacenar hasta 2 plantillas en la versi\u00f3n Dilugent Shaker Light y un m\u00e1ximo de 10 en las otras versiones.<\/em><\/p>\n\t\t\t\t\t<a href=\"#\" id=\"fl-accordion--label-6\" tabindex=\"0\" aria-controls=\"fl-accordion--panel-6\">\u00bfQu\u00e9 par\u00e1metros exclusivos tiene la versi\u00f3n Dilugent\u00ae Shaker Pro?<\/a>\n\t\t\t\t\t\t\t\t\t\t\t<a href=\"#\" id=\"fl-accordion--icon-6\" tabindex=\"-1\"><i title=\"Expand\">Expand<\/i><\/a>\n\t\t\t\t\t<p><em>La versi\u00f3n Pro incluye programaci\u00f3n avanzada, colores de interfaz personalizables, colores de luz LED personalizables y posibilidad de conectarse a LIMS.<\/em><\/p>\n<p><em>Con la programaci\u00f3n avanzada puede seleccionar o deseleccionar los Dilucups que desea usar y puede programar para hacer r\u00e9plicas; es decir, realice diluciones en serie en paralelo.<\/em><\/p>\n<p><em>Hay cuatro temas diferentes para la pantalla y siete colores de luz LED diferentes. Esto puede ser una ventaja real para los usuarios dalt\u00f3nicos.<\/em><\/p>\n\t\t\t\t\t<a href=\"#\" id=\"fl-accordion--label-7\" tabindex=\"0\" aria-controls=\"fl-accordion--panel-7\">\u00bfPuedo usar blisters de Dilucups 3&#215;7 con Dilugent\u00ae Shaker?<\/a>\n\t\t\t\t\t\t\t\t\t\t\t<a href=\"#\" id=\"fl-accordion--icon-7\" tabindex=\"-1\"><i title=\"Expand\">Expand<\/i><\/a>\n\t\t\t\t\t<p><em>S\u00ed. Puede utilizar blisters de 3&#215;7 o 6&#215;7 <\/em><em>Dilucups <\/em><em>. Si usa blisters de 3&#215;7 puede trabajar con ellos en el lado derecho o izquierdo de Dilugent\u00ae Shaker. Vaya a la secci\u00f3n \u00abBLISTER\u00bb para cambiar estos par\u00e1metros.<\/em><\/p>\n\t\t\t\t\t<a href=\"#\" id=\"fl-accordion--label-8\" tabindex=\"0\" aria-controls=\"fl-accordion--panel-8\">\u00bfQu\u00e9 tipo de informaci\u00f3n se puede exportar desde Dilugent\u00ae Shaker?<\/a>\n\t\t\t\t\t\t\t\t\t\t\t<a href=\"#\" id=\"fl-accordion--icon-8\" tabindex=\"-1\"><i title=\"Expand\">Expand<\/i><\/a>\n\t\t\t\t\t<p><em>Para exportar los datos, inserte una memoria USB en uno de los puertos no utilizados en la parte posterior de Dilugent\u00ae Shaker y seleccione EXPORTAR en UTILIDADES.<\/em><\/p>\n<p><em>Se exportar\u00e1 un Excel\u00ae denominado \u00abdilugent_data\u00bb a la memoria USB que contiene el siguiente tipo de informaci\u00f3n: identificaci\u00f3n de la diluci\u00f3n, la muestra, el lote Dilucup y el operador, la velocidad de rotaci\u00f3n, el tiempo de agitaci\u00f3n, el n\u00famero de diluciones y tiempo en el que se realiz\u00f3 la diluci\u00f3n.<\/em><\/p>\n\t\t\t\t\t<a href=\"#\" id=\"fl-accordion--label-9\" tabindex=\"0\" aria-controls=\"fl-accordion--panel-9\">\u00bfC\u00f3mo puedo diluir diferentes muestras en paralelo al mismo tiempo con Dilugent\u00ae Shaker Pro?<\/a>\n\t\t\t\t\t\t\t\t\t\t\t<a href=\"#\" id=\"fl-accordion--icon-9\" tabindex=\"-1\"><i title=\"Expand\">Expand<\/i><\/a>\n\t\t\t\t\t<p><em>Vaya a la p\u00e1gina 9 del manual de usuario de los Dilugent\u00ae Shaker para obtener una respuesta detallada.\u00a0<\/em><\/p>\n\t\t\t\t\t<a href=\"#\" id=\"fl-accordion--label-10\" tabindex=\"0\" aria-controls=\"fl-accordion--panel-10\">\u00bfC\u00f3mo se ve la pantalla en las diferentes versiones?<\/a>\n\t\t\t\t\t\t\t\t\t\t\t<a href=\"#\" id=\"fl-accordion--icon-10\" tabindex=\"-1\"><i title=\"Expand\">Expand<\/i><\/a>\n\t\t\t\t\t<p>Las\u00a0principales\u00a0diferencias\u00a0en\u00a0la\u00a0pantalla\u00a0son\u00a0las\u00a0siguientes:<\/p>\n<table border=\"0\">\n<tbody>\n<tr>\n<td><strong><em>Light<\/em><\/strong><\/td>\n<td><strong>Standard y <em>Pro<\/em><\/strong><\/td>\n<\/tr>\n<tr>\n<td><img loading=\"lazy\" decoding=\"async\" src=\"https:\/\/labrobot.com\/wp-content\/uploads\/2025\/01\/main-DGS-Light-300x176.jpg\" alt=\"version dilugent program\" width=\"390\" height=\"229\" \/>\n&nbsp;<\/td>\n<td><img loading=\"lazy\" decoding=\"async\" src=\"https:\/\/labrobot.com\/wp-content\/uploads\/2025\/01\/main-DGS-Pro-300x176.jpg\" alt=\"dilugent program\" width=\"390\" height=\"229\" \/>\n&nbsp;<\/td>\n<\/tr>\n<tr>\n<td><strong><em>Light<\/em><\/strong><\/td>\n<td><strong>Standard y <em>Pro<\/em><\/strong><\/td>\n<\/tr>\n<tr>\n<td><img loading=\"lazy\" decoding=\"async\" src=\"https:\/\/labrobot.com\/wp-content\/uploads\/2025\/01\/samples-Light-300x176.jpg\" alt=\"\" width=\"390\" height=\"229\" \/><\/td>\n<td><img loading=\"lazy\" decoding=\"async\" src=\"https:\/\/labrobot.com\/wp-content\/uploads\/2025\/01\/samples-Pro-300x176.jpg\" alt=\"\" width=\"390\" height=\"229\" \/><\/td>\n<\/tr>\n<tr>\n\n\n<\/tr>\n<tr>\n<td><strong><em>Light<\/em><\/strong>\n<img loading=\"lazy\" decoding=\"async\" src=\"https:\/\/labrobot.com\/wp-content\/uploads\/2025\/01\/utilities-Light-300x185.jpg\" alt=\"\" width=\"391\" height=\"241\" \/><\/td>\n<td><strong>Standard<\/strong>\n<img loading=\"lazy\" decoding=\"async\" src=\"https:\/\/labrobot.com\/wp-content\/uploads\/2025\/01\/utilities-SD-300x185.jpg\" alt=\"\" width=\"391\" height=\"241\" \/><\/td>\n<\/tr>\n<tr>\n<td><strong><em>Pro<\/em><\/strong>\n<img loading=\"lazy\" decoding=\"async\" src=\"https:\/\/labrobot.com\/wp-content\/uploads\/2025\/01\/utilities-Pro-300x185.jpg\" alt=\"\" width=\"391\" height=\"241\" \/><\/td>\n<td><strong>\u00a0<\/strong><\/td>\n<\/tr>\n<\/tbody>\n<\/table>\n\t<h3>Dilushaker III<\/h3>\n\t\t\t\t\t<a href=\"#\" id=\"fl-accordion--label-0\" tabindex=\"0\" aria-controls=\"fl-accordion--panel-0\">\u00bfQu\u00e9 par\u00e1metros puedo ajustar en un Dilushaker III?<\/a>\n\t\t\t\t\t\t\t\t\t\t\t<a href=\"#\" id=\"fl-accordion--icon-0\" tabindex=\"-1\"><i title=\"Expand\">Expand<\/i><\/a>\n\t\t\t\t\t<p><em>La velocidad de rotaci\u00f3n se puede establecer en 1 (\u2248 400 rpm), 2 (\u2248 500 rpm) o 3 (\u2248 600 rpm). El tiempo de agitaci\u00f3n var\u00eda entre uno y 15 segundos \/ muestra.<\/em><\/p>\n\t\t\t\t\t<a href=\"#\" id=\"fl-accordion--label-1\" tabindex=\"0\" aria-controls=\"fl-accordion--panel-1\">\u00bfEs posible realizar las diluciones bajo agitaci\u00f3n permanente?<\/a>\n\t\t\t\t\t\t\t\t\t\t\t<a href=\"#\" id=\"fl-accordion--icon-1\" tabindex=\"-1\"><i title=\"Expand\">Expand<\/i><\/a>\n<p>S\u00ed, en el men\u00fa \u00abTIME\u00bb puede seleccionar \u00ab-\u00ab. El Dilushaker comenzar\u00e1 a temblar cuando active el sensor \u00f3ptico y nunca se detendr\u00e1 hasta que active el sensor nuevamente. No recomendamos esta forma de hacerlo porque:<\/p>\n<ol>\n<li>El tiempo de agitaci\u00f3n no est\u00e1 estandarizado,<\/li>\n<li>No se puede utilizar la rampa LED.<\/li>\n<\/ol>\n\t\t\t\t\t<a href=\"#\" id=\"fl-accordion--label-2\" tabindex=\"0\" aria-controls=\"fl-accordion--panel-2\">\u00bfC\u00f3mo puedo cambiar la direcci\u00f3n del flujo de trabajo de los LED en la rampa?<\/a>\n\t\t\t\t\t\t\t\t\t\t\t<a href=\"#\" id=\"fl-accordion--icon-2\" tabindex=\"-1\"><i title=\"Expand\">Expand<\/i><\/a>\n\t\t\t\t\t<p><em>Inicie sesi\u00f3n para ver la respuesta.<\/em><\/p>\n\t\t\t\t\t<a href=\"#\" id=\"fl-accordion--label-3\" tabindex=\"0\" aria-controls=\"fl-accordion--panel-3\">La rampa de mi Dilushaker III ya no funciona. \u00bfC\u00f3mo puedo arreglarlo?<\/a>\n\t\t\t\t\t\t\t\t\t\t\t<a href=\"#\" id=\"fl-accordion--icon-3\" tabindex=\"-1\"><i title=\"Expand\">Expand<\/i><\/a>\n\t\t\t\t\t<p><em>Inicie sesi\u00f3n para ver la respuesta.<\/em><\/p>\n<h2>\n\t\tTiene m\u00e1s preguntas?\n\t<\/h2>\n\t<p>Cont\u00e1ctenos para otras preguntas no listadas arriba.<\/p>\n\n","protected":false},"excerpt":{"rendered":"<p>Preguntas frecuentes Dilucup\u00ae Elegance \u00bfCu\u00e1ntos Dilucups hay en una caja y cu\u00e1l es el peso de la caja? Expand Hay 672 Dilucups en una caja est\u00e1ndar (2 bolsas de 336 tazas cada una) y el peso total es de 8.1 kg. \u00bfQu\u00e9 diluyentes est\u00e1n disponibles? Expand Estos\u00a0son\u00a0los\u00a0diluyentes\u00a0est\u00e1ndar\u00a0disponibles\u00a0en\u00a0formato\u00a0Dilucup\u00ae: MRD: Diluyente de Recuperaci\u00f3n M\u00e1xima (tambi\u00e9n llamado\u00a0Sal de &#8230; <a title=\"FAQ\" class=\"read-more\" href=\"https:\/\/labrobot.com\/es\/faq\/\" aria-label=\"Leer m\u00e1s sobre FAQ\">Read more<\/a><\/p>\n","protected":false},"author":243,"featured_media":0,"parent":0,"menu_order":12,"comment_status":"closed","ping_status":"closed","template":"","meta":{"_acf_changed":false,"generate_page_header":"","footnotes":""},"class_list":["post-10373","page","type-page","status-publish"],"acf":[],"yoast_head":"<!-- This site is optimized with the Yoast SEO Premium plugin v27.3 (Yoast SEO v27.3) - https:\/\/yoast.com\/product\/yoast-seo-premium-wordpress\/ -->\n<title>Agua peptona tamponada, MRD, BPW, NACL | Copas de diluci\u00f3n | FAQ<\/title>\n<meta name=\"description\" content=\"Diluyentes disponibles en Dilucup; Diluyente de M\u00e1xima Recuperaci\u00f3n (sal de triptona o sal de peptona), agua de peptona tamponada, NACL: soluci\u00f3n salina.\" \/>\n<meta name=\"robots\" content=\"index, follow, max-snippet:-1, max-image-preview:large, max-video-preview:-1\" \/>\n<link rel=\"canonical\" href=\"https:\/\/labrobot.com\/es\/faq\/\" \/>\n<meta property=\"og:locale\" content=\"es_ES\" \/>\n<meta property=\"og:type\" content=\"article\" \/>\n<meta property=\"og:title\" content=\"FAQ\" \/>\n<meta property=\"og:description\" content=\"Diluyentes disponibles en Dilucup; Diluyente de M\u00e1xima Recuperaci\u00f3n (sal de triptona o sal de peptona), agua de peptona tamponada, NACL: soluci\u00f3n salina.\" \/>\n<meta property=\"og:url\" content=\"https:\/\/labrobot.com\/es\/faq\/\" \/>\n<meta property=\"og:site_name\" content=\"LabRobot\" \/>\n<meta property=\"article:publisher\" content=\"https:\/\/www.facebook.com\/labrobotproductsab\" \/>\n<meta property=\"article:modified_time\" content=\"2025-01-10T09:33:26+00:00\" \/>\n<meta property=\"og:image\" content=\"https:\/\/labrobot.com\/wp-content\/uploads\/2025\/01\/main-DGS-Light-300x176.jpg\" \/>\n<meta name=\"twitter:card\" content=\"summary_large_image\" \/>\n<meta name=\"twitter:label1\" content=\"Tiempo de lectura\" \/>\n\t<meta name=\"twitter:data1\" content=\"6 minutos\" \/>\n<script type=\"application\/ld+json\" class=\"yoast-schema-graph\">{\"@context\":\"https:\\\/\\\/schema.org\",\"@graph\":[{\"@type\":\"WebPage\",\"@id\":\"https:\\\/\\\/labrobot.com\\\/es\\\/faq\\\/\",\"url\":\"https:\\\/\\\/labrobot.com\\\/es\\\/faq\\\/\",\"name\":\"Agua peptona tamponada, MRD, BPW, NACL | Copas de diluci\u00f3n | FAQ\",\"isPartOf\":{\"@id\":\"https:\\\/\\\/labrobot.com\\\/#website\"},\"primaryImageOfPage\":{\"@id\":\"https:\\\/\\\/labrobot.com\\\/es\\\/faq\\\/#primaryimage\"},\"image\":{\"@id\":\"https:\\\/\\\/labrobot.com\\\/es\\\/faq\\\/#primaryimage\"},\"thumbnailUrl\":\"https:\\\/\\\/labrobot.com\\\/wp-content\\\/uploads\\\/2025\\\/01\\\/main-DGS-Light-300x176.jpg\",\"datePublished\":\"2021-12-07T12:10:53+00:00\",\"dateModified\":\"2025-01-10T09:33:26+00:00\",\"description\":\"Diluyentes disponibles en Dilucup; Diluyente de M\u00e1xima Recuperaci\u00f3n (sal de triptona o sal de peptona), agua de peptona tamponada, NACL: soluci\u00f3n salina.\",\"breadcrumb\":{\"@id\":\"https:\\\/\\\/labrobot.com\\\/es\\\/faq\\\/#breadcrumb\"},\"inLanguage\":\"es\",\"potentialAction\":[{\"@type\":\"ReadAction\",\"target\":[\"https:\\\/\\\/labrobot.com\\\/es\\\/faq\\\/\"]}]},{\"@type\":\"ImageObject\",\"inLanguage\":\"es\",\"@id\":\"https:\\\/\\\/labrobot.com\\\/es\\\/faq\\\/#primaryimage\",\"url\":\"https:\\\/\\\/labrobot.com\\\/wp-content\\\/uploads\\\/2025\\\/01\\\/main-DGS-Light-300x176.jpg\",\"contentUrl\":\"https:\\\/\\\/labrobot.com\\\/wp-content\\\/uploads\\\/2025\\\/01\\\/main-DGS-Light-300x176.jpg\"},{\"@type\":\"BreadcrumbList\",\"@id\":\"https:\\\/\\\/labrobot.com\\\/es\\\/faq\\\/#breadcrumb\",\"itemListElement\":[{\"@type\":\"ListItem\",\"position\":1,\"name\":\"Home\",\"item\":\"https:\\\/\\\/labrobot.com\\\/es\\\/\"},{\"@type\":\"ListItem\",\"position\":2,\"name\":\"FAQ\"}]},{\"@type\":\"WebSite\",\"@id\":\"https:\\\/\\\/labrobot.com\\\/#website\",\"url\":\"https:\\\/\\\/labrobot.com\\\/\",\"name\":\"LabRobot\",\"description\":\"Easy quick ergonomic serial dilution method\",\"publisher\":{\"@id\":\"https:\\\/\\\/labrobot.com\\\/#organization\"},\"potentialAction\":[{\"@type\":\"SearchAction\",\"target\":{\"@type\":\"EntryPoint\",\"urlTemplate\":\"https:\\\/\\\/labrobot.com\\\/?s={search_term_string}\"},\"query-input\":{\"@type\":\"PropertyValueSpecification\",\"valueRequired\":true,\"valueName\":\"search_term_string\"}}],\"inLanguage\":\"es\"},{\"@type\":\"Organization\",\"@id\":\"https:\\\/\\\/labrobot.com\\\/#organization\",\"name\":\"LabRobot Products AB\",\"url\":\"https:\\\/\\\/labrobot.com\\\/\",\"logo\":{\"@type\":\"ImageObject\",\"inLanguage\":\"es\",\"@id\":\"https:\\\/\\\/labrobot.com\\\/#\\\/schema\\\/logo\\\/image\\\/\",\"url\":\"https:\\\/\\\/labrobot.com\\\/wp-content\\\/uploads\\\/2018\\\/12\\\/LabRobot_LOGO_signatur.jpg\",\"contentUrl\":\"https:\\\/\\\/labrobot.com\\\/wp-content\\\/uploads\\\/2018\\\/12\\\/LabRobot_LOGO_signatur.jpg\",\"width\":200,\"height\":54,\"caption\":\"LabRobot Products AB\"},\"image\":{\"@id\":\"https:\\\/\\\/labrobot.com\\\/#\\\/schema\\\/logo\\\/image\\\/\"},\"sameAs\":[\"https:\\\/\\\/www.facebook.com\\\/labrobotproductsab\",\"https:\\\/\\\/www.linkedin.com\\\/company\\\/labrobot-products-ab\\\/\",\"https:\\\/\\\/www.youtube.com\\\/channel\\\/UCHGyF_OHfxI1No9ahbU-agQ\"]}]}<\/script>\n<!-- \/ Yoast SEO Premium plugin. -->","yoast_head_json":{"title":"Agua peptona tamponada, MRD, BPW, NACL | Copas de diluci\u00f3n | FAQ","description":"Diluyentes disponibles en Dilucup; Diluyente de M\u00e1xima Recuperaci\u00f3n (sal de triptona o sal de peptona), agua de peptona tamponada, NACL: soluci\u00f3n salina.","robots":{"index":"index","follow":"follow","max-snippet":"max-snippet:-1","max-image-preview":"max-image-preview:large","max-video-preview":"max-video-preview:-1"},"canonical":"https:\/\/labrobot.com\/es\/faq\/","og_locale":"es_ES","og_type":"article","og_title":"FAQ","og_description":"Diluyentes disponibles en Dilucup; Diluyente de M\u00e1xima Recuperaci\u00f3n (sal de triptona o sal de peptona), agua de peptona tamponada, NACL: soluci\u00f3n salina.","og_url":"https:\/\/labrobot.com\/es\/faq\/","og_site_name":"LabRobot","article_publisher":"https:\/\/www.facebook.com\/labrobotproductsab","article_modified_time":"2025-01-10T09:33:26+00:00","og_image":[{"url":"https:\/\/labrobot.com\/wp-content\/uploads\/2025\/01\/main-DGS-Light-300x176.jpg","type":"","width":"","height":""}],"twitter_card":"summary_large_image","twitter_misc":{"Tiempo de lectura":"6 minutos"},"schema":{"@context":"https:\/\/schema.org","@graph":[{"@type":"WebPage","@id":"https:\/\/labrobot.com\/es\/faq\/","url":"https:\/\/labrobot.com\/es\/faq\/","name":"Agua peptona tamponada, MRD, BPW, NACL | Copas de diluci\u00f3n | FAQ","isPartOf":{"@id":"https:\/\/labrobot.com\/#website"},"primaryImageOfPage":{"@id":"https:\/\/labrobot.com\/es\/faq\/#primaryimage"},"image":{"@id":"https:\/\/labrobot.com\/es\/faq\/#primaryimage"},"thumbnailUrl":"https:\/\/labrobot.com\/wp-content\/uploads\/2025\/01\/main-DGS-Light-300x176.jpg","datePublished":"2021-12-07T12:10:53+00:00","dateModified":"2025-01-10T09:33:26+00:00","description":"Diluyentes disponibles en Dilucup; Diluyente de M\u00e1xima Recuperaci\u00f3n (sal de triptona o sal de peptona), agua de peptona tamponada, NACL: soluci\u00f3n salina.","breadcrumb":{"@id":"https:\/\/labrobot.com\/es\/faq\/#breadcrumb"},"inLanguage":"es","potentialAction":[{"@type":"ReadAction","target":["https:\/\/labrobot.com\/es\/faq\/"]}]},{"@type":"ImageObject","inLanguage":"es","@id":"https:\/\/labrobot.com\/es\/faq\/#primaryimage","url":"https:\/\/labrobot.com\/wp-content\/uploads\/2025\/01\/main-DGS-Light-300x176.jpg","contentUrl":"https:\/\/labrobot.com\/wp-content\/uploads\/2025\/01\/main-DGS-Light-300x176.jpg"},{"@type":"BreadcrumbList","@id":"https:\/\/labrobot.com\/es\/faq\/#breadcrumb","itemListElement":[{"@type":"ListItem","position":1,"name":"Home","item":"https:\/\/labrobot.com\/es\/"},{"@type":"ListItem","position":2,"name":"FAQ"}]},{"@type":"WebSite","@id":"https:\/\/labrobot.com\/#website","url":"https:\/\/labrobot.com\/","name":"LabRobot","description":"Easy quick ergonomic serial dilution method","publisher":{"@id":"https:\/\/labrobot.com\/#organization"},"potentialAction":[{"@type":"SearchAction","target":{"@type":"EntryPoint","urlTemplate":"https:\/\/labrobot.com\/?s={search_term_string}"},"query-input":{"@type":"PropertyValueSpecification","valueRequired":true,"valueName":"search_term_string"}}],"inLanguage":"es"},{"@type":"Organization","@id":"https:\/\/labrobot.com\/#organization","name":"LabRobot Products AB","url":"https:\/\/labrobot.com\/","logo":{"@type":"ImageObject","inLanguage":"es","@id":"https:\/\/labrobot.com\/#\/schema\/logo\/image\/","url":"https:\/\/labrobot.com\/wp-content\/uploads\/2018\/12\/LabRobot_LOGO_signatur.jpg","contentUrl":"https:\/\/labrobot.com\/wp-content\/uploads\/2018\/12\/LabRobot_LOGO_signatur.jpg","width":200,"height":54,"caption":"LabRobot Products AB"},"image":{"@id":"https:\/\/labrobot.com\/#\/schema\/logo\/image\/"},"sameAs":["https:\/\/www.facebook.com\/labrobotproductsab","https:\/\/www.linkedin.com\/company\/labrobot-products-ab\/","https:\/\/www.youtube.com\/channel\/UCHGyF_OHfxI1No9ahbU-agQ"]}]}},"_links":{"self":[{"href":"https:\/\/labrobot.com\/es\/wp-json\/wp\/v2\/pages\/10373","targetHints":{"allow":["GET"]}}],"collection":[{"href":"https:\/\/labrobot.com\/es\/wp-json\/wp\/v2\/pages"}],"about":[{"href":"https:\/\/labrobot.com\/es\/wp-json\/wp\/v2\/types\/page"}],"author":[{"embeddable":true,"href":"https:\/\/labrobot.com\/es\/wp-json\/wp\/v2\/users\/243"}],"replies":[{"embeddable":true,"href":"https:\/\/labrobot.com\/es\/wp-json\/wp\/v2\/comments?post=10373"}],"version-history":[{"count":0,"href":"https:\/\/labrobot.com\/es\/wp-json\/wp\/v2\/pages\/10373\/revisions"}],"wp:attachment":[{"href":"https:\/\/labrobot.com\/es\/wp-json\/wp\/v2\/media?parent=10373"}],"curies":[{"name":"wp","href":"https:\/\/api.w.org\/{rel}","templated":true}]}}