{"id":10315,"date":"2021-02-26T12:23:22","date_gmt":"2021-02-26T11:23:22","guid":{"rendered":"https:\/\/labrobot.com\/home\/"},"modified":"2024-09-19T13:35:14","modified_gmt":"2024-09-19T12:35:14","slug":"home","status":"publish","type":"page","link":"https:\/\/labrobot.com\/es\/","title":{"rendered":"Home"},"content":{"rendered":"\n<h1>\n\t\tDiluciones en serie f\u00e1ciles, r\u00e1pidas y ergon\u00f3micas\n\t<\/h1>\n\t<p>Optimiza tu m\u00e9todo de diluci\u00f3n en serie con el Sistema Dilucup\u00ae. Dise\u00f1ado para enumeraciones microbiol\u00f3gicas f\u00e1ciles y precisas.<\/p>\n<h2>\n\t\t\u00bfQu\u00e9 son las diluciones en serie?\n\t<\/h2>\n\t<p>Las diluciones en serie implican la diluci\u00f3n paso a paso de una sustancia en una soluci\u00f3n, t\u00edpicamente por un factor constante, para reducir la concentraci\u00f3n de microorganismos a un nivel manejable. Esto es \u00fatil para contar las unidades formadoras de colonias (UFC) por mililitro o gramo, donde cada colonia representa un microorganismo viable de la muestra original.<\/p>\n<p><strong>El Sistema Dilucup\u00ae es una soluci\u00f3n innovadora que reemplaza los tubos de diluci\u00f3n junto con el vortex<\/strong>. Omite la preparaci\u00f3n laboriosa de diluyentes, autoclave, llenado de tubos, control de calidad, limpieza, etc., y las vibraciones en la mu\u00f1eca y los brazos al usar el vortex.<\/p>\n\t\t\t<a href=\"https:\/\/labrobot.com\/es\/nuestra-solucion\/\" target=\"_self\" rel=\"noopener\">\n\t\t\t\t\t\t\tNuestra soluci\u00f3n\n\t\t\t<\/a>\n<h3>\n\t\t\u00bfC\u00f3mo puede el Sistema Dilucup\u00ae mejorar tus diluciones en serie?\n\t<\/h3>\n\t<p>El Sistema Dilucup\u00ae puede beneficiarte mucho si deseas asegurar diluciones en serie precisas y estandarizadas, ahorrar mucho tiempo y tener una buena ergonom\u00eda en el laboratorio.<\/p>\n\t<h4>Ahorra tiempo<\/h4>\n\t<h4>Prev\u00e9n lesiones por esfuerzo repetitivo<\/h4>\n\t<h4>M\u00e9todo estandarizado<\/h4>\n\t<h4>F\u00e1cil almacenamiento y larga vida \u00fatil<br \/>\n(30 meses)<\/h4>\n\t<h4>Rentable<\/h4>\n\t\t\t<a href=\"https:\/\/labrobot.com\/es\/ventajas\/\" target=\"_self\" rel=\"noopener\">\n\t\t\t\t\t\t\tLea m\u00e1s sobre los beneficios\n\t\t\t<\/a>\n\t<h5><strong>Testimonios.<\/strong><\/h5>\n\t\t\t<img decoding=\"async\" loading='false' src=\"https:\/\/labrobot.com\/wp-content\/uploads\/2024\/07\/bild-2.jpg\" alt=\"\" \/>\t\t\t\n\t\t\t\t\u00ab\u00a1Con Dilucup\u00ae ahorramos mucho tiempo!<br \/>\nNo necesitamos preparar los tubos de diluci\u00f3n ni hacer el control de calidad de los diluyentes.<br \/>\n\u00a1El sistema Dilucup\u00ae realmente nos hace la vida m\u00e1s f\u00e1cil!\u00bb\n<em><strong>Martina Costa, <\/strong><\/em><em><strong>Director<br \/>\nGlobalab<br \/>\nPortugal<\/strong><\/em>\n<img decoding=\"async\" loading='false' src=\"https:\/\/labrobot.com\/wp-content\/uploads\/2024\/07\/bild-2.jpg\" alt=\"\" \/>\t\t\t\n\t\t\t<img decoding=\"async\" loading='false' src=\"https:\/\/labrobot.com\/wp-content\/uploads\/2022\/03\/testimonial2.jpg\" alt=\"\" \/>\t\t\t\n\t\t\t\t<p>\u00abProceso fluido, buena calidad y siempre entrega r\u00e1pida\u00bb<\/p>\n<strong><em>Peter Karlsson<br \/>\n<\/em><em> Quality lab coordinator,<br \/>\nArla Foods<br \/>\nJ\u00f6nk\u00f6ping, Suecia<\/em><\/strong>\n<img decoding=\"async\" loading='false' src=\"https:\/\/labrobot.com\/wp-content\/uploads\/2022\/03\/testimonial2.jpg\" alt=\"\" \/>\t\t\t\n\t\t\t<img decoding=\"async\" loading='false' src=\"https:\/\/labrobot.com\/wp-content\/uploads\/2024\/07\/PBV-testimonial-small.jpg\" alt=\"\" \/>\t\t\t\n\t\t\t\t\u00abEl Sistema Dilucup\u00ae permite realizar mediciones de forma f\u00e1cil y precisa.<br \/>\nEl volumen exacto del disolvente y la agitaci\u00f3n constante garantizan una concentraci\u00f3n uniforme de la muestra.\u00bb.<em><br \/>\n<\/em>\n<em><strong>~ Tetiana Garkavanko, Deputy Director,<br \/>\nFood Safety and Consumer Protection,<br \/>\n<\/strong><\/em><em><strong>Ucrania<\/strong><\/em>\n<img decoding=\"async\" loading='false' src=\"https:\/\/labrobot.com\/wp-content\/uploads\/2024\/07\/PBV-testimonial-small.jpg\" alt=\"\" \/>\t\t\t\n<h4>\n\t\t<a href=\"https:\/\/labrobot.com\/es\/noticias\/\" title=\"&lt;span style=&quot;color: #213469;&quot;&gt;\u00daltimas noticias&lt;span style=&quot;color: #ff6900&quot;&gt;.&lt;\/span&gt;&lt;\/span&gt;\" target=\"_self\" rel=\"noopener\">\n\t\t\u00daltimas noticias.\n\t\t<\/a>\n\t<\/h4>\n<h4>\n\t\tBolet\u00edn informativo.\n\t<\/h4>\n\t<p>Te invitamos a suscribirte a nuestro bolet\u00edn.<\/p>\n<p>Recibir\u00e1s noticias aproximadamente una vez al trimestre.<\/p>\n\t<h6>\u00a1S\u00edguenos en las redes sociales!<\/h6>\n\n","protected":false},"excerpt":{"rendered":"<p>Diluciones en serie f\u00e1ciles, r\u00e1pidas y ergon\u00f3micas Optimiza tu m\u00e9todo de diluci\u00f3n en serie con el Sistema Dilucup\u00ae. Dise\u00f1ado para enumeraciones microbiol\u00f3gicas f\u00e1ciles y precisas. \u00bfQu\u00e9 son las diluciones en serie? Las diluciones en serie implican la diluci\u00f3n paso a paso de una sustancia en una soluci\u00f3n, t\u00edpicamente por un factor constante, para reducir la &#8230; <a title=\"Home\" class=\"read-more\" href=\"https:\/\/labrobot.com\/es\/\" aria-label=\"Leer m\u00e1s sobre Home\">Read more<\/a><\/p>\n","protected":false},"author":243,"featured_media":0,"parent":0,"menu_order":20,"comment_status":"closed","ping_status":"closed","template":"","meta":{"_acf_changed":false,"generate_page_header":"","footnotes":""},"class_list":["post-10315","page","type-page","status-publish"],"acf":[],"yoast_head":"<!-- This site is optimized with the Yoast SEO Premium plugin v27.5 (Yoast SEO v27.5) - https:\/\/yoast.com\/product\/yoast-seo-premium-wordpress\/ -->\n<title>M\u00e9todo de diluci\u00f3n en serie para la enumeraci\u00f3n de microorganismos<\/title>\n<meta name=\"description\" content=\"Optimiza tu m\u00e9todo de diluci\u00f3n en serie y reemplaza los tubos de diluci\u00f3n y el mezclador vortex por el sistema Dilucup. Utilizado para el recuento en placa.\" \/>\n<meta name=\"robots\" content=\"index, follow, max-snippet:-1, max-image-preview:large, max-video-preview:-1\" \/>\n<link rel=\"canonical\" href=\"https:\/\/labrobot.com\/es\/\" \/>\n<meta property=\"og:locale\" content=\"es_ES\" \/>\n<meta property=\"og:type\" content=\"article\" \/>\n<meta property=\"og:title\" content=\"Home\" \/>\n<meta property=\"og:description\" content=\"Optimiza tu m\u00e9todo de diluci\u00f3n en serie y reemplaza los tubos de diluci\u00f3n y el mezclador vortex por el sistema Dilucup. Utilizado para el recuento en placa.\" \/>\n<meta property=\"og:url\" content=\"https:\/\/labrobot.com\/es\/\" \/>\n<meta property=\"og:site_name\" content=\"LabRobot\" \/>\n<meta property=\"article:publisher\" content=\"https:\/\/www.facebook.com\/labrobotproductsab\" \/>\n<meta property=\"article:modified_time\" content=\"2024-09-19T12:35:14+00:00\" \/>\n<meta property=\"og:image\" content=\"https:\/\/labrobot.com\/wp-content\/uploads\/2024\/07\/bild-2.jpg\" \/>\n<meta name=\"twitter:card\" content=\"summary_large_image\" \/>\n<meta name=\"twitter:label1\" content=\"Tiempo de lectura\" \/>\n\t<meta name=\"twitter:data1\" content=\"2 minutos\" \/>\n<script type=\"application\/ld+json\" class=\"yoast-schema-graph\">{\"@context\":\"https:\\\/\\\/schema.org\",\"@graph\":[{\"@type\":\"WebPage\",\"@id\":\"https:\\\/\\\/labrobot.com\\\/es\\\/\",\"url\":\"https:\\\/\\\/labrobot.com\\\/es\\\/\",\"name\":\"M\u00e9todo de diluci\u00f3n en serie para la enumeraci\u00f3n de microorganismos\",\"isPartOf\":{\"@id\":\"https:\\\/\\\/labrobot.com\\\/#website\"},\"primaryImageOfPage\":{\"@id\":\"https:\\\/\\\/labrobot.com\\\/es\\\/#primaryimage\"},\"image\":{\"@id\":\"https:\\\/\\\/labrobot.com\\\/es\\\/#primaryimage\"},\"thumbnailUrl\":\"https:\\\/\\\/labrobot.com\\\/wp-content\\\/uploads\\\/2024\\\/07\\\/bild-2.jpg\",\"datePublished\":\"2021-02-26T11:23:22+00:00\",\"dateModified\":\"2024-09-19T12:35:14+00:00\",\"description\":\"Optimiza tu m\u00e9todo de diluci\u00f3n en serie y reemplaza los tubos de diluci\u00f3n y el mezclador vortex por el sistema Dilucup. Utilizado para el recuento en placa.\",\"breadcrumb\":{\"@id\":\"https:\\\/\\\/labrobot.com\\\/es\\\/#breadcrumb\"},\"inLanguage\":\"es\",\"potentialAction\":[{\"@type\":\"ReadAction\",\"target\":[\"https:\\\/\\\/labrobot.com\\\/es\\\/\"]}]},{\"@type\":\"ImageObject\",\"inLanguage\":\"es\",\"@id\":\"https:\\\/\\\/labrobot.com\\\/es\\\/#primaryimage\",\"url\":\"https:\\\/\\\/labrobot.com\\\/wp-content\\\/uploads\\\/2024\\\/07\\\/bild-2.jpg\",\"contentUrl\":\"https:\\\/\\\/labrobot.com\\\/wp-content\\\/uploads\\\/2024\\\/07\\\/bild-2.jpg\"},{\"@type\":\"BreadcrumbList\",\"@id\":\"https:\\\/\\\/labrobot.com\\\/es\\\/#breadcrumb\",\"itemListElement\":[{\"@type\":\"ListItem\",\"position\":1,\"name\":\"Home\",\"item\":\"https:\\\/\\\/labrobot.com\\\/es\\\/\"},{\"@type\":\"ListItem\",\"position\":2,\"name\":\"Home\"}]},{\"@type\":\"WebSite\",\"@id\":\"https:\\\/\\\/labrobot.com\\\/#website\",\"url\":\"https:\\\/\\\/labrobot.com\\\/\",\"name\":\"LabRobot\",\"description\":\"Easy quick ergonomic serial dilution method\",\"publisher\":{\"@id\":\"https:\\\/\\\/labrobot.com\\\/#organization\"},\"potentialAction\":[{\"@type\":\"SearchAction\",\"target\":{\"@type\":\"EntryPoint\",\"urlTemplate\":\"https:\\\/\\\/labrobot.com\\\/?s={search_term_string}\"},\"query-input\":{\"@type\":\"PropertyValueSpecification\",\"valueRequired\":true,\"valueName\":\"search_term_string\"}}],\"inLanguage\":\"es\"},{\"@type\":\"Organization\",\"@id\":\"https:\\\/\\\/labrobot.com\\\/#organization\",\"name\":\"LabRobot Products AB\",\"url\":\"https:\\\/\\\/labrobot.com\\\/\",\"logo\":{\"@type\":\"ImageObject\",\"inLanguage\":\"es\",\"@id\":\"https:\\\/\\\/labrobot.com\\\/#\\\/schema\\\/logo\\\/image\\\/\",\"url\":\"https:\\\/\\\/labrobot.com\\\/wp-content\\\/uploads\\\/2018\\\/12\\\/LabRobot_LOGO_signatur.jpg\",\"contentUrl\":\"https:\\\/\\\/labrobot.com\\\/wp-content\\\/uploads\\\/2018\\\/12\\\/LabRobot_LOGO_signatur.jpg\",\"width\":200,\"height\":54,\"caption\":\"LabRobot Products AB\"},\"image\":{\"@id\":\"https:\\\/\\\/labrobot.com\\\/#\\\/schema\\\/logo\\\/image\\\/\"},\"sameAs\":[\"https:\\\/\\\/www.facebook.com\\\/labrobotproductsab\",\"https:\\\/\\\/www.linkedin.com\\\/company\\\/labrobot-products-ab\\\/\",\"https:\\\/\\\/www.youtube.com\\\/channel\\\/UCHGyF_OHfxI1No9ahbU-agQ\"]}]}<\/script>\n<!-- \/ Yoast SEO Premium plugin. -->","yoast_head_json":{"title":"M\u00e9todo de diluci\u00f3n en serie para la enumeraci\u00f3n de microorganismos","description":"Optimiza tu m\u00e9todo de diluci\u00f3n en serie y reemplaza los tubos de diluci\u00f3n y el mezclador vortex por el sistema Dilucup. Utilizado para el recuento en placa.","robots":{"index":"index","follow":"follow","max-snippet":"max-snippet:-1","max-image-preview":"max-image-preview:large","max-video-preview":"max-video-preview:-1"},"canonical":"https:\/\/labrobot.com\/es\/","og_locale":"es_ES","og_type":"article","og_title":"Home","og_description":"Optimiza tu m\u00e9todo de diluci\u00f3n en serie y reemplaza los tubos de diluci\u00f3n y el mezclador vortex por el sistema Dilucup. Utilizado para el recuento en placa.","og_url":"https:\/\/labrobot.com\/es\/","og_site_name":"LabRobot","article_publisher":"https:\/\/www.facebook.com\/labrobotproductsab","article_modified_time":"2024-09-19T12:35:14+00:00","og_image":[{"url":"https:\/\/labrobot.com\/wp-content\/uploads\/2024\/07\/bild-2.jpg","type":"","width":"","height":""}],"twitter_card":"summary_large_image","twitter_misc":{"Tiempo de lectura":"2 minutos"},"schema":{"@context":"https:\/\/schema.org","@graph":[{"@type":"WebPage","@id":"https:\/\/labrobot.com\/es\/","url":"https:\/\/labrobot.com\/es\/","name":"M\u00e9todo de diluci\u00f3n en serie para la enumeraci\u00f3n de microorganismos","isPartOf":{"@id":"https:\/\/labrobot.com\/#website"},"primaryImageOfPage":{"@id":"https:\/\/labrobot.com\/es\/#primaryimage"},"image":{"@id":"https:\/\/labrobot.com\/es\/#primaryimage"},"thumbnailUrl":"https:\/\/labrobot.com\/wp-content\/uploads\/2024\/07\/bild-2.jpg","datePublished":"2021-02-26T11:23:22+00:00","dateModified":"2024-09-19T12:35:14+00:00","description":"Optimiza tu m\u00e9todo de diluci\u00f3n en serie y reemplaza los tubos de diluci\u00f3n y el mezclador vortex por el sistema Dilucup. Utilizado para el recuento en placa.","breadcrumb":{"@id":"https:\/\/labrobot.com\/es\/#breadcrumb"},"inLanguage":"es","potentialAction":[{"@type":"ReadAction","target":["https:\/\/labrobot.com\/es\/"]}]},{"@type":"ImageObject","inLanguage":"es","@id":"https:\/\/labrobot.com\/es\/#primaryimage","url":"https:\/\/labrobot.com\/wp-content\/uploads\/2024\/07\/bild-2.jpg","contentUrl":"https:\/\/labrobot.com\/wp-content\/uploads\/2024\/07\/bild-2.jpg"},{"@type":"BreadcrumbList","@id":"https:\/\/labrobot.com\/es\/#breadcrumb","itemListElement":[{"@type":"ListItem","position":1,"name":"Home","item":"https:\/\/labrobot.com\/es\/"},{"@type":"ListItem","position":2,"name":"Home"}]},{"@type":"WebSite","@id":"https:\/\/labrobot.com\/#website","url":"https:\/\/labrobot.com\/","name":"LabRobot","description":"Easy quick ergonomic serial dilution method","publisher":{"@id":"https:\/\/labrobot.com\/#organization"},"potentialAction":[{"@type":"SearchAction","target":{"@type":"EntryPoint","urlTemplate":"https:\/\/labrobot.com\/?s={search_term_string}"},"query-input":{"@type":"PropertyValueSpecification","valueRequired":true,"valueName":"search_term_string"}}],"inLanguage":"es"},{"@type":"Organization","@id":"https:\/\/labrobot.com\/#organization","name":"LabRobot Products AB","url":"https:\/\/labrobot.com\/","logo":{"@type":"ImageObject","inLanguage":"es","@id":"https:\/\/labrobot.com\/#\/schema\/logo\/image\/","url":"https:\/\/labrobot.com\/wp-content\/uploads\/2018\/12\/LabRobot_LOGO_signatur.jpg","contentUrl":"https:\/\/labrobot.com\/wp-content\/uploads\/2018\/12\/LabRobot_LOGO_signatur.jpg","width":200,"height":54,"caption":"LabRobot Products AB"},"image":{"@id":"https:\/\/labrobot.com\/#\/schema\/logo\/image\/"},"sameAs":["https:\/\/www.facebook.com\/labrobotproductsab","https:\/\/www.linkedin.com\/company\/labrobot-products-ab\/","https:\/\/www.youtube.com\/channel\/UCHGyF_OHfxI1No9ahbU-agQ"]}]}},"_links":{"self":[{"href":"https:\/\/labrobot.com\/es\/wp-json\/wp\/v2\/pages\/10315","targetHints":{"allow":["GET"]}}],"collection":[{"href":"https:\/\/labrobot.com\/es\/wp-json\/wp\/v2\/pages"}],"about":[{"href":"https:\/\/labrobot.com\/es\/wp-json\/wp\/v2\/types\/page"}],"author":[{"embeddable":true,"href":"https:\/\/labrobot.com\/es\/wp-json\/wp\/v2\/users\/243"}],"replies":[{"embeddable":true,"href":"https:\/\/labrobot.com\/es\/wp-json\/wp\/v2\/comments?post=10315"}],"version-history":[{"count":0,"href":"https:\/\/labrobot.com\/es\/wp-json\/wp\/v2\/pages\/10315\/revisions"}],"wp:attachment":[{"href":"https:\/\/labrobot.com\/es\/wp-json\/wp\/v2\/media?parent=10315"}],"curies":[{"name":"wp","href":"https:\/\/api.w.org\/{rel}","templated":true}]}}