{"id":10248,"date":"2022-12-07T10:26:13","date_gmt":"2022-12-07T09:26:13","guid":{"rendered":"https:\/\/labrobot.com\/personal\/"},"modified":"2025-04-14T08:18:45","modified_gmt":"2025-04-14T07:18:45","slug":"personal","status":"publish","type":"page","link":"https:\/\/labrobot.com\/es\/personal\/","title":{"rendered":"Personal"},"content":{"rendered":"\n\n\t<h1>Nuestro equipo<\/h1>\n\t\t\t\t<img loading=\"lazy\" decoding=\"async\" src=\"https:\/\/labrobot.com\/wp-content\/uploads\/2021\/06\/david-1024x683.jpg\" alt=\"david\" itemprop=\"image\" height=\"683\" width=\"1024\" title=\"david\" onerror=\"this.style.display='none'\"  \/>\n<h2>David Aronsson<\/h2>\nProducci\u00f3n<br \/>\n<a href=\"mailto:david.aronsson@labrobot.com\">david.aronsson@labrobot.com<\/a>\n\t\t\t\t<img loading=\"lazy\" decoding=\"async\" src=\"https:\/\/labrobot.com\/wp-content\/uploads\/2015\/03\/anders_bjorkqvist-1-1.jpg\" alt=\"anders_bjorkqvist-1\" itemprop=\"image\" height=\"644\" width=\"900\" title=\"anders_bjorkqvist-1\" onerror=\"this.style.display='none'\"  \/>\n<h2>Anders Bj\u00f6rkqvist<\/h2>\nProducci\u00f3n, Encargado<br \/>\n<a href=\"mailto:anders.bjorkqvist@labrobot.com\">anders.bjorkqvist@labrobot.com<\/a>\n\t\t\t\t<img loading=\"lazy\" decoding=\"async\" src=\"https:\/\/labrobot.com\/wp-content\/uploads\/2015\/03\/andy_hernandez-1-1.jpg\" alt=\"andy_hernandez-1\" itemprop=\"image\" height=\"644\" width=\"900\" title=\"andy_hernandez-1\" onerror=\"this.style.display='none'\"  \/>\n<h2>Andy Hernandez<\/h2>\nProducci\u00f3n<br \/>\n<a href=\"mailto:andy.hernandez@labrobot.com\">andy.hernandez@labrobot.com<\/a>\n\t\t\t\t<img loading=\"lazy\" decoding=\"async\" src=\"https:\/\/labrobot.com\/wp-content\/uploads\/2025\/03\/Lena11-1-scaled.jpg\" alt=\"Lena11\" itemprop=\"image\" height=\"2178\" width=\"2560\" title=\"Lena11\" onerror=\"this.style.display='none'\"  \/>\n<h2>Lena Hiller<\/h2>\nFinancial Manager<br \/>\n<a href=\"mailto:lena.hiller@labrobot.com\">lena.hiller@labrobot.com<\/a>\n\t\t\t\t<img loading=\"lazy\" decoding=\"async\" src=\"https:\/\/labrobot.com\/wp-content\/uploads\/2015\/03\/fredrika_holmkvist-1-1.jpg\" alt=\"fredrika_holmkvist-1\" itemprop=\"image\" height=\"644\" width=\"900\" title=\"fredrika_holmkvist-1\" onerror=\"this.style.display='none'\"  \/>\n<h2>Fredrika Holmkvist<\/h2>\nAdmin. &amp; Order Management<br \/>\n<a href=\"mailto:fredrika.holmkvist@labrobot.com\">fredrika.holmkvist@labrobot.com<\/a>\n\t\t\t\t<img loading=\"lazy\" decoding=\"async\" src=\"https:\/\/labrobot.com\/wp-content\/uploads\/2025\/04\/HL32-scaled.jpg\" alt=\"HL32\" itemprop=\"image\" height=\"2145\" width=\"2560\" title=\"HL32\" onerror=\"this.style.display='none'\"  \/>\n<h2>Herv\u00e9 Laisis<\/h2>\nCEO<br \/>\n<a href=\"mailto:herve.laisis@labrobot.com\">herve.laisis@labrobot.com<\/a>\n\t\t\t\t<img loading=\"lazy\" decoding=\"async\" src=\"https:\/\/labrobot.com\/wp-content\/uploads\/2020\/03\/nicklas-bild-ny-1-300x215.png\" alt=\"nicklas bild ny\" itemprop=\"image\" height=\"215\" width=\"300\" title=\"nicklas bild ny\" onerror=\"this.style.display='none'\"  \/>\n<h2>Nicklas Larsson<\/h2>\nTechnical Manager<br \/>\n<a href=\"mailto:nicklas.larsson@labrobot.com\">nicklas.larsson@labrobot.com<\/a>\n\t\t\t\t<img loading=\"lazy\" decoding=\"async\" src=\"https:\/\/labrobot.com\/wp-content\/uploads\/2021\/06\/bt-1024x854.jpg\" alt=\"bt\" itemprop=\"image\" height=\"854\" width=\"1024\" title=\"bt\" onerror=\"this.style.display='none'\"  \/>\n<h2><strong>Elisabet N\u00fa\u00f1ez Gaitan<\/strong><\/h2>\nDigital Marketing Manager<br \/>\n<a href=\"mailto:elisabet.nunez@labrobot.com\">elisabet.nunez@labrobot.com<\/a>\n\t\t\t\t<img loading=\"lazy\" decoding=\"async\" src=\"https:\/\/labrobot.com\/wp-content\/uploads\/2021\/06\/marina-1024x683.jpg\" alt=\"marina\" itemprop=\"image\" height=\"683\" width=\"1024\" title=\"marina\" onerror=\"this.style.display='none'\"  \/>\n<h2>Marina Svensson<\/h2>\nProducci\u00f3n<br \/>\n<a href=\"mailto:marina.korsakova@labrobot.com\">marina.svensson@labrobot.com<\/a>\n\t\t\t\t<img loading=\"lazy\" decoding=\"async\" src=\"https:\/\/labrobot.com\/wp-content\/uploads\/2025\/04\/TS-web-1-scaled.jpg\" alt=\"TS web\" itemprop=\"image\" height=\"2142\" width=\"2560\" title=\"TS web\" onerror=\"this.style.display='none'\"  \/>\n<h2>Tove Svensson<\/h2>\nQuality Manager<br \/>\n<a href=\"mailto:tove.svensson@labrobot.com\">tove.svensson@labrobot.com<\/a>\n\t\t\t\t<img loading=\"lazy\" decoding=\"async\" src=\"https:\/\/labrobot.com\/wp-content\/uploads\/2021\/06\/andreas-1024x683.jpg\" alt=\"andreas\" itemprop=\"image\" height=\"683\" width=\"1024\" title=\"andreas\" onerror=\"this.style.display='none'\"  \/>\n<h2>Andreas Vahtera<\/h2>\nProducci\u00f3n<br \/>\n<a href=\"mailto:andreas.vahtera@labrobot.com\">andreas.vahtera@labrobot.com<\/a>\n\t\t\t\t<img loading=\"lazy\" decoding=\"async\" src=\"https:\/\/labrobot.com\/wp-content\/uploads\/2021\/06\/karin-1024x972.jpg\" alt=\"karin\" itemprop=\"image\" height=\"972\" width=\"1024\" title=\"karin\" onerror=\"this.style.display='none'\"  \/>\n<h2>Karin Vil\u00e9n<\/h2>\nLaboratory Manager<br \/>\n<a href=\"mailto:karin.vilen@labrobot.com\">karin.vilen@labrobot.com<\/a>\n\n","protected":false},"excerpt":{"rendered":"<p>Nuestro equipo David Aronsson Producci\u00f3n david.aronsson@labrobot.com Anders Bj\u00f6rkqvist Producci\u00f3n, Encargado anders.bjorkqvist@labrobot.com Andy Hernandez Producci\u00f3n andy.hernandez@labrobot.com Lena Hiller Financial Manager lena.hiller@labrobot.com Fredrika Holmkvist Admin. &amp; Order Management fredrika.holmkvist@labrobot.com Herv\u00e9 Laisis CEO herve.laisis@labrobot.com Nicklas Larsson Technical Manager nicklas.larsson@labrobot.com Elisabet N\u00fa\u00f1ez Gaitan Digital Marketing Manager elisabet.nunez@labrobot.com Marina Svensson Producci\u00f3n marina.svensson@labrobot.com Tove Svensson Quality Manager tove.svensson@labrobot.com Andreas Vahtera Producci\u00f3n &#8230; <a title=\"Personal\" class=\"read-more\" href=\"https:\/\/labrobot.com\/es\/personal\/\" aria-label=\"Leer m\u00e1s sobre Personal\">Read more<\/a><\/p>\n","protected":false},"author":243,"featured_media":0,"parent":0,"menu_order":0,"comment_status":"closed","ping_status":"closed","template":"","meta":{"_acf_changed":false,"generate_page_header":"","footnotes":""},"class_list":["post-10248","page","type-page","status-publish"],"acf":[],"yoast_head":"<!-- This site is optimized with the Yoast SEO Premium plugin v27.3 (Yoast SEO v27.3) - https:\/\/yoast.com\/product\/yoast-seo-premium-wordpress\/ -->\n<title>Contacto | Diluciones | LabRobot<\/title>\n<meta name=\"description\" content=\"Producimos, controlamos y distribuimos el m\u00e9todo de diluci\u00f3n en serie llamado Dilucup System, de LabRobot.\" \/>\n<meta name=\"robots\" content=\"index, follow, max-snippet:-1, max-image-preview:large, max-video-preview:-1\" \/>\n<link rel=\"canonical\" href=\"https:\/\/labrobot.com\/es\/personal\/\" \/>\n<meta property=\"og:locale\" content=\"es_ES\" \/>\n<meta property=\"og:type\" content=\"article\" \/>\n<meta property=\"og:title\" content=\"Personal\" \/>\n<meta property=\"og:description\" content=\"Producimos, controlamos y distribuimos el m\u00e9todo de diluci\u00f3n en serie llamado Dilucup System, de LabRobot.\" \/>\n<meta property=\"og:url\" content=\"https:\/\/labrobot.com\/es\/personal\/\" \/>\n<meta property=\"og:site_name\" content=\"LabRobot\" \/>\n<meta property=\"article:publisher\" content=\"https:\/\/www.facebook.com\/labrobotproductsab\" \/>\n<meta property=\"article:modified_time\" content=\"2025-04-14T07:18:45+00:00\" \/>\n<meta property=\"og:image\" content=\"https:\/\/labrobot.com\/wp-content\/uploads\/2021\/06\/david-1024x683.jpg\" \/>\n<meta name=\"twitter:card\" content=\"summary_large_image\" \/>\n<meta name=\"twitter:label1\" content=\"Tiempo de lectura\" \/>\n\t<meta name=\"twitter:data1\" content=\"1 minuto\" \/>\n<script type=\"application\/ld+json\" class=\"yoast-schema-graph\">{\"@context\":\"https:\\\/\\\/schema.org\",\"@graph\":[{\"@type\":\"WebPage\",\"@id\":\"https:\\\/\\\/labrobot.com\\\/es\\\/personal\\\/\",\"url\":\"https:\\\/\\\/labrobot.com\\\/es\\\/personal\\\/\",\"name\":\"Contacto | Diluciones | LabRobot\",\"isPartOf\":{\"@id\":\"https:\\\/\\\/labrobot.com\\\/#website\"},\"primaryImageOfPage\":{\"@id\":\"https:\\\/\\\/labrobot.com\\\/es\\\/personal\\\/#primaryimage\"},\"image\":{\"@id\":\"https:\\\/\\\/labrobot.com\\\/es\\\/personal\\\/#primaryimage\"},\"thumbnailUrl\":\"https:\\\/\\\/labrobot.com\\\/wp-content\\\/uploads\\\/2021\\\/06\\\/david-1024x683.jpg\",\"datePublished\":\"2022-12-07T09:26:13+00:00\",\"dateModified\":\"2025-04-14T07:18:45+00:00\",\"description\":\"Producimos, controlamos y distribuimos el m\u00e9todo de diluci\u00f3n en serie llamado Dilucup System, de LabRobot.\",\"breadcrumb\":{\"@id\":\"https:\\\/\\\/labrobot.com\\\/es\\\/personal\\\/#breadcrumb\"},\"inLanguage\":\"es\",\"potentialAction\":[{\"@type\":\"ReadAction\",\"target\":[\"https:\\\/\\\/labrobot.com\\\/es\\\/personal\\\/\"]}]},{\"@type\":\"ImageObject\",\"inLanguage\":\"es\",\"@id\":\"https:\\\/\\\/labrobot.com\\\/es\\\/personal\\\/#primaryimage\",\"url\":\"https:\\\/\\\/labrobot.com\\\/wp-content\\\/uploads\\\/2021\\\/06\\\/david-1024x683.jpg\",\"contentUrl\":\"https:\\\/\\\/labrobot.com\\\/wp-content\\\/uploads\\\/2021\\\/06\\\/david-1024x683.jpg\"},{\"@type\":\"BreadcrumbList\",\"@id\":\"https:\\\/\\\/labrobot.com\\\/es\\\/personal\\\/#breadcrumb\",\"itemListElement\":[{\"@type\":\"ListItem\",\"position\":1,\"name\":\"Home\",\"item\":\"https:\\\/\\\/labrobot.com\\\/es\\\/\"},{\"@type\":\"ListItem\",\"position\":2,\"name\":\"Personal\"}]},{\"@type\":\"WebSite\",\"@id\":\"https:\\\/\\\/labrobot.com\\\/#website\",\"url\":\"https:\\\/\\\/labrobot.com\\\/\",\"name\":\"LabRobot\",\"description\":\"Easy quick ergonomic serial dilution method\",\"publisher\":{\"@id\":\"https:\\\/\\\/labrobot.com\\\/#organization\"},\"potentialAction\":[{\"@type\":\"SearchAction\",\"target\":{\"@type\":\"EntryPoint\",\"urlTemplate\":\"https:\\\/\\\/labrobot.com\\\/?s={search_term_string}\"},\"query-input\":{\"@type\":\"PropertyValueSpecification\",\"valueRequired\":true,\"valueName\":\"search_term_string\"}}],\"inLanguage\":\"es\"},{\"@type\":\"Organization\",\"@id\":\"https:\\\/\\\/labrobot.com\\\/#organization\",\"name\":\"LabRobot Products AB\",\"url\":\"https:\\\/\\\/labrobot.com\\\/\",\"logo\":{\"@type\":\"ImageObject\",\"inLanguage\":\"es\",\"@id\":\"https:\\\/\\\/labrobot.com\\\/#\\\/schema\\\/logo\\\/image\\\/\",\"url\":\"https:\\\/\\\/labrobot.com\\\/wp-content\\\/uploads\\\/2018\\\/12\\\/LabRobot_LOGO_signatur.jpg\",\"contentUrl\":\"https:\\\/\\\/labrobot.com\\\/wp-content\\\/uploads\\\/2018\\\/12\\\/LabRobot_LOGO_signatur.jpg\",\"width\":200,\"height\":54,\"caption\":\"LabRobot Products AB\"},\"image\":{\"@id\":\"https:\\\/\\\/labrobot.com\\\/#\\\/schema\\\/logo\\\/image\\\/\"},\"sameAs\":[\"https:\\\/\\\/www.facebook.com\\\/labrobotproductsab\",\"https:\\\/\\\/www.linkedin.com\\\/company\\\/labrobot-products-ab\\\/\",\"https:\\\/\\\/www.youtube.com\\\/channel\\\/UCHGyF_OHfxI1No9ahbU-agQ\"]}]}<\/script>\n<!-- \/ Yoast SEO Premium plugin. -->","yoast_head_json":{"title":"Contacto | Diluciones | LabRobot","description":"Producimos, controlamos y distribuimos el m\u00e9todo de diluci\u00f3n en serie llamado Dilucup System, de LabRobot.","robots":{"index":"index","follow":"follow","max-snippet":"max-snippet:-1","max-image-preview":"max-image-preview:large","max-video-preview":"max-video-preview:-1"},"canonical":"https:\/\/labrobot.com\/es\/personal\/","og_locale":"es_ES","og_type":"article","og_title":"Personal","og_description":"Producimos, controlamos y distribuimos el m\u00e9todo de diluci\u00f3n en serie llamado Dilucup System, de LabRobot.","og_url":"https:\/\/labrobot.com\/es\/personal\/","og_site_name":"LabRobot","article_publisher":"https:\/\/www.facebook.com\/labrobotproductsab","article_modified_time":"2025-04-14T07:18:45+00:00","og_image":[{"url":"https:\/\/labrobot.com\/wp-content\/uploads\/2021\/06\/david-1024x683.jpg","type":"","width":"","height":""}],"twitter_card":"summary_large_image","twitter_misc":{"Tiempo de lectura":"1 minuto"},"schema":{"@context":"https:\/\/schema.org","@graph":[{"@type":"WebPage","@id":"https:\/\/labrobot.com\/es\/personal\/","url":"https:\/\/labrobot.com\/es\/personal\/","name":"Contacto | Diluciones | LabRobot","isPartOf":{"@id":"https:\/\/labrobot.com\/#website"},"primaryImageOfPage":{"@id":"https:\/\/labrobot.com\/es\/personal\/#primaryimage"},"image":{"@id":"https:\/\/labrobot.com\/es\/personal\/#primaryimage"},"thumbnailUrl":"https:\/\/labrobot.com\/wp-content\/uploads\/2021\/06\/david-1024x683.jpg","datePublished":"2022-12-07T09:26:13+00:00","dateModified":"2025-04-14T07:18:45+00:00","description":"Producimos, controlamos y distribuimos el m\u00e9todo de diluci\u00f3n en serie llamado Dilucup System, de LabRobot.","breadcrumb":{"@id":"https:\/\/labrobot.com\/es\/personal\/#breadcrumb"},"inLanguage":"es","potentialAction":[{"@type":"ReadAction","target":["https:\/\/labrobot.com\/es\/personal\/"]}]},{"@type":"ImageObject","inLanguage":"es","@id":"https:\/\/labrobot.com\/es\/personal\/#primaryimage","url":"https:\/\/labrobot.com\/wp-content\/uploads\/2021\/06\/david-1024x683.jpg","contentUrl":"https:\/\/labrobot.com\/wp-content\/uploads\/2021\/06\/david-1024x683.jpg"},{"@type":"BreadcrumbList","@id":"https:\/\/labrobot.com\/es\/personal\/#breadcrumb","itemListElement":[{"@type":"ListItem","position":1,"name":"Home","item":"https:\/\/labrobot.com\/es\/"},{"@type":"ListItem","position":2,"name":"Personal"}]},{"@type":"WebSite","@id":"https:\/\/labrobot.com\/#website","url":"https:\/\/labrobot.com\/","name":"LabRobot","description":"Easy quick ergonomic serial dilution method","publisher":{"@id":"https:\/\/labrobot.com\/#organization"},"potentialAction":[{"@type":"SearchAction","target":{"@type":"EntryPoint","urlTemplate":"https:\/\/labrobot.com\/?s={search_term_string}"},"query-input":{"@type":"PropertyValueSpecification","valueRequired":true,"valueName":"search_term_string"}}],"inLanguage":"es"},{"@type":"Organization","@id":"https:\/\/labrobot.com\/#organization","name":"LabRobot Products AB","url":"https:\/\/labrobot.com\/","logo":{"@type":"ImageObject","inLanguage":"es","@id":"https:\/\/labrobot.com\/#\/schema\/logo\/image\/","url":"https:\/\/labrobot.com\/wp-content\/uploads\/2018\/12\/LabRobot_LOGO_signatur.jpg","contentUrl":"https:\/\/labrobot.com\/wp-content\/uploads\/2018\/12\/LabRobot_LOGO_signatur.jpg","width":200,"height":54,"caption":"LabRobot Products AB"},"image":{"@id":"https:\/\/labrobot.com\/#\/schema\/logo\/image\/"},"sameAs":["https:\/\/www.facebook.com\/labrobotproductsab","https:\/\/www.linkedin.com\/company\/labrobot-products-ab\/","https:\/\/www.youtube.com\/channel\/UCHGyF_OHfxI1No9ahbU-agQ"]}]}},"_links":{"self":[{"href":"https:\/\/labrobot.com\/es\/wp-json\/wp\/v2\/pages\/10248","targetHints":{"allow":["GET"]}}],"collection":[{"href":"https:\/\/labrobot.com\/es\/wp-json\/wp\/v2\/pages"}],"about":[{"href":"https:\/\/labrobot.com\/es\/wp-json\/wp\/v2\/types\/page"}],"author":[{"embeddable":true,"href":"https:\/\/labrobot.com\/es\/wp-json\/wp\/v2\/users\/243"}],"replies":[{"embeddable":true,"href":"https:\/\/labrobot.com\/es\/wp-json\/wp\/v2\/comments?post=10248"}],"version-history":[{"count":0,"href":"https:\/\/labrobot.com\/es\/wp-json\/wp\/v2\/pages\/10248\/revisions"}],"wp:attachment":[{"href":"https:\/\/labrobot.com\/es\/wp-json\/wp\/v2\/media?parent=10248"}],"curies":[{"name":"wp","href":"https:\/\/api.w.org\/{rel}","templated":true}]}}