{"id":10228,"date":"2021-01-14T10:22:15","date_gmt":"2021-01-14T09:22:15","guid":{"rendered":"https:\/\/labrobot.com\/calidad\/"},"modified":"2024-10-08T09:56:34","modified_gmt":"2024-10-08T08:56:34","slug":"calidad","status":"publish","type":"page","link":"https:\/\/labrobot.com\/es\/calidad\/","title":{"rendered":"Calidad"},"content":{"rendered":"\n<h1>\n\t\tDiluyentes de alta calidad\n\t<\/h1>\n\t<p>Con el Sistema Dilucup\u00ae aseguras que utilizas un m\u00e9todo que cumple con los requisitos de las normas ISO 6887-1:2017Amd 1:2024 para la preparaci\u00f3n de muestras, suspensiones iniciales y diluciones en serie en microbiolog\u00eda de alimentos.<\/p>\n\t<ul>\n<li>Preparaci\u00f3n del medio<\/li>\n<li>pH 7.0 \u00b1 0.2<\/li>\n<li>Volumen 9 mL \u00b1 2 %<\/li>\n<\/ul>\n\t\t\t\t<img loading=\"lazy\" decoding=\"async\" src=\"https:\/\/labrobot.com\/wp-content\/uploads\/2022\/12\/1.-ISO-dilucup.jpg\" alt=\"ISO 6887-1:2017 serial dilutions\" itemprop=\"image\" height=\"1080\" width=\"1920\" title=\"1. ISO dilucup\" onerror=\"this.style.display='none'\"  \/>\n\t\t\t\t<img loading=\"lazy\" decoding=\"async\" src=\"https:\/\/labrobot.com\/wp-content\/uploads\/2014\/12\/Logo-ISO-9001_En-horizontal-300x101.png\" alt=\"Logo-ISO-9001_En-horizontal-300x101\" itemprop=\"image\" height=\"101\" width=\"300\" title=\"Logo-ISO-9001_En-horizontal-300x101\" onerror=\"this.style.display='none'\"  \/>\n<h2>\n\t\tSistema de Gesti\u00f3n de la Calidad 9001:2015\n\t<\/h2>\n\t<p>En LabRobot contamos con un sistema de gesti\u00f3n de la calidad que cumple con los requisitos de la norma SS-EN ISO 9001:2015.<\/p>\n<p>De esta manera, garantizamos el desarrollo, producci\u00f3n, venta y distribuci\u00f3n del Sistema Dilucup\u00ae a nuestros clientes.<\/p>\n\t<p>Estamos <strong>comprometidos con la mejora continua<\/strong> de nuestros productos para satisfacer las necesidades de nuestros clientes y construir relaciones comerciales a largo plazo.<\/p>\n<p>En consecuencia, nos esforzamos por alcanzar la m\u00e1s alta calidad durante y despu\u00e9s de la producci\u00f3n de nuestros productos. Por ejemplo, los agitadores deben pasar rigurosas pruebas de rendimiento en nuestro laboratorio de calidad para poder estar a la venta.<\/p>\n<p>Nuestro objetivo es fabricar instrumentos robustos que tengan una larga vida \u00fatil. Como resultado, es com\u00fan encontrar los primeros modelos de Dilushakers en los laboratorios de nuestros clientes despu\u00e9s de m\u00e1s de 10 a\u00f1os de uso.<\/p>\n\t\t\t\t<img loading=\"lazy\" decoding=\"async\" src=\"https:\/\/labrobot.com\/wp-content\/uploads\/2014\/12\/Dilushaker-assembly-1-1024x576.jpg\" alt=\"Dilushaker-assembly\" itemprop=\"image\" height=\"576\" width=\"1024\" title=\"Dilushaker-assembly\" onerror=\"this.style.display='none'\"  \/>\n\t<p>Sometemos los bl\u00edsters de Dilucup\u00ae Elegance a muchas pruebas durante y despu\u00e9s de la producci\u00f3n para garantizar su esterilidad, volumen y productividad bacteriana, entre otros factores.<\/p>\n<p>Nuestro laboratorio de calidad debe aprobar todos nuestros productos antes de ponerlo a la venta. Puedes ver los resultados en el certificado de calidad espec\u00edfico para cada lote. A continuaci\u00f3n, proporcionamos un breve resumen de la producci\u00f3n de Dilucup\u00ae Elegance.<\/p>\n\t\t\t\t<img decoding=\"async\" src=\"https:\/\/labrobot.com\/wp-content\/plugins\/bb-plugin\/img\/pixel.png\" alt=\"\" itemprop=\"image\" onerror=\"this.style.display='none'\"  \/>\n\t\t\t\t<img loading=\"lazy\" decoding=\"async\" src=\"https:\/\/labrobot.com\/wp-content\/uploads\/2021\/01\/infographic-english-1-683x1024.jpg\" alt=\"infographic english\" itemprop=\"image\" height=\"1024\" width=\"683\" title=\"infographic english\" onerror=\"this.style.display='none'\"  \/>\n\t\t\t\t<img decoding=\"async\" src=\"https:\/\/labrobot.com\/wp-content\/plugins\/bb-plugin\/img\/pixel.png\" alt=\"\" itemprop=\"image\" onerror=\"this.style.display='none'\"  \/>\n\n","protected":false},"excerpt":{"rendered":"<p>Diluyentes de alta calidad Con el Sistema Dilucup\u00ae aseguras que utilizas un m\u00e9todo que cumple con los requisitos de las normas ISO 6887-1:2017Amd 1:2024 para la preparaci\u00f3n de muestras, suspensiones iniciales y diluciones en serie en microbiolog\u00eda de alimentos. Preparaci\u00f3n del medio pH 7.0 \u00b1 0.2 Volumen 9 mL \u00b1 2 % Sistema de Gesti\u00f3n &#8230; <a title=\"Calidad\" class=\"read-more\" href=\"https:\/\/labrobot.com\/es\/calidad\/\" aria-label=\"Leer m\u00e1s sobre Calidad\">Read more<\/a><\/p>\n","protected":false},"author":243,"featured_media":0,"parent":0,"menu_order":0,"comment_status":"closed","ping_status":"closed","template":"","meta":{"_acf_changed":false,"generate_page_header":"","footnotes":""},"class_list":["post-10228","page","type-page","status-publish"],"acf":[],"yoast_head":"<!-- This site is optimized with the Yoast SEO Premium plugin v27.3 (Yoast SEO v27.3) - https:\/\/yoast.com\/product\/yoast-seo-premium-wordpress\/ -->\n<title>ISO 6887-1:2017 diluciones en serie | Vasos de diluci\u00f3n listos para usar<\/title>\n<meta name=\"description\" content=\"El Sistema Dilucup cumple con los requisitos de la norma ISO 6887-1:2017. Dilucup Elegance, junto con los agitadores, se someten a rigurosas pruebas de calidad.\" \/>\n<meta name=\"robots\" content=\"index, follow, max-snippet:-1, max-image-preview:large, max-video-preview:-1\" \/>\n<link rel=\"canonical\" href=\"https:\/\/labrobot.com\/es\/calidad\/\" \/>\n<meta property=\"og:locale\" content=\"es_ES\" \/>\n<meta property=\"og:type\" content=\"article\" \/>\n<meta property=\"og:title\" content=\"Calidad\" \/>\n<meta property=\"og:description\" content=\"El Sistema Dilucup cumple con los requisitos de la norma ISO 6887-1:2017. Dilucup Elegance, junto con los agitadores, se someten a rigurosas pruebas de calidad.\" \/>\n<meta property=\"og:url\" content=\"https:\/\/labrobot.com\/es\/calidad\/\" \/>\n<meta property=\"og:site_name\" content=\"LabRobot\" \/>\n<meta property=\"article:publisher\" content=\"https:\/\/www.facebook.com\/labrobotproductsab\" \/>\n<meta property=\"article:modified_time\" content=\"2024-10-08T08:56:34+00:00\" \/>\n<meta property=\"og:image\" content=\"https:\/\/labrobot.com\/wp-content\/uploads\/2022\/12\/1.-ISO-dilucup.jpg\" \/>\n<meta name=\"twitter:card\" content=\"summary_large_image\" \/>\n<meta name=\"twitter:label1\" content=\"Tiempo de lectura\" \/>\n\t<meta name=\"twitter:data1\" content=\"1 minuto\" \/>\n<script type=\"application\/ld+json\" class=\"yoast-schema-graph\">{\"@context\":\"https:\\\/\\\/schema.org\",\"@graph\":[{\"@type\":\"WebPage\",\"@id\":\"https:\\\/\\\/labrobot.com\\\/es\\\/calidad\\\/\",\"url\":\"https:\\\/\\\/labrobot.com\\\/es\\\/calidad\\\/\",\"name\":\"ISO 6887-1:2017 diluciones en serie | Vasos de diluci\u00f3n listos para usar\",\"isPartOf\":{\"@id\":\"https:\\\/\\\/labrobot.com\\\/#website\"},\"primaryImageOfPage\":{\"@id\":\"https:\\\/\\\/labrobot.com\\\/es\\\/calidad\\\/#primaryimage\"},\"image\":{\"@id\":\"https:\\\/\\\/labrobot.com\\\/es\\\/calidad\\\/#primaryimage\"},\"thumbnailUrl\":\"https:\\\/\\\/labrobot.com\\\/wp-content\\\/uploads\\\/2022\\\/12\\\/1.-ISO-dilucup.jpg\",\"datePublished\":\"2021-01-14T09:22:15+00:00\",\"dateModified\":\"2024-10-08T08:56:34+00:00\",\"description\":\"El Sistema Dilucup cumple con los requisitos de la norma ISO 6887-1:2017. Dilucup Elegance, junto con los agitadores, se someten a rigurosas pruebas de calidad.\",\"breadcrumb\":{\"@id\":\"https:\\\/\\\/labrobot.com\\\/es\\\/calidad\\\/#breadcrumb\"},\"inLanguage\":\"es\",\"potentialAction\":[{\"@type\":\"ReadAction\",\"target\":[\"https:\\\/\\\/labrobot.com\\\/es\\\/calidad\\\/\"]}]},{\"@type\":\"ImageObject\",\"inLanguage\":\"es\",\"@id\":\"https:\\\/\\\/labrobot.com\\\/es\\\/calidad\\\/#primaryimage\",\"url\":\"https:\\\/\\\/labrobot.com\\\/wp-content\\\/uploads\\\/2022\\\/12\\\/1.-ISO-dilucup.jpg\",\"contentUrl\":\"https:\\\/\\\/labrobot.com\\\/wp-content\\\/uploads\\\/2022\\\/12\\\/1.-ISO-dilucup.jpg\"},{\"@type\":\"BreadcrumbList\",\"@id\":\"https:\\\/\\\/labrobot.com\\\/es\\\/calidad\\\/#breadcrumb\",\"itemListElement\":[{\"@type\":\"ListItem\",\"position\":1,\"name\":\"Home\",\"item\":\"https:\\\/\\\/labrobot.com\\\/es\\\/\"},{\"@type\":\"ListItem\",\"position\":2,\"name\":\"Calidad\"}]},{\"@type\":\"WebSite\",\"@id\":\"https:\\\/\\\/labrobot.com\\\/#website\",\"url\":\"https:\\\/\\\/labrobot.com\\\/\",\"name\":\"LabRobot\",\"description\":\"Easy quick ergonomic serial dilution method\",\"publisher\":{\"@id\":\"https:\\\/\\\/labrobot.com\\\/#organization\"},\"potentialAction\":[{\"@type\":\"SearchAction\",\"target\":{\"@type\":\"EntryPoint\",\"urlTemplate\":\"https:\\\/\\\/labrobot.com\\\/?s={search_term_string}\"},\"query-input\":{\"@type\":\"PropertyValueSpecification\",\"valueRequired\":true,\"valueName\":\"search_term_string\"}}],\"inLanguage\":\"es\"},{\"@type\":\"Organization\",\"@id\":\"https:\\\/\\\/labrobot.com\\\/#organization\",\"name\":\"LabRobot Products AB\",\"url\":\"https:\\\/\\\/labrobot.com\\\/\",\"logo\":{\"@type\":\"ImageObject\",\"inLanguage\":\"es\",\"@id\":\"https:\\\/\\\/labrobot.com\\\/#\\\/schema\\\/logo\\\/image\\\/\",\"url\":\"https:\\\/\\\/labrobot.com\\\/wp-content\\\/uploads\\\/2018\\\/12\\\/LabRobot_LOGO_signatur.jpg\",\"contentUrl\":\"https:\\\/\\\/labrobot.com\\\/wp-content\\\/uploads\\\/2018\\\/12\\\/LabRobot_LOGO_signatur.jpg\",\"width\":200,\"height\":54,\"caption\":\"LabRobot Products AB\"},\"image\":{\"@id\":\"https:\\\/\\\/labrobot.com\\\/#\\\/schema\\\/logo\\\/image\\\/\"},\"sameAs\":[\"https:\\\/\\\/www.facebook.com\\\/labrobotproductsab\",\"https:\\\/\\\/www.linkedin.com\\\/company\\\/labrobot-products-ab\\\/\",\"https:\\\/\\\/www.youtube.com\\\/channel\\\/UCHGyF_OHfxI1No9ahbU-agQ\"]}]}<\/script>\n<!-- \/ Yoast SEO Premium plugin. -->","yoast_head_json":{"title":"ISO 6887-1:2017 diluciones en serie | Vasos de diluci\u00f3n listos para usar","description":"El Sistema Dilucup cumple con los requisitos de la norma ISO 6887-1:2017. Dilucup Elegance, junto con los agitadores, se someten a rigurosas pruebas de calidad.","robots":{"index":"index","follow":"follow","max-snippet":"max-snippet:-1","max-image-preview":"max-image-preview:large","max-video-preview":"max-video-preview:-1"},"canonical":"https:\/\/labrobot.com\/es\/calidad\/","og_locale":"es_ES","og_type":"article","og_title":"Calidad","og_description":"El Sistema Dilucup cumple con los requisitos de la norma ISO 6887-1:2017. Dilucup Elegance, junto con los agitadores, se someten a rigurosas pruebas de calidad.","og_url":"https:\/\/labrobot.com\/es\/calidad\/","og_site_name":"LabRobot","article_publisher":"https:\/\/www.facebook.com\/labrobotproductsab","article_modified_time":"2024-10-08T08:56:34+00:00","og_image":[{"url":"https:\/\/labrobot.com\/wp-content\/uploads\/2022\/12\/1.-ISO-dilucup.jpg","type":"","width":"","height":""}],"twitter_card":"summary_large_image","twitter_misc":{"Tiempo de lectura":"1 minuto"},"schema":{"@context":"https:\/\/schema.org","@graph":[{"@type":"WebPage","@id":"https:\/\/labrobot.com\/es\/calidad\/","url":"https:\/\/labrobot.com\/es\/calidad\/","name":"ISO 6887-1:2017 diluciones en serie | Vasos de diluci\u00f3n listos para usar","isPartOf":{"@id":"https:\/\/labrobot.com\/#website"},"primaryImageOfPage":{"@id":"https:\/\/labrobot.com\/es\/calidad\/#primaryimage"},"image":{"@id":"https:\/\/labrobot.com\/es\/calidad\/#primaryimage"},"thumbnailUrl":"https:\/\/labrobot.com\/wp-content\/uploads\/2022\/12\/1.-ISO-dilucup.jpg","datePublished":"2021-01-14T09:22:15+00:00","dateModified":"2024-10-08T08:56:34+00:00","description":"El Sistema Dilucup cumple con los requisitos de la norma ISO 6887-1:2017. Dilucup Elegance, junto con los agitadores, se someten a rigurosas pruebas de calidad.","breadcrumb":{"@id":"https:\/\/labrobot.com\/es\/calidad\/#breadcrumb"},"inLanguage":"es","potentialAction":[{"@type":"ReadAction","target":["https:\/\/labrobot.com\/es\/calidad\/"]}]},{"@type":"ImageObject","inLanguage":"es","@id":"https:\/\/labrobot.com\/es\/calidad\/#primaryimage","url":"https:\/\/labrobot.com\/wp-content\/uploads\/2022\/12\/1.-ISO-dilucup.jpg","contentUrl":"https:\/\/labrobot.com\/wp-content\/uploads\/2022\/12\/1.-ISO-dilucup.jpg"},{"@type":"BreadcrumbList","@id":"https:\/\/labrobot.com\/es\/calidad\/#breadcrumb","itemListElement":[{"@type":"ListItem","position":1,"name":"Home","item":"https:\/\/labrobot.com\/es\/"},{"@type":"ListItem","position":2,"name":"Calidad"}]},{"@type":"WebSite","@id":"https:\/\/labrobot.com\/#website","url":"https:\/\/labrobot.com\/","name":"LabRobot","description":"Easy quick ergonomic serial dilution method","publisher":{"@id":"https:\/\/labrobot.com\/#organization"},"potentialAction":[{"@type":"SearchAction","target":{"@type":"EntryPoint","urlTemplate":"https:\/\/labrobot.com\/?s={search_term_string}"},"query-input":{"@type":"PropertyValueSpecification","valueRequired":true,"valueName":"search_term_string"}}],"inLanguage":"es"},{"@type":"Organization","@id":"https:\/\/labrobot.com\/#organization","name":"LabRobot Products AB","url":"https:\/\/labrobot.com\/","logo":{"@type":"ImageObject","inLanguage":"es","@id":"https:\/\/labrobot.com\/#\/schema\/logo\/image\/","url":"https:\/\/labrobot.com\/wp-content\/uploads\/2018\/12\/LabRobot_LOGO_signatur.jpg","contentUrl":"https:\/\/labrobot.com\/wp-content\/uploads\/2018\/12\/LabRobot_LOGO_signatur.jpg","width":200,"height":54,"caption":"LabRobot Products AB"},"image":{"@id":"https:\/\/labrobot.com\/#\/schema\/logo\/image\/"},"sameAs":["https:\/\/www.facebook.com\/labrobotproductsab","https:\/\/www.linkedin.com\/company\/labrobot-products-ab\/","https:\/\/www.youtube.com\/channel\/UCHGyF_OHfxI1No9ahbU-agQ"]}]}},"_links":{"self":[{"href":"https:\/\/labrobot.com\/es\/wp-json\/wp\/v2\/pages\/10228","targetHints":{"allow":["GET"]}}],"collection":[{"href":"https:\/\/labrobot.com\/es\/wp-json\/wp\/v2\/pages"}],"about":[{"href":"https:\/\/labrobot.com\/es\/wp-json\/wp\/v2\/types\/page"}],"author":[{"embeddable":true,"href":"https:\/\/labrobot.com\/es\/wp-json\/wp\/v2\/users\/243"}],"replies":[{"embeddable":true,"href":"https:\/\/labrobot.com\/es\/wp-json\/wp\/v2\/comments?post=10228"}],"version-history":[{"count":0,"href":"https:\/\/labrobot.com\/es\/wp-json\/wp\/v2\/pages\/10228\/revisions"}],"wp:attachment":[{"href":"https:\/\/labrobot.com\/es\/wp-json\/wp\/v2\/media?parent=10228"}],"curies":[{"name":"wp","href":"https:\/\/api.w.org\/{rel}","templated":true}]}}